{"id":8026,"date":"2020-12-07T16:52:39","date_gmt":"2020-12-07T15:52:39","guid":{"rendered":"https:\/\/www.tourisme-valdemarne.com\/espace-pro\/inscription-aux-rencontres-du-tourisme-2021"},"modified":"2021-11-09T08:47:16","modified_gmt":"2021-11-09T07:47:16","slug":"inscription-aux-rencontres-du-tourisme-2021","status":"publish","type":"page","link":"https:\/\/www.tourisme-valdemarne.com\/espace-pro\/qui-sommes-nous\/rencontres-du-tourisme\/rencontres-du-tourisme-2021\/inscription-aux-rencontres-du-tourisme-2021\/","title":{"rendered":"Inscription aux Rencontres du Tourisme 2021"},"content":{"rendered":"\n<p class=\"is-style-excerpt\">Inscrivez-vous d\u00e8s \u00e0 pr\u00e9sent, gr\u00e2ce au formulaire ci-dessous, aux Rencontres du Tourisme en Val-de-Marne, qui auront lieu le <strong>mercredi 27 janvier 2021, de 9h30 \u00e0 11h30 en visio-conf\u00e9rence<\/strong>.<\/p>\n\n\n\n<h2 class=\"has-text-align-center wp-block-heading\">\u00ab\u00a0Dans la crise, inventons des r\u00e9ponses et construisons ensemble ces possibles\u00a0\u00bb<\/h2>\n\n\n\n<p class=\"is-style-default\"><br>Le lien pour suivre la visio-conf\u00e9rence vous sera adress\u00e9 par mail quelques jours avant la rencontre.<\/p>\n\n\n\n<div class=\"wp-block-buttons aligncenter is-layout-flex wp-block-buttons-is-layout-flex\">\n<div class=\"wp-block-button aligncenter\"><a class=\"wp-block-button__link\" href=\"#programme\">Programme<\/a><\/div>\n<\/div>\n\n\n\n<h3 class=\"wp-block-heading\">Inscriptions<\/h3>\n\n\n\n<div class=\"wpcf7 no-js\" id=\"wpcf7-f8369-o1\" lang=\"fr-FR\" dir=\"ltr\" data-wpcf7-id=\"8369\">\n<div class=\"screen-reader-response\"><p role=\"status\" aria-live=\"polite\" aria-atomic=\"true\"><\/p> <ul><\/ul><\/div>\n<form action=\"\/espace-pro\/wp-json\/wp\/v2\/pages\/8026#wpcf7-f8369-o1\" method=\"post\" class=\"wpcf7-form init\" aria-label=\"Formulaire de contact\" novalidate=\"novalidate\" data-status=\"init\">\n<div style=\"display: none;\">\n<input type=\"hidden\" name=\"_wpcf7\" value=\"8369\" \/>\n<input type=\"hidden\" name=\"_wpcf7_version\" value=\"6.0\" \/>\n<input type=\"hidden\" name=\"_wpcf7_locale\" value=\"fr_FR\" \/>\n<input type=\"hidden\" name=\"_wpcf7_unit_tag\" value=\"wpcf7-f8369-o1\" \/>\n<input type=\"hidden\" name=\"_wpcf7_container_post\" value=\"0\" \/>\n<input type=\"hidden\" name=\"_wpcf7_posted_data_hash\" value=\"\" \/>\n<input type=\"hidden\" name=\"_wpcf7dtx_version\" value=\"5.0.1\" \/>\n<\/div>\n<style scoped=\"scoped\" type=\"text\/css\">\nspan.wpcf7-list-item {\n display: inline-block;\n margin: 0 1em 0 0;\n}\n<\/style>\n<div class=\"form\">\n\t<div class=\"formGroupContainer clear\">\n\t\t<div class=\"formGroup--50\">\n\t\t\t<p><label>Pr\u00e9nom <span class=\"required\">*<\/span> : <\/label><br \/>\n<span class=\"wpcf7-form-control-wrap\" data-name=\"prenom\"><input size=\"40\" maxlength=\"400\" class=\"wpcf7-form-control wpcf7-text wpcf7-validates-as-required\" aria-required=\"true\" aria-invalid=\"false\" value=\"\" type=\"text\" name=\"prenom\" \/><\/span>\n\t\t\t<\/p>\n\t\t<\/div>\n\t\t<div class=\"formGroup--50\">\n\t\t\t<p><label>Nom <span class=\"required\">*<\/span> : <\/label><br \/>\n<span class=\"wpcf7-form-control-wrap\" data-name=\"nom\"><input size=\"40\" maxlength=\"400\" class=\"wpcf7-form-control wpcf7-text wpcf7-validates-as-required\" aria-required=\"true\" aria-invalid=\"false\" value=\"\" type=\"text\" name=\"nom\" \/><\/span>\n\t\t\t<\/p>\n\t\t<\/div>\n\t<\/div>\n\t<div class=\"formGroupContainer clear\">\n\t\t<p><label>Structure : <\/label><br \/>\n<span class=\"wpcf7-form-control-wrap\" data-name=\"structure\"><input size=\"40\" maxlength=\"400\" class=\"wpcf7-form-control wpcf7-text\" aria-invalid=\"false\" value=\"\" type=\"text\" name=\"structure\" \/><\/span>\n\t\t<\/p>\n\t<\/div>\n\t<div class=\"formGroupContainer clear\">\n\t\t<p><label>Fonction : <\/label><br \/>\n<span class=\"wpcf7-form-control-wrap\" data-name=\"fonction\"><input size=\"40\" maxlength=\"400\" class=\"wpcf7-form-control wpcf7-text\" aria-invalid=\"false\" value=\"\" type=\"text\" name=\"fonction\" \/><\/span>\n\t\t<\/p>\n\t<\/div>\n\t<div class=\"formGroupContainer clear\">\n\t\t<p><label>Email <span class=\"required\">*<\/span> : <\/label><br \/>\n<span class=\"wpcf7-form-control-wrap\" data-name=\"email\"><input size=\"40\" maxlength=\"400\" class=\"wpcf7-form-control wpcf7-email wpcf7-validates-as-required wpcf7-text wpcf7-validates-as-email\" aria-required=\"true\" aria-invalid=\"false\" value=\"\" type=\"email\" name=\"email\" \/><\/span>\n\t\t<\/p>\n\t<\/div>\n\t<div class=\"formGroupContainer clear\" style=\"margin-top : 0.5em;\">\n\t\t<p><span class=\"wpcf7-form-control-wrap\" data-name=\"assistera\"><span class=\"wpcf7-form-control wpcf7-radio\"><span class=\"wpcf7-list-item first\"><input type=\"radio\" name=\"assistera\" value=\"Assistera aux Rencontres\" checked=\"checked\" \/><span class=\"wpcf7-list-item-label\">Assistera aux Rencontres<\/span><\/span><span class=\"wpcf7-list-item last\"><input type=\"radio\" name=\"assistera\" value=\"N\u2019assistera pas aux rencontres\" \/><span class=\"wpcf7-list-item-label\">N\u2019assistera pas aux rencontres<\/span><\/span><\/span><\/span>\n\t\t<\/p>\n\t<\/div>\n\t<p><b>Sera accompagn\u00e9(e) de : <\/b>\n\t<\/p>\n\t<div class=\"formGroupContainer clear\">\n\t\t<div class=\"formGroup--50\">\n\t\t\t<p><label>Pr\u00e9nom : <\/label><br \/>\n<span class=\"wpcf7-form-control-wrap\" data-name=\"prenomac\"><input size=\"40\" maxlength=\"400\" class=\"wpcf7-form-control wpcf7-text\" aria-invalid=\"false\" value=\"\" type=\"text\" name=\"prenomac\" \/><\/span>\n\t\t\t<\/p>\n\t\t<\/div>\n\t\t<div class=\"formGroup--50\">\n\t\t\t<p><label>Nom : <\/label><br \/>\n<span class=\"wpcf7-form-control-wrap\" data-name=\"nomac\"><input size=\"40\" maxlength=\"400\" class=\"wpcf7-form-control wpcf7-text\" aria-invalid=\"false\" value=\"\" type=\"text\" name=\"nomac\" \/><\/span>\n\t\t\t<\/p>\n\t\t<\/div>\n\t<\/div>\n\t<div class=\"formGroupContainer clear\">\n\t\t<p><label>Fonction : <\/label><br \/>\n<span class=\"wpcf7-form-control-wrap\" data-name=\"fonctionac\"><input size=\"40\" maxlength=\"400\" class=\"wpcf7-form-control wpcf7-text\" aria-invalid=\"false\" value=\"\" type=\"text\" name=\"fonctionac\" \/><\/span>\n\t\t<\/p>\n\t<\/div>\n\t<div class=\"formGroupContainer clear\">\n\t\t<p><label>Email : <\/label><br \/>\n<span class=\"wpcf7-form-control-wrap\" data-name=\"emailac\"><input size=\"40\" maxlength=\"400\" class=\"wpcf7-form-control wpcf7-email wpcf7-text wpcf7-validates-as-email\" aria-invalid=\"false\" value=\"\" type=\"email\" name=\"emailac\" \/><\/span>\n\t\t<\/p>\n\t<\/div>\n\t<div class=\"formGroup\">\n\t\t<p><input class=\"wpcf7-form-control wpcf7-submit has-spinner button\" type=\"submit\" value=\"Envoyer\" \/>\n\t\t<\/p>\n\t<\/div>\n\t<div class=\"formGroup\">\n\t\t<p>Les informations recueillies sur ce formulaire sont enregistr\u00e9es dans un fichier informatis\u00e9 par le Comit\u00e9 D\u00e9partemental du Tourisme du Val-de-Marne pour la gestion des demandes de contact. Elles sont conserv\u00e9es pendant trois ans maximum et sont destin\u00e9es au service commercial ou technique uniquement pour r\u00e9pondre \u00e0 vos demandes. Pour plus d'informations, veuillez lire notre <a href=\"https:\/\/www.tourisme-valdemarne.com\/rgpd-charte-de-confidentialite\/\">Politique de confidentialit\u00e9<\/a>.\n\t\t<\/p>\n\t<\/div>\n<\/div><div class=\"wpcf7-response-output\" aria-hidden=\"true\"><\/div>\n<\/form>\n<\/div>\n\n\n\n\n<h3 class=\"wp-block-heading\" id=\"programme\">Programme<\/h3>\n\n\n\n<h4 class=\"wp-block-heading\"><strong>9H15 : Accueil<\/strong><\/h4>\n\n\n\n<h4 class=\"wp-block-heading\"><strong>9H30 : Ouverture<\/strong> &nbsp;<\/h4>\n\n\n\n<p><strong>Christian FAVIER<\/strong>, Pr\u00e9sident du Conseil d\u00e9partemental du Val-de-Marne<\/p>\n\n\n\n<h4 class=\"wp-block-heading\"><strong>9H45 : S\u00e9quence 1 &#8211; La crise : situations, mouvements, miroir<\/strong> &nbsp;<\/h4>\n\n\n\n<p><em>&nbsp; &nbsp; &nbsp; &nbsp; \u2022 Radioscopie du Val de Marne<\/em>&nbsp;<\/p>\n\n\n\n<p>&#8211; <strong>Camille CHOWAH<\/strong>, Charg\u00e9e de mission culture et veille touristique, CDT 94<\/p>\n\n\n\n<p><em>&nbsp; &nbsp; &nbsp; &nbsp; \u2022 Regards<\/em><\/p>\n\n\n\n<p>&#8211; <strong>Karima BELKHIR<\/strong>, Responsable entit\u00e9 services aux passagers, et <strong>Nadine CASIMIR<\/strong>, Responsable P\u00f4le exp\u00e9rience client &#8211; A\u00e9roport de Paris-Orly<\/p>\n\n\n\n<p>&#8211; <strong>Christophe ARIETANO<\/strong>, Pr\u00e9sident du Club H\u00f4telier du Val-de-Marne (CHRO) et directeur de l\u2019h\u00f4tel Comfort Orly Rungis<\/p>\n\n\n\n<p>&#8211; <strong>Amar ABER<\/strong>, Directeur de l\u2019Exploradome &#8211; Association Savoir Apprendre<\/p>\n\n\n\n<p>&nbsp; &nbsp; &nbsp; &nbsp;<em> \u2022 Ensemble<\/em><\/p>\n\n\n\n<p>&#8211; <strong>Fran\u00e7ois ROBLOT<\/strong>, Directeur-adjoint de Val-de-Marne Tourisme &amp; Loisirs<\/p>\n\n\n\n<p>&nbsp; &nbsp; &nbsp;&nbsp;<em> &nbsp;\u2022 Echanges avec la salle<\/em><\/p>\n\n\n\n<h4 class=\"wp-block-heading\"><strong>10H30 : S\u00e9quence 2 &#8211; L\u2019issue : ces possibles&nbsp;<\/strong><\/h4>\n\n\n\n<p>&nbsp; &nbsp; &nbsp; &nbsp; \u2022<em> Regard d\u2019expert<\/em><\/p>\n\n\n\n<p>&#8211; <strong>Saskia COUSIN<\/strong>, Anthropologue, ma\u00eetresse de conf\u00e9rences \u00e0 l&rsquo;Universit\u00e9 de Paris,<\/p>\n\n\n\n<p>&nbsp; &nbsp; &nbsp; &nbsp;&nbsp;<em>\u2022 Ces possibles<\/em><\/p>\n\n\n\n<p>&#8211; <strong>Ivan DENAT<\/strong>, Guide<\/p>\n\n\n\n<p>&#8211; <strong>Corinne MENEGAUX<\/strong>, Directrice g\u00e9n\u00e9rale de l\u2019Office du Tourisme et des Congr\u00e8s de Paris<\/p>\n\n\n\n<p>&#8211; <strong>Emmanuelle TISSOT<\/strong>, ANCV directrice r\u00e9gionale d\u00e9l\u00e9gu\u00e9e Grands-Comptes et Ile de France<\/p>\n\n\n\n<p>&nbsp; &nbsp; &nbsp; &nbsp;&nbsp;<em>\u2022 Ensemble<\/em><\/p>\n\n\n\n<p>&#8211; <strong>H\u00e9l\u00e8ne SALLET-LAVOREL<\/strong>, Directrice de Val-de-Marne Tourisme &amp; Loisirs<\/p>\n\n\n\n<p>&nbsp; &nbsp; &nbsp; &nbsp;<em> \u2022 Echanges avec la salle<\/em><\/p>\n\n\n\n<h4 class=\"wp-block-heading\"><strong>11H15 : Conclusion &nbsp;<\/strong><\/h4>\n\n\n\n<p><strong>Gilles SAINT-GAL<\/strong>, Vice-pr\u00e9sident du Conseil d\u00e9partemental, Pr\u00e9sident de Val-de-Marne Tourisme &amp; Loisirs<\/p>\n\n\n\n<h4 class=\"wp-block-heading\"><strong>11H30 : Cl\u00f4ture<\/strong><\/h4>\n\n\n\n<p class=\"has-text-align-center\"><em>Les Rencontres seront anim\u00e9es par Eric Fabre, consultant.<\/em><\/p>\n","protected":false},"excerpt":{"rendered":"<p>Inscrivez-vous d\u00e8s \u00e0 pr\u00e9sent, gr\u00e2ce au formulaire ci-dessous, aux Rencontres du Tourisme en Val-de-Marne, qui auront lieu le mercredi 27 janvier 2021, de 9h30 \u00e0 11h30 en visio-conf\u00e9rence. \u00ab\u00a0Dans la crise, inventons des r\u00e9ponses et construisons ensemble ces possibles\u00a0\u00bb Le lien pour suivre la visio-conf\u00e9rence vous sera adress\u00e9 par mail quelques jours avant la rencontre. [&hellip;]<\/p>\n","protected":false},"author":8,"featured_media":0,"parent":8022,"menu_order":0,"comment_status":"closed","ping_status":"closed","template":"","meta":{"_relevanssi_hide_post":"","_relevanssi_hide_content":"","_relevanssi_pin_for_all":"","_relevanssi_pin_keywords":"","_relevanssi_unpin_keywords":"","_relevanssi_related_keywords":"","_relevanssi_related_include_ids":"","_relevanssi_related_exclude_ids":"","_relevanssi_related_no_append":"","_relevanssi_related_not_related":"","_relevanssi_related_posts":"2741,2749,442,2745,8090,8104","_relevanssi_noindex_reason":"","footnotes":""},"vdmTagMarketing":[],"class_list":["post-8026","page","type-page","status-publish","hentry"],"acf":[],"yoast_head":"<!-- This site is optimized with the Yoast SEO plugin v23.9 - https:\/\/yoast.com\/wordpress\/plugins\/seo\/ -->\n<title>Inscription aux Rencontres du Tourisme 2021 - Espace Pro<\/title>\n<meta name=\"description\" content=\"Inscrivez-vous aux prochaines Rencontres du Tourisme en Val-de-Marne qui auront lieu en visio-conf\u00e9rence le 27 janvier 2021.\" \/>\n<meta name=\"robots\" content=\"index, follow, max-snippet:-1, max-image-preview:large, max-video-preview:-1\" \/>\n<link rel=\"canonical\" href=\"https:\/\/www.tourisme-valdemarne.com\/espace-pro\/qui-sommes-nous\/rencontres-du-tourisme\/rencontres-du-tourisme-2021\/inscription-aux-rencontres-du-tourisme-2021\/\" \/>\n<meta property=\"og:locale\" content=\"fr_FR\" \/>\n<meta property=\"og:type\" content=\"article\" \/>\n<meta property=\"og:title\" content=\"Inscription aux Rencontres du Tourisme 2021 - Espace Pro\" \/>\n<meta property=\"og:description\" content=\"Inscrivez-vous aux prochaines Rencontres du Tourisme en Val-de-Marne qui auront lieu en visio-conf\u00e9rence le 27 janvier 2021.\" \/>\n<meta property=\"og:url\" content=\"https:\/\/www.tourisme-valdemarne.com\/espace-pro\/qui-sommes-nous\/rencontres-du-tourisme\/rencontres-du-tourisme-2021\/inscription-aux-rencontres-du-tourisme-2021\/\" \/>\n<meta property=\"og:site_name\" content=\"Espace Pro\" \/>\n<meta property=\"article:modified_time\" content=\"2021-11-09T07:47:16+00:00\" \/>\n<meta name=\"twitter:card\" content=\"summary_large_image\" \/>\n<meta name=\"twitter:label1\" content=\"Dur\u00e9e de lecture estim\u00e9e\" \/>\n\t<meta name=\"twitter:data1\" content=\"2 minutes\" \/>\n<script type=\"application\/ld+json\" class=\"yoast-schema-graph\">{\"@context\":\"https:\/\/schema.org\",\"@graph\":[{\"@type\":\"WebPage\",\"@id\":\"https:\/\/www.tourisme-valdemarne.com\/espace-pro\/qui-sommes-nous\/rencontres-du-tourisme\/rencontres-du-tourisme-2021\/inscription-aux-rencontres-du-tourisme-2021\/\",\"url\":\"https:\/\/www.tourisme-valdemarne.com\/espace-pro\/qui-sommes-nous\/rencontres-du-tourisme\/rencontres-du-tourisme-2021\/inscription-aux-rencontres-du-tourisme-2021\/\",\"name\":\"Inscription aux Rencontres du Tourisme 2021 - Espace Pro\",\"isPartOf\":{\"@id\":\"https:\/\/www.tourisme-valdemarne.com\/espace-pro\/#website\"},\"datePublished\":\"2020-12-07T15:52:39+00:00\",\"dateModified\":\"2021-11-09T07:47:16+00:00\",\"description\":\"Inscrivez-vous aux prochaines Rencontres du Tourisme en Val-de-Marne qui auront lieu en visio-conf\u00e9rence le 27 janvier 2021.\",\"breadcrumb\":{\"@id\":\"https:\/\/www.tourisme-valdemarne.com\/espace-pro\/qui-sommes-nous\/rencontres-du-tourisme\/rencontres-du-tourisme-2021\/inscription-aux-rencontres-du-tourisme-2021\/#breadcrumb\"},\"inLanguage\":\"fr-FR\",\"potentialAction\":[{\"@type\":\"ReadAction\",\"target\":[\"https:\/\/www.tourisme-valdemarne.com\/espace-pro\/qui-sommes-nous\/rencontres-du-tourisme\/rencontres-du-tourisme-2021\/inscription-aux-rencontres-du-tourisme-2021\/\"]}]},{\"@type\":\"BreadcrumbList\",\"@id\":\"https:\/\/www.tourisme-valdemarne.com\/espace-pro\/qui-sommes-nous\/rencontres-du-tourisme\/rencontres-du-tourisme-2021\/inscription-aux-rencontres-du-tourisme-2021\/#breadcrumb\",\"itemListElement\":[{\"@type\":\"ListItem\",\"position\":1,\"name\":\"Accueil\",\"item\":\"https:\/\/www.tourisme-valdemarne.com\/espace-pro\/\"},{\"@type\":\"ListItem\",\"position\":2,\"name\":\"Qui sommes-nous ?\",\"item\":\"https:\/\/www.tourisme-valdemarne.com\/espace-pro\/qui-sommes-nous\/\"},{\"@type\":\"ListItem\",\"position\":3,\"name\":\"Rencontres du tourisme\",\"item\":\"https:\/\/www.tourisme-valdemarne.com\/espace-pro\/qui-sommes-nous\/rencontres-du-tourisme\/\"},{\"@type\":\"ListItem\",\"position\":4,\"name\":\"Rencontres du Tourisme 2021\",\"item\":\"https:\/\/www.tourisme-valdemarne.com\/espace-pro\/qui-sommes-nous\/rencontres-du-tourisme\/rencontres-du-tourisme-2021\/\"},{\"@type\":\"ListItem\",\"position\":5,\"name\":\"Inscription aux Rencontres du Tourisme 2021\"}]},{\"@type\":\"WebSite\",\"@id\":\"https:\/\/www.tourisme-valdemarne.com\/espace-pro\/#website\",\"url\":\"https:\/\/www.tourisme-valdemarne.com\/espace-pro\/\",\"name\":\"Espace Pro\",\"description\":\"Informations et outils pour les professionnels et la Presse\",\"potentialAction\":[{\"@type\":\"SearchAction\",\"target\":{\"@type\":\"EntryPoint\",\"urlTemplate\":\"https:\/\/www.tourisme-valdemarne.com\/espace-pro\/?s={search_term_string}\"},\"query-input\":{\"@type\":\"PropertyValueSpecification\",\"valueRequired\":true,\"valueName\":\"search_term_string\"}}],\"inLanguage\":\"fr-FR\"}]}<\/script>\n<!-- \/ Yoast SEO plugin. -->","yoast_head_json":{"title":"Inscription aux Rencontres du Tourisme 2021 - Espace Pro","description":"Inscrivez-vous aux prochaines Rencontres du Tourisme en Val-de-Marne qui auront lieu en visio-conf\u00e9rence le 27 janvier 2021.","robots":{"index":"index","follow":"follow","max-snippet":"max-snippet:-1","max-image-preview":"max-image-preview:large","max-video-preview":"max-video-preview:-1"},"canonical":"https:\/\/www.tourisme-valdemarne.com\/espace-pro\/qui-sommes-nous\/rencontres-du-tourisme\/rencontres-du-tourisme-2021\/inscription-aux-rencontres-du-tourisme-2021\/","og_locale":"fr_FR","og_type":"article","og_title":"Inscription aux Rencontres du Tourisme 2021 - Espace Pro","og_description":"Inscrivez-vous aux prochaines Rencontres du Tourisme en Val-de-Marne qui auront lieu en visio-conf\u00e9rence le 27 janvier 2021.","og_url":"https:\/\/www.tourisme-valdemarne.com\/espace-pro\/qui-sommes-nous\/rencontres-du-tourisme\/rencontres-du-tourisme-2021\/inscription-aux-rencontres-du-tourisme-2021\/","og_site_name":"Espace Pro","article_modified_time":"2021-11-09T07:47:16+00:00","twitter_card":"summary_large_image","twitter_misc":{"Dur\u00e9e de lecture estim\u00e9e":"2 minutes"},"schema":{"@context":"https:\/\/schema.org","@graph":[{"@type":"WebPage","@id":"https:\/\/www.tourisme-valdemarne.com\/espace-pro\/qui-sommes-nous\/rencontres-du-tourisme\/rencontres-du-tourisme-2021\/inscription-aux-rencontres-du-tourisme-2021\/","url":"https:\/\/www.tourisme-valdemarne.com\/espace-pro\/qui-sommes-nous\/rencontres-du-tourisme\/rencontres-du-tourisme-2021\/inscription-aux-rencontres-du-tourisme-2021\/","name":"Inscription aux Rencontres du Tourisme 2021 - Espace Pro","isPartOf":{"@id":"https:\/\/www.tourisme-valdemarne.com\/espace-pro\/#website"},"datePublished":"2020-12-07T15:52:39+00:00","dateModified":"2021-11-09T07:47:16+00:00","description":"Inscrivez-vous aux prochaines Rencontres du Tourisme en Val-de-Marne qui auront lieu en visio-conf\u00e9rence le 27 janvier 2021.","breadcrumb":{"@id":"https:\/\/www.tourisme-valdemarne.com\/espace-pro\/qui-sommes-nous\/rencontres-du-tourisme\/rencontres-du-tourisme-2021\/inscription-aux-rencontres-du-tourisme-2021\/#breadcrumb"},"inLanguage":"fr-FR","potentialAction":[{"@type":"ReadAction","target":["https:\/\/www.tourisme-valdemarne.com\/espace-pro\/qui-sommes-nous\/rencontres-du-tourisme\/rencontres-du-tourisme-2021\/inscription-aux-rencontres-du-tourisme-2021\/"]}]},{"@type":"BreadcrumbList","@id":"https:\/\/www.tourisme-valdemarne.com\/espace-pro\/qui-sommes-nous\/rencontres-du-tourisme\/rencontres-du-tourisme-2021\/inscription-aux-rencontres-du-tourisme-2021\/#breadcrumb","itemListElement":[{"@type":"ListItem","position":1,"name":"Accueil","item":"https:\/\/www.tourisme-valdemarne.com\/espace-pro\/"},{"@type":"ListItem","position":2,"name":"Qui sommes-nous ?","item":"https:\/\/www.tourisme-valdemarne.com\/espace-pro\/qui-sommes-nous\/"},{"@type":"ListItem","position":3,"name":"Rencontres du tourisme","item":"https:\/\/www.tourisme-valdemarne.com\/espace-pro\/qui-sommes-nous\/rencontres-du-tourisme\/"},{"@type":"ListItem","position":4,"name":"Rencontres du Tourisme 2021","item":"https:\/\/www.tourisme-valdemarne.com\/espace-pro\/qui-sommes-nous\/rencontres-du-tourisme\/rencontres-du-tourisme-2021\/"},{"@type":"ListItem","position":5,"name":"Inscription aux Rencontres du Tourisme 2021"}]},{"@type":"WebSite","@id":"https:\/\/www.tourisme-valdemarne.com\/espace-pro\/#website","url":"https:\/\/www.tourisme-valdemarne.com\/espace-pro\/","name":"Espace Pro","description":"Informations et outils pour les professionnels et la Presse","potentialAction":[{"@type":"SearchAction","target":{"@type":"EntryPoint","urlTemplate":"https:\/\/www.tourisme-valdemarne.com\/espace-pro\/?s={search_term_string}"},"query-input":{"@type":"PropertyValueSpecification","valueRequired":true,"valueName":"search_term_string"}}],"inLanguage":"fr-FR"}]}},"_links":{"self":[{"href":"https:\/\/www.tourisme-valdemarne.com\/espace-pro\/wp-json\/wp\/v2\/pages\/8026","targetHints":{"allow":["GET"]}}],"collection":[{"href":"https:\/\/www.tourisme-valdemarne.com\/espace-pro\/wp-json\/wp\/v2\/pages"}],"about":[{"href":"https:\/\/www.tourisme-valdemarne.com\/espace-pro\/wp-json\/wp\/v2\/types\/page"}],"author":[{"embeddable":true,"href":"https:\/\/www.tourisme-valdemarne.com\/espace-pro\/wp-json\/wp\/v2\/users\/8"}],"replies":[{"embeddable":true,"href":"https:\/\/www.tourisme-valdemarne.com\/espace-pro\/wp-json\/wp\/v2\/comments?post=8026"}],"version-history":[{"count":13,"href":"https:\/\/www.tourisme-valdemarne.com\/espace-pro\/wp-json\/wp\/v2\/pages\/8026\/revisions"}],"predecessor-version":[{"id":11385,"href":"https:\/\/www.tourisme-valdemarne.com\/espace-pro\/wp-json\/wp\/v2\/pages\/8026\/revisions\/11385"}],"up":[{"embeddable":true,"href":"https:\/\/www.tourisme-valdemarne.com\/espace-pro\/wp-json\/wp\/v2\/pages\/8022"}],"wp:attachment":[{"href":"https:\/\/www.tourisme-valdemarne.com\/espace-pro\/wp-json\/wp\/v2\/media?parent=8026"}],"wp:term":[{"taxonomy":"vdmTagMarketing","embeddable":true,"href":"https:\/\/www.tourisme-valdemarne.com\/espace-pro\/wp-json\/wp\/v2\/vdmTagMarketing?post=8026"}],"curies":[{"name":"wp","href":"https:\/\/api.w.org\/{rel}","templated":true}]}}