{"id":8022,"date":"2020-12-07T16:48:59","date_gmt":"2020-12-07T15:48:59","guid":{"rendered":"https:\/\/www.tourisme-valdemarne.com\/espace-pro\/rencontres-du-tourisme-2021"},"modified":"2025-03-11T17:28:29","modified_gmt":"2025-03-11T16:28:29","slug":"rencontres-du-tourisme-2021","status":"publish","type":"page","link":"https:\/\/www.tourisme-valdemarne.com\/espace-pro\/qui-sommes-nous\/rencontres-du-tourisme\/rencontres-du-tourisme-2021\/","title":{"rendered":"Rencontres du Tourisme 2021"},"content":{"rendered":"\n<p class=\"is-style-excerpt\">Les Rencontres du Tourisme 2021 en Val-de-Marne ont eu lieu le 27 janvier 2021, de 9h30 \u00e0 11h30 sous forme de visio-conf\u00e9rence, du fait de la crise sanitaire de la Covid-19.<\/p>\n\n\n\n<h2 class=\"wp-block-heading has-text-align-center\">Dans la crise, inventons des r\u00e9ponses et construisons ensemble ces possibles<\/h2>\n\n\n\n<h3 class=\"wp-block-heading\">Revoir l&rsquo;int\u00e9gralit\u00e9 des Rencontres 2021<\/h3>\n\n\n\n<p>Les Rencontres du Tourisme en Val-de-Marne 2021 sont <strong>\u00e0 revoir dans leur int\u00e9gralit\u00e9<\/strong> dans la vid\u00e9o ci-dessous. <\/p>\n\n\n<p><iframe loading=\"lazy\" width=\"100%\" height=\"450\" src=\"https:\/\/www.youtube.com\/embed\/L5ya4Qcuo2E?start=366\" frameborder=\"0\" allow=\"accelerometer; autoplay; clipboard-write; encrypted-media; gyroscope; picture-in-picture\" allowfullscreen=\"\"><\/iframe><\/p>\n\n\n\n<div class=\"wp-block-buttons is-content-justification-center is-layout-flex wp-container-core-buttons-is-layout-1 wp-block-buttons-is-layout-flex\">\n<div class=\"wp-block-button\"><a class=\"wp-block-button__link wp-element-button\" href=\"https:\/\/www.youtube.com\/watch?t=364&amp;v=L5ya4Qcuo2E&amp;feature=youtu.be\" target=\"_blank\" rel=\"noreferrer noopener\">Voir depuis Youtube et acc\u00e9der aux chapitres<\/a><\/div>\n<\/div>\n\n\n\n<p class=\"has-text-align-center\"><em>Depuis YouTube, acc\u00e9dez \u00e0 la description de la vid\u00e9o pour obtenir le chapitrage des Rencontres et ainsi s\u00e9lectionner le moment qui vous int\u00e9resse.<\/em><\/p>\n\n\n\n<h3 class=\"wp-block-heading\">La pr\u00e9sentation Powerpoint des Rencontres<\/h3>\n\n\n\n<p>Consultez ou t\u00e9l\u00e9chargez le <strong>powerpoint qui a \u00e9t\u00e9 pr\u00e9sent\u00e9 durant les Rencontres du Tourisme 2021<\/strong> ci dessous :<\/p>\n\n\n\n<div class=\"wp-block-buttons is-content-justification-center is-layout-flex wp-container-core-buttons-is-layout-2 wp-block-buttons-is-layout-flex\">\n<div class=\"wp-block-button\"><a class=\"wp-block-button__link wp-element-button\" href=\"https:\/\/www.tourisme-valdemarne.com\/espace-pro\/wp-content\/uploads\/sites\/3\/2021\/01\/rencontres-du-tourisme_presentation.pdf\" target=\"_blank\" rel=\"noreferrer noopener\">Voir le powerpoint des rencontres<\/a><\/div>\n<\/div>\n\n\n\n<h3 class=\"wp-block-heading\">Le programme de l&rsquo;\u00e9dition 2021<\/h3>\n\n\n\n<p>Pour cette \u00e9dition, le programme \u00e9tait le suivant :<\/p>\n\n\n\n<h4 class=\"wp-block-heading\"><strong>9H15 : Accueil<\/strong><\/h4>\n\n\n\n<h4 class=\"wp-block-heading\"><strong>9H30 : Ouverture<\/strong>&nbsp;&nbsp;<\/h4>\n\n\n\n<p><strong>Christian FAVIER<\/strong>, Pr\u00e9sident du Conseil d\u00e9partemental du Val-de-Marne<\/p>\n\n\n\n<h4 class=\"wp-block-heading\"><strong>9H45 : S\u00e9quence 1 \u2013 La crise : situations, mouvements, miroir<\/strong>&nbsp;&nbsp;<\/h4>\n\n\n\n<p><em>&nbsp; &nbsp; &nbsp; &nbsp; \u2022 Radioscopie du Val de Marne<\/em>&nbsp;<\/p>\n\n\n\n<p>\u2013&nbsp;<strong>Camille CHOWAH<\/strong>, Charg\u00e9e de mission culture et veille touristique, CDT 94<\/p>\n\n\n\n<p><em>&nbsp; &nbsp; &nbsp; &nbsp; \u2022 Regards<\/em><\/p>\n\n\n\n<p>\u2013&nbsp;<strong>Karima BELKHIR<\/strong>, Responsable entit\u00e9 services aux passagers, et&nbsp;<strong>Nadine CASIMIR<\/strong>, Responsable P\u00f4le exp\u00e9rience client \u2013 A\u00e9roport de Paris-Orly<\/p>\n\n\n\n<p>\u2013&nbsp;<strong>Christophe ARIETANO<\/strong>, Pr\u00e9sident du Club H\u00f4telier du Val-de-Marne (CHRO) et directeur de l\u2019h\u00f4tel Comfort Orly Rungis<\/p>\n\n\n\n<p>\u2013&nbsp;<strong>Amar ABER<\/strong>, Directeur de l\u2019Exploradome \u2013 Association Savoir Apprendre<\/p>\n\n\n\n<p>&nbsp; &nbsp; &nbsp; &nbsp;<em>&nbsp;\u2022 Ensemble<\/em><\/p>\n\n\n\n<p>\u2013&nbsp;<strong>Fran\u00e7ois ROBLOT<\/strong>, Directeur-adjoint de Val-de-Marne Tourisme &amp; Loisirs<\/p>\n\n\n\n<p>&nbsp; &nbsp; &nbsp;&nbsp;<em>&nbsp;&nbsp;\u2022 Echanges avec la salle<\/em><\/p>\n\n\n\n<h4 class=\"wp-block-heading\"><strong>10H30 : S\u00e9quence 2 \u2013 L\u2019issue : ces possibles&nbsp;<\/strong><\/h4>\n\n\n\n<p>&nbsp; &nbsp; &nbsp; &nbsp; \u2022<em>&nbsp;Regard d\u2019expert<\/em><\/p>\n\n\n\n<p>\u2013&nbsp;<strong>Saskia COUSIN<\/strong>, Anthropologue, ma\u00eetresse de conf\u00e9rences \u00e0 l\u2019Universit\u00e9 de Paris,<\/p>\n\n\n\n<p>&nbsp; &nbsp; &nbsp; &nbsp;&nbsp;<em>\u2022 Ces possibles<\/em><\/p>\n\n\n\n<p>\u2013&nbsp;<strong>Ivan DENAT<\/strong>, Guide<\/p>\n\n\n\n<p>\u2013&nbsp;<strong>Corinne MENEGAUX<\/strong>, Directrice g\u00e9n\u00e9rale de l\u2019Office du Tourisme et des Congr\u00e8s de Paris<\/p>\n\n\n\n<p>\u2013&nbsp;<strong>Emmanuelle TISSOT<\/strong>, ANCV directrice r\u00e9gionale d\u00e9l\u00e9gu\u00e9e Grands-Comptes et Ile de France<\/p>\n\n\n\n<p>&nbsp; &nbsp; &nbsp; &nbsp;&nbsp;<em>\u2022 Ensemble<\/em><\/p>\n\n\n\n<p>\u2013&nbsp;<strong>H\u00e9l\u00e8ne SALLET-LAVOREL<\/strong>, Directrice de Val-de-Marne Tourisme &amp; Loisirs<\/p>\n\n\n\n<p>&nbsp; &nbsp; &nbsp; &nbsp;<em>&nbsp;\u2022 Echanges avec la salle<\/em><\/p>\n\n\n\n<h4 class=\"wp-block-heading\"><strong>11H15 : Conclusion &nbsp;<\/strong><\/h4>\n\n\n\n<p><strong>Gilles SAINT-GAL<\/strong>, Vice-pr\u00e9sident du Conseil d\u00e9partemental, Pr\u00e9sident de Val-de-Marne Tourisme &amp; Loisirs<\/p>\n\n\n\n<h4 class=\"wp-block-heading\"><strong>11H30 : Cl\u00f4ture<\/strong><\/h4>\n\n\n\n<p class=\"has-text-align-center\"><em>Les Rencontres \u00e9taient anim\u00e9es par Eric Fabre, consultant.<\/em><\/p>\n\n\n\n<p class=\"is-style-highlight\">D\u00e9couvrez les diff\u00e9rents programmes des <a href=\"https:\/\/www.tourisme-valdemarne.com\/espace-pro\/qui-sommes-nous\/rencontres-du-tourisme\/\" target=\"_blank\" rel=\"noreferrer noopener\" aria-label=\"pr\u00e9c\u00e9dentes \u00e9ditions des Rencontres du Tourisme en Val-de-Marne (s\u2019ouvre dans un nouvel onglet)\">pr\u00e9c\u00e9dentes \u00e9ditions des Rencontres du Tourisme en Val-de-Marne<\/a>.<\/p>\n","protected":false},"excerpt":{"rendered":"<p>Les Rencontres du Tourisme 2021 en Val-de-Marne ont eu lieu le 27 janvier 2021, de 9h30 \u00e0 11h30 sous forme de visio-conf\u00e9rence, du fait de la crise sanitaire de la Covid-19. Dans la crise, inventons des r\u00e9ponses et construisons ensemble ces possibles Revoir l&rsquo;int\u00e9gralit\u00e9 des Rencontres 2021 Les Rencontres du Tourisme en Val-de-Marne 2021 sont [&hellip;]<\/p>\n","protected":false},"author":8,"featured_media":7997,"parent":89,"menu_order":2,"comment_status":"closed","ping_status":"closed","template":"","meta":{"_relevanssi_hide_post":"","_relevanssi_hide_content":"","_relevanssi_pin_for_all":"","_relevanssi_pin_keywords":"","_relevanssi_unpin_keywords":"","_relevanssi_related_keywords":"","_relevanssi_related_include_ids":"","_relevanssi_related_exclude_ids":"","_relevanssi_related_no_append":"","_relevanssi_related_not_related":"","_relevanssi_related_posts":"2741,2749,2745,8090,8104,8108","_relevanssi_noindex_reason":"","footnotes":""},"vdmTagMarketing":[],"class_list":["post-8022","page","type-page","status-publish","has-post-thumbnail","hentry"],"acf":[],"yoast_head":"<!-- This site is optimized with the Yoast SEO plugin v23.9 - https:\/\/yoast.com\/wordpress\/plugins\/seo\/ -->\n<title>Rencontres du Tourisme 2021 - Espace Pro<\/title>\n<meta name=\"description\" content=\"Assistez aux prochaines Rencontres du Tourisme du Val-de-Marne le 27 janvier 2021, de 9h30 \u00e0 12h30, en visio-conf\u00e9rence. Inscrivez-vous !\" \/>\n<meta name=\"robots\" content=\"index, follow, max-snippet:-1, max-image-preview:large, max-video-preview:-1\" \/>\n<link rel=\"canonical\" href=\"https:\/\/www.tourisme-valdemarne.com\/espace-pro\/qui-sommes-nous\/rencontres-du-tourisme\/rencontres-du-tourisme-2021\/\" \/>\n<meta property=\"og:locale\" content=\"fr_FR\" \/>\n<meta property=\"og:type\" content=\"article\" \/>\n<meta property=\"og:title\" content=\"Rencontres du Tourisme 2021 - Espace Pro\" \/>\n<meta property=\"og:description\" content=\"Assistez aux prochaines Rencontres du Tourisme du Val-de-Marne le 27 janvier 2021, de 9h30 \u00e0 12h30, en visio-conf\u00e9rence. Inscrivez-vous !\" \/>\n<meta property=\"og:url\" content=\"https:\/\/www.tourisme-valdemarne.com\/espace-pro\/qui-sommes-nous\/rencontres-du-tourisme\/rencontres-du-tourisme-2021\/\" \/>\n<meta property=\"og:site_name\" content=\"Espace Pro\" \/>\n<meta property=\"article:modified_time\" content=\"2025-03-11T16:28:29+00:00\" \/>\n<meta property=\"og:image\" content=\"https:\/\/www.tourisme-valdemarne.com\/espace-pro\/wp-content\/uploads\/sites\/3\/2020\/12\/visites-virtuelles-explore-paris-copyright-buro-millenials-pexels.jpg\" \/>\n\t<meta property=\"og:image:width\" content=\"1920\" \/>\n\t<meta property=\"og:image:height\" content=\"1281\" \/>\n\t<meta property=\"og:image:type\" content=\"image\/jpeg\" \/>\n<meta name=\"twitter:card\" content=\"summary_large_image\" \/>\n<meta name=\"twitter:label1\" content=\"Dur\u00e9e de lecture estim\u00e9e\" \/>\n\t<meta name=\"twitter:data1\" content=\"2 minutes\" \/>\n<script type=\"application\/ld+json\" class=\"yoast-schema-graph\">{\"@context\":\"https:\/\/schema.org\",\"@graph\":[{\"@type\":\"WebPage\",\"@id\":\"https:\/\/www.tourisme-valdemarne.com\/espace-pro\/qui-sommes-nous\/rencontres-du-tourisme\/rencontres-du-tourisme-2021\/\",\"url\":\"https:\/\/www.tourisme-valdemarne.com\/espace-pro\/qui-sommes-nous\/rencontres-du-tourisme\/rencontres-du-tourisme-2021\/\",\"name\":\"Rencontres du Tourisme 2021 - Espace Pro\",\"isPartOf\":{\"@id\":\"https:\/\/www.tourisme-valdemarne.com\/espace-pro\/#website\"},\"primaryImageOfPage\":{\"@id\":\"https:\/\/www.tourisme-valdemarne.com\/espace-pro\/qui-sommes-nous\/rencontres-du-tourisme\/rencontres-du-tourisme-2021\/#primaryimage\"},\"image\":{\"@id\":\"https:\/\/www.tourisme-valdemarne.com\/espace-pro\/qui-sommes-nous\/rencontres-du-tourisme\/rencontres-du-tourisme-2021\/#primaryimage\"},\"thumbnailUrl\":\"https:\/\/www.tourisme-valdemarne.com\/espace-pro\/wp-content\/uploads\/sites\/3\/2020\/12\/visites-virtuelles-explore-paris-copyright-buro-millenials-pexels.jpg\",\"datePublished\":\"2020-12-07T15:48:59+00:00\",\"dateModified\":\"2025-03-11T16:28:29+00:00\",\"description\":\"Assistez aux prochaines Rencontres du Tourisme du Val-de-Marne le 27 janvier 2021, de 9h30 \u00e0 12h30, en visio-conf\u00e9rence. Inscrivez-vous !\",\"breadcrumb\":{\"@id\":\"https:\/\/www.tourisme-valdemarne.com\/espace-pro\/qui-sommes-nous\/rencontres-du-tourisme\/rencontres-du-tourisme-2021\/#breadcrumb\"},\"inLanguage\":\"fr-FR\",\"potentialAction\":[{\"@type\":\"ReadAction\",\"target\":[\"https:\/\/www.tourisme-valdemarne.com\/espace-pro\/qui-sommes-nous\/rencontres-du-tourisme\/rencontres-du-tourisme-2021\/\"]}]},{\"@type\":\"ImageObject\",\"inLanguage\":\"fr-FR\",\"@id\":\"https:\/\/www.tourisme-valdemarne.com\/espace-pro\/qui-sommes-nous\/rencontres-du-tourisme\/rencontres-du-tourisme-2021\/#primaryimage\",\"url\":\"https:\/\/www.tourisme-valdemarne.com\/espace-pro\/wp-content\/uploads\/sites\/3\/2020\/12\/visites-virtuelles-explore-paris-copyright-buro-millenials-pexels.jpg\",\"contentUrl\":\"https:\/\/www.tourisme-valdemarne.com\/espace-pro\/wp-content\/uploads\/sites\/3\/2020\/12\/visites-virtuelles-explore-paris-copyright-buro-millenials-pexels.jpg\",\"width\":1920,\"height\":1281,\"caption\":\"Les visites virtuelles sur Explore Paris \u00a9Buro Millenials\/Pexels\"},{\"@type\":\"BreadcrumbList\",\"@id\":\"https:\/\/www.tourisme-valdemarne.com\/espace-pro\/qui-sommes-nous\/rencontres-du-tourisme\/rencontres-du-tourisme-2021\/#breadcrumb\",\"itemListElement\":[{\"@type\":\"ListItem\",\"position\":1,\"name\":\"Accueil\",\"item\":\"https:\/\/www.tourisme-valdemarne.com\/espace-pro\/\"},{\"@type\":\"ListItem\",\"position\":2,\"name\":\"Qui sommes-nous ?\",\"item\":\"https:\/\/www.tourisme-valdemarne.com\/espace-pro\/qui-sommes-nous\/\"},{\"@type\":\"ListItem\",\"position\":3,\"name\":\"Rencontres du tourisme\",\"item\":\"https:\/\/www.tourisme-valdemarne.com\/espace-pro\/qui-sommes-nous\/rencontres-du-tourisme\/\"},{\"@type\":\"ListItem\",\"position\":4,\"name\":\"Rencontres du Tourisme 2021\"}]},{\"@type\":\"WebSite\",\"@id\":\"https:\/\/www.tourisme-valdemarne.com\/espace-pro\/#website\",\"url\":\"https:\/\/www.tourisme-valdemarne.com\/espace-pro\/\",\"name\":\"Espace Pro\",\"description\":\"Informations et outils pour les professionnels et la Presse\",\"potentialAction\":[{\"@type\":\"SearchAction\",\"target\":{\"@type\":\"EntryPoint\",\"urlTemplate\":\"https:\/\/www.tourisme-valdemarne.com\/espace-pro\/?s={search_term_string}\"},\"query-input\":{\"@type\":\"PropertyValueSpecification\",\"valueRequired\":true,\"valueName\":\"search_term_string\"}}],\"inLanguage\":\"fr-FR\"}]}<\/script>\n<!-- \/ Yoast SEO plugin. -->","yoast_head_json":{"title":"Rencontres du Tourisme 2021 - Espace Pro","description":"Assistez aux prochaines Rencontres du Tourisme du Val-de-Marne le 27 janvier 2021, de 9h30 \u00e0 12h30, en visio-conf\u00e9rence. Inscrivez-vous !","robots":{"index":"index","follow":"follow","max-snippet":"max-snippet:-1","max-image-preview":"max-image-preview:large","max-video-preview":"max-video-preview:-1"},"canonical":"https:\/\/www.tourisme-valdemarne.com\/espace-pro\/qui-sommes-nous\/rencontres-du-tourisme\/rencontres-du-tourisme-2021\/","og_locale":"fr_FR","og_type":"article","og_title":"Rencontres du Tourisme 2021 - Espace Pro","og_description":"Assistez aux prochaines Rencontres du Tourisme du Val-de-Marne le 27 janvier 2021, de 9h30 \u00e0 12h30, en visio-conf\u00e9rence. Inscrivez-vous !","og_url":"https:\/\/www.tourisme-valdemarne.com\/espace-pro\/qui-sommes-nous\/rencontres-du-tourisme\/rencontres-du-tourisme-2021\/","og_site_name":"Espace Pro","article_modified_time":"2025-03-11T16:28:29+00:00","og_image":[{"width":1920,"height":1281,"url":"https:\/\/www.tourisme-valdemarne.com\/espace-pro\/wp-content\/uploads\/sites\/3\/2020\/12\/visites-virtuelles-explore-paris-copyright-buro-millenials-pexels.jpg","type":"image\/jpeg"}],"twitter_card":"summary_large_image","twitter_misc":{"Dur\u00e9e de lecture estim\u00e9e":"2 minutes"},"schema":{"@context":"https:\/\/schema.org","@graph":[{"@type":"WebPage","@id":"https:\/\/www.tourisme-valdemarne.com\/espace-pro\/qui-sommes-nous\/rencontres-du-tourisme\/rencontres-du-tourisme-2021\/","url":"https:\/\/www.tourisme-valdemarne.com\/espace-pro\/qui-sommes-nous\/rencontres-du-tourisme\/rencontres-du-tourisme-2021\/","name":"Rencontres du Tourisme 2021 - Espace Pro","isPartOf":{"@id":"https:\/\/www.tourisme-valdemarne.com\/espace-pro\/#website"},"primaryImageOfPage":{"@id":"https:\/\/www.tourisme-valdemarne.com\/espace-pro\/qui-sommes-nous\/rencontres-du-tourisme\/rencontres-du-tourisme-2021\/#primaryimage"},"image":{"@id":"https:\/\/www.tourisme-valdemarne.com\/espace-pro\/qui-sommes-nous\/rencontres-du-tourisme\/rencontres-du-tourisme-2021\/#primaryimage"},"thumbnailUrl":"https:\/\/www.tourisme-valdemarne.com\/espace-pro\/wp-content\/uploads\/sites\/3\/2020\/12\/visites-virtuelles-explore-paris-copyright-buro-millenials-pexels.jpg","datePublished":"2020-12-07T15:48:59+00:00","dateModified":"2025-03-11T16:28:29+00:00","description":"Assistez aux prochaines Rencontres du Tourisme du Val-de-Marne le 27 janvier 2021, de 9h30 \u00e0 12h30, en visio-conf\u00e9rence. Inscrivez-vous !","breadcrumb":{"@id":"https:\/\/www.tourisme-valdemarne.com\/espace-pro\/qui-sommes-nous\/rencontres-du-tourisme\/rencontres-du-tourisme-2021\/#breadcrumb"},"inLanguage":"fr-FR","potentialAction":[{"@type":"ReadAction","target":["https:\/\/www.tourisme-valdemarne.com\/espace-pro\/qui-sommes-nous\/rencontres-du-tourisme\/rencontres-du-tourisme-2021\/"]}]},{"@type":"ImageObject","inLanguage":"fr-FR","@id":"https:\/\/www.tourisme-valdemarne.com\/espace-pro\/qui-sommes-nous\/rencontres-du-tourisme\/rencontres-du-tourisme-2021\/#primaryimage","url":"https:\/\/www.tourisme-valdemarne.com\/espace-pro\/wp-content\/uploads\/sites\/3\/2020\/12\/visites-virtuelles-explore-paris-copyright-buro-millenials-pexels.jpg","contentUrl":"https:\/\/www.tourisme-valdemarne.com\/espace-pro\/wp-content\/uploads\/sites\/3\/2020\/12\/visites-virtuelles-explore-paris-copyright-buro-millenials-pexels.jpg","width":1920,"height":1281,"caption":"Les visites virtuelles sur Explore Paris \u00a9Buro Millenials\/Pexels"},{"@type":"BreadcrumbList","@id":"https:\/\/www.tourisme-valdemarne.com\/espace-pro\/qui-sommes-nous\/rencontres-du-tourisme\/rencontres-du-tourisme-2021\/#breadcrumb","itemListElement":[{"@type":"ListItem","position":1,"name":"Accueil","item":"https:\/\/www.tourisme-valdemarne.com\/espace-pro\/"},{"@type":"ListItem","position":2,"name":"Qui sommes-nous ?","item":"https:\/\/www.tourisme-valdemarne.com\/espace-pro\/qui-sommes-nous\/"},{"@type":"ListItem","position":3,"name":"Rencontres du tourisme","item":"https:\/\/www.tourisme-valdemarne.com\/espace-pro\/qui-sommes-nous\/rencontres-du-tourisme\/"},{"@type":"ListItem","position":4,"name":"Rencontres du Tourisme 2021"}]},{"@type":"WebSite","@id":"https:\/\/www.tourisme-valdemarne.com\/espace-pro\/#website","url":"https:\/\/www.tourisme-valdemarne.com\/espace-pro\/","name":"Espace Pro","description":"Informations et outils pour les professionnels et la Presse","potentialAction":[{"@type":"SearchAction","target":{"@type":"EntryPoint","urlTemplate":"https:\/\/www.tourisme-valdemarne.com\/espace-pro\/?s={search_term_string}"},"query-input":{"@type":"PropertyValueSpecification","valueRequired":true,"valueName":"search_term_string"}}],"inLanguage":"fr-FR"}]}},"_links":{"self":[{"href":"https:\/\/www.tourisme-valdemarne.com\/espace-pro\/wp-json\/wp\/v2\/pages\/8022","targetHints":{"allow":["GET"]}}],"collection":[{"href":"https:\/\/www.tourisme-valdemarne.com\/espace-pro\/wp-json\/wp\/v2\/pages"}],"about":[{"href":"https:\/\/www.tourisme-valdemarne.com\/espace-pro\/wp-json\/wp\/v2\/types\/page"}],"author":[{"embeddable":true,"href":"https:\/\/www.tourisme-valdemarne.com\/espace-pro\/wp-json\/wp\/v2\/users\/8"}],"replies":[{"embeddable":true,"href":"https:\/\/www.tourisme-valdemarne.com\/espace-pro\/wp-json\/wp\/v2\/comments?post=8022"}],"version-history":[{"count":12,"href":"https:\/\/www.tourisme-valdemarne.com\/espace-pro\/wp-json\/wp\/v2\/pages\/8022\/revisions"}],"predecessor-version":[{"id":28803,"href":"https:\/\/www.tourisme-valdemarne.com\/espace-pro\/wp-json\/wp\/v2\/pages\/8022\/revisions\/28803"}],"up":[{"embeddable":true,"href":"https:\/\/www.tourisme-valdemarne.com\/espace-pro\/wp-json\/wp\/v2\/pages\/89"}],"wp:featuredmedia":[{"embeddable":true,"href":"https:\/\/www.tourisme-valdemarne.com\/espace-pro\/wp-json\/wp\/v2\/media\/7997"}],"wp:attachment":[{"href":"https:\/\/www.tourisme-valdemarne.com\/espace-pro\/wp-json\/wp\/v2\/media?parent=8022"}],"wp:term":[{"taxonomy":"vdmTagMarketing","embeddable":true,"href":"https:\/\/www.tourisme-valdemarne.com\/espace-pro\/wp-json\/wp\/v2\/vdmTagMarketing?post=8022"}],"curies":[{"name":"wp","href":"https:\/\/api.w.org\/{rel}","templated":true}]}}