{"id":7989,"date":"2020-12-07T14:41:13","date_gmt":"2020-12-07T13:41:13","guid":{"rendered":"https:\/\/www.tourisme-valdemarne.com\/espace-pro\/invitation-au-voyage-les-visites-guidees-virtuelles"},"modified":"2024-02-13T10:34:25","modified_gmt":"2024-02-13T09:34:25","slug":"invitation-au-voyage-les-visites-guidees-virtuelles","status":"publish","type":"page","link":"https:\/\/www.tourisme-valdemarne.com\/espace-pro\/presse\/actualites-et-communiques-de-presse\/communiques-de-presse-precedents\/invitation-au-voyage-les-visites-guidees-virtuelles\/","title":{"rendered":"Invitation au voyage : les visites guid\u00e9es virtuelles"},"content":{"rendered":"\n<p class=\"is-style-excerpt\">Se balader dans les rues de Paris, y voir les fr\u00e8res M\u00e9li\u00e8s d\u00e9couvrir le cin\u00e9ma, visiter l\u2019int\u00e9rieur des canaux ou entendre les cris oubli\u00e9s des camelots des quartiers populaires, admirer les tr\u00e9sors de l\u2019Art Nouveau ou de Le Corbusier, faire un tour dans \u00ab&nbsp;Little India&nbsp;\u00bb ou le \u00ab&nbsp;Paris russe&nbsp;\u00bb, devenir incollable sur le street art et surtout \u00e9changer en \u00ab&nbsp;live&nbsp;\u00bb&nbsp; avec un guide conf\u00e9rencier, c\u2019est l\u2019<strong>offre de visites virtuelles de la plateforme Explore Paris<\/strong>.<\/p>\n\n\n\n<h2 class=\"wp-block-heading\">Les visites virtuelles Explore Paris<\/h2>\n\n\n\n<figure class=\"wp-block-image\"><a href=\"https:\/\/www.tourisme-valdemarne.com\/espace-pro\/wp-content\/uploads\/sites\/3\/2020\/12\/logo-explore-paris.png\"><img width=\"600\" height=\"140\" data-src=\"https:\/\/www.tourisme-valdemarne.com\/espace-pro\/wp-content\/uploads\/sites\/3\/2020\/12\/logo-explore-paris.png\" alt=\"logo explore paris\" class=\"wp-image-8011\" srcset=\"https:\/\/www.tourisme-valdemarne.com\/espace-pro\/wp-content\/uploads\/sites\/3\/2020\/12\/logo-explore-paris.png 600w, https:\/\/www.tourisme-valdemarne.com\/espace-pro\/wp-content\/uploads\/sites\/3\/2020\/12\/logo-explore-paris-380x89.png 380w, https:\/\/www.tourisme-valdemarne.com\/espace-pro\/wp-content\/uploads\/sites\/3\/2020\/12\/logo-explore-paris-200x47.png 200w\" sizes=\"(max-width: 600px) 100vw, 600px\" \/><\/a><figcaption>Le logo d&rsquo;Explore Paris<\/figcaption><\/figure>\n\n\n\n<p><strong>Imagin\u00e9es lors du confinement de mars-avril 2020, les balades et visites virtuelles ont pris une part essentielle dans l\u2019univers des visites guid\u00e9es. Port\u00e9es par la plateforme Explore Paris, elles sont un soutien aux guides particuli\u00e8rement touch\u00e9s par la crise, et une nouvelle fa\u00e7on de montrer la m\u00e9tropole aux visiteurs du Grand Paris.<\/strong><\/p>\n\n\n\n<p class=\"is-style-highlight\">On parle de nos visites virtuelles !<br>D\u00e9couvrez les diff\u00e9rents articles de presse et magazines qui ont relay\u00e9 cette nouveaut\u00e9 sur notre boutique en ligne Explore Paris.<\/p>\n\n\n\n<h3 class=\"wp-block-heading\">Des visions in\u00e9dites, de nouveaux publics<\/h3>\n\n\n\n<p>Contraints de se r\u00e9inventer par les effets de la crise sanitaire, les guides de balades et visites ont mis en place une offre de visites virtuelles. Ces visites d\u2019un nouveau genre permettent de toucher d\u2019une part les personnes confin\u00e9es et donc interdites de rassemblement, mais aussi des publics g\u00e9ographiquement \u00e9loign\u00e9s en France o\u00f9 \u00e0 l\u2019\u00e9tranger&nbsp;; ou encore un public inapte \u00e0 la d\u00e9ambulation pour cause d\u2019handicap. La diversit\u00e9 des visites propos\u00e9es ouvre un large spectre pour d\u00e9couvrir ou red\u00e9couvrir le Grand Paris sous des angles souvent in\u00e9dits&nbsp;: celui du patrimoine insolite, du street art, de l\u2019architecture, des communaut\u00e9s, de l\u2019Egypte, des quartiers, de la femme, des mythes et l\u00e9gendes\u2026<strong> <\/strong><\/p>\n\n\n\n<h3 class=\"wp-block-heading\">Une interaction en direct avec les guides<\/h3>\n\n\n\n<p>Ces visites virtuelles sont interactives et anim\u00e9es en direct par des guides professionnels, gr\u00e2ce \u00e0 un outil de visioconf\u00e9rence simple d&rsquo;utilisation. Les participants sont invit\u00e9s \u00e0 r\u00e9agir et poser des questions au cours de la conf\u00e9rence. Ainsi le guide s\u2019adapte \u00e0 son public, permettant de cr\u00e9er une vraie rencontre et une exp\u00e9rience de la visite chaque fois diff\u00e9rente.<\/p>\n\n\n\n<h3 class=\"wp-block-heading\">Explore Paris, 1ere plateforme de visites guid\u00e9es virtuelles<\/h3>\n\n\n\n<p>La plateforme de vente de visites guid\u00e9es Explore Paris, g\u00e9r\u00e9e par Seine-Saint-Denis Tourisme et Val-de-Marne Tourisme &amp; loisirs propose depuis 2&nbsp; ans des visites hors des sentiers battus, tant par un \u00e9largissement g\u00e9ographique que par une pluralit\u00e9 de th\u00e8mes qui ouvre la destination Paris \u00e0 de nouveaux publics notamment celui de proximit\u00e9. Afin de palier la suspension de visites \u00ab&nbsp;physiques&nbsp;\u00bb Explore Paris a d\u00e9velopp\u00e9 la 1ere plateforme de visites virtuelles permettant aux guides de transposer leurs visites sous forme de conf\u00e9rence \u00e0 une date et \u00e0 une heure fixe permettant ainsi un \u00e9change entre le guide et les visiteurs.<\/p>\n\n\n\n<h3 class=\"wp-block-heading\">Le virtuel, soutien \u00e9conomique aux guides<\/h3>\n\n\n\n<p>La plupart des guides touristiques se retrouvent dans une position \u00e9conomique particuli\u00e8rement fragile. L\u2019impossibilit\u00e9 de pratiquer leur m\u00e9tier, l\u2019absence ou la quasi-absence de client\u00e8le internationale les laissent face \u00e0 un vide abyssal. Le d\u00e9veloppement de visites virtuelles payantes permet \u00e0 ces ind\u00e9pendants, associations et petites entreprises de conserver un lien avec leur activit\u00e9 et leur public et de d\u00e9gager de modestes revenus.<\/p>\n\n\n<p><iframe loading=\"lazy\" width=\"100%\" height=\"450\" src=\"https:\/\/www.youtube.com\/embed\/Q3kSc8UDbfI\" frameborder=\"0\" allow=\"accelerometer; autoplay; clipboard-write; encrypted-media; gyroscope; picture-in-picture\" allowfullscreen=\"\"><\/iframe><\/p>\n\n\n\n<p><strong><a href=\"https:\/\/www.tourisme-valdemarne.com\/espace-pro\/presse\/actualites-et-communiques-de-presse\/communiques-de-presse-precedents\/nouvelle-boutique-en-ligne-explore-paris\/\" target=\"_blank\" rel=\"noreferrer noopener\"><em>#ExploreParis<\/em><\/a><\/strong><em>\u00a0a \u00e9t\u00e9 cr\u00e9\u00e9 par les agences publiques de d\u00e9veloppement touristique Seine-Saint-Denis Tourisme et Val-de-Marne Tourisme &amp;\u00a0Loisirs, l\u2019Office\u00a0de tourisme et des Congr\u00e8s de Paris, le D\u00e9partement des Hauts-de-Seine, ainsi que la RATP, le Welcome City Lab, l\u2019IREST et Atout France.  <\/em><\/p>\n","protected":false},"excerpt":{"rendered":"<p>Se balader dans les rues de Paris, y voir les fr\u00e8res M\u00e9li\u00e8s d\u00e9couvrir le cin\u00e9ma, visiter l\u2019int\u00e9rieur des canaux ou entendre les cris oubli\u00e9s des camelots des quartiers populaires, admirer les tr\u00e9sors de l\u2019Art Nouveau ou de Le Corbusier, faire un tour dans \u00ab&nbsp;Little India&nbsp;\u00bb ou le \u00ab&nbsp;Paris russe&nbsp;\u00bb, devenir incollable sur le street art [&hellip;]<\/p>\n","protected":false},"author":9,"featured_media":7997,"parent":2883,"menu_order":176,"comment_status":"closed","ping_status":"closed","template":"","meta":{"_relevanssi_hide_post":"","_relevanssi_hide_content":"","_relevanssi_pin_for_all":"","_relevanssi_pin_keywords":"","_relevanssi_unpin_keywords":"","_relevanssi_related_keywords":"","_relevanssi_related_include_ids":"","_relevanssi_related_exclude_ids":"","_relevanssi_related_no_append":"","_relevanssi_related_not_related":"","_relevanssi_related_posts":"2749,8104,2747,2741,2745,2751","_relevanssi_noindex_reason":"","footnotes":""},"vdmTagMarketing":[],"class_list":["post-7989","page","type-page","status-publish","has-post-thumbnail","hentry"],"acf":[],"yoast_head":"<!-- This site is optimized with the Yoast SEO plugin v23.9 - https:\/\/yoast.com\/wordpress\/plugins\/seo\/ -->\n<title>Invitation au voyage : les visites guid\u00e9es virtuelles - Espace Pro<\/title>\n<meta name=\"description\" content=\"Lire le communiqu\u00e9 de presse concernant le visites guid\u00e9es virtuelles lanc\u00e9es sur la plateforme Explore Paris.\" \/>\n<meta name=\"robots\" content=\"index, follow, max-snippet:-1, max-image-preview:large, max-video-preview:-1\" \/>\n<link rel=\"canonical\" href=\"https:\/\/www.tourisme-valdemarne.com\/espace-pro\/presse\/actualites-et-communiques-de-presse\/communiques-de-presse-precedents\/invitation-au-voyage-les-visites-guidees-virtuelles\/\" \/>\n<meta property=\"og:locale\" content=\"fr_FR\" \/>\n<meta property=\"og:type\" content=\"article\" \/>\n<meta property=\"og:title\" content=\"Invitation au voyage : les visites guid\u00e9es virtuelles - Espace Pro\" \/>\n<meta property=\"og:description\" content=\"Lire le communiqu\u00e9 de presse concernant le visites guid\u00e9es virtuelles lanc\u00e9es sur la plateforme Explore Paris.\" \/>\n<meta property=\"og:url\" content=\"https:\/\/www.tourisme-valdemarne.com\/espace-pro\/presse\/actualites-et-communiques-de-presse\/communiques-de-presse-precedents\/invitation-au-voyage-les-visites-guidees-virtuelles\/\" \/>\n<meta property=\"og:site_name\" content=\"Espace Pro\" \/>\n<meta property=\"article:modified_time\" content=\"2024-02-13T09:34:25+00:00\" \/>\n<meta property=\"og:image\" content=\"https:\/\/www.tourisme-valdemarne.com\/espace-pro\/wp-content\/uploads\/sites\/3\/2020\/12\/visites-virtuelles-explore-paris-copyright-buro-millenials-pexels.jpg\" \/>\n\t<meta property=\"og:image:width\" content=\"1920\" \/>\n\t<meta property=\"og:image:height\" content=\"1281\" \/>\n\t<meta property=\"og:image:type\" content=\"image\/jpeg\" \/>\n<meta name=\"twitter:card\" content=\"summary_large_image\" \/>\n<meta name=\"twitter:label1\" content=\"Dur\u00e9e de lecture estim\u00e9e\" \/>\n\t<meta name=\"twitter:data1\" content=\"4 minutes\" \/>\n<script type=\"application\/ld+json\" class=\"yoast-schema-graph\">{\"@context\":\"https:\/\/schema.org\",\"@graph\":[{\"@type\":\"WebPage\",\"@id\":\"https:\/\/www.tourisme-valdemarne.com\/espace-pro\/presse\/actualites-et-communiques-de-presse\/communiques-de-presse-precedents\/invitation-au-voyage-les-visites-guidees-virtuelles\/\",\"url\":\"https:\/\/www.tourisme-valdemarne.com\/espace-pro\/presse\/actualites-et-communiques-de-presse\/communiques-de-presse-precedents\/invitation-au-voyage-les-visites-guidees-virtuelles\/\",\"name\":\"Invitation au voyage : les visites guid\u00e9es virtuelles - Espace Pro\",\"isPartOf\":{\"@id\":\"https:\/\/www.tourisme-valdemarne.com\/espace-pro\/#website\"},\"primaryImageOfPage\":{\"@id\":\"https:\/\/www.tourisme-valdemarne.com\/espace-pro\/presse\/actualites-et-communiques-de-presse\/communiques-de-presse-precedents\/invitation-au-voyage-les-visites-guidees-virtuelles\/#primaryimage\"},\"image\":{\"@id\":\"https:\/\/www.tourisme-valdemarne.com\/espace-pro\/presse\/actualites-et-communiques-de-presse\/communiques-de-presse-precedents\/invitation-au-voyage-les-visites-guidees-virtuelles\/#primaryimage\"},\"thumbnailUrl\":\"https:\/\/www.tourisme-valdemarne.com\/espace-pro\/wp-content\/uploads\/sites\/3\/2020\/12\/visites-virtuelles-explore-paris-copyright-buro-millenials-pexels.jpg\",\"datePublished\":\"2020-12-07T13:41:13+00:00\",\"dateModified\":\"2024-02-13T09:34:25+00:00\",\"description\":\"Lire le communiqu\u00e9 de presse concernant le visites guid\u00e9es virtuelles lanc\u00e9es sur la plateforme Explore Paris.\",\"breadcrumb\":{\"@id\":\"https:\/\/www.tourisme-valdemarne.com\/espace-pro\/presse\/actualites-et-communiques-de-presse\/communiques-de-presse-precedents\/invitation-au-voyage-les-visites-guidees-virtuelles\/#breadcrumb\"},\"inLanguage\":\"fr-FR\",\"potentialAction\":[{\"@type\":\"ReadAction\",\"target\":[\"https:\/\/www.tourisme-valdemarne.com\/espace-pro\/presse\/actualites-et-communiques-de-presse\/communiques-de-presse-precedents\/invitation-au-voyage-les-visites-guidees-virtuelles\/\"]}]},{\"@type\":\"ImageObject\",\"inLanguage\":\"fr-FR\",\"@id\":\"https:\/\/www.tourisme-valdemarne.com\/espace-pro\/presse\/actualites-et-communiques-de-presse\/communiques-de-presse-precedents\/invitation-au-voyage-les-visites-guidees-virtuelles\/#primaryimage\",\"url\":\"https:\/\/www.tourisme-valdemarne.com\/espace-pro\/wp-content\/uploads\/sites\/3\/2020\/12\/visites-virtuelles-explore-paris-copyright-buro-millenials-pexels.jpg\",\"contentUrl\":\"https:\/\/www.tourisme-valdemarne.com\/espace-pro\/wp-content\/uploads\/sites\/3\/2020\/12\/visites-virtuelles-explore-paris-copyright-buro-millenials-pexels.jpg\",\"width\":1920,\"height\":1281,\"caption\":\"Les visites virtuelles sur Explore Paris \u00a9Buro Millenials\/Pexels\"},{\"@type\":\"BreadcrumbList\",\"@id\":\"https:\/\/www.tourisme-valdemarne.com\/espace-pro\/presse\/actualites-et-communiques-de-presse\/communiques-de-presse-precedents\/invitation-au-voyage-les-visites-guidees-virtuelles\/#breadcrumb\",\"itemListElement\":[{\"@type\":\"ListItem\",\"position\":1,\"name\":\"Accueil\",\"item\":\"https:\/\/www.tourisme-valdemarne.com\/espace-pro\/\"},{\"@type\":\"ListItem\",\"position\":2,\"name\":\"Presse\",\"item\":\"https:\/\/www.tourisme-valdemarne.com\/espace-pro\/presse\/\"},{\"@type\":\"ListItem\",\"position\":3,\"name\":\"Actualit\u00e9s et communiqu\u00e9s de presse\",\"item\":\"https:\/\/www.tourisme-valdemarne.com\/espace-pro\/presse\/actualites-et-communiques-de-presse\/\"},{\"@type\":\"ListItem\",\"position\":4,\"name\":\"Communiqu\u00e9s de presse pr\u00e9c\u00e9dents\",\"item\":\"https:\/\/www.tourisme-valdemarne.com\/espace-pro\/presse\/actualites-et-communiques-de-presse\/communiques-de-presse-precedents\/\"},{\"@type\":\"ListItem\",\"position\":5,\"name\":\"Invitation au voyage : les visites guid\u00e9es virtuelles\"}]},{\"@type\":\"WebSite\",\"@id\":\"https:\/\/www.tourisme-valdemarne.com\/espace-pro\/#website\",\"url\":\"https:\/\/www.tourisme-valdemarne.com\/espace-pro\/\",\"name\":\"Espace Pro\",\"description\":\"Informations et outils pour les professionnels et la Presse\",\"potentialAction\":[{\"@type\":\"SearchAction\",\"target\":{\"@type\":\"EntryPoint\",\"urlTemplate\":\"https:\/\/www.tourisme-valdemarne.com\/espace-pro\/?s={search_term_string}\"},\"query-input\":{\"@type\":\"PropertyValueSpecification\",\"valueRequired\":true,\"valueName\":\"search_term_string\"}}],\"inLanguage\":\"fr-FR\"}]}<\/script>\n<!-- \/ Yoast SEO plugin. -->","yoast_head_json":{"title":"Invitation au voyage : les visites guid\u00e9es virtuelles - Espace Pro","description":"Lire le communiqu\u00e9 de presse concernant le visites guid\u00e9es virtuelles lanc\u00e9es sur la plateforme Explore Paris.","robots":{"index":"index","follow":"follow","max-snippet":"max-snippet:-1","max-image-preview":"max-image-preview:large","max-video-preview":"max-video-preview:-1"},"canonical":"https:\/\/www.tourisme-valdemarne.com\/espace-pro\/presse\/actualites-et-communiques-de-presse\/communiques-de-presse-precedents\/invitation-au-voyage-les-visites-guidees-virtuelles\/","og_locale":"fr_FR","og_type":"article","og_title":"Invitation au voyage : les visites guid\u00e9es virtuelles - Espace Pro","og_description":"Lire le communiqu\u00e9 de presse concernant le visites guid\u00e9es virtuelles lanc\u00e9es sur la plateforme Explore Paris.","og_url":"https:\/\/www.tourisme-valdemarne.com\/espace-pro\/presse\/actualites-et-communiques-de-presse\/communiques-de-presse-precedents\/invitation-au-voyage-les-visites-guidees-virtuelles\/","og_site_name":"Espace Pro","article_modified_time":"2024-02-13T09:34:25+00:00","og_image":[{"width":1920,"height":1281,"url":"https:\/\/www.tourisme-valdemarne.com\/espace-pro\/wp-content\/uploads\/sites\/3\/2020\/12\/visites-virtuelles-explore-paris-copyright-buro-millenials-pexels.jpg","type":"image\/jpeg"}],"twitter_card":"summary_large_image","twitter_misc":{"Dur\u00e9e de lecture estim\u00e9e":"4 minutes"},"schema":{"@context":"https:\/\/schema.org","@graph":[{"@type":"WebPage","@id":"https:\/\/www.tourisme-valdemarne.com\/espace-pro\/presse\/actualites-et-communiques-de-presse\/communiques-de-presse-precedents\/invitation-au-voyage-les-visites-guidees-virtuelles\/","url":"https:\/\/www.tourisme-valdemarne.com\/espace-pro\/presse\/actualites-et-communiques-de-presse\/communiques-de-presse-precedents\/invitation-au-voyage-les-visites-guidees-virtuelles\/","name":"Invitation au voyage : les visites guid\u00e9es virtuelles - Espace Pro","isPartOf":{"@id":"https:\/\/www.tourisme-valdemarne.com\/espace-pro\/#website"},"primaryImageOfPage":{"@id":"https:\/\/www.tourisme-valdemarne.com\/espace-pro\/presse\/actualites-et-communiques-de-presse\/communiques-de-presse-precedents\/invitation-au-voyage-les-visites-guidees-virtuelles\/#primaryimage"},"image":{"@id":"https:\/\/www.tourisme-valdemarne.com\/espace-pro\/presse\/actualites-et-communiques-de-presse\/communiques-de-presse-precedents\/invitation-au-voyage-les-visites-guidees-virtuelles\/#primaryimage"},"thumbnailUrl":"https:\/\/www.tourisme-valdemarne.com\/espace-pro\/wp-content\/uploads\/sites\/3\/2020\/12\/visites-virtuelles-explore-paris-copyright-buro-millenials-pexels.jpg","datePublished":"2020-12-07T13:41:13+00:00","dateModified":"2024-02-13T09:34:25+00:00","description":"Lire le communiqu\u00e9 de presse concernant le visites guid\u00e9es virtuelles lanc\u00e9es sur la plateforme Explore Paris.","breadcrumb":{"@id":"https:\/\/www.tourisme-valdemarne.com\/espace-pro\/presse\/actualites-et-communiques-de-presse\/communiques-de-presse-precedents\/invitation-au-voyage-les-visites-guidees-virtuelles\/#breadcrumb"},"inLanguage":"fr-FR","potentialAction":[{"@type":"ReadAction","target":["https:\/\/www.tourisme-valdemarne.com\/espace-pro\/presse\/actualites-et-communiques-de-presse\/communiques-de-presse-precedents\/invitation-au-voyage-les-visites-guidees-virtuelles\/"]}]},{"@type":"ImageObject","inLanguage":"fr-FR","@id":"https:\/\/www.tourisme-valdemarne.com\/espace-pro\/presse\/actualites-et-communiques-de-presse\/communiques-de-presse-precedents\/invitation-au-voyage-les-visites-guidees-virtuelles\/#primaryimage","url":"https:\/\/www.tourisme-valdemarne.com\/espace-pro\/wp-content\/uploads\/sites\/3\/2020\/12\/visites-virtuelles-explore-paris-copyright-buro-millenials-pexels.jpg","contentUrl":"https:\/\/www.tourisme-valdemarne.com\/espace-pro\/wp-content\/uploads\/sites\/3\/2020\/12\/visites-virtuelles-explore-paris-copyright-buro-millenials-pexels.jpg","width":1920,"height":1281,"caption":"Les visites virtuelles sur Explore Paris \u00a9Buro Millenials\/Pexels"},{"@type":"BreadcrumbList","@id":"https:\/\/www.tourisme-valdemarne.com\/espace-pro\/presse\/actualites-et-communiques-de-presse\/communiques-de-presse-precedents\/invitation-au-voyage-les-visites-guidees-virtuelles\/#breadcrumb","itemListElement":[{"@type":"ListItem","position":1,"name":"Accueil","item":"https:\/\/www.tourisme-valdemarne.com\/espace-pro\/"},{"@type":"ListItem","position":2,"name":"Presse","item":"https:\/\/www.tourisme-valdemarne.com\/espace-pro\/presse\/"},{"@type":"ListItem","position":3,"name":"Actualit\u00e9s et communiqu\u00e9s de presse","item":"https:\/\/www.tourisme-valdemarne.com\/espace-pro\/presse\/actualites-et-communiques-de-presse\/"},{"@type":"ListItem","position":4,"name":"Communiqu\u00e9s de presse pr\u00e9c\u00e9dents","item":"https:\/\/www.tourisme-valdemarne.com\/espace-pro\/presse\/actualites-et-communiques-de-presse\/communiques-de-presse-precedents\/"},{"@type":"ListItem","position":5,"name":"Invitation au voyage : les visites guid\u00e9es virtuelles"}]},{"@type":"WebSite","@id":"https:\/\/www.tourisme-valdemarne.com\/espace-pro\/#website","url":"https:\/\/www.tourisme-valdemarne.com\/espace-pro\/","name":"Espace Pro","description":"Informations et outils pour les professionnels et la Presse","potentialAction":[{"@type":"SearchAction","target":{"@type":"EntryPoint","urlTemplate":"https:\/\/www.tourisme-valdemarne.com\/espace-pro\/?s={search_term_string}"},"query-input":{"@type":"PropertyValueSpecification","valueRequired":true,"valueName":"search_term_string"}}],"inLanguage":"fr-FR"}]}},"_links":{"self":[{"href":"https:\/\/www.tourisme-valdemarne.com\/espace-pro\/wp-json\/wp\/v2\/pages\/7989","targetHints":{"allow":["GET"]}}],"collection":[{"href":"https:\/\/www.tourisme-valdemarne.com\/espace-pro\/wp-json\/wp\/v2\/pages"}],"about":[{"href":"https:\/\/www.tourisme-valdemarne.com\/espace-pro\/wp-json\/wp\/v2\/types\/page"}],"author":[{"embeddable":true,"href":"https:\/\/www.tourisme-valdemarne.com\/espace-pro\/wp-json\/wp\/v2\/users\/9"}],"replies":[{"embeddable":true,"href":"https:\/\/www.tourisme-valdemarne.com\/espace-pro\/wp-json\/wp\/v2\/comments?post=7989"}],"version-history":[{"count":29,"href":"https:\/\/www.tourisme-valdemarne.com\/espace-pro\/wp-json\/wp\/v2\/pages\/7989\/revisions"}],"predecessor-version":[{"id":26330,"href":"https:\/\/www.tourisme-valdemarne.com\/espace-pro\/wp-json\/wp\/v2\/pages\/7989\/revisions\/26330"}],"up":[{"embeddable":true,"href":"https:\/\/www.tourisme-valdemarne.com\/espace-pro\/wp-json\/wp\/v2\/pages\/2883"}],"wp:featuredmedia":[{"embeddable":true,"href":"https:\/\/www.tourisme-valdemarne.com\/espace-pro\/wp-json\/wp\/v2\/media\/7997"}],"wp:attachment":[{"href":"https:\/\/www.tourisme-valdemarne.com\/espace-pro\/wp-json\/wp\/v2\/media?parent=7989"}],"wp:term":[{"taxonomy":"vdmTagMarketing","embeddable":true,"href":"https:\/\/www.tourisme-valdemarne.com\/espace-pro\/wp-json\/wp\/v2\/vdmTagMarketing?post=7989"}],"curies":[{"name":"wp","href":"https:\/\/api.w.org\/{rel}","templated":true}]}}