{"id":64,"date":"2019-04-10T17:38:03","date_gmt":"2019-04-10T15:38:03","guid":{"rendered":"https:\/\/www.tourisme-valdemarne.com\/espace-pro\/contrat-de-destination-explore-paris"},"modified":"2024-10-08T15:34:33","modified_gmt":"2024-10-08T13:34:33","slug":"contrat-de-destination-explore-paris","status":"publish","type":"page","link":"https:\/\/www.tourisme-valdemarne.com\/espace-pro\/expertises-et-projets\/contrat-de-destination-explore-paris\/","title":{"rendered":"Contrat de destination Explore Paris"},"content":{"rendered":"\n<p class=\"is-style-excerpt\">Le Val-de-Marne fait partie int\u00e9grante de la destination \u00ab\u00a0Paris\u00a0\u00bb et signe un contrat de destination pour impulser de nouvelles formes de tourisme urbain, \u00e0 l&rsquo;\u00e9chelle de Paris et sa banlieue. <\/p>\n\n\n\n<h2 class=\"wp-block-heading\">Un contrat de destination \u00e0 l&rsquo;\u00e9chelle du Grand Paris, \u00ab\u00a0Destination Paris, la ville augment\u00e9e\u00a0\u00bb<\/h2>\n\n\n\n<p>L\u2019\u00c9tat a valid\u00e9 le contrat de destination \u00e9labor\u00e9 et propos\u00e9 par plusieurs acteurs du tourisme parisien et de la petite couronne, <strong>un nouvel outil au service de notre destination touristique<\/strong>, urbaine, contemporaine, vivante et multiforme. <\/p>\n\n\n\n<p>L\u2019Office du Tourisme et des Congr\u00e8s de Paris, les Comit\u00e9s d\u00e9partementaux des Hauts-de-Seine, de la Seine-Saint-Denis et du Val-de-Marne, la RATP, le Welcome City Lab, et l\u2019IREST (Universit\u00e9 Paris I) ont d\u00e9cid\u00e9 d\u2019unir leurs forces et les nombreux atouts de leurs territoires <strong>pour dynamiser la destination Paris et valoriser sa dimension urbaine.<\/strong><\/p>\n\n\n\n<p>Le dispositif des contrats de destination, mis en place par l\u2019\u00c9tat, constitue en cela un outil adapt\u00e9, visant la promotion de destinations d\u2019exception porteuses de valeurs et d\u2019identit\u00e9s fortes.<\/p>\n\n\n\n<div class=\"wp-block-image\"><figure class=\"aligncenter size-full\"><img width=\"520\" height=\"147\" data-src=\"https:\/\/www.tourisme-valdemarne.com\/espace-pro\/wp-content\/uploads\/sites\/3\/2023\/01\/logo_exploreparis_rvb_inst_fr.png\" alt=\"logo explore paris institutionnel\" class=\"wp-image-14030\" srcset=\"https:\/\/www.tourisme-valdemarne.com\/espace-pro\/wp-content\/uploads\/sites\/3\/2023\/01\/logo_exploreparis_rvb_inst_fr.png 520w, https:\/\/www.tourisme-valdemarne.com\/espace-pro\/wp-content\/uploads\/sites\/3\/2023\/01\/logo_exploreparis_rvb_inst_fr-380x107.png 380w, https:\/\/www.tourisme-valdemarne.com\/espace-pro\/wp-content\/uploads\/sites\/3\/2023\/01\/logo_exploreparis_rvb_inst_fr-200x57.png 200w\" sizes=\"(max-width: 520px) 100vw, 520px\" \/><\/figure><\/div>\n\n\n\n<h3 class=\"wp-block-heading\">Objectif : renouveler et dynamiser l\u2019image de la destination Paris tout en \u00e9largissant son p\u00e9rim\u00e8tre g\u00e9ographique.<\/h3>\n\n\n\n<p>L\u2019objectif de ce contrat est simple, m\u00eame si son propos est audacieux : <strong>renouveler et dynamiser l\u2019image de la destination Paris<\/strong> mais aussi <strong>\u00e9largir son p\u00e9rim\u00e8tre g\u00e9ographique<\/strong>, \u00e0 l\u2019\u00e9chelle du r\u00e9seau de transport m\u00e9tropolitain. <\/p>\n\n\n\n<p>Si Paris demeure sans conteste l\u2019une des premi\u00e8res destinations touristiques mondiales, les visiteurs jeunes et europ\u00e9ens n\u2019en demeurent pas moins des client\u00e8les prioritaires qu\u2019il faut \u00e0 nouveau s\u00e9duire et fid\u00e9liser. L\u2019image patrimoniale et intemporelle de la destination qui a fait sa force, doit \u00eatre compl\u00e9t\u00e9e et \u00e9largie \u00e0 une <strong>vision actuelle, moderne et innovante<\/strong>, insuffisamment per\u00e7ue.<\/p>\n\n\n\n<p>Les nouveaux territoires \u00e0 d\u00e9couvrir, les <strong>nouvelles offres touristiques \u00e0 d\u00e9velopper et \u00e0 exp\u00e9rimenter <\/strong>constituent les principaux enjeux de ce contrat.<\/p>\n\n\n\n<p>C\u2019est \u00e0 cette dynamique que les partenaires de ce contrat &#8211; et ceux qui souhaiteront les rejoindre &#8211; vont s\u2019attacher pour les 3 ans qui viennent, joignant leurs forces pour conduire les actions adapt\u00e9es au service du rayonnement touristique de la <strong>destination Paris, renouvel\u00e9e, contemporaine, insolite et \u00e0 la pointe de l\u2019innovation<\/strong> : la ville augment\u00e9e o\u00f9 s\u2019invente le 21e si\u00e8cle.<\/p>\n\n\n\n<p>La pr\u00e9sentation du contrat de destination \u00ab\u00a0Paris, ville augment\u00e9e\u00a0\u00bb aux professionnels et \u00e0 la presse a eu lieu le jeudi 4 f\u00e9vrier 2016 au mus\u00e9e national de l&rsquo;histoire de l&rsquo;immigration.<\/p>\n\n\n\n<p class=\"is-style-highlight\">D\u00e9couvrez le <strong><a href=\"https:\/\/www.tourisme-valdemarne.com\/espace-pro\/presse\/actualites-et-communiques-de-presse\/communiques-de-presse-precedents\/contrat-de-destination\/\">communiqu\u00e9 de presse sur le lancement du contrat de destination<\/a><\/strong>.<br>D\u00e9couvrez aussi le <a href=\"https:\/\/www.tourisme-valdemarne.com\/espace-pro\/presse\/actualites-et-communiques-de-presse\/renouvellement-du-contrat-de-destination-2022-2024\/\"><strong>communiqu\u00e9 de presse du renouvellement du contrat de destination 2022-2024<\/strong><\/a>.<\/p>\n\n\n\n<p><strong>Pour en savoir plus sur le contrat de destination Paris, ville augment\u00e9e :<\/strong><\/p>\n\n\n\n<ul class=\"wp-block-list\"><li><a rel=\"noreferrer noopener\" aria-label=\"consulter le contrat de destination &quot;Paris, la ville augment\u00e9e&quot; (s\u2019ouvre dans un nouvel onglet)\" href=\"https:\/\/www.tourisme-valdemarne.com\/espace-pro\/wp-content\/uploads\/sites\/3\/2019\/05\/projet-de-contrat-destination-paris_la-ville-augmentee.pdf\" target=\"_blank\">consulter le contrat de destination \u00ab\u00a0Paris, la ville augment\u00e9e\u00a0\u00bb<\/a><\/li><li><a rel=\"noreferrer noopener\" aria-label=\"consulter la fiche de synth\u00e8se (s\u2019ouvre dans un nouvel onglet)\" href=\"https:\/\/www.tourisme-valdemarne.com\/espace-pro\/wp-content\/uploads\/sites\/3\/2019\/05\/fiche-de-synthese-contrat-de-destination.pdf\" target=\"_blank\">consulter la fiche de synth\u00e8se<\/a><\/li><li>d\u00e9couvrir l&rsquo;<a rel=\"noreferrer noopener\" aria-label=\"entretien avec H\u00e9l\u00e8ne Sallet-Lavorel (s\u2019ouvre dans un nouvel onglet)\" href=\"https:\/\/journals.openedition.org\/teoros\/2799\" target=\"_blank\">entretien avec H\u00e9l\u00e8ne Sallet-Lavorel<\/a> sur \u00ab\u00a0le tourisme hors des sentiers battus\u00a0\u00bb pour la revue de recherche en tourisme T\u00e9oros<\/li><li>d\u00e9couvrir l&rsquo;<a href=\"https:\/\/www.tourisme-valdemarne.com\/espace-pro\/2019\/05\/27\/nicolas-lefebvre-sur-le-contrat-de-destination-et-le-tourisme-metropolitain\/\">interview de Nicolas Lef\u00e8bvre sur le tourisme m\u00e9tropolitain<\/a><\/li><li>consulter le <a rel=\"noreferrer noopener\" aria-label=\"site de l'AIGP (s\u2019ouvre dans un nouvel onglet)\" href=\"http:\/\/www.ateliergrandparis.fr\/tourisme\/\" target=\"_blank\">site de l&rsquo;AIGP<\/a> sur la mise en tourisme des territoires du Grand Paris<\/li><\/ul>\n\n\n\n<p class=\"is-style-highlight\">D\u00e9couvrez les <a href=\"https:\/\/www.tourisme-valdemarne.com\/espace-pro\/expertises-et-projets\/contrat-de-destination-explore-paris\/les-signataires-du-contrat-de-destination-exploreparis-la-ville-augmentee\/\"><strong>signataires du contrat de destination #ExploreParis<\/strong><\/a>.<\/p>\n\n\n\n<h2 class=\"wp-block-heading\">Naissance de la boutique ExploreParis<\/h2>\n\n\n\n<div class=\"wp-block-image\"><figure class=\"aligncenter size-full\"><img width=\"521\" height=\"148\" data-src=\"https:\/\/www.tourisme-valdemarne.com\/espace-pro\/wp-content\/uploads\/sites\/3\/2023\/01\/logo_exploreparis_rvb_comm.png\" alt=\"logo explore paris\" class=\"wp-image-14026\" srcset=\"https:\/\/www.tourisme-valdemarne.com\/espace-pro\/wp-content\/uploads\/sites\/3\/2023\/01\/logo_exploreparis_rvb_comm.png 521w, https:\/\/www.tourisme-valdemarne.com\/espace-pro\/wp-content\/uploads\/sites\/3\/2023\/01\/logo_exploreparis_rvb_comm-380x108.png 380w, https:\/\/www.tourisme-valdemarne.com\/espace-pro\/wp-content\/uploads\/sites\/3\/2023\/01\/logo_exploreparis_rvb_comm-200x57.png 200w\" sizes=\"(max-width: 521px) 100vw, 521px\" \/><\/figure><\/div>\n\n\n\n<h3 class=\"wp-block-heading\">La 1\u00e8re boutique en ligne proposant des offres de visites et loisirs sur l\u2019ensemble du Grand Paris pour vivre des exp\u00e9riences insolites.<\/h3>\n\n\n\n<p>Une nouvelle boutique en ligne <a rel=\"noreferrer noopener\" aria-label=\"www.exploreparis.com (s\u2019ouvre dans un nouvel onglet)\" href=\"https:\/\/exploreparis.com\/fr\/\" target=\"_blank\">www.exploreparis.com<\/a> a \u00e9t\u00e9 lanc\u00e9e en fran\u00e7ais et en anglais, concr\u00e9tisant cette nouvelle destination Paris augment\u00e9e. Elle rassemble de multiples exp\u00e9riences \u00e0 vivre \u00e0 l\u2019\u00e9chelle du Grand Paris : visites, balades, ateliers, croisi\u00e8res, soir\u00e9es festives\u2026 invitant \u00e0 la d\u00e9couverte et aux rencontres avec les habitants.<\/p>\n\n\n\n<p>Une vaste programmation de visites \u00e0 r\u00e9server et \u00e0 payer en ligne est donc maintenant disponible sur un site unique et propos\u00e9e tout au long de l\u2019ann\u00e9e : savoir-faire, gastronomie, activit\u00e9s au bord de l\u2019eau, visites de quartiers, balades street art, rencontre avec les habitants\u2026<\/p>\n\n\n\n<p class=\"is-style-highlight\">D\u00e9couvrez la <a href=\"https:\/\/www.tourisme-valdemarne.com\/espace-pro\/wp-content\/uploads\/sites\/3\/2024\/10\/exploreparis_plaquette_final_bd.pdf\" target=\"_blank\" rel=\"noreferrer noopener\">plaquette de pr\u00e9sentation d&rsquo;#ExploreParis.<\/a><\/p>\n\n\n\n<h2>La presse parle de nous<\/h2>\n<h4>Accueil blogueurs 5 ans #ExploreParis x En France Aussi &nbsp;<\/h4>\n\n\n\n<ul class=\"wp-block-list\"><li><a href=\"https:\/\/www.lecoindesvoyageurs.fr\/paris-insolite-un-week-end-dexploration-avec-explore-paris-et-enfranceaussi\/?_thumbnail_id=10010\">Paris Insolite : Un Week-end d\u2019Exploration avec Explore Paris et EnFranceAussi<\/a><\/li><li><a href=\"https:\/\/thetinypoints.com\/2023\/10\/30\/paris-autrement\/?fbclid=IwAR08Y6b-M0aLkOKDrIYEb47q819AqjOWmkZaTQCIlGUm4Em_llxy_gRNHho\">D\u00e9couvrir la Capitale autrement avec Explore&nbsp;Paris<\/a><\/li><li><a href=\"https:\/\/www.lagalerie-blog.fr\/paris-visites-seine-saint-denis\/?fbclid=IwAR1TpujtzBO4nzZtnhwUv5rnMcotdf9ZbQAbVdRwf9XwEUYxQYkGeGpUphs\">Paris &#8211; Visites en Seine-Saint-Denis&nbsp;<\/a><\/li><li><a href=\"https:\/\/tupariscombien.com\/2023\/10\/30\/week-end-royal-dans-le-grand-paris\/\">Week-end royal dans le Grand Paris<\/a><\/li><li><a href=\"https:\/\/www.lesaventuresdarthuretthibaut.com\/2023\/10\/visites-insolites-grand-paris-exploreparis-enfranceaussi\/?fbclid=IwAR1TpujtzBO4nzZtnhwUv5rnMcotdf9ZbQAbVdRwf9XwEUYxQYkGeGpUphs\">Visites insolites \u00e0 Paris, avec ExploreParis x EnFranceAussi<\/a><\/li><li><a href=\"https:\/\/voyagerenphotos.com\/2023\/10\/que-voir-seine-saint-denis\/\">Que voir en Seine-Saint-Denis ?<\/a><\/li><li><a href=\"https:\/\/www.cahiernomade.com\/2023\/10\/30\/aux-portes-de-paris-en-seine-saint-denis\/?fbclid=IwAR3P1xa2zrjeXeQjCBlhx71ThLj0eqgwxOXjMVJeUor1zudupLfpul4ROvk\">Aux portes de Paris, en Seine-Saint-Denis<\/a><\/li><li><a href=\"https:\/\/avenuereinemathilde.com\/les-reines-de-la-basilique-st-denis\/?fbclid=IwAR1TpujtzBO4nzZtnhwUv5rnMcotdf9ZbQAbVdRwf9XwEUYxQYkGeGpUphs\">Les reines de la Basilique St Denis<\/a><\/li><li><a href=\"https:\/\/1916kilometres.com\/2023\/10\/30\/decouvrir-le-grand-paris-avec-explore-paris\/\">D\u00e9couvrir le Grand Paris avec Explore&nbsp;Paris<\/a><\/li><li><a href=\"https:\/\/www.travelingaddress.fr\/index.php\/2023\/10\/30\/en-vadrouille-dans-le-val-de-marne-94\/?fbclid=IwAR2vCMXOT3RhaKCZZll3jm3CoUBVTESpYxZcYf4CsXbSWX6T4aIzWt7FYtg\">En Vadrouille dans le Val de Marne<\/a><\/li><\/ul>\n","protected":false},"excerpt":{"rendered":"<p>Le Val-de-Marne fait partie int\u00e9grante de la destination \u00ab\u00a0Paris\u00a0\u00bb et signe un contrat de destination pour impulser de nouvelles formes de tourisme urbain, \u00e0 l&rsquo;\u00e9chelle de Paris et sa banlieue. Un contrat de destination \u00e0 l&rsquo;\u00e9chelle du Grand Paris, \u00ab\u00a0Destination Paris, la ville augment\u00e9e\u00a0\u00bb L\u2019\u00c9tat a valid\u00e9 le contrat de destination \u00e9labor\u00e9 et propos\u00e9 par [&hellip;]<\/p>\n","protected":false},"author":1,"featured_media":691,"parent":11,"menu_order":40,"comment_status":"closed","ping_status":"closed","template":"partials\/template-intermediaire.php","meta":{"_relevanssi_hide_post":"","_relevanssi_hide_content":"","_relevanssi_pin_for_all":"","_relevanssi_pin_keywords":"","_relevanssi_unpin_keywords":"","_relevanssi_related_keywords":"","_relevanssi_related_include_ids":"","_relevanssi_related_exclude_ids":"","_relevanssi_related_no_append":"","_relevanssi_related_not_related":"","_relevanssi_related_posts":"2741,442,2745,2751,2749,2747","_relevanssi_noindex_reason":"","footnotes":""},"vdmTagMarketing":[],"class_list":["post-64","page","type-page","status-publish","has-post-thumbnail","hentry"],"acf":[],"yoast_head":"<!-- This site is optimized with the Yoast SEO plugin v23.9 - https:\/\/yoast.com\/wordpress\/plugins\/seo\/ -->\n<title>Contrat de destination Explore Paris | Val-de-Marne Tourisme<\/title>\n<meta name=\"description\" content=\"Le Val-de-Marne fait partie int\u00e9grante de la destination \u00ab Paris \u00bb et signe un contrat de destination avec son partenaire Explore Paris.\" \/>\n<meta name=\"robots\" content=\"index, follow, max-snippet:-1, max-image-preview:large, max-video-preview:-1\" \/>\n<link rel=\"canonical\" href=\"https:\/\/www.tourisme-valdemarne.com\/espace-pro\/expertises-et-projets\/contrat-de-destination-explore-paris\/\" \/>\n<meta property=\"og:locale\" content=\"fr_FR\" \/>\n<meta property=\"og:type\" content=\"article\" \/>\n<meta property=\"og:title\" content=\"Contrat de destination Explore Paris | Val-de-Marne Tourisme\" \/>\n<meta property=\"og:description\" content=\"Le Val-de-Marne fait partie int\u00e9grante de la destination \u00ab Paris \u00bb et signe un contrat de destination avec son partenaire Explore Paris.\" \/>\n<meta property=\"og:url\" content=\"https:\/\/www.tourisme-valdemarne.com\/espace-pro\/expertises-et-projets\/contrat-de-destination-explore-paris\/\" \/>\n<meta property=\"og:site_name\" content=\"Espace Pro\" \/>\n<meta property=\"article:modified_time\" content=\"2024-10-08T13:34:33+00:00\" \/>\n<meta property=\"og:image\" content=\"https:\/\/www.tourisme-valdemarne.com\/espace-pro\/wp-content\/uploads\/sites\/3\/2019\/05\/street-art-vitry-cp-cdt94-a.bertrand.jpg\" \/>\n\t<meta property=\"og:image:width\" content=\"1600\" \/>\n\t<meta property=\"og:image:height\" content=\"900\" \/>\n\t<meta property=\"og:image:type\" content=\"image\/jpeg\" \/>\n<meta name=\"twitter:card\" content=\"summary_large_image\" \/>\n<meta name=\"twitter:label1\" content=\"Dur\u00e9e de lecture estim\u00e9e\" \/>\n\t<meta name=\"twitter:data1\" content=\"4 minutes\" \/>\n<script type=\"application\/ld+json\" class=\"yoast-schema-graph\">{\"@context\":\"https:\/\/schema.org\",\"@graph\":[{\"@type\":\"WebPage\",\"@id\":\"https:\/\/www.tourisme-valdemarne.com\/espace-pro\/expertises-et-projets\/contrat-de-destination-explore-paris\/\",\"url\":\"https:\/\/www.tourisme-valdemarne.com\/espace-pro\/expertises-et-projets\/contrat-de-destination-explore-paris\/\",\"name\":\"Contrat de destination Explore Paris | Val-de-Marne Tourisme\",\"isPartOf\":{\"@id\":\"https:\/\/www.tourisme-valdemarne.com\/espace-pro\/#website\"},\"primaryImageOfPage\":{\"@id\":\"https:\/\/www.tourisme-valdemarne.com\/espace-pro\/expertises-et-projets\/contrat-de-destination-explore-paris\/#primaryimage\"},\"image\":{\"@id\":\"https:\/\/www.tourisme-valdemarne.com\/espace-pro\/expertises-et-projets\/contrat-de-destination-explore-paris\/#primaryimage\"},\"thumbnailUrl\":\"https:\/\/www.tourisme-valdemarne.com\/espace-pro\/wp-content\/uploads\/sites\/3\/2019\/05\/street-art-vitry-cp-cdt94-a.bertrand.jpg\",\"datePublished\":\"2019-04-10T15:38:03+00:00\",\"dateModified\":\"2024-10-08T13:34:33+00:00\",\"description\":\"Le Val-de-Marne fait partie int\u00e9grante de la destination \u00ab Paris \u00bb et signe un contrat de destination avec son partenaire Explore Paris.\",\"breadcrumb\":{\"@id\":\"https:\/\/www.tourisme-valdemarne.com\/espace-pro\/expertises-et-projets\/contrat-de-destination-explore-paris\/#breadcrumb\"},\"inLanguage\":\"fr-FR\",\"potentialAction\":[{\"@type\":\"ReadAction\",\"target\":[\"https:\/\/www.tourisme-valdemarne.com\/espace-pro\/expertises-et-projets\/contrat-de-destination-explore-paris\/\"]}]},{\"@type\":\"ImageObject\",\"inLanguage\":\"fr-FR\",\"@id\":\"https:\/\/www.tourisme-valdemarne.com\/espace-pro\/expertises-et-projets\/contrat-de-destination-explore-paris\/#primaryimage\",\"url\":\"https:\/\/www.tourisme-valdemarne.com\/espace-pro\/wp-content\/uploads\/sites\/3\/2019\/05\/street-art-vitry-cp-cdt94-a.bertrand.jpg\",\"contentUrl\":\"https:\/\/www.tourisme-valdemarne.com\/espace-pro\/wp-content\/uploads\/sites\/3\/2019\/05\/street-art-vitry-cp-cdt94-a.bertrand.jpg\",\"width\":1600,\"height\":900,\"caption\":\"Street art \u00e0 Vitry\"},{\"@type\":\"BreadcrumbList\",\"@id\":\"https:\/\/www.tourisme-valdemarne.com\/espace-pro\/expertises-et-projets\/contrat-de-destination-explore-paris\/#breadcrumb\",\"itemListElement\":[{\"@type\":\"ListItem\",\"position\":1,\"name\":\"Accueil\",\"item\":\"https:\/\/www.tourisme-valdemarne.com\/espace-pro\/\"},{\"@type\":\"ListItem\",\"position\":2,\"name\":\"Expertises et projets\",\"item\":\"https:\/\/www.tourisme-valdemarne.com\/espace-pro\/expertises-et-projets\/\"},{\"@type\":\"ListItem\",\"position\":3,\"name\":\"Contrat de destination Explore Paris\"}]},{\"@type\":\"WebSite\",\"@id\":\"https:\/\/www.tourisme-valdemarne.com\/espace-pro\/#website\",\"url\":\"https:\/\/www.tourisme-valdemarne.com\/espace-pro\/\",\"name\":\"Espace Pro\",\"description\":\"Informations et outils pour les professionnels et la Presse\",\"potentialAction\":[{\"@type\":\"SearchAction\",\"target\":{\"@type\":\"EntryPoint\",\"urlTemplate\":\"https:\/\/www.tourisme-valdemarne.com\/espace-pro\/?s={search_term_string}\"},\"query-input\":{\"@type\":\"PropertyValueSpecification\",\"valueRequired\":true,\"valueName\":\"search_term_string\"}}],\"inLanguage\":\"fr-FR\"}]}<\/script>\n<!-- \/ Yoast SEO plugin. -->","yoast_head_json":{"title":"Contrat de destination Explore Paris | Val-de-Marne Tourisme","description":"Le Val-de-Marne fait partie int\u00e9grante de la destination \u00ab Paris \u00bb et signe un contrat de destination avec son partenaire Explore Paris.","robots":{"index":"index","follow":"follow","max-snippet":"max-snippet:-1","max-image-preview":"max-image-preview:large","max-video-preview":"max-video-preview:-1"},"canonical":"https:\/\/www.tourisme-valdemarne.com\/espace-pro\/expertises-et-projets\/contrat-de-destination-explore-paris\/","og_locale":"fr_FR","og_type":"article","og_title":"Contrat de destination Explore Paris | Val-de-Marne Tourisme","og_description":"Le Val-de-Marne fait partie int\u00e9grante de la destination \u00ab Paris \u00bb et signe un contrat de destination avec son partenaire Explore Paris.","og_url":"https:\/\/www.tourisme-valdemarne.com\/espace-pro\/expertises-et-projets\/contrat-de-destination-explore-paris\/","og_site_name":"Espace Pro","article_modified_time":"2024-10-08T13:34:33+00:00","og_image":[{"width":1600,"height":900,"url":"https:\/\/www.tourisme-valdemarne.com\/espace-pro\/wp-content\/uploads\/sites\/3\/2019\/05\/street-art-vitry-cp-cdt94-a.bertrand.jpg","type":"image\/jpeg"}],"twitter_card":"summary_large_image","twitter_misc":{"Dur\u00e9e de lecture estim\u00e9e":"4 minutes"},"schema":{"@context":"https:\/\/schema.org","@graph":[{"@type":"WebPage","@id":"https:\/\/www.tourisme-valdemarne.com\/espace-pro\/expertises-et-projets\/contrat-de-destination-explore-paris\/","url":"https:\/\/www.tourisme-valdemarne.com\/espace-pro\/expertises-et-projets\/contrat-de-destination-explore-paris\/","name":"Contrat de destination Explore Paris | Val-de-Marne Tourisme","isPartOf":{"@id":"https:\/\/www.tourisme-valdemarne.com\/espace-pro\/#website"},"primaryImageOfPage":{"@id":"https:\/\/www.tourisme-valdemarne.com\/espace-pro\/expertises-et-projets\/contrat-de-destination-explore-paris\/#primaryimage"},"image":{"@id":"https:\/\/www.tourisme-valdemarne.com\/espace-pro\/expertises-et-projets\/contrat-de-destination-explore-paris\/#primaryimage"},"thumbnailUrl":"https:\/\/www.tourisme-valdemarne.com\/espace-pro\/wp-content\/uploads\/sites\/3\/2019\/05\/street-art-vitry-cp-cdt94-a.bertrand.jpg","datePublished":"2019-04-10T15:38:03+00:00","dateModified":"2024-10-08T13:34:33+00:00","description":"Le Val-de-Marne fait partie int\u00e9grante de la destination \u00ab Paris \u00bb et signe un contrat de destination avec son partenaire Explore Paris.","breadcrumb":{"@id":"https:\/\/www.tourisme-valdemarne.com\/espace-pro\/expertises-et-projets\/contrat-de-destination-explore-paris\/#breadcrumb"},"inLanguage":"fr-FR","potentialAction":[{"@type":"ReadAction","target":["https:\/\/www.tourisme-valdemarne.com\/espace-pro\/expertises-et-projets\/contrat-de-destination-explore-paris\/"]}]},{"@type":"ImageObject","inLanguage":"fr-FR","@id":"https:\/\/www.tourisme-valdemarne.com\/espace-pro\/expertises-et-projets\/contrat-de-destination-explore-paris\/#primaryimage","url":"https:\/\/www.tourisme-valdemarne.com\/espace-pro\/wp-content\/uploads\/sites\/3\/2019\/05\/street-art-vitry-cp-cdt94-a.bertrand.jpg","contentUrl":"https:\/\/www.tourisme-valdemarne.com\/espace-pro\/wp-content\/uploads\/sites\/3\/2019\/05\/street-art-vitry-cp-cdt94-a.bertrand.jpg","width":1600,"height":900,"caption":"Street art \u00e0 Vitry"},{"@type":"BreadcrumbList","@id":"https:\/\/www.tourisme-valdemarne.com\/espace-pro\/expertises-et-projets\/contrat-de-destination-explore-paris\/#breadcrumb","itemListElement":[{"@type":"ListItem","position":1,"name":"Accueil","item":"https:\/\/www.tourisme-valdemarne.com\/espace-pro\/"},{"@type":"ListItem","position":2,"name":"Expertises et projets","item":"https:\/\/www.tourisme-valdemarne.com\/espace-pro\/expertises-et-projets\/"},{"@type":"ListItem","position":3,"name":"Contrat de destination Explore Paris"}]},{"@type":"WebSite","@id":"https:\/\/www.tourisme-valdemarne.com\/espace-pro\/#website","url":"https:\/\/www.tourisme-valdemarne.com\/espace-pro\/","name":"Espace Pro","description":"Informations et outils pour les professionnels et la Presse","potentialAction":[{"@type":"SearchAction","target":{"@type":"EntryPoint","urlTemplate":"https:\/\/www.tourisme-valdemarne.com\/espace-pro\/?s={search_term_string}"},"query-input":{"@type":"PropertyValueSpecification","valueRequired":true,"valueName":"search_term_string"}}],"inLanguage":"fr-FR"}]}},"_links":{"self":[{"href":"https:\/\/www.tourisme-valdemarne.com\/espace-pro\/wp-json\/wp\/v2\/pages\/64","targetHints":{"allow":["GET"]}}],"collection":[{"href":"https:\/\/www.tourisme-valdemarne.com\/espace-pro\/wp-json\/wp\/v2\/pages"}],"about":[{"href":"https:\/\/www.tourisme-valdemarne.com\/espace-pro\/wp-json\/wp\/v2\/types\/page"}],"author":[{"embeddable":true,"href":"https:\/\/www.tourisme-valdemarne.com\/espace-pro\/wp-json\/wp\/v2\/users\/1"}],"replies":[{"embeddable":true,"href":"https:\/\/www.tourisme-valdemarne.com\/espace-pro\/wp-json\/wp\/v2\/comments?post=64"}],"version-history":[{"count":32,"href":"https:\/\/www.tourisme-valdemarne.com\/espace-pro\/wp-json\/wp\/v2\/pages\/64\/revisions"}],"predecessor-version":[{"id":28068,"href":"https:\/\/www.tourisme-valdemarne.com\/espace-pro\/wp-json\/wp\/v2\/pages\/64\/revisions\/28068"}],"up":[{"embeddable":true,"href":"https:\/\/www.tourisme-valdemarne.com\/espace-pro\/wp-json\/wp\/v2\/pages\/11"}],"wp:featuredmedia":[{"embeddable":true,"href":"https:\/\/www.tourisme-valdemarne.com\/espace-pro\/wp-json\/wp\/v2\/media\/691"}],"wp:attachment":[{"href":"https:\/\/www.tourisme-valdemarne.com\/espace-pro\/wp-json\/wp\/v2\/media?parent=64"}],"wp:term":[{"taxonomy":"vdmTagMarketing","embeddable":true,"href":"https:\/\/www.tourisme-valdemarne.com\/espace-pro\/wp-json\/wp\/v2\/vdmTagMarketing?post=64"}],"curies":[{"name":"wp","href":"https:\/\/api.w.org\/{rel}","templated":true}]}}