{"id":6172,"date":"2019-06-14T16:46:02","date_gmt":"2019-06-14T14:46:02","guid":{"rendered":"https:\/\/www.tourisme-valdemarne.com\/espace-pro\/demande-de-brochures"},"modified":"2025-12-11T16:06:15","modified_gmt":"2025-12-11T15:06:15","slug":"demande-de-brochures","status":"publish","type":"page","link":"https:\/\/www.tourisme-valdemarne.com\/espace-pro\/demande-de-brochures\/","title":{"rendered":"Nos brochures"},"content":{"rendered":"\n<p class=\"is-style-excerpt\">D\u00e9couvrez toutes nos brochures !<\/p>\n\n\n\n<p class=\"is-style-normal\">Retrouvez nos documentations touristiques \u00e0 t\u00e9l\u00e9charger. Pour d\u00e9couvrir le d\u00e9partement, sortir pr\u00e8s de Paris ou avoir des id\u00e9es de balades, des brochures th\u00e9matiques sont \u00e0 votre disposition.<\/p>\n\n\n\n<h2 class=\"wp-block-heading\">CARTe touristique du Val-de-Marne<\/h2>\n\n\n\n<div class=\"wp-block-media-text\"><figure class=\"wp-block-media-text__media\"><img data-src=\"https:\/\/www.tourisme-valdemarne.com\/wp-content\/uploads\/2019\/05\/brochure-couv-carte-2018-692x1200.jpg\" alt=\"couverture brochure carte val de marne\" class=\"wp-image-19958 size-full\"\/><\/figure><div class=\"wp-block-media-text__content\">\n<p class=\"has-large-font-size\">Vous vous demandez o\u00f9 sortir en Val-de-Marne ? <\/p>\n\n\n\n<p>Cette carte permet de conna\u00eetre en un coup d\u2019\u0153il les visites, balades et sorties possibles dans le Sud-Est de Paris. Sites incontournables, mus\u00e9es, patrimoine naturel, loisirs et activit\u00e9s mais aussi sentiers de grande randonn\u00e9e y sont repr\u00e9sent\u00e9s.<\/p>\n\n\n\n<div class=\"wp-block-button is-style-download\"><a class=\"wp-block-button__link wp-element-button\" href=\"https:\/\/www.tourisme-valdemarne.com\/wp-content\/uploads\/2019\/05\/carte-tourisme-94.pdf\">T\u00e9l\u00e9charger la carte<\/a><\/div>\n\n\n\n<p>Pour compl\u00e9ter ces id\u00e9es de sorties, d\u00e9couvrez notre page d\u00e9di\u00e9e aux <a href=\"https:\/\/www.tourisme-valdemarne.com\/nature-randonnees\/\" target=\"_blank\" rel=\"noreferrer noopener\">balades et randonn\u00e9es<\/a> pr\u00e9sentant des circuits \u00e0 pied ou \u00e0 v\u00e9lo.<\/p>\n\n\n\n<p>Plusieurs th\u00e9matiques sont \u00e9galement d\u00e9clin\u00e9es au verso : sorties autour de la cr\u00e9ation contemporaine, balades street art, voyages au c\u0153ur de l\u2019histoire, escapades au bord de l\u2019eau, \u00e9chapp\u00e9es dans la nature, balades et randonn\u00e9es, sorties en famille, visites insolites. <\/p>\n<\/div><\/div>\n\n\n\n<p>Et toute l&rsquo;ann\u00e9e, retrouvez notre s\u00e9lection de <a rel=\"noreferrer noopener\" aria-label=\"balades et visites comment\u00e9es sur la boutique Explore Paris (s\u2019ouvre dans un nouvel onglet)\" href=\"https:\/\/exploreparis.com\/fr\/\" target=\"_blank\">balades et visites comment\u00e9es sur la boutique Explore Paris<\/a> !<\/p>\n\n\n\n<h2 class=\"wp-block-heading\">Brochure Tourisme d&rsquo;affaires<\/h2>\n\n\n\n<div class=\"wp-block-media-text is-stacked-on-mobile\" style=\"grid-template-columns:49% auto\"><figure class=\"wp-block-media-text__media\"><a href=\"https:\/\/www.tourisme-valdemarne.com\/espace-pro\/wp-content\/uploads\/sites\/3\/2022\/09\/brochure-tourisme-affaires-val-de-marne-tourisme.pdf\" target=\"_blank\" rel=\"noopener\"><img width=\"570\" height=\"807\" data-src=\"https:\/\/www.tourisme-valdemarne.com\/espace-pro\/wp-content\/uploads\/sites\/3\/2022\/09\/couverture-brochure-affaires.jpg\" alt=\"couverture brochure tourisme affaires\" class=\"wp-image-13312 size-full\" srcset=\"https:\/\/www.tourisme-valdemarne.com\/espace-pro\/wp-content\/uploads\/sites\/3\/2022\/09\/couverture-brochure-affaires.jpg 570w, https:\/\/www.tourisme-valdemarne.com\/espace-pro\/wp-content\/uploads\/sites\/3\/2022\/09\/couverture-brochure-affaires-424x600.jpg 424w, https:\/\/www.tourisme-valdemarne.com\/espace-pro\/wp-content\/uploads\/sites\/3\/2022\/09\/couverture-brochure-affaires-380x538.jpg 380w, https:\/\/www.tourisme-valdemarne.com\/espace-pro\/wp-content\/uploads\/sites\/3\/2022\/09\/couverture-brochure-affaires-200x283.jpg 200w\" sizes=\"(max-width: 570px) 100vw, 570px\" \/><\/a><\/figure><div class=\"wp-block-media-text__content\">\n<p class=\"has-large-font-size\">D\u00e9couvrez la plaquette de pr\u00e9sentation pour organiser vos \u00e9v\u00e9nements professionnels en Val-de-Marne<\/p>\n\n\n\n<div class=\"wp-block-buttons is-layout-flex wp-block-buttons-is-layout-flex\">\n<div class=\"wp-block-button is-style-download aligncenter\"><a class=\"wp-block-button__link wp-element-button\" href=\"https:\/\/www.tourisme-valdemarne.com\/espace-pro\/wp-content\/uploads\/sites\/3\/2022\/09\/brochure-tourisme-affaires-val-de-marne-tourisme.pdf\" target=\"_blank\" rel=\"noreferrer noopener\">Visionner la brochure Affaires<\/a><\/div>\n<\/div>\n<\/div><\/div>\n\n\n\n<h2 class=\"wp-block-heading\">Brochure Destination Groupes<\/h2>\n\n\n\n<div class=\"wp-block-media-text is-stacked-on-mobile\"><figure class=\"wp-block-media-text__media\"><img width=\"595\" height=\"842\" data-src=\"https:\/\/www.tourisme-valdemarne.com\/espace-pro\/wp-content\/uploads\/sites\/3\/2025\/09\/couv_brochure_groupe_2025.jpg\" alt=\"\" class=\"wp-image-30161 size-full\" srcset=\"https:\/\/www.tourisme-valdemarne.com\/espace-pro\/wp-content\/uploads\/sites\/3\/2025\/09\/couv_brochure_groupe_2025.jpg 595w, https:\/\/www.tourisme-valdemarne.com\/espace-pro\/wp-content\/uploads\/sites\/3\/2025\/09\/couv_brochure_groupe_2025-424x600.jpg 424w, https:\/\/www.tourisme-valdemarne.com\/espace-pro\/wp-content\/uploads\/sites\/3\/2025\/09\/couv_brochure_groupe_2025-380x538.jpg 380w, https:\/\/www.tourisme-valdemarne.com\/espace-pro\/wp-content\/uploads\/sites\/3\/2025\/09\/couv_brochure_groupe_2025-200x283.jpg 200w\" sizes=\"(max-width: 595px) 100vw, 595px\" \/><\/figure><div class=\"wp-block-media-text__content\">\n<p class=\"has-large-font-size\">Tous les produits r\u00e9alis\u00e9s par le service commercialisation \u00e0 destination des groupes.<\/p>\n\n\n\n<div class=\"wp-block-button is-style-download\"><a class=\"wp-block-button__link wp-element-button\" href=\"https:\/\/www.tourisme-valdemarne.com\/espace-groupes\/wp-content\/uploads\/sites\/2\/2025\/09\/vdmtl_brochure_groupe_2025_170925_web.pdf\" target=\"_blank\" rel=\"noreferrer noopener\">brochure groupes<\/a><\/div>\n\n\n\n<p>Retrouvez l&rsquo;ensemble de l&rsquo;<a href=\"https:\/\/www.tourisme-valdemarne.com\/espace-groupes\/\" target=\"_blank\" rel=\"noreferrer noopener\">offre \u00e0 destination des groupes<\/a> dans la rubrique de notre site internet d\u00e9di\u00e9e.<\/p>\n<\/div><\/div>\n\n\n\n<p>&nbsp;&nbsp;<\/p>\n","protected":false},"excerpt":{"rendered":"<p>D\u00e9couvrez toutes nos brochures ! Retrouvez nos documentations touristiques \u00e0 t\u00e9l\u00e9charger. Pour d\u00e9couvrir le d\u00e9partement, sortir pr\u00e8s de Paris ou avoir des id\u00e9es de balades, des brochures th\u00e9matiques sont \u00e0 votre disposition. CARTe touristique du Val-de-Marne Et toute l&rsquo;ann\u00e9e, retrouvez notre s\u00e9lection de balades et visites comment\u00e9es sur la boutique Explore Paris ! Brochure Tourisme [&hellip;]<\/p>\n","protected":false},"author":7,"featured_media":0,"parent":0,"menu_order":150,"comment_status":"closed","ping_status":"closed","template":"","meta":{"_relevanssi_hide_post":"","_relevanssi_hide_content":"","_relevanssi_pin_for_all":"","_relevanssi_pin_keywords":"","_relevanssi_unpin_keywords":"","_relevanssi_related_keywords":"","_relevanssi_related_include_ids":"","_relevanssi_related_exclude_ids":"","_relevanssi_related_no_append":"","_relevanssi_related_not_related":"","_relevanssi_related_posts":"2749,8077,2741,2749,8105,2745","_relevanssi_noindex_reason":"","footnotes":""},"vdmTagMarketing":[],"class_list":["post-6172","page","type-page","status-publish","hentry"],"acf":[],"yoast_head":"<!-- This site is optimized with the Yoast SEO plugin v23.9 - https:\/\/yoast.com\/wordpress\/plugins\/seo\/ -->\n<title>Nos brochures - Espace Pro<\/title>\n<meta name=\"robots\" content=\"noindex, follow\" \/>\n<meta property=\"og:locale\" content=\"fr_FR\" \/>\n<meta property=\"og:type\" content=\"article\" \/>\n<meta property=\"og:title\" content=\"Nos brochures - Espace Pro\" \/>\n<meta property=\"og:description\" content=\"D\u00e9couvrez toutes nos brochures ! Retrouvez nos documentations touristiques \u00e0 t\u00e9l\u00e9charger. Pour d\u00e9couvrir le d\u00e9partement, sortir pr\u00e8s de Paris ou avoir des id\u00e9es de balades, des brochures th\u00e9matiques sont \u00e0 votre disposition. CARTe touristique du Val-de-Marne Et toute l&rsquo;ann\u00e9e, retrouvez notre s\u00e9lection de balades et visites comment\u00e9es sur la boutique Explore Paris ! Brochure Tourisme [&hellip;]\" \/>\n<meta property=\"og:url\" content=\"https:\/\/www.tourisme-valdemarne.com\/espace-pro\/demande-de-brochures\/\" \/>\n<meta property=\"og:site_name\" content=\"Espace Pro\" \/>\n<meta property=\"article:modified_time\" content=\"2025-12-11T15:06:15+00:00\" \/>\n<meta property=\"og:image\" content=\"https:\/\/www.tourisme-valdemarne.com\/wp-content\/uploads\/2019\/05\/brochure-couv-carte-2018-692x1200.jpg\" \/>\n<meta name=\"twitter:card\" content=\"summary_large_image\" \/>\n<meta name=\"twitter:label1\" content=\"Dur\u00e9e de lecture estim\u00e9e\" \/>\n\t<meta name=\"twitter:data1\" content=\"2 minutes\" \/>\n<script type=\"application\/ld+json\" class=\"yoast-schema-graph\">{\"@context\":\"https:\/\/schema.org\",\"@graph\":[{\"@type\":\"WebPage\",\"@id\":\"https:\/\/www.tourisme-valdemarne.com\/espace-pro\/demande-de-brochures\/\",\"url\":\"https:\/\/www.tourisme-valdemarne.com\/espace-pro\/demande-de-brochures\/\",\"name\":\"Nos brochures - Espace Pro\",\"isPartOf\":{\"@id\":\"https:\/\/www.tourisme-valdemarne.com\/espace-pro\/#website\"},\"primaryImageOfPage\":{\"@id\":\"https:\/\/www.tourisme-valdemarne.com\/espace-pro\/demande-de-brochures\/#primaryimage\"},\"image\":{\"@id\":\"https:\/\/www.tourisme-valdemarne.com\/espace-pro\/demande-de-brochures\/#primaryimage\"},\"thumbnailUrl\":\"https:\/\/www.tourisme-valdemarne.com\/wp-content\/uploads\/2019\/05\/brochure-couv-carte-2018-692x1200.jpg\",\"datePublished\":\"2019-06-14T14:46:02+00:00\",\"dateModified\":\"2025-12-11T15:06:15+00:00\",\"breadcrumb\":{\"@id\":\"https:\/\/www.tourisme-valdemarne.com\/espace-pro\/demande-de-brochures\/#breadcrumb\"},\"inLanguage\":\"fr-FR\",\"potentialAction\":[{\"@type\":\"ReadAction\",\"target\":[\"https:\/\/www.tourisme-valdemarne.com\/espace-pro\/demande-de-brochures\/\"]}]},{\"@type\":\"ImageObject\",\"inLanguage\":\"fr-FR\",\"@id\":\"https:\/\/www.tourisme-valdemarne.com\/espace-pro\/demande-de-brochures\/#primaryimage\",\"url\":\"https:\/\/www.tourisme-valdemarne.com\/wp-content\/uploads\/2019\/05\/brochure-couv-carte-2018-692x1200.jpg\",\"contentUrl\":\"https:\/\/www.tourisme-valdemarne.com\/wp-content\/uploads\/2019\/05\/brochure-couv-carte-2018-692x1200.jpg\"},{\"@type\":\"BreadcrumbList\",\"@id\":\"https:\/\/www.tourisme-valdemarne.com\/espace-pro\/demande-de-brochures\/#breadcrumb\",\"itemListElement\":[{\"@type\":\"ListItem\",\"position\":1,\"name\":\"Accueil\",\"item\":\"https:\/\/www.tourisme-valdemarne.com\/espace-pro\/\"},{\"@type\":\"ListItem\",\"position\":2,\"name\":\"Nos brochures\"}]},{\"@type\":\"WebSite\",\"@id\":\"https:\/\/www.tourisme-valdemarne.com\/espace-pro\/#website\",\"url\":\"https:\/\/www.tourisme-valdemarne.com\/espace-pro\/\",\"name\":\"Espace Pro\",\"description\":\"Informations et outils pour les professionnels et la Presse\",\"potentialAction\":[{\"@type\":\"SearchAction\",\"target\":{\"@type\":\"EntryPoint\",\"urlTemplate\":\"https:\/\/www.tourisme-valdemarne.com\/espace-pro\/?s={search_term_string}\"},\"query-input\":{\"@type\":\"PropertyValueSpecification\",\"valueRequired\":true,\"valueName\":\"search_term_string\"}}],\"inLanguage\":\"fr-FR\"}]}<\/script>\n<!-- \/ Yoast SEO plugin. -->","yoast_head_json":{"title":"Nos brochures - Espace Pro","robots":{"index":"noindex","follow":"follow"},"og_locale":"fr_FR","og_type":"article","og_title":"Nos brochures - Espace Pro","og_description":"D\u00e9couvrez toutes nos brochures ! Retrouvez nos documentations touristiques \u00e0 t\u00e9l\u00e9charger. Pour d\u00e9couvrir le d\u00e9partement, sortir pr\u00e8s de Paris ou avoir des id\u00e9es de balades, des brochures th\u00e9matiques sont \u00e0 votre disposition. CARTe touristique du Val-de-Marne Et toute l&rsquo;ann\u00e9e, retrouvez notre s\u00e9lection de balades et visites comment\u00e9es sur la boutique Explore Paris ! Brochure Tourisme [&hellip;]","og_url":"https:\/\/www.tourisme-valdemarne.com\/espace-pro\/demande-de-brochures\/","og_site_name":"Espace Pro","article_modified_time":"2025-12-11T15:06:15+00:00","og_image":[{"url":"https:\/\/www.tourisme-valdemarne.com\/wp-content\/uploads\/2019\/05\/brochure-couv-carte-2018-692x1200.jpg"}],"twitter_card":"summary_large_image","twitter_misc":{"Dur\u00e9e de lecture estim\u00e9e":"2 minutes"},"schema":{"@context":"https:\/\/schema.org","@graph":[{"@type":"WebPage","@id":"https:\/\/www.tourisme-valdemarne.com\/espace-pro\/demande-de-brochures\/","url":"https:\/\/www.tourisme-valdemarne.com\/espace-pro\/demande-de-brochures\/","name":"Nos brochures - Espace Pro","isPartOf":{"@id":"https:\/\/www.tourisme-valdemarne.com\/espace-pro\/#website"},"primaryImageOfPage":{"@id":"https:\/\/www.tourisme-valdemarne.com\/espace-pro\/demande-de-brochures\/#primaryimage"},"image":{"@id":"https:\/\/www.tourisme-valdemarne.com\/espace-pro\/demande-de-brochures\/#primaryimage"},"thumbnailUrl":"https:\/\/www.tourisme-valdemarne.com\/wp-content\/uploads\/2019\/05\/brochure-couv-carte-2018-692x1200.jpg","datePublished":"2019-06-14T14:46:02+00:00","dateModified":"2025-12-11T15:06:15+00:00","breadcrumb":{"@id":"https:\/\/www.tourisme-valdemarne.com\/espace-pro\/demande-de-brochures\/#breadcrumb"},"inLanguage":"fr-FR","potentialAction":[{"@type":"ReadAction","target":["https:\/\/www.tourisme-valdemarne.com\/espace-pro\/demande-de-brochures\/"]}]},{"@type":"ImageObject","inLanguage":"fr-FR","@id":"https:\/\/www.tourisme-valdemarne.com\/espace-pro\/demande-de-brochures\/#primaryimage","url":"https:\/\/www.tourisme-valdemarne.com\/wp-content\/uploads\/2019\/05\/brochure-couv-carte-2018-692x1200.jpg","contentUrl":"https:\/\/www.tourisme-valdemarne.com\/wp-content\/uploads\/2019\/05\/brochure-couv-carte-2018-692x1200.jpg"},{"@type":"BreadcrumbList","@id":"https:\/\/www.tourisme-valdemarne.com\/espace-pro\/demande-de-brochures\/#breadcrumb","itemListElement":[{"@type":"ListItem","position":1,"name":"Accueil","item":"https:\/\/www.tourisme-valdemarne.com\/espace-pro\/"},{"@type":"ListItem","position":2,"name":"Nos brochures"}]},{"@type":"WebSite","@id":"https:\/\/www.tourisme-valdemarne.com\/espace-pro\/#website","url":"https:\/\/www.tourisme-valdemarne.com\/espace-pro\/","name":"Espace Pro","description":"Informations et outils pour les professionnels et la Presse","potentialAction":[{"@type":"SearchAction","target":{"@type":"EntryPoint","urlTemplate":"https:\/\/www.tourisme-valdemarne.com\/espace-pro\/?s={search_term_string}"},"query-input":{"@type":"PropertyValueSpecification","valueRequired":true,"valueName":"search_term_string"}}],"inLanguage":"fr-FR"}]}},"_links":{"self":[{"href":"https:\/\/www.tourisme-valdemarne.com\/espace-pro\/wp-json\/wp\/v2\/pages\/6172","targetHints":{"allow":["GET"]}}],"collection":[{"href":"https:\/\/www.tourisme-valdemarne.com\/espace-pro\/wp-json\/wp\/v2\/pages"}],"about":[{"href":"https:\/\/www.tourisme-valdemarne.com\/espace-pro\/wp-json\/wp\/v2\/types\/page"}],"author":[{"embeddable":true,"href":"https:\/\/www.tourisme-valdemarne.com\/espace-pro\/wp-json\/wp\/v2\/users\/7"}],"replies":[{"embeddable":true,"href":"https:\/\/www.tourisme-valdemarne.com\/espace-pro\/wp-json\/wp\/v2\/comments?post=6172"}],"version-history":[{"count":24,"href":"https:\/\/www.tourisme-valdemarne.com\/espace-pro\/wp-json\/wp\/v2\/pages\/6172\/revisions"}],"predecessor-version":[{"id":30615,"href":"https:\/\/www.tourisme-valdemarne.com\/espace-pro\/wp-json\/wp\/v2\/pages\/6172\/revisions\/30615"}],"wp:attachment":[{"href":"https:\/\/www.tourisme-valdemarne.com\/espace-pro\/wp-json\/wp\/v2\/media?parent=6172"}],"wp:term":[{"taxonomy":"vdmTagMarketing","embeddable":true,"href":"https:\/\/www.tourisme-valdemarne.com\/espace-pro\/wp-json\/wp\/v2\/vdmTagMarketing?post=6172"}],"curies":[{"name":"wp","href":"https:\/\/api.w.org\/{rel}","templated":true}]}}