{"id":6170,"date":"2019-06-13T17:27:04","date_gmt":"2019-06-13T15:27:04","guid":{"rendered":"https:\/\/www.tourisme-valdemarne.com\/espace-pro\/informations-aux-hoteliers"},"modified":"2025-09-22T13:51:23","modified_gmt":"2025-09-22T11:51:23","slug":"informations-aux-hoteliers","status":"publish","type":"page","link":"https:\/\/www.tourisme-valdemarne.com\/espace-pro\/outils-a-votre-service\/informations-aux-hoteliers\/","title":{"rendered":"Informations aux h\u00f4teliers"},"content":{"rendered":"\n<p class=\"is-style-excerpt\">Val-de-Marne Tourisme &amp; Loisirs recense pour les professionnels du Tourisme toutes les informations utiles aux h\u00f4teliers.<\/p>\n\n\n\n<h2 class=\"wp-block-heading\">Le club h\u00f4telier Rungis-Orly Val-de-Marne<\/h2>\n\n\n\n<p>Les h\u00f4teliers du Val-de-Marne ont cr\u00e9\u00e9 le <a href=\"https:\/\/club-hotelier-val-de-marne.com\/\" target=\"_blank\" rel=\"noreferrer noopener\" aria-label=\"Club H\u00f4telier Rungis-Orly (s\u2019ouvre dans un nouvel onglet)\">Club H\u00f4telier Rungis-Orly<\/a> Val-de-Marne.<\/p>\n\n\n\n<p>Si vous souhaitez obtenir davantage d&rsquo;informations concernant le CHRO, retrouvez l&rsquo;<a href=\"https:\/\/www.tourisme-valdemarne.com\/espace-pro\/2019\/05\/27\/jessica-lauthier-du-club-hotelier-sur-le-tourisme-daffaires\/\">interview de Jessica Lauthier du Club H\u00f4telier<\/a>.<\/p>\n\n\n\n<p class=\"is-style-highlight\">Le Comit\u00e9 D\u00e9partemental de Tourisme du Val-de-Marne <a href=\"https:\/\/www.tourisme-valdemarne.com\/espace-pro\/expertises-et-projets\/soutien-et-accompagnement-de-projets\/\">accompagne et soutient de nombreux projets sur son territoire<\/a>.<\/p>\n\n\n\n<h2 class=\"wp-block-heading\">La nouvelle proc\u00e9dure de classement pour l&rsquo;h\u00f4tellerie<\/h2>\n\n\n\n<p>Une nouvelle r\u00e9glementation sur le classement des h\u00f4tels de tourisme permet de r\u00e9viser les crit\u00e8res de confort et de services.<\/p>\n\n\n\n<p>Consultez ou <a rel=\"noreferrer noopener\" aria-label=\"t\u00e9l\u00e9chargez le document officiel d'Atout France (s\u2019ouvre dans un nouvel onglet)\" href=\"https:\/\/www.tourisme-valdemarne.com\/espace-pro\/wp-content\/uploads\/sites\/3\/2019\/06\/plaquette-atoutfrance-hotelier.pdf\" target=\"_blank\">t\u00e9l\u00e9chargez le document officiel d&rsquo;Atout France<\/a>.<\/p>\n\n\n\n<h2 class=\"wp-block-heading\">Plan Qualit\u00e9 Tourisme<\/h2>\n\n\n\n<p>Pour valoriser la qualit\u00e9 des prestations touristiques, le Minist\u00e8re du Tourisme a initi\u00e9 le Plan Qualit\u00e9 Tourisme. Cette marque nationale unique permet de r\u00e9unir toutes les d\u00e9marches qualit\u00e9s existantes.<\/p>\n\n\n\n<p>Visitez le <a aria-label=\"site officiel de Qualit\u00e9 Tourisme (s\u2019ouvre dans un nouvel onglet)\" href=\"https:\/\/www.entreprises.gouv.fr\/qualite-tourisme\" target=\"_blank\" rel=\"noreferrer noopener\">site officiel de Qualit\u00e9 Tourisme<\/a>.<\/p>\n\n\n\n<h2 class=\"wp-block-heading\">Le label Clef Verte<\/h2>\n\n\n\n<p>D\u00e9velopp\u00e9 par l&rsquo;association Teragir, le label Clef Verte distingue les h\u00e9bergeurs engag\u00e9s dans une d\u00e9marche environnementale performante, continue et dynamique.<\/p>\n\n\n\n<p>D\u00e9couvrez le label, les crit\u00e8res d&rsquo;obtention et les \u00e9tablissements labellis\u00e9s sur le <a href=\"https:\/\/www.laclefverte.org\/\" target=\"_blank\" rel=\"noreferrer noopener\">site de Clef Verte<\/a>.<\/p>\n\n\n\n<p class=\"is-style-highlight\">Vous appliquez ou souhaitez appliquer la taxe de s\u00e9jour pour votre \u00e9tablissement ? Retrouvez toutes les informations n\u00e9cessaires sur notre espace d\u00e9di\u00e9 \u00e0 la <a href=\"https:\/\/www.tourisme-valdemarne.com\/espace-pro\/expertises-et-projets\/taxe-de-sejour\/\">taxe de s\u00e9jour<\/a>.<\/p>\n","protected":false},"excerpt":{"rendered":"<p>Val-de-Marne Tourisme &amp; Loisirs recense pour les professionnels du Tourisme toutes les informations utiles aux h\u00f4teliers. Le club h\u00f4telier Rungis-Orly Val-de-Marne Les h\u00f4teliers du Val-de-Marne ont cr\u00e9\u00e9 le Club H\u00f4telier Rungis-Orly Val-de-Marne. Si vous souhaitez obtenir davantage d&rsquo;informations concernant le CHRO, retrouvez l&rsquo;interview de Jessica Lauthier du Club H\u00f4telier. Le Comit\u00e9 D\u00e9partemental de Tourisme du [&hellip;]<\/p>\n","protected":false},"author":8,"featured_media":2914,"parent":17,"menu_order":90,"comment_status":"closed","ping_status":"closed","template":"","meta":{"_relevanssi_hide_post":"","_relevanssi_hide_content":"","_relevanssi_pin_for_all":"","_relevanssi_pin_keywords":"","_relevanssi_unpin_keywords":"","_relevanssi_related_keywords":"","_relevanssi_related_include_ids":"","_relevanssi_related_exclude_ids":"","_relevanssi_related_no_append":"","_relevanssi_related_not_related":"","_relevanssi_related_posts":"2749,2751,442,8101,2741,8095","_relevanssi_noindex_reason":"","footnotes":""},"vdmTagMarketing":[],"class_list":["post-6170","page","type-page","status-publish","has-post-thumbnail","hentry"],"acf":[],"yoast_head":"<!-- This site is optimized with the Yoast SEO plugin v23.9 - https:\/\/yoast.com\/wordpress\/plugins\/seo\/ -->\n<title>Informations aux h\u00f4teliers - Espace Pro<\/title>\n<meta name=\"robots\" content=\"index, follow, max-snippet:-1, max-image-preview:large, max-video-preview:-1\" \/>\n<link rel=\"canonical\" href=\"https:\/\/www.tourisme-valdemarne.com\/espace-pro\/outils-a-votre-service\/informations-aux-hoteliers\/\" \/>\n<meta property=\"og:locale\" content=\"fr_FR\" \/>\n<meta property=\"og:type\" content=\"article\" \/>\n<meta property=\"og:title\" content=\"Informations aux h\u00f4teliers - Espace Pro\" \/>\n<meta property=\"og:description\" content=\"Val-de-Marne Tourisme &amp; Loisirs recense pour les professionnels du Tourisme toutes les informations utiles aux h\u00f4teliers. Le club h\u00f4telier Rungis-Orly Val-de-Marne Les h\u00f4teliers du Val-de-Marne ont cr\u00e9\u00e9 le Club H\u00f4telier Rungis-Orly Val-de-Marne. Si vous souhaitez obtenir davantage d&rsquo;informations concernant le CHRO, retrouvez l&rsquo;interview de Jessica Lauthier du Club H\u00f4telier. Le Comit\u00e9 D\u00e9partemental de Tourisme du [&hellip;]\" \/>\n<meta property=\"og:url\" content=\"https:\/\/www.tourisme-valdemarne.com\/espace-pro\/outils-a-votre-service\/informations-aux-hoteliers\/\" \/>\n<meta property=\"og:site_name\" content=\"Espace Pro\" \/>\n<meta property=\"article:modified_time\" content=\"2025-09-22T11:51:23+00:00\" \/>\n<meta property=\"og:image\" content=\"https:\/\/www.tourisme-valdemarne.com\/espace-pro\/wp-content\/uploads\/sites\/3\/2019\/05\/hotel-novotel-orly-rungis-piscine.jpg\" \/>\n\t<meta property=\"og:image:width\" content=\"700\" \/>\n\t<meta property=\"og:image:height\" content=\"1050\" \/>\n\t<meta property=\"og:image:type\" content=\"image\/jpeg\" \/>\n<meta name=\"twitter:card\" content=\"summary_large_image\" \/>\n<meta name=\"twitter:label1\" content=\"Dur\u00e9e de lecture estim\u00e9e\" \/>\n\t<meta name=\"twitter:data1\" content=\"2 minutes\" \/>\n<script type=\"application\/ld+json\" class=\"yoast-schema-graph\">{\"@context\":\"https:\/\/schema.org\",\"@graph\":[{\"@type\":\"WebPage\",\"@id\":\"https:\/\/www.tourisme-valdemarne.com\/espace-pro\/outils-a-votre-service\/informations-aux-hoteliers\/\",\"url\":\"https:\/\/www.tourisme-valdemarne.com\/espace-pro\/outils-a-votre-service\/informations-aux-hoteliers\/\",\"name\":\"Informations aux h\u00f4teliers - Espace Pro\",\"isPartOf\":{\"@id\":\"https:\/\/www.tourisme-valdemarne.com\/espace-pro\/#website\"},\"primaryImageOfPage\":{\"@id\":\"https:\/\/www.tourisme-valdemarne.com\/espace-pro\/outils-a-votre-service\/informations-aux-hoteliers\/#primaryimage\"},\"image\":{\"@id\":\"https:\/\/www.tourisme-valdemarne.com\/espace-pro\/outils-a-votre-service\/informations-aux-hoteliers\/#primaryimage\"},\"thumbnailUrl\":\"https:\/\/www.tourisme-valdemarne.com\/espace-pro\/wp-content\/uploads\/sites\/3\/2019\/05\/hotel-novotel-orly-rungis-piscine.jpg\",\"datePublished\":\"2019-06-13T15:27:04+00:00\",\"dateModified\":\"2025-09-22T11:51:23+00:00\",\"breadcrumb\":{\"@id\":\"https:\/\/www.tourisme-valdemarne.com\/espace-pro\/outils-a-votre-service\/informations-aux-hoteliers\/#breadcrumb\"},\"inLanguage\":\"fr-FR\",\"potentialAction\":[{\"@type\":\"ReadAction\",\"target\":[\"https:\/\/www.tourisme-valdemarne.com\/espace-pro\/outils-a-votre-service\/informations-aux-hoteliers\/\"]}]},{\"@type\":\"ImageObject\",\"inLanguage\":\"fr-FR\",\"@id\":\"https:\/\/www.tourisme-valdemarne.com\/espace-pro\/outils-a-votre-service\/informations-aux-hoteliers\/#primaryimage\",\"url\":\"https:\/\/www.tourisme-valdemarne.com\/espace-pro\/wp-content\/uploads\/sites\/3\/2019\/05\/hotel-novotel-orly-rungis-piscine.jpg\",\"contentUrl\":\"https:\/\/www.tourisme-valdemarne.com\/espace-pro\/wp-content\/uploads\/sites\/3\/2019\/05\/hotel-novotel-orly-rungis-piscine.jpg\",\"width\":700,\"height\":1050,\"caption\":\"Piscine du Novotel Orly Rungis \u00a9 Jacques-Yves Gucia\"},{\"@type\":\"BreadcrumbList\",\"@id\":\"https:\/\/www.tourisme-valdemarne.com\/espace-pro\/outils-a-votre-service\/informations-aux-hoteliers\/#breadcrumb\",\"itemListElement\":[{\"@type\":\"ListItem\",\"position\":1,\"name\":\"Accueil\",\"item\":\"https:\/\/www.tourisme-valdemarne.com\/espace-pro\/\"},{\"@type\":\"ListItem\",\"position\":2,\"name\":\"Outils \u00e0 votre service\",\"item\":\"https:\/\/www.tourisme-valdemarne.com\/espace-pro\/outils-a-votre-service\/\"},{\"@type\":\"ListItem\",\"position\":3,\"name\":\"Informations aux h\u00f4teliers\"}]},{\"@type\":\"WebSite\",\"@id\":\"https:\/\/www.tourisme-valdemarne.com\/espace-pro\/#website\",\"url\":\"https:\/\/www.tourisme-valdemarne.com\/espace-pro\/\",\"name\":\"Espace Pro\",\"description\":\"Informations et outils pour les professionnels et la Presse\",\"potentialAction\":[{\"@type\":\"SearchAction\",\"target\":{\"@type\":\"EntryPoint\",\"urlTemplate\":\"https:\/\/www.tourisme-valdemarne.com\/espace-pro\/?s={search_term_string}\"},\"query-input\":{\"@type\":\"PropertyValueSpecification\",\"valueRequired\":true,\"valueName\":\"search_term_string\"}}],\"inLanguage\":\"fr-FR\"}]}<\/script>\n<!-- \/ Yoast SEO plugin. -->","yoast_head_json":{"title":"Informations aux h\u00f4teliers - Espace Pro","robots":{"index":"index","follow":"follow","max-snippet":"max-snippet:-1","max-image-preview":"max-image-preview:large","max-video-preview":"max-video-preview:-1"},"canonical":"https:\/\/www.tourisme-valdemarne.com\/espace-pro\/outils-a-votre-service\/informations-aux-hoteliers\/","og_locale":"fr_FR","og_type":"article","og_title":"Informations aux h\u00f4teliers - Espace Pro","og_description":"Val-de-Marne Tourisme &amp; Loisirs recense pour les professionnels du Tourisme toutes les informations utiles aux h\u00f4teliers. Le club h\u00f4telier Rungis-Orly Val-de-Marne Les h\u00f4teliers du Val-de-Marne ont cr\u00e9\u00e9 le Club H\u00f4telier Rungis-Orly Val-de-Marne. Si vous souhaitez obtenir davantage d&rsquo;informations concernant le CHRO, retrouvez l&rsquo;interview de Jessica Lauthier du Club H\u00f4telier. Le Comit\u00e9 D\u00e9partemental de Tourisme du [&hellip;]","og_url":"https:\/\/www.tourisme-valdemarne.com\/espace-pro\/outils-a-votre-service\/informations-aux-hoteliers\/","og_site_name":"Espace Pro","article_modified_time":"2025-09-22T11:51:23+00:00","og_image":[{"width":700,"height":1050,"url":"https:\/\/www.tourisme-valdemarne.com\/espace-pro\/wp-content\/uploads\/sites\/3\/2019\/05\/hotel-novotel-orly-rungis-piscine.jpg","type":"image\/jpeg"}],"twitter_card":"summary_large_image","twitter_misc":{"Dur\u00e9e de lecture estim\u00e9e":"2 minutes"},"schema":{"@context":"https:\/\/schema.org","@graph":[{"@type":"WebPage","@id":"https:\/\/www.tourisme-valdemarne.com\/espace-pro\/outils-a-votre-service\/informations-aux-hoteliers\/","url":"https:\/\/www.tourisme-valdemarne.com\/espace-pro\/outils-a-votre-service\/informations-aux-hoteliers\/","name":"Informations aux h\u00f4teliers - Espace Pro","isPartOf":{"@id":"https:\/\/www.tourisme-valdemarne.com\/espace-pro\/#website"},"primaryImageOfPage":{"@id":"https:\/\/www.tourisme-valdemarne.com\/espace-pro\/outils-a-votre-service\/informations-aux-hoteliers\/#primaryimage"},"image":{"@id":"https:\/\/www.tourisme-valdemarne.com\/espace-pro\/outils-a-votre-service\/informations-aux-hoteliers\/#primaryimage"},"thumbnailUrl":"https:\/\/www.tourisme-valdemarne.com\/espace-pro\/wp-content\/uploads\/sites\/3\/2019\/05\/hotel-novotel-orly-rungis-piscine.jpg","datePublished":"2019-06-13T15:27:04+00:00","dateModified":"2025-09-22T11:51:23+00:00","breadcrumb":{"@id":"https:\/\/www.tourisme-valdemarne.com\/espace-pro\/outils-a-votre-service\/informations-aux-hoteliers\/#breadcrumb"},"inLanguage":"fr-FR","potentialAction":[{"@type":"ReadAction","target":["https:\/\/www.tourisme-valdemarne.com\/espace-pro\/outils-a-votre-service\/informations-aux-hoteliers\/"]}]},{"@type":"ImageObject","inLanguage":"fr-FR","@id":"https:\/\/www.tourisme-valdemarne.com\/espace-pro\/outils-a-votre-service\/informations-aux-hoteliers\/#primaryimage","url":"https:\/\/www.tourisme-valdemarne.com\/espace-pro\/wp-content\/uploads\/sites\/3\/2019\/05\/hotel-novotel-orly-rungis-piscine.jpg","contentUrl":"https:\/\/www.tourisme-valdemarne.com\/espace-pro\/wp-content\/uploads\/sites\/3\/2019\/05\/hotel-novotel-orly-rungis-piscine.jpg","width":700,"height":1050,"caption":"Piscine du Novotel Orly Rungis \u00a9 Jacques-Yves Gucia"},{"@type":"BreadcrumbList","@id":"https:\/\/www.tourisme-valdemarne.com\/espace-pro\/outils-a-votre-service\/informations-aux-hoteliers\/#breadcrumb","itemListElement":[{"@type":"ListItem","position":1,"name":"Accueil","item":"https:\/\/www.tourisme-valdemarne.com\/espace-pro\/"},{"@type":"ListItem","position":2,"name":"Outils \u00e0 votre service","item":"https:\/\/www.tourisme-valdemarne.com\/espace-pro\/outils-a-votre-service\/"},{"@type":"ListItem","position":3,"name":"Informations aux h\u00f4teliers"}]},{"@type":"WebSite","@id":"https:\/\/www.tourisme-valdemarne.com\/espace-pro\/#website","url":"https:\/\/www.tourisme-valdemarne.com\/espace-pro\/","name":"Espace Pro","description":"Informations et outils pour les professionnels et la Presse","potentialAction":[{"@type":"SearchAction","target":{"@type":"EntryPoint","urlTemplate":"https:\/\/www.tourisme-valdemarne.com\/espace-pro\/?s={search_term_string}"},"query-input":{"@type":"PropertyValueSpecification","valueRequired":true,"valueName":"search_term_string"}}],"inLanguage":"fr-FR"}]}},"_links":{"self":[{"href":"https:\/\/www.tourisme-valdemarne.com\/espace-pro\/wp-json\/wp\/v2\/pages\/6170","targetHints":{"allow":["GET"]}}],"collection":[{"href":"https:\/\/www.tourisme-valdemarne.com\/espace-pro\/wp-json\/wp\/v2\/pages"}],"about":[{"href":"https:\/\/www.tourisme-valdemarne.com\/espace-pro\/wp-json\/wp\/v2\/types\/page"}],"author":[{"embeddable":true,"href":"https:\/\/www.tourisme-valdemarne.com\/espace-pro\/wp-json\/wp\/v2\/users\/8"}],"replies":[{"embeddable":true,"href":"https:\/\/www.tourisme-valdemarne.com\/espace-pro\/wp-json\/wp\/v2\/comments?post=6170"}],"version-history":[{"count":9,"href":"https:\/\/www.tourisme-valdemarne.com\/espace-pro\/wp-json\/wp\/v2\/pages\/6170\/revisions"}],"predecessor-version":[{"id":30131,"href":"https:\/\/www.tourisme-valdemarne.com\/espace-pro\/wp-json\/wp\/v2\/pages\/6170\/revisions\/30131"}],"up":[{"embeddable":true,"href":"https:\/\/www.tourisme-valdemarne.com\/espace-pro\/wp-json\/wp\/v2\/pages\/17"}],"wp:featuredmedia":[{"embeddable":true,"href":"https:\/\/www.tourisme-valdemarne.com\/espace-pro\/wp-json\/wp\/v2\/media\/2914"}],"wp:attachment":[{"href":"https:\/\/www.tourisme-valdemarne.com\/espace-pro\/wp-json\/wp\/v2\/media?parent=6170"}],"wp:term":[{"taxonomy":"vdmTagMarketing","embeddable":true,"href":"https:\/\/www.tourisme-valdemarne.com\/espace-pro\/wp-json\/wp\/v2\/vdmTagMarketing?post=6170"}],"curies":[{"name":"wp","href":"https:\/\/api.w.org\/{rel}","templated":true}]}}