{"id":39,"date":"2019-04-02T17:00:17","date_gmt":"2019-04-02T15:00:17","guid":{"rendered":"https:\/\/www.tourisme-valdemarne.com\/espace-pro\/politique-de-confidentialite"},"modified":"2023-04-24T14:12:17","modified_gmt":"2023-04-24T12:12:17","slug":"politique-de-confidentialite","status":"publish","type":"page","link":"https:\/\/www.tourisme-valdemarne.com\/espace-pro\/politique-de-confidentialite\/","title":{"rendered":"Politique de confidentialit\u00e9"},"content":{"rendered":"\n<h2 class=\"wp-block-heading\">PR\u00c9AMBULE<\/h2>\n\n\n\n<p>Le Comit\u00e9 D\u00e9partemental du Tourisme du Val-de-Marne traite des donn\u00e9es \u00e0 caract\u00e8re personnel (ci-apr\u00e8s les \u00ab Donn\u00e9es Personnelles) \u00bb vous concernant dans le cadre de l\u2019utilisation de ce site internet (ci-apr\u00e8s le \u00ab Site \u00bb).<br>En tant que responsable de traitement, nous sommes respectueux de la vie priv\u00e9e et nous prot\u00e9geons les donn\u00e9es \u00e0 caract\u00e8re personnel des utilisateurs de notre Site.<br>La pr\u00e9sente politique vise \u00e0 vous informer des modalit\u00e9s de collecte, de traitement et d\u2019utilisation de Vos Donn\u00e9es Personnelles et de vos droits en mati\u00e8re de protection des donn\u00e9es \u00e0 caract\u00e8re personnel au regard des dispositions applicables en la mati\u00e8re, notamment la loi 78-17 du 6 janvier 1978 relative \u00e0 l\u2019informatique, aux fichiers et aux libert\u00e9s dite \u00ab Informatique et libert\u00e9s \u00bb dans sa derni\u00e8re version et avec le RGPD (R\u00e8glement G\u00e9n\u00e9ral sur la Protection des Donn\u00e9es) en application depuis le 25 mai 2018.<\/p>\n\n\n\n<h2 class=\"wp-block-heading\">CHAMP D\u2019APPLICATION DE LA PR\u00c9SENTE POLITIQUE DE PROTECTION DES DONN\u00c9ES PERSONNELLES<\/h2>\n\n\n\n<p>La pr\u00e9sente Politique \u00e9nonce les principes et lignes directrices pour la protection de Vos Donn\u00e9es Personnelles, ce qui inclut les Donn\u00e9es Personnelles collect\u00e9es sur \u2013 ou via \u2013 le Site.<\/p>\n\n\n\n<p>Le Comit\u00e9 D\u00e9partemental du Tourisme du Val-de-Marne collecte des Donn\u00e9es Personnelles en ligne; la pr\u00e9sente politique s\u2019applique quel que soit le mode de collecte ou de traitement.<\/p>\n\n\n\n<p>La notion de Donn\u00e9es Personnelles d\u00e9signe toute information relative \u00e0 une personne physique identifi\u00e9e ou identifiable. Une personne est \u00ab identifiable \u00bb d\u00e8s lors qu\u2019elle peut \u00eatre identifi\u00e9e, directement ou indirectement, en particulier par r\u00e9f\u00e9rence \u00e0 un num\u00e9ro d\u2019identification ou \u00e0 un ou plusieurs \u00e9l\u00e9ments qui lui sont propres.<\/p>\n\n\n\n<p>Les \u00ab Donn\u00e9es Non-Personnelles \u00bb correspondent \u00e0 des informations ne permettant pas d\u2019identifier une personne.<\/p>\n\n\n\n<h2 class=\"wp-block-heading\">RESPONSABLE DU TRAITEMENT<\/h2>\n\n\n\n<p>Le responsable du traitement de Vos Donn\u00e9es Personnelles est : Gilles Saint-Gal (Pr\u00e9sident), 16 rue Jos\u00e9phine de Beauharnais, 94500 Champigny-sur-Marne ; certaines prestations techniques (h\u00e9bergement et maintenance) sont confi\u00e9es \u00e0 nos prestataires techniques. Conform\u00e9ment \u00e0 l\u2019Article 28 du RGPD, ce prestataire est li\u00e9 par une clause de stricte confidentialit\u00e9 qui lui interdit toute utilisation des donn\u00e9es qui lui sont confi\u00e9es non-pr\u00e9vue dans le contrat de prestation et qui lui impose de mettre en \u0153uvre les mesures techniques et organisationnelles qui satisfont aux exigences de s\u00e9curit\u00e9 et de protection des donn\u00e9es personnelles.<\/p>\n\n\n\n<h2 class=\"wp-block-heading\">S\u00c9CURIT\u00c9 ET CONFIDENTIALIT\u00c9 DES DONN\u00c9ES PERSONNELLES<\/h2>\n\n\n\n<p>Nous consid\u00e9rons Vos Donn\u00e9es Personnelles comme confidentielles.<br>Nous nous effor\u00e7ons de prendre les mesures techniques raisonnables en vue de pr\u00e9venir d\u2019\u00e9ventuelles pertes ou d\u00e9tournements lors d\u2019une collecte ou d\u2019un stockage des donn\u00e9es que vous nous auriez communiqu\u00e9es, et emp\u00eacher toute communication \u00e0 des tiers non autoris\u00e9s.<br>Cependant, malgr\u00e9 ces mesures, Internet demeure un syst\u00e8me ouvert et nous ne pouvons garantir que des tiers non autoris\u00e9s ne pourront d\u00e9jouer les mesures en question ou utiliser Vos Donn\u00e9es Personnelles \u00e0 des fins ill\u00e9gitimes. En cons\u00e9quence, le Comit\u00e9 D\u00e9partemental du Tourisme du Val-de-Marne ne saura \u00eatre tenue comme responsable en cas de r\u00e9cup\u00e9ration frauduleuse de vos donn\u00e9es pour quelque utilisation que ce soit.<\/p>\n\n\n\n<p>Le Site peut proposer des liens vers des sites Internet de tiers susceptibles de vous int\u00e9resser.<br>Le Comit\u00e9 D\u00e9partemental du Tourisme du Val-de-Marne n\u2019exerce aucun contr\u00f4le sur le contenu de sites de tiers ou sur les pratiques de ces tiers en mati\u00e8re de protection des Donn\u00e9es Personnelles qu\u2019ils pourraient recueillir. En cons\u00e9quence, le Comit\u00e9 D\u00e9partemental du Tourisme du Val-de-Marne d\u00e9cline toute responsabilit\u00e9 concernant le traitement par ces tiers de Vos Donn\u00e9es Personnelles. Il est de votre responsabilit\u00e9 de vous renseigner sur les politiques de protection des donn\u00e9es personnelles de ces tiers.<\/p>\n\n\n\n<p>Vos donn\u00e9es \u00e0 caract\u00e8re personnel sont destin\u00e9es aux services du Comit\u00e9 D\u00e9partemental du Tourisme du Val-de-Marne concern\u00e9s par vos demandes. En tout \u00e9tat de cause, il n\u2019y a pas de transfert hors Europe et le Comit\u00e9 D\u00e9partemental du Tourisme du Val-de-Marne ne transmet pas vos donn\u00e9es \u00e0 caract\u00e8re personnel sauf :<\/p>\n\n\n\n<ul class=\"wp-block-list\"><li>Si le Comit\u00e9 D\u00e9partemental du Tourisme du Val-de-Marne doit partager ces informations avec des tiers pour vous fournir le service que vous demandez;<\/li><li>Si le Comit\u00e9 D\u00e9partemental du Tourisme du Val-de-Marne est somm\u00e9 par une autorit\u00e9 judiciaire ou toute autre autorit\u00e9 administrative de lui communiquer les informations;<\/li><li>Si vous avez donn\u00e9 votre accord pr\u00e9alable pour le partage de ces informations.<\/li><\/ul>\n\n\n\n<h2 class=\"wp-block-heading\">FINALIT\u00c9S DE LA COLLECTE DE DONN\u00c9ES<\/h2>\n\n\n\n<p>Nous traitons vos donn\u00e9es en tout ou partie aux fins de :<\/p>\n\n\n\n<ul class=\"wp-block-list\"><li>vous permettre de naviguer sur nos Sites et Applications et d\u2019adapter nos contenus \u00e0 votre terminal pour am\u00e9liorer votre navigation ;<\/li><li>m\u00e9moriser les informations que vous avez renseign\u00e9es au sein des formulaires (votre compte utilisateur par exemple) ;<\/li><li>vous permettre de partager nos contenus sur les r\u00e9seaux sociaux ;<\/li><li>vous permettre une utilisation interactive et personnalis\u00e9e des Sites et des Applications ;<\/li><li>d\u2019acc\u00e9der \u00e0 l\u2019ensemble des fonctionnalit\u00e9s du site (quiz, inscriptions \u00e0 des \u00e9v\u00e8nements, newsletters\u2026);<\/li><li>envoyer des informations et\/ou des communications externes ;<\/li><li>organiser des jeux-concours (contact des gagnants, remise des dotations, etc.) ;<\/li><li>envoyer des newsletters, si vous y avez consenti en cochant la case correspondante,<\/li><li>analyser l\u2019audience et la fr\u00e9quentation du Site;<\/li><li>R\u00e9aliser des enqu\u00eates et des sondages.<\/li><\/ul>\n\n\n\n<p>Les destinataires de Vos Donn\u00e9es Personnelles sont nos propres \u00e9quipes de gestion et nos prestataires techniques.<\/p>\n\n\n\n<h2 class=\"wp-block-heading\">DONN\u00c9ES COLLECT\u00c9ES<\/h2>\n\n\n\n<h3 class=\"wp-block-heading\">Donn\u00e9es Personnelles<\/h3>\n\n\n\n<p>Les Donn\u00e9es Personnelles peuvent inclure ce qui suit :<\/p>\n\n\n\n<ul class=\"wp-block-list\"><li>Etat civil;<\/li><li>Nom ;<\/li><li>Pr\u00e9nom ;<\/li><li>Adresse \u00e9lectronique ;<\/li><li>Adresse postale ;<\/li><li>Date de naissance ;<\/li><li>Num\u00e9ro de t\u00e9l\u00e9phone ;<\/li><li>G\u00e9olocalisation ;<\/li><li>Adresse IP ;<\/li><\/ul>\n\n\n\n<p>Et toute autre Donn\u00e9e Personnelle pouvant s\u2019av\u00e9rer pertinente aux fins \u00e9nonc\u00e9es ci-apr\u00e8s tels que des donn\u00e9es d\u2019identification \u00e9lectronique disponibles sur ou \u00e0 partir de votre ordinateur (telles que les \u00ab&nbsp;cookies&nbsp;\u00bb ou les \u00ab&nbsp;adresses IP&nbsp;\u00bb). Vos donn\u00e9es d\u2019identification \u00e9lectronique permettent d\u2019identifier ou de g\u00e9olocaliser (sans \u00eatre plus pr\u00e9cis que la ville) votre terminal de connexion ou les pages consult\u00e9es sur le site au cours de votre navigation et sont g\u00e9n\u00e9ralement insuffisantes \u00e0 elles seules pour vous identifier de mani\u00e8re nominative.<\/p>\n\n\n\n<h2 class=\"wp-block-heading\">COOKIES ET AUTRES TRACEURS<\/h2>\n\n\n\n<p>Les cookies, ou autres traceurs similaires, sont des fichiers utilis\u00e9s par un serveur pour dialoguer avec le navigateur. Les cookies permettent d\u2019envoyer des informations d\u2019\u00e9tat lorsqu\u2019un utilisateur consulte un site. Les informations d\u2019\u00e9tat peuvent \u00eatre par exemple un identifiant de session, une langue, une date d\u2019expiration, un domaine de r\u00e9ponse, etc. Les cookies permettent de conserver, pendant leur dur\u00e9e de validit\u00e9, des informations d\u2019\u00e9tat lorsqu\u2019un navigateur acc\u00e8de aux diff\u00e9rentes pages d\u2019un site Web ou lorsque ce navigateur retourne ult\u00e9rieurement sur ledit site. Seul l\u2019\u00e9metteur d\u2019un cookie peut lire ou modifier les informations qui y sont contenues. Il existe diff\u00e9rents types de cookies :<\/p>\n\n\n\n<ul class=\"wp-block-list\"><li>des cookies de session qui disparaissent d\u00e8s que vous quittez le navigateur ou le site ;<\/li><li>des cookies permanents qui demeurent sur votre terminal jusqu\u2019\u00e0 expiration de leur dur\u00e9e de vie (au maximum 12 mois) ou jusqu\u2019\u00e0 ce que vous les supprimiez \u00e0 l\u2019aide des fonctionnalit\u00e9s de votre navigateur.<\/li><\/ul>\n\n\n\n<p>Vous pouvez acc\u00e9der \u00e0 votre panneau de gestion des cookies afin de param\u00e9trer le d\u00e9p\u00f4t et la lecture de cookies.<br><\/p>\n\n\n\n<h3 class=\"wp-block-heading\">Comment d\u00e9sactiver les cookies ?<\/h3>\n\n\n\n<h4 class=\"wp-block-heading\">Param\u00e9trages du navigateur<\/h4>\n\n\n\n<p>L\u2019installation de certains cookies est soumise \u00e0 votre consentement. Lors de votre premi\u00e8re visite sur le Site, un bandeau d\u2019information s\u2019affiche vous indiquant qu\u2019en continuant votre navigation sur le site, les cookies susvis\u00e9s seront install\u00e9s sur votre \u00e9quipement.<br>Les cookies ou traceurs permettent de b\u00e9n\u00e9ficier pleinement des fonctionnalit\u00e9s du Site. Si votre navigateur est configur\u00e9 de mani\u00e8re \u00e0 refuser l\u2019ensemble des cookies ou traceurs, cela peut emp\u00eacher l\u2019utilisation de certains de nos services, ce dont le Comit\u00e9 D\u00e9partemental du Tourisme du Val-de-Marne ne saurait \u00eatre responsable.<br><\/p>\n\n\n\n<h2 class=\"wp-block-heading\">LES FORMULAIRES<\/h2>\n\n\n\n<h3 class=\"wp-block-heading\">Inscription aux newsletters<\/h3>\n\n\n\n<h4 class=\"wp-block-heading\">Newsletters du Comit\u00e9 D\u00e9partemental du Tourisme du Val-de-Marne<\/h4>\n\n\n\n<p>En autorisant ce type de newsletters, vous autorisez le Comit\u00e9 D\u00e9partemental du Tourisme du Val-de-Marne \u00e0 vous envoyer des courriels personnalis\u00e9s. Vous pouvez vous d\u00e9sinscrire \u00e0 tout moment depuis l\u2019un des e-mails re\u00e7us, n\u00e9anmoins, la dur\u00e9e maximale de conservation de vos donn\u00e9es est de 3 ans \u00e0 compter du dernier contact.<br><\/p>\n\n\n\n<h3 class=\"wp-block-heading\">Formulaire de contact<\/h3>\n\n\n\n<p>Les donn\u00e9es sont transmises par l\u2019usager du site qui souhaite adresser une remarque ou un signalement. Les informations recueillies \u00e0 partir de ce formulaire sont transmises au service en charge de g\u00e9rer les remarques sur le site du Comit\u00e9 D\u00e9partemental du Tourisme du Val-de-Marne. La dur\u00e9e maximale de conservation de vos donn\u00e9es est de 3 ans \u00e0 compter du dernier contact.<\/p>\n\n\n\n<h2 class=\"wp-block-heading\">POLITIQUE DE DONN\u00c9ES PERSONNELLES RELATIVES AUX MINEURS<\/h2>\n\n\n\n<p>Le site ne vise pas comme public les mineurs. L\u2019acc\u00e8s au site ne leur est toutefois pas interdit car il ne pr\u00e9sente pas de contenus interdits aux mineurs de moins de 18 ans.<\/p>\n\n\n\n<h2 class=\"wp-block-heading\">VOS DROITS<\/h2>\n\n\n\n<p>Conform\u00e9ment aux dispositions de la R\u00e9glementation applicable en mati\u00e8re de protection des donn\u00e9es personnelles, vous disposez notamment d\u2019un droit d\u2019acc\u00e8s, de rectification, d\u2019effacement des donn\u00e9es vous concernant et du droit d\u2019obtenir une copie des donn\u00e9es personnelles que nous d\u00e9tenons sous un format \u00e9lectronique structur\u00e9 (portabilit\u00e9).<\/p>\n\n\n\n<p>Vous disposez \u00e9galement d\u2019un droit d\u2019opposition pour motif l\u00e9gitime \u00e0 ce que les donn\u00e9es \u00e0 caract\u00e8re personnel vous concernant fassent l\u2019objet d\u2019un traitement, et d\u2019un droit d\u2019opposition \u00e0 ce que vos donn\u00e9es soient utilis\u00e9es \u00e0 des fins de prospection notamment commerciale.<\/p>\n\n\n\n<p>Vous pouvez exercer vos droits en nous adressant vos demandes par courrier postal \u00e0 l\u2019adresse suivante Comit\u00e9 D\u00e9partemental du Tourisme du Val-de-Marne, 16 rue Jos\u00e9phine de Beauharnais, 94500 Champigny-sur-Marne ou directement via notre formulaire de contact. .<br>Nous nous engageons \u00e0 r\u00e9pondre \u00e0 ces demandes dans un d\u00e9lai d\u2019un mois \u00e0 compter de la r\u00e9ception de la demande. Ce d\u00e9lai peut \u00eatre prolong\u00e9 de deux mois, selon la complexit\u00e9 et le nombre de demandes re\u00e7ues.<\/p>\n\n\n\n<p>En cas de litige sur l\u2019exercice de vos droits, vous avez la facult\u00e9 d\u2019introduire une r\u00e9clamation aupr\u00e8s de la Commission Nationale de l\u2019Informatique et des Libert\u00e9s.<\/p>\n\n\n\n<h2 class=\"wp-block-heading\">CONSERVATION DES DONN\u00c9ES<\/h2>\n\n\n\n<p>Nous ne conservons Vos Donn\u00e9es Personnelles que pour une dur\u00e9e n\u00e9cessaire et proportionn\u00e9e \u00e0 la finalit\u00e9 pour laquelle elles ont \u00e9t\u00e9 collect\u00e9es \u00e0 savoir pour une dur\u00e9e maximale de 3 ans \u00e0 compter du dernier \u00e9change que vous avez eu avec nous et effectu\u00e9 \u00e0 votre initiative (connexion \u00e0 votre compte notamment). Au-del\u00e0 des p\u00e9riodes pr\u00e9cit\u00e9es, vos donn\u00e9es seront anonymis\u00e9es.<\/p>\n\n\n\n<h2 class=\"wp-block-heading\">MISE \u00c0 JOUR DE LA PR\u00c9SENTE POLITIQUE DE CONFIDENTIALIT\u00c9<\/h2>\n\n\n\n<p>La pr\u00e9sente politique de confidentialit\u00e9 est susceptible d\u2019\u00eatre modifi\u00e9e ou am\u00e9nag\u00e9e \u00e0 tout moment.<br>Vous \u00eates invit\u00e9s \u00e0 la consulter r\u00e9guli\u00e8rement.<\/p>\n\n\n\n<p>Pour plus d\u2019informations pratiques sur l\u2019exercice de vos droits, nous vous recommandons de consulter le site de la Commission Nationale Informatique et Libert\u00e9s, et plus particuli\u00e8rement la page&nbsp;<a href=\"https:\/\/www.cnil.fr\/fr\/comprendre-vos-droits\">https:\/\/www.cnil.fr\/fr\/comprendre-vos-droits<\/a><\/p>\n\n\n\n<p>Pour toute information relative aux donn\u00e9es collect\u00e9es sur le site e-commerce Explore Paris, merci de vous r\u00e9f\u00e9rer aux conditions g\u00e9n\u00e9rales de vente du site.<br>Derni\u00e8re modification : 01 avril 2018<\/p>\n","protected":false},"excerpt":{"rendered":"<p>PR\u00c9AMBULE Le Comit\u00e9 D\u00e9partemental du Tourisme du Val-de-Marne traite des donn\u00e9es \u00e0 caract\u00e8re personnel (ci-apr\u00e8s les \u00ab Donn\u00e9es Personnelles) \u00bb vous concernant dans le cadre de l\u2019utilisation de ce site internet (ci-apr\u00e8s le \u00ab Site \u00bb).En tant que responsable de traitement, nous sommes respectueux de la vie priv\u00e9e et nous prot\u00e9geons les donn\u00e9es \u00e0 caract\u00e8re [&hellip;]<\/p>\n","protected":false},"author":1,"featured_media":0,"parent":0,"menu_order":130,"comment_status":"closed","ping_status":"closed","template":"","meta":{"_relevanssi_hide_post":"","_relevanssi_hide_content":"","_relevanssi_pin_for_all":"","_relevanssi_pin_keywords":"","_relevanssi_unpin_keywords":"","_relevanssi_related_keywords":"","_relevanssi_related_include_ids":"","_relevanssi_related_exclude_ids":"","_relevanssi_related_no_append":"","_relevanssi_related_not_related":"","_relevanssi_related_posts":"2749,2741,2751,442,8077,8104","_relevanssi_noindex_reason":"","footnotes":""},"vdmTagMarketing":[],"class_list":["post-39","page","type-page","status-publish","hentry"],"acf":[],"yoast_head":"<!-- This site is optimized with the Yoast SEO plugin v23.9 - https:\/\/yoast.com\/wordpress\/plugins\/seo\/ -->\n<title>Politique de confidentialit\u00e9 - Espace Pro<\/title>\n<meta name=\"robots\" content=\"noindex, follow\" \/>\n<meta property=\"og:locale\" content=\"fr_FR\" \/>\n<meta property=\"og:type\" content=\"article\" \/>\n<meta property=\"og:title\" content=\"Politique de confidentialit\u00e9 - Espace Pro\" \/>\n<meta property=\"og:description\" content=\"PR\u00c9AMBULE Le Comit\u00e9 D\u00e9partemental du Tourisme du Val-de-Marne traite des donn\u00e9es \u00e0 caract\u00e8re personnel (ci-apr\u00e8s les \u00ab Donn\u00e9es Personnelles) \u00bb vous concernant dans le cadre de l\u2019utilisation de ce site internet (ci-apr\u00e8s le \u00ab Site \u00bb).En tant que responsable de traitement, nous sommes respectueux de la vie priv\u00e9e et nous prot\u00e9geons les donn\u00e9es \u00e0 caract\u00e8re [&hellip;]\" \/>\n<meta property=\"og:url\" content=\"https:\/\/www.tourisme-valdemarne.com\/espace-pro\/politique-de-confidentialite\/\" \/>\n<meta property=\"og:site_name\" content=\"Espace Pro\" \/>\n<meta property=\"article:modified_time\" content=\"2023-04-24T12:12:17+00:00\" \/>\n<meta name=\"twitter:card\" content=\"summary_large_image\" \/>\n<meta name=\"twitter:label1\" content=\"Dur\u00e9e de lecture estim\u00e9e\" \/>\n\t<meta name=\"twitter:data1\" content=\"9 minutes\" \/>\n<script type=\"application\/ld+json\" class=\"yoast-schema-graph\">{\"@context\":\"https:\/\/schema.org\",\"@graph\":[{\"@type\":\"WebPage\",\"@id\":\"https:\/\/www.tourisme-valdemarne.com\/espace-pro\/politique-de-confidentialite\/\",\"url\":\"https:\/\/www.tourisme-valdemarne.com\/espace-pro\/politique-de-confidentialite\/\",\"name\":\"Politique de confidentialit\u00e9 - Espace Pro\",\"isPartOf\":{\"@id\":\"https:\/\/www.tourisme-valdemarne.com\/espace-pro\/#website\"},\"datePublished\":\"2019-04-02T15:00:17+00:00\",\"dateModified\":\"2023-04-24T12:12:17+00:00\",\"breadcrumb\":{\"@id\":\"https:\/\/www.tourisme-valdemarne.com\/espace-pro\/politique-de-confidentialite\/#breadcrumb\"},\"inLanguage\":\"fr-FR\",\"potentialAction\":[{\"@type\":\"ReadAction\",\"target\":[\"https:\/\/www.tourisme-valdemarne.com\/espace-pro\/politique-de-confidentialite\/\"]}]},{\"@type\":\"BreadcrumbList\",\"@id\":\"https:\/\/www.tourisme-valdemarne.com\/espace-pro\/politique-de-confidentialite\/#breadcrumb\",\"itemListElement\":[{\"@type\":\"ListItem\",\"position\":1,\"name\":\"Accueil\",\"item\":\"https:\/\/www.tourisme-valdemarne.com\/espace-pro\/\"},{\"@type\":\"ListItem\",\"position\":2,\"name\":\"Politique de confidentialit\u00e9\"}]},{\"@type\":\"WebSite\",\"@id\":\"https:\/\/www.tourisme-valdemarne.com\/espace-pro\/#website\",\"url\":\"https:\/\/www.tourisme-valdemarne.com\/espace-pro\/\",\"name\":\"Espace Pro\",\"description\":\"Informations et outils pour les professionnels et la Presse\",\"potentialAction\":[{\"@type\":\"SearchAction\",\"target\":{\"@type\":\"EntryPoint\",\"urlTemplate\":\"https:\/\/www.tourisme-valdemarne.com\/espace-pro\/?s={search_term_string}\"},\"query-input\":{\"@type\":\"PropertyValueSpecification\",\"valueRequired\":true,\"valueName\":\"search_term_string\"}}],\"inLanguage\":\"fr-FR\"}]}<\/script>\n<!-- \/ Yoast SEO plugin. -->","yoast_head_json":{"title":"Politique de confidentialit\u00e9 - Espace Pro","robots":{"index":"noindex","follow":"follow"},"og_locale":"fr_FR","og_type":"article","og_title":"Politique de confidentialit\u00e9 - Espace Pro","og_description":"PR\u00c9AMBULE Le Comit\u00e9 D\u00e9partemental du Tourisme du Val-de-Marne traite des donn\u00e9es \u00e0 caract\u00e8re personnel (ci-apr\u00e8s les \u00ab Donn\u00e9es Personnelles) \u00bb vous concernant dans le cadre de l\u2019utilisation de ce site internet (ci-apr\u00e8s le \u00ab Site \u00bb).En tant que responsable de traitement, nous sommes respectueux de la vie priv\u00e9e et nous prot\u00e9geons les donn\u00e9es \u00e0 caract\u00e8re [&hellip;]","og_url":"https:\/\/www.tourisme-valdemarne.com\/espace-pro\/politique-de-confidentialite\/","og_site_name":"Espace Pro","article_modified_time":"2023-04-24T12:12:17+00:00","twitter_card":"summary_large_image","twitter_misc":{"Dur\u00e9e de lecture estim\u00e9e":"9 minutes"},"schema":{"@context":"https:\/\/schema.org","@graph":[{"@type":"WebPage","@id":"https:\/\/www.tourisme-valdemarne.com\/espace-pro\/politique-de-confidentialite\/","url":"https:\/\/www.tourisme-valdemarne.com\/espace-pro\/politique-de-confidentialite\/","name":"Politique de confidentialit\u00e9 - Espace Pro","isPartOf":{"@id":"https:\/\/www.tourisme-valdemarne.com\/espace-pro\/#website"},"datePublished":"2019-04-02T15:00:17+00:00","dateModified":"2023-04-24T12:12:17+00:00","breadcrumb":{"@id":"https:\/\/www.tourisme-valdemarne.com\/espace-pro\/politique-de-confidentialite\/#breadcrumb"},"inLanguage":"fr-FR","potentialAction":[{"@type":"ReadAction","target":["https:\/\/www.tourisme-valdemarne.com\/espace-pro\/politique-de-confidentialite\/"]}]},{"@type":"BreadcrumbList","@id":"https:\/\/www.tourisme-valdemarne.com\/espace-pro\/politique-de-confidentialite\/#breadcrumb","itemListElement":[{"@type":"ListItem","position":1,"name":"Accueil","item":"https:\/\/www.tourisme-valdemarne.com\/espace-pro\/"},{"@type":"ListItem","position":2,"name":"Politique de confidentialit\u00e9"}]},{"@type":"WebSite","@id":"https:\/\/www.tourisme-valdemarne.com\/espace-pro\/#website","url":"https:\/\/www.tourisme-valdemarne.com\/espace-pro\/","name":"Espace Pro","description":"Informations et outils pour les professionnels et la Presse","potentialAction":[{"@type":"SearchAction","target":{"@type":"EntryPoint","urlTemplate":"https:\/\/www.tourisme-valdemarne.com\/espace-pro\/?s={search_term_string}"},"query-input":{"@type":"PropertyValueSpecification","valueRequired":true,"valueName":"search_term_string"}}],"inLanguage":"fr-FR"}]}},"_links":{"self":[{"href":"https:\/\/www.tourisme-valdemarne.com\/espace-pro\/wp-json\/wp\/v2\/pages\/39","targetHints":{"allow":["GET"]}}],"collection":[{"href":"https:\/\/www.tourisme-valdemarne.com\/espace-pro\/wp-json\/wp\/v2\/pages"}],"about":[{"href":"https:\/\/www.tourisme-valdemarne.com\/espace-pro\/wp-json\/wp\/v2\/types\/page"}],"author":[{"embeddable":true,"href":"https:\/\/www.tourisme-valdemarne.com\/espace-pro\/wp-json\/wp\/v2\/users\/1"}],"replies":[{"embeddable":true,"href":"https:\/\/www.tourisme-valdemarne.com\/espace-pro\/wp-json\/wp\/v2\/comments?post=39"}],"version-history":[{"count":1,"href":"https:\/\/www.tourisme-valdemarne.com\/espace-pro\/wp-json\/wp\/v2\/pages\/39\/revisions"}],"predecessor-version":[{"id":6207,"href":"https:\/\/www.tourisme-valdemarne.com\/espace-pro\/wp-json\/wp\/v2\/pages\/39\/revisions\/6207"}],"wp:attachment":[{"href":"https:\/\/www.tourisme-valdemarne.com\/espace-pro\/wp-json\/wp\/v2\/media?parent=39"}],"wp:term":[{"taxonomy":"vdmTagMarketing","embeddable":true,"href":"https:\/\/www.tourisme-valdemarne.com\/espace-pro\/wp-json\/wp\/v2\/vdmTagMarketing?post=39"}],"curies":[{"name":"wp","href":"https:\/\/api.w.org\/{rel}","templated":true}]}}