{"id":3349,"date":"2019-06-07T16:12:31","date_gmt":"2019-06-07T14:12:31","guid":{"rendered":"https:\/\/www.tourisme-valdemarne.com\/espace-pro\/appels-doffre"},"modified":"2019-06-07T16:12:31","modified_gmt":"2019-06-07T14:12:31","slug":"appels-doffre","status":"publish","type":"page","link":"https:\/\/www.tourisme-valdemarne.com\/espace-pro\/appels-doffre\/","title":{"rendered":"Appels d&rsquo;offre"},"content":{"rendered":"\n<h2 class=\"wp-block-heading\">Annonce 2019-01-01<\/h2>\n\n\n\n<h3 class=\"wp-block-heading\"><strong>Prestation de guidage &#8211; Patrimoine roulant de la RATP<\/strong><\/h3>\n\n\n\n<p><strong>Descriptif de l\u2019annonce :<\/strong><\/p>\n\n\n\n<p>Le CDT 94 recherche un(e) Conf\u00e9rencier national \/ Conf\u00e9renci\u00e8re nationale (H\/F). Vous aurez pour principales missions la r\u00e9alisation des visites-conf\u00e9rences du patrimoine roulant de la RATP \u00e0 Villeneuve-Saint-Georges (94) destin\u00e9es \u00e0 des publics vari\u00e9s : individuels regroup\u00e9s (GIR) et groupes constitu\u00e9s. Organisation des visites en partenariat avec le service Patrimoine culturel de la RATP.<\/p>\n\n\n\n<p><strong>Services :<\/strong>Nom et adresse de l\u2019organisme acheteur : Comit\u00e9 D\u00e9partemental du Tourisme du Val-de-Marne<br>Correspondant : le Pr\u00e9sident, 16 rue Jos\u00e9phine de Beauharnais \u2013 94500 Champigny-sur-Marne<\/p>\n\n\n\n<p><strong>Date limite de r\u00e9ception des offres :<\/strong>&nbsp;le vendredi 8 f\u00e9vrier 2019 \u00e0 17h<\/p>\n\n\n\n<p><strong>Renseignements compl\u00e9mentaires :&nbsp;<\/strong>les candidats int\u00e9ress\u00e9s peuvent demander gratuitement le cahier des charges aupr\u00e8s du CDT Val-de-Marne par mail :&nbsp;<a href=\"mailto:fr&#111;bl&#111;&#116;&#64;&#116;&#111;&#117;&#114;&#105;&#115;&#109;&#101;-v&#97;l&#100;&#101;&#109;arn&#101;&#46;com\">f&#114;&#111;&#98;l&#111;&#116;&#64;t&#111;urism&#101;&#45;v&#97;ld&#101;ma&#114;n&#101;.c&#111;&#109;<\/a>&nbsp;ou au 01 55 09 30 79.<\/p>\n\n\n\n<h2 class=\"wp-block-heading\">Annonce 2018-11-02<\/h2>\n\n\n\n<h3 class=\"wp-block-heading\">Conception et animation d\u2019une balade urbaine entre Paris et Gentilly<\/h3>\n\n\n\n<p><strong>Descriptif de l\u2019annonce :<\/strong><\/p>\n\n\n\n<p>Conception d\u2019une visite p\u00e9destre guid\u00e9e de 2h faisant le lien entre Paris et Gentilly avec comme fil conducteur la th\u00e9matique de la rivi\u00e8re Bi\u00e8vre. La proposition de prestation doit comporter la cr\u00e9ation du parcours urbain et le guidage d\u2019au moins une date de visite pour le grand public. La proposition devra \u00eatre envoy\u00e9e sous forme de devis.<\/p>\n\n\n\n<p><strong>Services :<\/strong>Nom et adresse de l\u2019organisme acheteur : Comit\u00e9 D\u00e9partemental du Tourisme du Val-de-Marne<br>Correspondant : le Pr\u00e9sident, 16 rue Jos\u00e9phine de Beauharnais \u2013 94500 Champigny-sur-Marne<\/p>\n\n\n\n<p><strong>Date limite de r\u00e9ception des offres :<\/strong>&nbsp;le vendredi 23 novembre 2018 \u00e0 17h<\/p>\n\n\n\n<p><strong>Renseignements compl\u00e9mentaires :<\/strong>&nbsp;C\u00e9lia Guizard :&nbsp;<a href=\"mailto:cgui&#122;ard&#64;&#116;o&#117;&#114;&#105;&#115;m&#101;&#45;&#118;&#97;&#108;d&#101;&#109;a&#114;ne&#46;co&#109;\">&#99;g&#117;iz&#97;rd&#64;&#116;&#111;u&#114;&#105;sme&#45;&#118;&#97;&#108;&#100;emarn&#101;.c&#111;m<\/a><\/p>\n\n\n\n<h2 class=\"wp-block-heading\">Annonce 2018-10-01<\/h2>\n\n\n\n<h3 class=\"wp-block-heading\">Refonte site internet tourisme-valdemarne.com<\/h3>\n\n\n\n<p><strong>Descriptif de l\u2019annonce :<\/strong><\/p>\n\n\n\n<p>Val-de-Marne Tourisme &amp; Loisirs lance un appel d\u2019offres jusqu\u2019au 9 novembre 2018 dans le cadre de la cr\u00e9ation de son nouveau site web vitrine.<\/p>\n\n\n\n<p>Ce nouveau site du tourisme et des loisirs en Val-de-Marne sera non seulement un site vitrine mais aussi un site pratique permettant de r\u00e9pondre \u00e0 toutes les \u00e9tapes du parcours utilisateur. Il comprendra \u00e9galement des parties r\u00e9serv\u00e9es aux professionnels.<\/p>\n\n\n\n<p>La pr\u00e9sente consultation a donc pour objet la d\u00e9signation d\u2019un prestataire pour la r\u00e9alisation de la refonte du site tourisme-valdemarne.com, comprenant l\u2019ensemble des missions n\u00e9cessaires \u00e0 son ex\u00e9cution (d\u00e9veloppement du site et du back office, design, int\u00e9gration des donn\u00e9es, cr\u00e9ation d\u2019outils int\u00e9gr\u00e9s, etc. mais aussi h\u00e9bergement et maintenance).<\/p>\n\n\n\n<p><strong>Services :<\/strong><\/p>\n\n\n\n<p>Nom et adresse de l\u2019organisme acheteur : Comit\u00e9 D\u00e9partemental du Tourisme du Val-de-Marne<br>Correspondant :&nbsp;le Pr\u00e9sident, 16 rue Jos\u00e9phine de Beauharnais \u2013 94500 Champigny-sur-Marne<\/p>\n\n\n\n<p><strong>Mode de passation :<\/strong><\/p>\n\n\n\n<p>March\u00e9 en proc\u00e9dure adapt\u00e9e<\/p>\n\n\n\n<p><strong>Dur\u00e9e du march\u00e9 :<\/strong><\/p>\n\n\n\n<p>1 mois et 1 semaine \u00e0 compter de la notification<\/p>\n\n\n\n<p><strong>Date limite de r\u00e9ception des offres :<\/strong><\/p>\n\n\n\n<p>le vendredi 9 novembre 18h<\/p>\n\n\n\n<p><strong>Renseignements compl\u00e9mentaires :<\/strong><\/p>\n\n\n\n<p>les candidats int\u00e9ress\u00e9s peuvent demander gratuitement le cahier des charges aupr\u00e8s du CDT Val-de-Marne par mail : ef&#105;l&#108;i&#111;t&#64;&#116;o&#117;ri&#115;&#109;&#101;-v&#97;&#108;d&#101;m&#97;&#114;ne&#46;&#99;&#111;m ou au 01 55 09 30 76.<\/p>\n\n\n\n<h2 class=\"wp-block-heading\">Annonce 2017-07-21<\/h2>\n\n\n\n<h3 class=\"wp-block-heading\">Impression d\u2019une carte touristique et des loisirs en Val-de-Marne<\/h3>\n\n\n\n<p><strong>Descriptif de l\u2019annonce :<\/strong><\/p>\n\n\n\n<p>Impression d\u2019une nouvelle carte avec pour objectif de valoriser le territoire et de donner des id\u00e9es de sorties selon des th\u00e9matiques repr\u00e9sentatives du Val-de-Marne (impression, fa\u00e7onnage, conditionnement et livraison). L\u2019impression doit se faire en France.<\/p>\n\n\n\n<p><strong>Services :<\/strong>Nom et adresse de l\u2019organisme acheteur : Comit\u00e9 D\u00e9partemental du Tourisme du Val-de-Marne<br>Correspondant : le Pr\u00e9sident, 16 rue Jos\u00e9phine de Beauharnais \u2013 94500 Champigny-sur-Marne<\/p>\n\n\n\n<p><strong>Mode de passation :<\/strong>&nbsp;March\u00e9 en proc\u00e9dure adapt\u00e9e<\/p>\n\n\n\n<p><strong>Dur\u00e9e du march\u00e9 :&nbsp;<\/strong>2 semaines \u00e0 compter de la notification<\/p>\n\n\n\n<p><strong>Date limite de r\u00e9ception des offres :<\/strong>&nbsp;le mardi 28 novembre 2017 \u00e0 17h<\/p>\n\n\n\n<p><strong>Renseignements compl\u00e9mentaires :<\/strong>&nbsp;les candidats int\u00e9ress\u00e9s peuvent demander gratuitement le cahier des charges aupr\u00e8s du CDT Val-de-Marne par mail :&nbsp;<a href=\"mailto:&#101;fi&#108;&#108;io&#116;&#64;to&#117;&#114;&#105;sm&#101;-&#118;al&#100;em&#97;&#114;&#110;e&#46;&#99;o&#109;\">e&#102;&#105;&#108;l&#105;ot&#64;touri&#115;me-v&#97;&#108;&#100;&#101;&#109;&#97;r&#110;&#101;.c&#111;&#109;<\/a>&nbsp;ou au 01 55 09 30 76.<\/p>\n\n\n\n<h2 class=\"wp-block-heading\">Annonce 2017-07-20<\/h2>\n\n\n\n<h3 class=\"wp-block-heading\">Cr\u00e9ation d\u2019une carte touristique et des loisirs en Val-de-Marne<\/h3>\n\n\n\n<p><strong>Descriptif de l\u2019annonce :<\/strong><\/p>\n\n\n\n<p>Conception d\u2019une nouvelle carte avec pour objectif de valoriser le territoire et de donner des id\u00e9es de sorties selon des th\u00e9matiques repr\u00e9sentatives du Val-de-Marne (fond de carte, pictogrammes, mise en page, etc.).<\/p>\n\n\n\n<p><strong>Services :<br><\/strong>Nom et adresse de l\u2019organisme acheteur : Comit\u00e9 D\u00e9partemental du Tourisme du Val-de-Marne<br>Correspondant : le Pr\u00e9sident, 16 rue Jos\u00e9phine de Beauharnais \u2013 94500 Champigny-sur-Marne<\/p>\n\n\n\n<p><strong>Mode de passation :<\/strong>&nbsp;March\u00e9 en proc\u00e9dure adapt\u00e9e<\/p>\n\n\n\n<p><strong>Dur\u00e9e du march\u00e9 :<\/strong>&nbsp;6 semaines \u00e0 compter de la notification<\/p>\n\n\n\n<p><strong>Date limite de r\u00e9ception des offres :<\/strong>&nbsp;le vendredi 1er septembre 2017 \u00e0 17h<\/p>\n\n\n\n<p><strong>Renseignements compl\u00e9mentaires :<\/strong>&nbsp;les candidats int\u00e9ress\u00e9s peuvent demander gratuitement le cahier des charges aupr\u00e8s du CDT Val-de-Marne par mail avant le 3 ao\u00fbt 2017 :&nbsp;<a href=\"mailto:&#101;&#102;il&#108;&#105;&#111;t&#64;&#116;&#111;ur&#105;&#115;&#109;&#101;&#45;&#118;a&#108;d&#101;&#109;a&#114;ne&#46;&#99;&#111;m\">e&#102;illi&#111;t&#64;to&#117;ri&#115;me&#45;&#118;&#97;&#108;&#100;em&#97;rne&#46;c&#111;&#109;<\/a>&nbsp;ou au 01 55 09 30 76.<\/p>\n\n\n\n<h2 class=\"wp-block-heading\">Annonce 2017-03-31<\/h2>\n\n\n\n<h3 class=\"wp-block-heading\">Appel \u00e0 id\u00e9es innovantes dans le domaine du tourisme<\/h3>\n\n\n\n<p><strong>Descriptif de l\u2019annonce :<\/strong><\/p>\n\n\n\n<p>Le Val-de-Marne souhaite int\u00e9grer des d\u00e9marches innovantes dans sa candidature \u00e0 l\u2019accueil du village global de l\u2019Exposition Universelle 2025, autour notamment de la confluence de la Seine et de la Marne.<\/p>\n\n\n\n<p><strong>Services :<br><\/strong>Nom et adresse de l\u2019organisme acheteur : Comit\u00e9 D\u00e9partemental du Tourisme du Val-de-Marne<br>Correspondant : le Pr\u00e9sident, 16 rue Jos\u00e9phine de Beauharnais \u2013 94500 Champigny-sur-Marne<\/p>\n\n\n\n<p><strong>Date limite de r\u00e9ception des offres :<\/strong>&nbsp;le jeudi 20 avril 2017 \u00e0 17h<\/p>\n\n\n\n<p><strong>Renseignements compl\u00e9mentaires :<\/strong>&nbsp;Charline M\u00e9dam :&nbsp;<a href=\"mailto:&#101;fil&#108;io&#116;&#64;tour&#105;&#115;&#109;&#101;-&#118;a&#108;&#100;&#101;&#109;&#97;rne&#46;c&#111;m\">s&#100;&#101;v&#64;t&#111;uri&#115;&#109;e&#45;&#118;a&#108;d&#101;&#109;&#97;rne.c&#111;&#109;<\/a><\/p>\n","protected":false},"excerpt":{"rendered":"<p>Annonce 2019-01-01 Prestation de guidage &#8211; Patrimoine roulant de la RATP Descriptif de l\u2019annonce : Le CDT 94 recherche un(e) Conf\u00e9rencier national \/ Conf\u00e9renci\u00e8re nationale (H\/F). Vous aurez pour principales missions la r\u00e9alisation des visites-conf\u00e9rences du patrimoine roulant de la RATP \u00e0 Villeneuve-Saint-Georges (94) destin\u00e9es \u00e0 des publics vari\u00e9s : individuels regroup\u00e9s (GIR) et groupes [&hellip;]<\/p>\n","protected":false},"author":7,"featured_media":0,"parent":0,"menu_order":0,"comment_status":"closed","ping_status":"closed","template":"","meta":{"_relevanssi_hide_post":"","_relevanssi_hide_content":"","_relevanssi_pin_for_all":"","_relevanssi_pin_keywords":"","_relevanssi_unpin_keywords":"","_relevanssi_related_keywords":"","_relevanssi_related_include_ids":"","_relevanssi_related_exclude_ids":"","_relevanssi_related_no_append":"","_relevanssi_related_not_related":"","_relevanssi_related_posts":"444,2751,2741,8090,8084,2745","_relevanssi_noindex_reason":"","footnotes":""},"vdmTagMarketing":[],"class_list":["post-3349","page","type-page","status-publish","hentry"],"acf":[],"yoast_head":"<!-- This site is optimized with the Yoast SEO plugin v23.9 - https:\/\/yoast.com\/wordpress\/plugins\/seo\/ -->\n<title>Appels d&#039;offre - Espace Pro<\/title>\n<meta name=\"robots\" content=\"index, follow, max-snippet:-1, max-image-preview:large, max-video-preview:-1\" \/>\n<link rel=\"canonical\" href=\"https:\/\/www.tourisme-valdemarne.com\/espace-pro\/appels-doffre\/\" \/>\n<meta property=\"og:locale\" content=\"fr_FR\" \/>\n<meta property=\"og:type\" content=\"article\" \/>\n<meta property=\"og:title\" content=\"Appels d&#039;offre - Espace Pro\" \/>\n<meta property=\"og:description\" content=\"Annonce 2019-01-01 Prestation de guidage &#8211; Patrimoine roulant de la RATP Descriptif de l\u2019annonce : Le CDT 94 recherche un(e) Conf\u00e9rencier national \/ Conf\u00e9renci\u00e8re nationale (H\/F). Vous aurez pour principales missions la r\u00e9alisation des visites-conf\u00e9rences du patrimoine roulant de la RATP \u00e0 Villeneuve-Saint-Georges (94) destin\u00e9es \u00e0 des publics vari\u00e9s : individuels regroup\u00e9s (GIR) et groupes [&hellip;]\" \/>\n<meta property=\"og:url\" content=\"https:\/\/www.tourisme-valdemarne.com\/espace-pro\/appels-doffre\/\" \/>\n<meta property=\"og:site_name\" content=\"Espace Pro\" \/>\n<meta name=\"twitter:card\" content=\"summary_large_image\" \/>\n<meta name=\"twitter:label1\" content=\"Dur\u00e9e de lecture estim\u00e9e\" \/>\n\t<meta name=\"twitter:data1\" content=\"4 minutes\" \/>\n<script type=\"application\/ld+json\" class=\"yoast-schema-graph\">{\"@context\":\"https:\/\/schema.org\",\"@graph\":[{\"@type\":\"WebPage\",\"@id\":\"https:\/\/www.tourisme-valdemarne.com\/espace-pro\/appels-doffre\/\",\"url\":\"https:\/\/www.tourisme-valdemarne.com\/espace-pro\/appels-doffre\/\",\"name\":\"Appels d'offre - Espace Pro\",\"isPartOf\":{\"@id\":\"https:\/\/www.tourisme-valdemarne.com\/espace-pro\/#website\"},\"datePublished\":\"2019-06-07T14:12:31+00:00\",\"dateModified\":\"2019-06-07T14:12:31+00:00\",\"breadcrumb\":{\"@id\":\"https:\/\/www.tourisme-valdemarne.com\/espace-pro\/appels-doffre\/#breadcrumb\"},\"inLanguage\":\"fr-FR\",\"potentialAction\":[{\"@type\":\"ReadAction\",\"target\":[\"https:\/\/www.tourisme-valdemarne.com\/espace-pro\/appels-doffre\/\"]}]},{\"@type\":\"BreadcrumbList\",\"@id\":\"https:\/\/www.tourisme-valdemarne.com\/espace-pro\/appels-doffre\/#breadcrumb\",\"itemListElement\":[{\"@type\":\"ListItem\",\"position\":1,\"name\":\"Accueil\",\"item\":\"https:\/\/www.tourisme-valdemarne.com\/espace-pro\/\"},{\"@type\":\"ListItem\",\"position\":2,\"name\":\"Appels d&rsquo;offre\"}]},{\"@type\":\"WebSite\",\"@id\":\"https:\/\/www.tourisme-valdemarne.com\/espace-pro\/#website\",\"url\":\"https:\/\/www.tourisme-valdemarne.com\/espace-pro\/\",\"name\":\"Espace Pro\",\"description\":\"Informations et outils pour les professionnels et la Presse\",\"potentialAction\":[{\"@type\":\"SearchAction\",\"target\":{\"@type\":\"EntryPoint\",\"urlTemplate\":\"https:\/\/www.tourisme-valdemarne.com\/espace-pro\/?s={search_term_string}\"},\"query-input\":{\"@type\":\"PropertyValueSpecification\",\"valueRequired\":true,\"valueName\":\"search_term_string\"}}],\"inLanguage\":\"fr-FR\"}]}<\/script>\n<!-- \/ Yoast SEO plugin. -->","yoast_head_json":{"title":"Appels d'offre - Espace Pro","robots":{"index":"index","follow":"follow","max-snippet":"max-snippet:-1","max-image-preview":"max-image-preview:large","max-video-preview":"max-video-preview:-1"},"canonical":"https:\/\/www.tourisme-valdemarne.com\/espace-pro\/appels-doffre\/","og_locale":"fr_FR","og_type":"article","og_title":"Appels d'offre - Espace Pro","og_description":"Annonce 2019-01-01 Prestation de guidage &#8211; Patrimoine roulant de la RATP Descriptif de l\u2019annonce : Le CDT 94 recherche un(e) Conf\u00e9rencier national \/ Conf\u00e9renci\u00e8re nationale (H\/F). Vous aurez pour principales missions la r\u00e9alisation des visites-conf\u00e9rences du patrimoine roulant de la RATP \u00e0 Villeneuve-Saint-Georges (94) destin\u00e9es \u00e0 des publics vari\u00e9s : individuels regroup\u00e9s (GIR) et groupes [&hellip;]","og_url":"https:\/\/www.tourisme-valdemarne.com\/espace-pro\/appels-doffre\/","og_site_name":"Espace Pro","twitter_card":"summary_large_image","twitter_misc":{"Dur\u00e9e de lecture estim\u00e9e":"4 minutes"},"schema":{"@context":"https:\/\/schema.org","@graph":[{"@type":"WebPage","@id":"https:\/\/www.tourisme-valdemarne.com\/espace-pro\/appels-doffre\/","url":"https:\/\/www.tourisme-valdemarne.com\/espace-pro\/appels-doffre\/","name":"Appels d'offre - Espace Pro","isPartOf":{"@id":"https:\/\/www.tourisme-valdemarne.com\/espace-pro\/#website"},"datePublished":"2019-06-07T14:12:31+00:00","dateModified":"2019-06-07T14:12:31+00:00","breadcrumb":{"@id":"https:\/\/www.tourisme-valdemarne.com\/espace-pro\/appels-doffre\/#breadcrumb"},"inLanguage":"fr-FR","potentialAction":[{"@type":"ReadAction","target":["https:\/\/www.tourisme-valdemarne.com\/espace-pro\/appels-doffre\/"]}]},{"@type":"BreadcrumbList","@id":"https:\/\/www.tourisme-valdemarne.com\/espace-pro\/appels-doffre\/#breadcrumb","itemListElement":[{"@type":"ListItem","position":1,"name":"Accueil","item":"https:\/\/www.tourisme-valdemarne.com\/espace-pro\/"},{"@type":"ListItem","position":2,"name":"Appels d&rsquo;offre"}]},{"@type":"WebSite","@id":"https:\/\/www.tourisme-valdemarne.com\/espace-pro\/#website","url":"https:\/\/www.tourisme-valdemarne.com\/espace-pro\/","name":"Espace Pro","description":"Informations et outils pour les professionnels et la Presse","potentialAction":[{"@type":"SearchAction","target":{"@type":"EntryPoint","urlTemplate":"https:\/\/www.tourisme-valdemarne.com\/espace-pro\/?s={search_term_string}"},"query-input":{"@type":"PropertyValueSpecification","valueRequired":true,"valueName":"search_term_string"}}],"inLanguage":"fr-FR"}]}},"_links":{"self":[{"href":"https:\/\/www.tourisme-valdemarne.com\/espace-pro\/wp-json\/wp\/v2\/pages\/3349","targetHints":{"allow":["GET"]}}],"collection":[{"href":"https:\/\/www.tourisme-valdemarne.com\/espace-pro\/wp-json\/wp\/v2\/pages"}],"about":[{"href":"https:\/\/www.tourisme-valdemarne.com\/espace-pro\/wp-json\/wp\/v2\/types\/page"}],"author":[{"embeddable":true,"href":"https:\/\/www.tourisme-valdemarne.com\/espace-pro\/wp-json\/wp\/v2\/users\/7"}],"replies":[{"embeddable":true,"href":"https:\/\/www.tourisme-valdemarne.com\/espace-pro\/wp-json\/wp\/v2\/comments?post=3349"}],"version-history":[{"count":1,"href":"https:\/\/www.tourisme-valdemarne.com\/espace-pro\/wp-json\/wp\/v2\/pages\/3349\/revisions"}],"predecessor-version":[{"id":3350,"href":"https:\/\/www.tourisme-valdemarne.com\/espace-pro\/wp-json\/wp\/v2\/pages\/3349\/revisions\/3350"}],"wp:attachment":[{"href":"https:\/\/www.tourisme-valdemarne.com\/espace-pro\/wp-json\/wp\/v2\/media?parent=3349"}],"wp:term":[{"taxonomy":"vdmTagMarketing","embeddable":true,"href":"https:\/\/www.tourisme-valdemarne.com\/espace-pro\/wp-json\/wp\/v2\/vdmTagMarketing?post=3349"}],"curies":[{"name":"wp","href":"https:\/\/api.w.org\/{rel}","templated":true}]}}