{"id":3222,"date":"2019-06-04T09:53:54","date_gmt":"2019-06-04T07:53:54","guid":{"rendered":"https:\/\/www.tourisme-valdemarne.com\/espace-pro\/bilan-des-journees-du-patrimoine-2016"},"modified":"2024-02-06T10:14:45","modified_gmt":"2024-02-06T09:14:45","slug":"bilan-des-journees-du-patrimoine-2016","status":"publish","type":"page","link":"https:\/\/www.tourisme-valdemarne.com\/espace-pro\/observatoire-du-tourisme\/frequentation-des-sites-et-evenements\/bilan-des-journees-du-patrimoine-2016\/","title":{"rendered":"Bilan des Journ\u00e9es du patrimoine 2016"},"content":{"rendered":"\n<p class=\"is-style-excerpt\">Au niveau national, plus de 12 millions de visiteurs ont \u00e9t\u00e9 r\u00e9pertori\u00e9s dans les 17 000 sites ouverts en France, soit une fr\u00e9quentation comparable \u00e0 celle de l\u2019ann\u00e9e derni\u00e8re et ce malgr\u00e9 les dispositifs de s\u00e9curit\u00e9 renforc\u00e9s qui ont pu limiter la fr\u00e9quentation de certains sites.<\/p>\n\n\n\n<div class=\"wp-block-image\"><figure class=\"aligncenter is-resized\"><img data-src=\"https:\/\/www.tourisme-valdemarne.com\/espace-pro\/wp-content\/uploads\/sites\/3\/2019\/06\/affiche-jep-2016-424x600.jpg\" alt=\"Affiche Journ\u00e9es du patrimoine 2016\" class=\"wp-image-3263\" width=\"318\" height=\"450\" srcset=\"https:\/\/www.tourisme-valdemarne.com\/espace-pro\/wp-content\/uploads\/sites\/3\/2019\/06\/affiche-jep-2016-424x600.jpg 424w, https:\/\/www.tourisme-valdemarne.com\/espace-pro\/wp-content\/uploads\/sites\/3\/2019\/06\/affiche-jep-2016-380x537.jpg 380w, https:\/\/www.tourisme-valdemarne.com\/espace-pro\/wp-content\/uploads\/sites\/3\/2019\/06\/affiche-jep-2016-200x283.jpg 200w, https:\/\/www.tourisme-valdemarne.com\/espace-pro\/wp-content\/uploads\/sites\/3\/2019\/06\/affiche-jep-2016.jpg 626w\" sizes=\"(max-width: 318px) 100vw, 318px\" \/><\/figure><\/div>\n\n\n\n<h2 class=\"wp-block-heading\">Fr\u00e9quentation des Journ\u00e9es du Patrimoine en Val-de-Marne<\/h2>\n\n\n\n<p>Cette ann\u00e9e, 150 sites ouvraient leurs portes au public en Val-de-Marne, dans 37 communes.<\/p>\n\n\n\n<p>Un programme comparable \u00e0 celui de l\u2019ann\u00e9e derni\u00e8re, m\u00eame si trois communes n\u2019ont cette ann\u00e9e pas particip\u00e9 : Valenton, Ormesson et Villeneuve-le-Roi.<\/p>\n\n\n\n<p>26 sites ont propos\u00e9 des activit\u00e9s correspondant \u00e0 la th\u00e9matique nationale \u00ab Patrimoine et citoyennet\u00e9 \u00bb.<\/p>\n\n\n\n<h3 class=\"wp-block-heading\">Fr\u00e9quentation de quelques sites en Val-de-Marne<\/h3>\n\n\n<div class=\"infogram-embed\" data-id=\"bc551e15-0cd0-4c84-8ad3-661eea555625\" data-type=\"interactive\" data-title=\"\"><\/div>\n<p><script>!function(e,t,s,i){var n=\"InfogramEmbeds\",o=e.getElementsByTagName(\"script\")[0],d=\/^http:\/.test(e.location)?\"http:\":\"https:\";if(\/^\\\/{2}\/.test(i)&&(i=d+i),window[n]&&window[n].initialized)window[n].process&&window[n].process();else if(!e.getElementById(s)){var r=e.createElement(\"script\");r.async=1,r.id=s,r.src=i,o.parentNode.insertBefore(r,o)}}(document,0,\"infogram-async\",\"https:\/\/e.infogram.com\/js\/dist\/embed-loader-min.js\");<\/script><\/p>\n<div style=\"padding:8px 0;font-family:Arial!important;font-size:13px!important;line-height:15px!important;text-align:center;border-top:1px solid #dadada;margin:0 30px\"><\/div>\n\n\n\n<p>Une enqu\u00eate r\u00e9alis\u00e9e par Val-de-Marne Tourisme &amp; Loisirs aupr\u00e8s des organisateurs des Journ\u00e9es du patrimoine en Val-de-Marne montre que 42% d&rsquo;entre eux sont tr\u00e8s satisfaits de cette \u00e9diton et 56% assez satisfaits. Pour 60% des organisateurs, la fr\u00e9quentation \u00e9tait plus importante le dimanche que le samedi.<\/p>\n\n\n\n<p>Par rapport \u00e0 l\u2019\u00e9dition 2015 des Journ\u00e9es du patrimoine, 40% ont constat\u00e9 une fr\u00e9quentation identique, 37% en hausse et 22% en baisse.<\/p>\n\n\n\n<p>D&rsquo;autre part, 39% font \u00e9tat d&rsquo;une organisation plus compliqu\u00e9e en raison de r\u00e9gles de s\u00e9curit\u00e9 renforc\u00e9es et 14% pensent que cela a eu un impact sur la fr\u00e9quentation de leur lieu.<\/p>\n\n\n\n<h2 class=\"wp-block-heading\">Inscriptions aux visites sur reservation.tourisme-valdemarne.com<\/h2>\n\n\n\n<p>Cette ann\u00e9e, 48 activit\u00e9s dans 22 lieux diff\u00e9rents \u00e9taient propos\u00e9es en r\u00e9servation sur la boutique de visites. Pr\u00e8s de 3 000 inscriptions y ont \u00e9t\u00e9 effectu\u00e9es.<\/p>\n\n\n\n<div class=\"wp-block-image\"><figure class=\"alignright is-resized\"><img data-src=\"https:\/\/www.tourisme-valdemarne.com\/espace-pro\/wp-content\/uploads\/sites\/3\/2019\/06\/graph_creation_compte_clients_jep2016-600x362.jpg\" alt=\"creation comptes clients jep 16\" class=\"wp-image-3279\" width=\"450\" height=\"272\" srcset=\"https:\/\/www.tourisme-valdemarne.com\/espace-pro\/wp-content\/uploads\/sites\/3\/2019\/06\/graph_creation_compte_clients_jep2016-600x362.jpg 600w, https:\/\/www.tourisme-valdemarne.com\/espace-pro\/wp-content\/uploads\/sites\/3\/2019\/06\/graph_creation_compte_clients_jep2016-380x229.jpg 380w, https:\/\/www.tourisme-valdemarne.com\/espace-pro\/wp-content\/uploads\/sites\/3\/2019\/06\/graph_creation_compte_clients_jep2016-200x121.jpg 200w, https:\/\/www.tourisme-valdemarne.com\/espace-pro\/wp-content\/uploads\/sites\/3\/2019\/06\/graph_creation_compte_clients_jep2016.jpg 604w\" sizes=\"(max-width: 450px) 100vw, 450px\" \/><\/figure><\/div>\n\n\n\n<p>Pour la premi\u00e8re fois, l\u2019INSEP a notamment confi\u00e9 au CDT la gestion des inscriptions aux visites et activit\u00e9s propos\u00e9es durant ce week-end. 2 600 inscriptions ont \u00e9t\u00e9 r\u00e9alis\u00e9es et 1 600 personnes accueillies \u00e0 l\u2019INSEP (de nombreuses personnes ayant r\u00e9serv\u00e9 plusieurs visites).Graph creation compte clients JEP2016<\/p>\n\n\n\n<p>Plus de 550 comptes clients ont \u00e9t\u00e9 cr\u00e9\u00e9s sur la boutique entre le 1er et le 18 septembre, soit 35% des nouveaux comptes depuis le d\u00e9but de l\u2019ann\u00e9e. L\u2019envoi d\u2019une newsletter sp\u00e9ciale Journ\u00e9es du patrimoine mettant en avant les visites en r\u00e9servation a \u00e9t\u00e9 tr\u00e8s efficace puisque 135 comptes ont \u00e9t\u00e9 cr\u00e9\u00e9s le jour de l\u2019envoi. Les inscriptions \u00e0 l\u2019INSEP expliquent en grande partie ce succ\u00e8s.<\/p>\n\n\n\n<p>Durant les trois semaines pr\u00e9c\u00e9dant le week-end des Journ\u00e9es du patrimoine, plus de 10 000 visites ont \u00e9t\u00e9 comptabilis\u00e9es sur la boutique, soit presque le double de 2015. Le 9 septembre, date d\u2019envoi de la newsletter sp\u00e9ciale Journ\u00e9es du patrimoine (1 125 visites) et le 17 septembre (1 010 visites) ont enregistr\u00e9 les meilleures fr\u00e9quentations depuis le d\u00e9but de l\u2019ann\u00e9e.<\/p>\n\n\n\n<h3 class=\"wp-block-heading\">Les sites les plus consult\u00e9s sur le web<\/h3>\n\n\n\n<ul class=\"wp-block-list\"><li>Domaine de Grosbois \u00e0 Boissy<\/li><li>Ecole Nationale V\u00e9t\u00e9rinaire d&rsquo;Alfort<\/li><li>Port de Bonneuil<\/li><li>Institut National de l&rsquo;Audiovisuel \u00e0 Bry-sur-Marne<\/li><li>Balades en bateau sur la Marne \u00e0 Chennevi\u00e8res-sur-Marne<\/li><li>Maison de la RATP dans le 12e arr. de Paris<\/li><li>Closerie Falbala &#8211; Fondation Dubuffet<\/li><li>D\u00e9couverte de l&rsquo;Ile des Loups<\/li><li>Balade parisienne en bus dans le 12e arr. de Paris<\/li><li>Mus\u00e9e Fragonard<\/li><\/ul>\n","protected":false},"excerpt":{"rendered":"<p>Au niveau national, plus de 12 millions de visiteurs ont \u00e9t\u00e9 r\u00e9pertori\u00e9s dans les 17 000 sites ouverts en France, soit une fr\u00e9quentation comparable \u00e0 celle de l\u2019ann\u00e9e derni\u00e8re et ce malgr\u00e9 les dispositifs de s\u00e9curit\u00e9 renforc\u00e9s qui ont pu limiter la fr\u00e9quentation de certains sites. Fr\u00e9quentation des Journ\u00e9es du Patrimoine en Val-de-Marne Cette ann\u00e9e, [&hellip;]<\/p>\n","protected":false},"author":8,"featured_media":3026,"parent":947,"menu_order":40,"comment_status":"closed","ping_status":"closed","template":"","meta":{"_relevanssi_hide_post":"","_relevanssi_hide_content":"","_relevanssi_pin_for_all":"","_relevanssi_pin_keywords":"","_relevanssi_unpin_keywords":"","_relevanssi_related_keywords":"","_relevanssi_related_include_ids":"","_relevanssi_related_exclude_ids":"","_relevanssi_related_no_append":"","_relevanssi_related_not_related":"","_relevanssi_related_posts":"2751,2745,444,442,2741,2749","_relevanssi_noindex_reason":"","footnotes":""},"vdmTagMarketing":[],"class_list":["post-3222","page","type-page","status-publish","has-post-thumbnail","hentry"],"acf":[],"yoast_head":"<!-- This site is optimized with the Yoast SEO plugin v23.9 - https:\/\/yoast.com\/wordpress\/plugins\/seo\/ -->\n<title>Bilan des Journ\u00e9es du patrimoine 2016 - Espace Pro<\/title>\n<meta name=\"robots\" content=\"index, follow, max-snippet:-1, max-image-preview:large, max-video-preview:-1\" \/>\n<link rel=\"canonical\" href=\"https:\/\/www.tourisme-valdemarne.com\/espace-pro\/observatoire-du-tourisme\/frequentation-des-sites-et-evenements\/bilan-des-journees-du-patrimoine-2016\/\" \/>\n<meta property=\"og:locale\" content=\"fr_FR\" \/>\n<meta property=\"og:type\" content=\"article\" \/>\n<meta property=\"og:title\" content=\"Bilan des Journ\u00e9es du patrimoine 2016 - Espace Pro\" \/>\n<meta property=\"og:description\" content=\"Au niveau national, plus de 12 millions de visiteurs ont \u00e9t\u00e9 r\u00e9pertori\u00e9s dans les 17 000 sites ouverts en France, soit une fr\u00e9quentation comparable \u00e0 celle de l\u2019ann\u00e9e derni\u00e8re et ce malgr\u00e9 les dispositifs de s\u00e9curit\u00e9 renforc\u00e9s qui ont pu limiter la fr\u00e9quentation de certains sites. Fr\u00e9quentation des Journ\u00e9es du Patrimoine en Val-de-Marne Cette ann\u00e9e, [&hellip;]\" \/>\n<meta property=\"og:url\" content=\"https:\/\/www.tourisme-valdemarne.com\/espace-pro\/observatoire-du-tourisme\/frequentation-des-sites-et-evenements\/bilan-des-journees-du-patrimoine-2016\/\" \/>\n<meta property=\"og:site_name\" content=\"Espace Pro\" \/>\n<meta property=\"article:modified_time\" content=\"2024-02-06T09:14:45+00:00\" \/>\n<meta property=\"og:image\" content=\"https:\/\/www.tourisme-valdemarne.com\/espace-pro\/wp-content\/uploads\/sites\/3\/2019\/05\/enseigne-mac-val-vitry-sur-seine-cp-cdt94-d-thierry.jpg\" \/>\n\t<meta property=\"og:image:width\" content=\"1600\" \/>\n\t<meta property=\"og:image:height\" content=\"749\" \/>\n\t<meta property=\"og:image:type\" content=\"image\/jpeg\" \/>\n<meta name=\"twitter:card\" content=\"summary_large_image\" \/>\n<meta name=\"twitter:label1\" content=\"Dur\u00e9e de lecture estim\u00e9e\" \/>\n\t<meta name=\"twitter:data1\" content=\"3 minutes\" \/>\n<script type=\"application\/ld+json\" class=\"yoast-schema-graph\">{\"@context\":\"https:\/\/schema.org\",\"@graph\":[{\"@type\":\"WebPage\",\"@id\":\"https:\/\/www.tourisme-valdemarne.com\/espace-pro\/observatoire-du-tourisme\/frequentation-des-sites-et-evenements\/bilan-des-journees-du-patrimoine-2016\/\",\"url\":\"https:\/\/www.tourisme-valdemarne.com\/espace-pro\/observatoire-du-tourisme\/frequentation-des-sites-et-evenements\/bilan-des-journees-du-patrimoine-2016\/\",\"name\":\"Bilan des Journ\u00e9es du patrimoine 2016 - Espace Pro\",\"isPartOf\":{\"@id\":\"https:\/\/www.tourisme-valdemarne.com\/espace-pro\/#website\"},\"primaryImageOfPage\":{\"@id\":\"https:\/\/www.tourisme-valdemarne.com\/espace-pro\/observatoire-du-tourisme\/frequentation-des-sites-et-evenements\/bilan-des-journees-du-patrimoine-2016\/#primaryimage\"},\"image\":{\"@id\":\"https:\/\/www.tourisme-valdemarne.com\/espace-pro\/observatoire-du-tourisme\/frequentation-des-sites-et-evenements\/bilan-des-journees-du-patrimoine-2016\/#primaryimage\"},\"thumbnailUrl\":\"https:\/\/www.tourisme-valdemarne.com\/espace-pro\/wp-content\/uploads\/sites\/3\/2019\/05\/enseigne-mac-val-vitry-sur-seine-cp-cdt94-d-thierry.jpg\",\"datePublished\":\"2019-06-04T07:53:54+00:00\",\"dateModified\":\"2024-02-06T09:14:45+00:00\",\"breadcrumb\":{\"@id\":\"https:\/\/www.tourisme-valdemarne.com\/espace-pro\/observatoire-du-tourisme\/frequentation-des-sites-et-evenements\/bilan-des-journees-du-patrimoine-2016\/#breadcrumb\"},\"inLanguage\":\"fr-FR\",\"potentialAction\":[{\"@type\":\"ReadAction\",\"target\":[\"https:\/\/www.tourisme-valdemarne.com\/espace-pro\/observatoire-du-tourisme\/frequentation-des-sites-et-evenements\/bilan-des-journees-du-patrimoine-2016\/\"]}]},{\"@type\":\"ImageObject\",\"inLanguage\":\"fr-FR\",\"@id\":\"https:\/\/www.tourisme-valdemarne.com\/espace-pro\/observatoire-du-tourisme\/frequentation-des-sites-et-evenements\/bilan-des-journees-du-patrimoine-2016\/#primaryimage\",\"url\":\"https:\/\/www.tourisme-valdemarne.com\/espace-pro\/wp-content\/uploads\/sites\/3\/2019\/05\/enseigne-mac-val-vitry-sur-seine-cp-cdt94-d-thierry.jpg\",\"contentUrl\":\"https:\/\/www.tourisme-valdemarne.com\/espace-pro\/wp-content\/uploads\/sites\/3\/2019\/05\/enseigne-mac-val-vitry-sur-seine-cp-cdt94-d-thierry.jpg\",\"width\":1600,\"height\":749,\"caption\":\"Parvis du MAC VAL \u00a9 CDT94\/D.Thierry\"},{\"@type\":\"BreadcrumbList\",\"@id\":\"https:\/\/www.tourisme-valdemarne.com\/espace-pro\/observatoire-du-tourisme\/frequentation-des-sites-et-evenements\/bilan-des-journees-du-patrimoine-2016\/#breadcrumb\",\"itemListElement\":[{\"@type\":\"ListItem\",\"position\":1,\"name\":\"Accueil\",\"item\":\"https:\/\/www.tourisme-valdemarne.com\/espace-pro\/\"},{\"@type\":\"ListItem\",\"position\":2,\"name\":\"Observatoire du tourisme\",\"item\":\"https:\/\/www.tourisme-valdemarne.com\/espace-pro\/observatoire-du-tourisme\/\"},{\"@type\":\"ListItem\",\"position\":3,\"name\":\"Fr\u00e9quentation des sites et \u00e9v\u00e8nements\",\"item\":\"https:\/\/www.tourisme-valdemarne.com\/espace-pro\/observatoire-du-tourisme\/frequentation-des-sites-et-evenements\/\"},{\"@type\":\"ListItem\",\"position\":4,\"name\":\"Bilan des Journ\u00e9es du patrimoine 2016\"}]},{\"@type\":\"WebSite\",\"@id\":\"https:\/\/www.tourisme-valdemarne.com\/espace-pro\/#website\",\"url\":\"https:\/\/www.tourisme-valdemarne.com\/espace-pro\/\",\"name\":\"Espace Pro\",\"description\":\"Informations et outils pour les professionnels et la Presse\",\"potentialAction\":[{\"@type\":\"SearchAction\",\"target\":{\"@type\":\"EntryPoint\",\"urlTemplate\":\"https:\/\/www.tourisme-valdemarne.com\/espace-pro\/?s={search_term_string}\"},\"query-input\":{\"@type\":\"PropertyValueSpecification\",\"valueRequired\":true,\"valueName\":\"search_term_string\"}}],\"inLanguage\":\"fr-FR\"}]}<\/script>\n<!-- \/ Yoast SEO plugin. -->","yoast_head_json":{"title":"Bilan des Journ\u00e9es du patrimoine 2016 - Espace Pro","robots":{"index":"index","follow":"follow","max-snippet":"max-snippet:-1","max-image-preview":"max-image-preview:large","max-video-preview":"max-video-preview:-1"},"canonical":"https:\/\/www.tourisme-valdemarne.com\/espace-pro\/observatoire-du-tourisme\/frequentation-des-sites-et-evenements\/bilan-des-journees-du-patrimoine-2016\/","og_locale":"fr_FR","og_type":"article","og_title":"Bilan des Journ\u00e9es du patrimoine 2016 - Espace Pro","og_description":"Au niveau national, plus de 12 millions de visiteurs ont \u00e9t\u00e9 r\u00e9pertori\u00e9s dans les 17 000 sites ouverts en France, soit une fr\u00e9quentation comparable \u00e0 celle de l\u2019ann\u00e9e derni\u00e8re et ce malgr\u00e9 les dispositifs de s\u00e9curit\u00e9 renforc\u00e9s qui ont pu limiter la fr\u00e9quentation de certains sites. Fr\u00e9quentation des Journ\u00e9es du Patrimoine en Val-de-Marne Cette ann\u00e9e, [&hellip;]","og_url":"https:\/\/www.tourisme-valdemarne.com\/espace-pro\/observatoire-du-tourisme\/frequentation-des-sites-et-evenements\/bilan-des-journees-du-patrimoine-2016\/","og_site_name":"Espace Pro","article_modified_time":"2024-02-06T09:14:45+00:00","og_image":[{"width":1600,"height":749,"url":"https:\/\/www.tourisme-valdemarne.com\/espace-pro\/wp-content\/uploads\/sites\/3\/2019\/05\/enseigne-mac-val-vitry-sur-seine-cp-cdt94-d-thierry.jpg","type":"image\/jpeg"}],"twitter_card":"summary_large_image","twitter_misc":{"Dur\u00e9e de lecture estim\u00e9e":"3 minutes"},"schema":{"@context":"https:\/\/schema.org","@graph":[{"@type":"WebPage","@id":"https:\/\/www.tourisme-valdemarne.com\/espace-pro\/observatoire-du-tourisme\/frequentation-des-sites-et-evenements\/bilan-des-journees-du-patrimoine-2016\/","url":"https:\/\/www.tourisme-valdemarne.com\/espace-pro\/observatoire-du-tourisme\/frequentation-des-sites-et-evenements\/bilan-des-journees-du-patrimoine-2016\/","name":"Bilan des Journ\u00e9es du patrimoine 2016 - Espace Pro","isPartOf":{"@id":"https:\/\/www.tourisme-valdemarne.com\/espace-pro\/#website"},"primaryImageOfPage":{"@id":"https:\/\/www.tourisme-valdemarne.com\/espace-pro\/observatoire-du-tourisme\/frequentation-des-sites-et-evenements\/bilan-des-journees-du-patrimoine-2016\/#primaryimage"},"image":{"@id":"https:\/\/www.tourisme-valdemarne.com\/espace-pro\/observatoire-du-tourisme\/frequentation-des-sites-et-evenements\/bilan-des-journees-du-patrimoine-2016\/#primaryimage"},"thumbnailUrl":"https:\/\/www.tourisme-valdemarne.com\/espace-pro\/wp-content\/uploads\/sites\/3\/2019\/05\/enseigne-mac-val-vitry-sur-seine-cp-cdt94-d-thierry.jpg","datePublished":"2019-06-04T07:53:54+00:00","dateModified":"2024-02-06T09:14:45+00:00","breadcrumb":{"@id":"https:\/\/www.tourisme-valdemarne.com\/espace-pro\/observatoire-du-tourisme\/frequentation-des-sites-et-evenements\/bilan-des-journees-du-patrimoine-2016\/#breadcrumb"},"inLanguage":"fr-FR","potentialAction":[{"@type":"ReadAction","target":["https:\/\/www.tourisme-valdemarne.com\/espace-pro\/observatoire-du-tourisme\/frequentation-des-sites-et-evenements\/bilan-des-journees-du-patrimoine-2016\/"]}]},{"@type":"ImageObject","inLanguage":"fr-FR","@id":"https:\/\/www.tourisme-valdemarne.com\/espace-pro\/observatoire-du-tourisme\/frequentation-des-sites-et-evenements\/bilan-des-journees-du-patrimoine-2016\/#primaryimage","url":"https:\/\/www.tourisme-valdemarne.com\/espace-pro\/wp-content\/uploads\/sites\/3\/2019\/05\/enseigne-mac-val-vitry-sur-seine-cp-cdt94-d-thierry.jpg","contentUrl":"https:\/\/www.tourisme-valdemarne.com\/espace-pro\/wp-content\/uploads\/sites\/3\/2019\/05\/enseigne-mac-val-vitry-sur-seine-cp-cdt94-d-thierry.jpg","width":1600,"height":749,"caption":"Parvis du MAC VAL \u00a9 CDT94\/D.Thierry"},{"@type":"BreadcrumbList","@id":"https:\/\/www.tourisme-valdemarne.com\/espace-pro\/observatoire-du-tourisme\/frequentation-des-sites-et-evenements\/bilan-des-journees-du-patrimoine-2016\/#breadcrumb","itemListElement":[{"@type":"ListItem","position":1,"name":"Accueil","item":"https:\/\/www.tourisme-valdemarne.com\/espace-pro\/"},{"@type":"ListItem","position":2,"name":"Observatoire du tourisme","item":"https:\/\/www.tourisme-valdemarne.com\/espace-pro\/observatoire-du-tourisme\/"},{"@type":"ListItem","position":3,"name":"Fr\u00e9quentation des sites et \u00e9v\u00e8nements","item":"https:\/\/www.tourisme-valdemarne.com\/espace-pro\/observatoire-du-tourisme\/frequentation-des-sites-et-evenements\/"},{"@type":"ListItem","position":4,"name":"Bilan des Journ\u00e9es du patrimoine 2016"}]},{"@type":"WebSite","@id":"https:\/\/www.tourisme-valdemarne.com\/espace-pro\/#website","url":"https:\/\/www.tourisme-valdemarne.com\/espace-pro\/","name":"Espace Pro","description":"Informations et outils pour les professionnels et la Presse","potentialAction":[{"@type":"SearchAction","target":{"@type":"EntryPoint","urlTemplate":"https:\/\/www.tourisme-valdemarne.com\/espace-pro\/?s={search_term_string}"},"query-input":{"@type":"PropertyValueSpecification","valueRequired":true,"valueName":"search_term_string"}}],"inLanguage":"fr-FR"}]}},"_links":{"self":[{"href":"https:\/\/www.tourisme-valdemarne.com\/espace-pro\/wp-json\/wp\/v2\/pages\/3222","targetHints":{"allow":["GET"]}}],"collection":[{"href":"https:\/\/www.tourisme-valdemarne.com\/espace-pro\/wp-json\/wp\/v2\/pages"}],"about":[{"href":"https:\/\/www.tourisme-valdemarne.com\/espace-pro\/wp-json\/wp\/v2\/types\/page"}],"author":[{"embeddable":true,"href":"https:\/\/www.tourisme-valdemarne.com\/espace-pro\/wp-json\/wp\/v2\/users\/8"}],"replies":[{"embeddable":true,"href":"https:\/\/www.tourisme-valdemarne.com\/espace-pro\/wp-json\/wp\/v2\/comments?post=3222"}],"version-history":[{"count":6,"href":"https:\/\/www.tourisme-valdemarne.com\/espace-pro\/wp-json\/wp\/v2\/pages\/3222\/revisions"}],"predecessor-version":[{"id":26217,"href":"https:\/\/www.tourisme-valdemarne.com\/espace-pro\/wp-json\/wp\/v2\/pages\/3222\/revisions\/26217"}],"up":[{"embeddable":true,"href":"https:\/\/www.tourisme-valdemarne.com\/espace-pro\/wp-json\/wp\/v2\/pages\/947"}],"wp:featuredmedia":[{"embeddable":true,"href":"https:\/\/www.tourisme-valdemarne.com\/espace-pro\/wp-json\/wp\/v2\/media\/3026"}],"wp:attachment":[{"href":"https:\/\/www.tourisme-valdemarne.com\/espace-pro\/wp-json\/wp\/v2\/media?parent=3222"}],"wp:term":[{"taxonomy":"vdmTagMarketing","embeddable":true,"href":"https:\/\/www.tourisme-valdemarne.com\/espace-pro\/wp-json\/wp\/v2\/vdmTagMarketing?post=3222"}],"curies":[{"name":"wp","href":"https:\/\/api.w.org\/{rel}","templated":true}]}}