{"id":3218,"date":"2019-06-04T09:52:16","date_gmt":"2019-06-04T07:52:16","guid":{"rendered":"https:\/\/www.tourisme-valdemarne.com\/espace-pro\/bilan-des-journees-du-patrimoine-2018"},"modified":"2019-06-17T15:16:37","modified_gmt":"2019-06-17T13:16:37","slug":"bilan-des-journees-du-patrimoine-2018","status":"publish","type":"page","link":"https:\/\/www.tourisme-valdemarne.com\/espace-pro\/observatoire-du-tourisme\/frequentation-des-sites-et-evenements\/bilan-des-journees-du-patrimoine-2018\/","title":{"rendered":"Bilan des Journ\u00e9es du patrimoine 2018"},"content":{"rendered":"\n<p class=\"is-style-excerpt\">Pr\u00e8s de 50 000 visiteurs accueillis en Val-de-Marne les 15 et 16 septembre.<\/p>\n\n\n\n<p>Les Journ\u00e9es europ\u00e9ennes du patrimoine ont eu lieu les 15 et 16 septembre 2018. Cette 35\u00e8me \u00e9dition \u00e9tait plac\u00e9e sous le signe du \u00ab Partage \u00bb, th\u00e8me national largement d\u00e9clin\u00e9 dans de nombreux sites du d\u00e9partement. En Val-de-Marne, 135 lieux ont ouvert leurs portes au public dans 38 communes.<\/p>\n\n\n\n<div class=\"wp-block-image\"><figure class=\"aligncenter is-resized\"><img data-src=\"https:\/\/www.tourisme-valdemarne.com\/espace-pro\/wp-content\/uploads\/sites\/3\/2019\/06\/visuel-jep-2018-600x338.jpg\" alt=\"Affiche Journ\u00e9es du patrimoine 2018\" class=\"wp-image-3265\" width=\"600\" height=\"338\" srcset=\"https:\/\/www.tourisme-valdemarne.com\/espace-pro\/wp-content\/uploads\/sites\/3\/2019\/06\/visuel-jep-2018-600x338.jpg 600w, https:\/\/www.tourisme-valdemarne.com\/espace-pro\/wp-content\/uploads\/sites\/3\/2019\/06\/visuel-jep-2018-900x506.jpg 900w, https:\/\/www.tourisme-valdemarne.com\/espace-pro\/wp-content\/uploads\/sites\/3\/2019\/06\/visuel-jep-2018-1200x675.jpg 1200w, https:\/\/www.tourisme-valdemarne.com\/espace-pro\/wp-content\/uploads\/sites\/3\/2019\/06\/visuel-jep-2018-380x214.jpg 380w, https:\/\/www.tourisme-valdemarne.com\/espace-pro\/wp-content\/uploads\/sites\/3\/2019\/06\/visuel-jep-2018-200x113.jpg 200w, https:\/\/www.tourisme-valdemarne.com\/espace-pro\/wp-content\/uploads\/sites\/3\/2019\/06\/visuel-jep-2018-1600x900.jpg 1600w, https:\/\/www.tourisme-valdemarne.com\/espace-pro\/wp-content\/uploads\/sites\/3\/2019\/06\/visuel-jep-2018.jpg 2048w\" sizes=\"(max-width: 600px) 100vw, 600px\" \/><\/figure><\/div>\n\n\n\n<h2 class=\"wp-block-heading\">Fr\u00e9quentation des sites val-de-marnais<\/h2>\n\n\n\n<p>Une centaine d\u2019entre eux ont r\u00e9pondu \u00e0 notre enqu\u00eate de fr\u00e9quentation. Ils ont accueilli pr\u00e8s de 50 000 visiteurs (tableau d\u00e9taill\u00e9 en bas de cet article), confirmant l\u2019attachement des val-de-marnais \u00e0 cet \u00e9v\u00e9nement qui leur permet de red\u00e9couvrir le patrimoine pr\u00e8s de chez eux.<\/p>\n\n\n\n<h3 class=\"wp-block-heading\">Top 10 des sites les plus fr\u00e9quent\u00e9s<\/h3>\n\n\n\n<ul class=\"wp-block-list\"><li>Ch\u00e2teau de Vincennes<\/li><li>Parc Dupeyroux \u00e0 Cr\u00e9teil &#8211; Parcs et jardins en f\u00eate<\/li><li>Ecole nationale v\u00e9t\u00e9rinaire de Maisons-Alfort<\/li><li>Chasse au tr\u00e9sor de Vincennes<\/li><li>Entrep\u00f4t RATP \u00ab 100 ans de patrimoine roulant \u00bb \u00e0 Villeneuve-Saint-Georges<\/li><li>Domaine de Grosbois \u00e0 Boissy-Saint-L\u00e9ger<\/li><li>H\u00f4tel de Ville de Vincennes<\/li><li>Institut National de l&rsquo;Audiovisuel (INA) \u00e0 Bry-sur-Marne<\/li><li>G\u00e9oroom IGN \u00e0 Saint-Mand\u00e9<\/li><li>Ch\u00e2teau d\u2019Ormesson<\/li><\/ul>\n\n\n\n<p>Comme les ann\u00e9es pr\u00e9c\u00e9dentes, <a rel=\"noreferrer noopener\" aria-label=\"Champigny-sur-Marne (s\u2019ouvre dans un nouvel onglet)\" href=\"https:\/\/www.tourisme-valdemarne.com\/agendas\/journees-du-patrimoine\/champigny-sur-marne\/\" target=\"_blank\">Champigny-sur-Marne<\/a>, <a rel=\"noreferrer noopener\" aria-label=\"Joinville-le-Pont (s\u2019ouvre dans un nouvel onglet)\" href=\"https:\/\/www.tourisme-valdemarne.com\/agendas\/journees-du-patrimoine\/joinville-le-pont\/\" target=\"_blank\">Joinville-le-Pont<\/a>, <a rel=\"noreferrer noopener\" aria-label=\"Cr\u00e9teil (s\u2019ouvre dans un nouvel onglet)\" href=\"https:\/\/www.tourisme-valdemarne.com\/agendas\/journees-du-patrimoine\/creteil\/\" target=\"_blank\">Cr\u00e9teil<\/a>, <a rel=\"noreferrer noopener\" aria-label=\"Fontenay-sous-Bois (s\u2019ouvre dans un nouvel onglet)\" href=\"https:\/\/www.tourisme-valdemarne.com\/agendas\/journees-du-patrimoine\/fontenay-sous-bois\/\" target=\"_blank\">Fontenay-sous-Bois<\/a>, <a rel=\"noreferrer noopener\" aria-label=\"Ivry-sur-Seine (s\u2019ouvre dans un nouvel onglet)\" href=\"https:\/\/www.tourisme-valdemarne.com\/agendas\/journees-du-patrimoine\/ivry-sur-seine\/\" target=\"_blank\">Ivry-sur-Seine<\/a>, <a rel=\"noreferrer noopener\" aria-label=\"Maisons-Alfort (s\u2019ouvre dans un nouvel onglet)\" href=\"https:\/\/www.tourisme-valdemarne.com\/agendas\/journees-du-patrimoine\/maisons-alfort\/\" target=\"_blank\">Maisons-Alfort<\/a>, <a rel=\"noreferrer noopener\" aria-label=\" (s\u2019ouvre dans un nouvel onglet)\" href=\"https:\/\/www.tourisme-valdemarne.com\/agendas\/journees-du-patrimoine\/nogent-sur-marne\/\" target=\"_blank\">Nogent-sur-Marne<\/a>, <a rel=\"noreferrer noopener\" aria-label=\"Saint-Maur-des-Foss\u00e9s (s\u2019ouvre dans un nouvel onglet)\" href=\"https:\/\/www.tourisme-valdemarne.com\/agendas\/journees-du-patrimoine\/saint-maur-des-fosses\/\" target=\"_blank\">Saint-Maur-des-Foss\u00e9s<\/a>, <a rel=\"noreferrer noopener\" aria-label=\"Sucy-en-Brie (s\u2019ouvre dans un nouvel onglet)\" href=\"https:\/\/www.tourisme-valdemarne.com\/agendas\/journees-du-patrimoine\/sucy-en-brie\/\" target=\"_blank\">Sucy-en-Brie<\/a>, <a rel=\"noreferrer noopener\" aria-label=\"Vincennes (s\u2019ouvre dans un nouvel onglet)\" href=\"https:\/\/www.tourisme-valdemarne.com\/agendas\/journees-du-patrimoine\/vincennes\/\" target=\"_blank\">Vincennes<\/a> et <a rel=\"noreferrer noopener\" aria-label=\"Vitry-sur-Seine (s\u2019ouvre dans un nouvel onglet)\" href=\"https:\/\/www.tourisme-valdemarne.com\/agendas\/journees-du-patrimoine\/vitry-sur-seine\/\" target=\"_blank\">Vitry-sur-Seine<\/a> \u00e9taient les communes les plus fr\u00e9quent\u00e9es.<\/p>\n\n\n\n<p>Cette \u00e9dition 2018 est \u00e9galement marqu\u00e9e par une belle hausse de la fr\u00e9quentation globale en Val-de-Marne : +25% par rapport \u00e0 l\u2019\u00e9dition 2017 . Les chiffres de fr\u00e9quentations site par site montrent une analyse plus nuanc\u00e9e : la fr\u00e9quentation est en hausse pour 32% des sites, en baisse pour 25% et stable pour 9%.<\/p>\n\n\n\n<p>Cette progression de la fr\u00e9quentation concerne notamment les lieux les plus renomm\u00e9s : record de fr\u00e9quentation pour le ch\u00e2teau de Grosbois dont le nombre de visiteurs a tripl\u00e9 par rapport \u00e0 2017, +25% au ch\u00e2teau et \u00e0 l\u2019h\u00f4tel de ville de Vincennes, +30% au Parc Dupeyroux de Cr\u00e9teil et \u00e0 l\u2019\u00e9cole nationale v\u00e9t\u00e9rinaire de Maisons-Alfort.<\/p>\n\n\n\n<p>65% des organisateurs ont par ailleurs observ\u00e9 une fr\u00e9quentation plus importante le dimanche. Le public accueilli \u00e9tait surtout familial et originaire de la commune et des communes voisines.<\/p>\n\n\n\n<h3 class=\"wp-block-heading\">R\u00e9servations sur exploreparis.com<\/h3>\n\n\n\n<p>Cette ann\u00e9e, une vingtaine d\u2019activit\u00e9s \u00e9taient propos\u00e9s \u00e0 la r\u00e9servation sur exploreparis.com. Ce service permet \u00e0 la fois aux organisateurs de g\u00e9rer plus facilement leurs inscriptions et au public de trouver toutes les visites propos\u00e9es sur un seul site et d\u2019\u00e9viter les files d\u2019attente.<\/p>\n\n\n\n<p>Plus de 1100 inscriptions ont \u00e9t\u00e9 enregistr\u00e9es, soit une augmentation de 37% par rapport \u00e0 2017. Les animations qui ont eu le plus de succ\u00e8s sont l\u2019enqu\u00eate de sciences \u00e0 l\u2019IGN (360 inscrits), les escapes-game et autres jeux propos\u00e9s aux Archives d\u00e9partementales (214 inscrits), les coulisses de l\u2019Orlyval (163 inscrits), les visites comment\u00e9es du ch\u00e2teau de Grosbois (151 inscrits) et du ch\u00e2teau d\u2019Ormesson (92 inscrits).<\/p>\n\n\n\n<h2 class=\"wp-block-heading\">Fr\u00e9quentation du programme sur tourisme-valdemarne.com<\/h2>\n\n\n\n<p>En septembre, le programme des Journ\u00e9es du patrimoine sur tourisme-valdemarne.com a g\u00e9n\u00e9r\u00e9 40% du trafic du site web et plus de 60% pendant le week-end des 15 et 16 septembre. En r\u00e9alit\u00e9, le programme des Journ\u00e9es du patrimoine est consult\u00e9 depuis la fin du mois de juillet. En deux mois, presque 30 000 visiteurs l\u2019ont consult\u00e9, dont plus de 9 400 durant le week-end.<\/p>\n\n\n\n<p>Une fr\u00e9quentation exceptionnelle cette ann\u00e9e encore, en hausse de 40% par rapport \u00e0 2017. Au total, le nombre de visiteurs sur la rubrique Journ\u00e9es du patrimoine a plus que tripl\u00e9 depuis 2015. C\u2019est notamment durant le week-end que ce programme a \u00e9t\u00e9 plus consult\u00e9 (+70% en 2018).<\/p>\n\n\n\n<div class=\"wp-block-image\"><figure class=\"aligncenter\"><img width=\"600\" height=\"254\" data-src=\"https:\/\/www.tourisme-valdemarne.com\/espace-pro\/wp-content\/uploads\/sites\/3\/2019\/06\/stats-rubrique_jep2018-600x254.png\" alt=\"visites rubrique journees patrimoine\" class=\"wp-image-3257\" srcset=\"https:\/\/www.tourisme-valdemarne.com\/espace-pro\/wp-content\/uploads\/sites\/3\/2019\/06\/stats-rubrique_jep2018-600x254.png 600w, https:\/\/www.tourisme-valdemarne.com\/espace-pro\/wp-content\/uploads\/sites\/3\/2019\/06\/stats-rubrique_jep2018-900x380.png 900w, https:\/\/www.tourisme-valdemarne.com\/espace-pro\/wp-content\/uploads\/sites\/3\/2019\/06\/stats-rubrique_jep2018-380x161.png 380w, https:\/\/www.tourisme-valdemarne.com\/espace-pro\/wp-content\/uploads\/sites\/3\/2019\/06\/stats-rubrique_jep2018-200x85.png 200w, https:\/\/www.tourisme-valdemarne.com\/espace-pro\/wp-content\/uploads\/sites\/3\/2019\/06\/stats-rubrique_jep2018.png 944w\" sizes=\"(max-width: 600px) 100vw, 600px\" \/><figcaption>Nombre de visites sur la rubrique JEP &#8211; 2018<\/figcaption><\/figure><\/div>\n\n\n\n<p>Cette progression de la fr\u00e9quentation web s\u2019observe aussi sur les articles par commune publi\u00e9s depuis l\u2019ann\u00e9e derni\u00e8re. Ces pages sont de plus en plus consult\u00e9es comme le montrent ces chiffres :<\/p>\n\n\n\n<div class=\"wp-block-image\"><figure class=\"aligncenter\"><img width=\"600\" height=\"442\" data-src=\"https:\/\/www.tourisme-valdemarne.com\/espace-pro\/wp-content\/uploads\/sites\/3\/2019\/06\/stat_pages-communes-jep2018-600x442.png\" alt=\"Fr\u00e9quentations par commune\" class=\"wp-image-3256\" srcset=\"https:\/\/www.tourisme-valdemarne.com\/espace-pro\/wp-content\/uploads\/sites\/3\/2019\/06\/stat_pages-communes-jep2018-600x442.png 600w, https:\/\/www.tourisme-valdemarne.com\/espace-pro\/wp-content\/uploads\/sites\/3\/2019\/06\/stat_pages-communes-jep2018-380x280.png 380w, https:\/\/www.tourisme-valdemarne.com\/espace-pro\/wp-content\/uploads\/sites\/3\/2019\/06\/stat_pages-communes-jep2018-200x147.png 200w, https:\/\/www.tourisme-valdemarne.com\/espace-pro\/wp-content\/uploads\/sites\/3\/2019\/06\/stat_pages-communes-jep2018.png 837w\" sizes=\"(max-width: 600px) 100vw, 600px\" \/><figcaption>Fr\u00e9quentation des pages par commune &#8211; 2018<\/figcaption><\/figure><\/div>\n\n\n\n<p>Enfin, certains sites ont particuli\u00e8rement attir\u00e9 l\u2019attention des internautes :<\/p>\n\n\n\n<ul class=\"wp-block-list\"><li>Ina \u2013 Institut National de l\u2019Audiovisuel (Bry-sur-Marne)<\/li><li>Ch\u00e2teau d\u2019Ormesson (Ormesson-sur-Marne)<\/li><li>Port de Bonneuil-sur-Marne<\/li><li>Parc Dupeyroux \u2013 Parcs et jardins en f\u00eate (Cr\u00e9teil)<\/li><li>Monast\u00e8re Linh Son (Joinville-le-Pont)<\/li><li>Croisi\u00e8res sur la Marne (Chennevi\u00e8res-sur-Marne)<\/li><li>Fort de Nogent (Fontenay-sous-Bois)<\/li><li>Chalet des Canotiers (Joinville-le-Pont)<\/li><li>Ecole nationale v\u00e9t\u00e9rinaire d\u2019Alfort (Maisons-Alfort)<\/li><li>Pavillon Baltard (Nogent-sur-Marne)<\/li><\/ul>\n\n\n\n<h2 class=\"wp-block-heading\">Tableau complet de la fr\u00e9quentation par lieu<\/h2>\n\n\n<div class=\"infogram-embed\" data-id=\"30efd8a8-0105-4121-b0b7-dba11a7a05ff\" data-type=\"interactive\" data-title=\"\"><\/div>\n<p><script>!function(e,t,s,i){var n=\"InfogramEmbeds\",o=e.getElementsByTagName(\"script\")[0],d=\/^http:\/.test(e.location)?\"http:\":\"https:\";if(\/^\\\/{2}\/.test(i)&&(i=d+i),window[n]&&window[n].initialized)window[n].process&&window[n].process();else if(!e.getElementById(s)){var r=e.createElement(\"script\");r.async=1,r.id=s,r.src=i,o.parentNode.insertBefore(r,o)}}(document,0,\"infogram-async\",\"https:\/\/e.infogram.com\/js\/dist\/embed-loader-min.js\");<\/script><\/p>\n<div style=\"padding:8px 0;font-family:Arial!important;font-size:13px!important;line-height:13px!important;text-align:center;border-top:1px solid #dadada;margin:0 30px\"><\/div>\n\n\n\n<p><em>N.B. Les lieux ayant accueillis moins de 30 visiteurs ne sont pas indiqu\u00e9s.<\/em><\/p>\n\n\n\n<p><em>Nous remercions l&rsquo;ensemble des organisateurs qui ont r\u00e9pondu \u00e0 cette enqu\u00eate.<\/em><\/p>\n\n\n\n<p class=\"is-style-highlight\">D\u00e9couvrez le <a href=\"https:\/\/www.tourisme-valdemarne.com\/espace-pro\/observatoire-du-tourisme\/frequentation-des-sites-et-evenements\/bilan-des-journees-du-patrimoine-2017\/\">bilan de l&rsquo;\u00e9dition 2017 des Journ\u00e9es du patrimoine<\/a>.<\/p>\n","protected":false},"excerpt":{"rendered":"<p>Pr\u00e8s de 50 000 visiteurs accueillis en Val-de-Marne les 15 et 16 septembre. Les Journ\u00e9es europ\u00e9ennes du patrimoine ont eu lieu les 15 et 16 septembre 2018. Cette 35\u00e8me \u00e9dition \u00e9tait plac\u00e9e sous le signe du \u00ab Partage \u00bb, th\u00e8me national largement d\u00e9clin\u00e9 dans de nombreux sites du d\u00e9partement. En Val-de-Marne, 135 lieux ont ouvert [&hellip;]<\/p>\n","protected":false},"author":8,"featured_media":2997,"parent":947,"menu_order":11,"comment_status":"closed","ping_status":"closed","template":"","meta":{"_relevanssi_hide_post":"","_relevanssi_hide_content":"","_relevanssi_pin_for_all":"","_relevanssi_pin_keywords":"","_relevanssi_unpin_keywords":"","_relevanssi_related_keywords":"","_relevanssi_related_include_ids":"","_relevanssi_related_exclude_ids":"","_relevanssi_related_no_append":"","_relevanssi_related_not_related":"","_relevanssi_related_posts":"","_relevanssi_noindex_reason":"","footnotes":""},"vdmTagMarketing":[],"class_list":["post-3218","page","type-page","status-publish","has-post-thumbnail","hentry"],"acf":[],"yoast_head":"<!-- This site is optimized with the Yoast SEO plugin v23.9 - https:\/\/yoast.com\/wordpress\/plugins\/seo\/ -->\n<title>Bilan des Journ\u00e9es du patrimoine 2018 - Espace Pro<\/title>\n<meta name=\"robots\" content=\"index, follow, max-snippet:-1, max-image-preview:large, max-video-preview:-1\" \/>\n<link rel=\"canonical\" href=\"https:\/\/www.tourisme-valdemarne.com\/espace-pro\/observatoire-du-tourisme\/frequentation-des-sites-et-evenements\/bilan-des-journees-du-patrimoine-2018\/\" \/>\n<meta property=\"og:locale\" content=\"fr_FR\" \/>\n<meta property=\"og:type\" content=\"article\" \/>\n<meta property=\"og:title\" content=\"Bilan des Journ\u00e9es du patrimoine 2018 - Espace Pro\" \/>\n<meta property=\"og:description\" content=\"Pr\u00e8s de 50 000 visiteurs accueillis en Val-de-Marne les 15 et 16 septembre. Les Journ\u00e9es europ\u00e9ennes du patrimoine ont eu lieu les 15 et 16 septembre 2018. Cette 35\u00e8me \u00e9dition \u00e9tait plac\u00e9e sous le signe du \u00ab Partage \u00bb, th\u00e8me national largement d\u00e9clin\u00e9 dans de nombreux sites du d\u00e9partement. En Val-de-Marne, 135 lieux ont ouvert [&hellip;]\" \/>\n<meta property=\"og:url\" content=\"https:\/\/www.tourisme-valdemarne.com\/espace-pro\/observatoire-du-tourisme\/frequentation-des-sites-et-evenements\/bilan-des-journees-du-patrimoine-2018\/\" \/>\n<meta property=\"og:site_name\" content=\"Espace Pro\" \/>\n<meta property=\"article:modified_time\" content=\"2019-06-17T13:16:37+00:00\" \/>\n<meta property=\"og:image\" content=\"https:\/\/www.tourisme-valdemarne.com\/espace-pro\/wp-content\/uploads\/sites\/3\/2019\/05\/statue-chateau-vincennes.jpg\" \/>\n\t<meta property=\"og:image:width\" content=\"1600\" \/>\n\t<meta property=\"og:image:height\" content=\"1071\" \/>\n\t<meta property=\"og:image:type\" content=\"image\/jpeg\" \/>\n<meta name=\"twitter:card\" content=\"summary_large_image\" \/>\n<meta name=\"twitter:label1\" content=\"Dur\u00e9e de lecture estim\u00e9e\" \/>\n\t<meta name=\"twitter:data1\" content=\"4 minutes\" \/>\n<script type=\"application\/ld+json\" class=\"yoast-schema-graph\">{\"@context\":\"https:\/\/schema.org\",\"@graph\":[{\"@type\":\"WebPage\",\"@id\":\"https:\/\/www.tourisme-valdemarne.com\/espace-pro\/observatoire-du-tourisme\/frequentation-des-sites-et-evenements\/bilan-des-journees-du-patrimoine-2018\/\",\"url\":\"https:\/\/www.tourisme-valdemarne.com\/espace-pro\/observatoire-du-tourisme\/frequentation-des-sites-et-evenements\/bilan-des-journees-du-patrimoine-2018\/\",\"name\":\"Bilan des Journ\u00e9es du patrimoine 2018 - Espace Pro\",\"isPartOf\":{\"@id\":\"https:\/\/www.tourisme-valdemarne.com\/espace-pro\/#website\"},\"primaryImageOfPage\":{\"@id\":\"https:\/\/www.tourisme-valdemarne.com\/espace-pro\/observatoire-du-tourisme\/frequentation-des-sites-et-evenements\/bilan-des-journees-du-patrimoine-2018\/#primaryimage\"},\"image\":{\"@id\":\"https:\/\/www.tourisme-valdemarne.com\/espace-pro\/observatoire-du-tourisme\/frequentation-des-sites-et-evenements\/bilan-des-journees-du-patrimoine-2018\/#primaryimage\"},\"thumbnailUrl\":\"https:\/\/www.tourisme-valdemarne.com\/espace-pro\/wp-content\/uploads\/sites\/3\/2019\/05\/statue-chateau-vincennes.jpg\",\"datePublished\":\"2019-06-04T07:52:16+00:00\",\"dateModified\":\"2019-06-17T13:16:37+00:00\",\"breadcrumb\":{\"@id\":\"https:\/\/www.tourisme-valdemarne.com\/espace-pro\/observatoire-du-tourisme\/frequentation-des-sites-et-evenements\/bilan-des-journees-du-patrimoine-2018\/#breadcrumb\"},\"inLanguage\":\"fr-FR\",\"potentialAction\":[{\"@type\":\"ReadAction\",\"target\":[\"https:\/\/www.tourisme-valdemarne.com\/espace-pro\/observatoire-du-tourisme\/frequentation-des-sites-et-evenements\/bilan-des-journees-du-patrimoine-2018\/\"]}]},{\"@type\":\"ImageObject\",\"inLanguage\":\"fr-FR\",\"@id\":\"https:\/\/www.tourisme-valdemarne.com\/espace-pro\/observatoire-du-tourisme\/frequentation-des-sites-et-evenements\/bilan-des-journees-du-patrimoine-2018\/#primaryimage\",\"url\":\"https:\/\/www.tourisme-valdemarne.com\/espace-pro\/wp-content\/uploads\/sites\/3\/2019\/05\/statue-chateau-vincennes.jpg\",\"contentUrl\":\"https:\/\/www.tourisme-valdemarne.com\/espace-pro\/wp-content\/uploads\/sites\/3\/2019\/05\/statue-chateau-vincennes.jpg\",\"width\":1600,\"height\":1071,\"caption\":\"Statue du Chateau de Vincennes \u00a9 CDT94\/D.Thierry\"},{\"@type\":\"BreadcrumbList\",\"@id\":\"https:\/\/www.tourisme-valdemarne.com\/espace-pro\/observatoire-du-tourisme\/frequentation-des-sites-et-evenements\/bilan-des-journees-du-patrimoine-2018\/#breadcrumb\",\"itemListElement\":[{\"@type\":\"ListItem\",\"position\":1,\"name\":\"Accueil\",\"item\":\"https:\/\/www.tourisme-valdemarne.com\/espace-pro\/\"},{\"@type\":\"ListItem\",\"position\":2,\"name\":\"Observatoire du tourisme\",\"item\":\"https:\/\/www.tourisme-valdemarne.com\/espace-pro\/observatoire-du-tourisme\/\"},{\"@type\":\"ListItem\",\"position\":3,\"name\":\"Fr\u00e9quentation des sites et \u00e9v\u00e8nements\",\"item\":\"https:\/\/www.tourisme-valdemarne.com\/espace-pro\/observatoire-du-tourisme\/frequentation-des-sites-et-evenements\/\"},{\"@type\":\"ListItem\",\"position\":4,\"name\":\"Bilan des Journ\u00e9es du patrimoine 2018\"}]},{\"@type\":\"WebSite\",\"@id\":\"https:\/\/www.tourisme-valdemarne.com\/espace-pro\/#website\",\"url\":\"https:\/\/www.tourisme-valdemarne.com\/espace-pro\/\",\"name\":\"Espace Pro\",\"description\":\"Informations et outils pour les professionnels et la Presse\",\"potentialAction\":[{\"@type\":\"SearchAction\",\"target\":{\"@type\":\"EntryPoint\",\"urlTemplate\":\"https:\/\/www.tourisme-valdemarne.com\/espace-pro\/?s={search_term_string}\"},\"query-input\":{\"@type\":\"PropertyValueSpecification\",\"valueRequired\":true,\"valueName\":\"search_term_string\"}}],\"inLanguage\":\"fr-FR\"}]}<\/script>\n<!-- \/ Yoast SEO plugin. -->","yoast_head_json":{"title":"Bilan des Journ\u00e9es du patrimoine 2018 - Espace Pro","robots":{"index":"index","follow":"follow","max-snippet":"max-snippet:-1","max-image-preview":"max-image-preview:large","max-video-preview":"max-video-preview:-1"},"canonical":"https:\/\/www.tourisme-valdemarne.com\/espace-pro\/observatoire-du-tourisme\/frequentation-des-sites-et-evenements\/bilan-des-journees-du-patrimoine-2018\/","og_locale":"fr_FR","og_type":"article","og_title":"Bilan des Journ\u00e9es du patrimoine 2018 - Espace Pro","og_description":"Pr\u00e8s de 50 000 visiteurs accueillis en Val-de-Marne les 15 et 16 septembre. Les Journ\u00e9es europ\u00e9ennes du patrimoine ont eu lieu les 15 et 16 septembre 2018. Cette 35\u00e8me \u00e9dition \u00e9tait plac\u00e9e sous le signe du \u00ab Partage \u00bb, th\u00e8me national largement d\u00e9clin\u00e9 dans de nombreux sites du d\u00e9partement. En Val-de-Marne, 135 lieux ont ouvert [&hellip;]","og_url":"https:\/\/www.tourisme-valdemarne.com\/espace-pro\/observatoire-du-tourisme\/frequentation-des-sites-et-evenements\/bilan-des-journees-du-patrimoine-2018\/","og_site_name":"Espace Pro","article_modified_time":"2019-06-17T13:16:37+00:00","og_image":[{"width":1600,"height":1071,"url":"https:\/\/www.tourisme-valdemarne.com\/espace-pro\/wp-content\/uploads\/sites\/3\/2019\/05\/statue-chateau-vincennes.jpg","type":"image\/jpeg"}],"twitter_card":"summary_large_image","twitter_misc":{"Dur\u00e9e de lecture estim\u00e9e":"4 minutes"},"schema":{"@context":"https:\/\/schema.org","@graph":[{"@type":"WebPage","@id":"https:\/\/www.tourisme-valdemarne.com\/espace-pro\/observatoire-du-tourisme\/frequentation-des-sites-et-evenements\/bilan-des-journees-du-patrimoine-2018\/","url":"https:\/\/www.tourisme-valdemarne.com\/espace-pro\/observatoire-du-tourisme\/frequentation-des-sites-et-evenements\/bilan-des-journees-du-patrimoine-2018\/","name":"Bilan des Journ\u00e9es du patrimoine 2018 - Espace Pro","isPartOf":{"@id":"https:\/\/www.tourisme-valdemarne.com\/espace-pro\/#website"},"primaryImageOfPage":{"@id":"https:\/\/www.tourisme-valdemarne.com\/espace-pro\/observatoire-du-tourisme\/frequentation-des-sites-et-evenements\/bilan-des-journees-du-patrimoine-2018\/#primaryimage"},"image":{"@id":"https:\/\/www.tourisme-valdemarne.com\/espace-pro\/observatoire-du-tourisme\/frequentation-des-sites-et-evenements\/bilan-des-journees-du-patrimoine-2018\/#primaryimage"},"thumbnailUrl":"https:\/\/www.tourisme-valdemarne.com\/espace-pro\/wp-content\/uploads\/sites\/3\/2019\/05\/statue-chateau-vincennes.jpg","datePublished":"2019-06-04T07:52:16+00:00","dateModified":"2019-06-17T13:16:37+00:00","breadcrumb":{"@id":"https:\/\/www.tourisme-valdemarne.com\/espace-pro\/observatoire-du-tourisme\/frequentation-des-sites-et-evenements\/bilan-des-journees-du-patrimoine-2018\/#breadcrumb"},"inLanguage":"fr-FR","potentialAction":[{"@type":"ReadAction","target":["https:\/\/www.tourisme-valdemarne.com\/espace-pro\/observatoire-du-tourisme\/frequentation-des-sites-et-evenements\/bilan-des-journees-du-patrimoine-2018\/"]}]},{"@type":"ImageObject","inLanguage":"fr-FR","@id":"https:\/\/www.tourisme-valdemarne.com\/espace-pro\/observatoire-du-tourisme\/frequentation-des-sites-et-evenements\/bilan-des-journees-du-patrimoine-2018\/#primaryimage","url":"https:\/\/www.tourisme-valdemarne.com\/espace-pro\/wp-content\/uploads\/sites\/3\/2019\/05\/statue-chateau-vincennes.jpg","contentUrl":"https:\/\/www.tourisme-valdemarne.com\/espace-pro\/wp-content\/uploads\/sites\/3\/2019\/05\/statue-chateau-vincennes.jpg","width":1600,"height":1071,"caption":"Statue du Chateau de Vincennes \u00a9 CDT94\/D.Thierry"},{"@type":"BreadcrumbList","@id":"https:\/\/www.tourisme-valdemarne.com\/espace-pro\/observatoire-du-tourisme\/frequentation-des-sites-et-evenements\/bilan-des-journees-du-patrimoine-2018\/#breadcrumb","itemListElement":[{"@type":"ListItem","position":1,"name":"Accueil","item":"https:\/\/www.tourisme-valdemarne.com\/espace-pro\/"},{"@type":"ListItem","position":2,"name":"Observatoire du tourisme","item":"https:\/\/www.tourisme-valdemarne.com\/espace-pro\/observatoire-du-tourisme\/"},{"@type":"ListItem","position":3,"name":"Fr\u00e9quentation des sites et \u00e9v\u00e8nements","item":"https:\/\/www.tourisme-valdemarne.com\/espace-pro\/observatoire-du-tourisme\/frequentation-des-sites-et-evenements\/"},{"@type":"ListItem","position":4,"name":"Bilan des Journ\u00e9es du patrimoine 2018"}]},{"@type":"WebSite","@id":"https:\/\/www.tourisme-valdemarne.com\/espace-pro\/#website","url":"https:\/\/www.tourisme-valdemarne.com\/espace-pro\/","name":"Espace Pro","description":"Informations et outils pour les professionnels et la Presse","potentialAction":[{"@type":"SearchAction","target":{"@type":"EntryPoint","urlTemplate":"https:\/\/www.tourisme-valdemarne.com\/espace-pro\/?s={search_term_string}"},"query-input":{"@type":"PropertyValueSpecification","valueRequired":true,"valueName":"search_term_string"}}],"inLanguage":"fr-FR"}]}},"_links":{"self":[{"href":"https:\/\/www.tourisme-valdemarne.com\/espace-pro\/wp-json\/wp\/v2\/pages\/3218","targetHints":{"allow":["GET"]}}],"collection":[{"href":"https:\/\/www.tourisme-valdemarne.com\/espace-pro\/wp-json\/wp\/v2\/pages"}],"about":[{"href":"https:\/\/www.tourisme-valdemarne.com\/espace-pro\/wp-json\/wp\/v2\/types\/page"}],"author":[{"embeddable":true,"href":"https:\/\/www.tourisme-valdemarne.com\/espace-pro\/wp-json\/wp\/v2\/users\/8"}],"replies":[{"embeddable":true,"href":"https:\/\/www.tourisme-valdemarne.com\/espace-pro\/wp-json\/wp\/v2\/comments?post=3218"}],"version-history":[{"count":9,"href":"https:\/\/www.tourisme-valdemarne.com\/espace-pro\/wp-json\/wp\/v2\/pages\/3218\/revisions"}],"predecessor-version":[{"id":3274,"href":"https:\/\/www.tourisme-valdemarne.com\/espace-pro\/wp-json\/wp\/v2\/pages\/3218\/revisions\/3274"}],"up":[{"embeddable":true,"href":"https:\/\/www.tourisme-valdemarne.com\/espace-pro\/wp-json\/wp\/v2\/pages\/947"}],"wp:featuredmedia":[{"embeddable":true,"href":"https:\/\/www.tourisme-valdemarne.com\/espace-pro\/wp-json\/wp\/v2\/media\/2997"}],"wp:attachment":[{"href":"https:\/\/www.tourisme-valdemarne.com\/espace-pro\/wp-json\/wp\/v2\/media?parent=3218"}],"wp:term":[{"taxonomy":"vdmTagMarketing","embeddable":true,"href":"https:\/\/www.tourisme-valdemarne.com\/espace-pro\/wp-json\/wp\/v2\/vdmTagMarketing?post=3218"}],"curies":[{"name":"wp","href":"https:\/\/api.w.org\/{rel}","templated":true}]}}