{"id":3214,"date":"2019-06-04T09:31:06","date_gmt":"2019-06-04T07:31:06","guid":{"rendered":"https:\/\/www.tourisme-valdemarne.com\/espace-pro\/frequentation-des-sites-et-evenements-2017"},"modified":"2019-06-17T15:16:51","modified_gmt":"2019-06-17T13:16:51","slug":"frequentation-des-sites-et-evenements-2017","status":"publish","type":"page","link":"https:\/\/www.tourisme-valdemarne.com\/espace-pro\/observatoire-du-tourisme\/frequentation-des-sites-et-evenements\/frequentation-des-sites-et-evenements-2017\/","title":{"rendered":"Fr\u00e9quentation des sites et \u00e9v\u00e8nements 2017"},"content":{"rendered":"\n<p class=\"is-style-excerpt\">Chaque ann\u00e9e, l&rsquo;Observatoire du tourisme du Val-de-Marne interroge les offices de tourisme, sites de visite et organisateurs d&rsquo;\u00e9v\u00e9nements de d\u00e9partement afin de conna\u00eetre leur fr\u00e9quentation et leur analyse de l&rsquo;ann\u00e9e \u00e9coul\u00e9e.<\/p>\n\n\n\n<h2 class=\"wp-block-heading\">Offices de tourisme<\/h2>\n\n\n\n<p>Le nombre de visiteurs accueillis dans les offices de tourisme du d\u00e9partement est stable. Tandis que les offices de tourisme de la Vall\u00e9e de la Marne (Nogent &#8211; Le Perreux) et Fontenay-sous-Bois ont vu leur fr\u00e9quentation augmenter par rapport \u00e0 2016, elle est en l\u00e9g\u00e8re baisse \u00e0 Vincennes.<\/p>\n\n\n\n<div class=\"wp-block-image\"><figure class=\"aligncenter is-resized\"><img data-src=\"https:\/\/www.tourisme-valdemarne.com\/espace-pro\/wp-content\/uploads\/sites\/3\/2019\/06\/otsi_2017-600x118.png\" alt=\"Frequentations offices tourisme 2017\" class=\"wp-image-3248\" width=\"600\" height=\"118\" srcset=\"https:\/\/www.tourisme-valdemarne.com\/espace-pro\/wp-content\/uploads\/sites\/3\/2019\/06\/otsi_2017-600x118.png 600w, https:\/\/www.tourisme-valdemarne.com\/espace-pro\/wp-content\/uploads\/sites\/3\/2019\/06\/otsi_2017-380x75.png 380w, https:\/\/www.tourisme-valdemarne.com\/espace-pro\/wp-content\/uploads\/sites\/3\/2019\/06\/otsi_2017-200x39.png 200w, https:\/\/www.tourisme-valdemarne.com\/espace-pro\/wp-content\/uploads\/sites\/3\/2019\/06\/otsi_2017.png 840w\" sizes=\"(max-width: 600px) 100vw, 600px\" \/><figcaption>Fr\u00e9quentations des offices de tourisme en Val-de-Marne &#8211; 2017<\/figcaption><\/figure><\/div>\n\n\n\n<p>La fr\u00e9quentation est bonne entre avril et octobre, les meilleurs mois \u00e9tant mai et septembre.<\/p>\n\n\n\n<h2 class=\"wp-block-heading\">Sites de visite (mus\u00e9es, monuments, sites de loisirs)<\/h2>\n\n\n\n<p>En 2017, la fr\u00e9quentation des sites de visite est particuli\u00e8rement bonne au printemps et \u00e0 l&rsquo;automne. C&rsquo;est en revanche la p\u00e9riode estivale (juillet, ao\u00fbt) qui est la moins bonne. La fr\u00e9quentation globale est en l\u00e9g\u00e8re baisse par rapport \u00e0 2016.<\/p>\n\n\n\n<figure class=\"wp-block-image\"><img width=\"1200\" height=\"534\" data-src=\"https:\/\/www.tourisme-valdemarne.com\/espace-pro\/wp-content\/uploads\/sites\/3\/2019\/06\/sites_de_visite_2017r-1200x534.png\" alt=\"Frequentations site 2017\" class=\"wp-image-3249\" srcset=\"https:\/\/www.tourisme-valdemarne.com\/espace-pro\/wp-content\/uploads\/sites\/3\/2019\/06\/sites_de_visite_2017r-1200x534.png 1200w, https:\/\/www.tourisme-valdemarne.com\/espace-pro\/wp-content\/uploads\/sites\/3\/2019\/06\/sites_de_visite_2017r-600x267.png 600w, https:\/\/www.tourisme-valdemarne.com\/espace-pro\/wp-content\/uploads\/sites\/3\/2019\/06\/sites_de_visite_2017r-900x401.png 900w, https:\/\/www.tourisme-valdemarne.com\/espace-pro\/wp-content\/uploads\/sites\/3\/2019\/06\/sites_de_visite_2017r-380x169.png 380w, https:\/\/www.tourisme-valdemarne.com\/espace-pro\/wp-content\/uploads\/sites\/3\/2019\/06\/sites_de_visite_2017r-200x89.png 200w, https:\/\/www.tourisme-valdemarne.com\/espace-pro\/wp-content\/uploads\/sites\/3\/2019\/06\/sites_de_visite_2017r.png 1310w\" sizes=\"(max-width: 1200px) 100vw, 1200px\" \/><figcaption>Fr\u00e9quentations des sites de visites en Val-de-Marne &#8211; 2017<\/figcaption><\/figure>\n\n\n\n<p>La majorit\u00e9 des visiteurs sont val-de-marnais (55%) ou franciliens (36%). On compte \u00e9galement 8% de fran\u00e7ais (hors Ile-de-France) et 4% d&rsquo;\u00e9trangers.<\/p>\n\n\n\n<p>La plupart des sites de visites du d\u00e9partement proposent des entr\u00e9es gratuites (en moyenne 67% des entr\u00e9es) et accueillent des scolaires (25% des entr\u00e9es).<\/p>\n\n\n\n<h2 class=\"wp-block-heading\">Ev\u00e9nements<\/h2>\n\n\n\n<p>La fr\u00e9quentation des \u00e9v\u00e9nements val-de-marnais est jug\u00e9e \u00ab\u00a0bonne\u00a0\u00bb ou \u00ab\u00a0tr\u00e8s bonne\u00a0\u00bb en 2017 par 85% des organisateurs d&rsquo;\u00e9v\u00e9nements interrog\u00e9s. Elle est en effet en hausse de 6% en moyenne.<\/p>\n\n\n\n<p>Ces \u00e9v\u00e9nements ont accueillis 60% de val-de-marnais, 30% de franciliens et 10% de fran\u00e7ais originaires d&rsquo;autres r\u00e9gions.<\/p>\n\n\n\n<figure class=\"wp-block-image\"><img width=\"1200\" height=\"657\" data-src=\"https:\/\/www.tourisme-valdemarne.com\/espace-pro\/wp-content\/uploads\/sites\/3\/2019\/06\/evenements_2017-1200x657.png\" alt=\"Frequentations evenements 2017\" class=\"wp-image-3247\" srcset=\"https:\/\/www.tourisme-valdemarne.com\/espace-pro\/wp-content\/uploads\/sites\/3\/2019\/06\/evenements_2017-1200x657.png 1200w, https:\/\/www.tourisme-valdemarne.com\/espace-pro\/wp-content\/uploads\/sites\/3\/2019\/06\/evenements_2017-600x329.png 600w, https:\/\/www.tourisme-valdemarne.com\/espace-pro\/wp-content\/uploads\/sites\/3\/2019\/06\/evenements_2017-900x493.png 900w, https:\/\/www.tourisme-valdemarne.com\/espace-pro\/wp-content\/uploads\/sites\/3\/2019\/06\/evenements_2017-380x208.png 380w, https:\/\/www.tourisme-valdemarne.com\/espace-pro\/wp-content\/uploads\/sites\/3\/2019\/06\/evenements_2017-200x110.png 200w, https:\/\/www.tourisme-valdemarne.com\/espace-pro\/wp-content\/uploads\/sites\/3\/2019\/06\/evenements_2017.png 1528w\" sizes=\"(max-width: 1200px) 100vw, 1200px\" \/><figcaption>Fr\u00e9quentations de \u00e9v\u00e8nements en Val-de-Marne &#8211; 2017<\/figcaption><\/figure>\n\n\n\n<p class=\"is-style-highlight\">Consultez \u00e9galement le <a href=\"https:\/\/www.tourisme-valdemarne.com\/espace-pro\/observatoire-du-tourisme\/frequentation-hoteliere\/frequentation-hoteliere-2017\/\"><strong>bilan de la fr\u00e9quentation h\u00f4teli\u00e8re en 2017<\/strong><\/a>.<\/p>\n","protected":false},"excerpt":{"rendered":"<p>Chaque ann\u00e9e, l&rsquo;Observatoire du tourisme du Val-de-Marne interroge les offices de tourisme, sites de visite et organisateurs d&rsquo;\u00e9v\u00e9nements de d\u00e9partement afin de conna\u00eetre leur fr\u00e9quentation et leur analyse de l&rsquo;ann\u00e9e \u00e9coul\u00e9e. Offices de tourisme Le nombre de visiteurs accueillis dans les offices de tourisme du d\u00e9partement est stable. Tandis que les offices de tourisme de [&hellip;]<\/p>\n","protected":false},"author":8,"featured_media":3308,"parent":947,"menu_order":20,"comment_status":"closed","ping_status":"closed","template":"","meta":{"_relevanssi_hide_post":"","_relevanssi_hide_content":"","_relevanssi_pin_for_all":"","_relevanssi_pin_keywords":"","_relevanssi_unpin_keywords":"","_relevanssi_related_keywords":"","_relevanssi_related_include_ids":"","_relevanssi_related_exclude_ids":"","_relevanssi_related_no_append":"","_relevanssi_related_not_related":"","_relevanssi_related_posts":"","_relevanssi_noindex_reason":"","footnotes":""},"vdmTagMarketing":[],"class_list":["post-3214","page","type-page","status-publish","has-post-thumbnail","hentry"],"acf":[],"yoast_head":"<!-- This site is optimized with the Yoast SEO plugin v23.9 - https:\/\/yoast.com\/wordpress\/plugins\/seo\/ -->\n<title>Fr\u00e9quentation des sites et \u00e9v\u00e8nements 2017 - Espace Pro<\/title>\n<meta name=\"robots\" content=\"index, follow, max-snippet:-1, max-image-preview:large, max-video-preview:-1\" \/>\n<link rel=\"canonical\" href=\"https:\/\/www.tourisme-valdemarne.com\/espace-pro\/observatoire-du-tourisme\/frequentation-des-sites-et-evenements\/frequentation-des-sites-et-evenements-2017\/\" \/>\n<meta property=\"og:locale\" content=\"fr_FR\" \/>\n<meta property=\"og:type\" content=\"article\" \/>\n<meta property=\"og:title\" content=\"Fr\u00e9quentation des sites et \u00e9v\u00e8nements 2017 - Espace Pro\" \/>\n<meta property=\"og:description\" content=\"Chaque ann\u00e9e, l&rsquo;Observatoire du tourisme du Val-de-Marne interroge les offices de tourisme, sites de visite et organisateurs d&rsquo;\u00e9v\u00e9nements de d\u00e9partement afin de conna\u00eetre leur fr\u00e9quentation et leur analyse de l&rsquo;ann\u00e9e \u00e9coul\u00e9e. Offices de tourisme Le nombre de visiteurs accueillis dans les offices de tourisme du d\u00e9partement est stable. Tandis que les offices de tourisme de [&hellip;]\" \/>\n<meta property=\"og:url\" content=\"https:\/\/www.tourisme-valdemarne.com\/espace-pro\/observatoire-du-tourisme\/frequentation-des-sites-et-evenements\/frequentation-des-sites-et-evenements-2017\/\" \/>\n<meta property=\"og:site_name\" content=\"Espace Pro\" \/>\n<meta property=\"article:modified_time\" content=\"2019-06-17T13:16:51+00:00\" \/>\n<meta property=\"og:image\" content=\"https:\/\/www.tourisme-valdemarne.com\/espace-pro\/wp-content\/uploads\/sites\/3\/2019\/06\/oiseau-zoo-vincennes-cp-cdt94-cut.jpg\" \/>\n\t<meta property=\"og:image:width\" content=\"716\" \/>\n\t<meta property=\"og:image:height\" content=\"911\" \/>\n\t<meta property=\"og:image:type\" content=\"image\/jpeg\" \/>\n<meta name=\"twitter:card\" content=\"summary_large_image\" \/>\n<meta name=\"twitter:label1\" content=\"Dur\u00e9e de lecture estim\u00e9e\" \/>\n\t<meta name=\"twitter:data1\" content=\"1 minute\" \/>\n<script type=\"application\/ld+json\" class=\"yoast-schema-graph\">{\"@context\":\"https:\/\/schema.org\",\"@graph\":[{\"@type\":\"WebPage\",\"@id\":\"https:\/\/www.tourisme-valdemarne.com\/espace-pro\/observatoire-du-tourisme\/frequentation-des-sites-et-evenements\/frequentation-des-sites-et-evenements-2017\/\",\"url\":\"https:\/\/www.tourisme-valdemarne.com\/espace-pro\/observatoire-du-tourisme\/frequentation-des-sites-et-evenements\/frequentation-des-sites-et-evenements-2017\/\",\"name\":\"Fr\u00e9quentation des sites et \u00e9v\u00e8nements 2017 - Espace Pro\",\"isPartOf\":{\"@id\":\"https:\/\/www.tourisme-valdemarne.com\/espace-pro\/#website\"},\"primaryImageOfPage\":{\"@id\":\"https:\/\/www.tourisme-valdemarne.com\/espace-pro\/observatoire-du-tourisme\/frequentation-des-sites-et-evenements\/frequentation-des-sites-et-evenements-2017\/#primaryimage\"},\"image\":{\"@id\":\"https:\/\/www.tourisme-valdemarne.com\/espace-pro\/observatoire-du-tourisme\/frequentation-des-sites-et-evenements\/frequentation-des-sites-et-evenements-2017\/#primaryimage\"},\"thumbnailUrl\":\"https:\/\/www.tourisme-valdemarne.com\/espace-pro\/wp-content\/uploads\/sites\/3\/2019\/06\/oiseau-zoo-vincennes-cp-cdt94-cut.jpg\",\"datePublished\":\"2019-06-04T07:31:06+00:00\",\"dateModified\":\"2019-06-17T13:16:51+00:00\",\"breadcrumb\":{\"@id\":\"https:\/\/www.tourisme-valdemarne.com\/espace-pro\/observatoire-du-tourisme\/frequentation-des-sites-et-evenements\/frequentation-des-sites-et-evenements-2017\/#breadcrumb\"},\"inLanguage\":\"fr-FR\",\"potentialAction\":[{\"@type\":\"ReadAction\",\"target\":[\"https:\/\/www.tourisme-valdemarne.com\/espace-pro\/observatoire-du-tourisme\/frequentation-des-sites-et-evenements\/frequentation-des-sites-et-evenements-2017\/\"]}]},{\"@type\":\"ImageObject\",\"inLanguage\":\"fr-FR\",\"@id\":\"https:\/\/www.tourisme-valdemarne.com\/espace-pro\/observatoire-du-tourisme\/frequentation-des-sites-et-evenements\/frequentation-des-sites-et-evenements-2017\/#primaryimage\",\"url\":\"https:\/\/www.tourisme-valdemarne.com\/espace-pro\/wp-content\/uploads\/sites\/3\/2019\/06\/oiseau-zoo-vincennes-cp-cdt94-cut.jpg\",\"contentUrl\":\"https:\/\/www.tourisme-valdemarne.com\/espace-pro\/wp-content\/uploads\/sites\/3\/2019\/06\/oiseau-zoo-vincennes-cp-cdt94-cut.jpg\",\"width\":716,\"height\":911,\"caption\":\"Perroquet du Parc Zoologique de Paris \u00a9 CDT94\"},{\"@type\":\"BreadcrumbList\",\"@id\":\"https:\/\/www.tourisme-valdemarne.com\/espace-pro\/observatoire-du-tourisme\/frequentation-des-sites-et-evenements\/frequentation-des-sites-et-evenements-2017\/#breadcrumb\",\"itemListElement\":[{\"@type\":\"ListItem\",\"position\":1,\"name\":\"Accueil\",\"item\":\"https:\/\/www.tourisme-valdemarne.com\/espace-pro\/\"},{\"@type\":\"ListItem\",\"position\":2,\"name\":\"Observatoire du tourisme\",\"item\":\"https:\/\/www.tourisme-valdemarne.com\/espace-pro\/observatoire-du-tourisme\/\"},{\"@type\":\"ListItem\",\"position\":3,\"name\":\"Fr\u00e9quentation des sites et \u00e9v\u00e8nements\",\"item\":\"https:\/\/www.tourisme-valdemarne.com\/espace-pro\/observatoire-du-tourisme\/frequentation-des-sites-et-evenements\/\"},{\"@type\":\"ListItem\",\"position\":4,\"name\":\"Fr\u00e9quentation des sites et \u00e9v\u00e8nements 2017\"}]},{\"@type\":\"WebSite\",\"@id\":\"https:\/\/www.tourisme-valdemarne.com\/espace-pro\/#website\",\"url\":\"https:\/\/www.tourisme-valdemarne.com\/espace-pro\/\",\"name\":\"Espace Pro\",\"description\":\"Informations et outils pour les professionnels et la Presse\",\"potentialAction\":[{\"@type\":\"SearchAction\",\"target\":{\"@type\":\"EntryPoint\",\"urlTemplate\":\"https:\/\/www.tourisme-valdemarne.com\/espace-pro\/?s={search_term_string}\"},\"query-input\":{\"@type\":\"PropertyValueSpecification\",\"valueRequired\":true,\"valueName\":\"search_term_string\"}}],\"inLanguage\":\"fr-FR\"}]}<\/script>\n<!-- \/ Yoast SEO plugin. -->","yoast_head_json":{"title":"Fr\u00e9quentation des sites et \u00e9v\u00e8nements 2017 - Espace Pro","robots":{"index":"index","follow":"follow","max-snippet":"max-snippet:-1","max-image-preview":"max-image-preview:large","max-video-preview":"max-video-preview:-1"},"canonical":"https:\/\/www.tourisme-valdemarne.com\/espace-pro\/observatoire-du-tourisme\/frequentation-des-sites-et-evenements\/frequentation-des-sites-et-evenements-2017\/","og_locale":"fr_FR","og_type":"article","og_title":"Fr\u00e9quentation des sites et \u00e9v\u00e8nements 2017 - Espace Pro","og_description":"Chaque ann\u00e9e, l&rsquo;Observatoire du tourisme du Val-de-Marne interroge les offices de tourisme, sites de visite et organisateurs d&rsquo;\u00e9v\u00e9nements de d\u00e9partement afin de conna\u00eetre leur fr\u00e9quentation et leur analyse de l&rsquo;ann\u00e9e \u00e9coul\u00e9e. Offices de tourisme Le nombre de visiteurs accueillis dans les offices de tourisme du d\u00e9partement est stable. Tandis que les offices de tourisme de [&hellip;]","og_url":"https:\/\/www.tourisme-valdemarne.com\/espace-pro\/observatoire-du-tourisme\/frequentation-des-sites-et-evenements\/frequentation-des-sites-et-evenements-2017\/","og_site_name":"Espace Pro","article_modified_time":"2019-06-17T13:16:51+00:00","og_image":[{"width":716,"height":911,"url":"https:\/\/www.tourisme-valdemarne.com\/espace-pro\/wp-content\/uploads\/sites\/3\/2019\/06\/oiseau-zoo-vincennes-cp-cdt94-cut.jpg","type":"image\/jpeg"}],"twitter_card":"summary_large_image","twitter_misc":{"Dur\u00e9e de lecture estim\u00e9e":"1 minute"},"schema":{"@context":"https:\/\/schema.org","@graph":[{"@type":"WebPage","@id":"https:\/\/www.tourisme-valdemarne.com\/espace-pro\/observatoire-du-tourisme\/frequentation-des-sites-et-evenements\/frequentation-des-sites-et-evenements-2017\/","url":"https:\/\/www.tourisme-valdemarne.com\/espace-pro\/observatoire-du-tourisme\/frequentation-des-sites-et-evenements\/frequentation-des-sites-et-evenements-2017\/","name":"Fr\u00e9quentation des sites et \u00e9v\u00e8nements 2017 - Espace Pro","isPartOf":{"@id":"https:\/\/www.tourisme-valdemarne.com\/espace-pro\/#website"},"primaryImageOfPage":{"@id":"https:\/\/www.tourisme-valdemarne.com\/espace-pro\/observatoire-du-tourisme\/frequentation-des-sites-et-evenements\/frequentation-des-sites-et-evenements-2017\/#primaryimage"},"image":{"@id":"https:\/\/www.tourisme-valdemarne.com\/espace-pro\/observatoire-du-tourisme\/frequentation-des-sites-et-evenements\/frequentation-des-sites-et-evenements-2017\/#primaryimage"},"thumbnailUrl":"https:\/\/www.tourisme-valdemarne.com\/espace-pro\/wp-content\/uploads\/sites\/3\/2019\/06\/oiseau-zoo-vincennes-cp-cdt94-cut.jpg","datePublished":"2019-06-04T07:31:06+00:00","dateModified":"2019-06-17T13:16:51+00:00","breadcrumb":{"@id":"https:\/\/www.tourisme-valdemarne.com\/espace-pro\/observatoire-du-tourisme\/frequentation-des-sites-et-evenements\/frequentation-des-sites-et-evenements-2017\/#breadcrumb"},"inLanguage":"fr-FR","potentialAction":[{"@type":"ReadAction","target":["https:\/\/www.tourisme-valdemarne.com\/espace-pro\/observatoire-du-tourisme\/frequentation-des-sites-et-evenements\/frequentation-des-sites-et-evenements-2017\/"]}]},{"@type":"ImageObject","inLanguage":"fr-FR","@id":"https:\/\/www.tourisme-valdemarne.com\/espace-pro\/observatoire-du-tourisme\/frequentation-des-sites-et-evenements\/frequentation-des-sites-et-evenements-2017\/#primaryimage","url":"https:\/\/www.tourisme-valdemarne.com\/espace-pro\/wp-content\/uploads\/sites\/3\/2019\/06\/oiseau-zoo-vincennes-cp-cdt94-cut.jpg","contentUrl":"https:\/\/www.tourisme-valdemarne.com\/espace-pro\/wp-content\/uploads\/sites\/3\/2019\/06\/oiseau-zoo-vincennes-cp-cdt94-cut.jpg","width":716,"height":911,"caption":"Perroquet du Parc Zoologique de Paris \u00a9 CDT94"},{"@type":"BreadcrumbList","@id":"https:\/\/www.tourisme-valdemarne.com\/espace-pro\/observatoire-du-tourisme\/frequentation-des-sites-et-evenements\/frequentation-des-sites-et-evenements-2017\/#breadcrumb","itemListElement":[{"@type":"ListItem","position":1,"name":"Accueil","item":"https:\/\/www.tourisme-valdemarne.com\/espace-pro\/"},{"@type":"ListItem","position":2,"name":"Observatoire du tourisme","item":"https:\/\/www.tourisme-valdemarne.com\/espace-pro\/observatoire-du-tourisme\/"},{"@type":"ListItem","position":3,"name":"Fr\u00e9quentation des sites et \u00e9v\u00e8nements","item":"https:\/\/www.tourisme-valdemarne.com\/espace-pro\/observatoire-du-tourisme\/frequentation-des-sites-et-evenements\/"},{"@type":"ListItem","position":4,"name":"Fr\u00e9quentation des sites et \u00e9v\u00e8nements 2017"}]},{"@type":"WebSite","@id":"https:\/\/www.tourisme-valdemarne.com\/espace-pro\/#website","url":"https:\/\/www.tourisme-valdemarne.com\/espace-pro\/","name":"Espace Pro","description":"Informations et outils pour les professionnels et la Presse","potentialAction":[{"@type":"SearchAction","target":{"@type":"EntryPoint","urlTemplate":"https:\/\/www.tourisme-valdemarne.com\/espace-pro\/?s={search_term_string}"},"query-input":{"@type":"PropertyValueSpecification","valueRequired":true,"valueName":"search_term_string"}}],"inLanguage":"fr-FR"}]}},"_links":{"self":[{"href":"https:\/\/www.tourisme-valdemarne.com\/espace-pro\/wp-json\/wp\/v2\/pages\/3214","targetHints":{"allow":["GET"]}}],"collection":[{"href":"https:\/\/www.tourisme-valdemarne.com\/espace-pro\/wp-json\/wp\/v2\/pages"}],"about":[{"href":"https:\/\/www.tourisme-valdemarne.com\/espace-pro\/wp-json\/wp\/v2\/types\/page"}],"author":[{"embeddable":true,"href":"https:\/\/www.tourisme-valdemarne.com\/espace-pro\/wp-json\/wp\/v2\/users\/8"}],"replies":[{"embeddable":true,"href":"https:\/\/www.tourisme-valdemarne.com\/espace-pro\/wp-json\/wp\/v2\/comments?post=3214"}],"version-history":[{"count":6,"href":"https:\/\/www.tourisme-valdemarne.com\/espace-pro\/wp-json\/wp\/v2\/pages\/3214\/revisions"}],"predecessor-version":[{"id":3254,"href":"https:\/\/www.tourisme-valdemarne.com\/espace-pro\/wp-json\/wp\/v2\/pages\/3214\/revisions\/3254"}],"up":[{"embeddable":true,"href":"https:\/\/www.tourisme-valdemarne.com\/espace-pro\/wp-json\/wp\/v2\/pages\/947"}],"wp:featuredmedia":[{"embeddable":true,"href":"https:\/\/www.tourisme-valdemarne.com\/espace-pro\/wp-json\/wp\/v2\/media\/3308"}],"wp:attachment":[{"href":"https:\/\/www.tourisme-valdemarne.com\/espace-pro\/wp-json\/wp\/v2\/media?parent=3214"}],"wp:term":[{"taxonomy":"vdmTagMarketing","embeddable":true,"href":"https:\/\/www.tourisme-valdemarne.com\/espace-pro\/wp-json\/wp\/v2\/vdmTagMarketing?post=3214"}],"curies":[{"name":"wp","href":"https:\/\/api.w.org\/{rel}","templated":true}]}}