{"id":3212,"date":"2020-12-10T23:01:49","date_gmt":"2020-12-10T22:01:49","guid":{"rendered":"https:\/\/www.tourisme-valdemarne.com\/espace-pro\/?page_id=3212"},"modified":"2024-02-20T14:53:17","modified_gmt":"2024-02-20T13:53:17","slug":"frequentation-des-sites-et-evenements-2018","status":"publish","type":"page","link":"https:\/\/www.tourisme-valdemarne.com\/espace-pro\/observatoire-du-tourisme\/frequentation-des-sites-et-evenements\/frequentation-des-sites-et-evenements-2018\/","title":{"rendered":"Fr\u00e9quentation des sites et \u00e9v\u00e8nements 2018"},"content":{"rendered":"\n<p class=\"is-style-excerpt\">Quelle est la fr\u00e9quentation des mus\u00e9es, monuments, centres d\u2019arts et des sites de loisirs en 2018 ? Val-de-Marne Tourisme &amp; Loisirs interroge chaque ann\u00e9e les sites de visite, ainsi que les organisateurs d\u2019\u00e9v\u00e9nements du d\u00e9partement.<\/p>\n\n\n\n<h2 class=\"wp-block-heading\">Sites de visite (mus\u00e9es, monuments, sites de loisirs, etc.)<\/h2>\n\n\n\n<p>Sans surprise, c\u2019est le Playmobil Funpark qui accueilli le plus grand nombre de visiteurs en 2018 en Val-de-Marne. Pas moins de 290 000 personnes ! <\/p>\n\n\n\n<h3 class=\"wp-block-heading\">Top 5 des sites les plus visit\u00e9s en Val-de-Marne<\/h3>\n\n\n\n<ul class=\"wp-block-list\"><li>Playmobil Funpark (Fresnes) : 290 000 visiteurs<\/li><li>Ch\u00e2teau de Vincennes : 139 658 visiteurs<\/li><li>Maison des Arts de Cr\u00e9teil (MAC) : 87 853 visiteurs<\/li><li>Explorad\u00f4me (Vitry-sur-Seine) : 65 872 visiteurs<\/li><li>MAC VAL, mus\u00e9e d\u2019art contemporain du Val-de-Marne (Vitry-sur-Seine) : 61 762 visiteurs <\/li><\/ul>\n\n\n\n<p>Comme pour les \u00e9tablissements h\u00f4teliers, la fr\u00e9quentation est plut\u00f4t au \nbeau fixe dans les sites de visite du d\u00e9partement en 2018. On observe \nune <strong>hausse de 4% en moyenne<\/strong> pour les sites interrog\u00e9s, avec des variations importantes d\u2019un lieu \u00e0 l\u2019autre comme le <strong>ch\u00e2teau de Grosbois qui double sa fr\u00e9quentation<\/strong>\n par rapport \u00e0 2017, ou encore la piscine \u00e0 vague de Cr\u00e9teil avec (+56%)\n et le mus\u00e9e Fragonard de l\u2019Ecole nationale v\u00e9t\u00e9rinaire (+34%).<\/p>\n\n\n\n<p>Si 45% des sites interrog\u00e9s ont vu leur fr\u00e9quentation augmenter en 2018, elle est en revanche en baisse pour 30%. A noter notamment, la baisse constat\u00e9e au Parc zoologique de Paris \u2013 Zoo de Vincennes (-18%), mais aussi au MAC\/VAL (-10%) ou encore \u00e0 <a href=\"https:\/\/www.tourisme-valdemarne.com\/incontournables\/roseraie-du-val-de-marne\/\">la Roseraie du Val-de-Marne<\/a> (-17%).<\/p>\n\n\n\n<p>Parmi les publics accueillis, les sites interrog\u00e9s comptent <strong>70% d\u2019individuels<\/strong> en moyenne et 30% de groupes (adultes et scolaires). Les <strong>visiteurs sont val-de-marnais (44% en moyenne)<\/strong>\n ou originaires des autres d\u00e9partements d\u2019Ile-de-France (50%). On compte\n \u00e9galement 9% de fran\u00e7ais d\u2019autres r\u00e9gions et 5% d\u2019\u00e9trangers.<\/p>\n\n\n\n<h3 class=\"wp-block-heading\">Liste compl\u00e8te de la fr\u00e9quentation par lieu<\/h3>\n\n\n<div class=\"infogram-embed\" data-id=\"ae495bb8-e45a-4c8c-b2e8-f580d0529793\" data-type=\"interactive\" data-title=\"Liste de la fr\u00e9quentation site event 2018\"><\/div>\n<p><script>!function(e,i,n,s){var t=\"InfogramEmbeds\",d=e.getElementsByTagName(\"script\")[0];if(window[t]&&window[t].initialized)window[t].process&&window[t].process();else if(!e.getElementById(n)){var o=e.createElement(\"script\");o.async=1,o.id=n,o.src=\"https:\/\/e.infogram.com\/js\/dist\/embed-loader-min.js\",d.parentNode.insertBefore(o,d)}}(document,0,\"infogram-async\");<\/script><\/p>\n<div style=\"padding:8px 0;font-family:Arial!important;font-size:13px!important;line-height:15px!important;text-align:center;border-top:1px solid #dadada;margin:0 30px\"><a href=\"https:\/\/infogram.com\/ae495bb8-e45a-4c8c-b2e8-f580d0529793\" style=\"color:#989898!important;text-decoration:none!important;\" target=\"_blank\" rel=\"noopener noreferrer\">Liste de la fr\u00e9quentation site event 2018<\/a><br><a href=\"https:\/\/infogram.com\" style=\"color:#989898!important;text-decoration:none!important;\" target=\"_blank\" rel=\"nofollow noopener noreferrer\">Infogram<\/a><\/div>\n\n\n<p><em>Source : Enqu\u00eate men\u00e9e par le CDT 94 aupr\u00e8s des sites de visites.<\/em><\/p>\n\n\n\n<h2 class=\"wp-block-heading\">Ev\u00e8nements<\/h2>\n\n\n\n<p>Les \u00e9v\u00e9nements, qu\u2019ils soient culturels, sportifs ou de loisirs, sont une part importante de l\u2019offre touristique du d\u00e9partement. Une trentaine d\u2019entre eux ont r\u00e9pondu \u00e0 notre enqu\u00eate de fr\u00e9quentation pour 2018.<\/p>\n\n\n\n<h3 class=\"wp-block-heading\">Top 5 des \u00e9v\u00e9nements val-de-marnais<\/h3>\n\n\n\n<ul class=\"wp-block-list\"><li>Festival America \u00e0 Vincennes : 40 000 personnes<\/li><li>Cin\u00e9 Junior 94 \u2013 Festival International de Cin\u00e9ma Jeune Public : 36 422 personnes<\/li><li>Fontenay-sous-Soleil : 32 512 personnes<\/li><li>L\u2019Oasis \u00e0 Vincennes : 30 735 personnes<\/li><li>Saint-Maur Food Truck Festival  : 30 000 personnes <\/li><\/ul>\n\n\n\n<p>Parmi les \u00e9v\u00e9nements interrog\u00e9s, <strong>27% ont vu leur fr\u00e9quentation baisser par rapport \u00e0 2017 et 21% sont en progression<\/strong>.<\/p>\n\n\n\n<p>Parmi les \u00e9volutions les plus importantes par rapport \u00e0 2017, on note la belle progression du <strong>festival Mur-murs<\/strong>, Semaine des cultures urbaines (+150%) et du <strong>Karnasouk<\/strong> (+43%), tous deux \u00e0 Vitry-sur-Seine, mais aussi du festival <strong>ArtCit\u00e9<\/strong> \u00e0 Fontenay-sour-Bois (+41%) ou encore du festival hip-hop <strong>Kalypso<\/strong> \u00e0 Cr\u00e9teil (+34%).<\/p>\n\n\n\n<p>Le <strong>public de ces \u00e9v\u00e9nements est tr\u00e8s largement val-de-marnais<\/strong> (70% en moyenne) ou francilien (21%).<\/p>\n\n\n\n<h3 class=\"wp-block-heading\">Liste compl\u00e8te de la fr\u00e9quentation par \u00e9v\u00e9nement<\/h3>\n\n\n<div class=\"infogram-embed\" data-id=\"013234b6-23ff-49cc-828d-a0e98af20ae2\" data-type=\"interactive\" data-title=\"Frequentation par evenement\"><\/div>\n<p><script>!function(e,i,n,s){var t=\"InfogramEmbeds\",d=e.getElementsByTagName(\"script\")[0];if(window[t]&&window[t].initialized)window[t].process&&window[t].process();else if(!e.getElementById(n)){var o=e.createElement(\"script\");o.async=1,o.id=n,o.src=\"https:\/\/e.infogram.com\/js\/dist\/embed-loader-min.js\",d.parentNode.insertBefore(o,d)}}(document,0,\"infogram-async\");<\/script><\/p>\n<div style=\"padding:8px 0;font-family:Arial!important;font-size:13px!important;line-height:15px!important;text-align:center;border-top:1px solid #dadada;margin:0 30px\"><a href=\"https:\/\/infogram.com\/013234b6-23ff-49cc-828d-a0e98af20ae2\" style=\"color:#989898!important;text-decoration:none!important;\" target=\"_blank\" rel=\"noopener noreferrer\">Frequentation par evenement<\/a><br><a href=\"https:\/\/infogram.com\" style=\"color:#989898!important;text-decoration:none!important;\" target=\"_blank\" rel=\"nofollow noopener noreferrer\">Infogram<\/a><\/div>\n\n\n<p><em>Source : Enqu\u00eate men\u00e9e par le CDT 94 aupr\u00e8s des organisateurs d\u2019\u00e9v\u00e9nements.<\/em><\/p>\n","protected":false},"excerpt":{"rendered":"<p>Quelle est la fr\u00e9quentation des mus\u00e9es, monuments, centres d\u2019arts et des sites de loisirs en 2018 ? Val-de-Marne Tourisme &amp; Loisirs interroge chaque ann\u00e9e les sites de visite, ainsi que les organisateurs d\u2019\u00e9v\u00e9nements du d\u00e9partement. Sites de visite (mus\u00e9es, monuments, sites de loisirs, etc.) Sans surprise, c\u2019est le Playmobil Funpark qui accueilli le plus grand [&hellip;]<\/p>\n","protected":false},"author":8,"featured_media":5777,"parent":947,"menu_order":10,"comment_status":"closed","ping_status":"closed","template":"","meta":{"_relevanssi_hide_post":"","_relevanssi_hide_content":"","_relevanssi_pin_for_all":"","_relevanssi_pin_keywords":"","_relevanssi_unpin_keywords":"","_relevanssi_related_keywords":"","_relevanssi_related_include_ids":"","_relevanssi_related_exclude_ids":"","_relevanssi_related_no_append":"","_relevanssi_related_not_related":"","_relevanssi_related_posts":"442,2741,2749,444,2751,8077","_relevanssi_noindex_reason":"","footnotes":""},"vdmTagMarketing":[],"class_list":["post-3212","page","type-page","status-publish","has-post-thumbnail","hentry"],"acf":[],"yoast_head":"<!-- This site is optimized with the Yoast SEO plugin v23.9 - https:\/\/yoast.com\/wordpress\/plugins\/seo\/ -->\n<title>Fr\u00e9quentation des sites et \u00e9v\u00e8nements 2018 - Espace Pro<\/title>\n<meta name=\"description\" content=\"Lisez notre bilan de la fr\u00e9quentation des sites et \u00e9v\u00e9n\u00e9ments en Val-de-Marne pour l&#039;ann\u00e9e 2018.\" \/>\n<meta name=\"robots\" content=\"index, follow, max-snippet:-1, max-image-preview:large, max-video-preview:-1\" \/>\n<link rel=\"canonical\" href=\"https:\/\/www.tourisme-valdemarne.com\/espace-pro\/observatoire-du-tourisme\/frequentation-des-sites-et-evenements\/frequentation-des-sites-et-evenements-2018\/\" \/>\n<meta property=\"og:locale\" content=\"fr_FR\" \/>\n<meta property=\"og:type\" content=\"article\" \/>\n<meta property=\"og:title\" content=\"Fr\u00e9quentation des sites et \u00e9v\u00e8nements 2018 - Espace Pro\" \/>\n<meta property=\"og:description\" content=\"Lisez notre bilan de la fr\u00e9quentation des sites et \u00e9v\u00e9n\u00e9ments en Val-de-Marne pour l&#039;ann\u00e9e 2018.\" \/>\n<meta property=\"og:url\" content=\"https:\/\/www.tourisme-valdemarne.com\/espace-pro\/observatoire-du-tourisme\/frequentation-des-sites-et-evenements\/frequentation-des-sites-et-evenements-2018\/\" \/>\n<meta property=\"og:site_name\" content=\"Espace Pro\" \/>\n<meta property=\"article:modified_time\" content=\"2024-02-20T13:53:17+00:00\" \/>\n<meta property=\"og:image\" content=\"https:\/\/www.tourisme-valdemarne.com\/espace-pro\/wp-content\/uploads\/sites\/3\/wpetourisme\/exploradome-web--3-.jpg\" \/>\n\t<meta property=\"og:image:width\" content=\"1417\" \/>\n\t<meta property=\"og:image:height\" content=\"949\" \/>\n\t<meta property=\"og:image:type\" content=\"image\/jpeg\" \/>\n<meta name=\"twitter:card\" content=\"summary_large_image\" \/>\n<meta name=\"twitter:label1\" content=\"Dur\u00e9e de lecture estim\u00e9e\" \/>\n\t<meta name=\"twitter:data1\" content=\"3 minutes\" \/>\n<script type=\"application\/ld+json\" class=\"yoast-schema-graph\">{\"@context\":\"https:\/\/schema.org\",\"@graph\":[{\"@type\":\"WebPage\",\"@id\":\"https:\/\/www.tourisme-valdemarne.com\/espace-pro\/observatoire-du-tourisme\/frequentation-des-sites-et-evenements\/frequentation-des-sites-et-evenements-2018\/\",\"url\":\"https:\/\/www.tourisme-valdemarne.com\/espace-pro\/observatoire-du-tourisme\/frequentation-des-sites-et-evenements\/frequentation-des-sites-et-evenements-2018\/\",\"name\":\"Fr\u00e9quentation des sites et \u00e9v\u00e8nements 2018 - Espace Pro\",\"isPartOf\":{\"@id\":\"https:\/\/www.tourisme-valdemarne.com\/espace-pro\/#website\"},\"primaryImageOfPage\":{\"@id\":\"https:\/\/www.tourisme-valdemarne.com\/espace-pro\/observatoire-du-tourisme\/frequentation-des-sites-et-evenements\/frequentation-des-sites-et-evenements-2018\/#primaryimage\"},\"image\":{\"@id\":\"https:\/\/www.tourisme-valdemarne.com\/espace-pro\/observatoire-du-tourisme\/frequentation-des-sites-et-evenements\/frequentation-des-sites-et-evenements-2018\/#primaryimage\"},\"thumbnailUrl\":\"https:\/\/www.tourisme-valdemarne.com\/espace-pro\/wp-content\/uploads\/sites\/3\/wpetourisme\/exploradome-web--3-.jpg\",\"datePublished\":\"2020-12-10T22:01:49+00:00\",\"dateModified\":\"2024-02-20T13:53:17+00:00\",\"description\":\"Lisez notre bilan de la fr\u00e9quentation des sites et \u00e9v\u00e9n\u00e9ments en Val-de-Marne pour l'ann\u00e9e 2018.\",\"breadcrumb\":{\"@id\":\"https:\/\/www.tourisme-valdemarne.com\/espace-pro\/observatoire-du-tourisme\/frequentation-des-sites-et-evenements\/frequentation-des-sites-et-evenements-2018\/#breadcrumb\"},\"inLanguage\":\"fr-FR\",\"potentialAction\":[{\"@type\":\"ReadAction\",\"target\":[\"https:\/\/www.tourisme-valdemarne.com\/espace-pro\/observatoire-du-tourisme\/frequentation-des-sites-et-evenements\/frequentation-des-sites-et-evenements-2018\/\"]}]},{\"@type\":\"ImageObject\",\"inLanguage\":\"fr-FR\",\"@id\":\"https:\/\/www.tourisme-valdemarne.com\/espace-pro\/observatoire-du-tourisme\/frequentation-des-sites-et-evenements\/frequentation-des-sites-et-evenements-2018\/#primaryimage\",\"url\":\"https:\/\/www.tourisme-valdemarne.com\/espace-pro\/wp-content\/uploads\/sites\/3\/wpetourisme\/exploradome-web--3-.jpg\",\"contentUrl\":\"https:\/\/www.tourisme-valdemarne.com\/espace-pro\/wp-content\/uploads\/sites\/3\/wpetourisme\/exploradome-web--3-.jpg\",\"width\":1417,\"height\":949},{\"@type\":\"BreadcrumbList\",\"@id\":\"https:\/\/www.tourisme-valdemarne.com\/espace-pro\/observatoire-du-tourisme\/frequentation-des-sites-et-evenements\/frequentation-des-sites-et-evenements-2018\/#breadcrumb\",\"itemListElement\":[{\"@type\":\"ListItem\",\"position\":1,\"name\":\"Accueil\",\"item\":\"https:\/\/www.tourisme-valdemarne.com\/espace-pro\/\"},{\"@type\":\"ListItem\",\"position\":2,\"name\":\"Observatoire du tourisme\",\"item\":\"https:\/\/www.tourisme-valdemarne.com\/espace-pro\/observatoire-du-tourisme\/\"},{\"@type\":\"ListItem\",\"position\":3,\"name\":\"Fr\u00e9quentation des sites et \u00e9v\u00e8nements\",\"item\":\"https:\/\/www.tourisme-valdemarne.com\/espace-pro\/observatoire-du-tourisme\/frequentation-des-sites-et-evenements\/\"},{\"@type\":\"ListItem\",\"position\":4,\"name\":\"Fr\u00e9quentation des sites et \u00e9v\u00e8nements 2018\"}]},{\"@type\":\"WebSite\",\"@id\":\"https:\/\/www.tourisme-valdemarne.com\/espace-pro\/#website\",\"url\":\"https:\/\/www.tourisme-valdemarne.com\/espace-pro\/\",\"name\":\"Espace Pro\",\"description\":\"Informations et outils pour les professionnels et la Presse\",\"potentialAction\":[{\"@type\":\"SearchAction\",\"target\":{\"@type\":\"EntryPoint\",\"urlTemplate\":\"https:\/\/www.tourisme-valdemarne.com\/espace-pro\/?s={search_term_string}\"},\"query-input\":{\"@type\":\"PropertyValueSpecification\",\"valueRequired\":true,\"valueName\":\"search_term_string\"}}],\"inLanguage\":\"fr-FR\"}]}<\/script>\n<!-- \/ Yoast SEO plugin. -->","yoast_head_json":{"title":"Fr\u00e9quentation des sites et \u00e9v\u00e8nements 2018 - Espace Pro","description":"Lisez notre bilan de la fr\u00e9quentation des sites et \u00e9v\u00e9n\u00e9ments en Val-de-Marne pour l'ann\u00e9e 2018.","robots":{"index":"index","follow":"follow","max-snippet":"max-snippet:-1","max-image-preview":"max-image-preview:large","max-video-preview":"max-video-preview:-1"},"canonical":"https:\/\/www.tourisme-valdemarne.com\/espace-pro\/observatoire-du-tourisme\/frequentation-des-sites-et-evenements\/frequentation-des-sites-et-evenements-2018\/","og_locale":"fr_FR","og_type":"article","og_title":"Fr\u00e9quentation des sites et \u00e9v\u00e8nements 2018 - Espace Pro","og_description":"Lisez notre bilan de la fr\u00e9quentation des sites et \u00e9v\u00e9n\u00e9ments en Val-de-Marne pour l'ann\u00e9e 2018.","og_url":"https:\/\/www.tourisme-valdemarne.com\/espace-pro\/observatoire-du-tourisme\/frequentation-des-sites-et-evenements\/frequentation-des-sites-et-evenements-2018\/","og_site_name":"Espace Pro","article_modified_time":"2024-02-20T13:53:17+00:00","og_image":[{"width":1417,"height":949,"url":"https:\/\/www.tourisme-valdemarne.com\/espace-pro\/wp-content\/uploads\/sites\/3\/wpetourisme\/exploradome-web--3-.jpg","type":"image\/jpeg"}],"twitter_card":"summary_large_image","twitter_misc":{"Dur\u00e9e de lecture estim\u00e9e":"3 minutes"},"schema":{"@context":"https:\/\/schema.org","@graph":[{"@type":"WebPage","@id":"https:\/\/www.tourisme-valdemarne.com\/espace-pro\/observatoire-du-tourisme\/frequentation-des-sites-et-evenements\/frequentation-des-sites-et-evenements-2018\/","url":"https:\/\/www.tourisme-valdemarne.com\/espace-pro\/observatoire-du-tourisme\/frequentation-des-sites-et-evenements\/frequentation-des-sites-et-evenements-2018\/","name":"Fr\u00e9quentation des sites et \u00e9v\u00e8nements 2018 - Espace Pro","isPartOf":{"@id":"https:\/\/www.tourisme-valdemarne.com\/espace-pro\/#website"},"primaryImageOfPage":{"@id":"https:\/\/www.tourisme-valdemarne.com\/espace-pro\/observatoire-du-tourisme\/frequentation-des-sites-et-evenements\/frequentation-des-sites-et-evenements-2018\/#primaryimage"},"image":{"@id":"https:\/\/www.tourisme-valdemarne.com\/espace-pro\/observatoire-du-tourisme\/frequentation-des-sites-et-evenements\/frequentation-des-sites-et-evenements-2018\/#primaryimage"},"thumbnailUrl":"https:\/\/www.tourisme-valdemarne.com\/espace-pro\/wp-content\/uploads\/sites\/3\/wpetourisme\/exploradome-web--3-.jpg","datePublished":"2020-12-10T22:01:49+00:00","dateModified":"2024-02-20T13:53:17+00:00","description":"Lisez notre bilan de la fr\u00e9quentation des sites et \u00e9v\u00e9n\u00e9ments en Val-de-Marne pour l'ann\u00e9e 2018.","breadcrumb":{"@id":"https:\/\/www.tourisme-valdemarne.com\/espace-pro\/observatoire-du-tourisme\/frequentation-des-sites-et-evenements\/frequentation-des-sites-et-evenements-2018\/#breadcrumb"},"inLanguage":"fr-FR","potentialAction":[{"@type":"ReadAction","target":["https:\/\/www.tourisme-valdemarne.com\/espace-pro\/observatoire-du-tourisme\/frequentation-des-sites-et-evenements\/frequentation-des-sites-et-evenements-2018\/"]}]},{"@type":"ImageObject","inLanguage":"fr-FR","@id":"https:\/\/www.tourisme-valdemarne.com\/espace-pro\/observatoire-du-tourisme\/frequentation-des-sites-et-evenements\/frequentation-des-sites-et-evenements-2018\/#primaryimage","url":"https:\/\/www.tourisme-valdemarne.com\/espace-pro\/wp-content\/uploads\/sites\/3\/wpetourisme\/exploradome-web--3-.jpg","contentUrl":"https:\/\/www.tourisme-valdemarne.com\/espace-pro\/wp-content\/uploads\/sites\/3\/wpetourisme\/exploradome-web--3-.jpg","width":1417,"height":949},{"@type":"BreadcrumbList","@id":"https:\/\/www.tourisme-valdemarne.com\/espace-pro\/observatoire-du-tourisme\/frequentation-des-sites-et-evenements\/frequentation-des-sites-et-evenements-2018\/#breadcrumb","itemListElement":[{"@type":"ListItem","position":1,"name":"Accueil","item":"https:\/\/www.tourisme-valdemarne.com\/espace-pro\/"},{"@type":"ListItem","position":2,"name":"Observatoire du tourisme","item":"https:\/\/www.tourisme-valdemarne.com\/espace-pro\/observatoire-du-tourisme\/"},{"@type":"ListItem","position":3,"name":"Fr\u00e9quentation des sites et \u00e9v\u00e8nements","item":"https:\/\/www.tourisme-valdemarne.com\/espace-pro\/observatoire-du-tourisme\/frequentation-des-sites-et-evenements\/"},{"@type":"ListItem","position":4,"name":"Fr\u00e9quentation des sites et \u00e9v\u00e8nements 2018"}]},{"@type":"WebSite","@id":"https:\/\/www.tourisme-valdemarne.com\/espace-pro\/#website","url":"https:\/\/www.tourisme-valdemarne.com\/espace-pro\/","name":"Espace Pro","description":"Informations et outils pour les professionnels et la Presse","potentialAction":[{"@type":"SearchAction","target":{"@type":"EntryPoint","urlTemplate":"https:\/\/www.tourisme-valdemarne.com\/espace-pro\/?s={search_term_string}"},"query-input":{"@type":"PropertyValueSpecification","valueRequired":true,"valueName":"search_term_string"}}],"inLanguage":"fr-FR"}]}},"_links":{"self":[{"href":"https:\/\/www.tourisme-valdemarne.com\/espace-pro\/wp-json\/wp\/v2\/pages\/3212","targetHints":{"allow":["GET"]}}],"collection":[{"href":"https:\/\/www.tourisme-valdemarne.com\/espace-pro\/wp-json\/wp\/v2\/pages"}],"about":[{"href":"https:\/\/www.tourisme-valdemarne.com\/espace-pro\/wp-json\/wp\/v2\/types\/page"}],"author":[{"embeddable":true,"href":"https:\/\/www.tourisme-valdemarne.com\/espace-pro\/wp-json\/wp\/v2\/users\/8"}],"replies":[{"embeddable":true,"href":"https:\/\/www.tourisme-valdemarne.com\/espace-pro\/wp-json\/wp\/v2\/comments?post=3212"}],"version-history":[{"count":8,"href":"https:\/\/www.tourisme-valdemarne.com\/espace-pro\/wp-json\/wp\/v2\/pages\/3212\/revisions"}],"predecessor-version":[{"id":26390,"href":"https:\/\/www.tourisme-valdemarne.com\/espace-pro\/wp-json\/wp\/v2\/pages\/3212\/revisions\/26390"}],"up":[{"embeddable":true,"href":"https:\/\/www.tourisme-valdemarne.com\/espace-pro\/wp-json\/wp\/v2\/pages\/947"}],"wp:featuredmedia":[{"embeddable":true,"href":"https:\/\/www.tourisme-valdemarne.com\/espace-pro\/wp-json\/wp\/v2\/media\/5777"}],"wp:attachment":[{"href":"https:\/\/www.tourisme-valdemarne.com\/espace-pro\/wp-json\/wp\/v2\/media?parent=3212"}],"wp:term":[{"taxonomy":"vdmTagMarketing","embeddable":true,"href":"https:\/\/www.tourisme-valdemarne.com\/espace-pro\/wp-json\/wp\/v2\/vdmTagMarketing?post=3212"}],"curies":[{"name":"wp","href":"https:\/\/api.w.org\/{rel}","templated":true}]}}