{"id":3210,"date":"2019-06-04T09:29:41","date_gmt":"2019-06-04T07:29:41","guid":{"rendered":"https:\/\/www.tourisme-valdemarne.com\/espace-pro\/archives-de-lobservatoire-du-tourisme"},"modified":"2019-06-17T15:14:32","modified_gmt":"2019-06-17T13:14:32","slug":"archives-de-lobservatoire-du-tourisme","status":"publish","type":"page","link":"https:\/\/www.tourisme-valdemarne.com\/espace-pro\/observatoire-du-tourisme\/frequentation-hoteliere\/archives-de-lobservatoire-du-tourisme\/","title":{"rendered":"Archives de l&rsquo;observatoire du tourisme"},"content":{"rendered":"\n<p class=\"is-style-excerpt\">Vous trouverez ici les bilans des fr\u00e9quentations h\u00f4teli\u00e8res ainsi que celles des sites et \u00e9v\u00e8nements des ann\u00e9es pr\u00e9c\u00e9dentes. Consultez nos archives en ligne !<\/p>\n\n\n\n<h2 class=\"wp-block-heading\">Bilan 2016<\/h2>\n\n\n\n<div class=\"wp-block-image\"><figure class=\"aligncenter is-resized\"><a href=\"https:\/\/www.tourisme-valdemarne.com\/espace-pro\/wp-content\/uploads\/sites\/3\/2019\/06\/chiffres_cles_2016.jpg\"><img data-src=\"https:\/\/www.tourisme-valdemarne.com\/espace-pro\/wp-content\/uploads\/sites\/3\/2019\/06\/chiffres_cles_2016-579x600.jpg\" alt=\"Chiffres cl\u00e9s h\u00f4tellerie 2016\" class=\"wp-image-3239\" width=\"290\" height=\"300\" srcset=\"https:\/\/www.tourisme-valdemarne.com\/espace-pro\/wp-content\/uploads\/sites\/3\/2019\/06\/chiffres_cles_2016-579x600.jpg 579w, https:\/\/www.tourisme-valdemarne.com\/espace-pro\/wp-content\/uploads\/sites\/3\/2019\/06\/chiffres_cles_2016-380x394.jpg 380w, https:\/\/www.tourisme-valdemarne.com\/espace-pro\/wp-content\/uploads\/sites\/3\/2019\/06\/chiffres_cles_2016-200x207.jpg 200w, https:\/\/www.tourisme-valdemarne.com\/espace-pro\/wp-content\/uploads\/sites\/3\/2019\/06\/chiffres_cles_2016-24x24.jpg 24w, https:\/\/www.tourisme-valdemarne.com\/espace-pro\/wp-content\/uploads\/sites\/3\/2019\/06\/chiffres_cles_2016.jpg 616w\" sizes=\"(max-width: 290px) 100vw, 290px\" \/><\/a><\/figure><\/div>\n\n\n\n<div class=\"wp-block-button aligncenter is-style-download\"><a class=\"wp-block-button__link\" href=\"https:\/\/www.tourisme-valdemarne.com\/espace-pro\/wp-content\/uploads\/sites\/3\/2019\/06\/bilan-2016.pdf\">T\u00e9l\u00e9charger le bilan 2016<\/a><\/div>\n\n\n\n<h2 class=\"wp-block-heading\">Bilan 2015<\/h2>\n\n\n\n<div class=\"wp-block-image\"><figure class=\"aligncenter is-resized\"><a href=\"https:\/\/www.tourisme-valdemarne.com\/espace-pro\/wp-content\/uploads\/sites\/3\/2019\/06\/chiffres_cles-2015.jpg\"><img data-src=\"https:\/\/www.tourisme-valdemarne.com\/espace-pro\/wp-content\/uploads\/sites\/3\/2019\/06\/chiffres_cles-2015-443x600.jpg\" alt=\"Chiffres cl\u00e9s h\u00f4tellerie 2015\" class=\"wp-image-3240\" width=\"222\" height=\"300\" srcset=\"https:\/\/www.tourisme-valdemarne.com\/espace-pro\/wp-content\/uploads\/sites\/3\/2019\/06\/chiffres_cles-2015-443x600.jpg 443w, https:\/\/www.tourisme-valdemarne.com\/espace-pro\/wp-content\/uploads\/sites\/3\/2019\/06\/chiffres_cles-2015-380x514.jpg 380w, https:\/\/www.tourisme-valdemarne.com\/espace-pro\/wp-content\/uploads\/sites\/3\/2019\/06\/chiffres_cles-2015-200x271.jpg 200w, https:\/\/www.tourisme-valdemarne.com\/espace-pro\/wp-content\/uploads\/sites\/3\/2019\/06\/chiffres_cles-2015.jpg 535w\" sizes=\"(max-width: 222px) 100vw, 222px\" \/><\/a><\/figure><\/div>\n\n\n\n<div class=\"wp-block-button aligncenter is-style-download\"><a class=\"wp-block-button__link\" href=\"https:\/\/www.tourisme-valdemarne.com\/espace-pro\/wp-content\/uploads\/sites\/3\/2019\/06\/bilan-2015.pdf\">T\u00c9L\u00c9CHARGER LE BILAN 2015<\/a><\/div>\n\n\n\n<h2 class=\"wp-block-heading\">Bilans pr\u00e9c\u00e9dents<\/h2>\n\n\n\n<ul class=\"wp-block-list\"><li><a rel=\"noreferrer noopener\" aria-label=\"Bilan 2014 (s\u2019ouvre dans un nouvel onglet)\" href=\"https:\/\/www.tourisme-valdemarne.com\/espace-pro\/wp-content\/uploads\/sites\/3\/2019\/06\/bilan-2014.pdf\" target=\"_blank\">Bilan 2014<\/a><\/li><\/ul>\n\n\n\n<ul class=\"wp-block-list\"><li><a rel=\"noreferrer noopener\" aria-label=\"Bilan 2013 (s\u2019ouvre dans un nouvel onglet)\" href=\"https:\/\/www.tourisme-valdemarne.com\/espace-pro\/wp-content\/uploads\/sites\/3\/2019\/06\/chiffres-cles-2013.pdf\" target=\"_blank\">Bilan 2013<\/a><\/li><\/ul>\n\n\n\n<ul class=\"wp-block-list\"><li><a rel=\"noreferrer noopener\" aria-label=\"Bilan 2012 (s\u2019ouvre dans un nouvel onglet)\" href=\"https:\/\/www.tourisme-valdemarne.com\/espace-pro\/wp-content\/uploads\/sites\/3\/2019\/06\/chiffres-cles-2012.pdf\" target=\"_blank\">Bilan 2012<\/a><\/li><\/ul>\n\n\n\n<ul class=\"wp-block-list\"><li><a rel=\"noreferrer noopener\" aria-label=\"Bilan 2011 (s\u2019ouvre dans un nouvel onglet)\" href=\"https:\/\/www.tourisme-valdemarne.com\/espace-pro\/wp-content\/uploads\/sites\/3\/2019\/06\/chiffres-cles-2011.pdf\" target=\"_blank\">Bilan 2011<\/a><\/li><\/ul>\n\n\n\n<ul class=\"wp-block-list\"><li><a rel=\"noreferrer noopener\" aria-label=\"Bilan 2010 (s\u2019ouvre dans un nouvel onglet)\" href=\"https:\/\/www.tourisme-valdemarne.com\/espace-pro\/wp-content\/uploads\/sites\/3\/2019\/06\/chiffres-cles-2010.pdf\" target=\"_blank\">Bilan 2010<\/a><\/li><\/ul>\n\n\n\n<ul class=\"wp-block-list\"><li><a rel=\"noreferrer noopener\" aria-label=\"Bilan 2009 (s\u2019ouvre dans un nouvel onglet)\" href=\"https:\/\/www.tourisme-valdemarne.com\/espace-pro\/wp-content\/uploads\/sites\/3\/2019\/06\/chiffres-cles-2009.pdf\" target=\"_blank\">Bilan 2009<\/a><\/li><\/ul>\n\n\n\n<ul class=\"wp-block-list\"><li><a rel=\"noreferrer noopener\" aria-label=\"Bilan 2008 (s\u2019ouvre dans un nouvel onglet)\" href=\"https:\/\/www.tourisme-valdemarne.com\/espace-pro\/wp-content\/uploads\/sites\/3\/2019\/06\/chiffres-cles-2008.pdf\" target=\"_blank\">Bilan 2008<\/a><\/li><\/ul>\n\n\n\n<h2 class=\"wp-block-heading\">Bilans pr\u00e9c\u00e9dents des journ\u00e9es du patrimoine<\/h2>\n\n\n\n<ul class=\"wp-block-list\"><li><a rel=\"noreferrer noopener\" href=\"https:\/\/www.tourisme-valdemarne.com\/espace-pro\/wp-content\/uploads\/sites\/3\/2019\/06\/bilan_jep_2015.pdf\" target=\"_blank\">Journ\u00e9es du patrimoine 2015<\/a><\/li><li><a rel=\"noreferrer noopener\" href=\"https:\/\/www.tourisme-valdemarne.com\/espace-pro\/wp-content\/uploads\/sites\/3\/2019\/06\/bilan_jep_2014_val-de-marne.pdf\" target=\"_blank\">Journ\u00e9es du patrimoine 2014<\/a><\/li><li><a rel=\"noreferrer noopener\" href=\"https:\/\/www.tourisme-valdemarne.com\/espace-pro\/wp-content\/uploads\/sites\/3\/2019\/06\/bilan-journes-du-patrimoine-2013.pdf\" target=\"_blank\">Journ\u00e9es du patrimoine 2013<\/a><\/li><li><a rel=\"noreferrer noopener\" href=\"https:\/\/www.tourisme-valdemarne.com\/espace-pro\/wp-content\/uploads\/sites\/3\/2019\/06\/bilan_journees_du_patrimoine_2012.pdf\" target=\"_blank\">Journ\u00e9es du patrimoine 2012<\/a><\/li><li><a rel=\"noreferrer noopener\" href=\"https:\/\/www.tourisme-valdemarne.com\/espace-pro\/wp-content\/uploads\/sites\/3\/2019\/06\/bilan_journees_du_patrimoine_2011.pdf\" target=\"_blank\">Journ\u00e9es du patrimoine 2011<\/a><\/li><li><a href=\"https:\/\/www.tourisme-valdemarne.com\/espace-pro\/wp-content\/uploads\/sites\/3\/2019\/06\/bilan_journees_du_patrimoine_2010.pdf\">Journ\u00e9es du patrimoine 2010<\/a><\/li><\/ul>\n","protected":false},"excerpt":{"rendered":"<p>Vous trouverez ici les bilans des fr\u00e9quentations h\u00f4teli\u00e8res ainsi que celles des sites et \u00e9v\u00e8nements des ann\u00e9es pr\u00e9c\u00e9dentes. Consultez nos archives en ligne ! Bilan 2016 Bilan 2015 Bilans pr\u00e9c\u00e9dents Bilan 2014 Bilan 2013 Bilan 2012 Bilan 2011 Bilan 2010 Bilan 2009 Bilan 2008 Bilans pr\u00e9c\u00e9dents des journ\u00e9es du patrimoine Journ\u00e9es du patrimoine 2015 Journ\u00e9es [&hellip;]<\/p>\n","protected":false},"author":8,"featured_media":3307,"parent":945,"menu_order":40,"comment_status":"closed","ping_status":"closed","template":"","meta":{"_relevanssi_hide_post":"","_relevanssi_hide_content":"","_relevanssi_pin_for_all":"","_relevanssi_pin_keywords":"","_relevanssi_unpin_keywords":"","_relevanssi_related_keywords":"","_relevanssi_related_include_ids":"","_relevanssi_related_exclude_ids":"","_relevanssi_related_no_append":"","_relevanssi_related_not_related":"","_relevanssi_related_posts":"2741,2749,2745,8090,8104,8108","_relevanssi_noindex_reason":"","footnotes":""},"vdmTagMarketing":[],"class_list":["post-3210","page","type-page","status-publish","has-post-thumbnail","hentry"],"acf":[],"yoast_head":"<!-- This site is optimized with the Yoast SEO plugin v23.9 - https:\/\/yoast.com\/wordpress\/plugins\/seo\/ -->\n<title>Archives de l&#039;observatoire du tourisme - Espace Pro<\/title>\n<meta name=\"robots\" content=\"index, follow, max-snippet:-1, max-image-preview:large, max-video-preview:-1\" \/>\n<link rel=\"canonical\" href=\"https:\/\/www.tourisme-valdemarne.com\/espace-pro\/observatoire-du-tourisme\/frequentation-hoteliere\/archives-de-lobservatoire-du-tourisme\/\" \/>\n<meta property=\"og:locale\" content=\"fr_FR\" \/>\n<meta property=\"og:type\" content=\"article\" \/>\n<meta property=\"og:title\" content=\"Archives de l&#039;observatoire du tourisme - Espace Pro\" \/>\n<meta property=\"og:description\" content=\"Vous trouverez ici les bilans des fr\u00e9quentations h\u00f4teli\u00e8res ainsi que celles des sites et \u00e9v\u00e8nements des ann\u00e9es pr\u00e9c\u00e9dentes. Consultez nos archives en ligne ! Bilan 2016 Bilan 2015 Bilans pr\u00e9c\u00e9dents Bilan 2014 Bilan 2013 Bilan 2012 Bilan 2011 Bilan 2010 Bilan 2009 Bilan 2008 Bilans pr\u00e9c\u00e9dents des journ\u00e9es du patrimoine Journ\u00e9es du patrimoine 2015 Journ\u00e9es [&hellip;]\" \/>\n<meta property=\"og:url\" content=\"https:\/\/www.tourisme-valdemarne.com\/espace-pro\/observatoire-du-tourisme\/frequentation-hoteliere\/archives-de-lobservatoire-du-tourisme\/\" \/>\n<meta property=\"og:site_name\" content=\"Espace Pro\" \/>\n<meta property=\"article:modified_time\" content=\"2019-06-17T13:14:32+00:00\" \/>\n<meta property=\"og:image\" content=\"https:\/\/www.tourisme-valdemarne.com\/espace-pro\/wp-content\/uploads\/sites\/3\/2019\/06\/graphiques-analyse.jpg\" \/>\n\t<meta property=\"og:image:width\" content=\"1600\" \/>\n\t<meta property=\"og:image:height\" content=\"1060\" \/>\n\t<meta property=\"og:image:type\" content=\"image\/jpeg\" \/>\n<meta name=\"twitter:card\" content=\"summary_large_image\" \/>\n<script type=\"application\/ld+json\" class=\"yoast-schema-graph\">{\"@context\":\"https:\/\/schema.org\",\"@graph\":[{\"@type\":\"WebPage\",\"@id\":\"https:\/\/www.tourisme-valdemarne.com\/espace-pro\/observatoire-du-tourisme\/frequentation-hoteliere\/archives-de-lobservatoire-du-tourisme\/\",\"url\":\"https:\/\/www.tourisme-valdemarne.com\/espace-pro\/observatoire-du-tourisme\/frequentation-hoteliere\/archives-de-lobservatoire-du-tourisme\/\",\"name\":\"Archives de l'observatoire du tourisme - Espace Pro\",\"isPartOf\":{\"@id\":\"https:\/\/www.tourisme-valdemarne.com\/espace-pro\/#website\"},\"primaryImageOfPage\":{\"@id\":\"https:\/\/www.tourisme-valdemarne.com\/espace-pro\/observatoire-du-tourisme\/frequentation-hoteliere\/archives-de-lobservatoire-du-tourisme\/#primaryimage\"},\"image\":{\"@id\":\"https:\/\/www.tourisme-valdemarne.com\/espace-pro\/observatoire-du-tourisme\/frequentation-hoteliere\/archives-de-lobservatoire-du-tourisme\/#primaryimage\"},\"thumbnailUrl\":\"https:\/\/www.tourisme-valdemarne.com\/espace-pro\/wp-content\/uploads\/sites\/3\/2019\/06\/graphiques-analyse.jpg\",\"datePublished\":\"2019-06-04T07:29:41+00:00\",\"dateModified\":\"2019-06-17T13:14:32+00:00\",\"breadcrumb\":{\"@id\":\"https:\/\/www.tourisme-valdemarne.com\/espace-pro\/observatoire-du-tourisme\/frequentation-hoteliere\/archives-de-lobservatoire-du-tourisme\/#breadcrumb\"},\"inLanguage\":\"fr-FR\",\"potentialAction\":[{\"@type\":\"ReadAction\",\"target\":[\"https:\/\/www.tourisme-valdemarne.com\/espace-pro\/observatoire-du-tourisme\/frequentation-hoteliere\/archives-de-lobservatoire-du-tourisme\/\"]}]},{\"@type\":\"ImageObject\",\"inLanguage\":\"fr-FR\",\"@id\":\"https:\/\/www.tourisme-valdemarne.com\/espace-pro\/observatoire-du-tourisme\/frequentation-hoteliere\/archives-de-lobservatoire-du-tourisme\/#primaryimage\",\"url\":\"https:\/\/www.tourisme-valdemarne.com\/espace-pro\/wp-content\/uploads\/sites\/3\/2019\/06\/graphiques-analyse.jpg\",\"contentUrl\":\"https:\/\/www.tourisme-valdemarne.com\/espace-pro\/wp-content\/uploads\/sites\/3\/2019\/06\/graphiques-analyse.jpg\",\"width\":1600,\"height\":1060,\"caption\":\"Graphique et analyse \u00a9 CC0\"},{\"@type\":\"BreadcrumbList\",\"@id\":\"https:\/\/www.tourisme-valdemarne.com\/espace-pro\/observatoire-du-tourisme\/frequentation-hoteliere\/archives-de-lobservatoire-du-tourisme\/#breadcrumb\",\"itemListElement\":[{\"@type\":\"ListItem\",\"position\":1,\"name\":\"Accueil\",\"item\":\"https:\/\/www.tourisme-valdemarne.com\/espace-pro\/\"},{\"@type\":\"ListItem\",\"position\":2,\"name\":\"Observatoire du tourisme\",\"item\":\"https:\/\/www.tourisme-valdemarne.com\/espace-pro\/observatoire-du-tourisme\/\"},{\"@type\":\"ListItem\",\"position\":3,\"name\":\"Fr\u00e9quentation h\u00f4teli\u00e8re\",\"item\":\"https:\/\/www.tourisme-valdemarne.com\/espace-pro\/observatoire-du-tourisme\/frequentation-hoteliere\/\"},{\"@type\":\"ListItem\",\"position\":4,\"name\":\"Archives de l&rsquo;observatoire du tourisme\"}]},{\"@type\":\"WebSite\",\"@id\":\"https:\/\/www.tourisme-valdemarne.com\/espace-pro\/#website\",\"url\":\"https:\/\/www.tourisme-valdemarne.com\/espace-pro\/\",\"name\":\"Espace Pro\",\"description\":\"Informations et outils pour les professionnels et la Presse\",\"potentialAction\":[{\"@type\":\"SearchAction\",\"target\":{\"@type\":\"EntryPoint\",\"urlTemplate\":\"https:\/\/www.tourisme-valdemarne.com\/espace-pro\/?s={search_term_string}\"},\"query-input\":{\"@type\":\"PropertyValueSpecification\",\"valueRequired\":true,\"valueName\":\"search_term_string\"}}],\"inLanguage\":\"fr-FR\"}]}<\/script>\n<!-- \/ Yoast SEO plugin. -->","yoast_head_json":{"title":"Archives de l'observatoire du tourisme - Espace Pro","robots":{"index":"index","follow":"follow","max-snippet":"max-snippet:-1","max-image-preview":"max-image-preview:large","max-video-preview":"max-video-preview:-1"},"canonical":"https:\/\/www.tourisme-valdemarne.com\/espace-pro\/observatoire-du-tourisme\/frequentation-hoteliere\/archives-de-lobservatoire-du-tourisme\/","og_locale":"fr_FR","og_type":"article","og_title":"Archives de l'observatoire du tourisme - Espace Pro","og_description":"Vous trouverez ici les bilans des fr\u00e9quentations h\u00f4teli\u00e8res ainsi que celles des sites et \u00e9v\u00e8nements des ann\u00e9es pr\u00e9c\u00e9dentes. Consultez nos archives en ligne ! Bilan 2016 Bilan 2015 Bilans pr\u00e9c\u00e9dents Bilan 2014 Bilan 2013 Bilan 2012 Bilan 2011 Bilan 2010 Bilan 2009 Bilan 2008 Bilans pr\u00e9c\u00e9dents des journ\u00e9es du patrimoine Journ\u00e9es du patrimoine 2015 Journ\u00e9es [&hellip;]","og_url":"https:\/\/www.tourisme-valdemarne.com\/espace-pro\/observatoire-du-tourisme\/frequentation-hoteliere\/archives-de-lobservatoire-du-tourisme\/","og_site_name":"Espace Pro","article_modified_time":"2019-06-17T13:14:32+00:00","og_image":[{"width":1600,"height":1060,"url":"https:\/\/www.tourisme-valdemarne.com\/espace-pro\/wp-content\/uploads\/sites\/3\/2019\/06\/graphiques-analyse.jpg","type":"image\/jpeg"}],"twitter_card":"summary_large_image","schema":{"@context":"https:\/\/schema.org","@graph":[{"@type":"WebPage","@id":"https:\/\/www.tourisme-valdemarne.com\/espace-pro\/observatoire-du-tourisme\/frequentation-hoteliere\/archives-de-lobservatoire-du-tourisme\/","url":"https:\/\/www.tourisme-valdemarne.com\/espace-pro\/observatoire-du-tourisme\/frequentation-hoteliere\/archives-de-lobservatoire-du-tourisme\/","name":"Archives de l'observatoire du tourisme - Espace Pro","isPartOf":{"@id":"https:\/\/www.tourisme-valdemarne.com\/espace-pro\/#website"},"primaryImageOfPage":{"@id":"https:\/\/www.tourisme-valdemarne.com\/espace-pro\/observatoire-du-tourisme\/frequentation-hoteliere\/archives-de-lobservatoire-du-tourisme\/#primaryimage"},"image":{"@id":"https:\/\/www.tourisme-valdemarne.com\/espace-pro\/observatoire-du-tourisme\/frequentation-hoteliere\/archives-de-lobservatoire-du-tourisme\/#primaryimage"},"thumbnailUrl":"https:\/\/www.tourisme-valdemarne.com\/espace-pro\/wp-content\/uploads\/sites\/3\/2019\/06\/graphiques-analyse.jpg","datePublished":"2019-06-04T07:29:41+00:00","dateModified":"2019-06-17T13:14:32+00:00","breadcrumb":{"@id":"https:\/\/www.tourisme-valdemarne.com\/espace-pro\/observatoire-du-tourisme\/frequentation-hoteliere\/archives-de-lobservatoire-du-tourisme\/#breadcrumb"},"inLanguage":"fr-FR","potentialAction":[{"@type":"ReadAction","target":["https:\/\/www.tourisme-valdemarne.com\/espace-pro\/observatoire-du-tourisme\/frequentation-hoteliere\/archives-de-lobservatoire-du-tourisme\/"]}]},{"@type":"ImageObject","inLanguage":"fr-FR","@id":"https:\/\/www.tourisme-valdemarne.com\/espace-pro\/observatoire-du-tourisme\/frequentation-hoteliere\/archives-de-lobservatoire-du-tourisme\/#primaryimage","url":"https:\/\/www.tourisme-valdemarne.com\/espace-pro\/wp-content\/uploads\/sites\/3\/2019\/06\/graphiques-analyse.jpg","contentUrl":"https:\/\/www.tourisme-valdemarne.com\/espace-pro\/wp-content\/uploads\/sites\/3\/2019\/06\/graphiques-analyse.jpg","width":1600,"height":1060,"caption":"Graphique et analyse \u00a9 CC0"},{"@type":"BreadcrumbList","@id":"https:\/\/www.tourisme-valdemarne.com\/espace-pro\/observatoire-du-tourisme\/frequentation-hoteliere\/archives-de-lobservatoire-du-tourisme\/#breadcrumb","itemListElement":[{"@type":"ListItem","position":1,"name":"Accueil","item":"https:\/\/www.tourisme-valdemarne.com\/espace-pro\/"},{"@type":"ListItem","position":2,"name":"Observatoire du tourisme","item":"https:\/\/www.tourisme-valdemarne.com\/espace-pro\/observatoire-du-tourisme\/"},{"@type":"ListItem","position":3,"name":"Fr\u00e9quentation h\u00f4teli\u00e8re","item":"https:\/\/www.tourisme-valdemarne.com\/espace-pro\/observatoire-du-tourisme\/frequentation-hoteliere\/"},{"@type":"ListItem","position":4,"name":"Archives de l&rsquo;observatoire du tourisme"}]},{"@type":"WebSite","@id":"https:\/\/www.tourisme-valdemarne.com\/espace-pro\/#website","url":"https:\/\/www.tourisme-valdemarne.com\/espace-pro\/","name":"Espace Pro","description":"Informations et outils pour les professionnels et la Presse","potentialAction":[{"@type":"SearchAction","target":{"@type":"EntryPoint","urlTemplate":"https:\/\/www.tourisme-valdemarne.com\/espace-pro\/?s={search_term_string}"},"query-input":{"@type":"PropertyValueSpecification","valueRequired":true,"valueName":"search_term_string"}}],"inLanguage":"fr-FR"}]}},"_links":{"self":[{"href":"https:\/\/www.tourisme-valdemarne.com\/espace-pro\/wp-json\/wp\/v2\/pages\/3210","targetHints":{"allow":["GET"]}}],"collection":[{"href":"https:\/\/www.tourisme-valdemarne.com\/espace-pro\/wp-json\/wp\/v2\/pages"}],"about":[{"href":"https:\/\/www.tourisme-valdemarne.com\/espace-pro\/wp-json\/wp\/v2\/types\/page"}],"author":[{"embeddable":true,"href":"https:\/\/www.tourisme-valdemarne.com\/espace-pro\/wp-json\/wp\/v2\/users\/8"}],"replies":[{"embeddable":true,"href":"https:\/\/www.tourisme-valdemarne.com\/espace-pro\/wp-json\/wp\/v2\/comments?post=3210"}],"version-history":[{"count":5,"href":"https:\/\/www.tourisme-valdemarne.com\/espace-pro\/wp-json\/wp\/v2\/pages\/3210\/revisions"}],"predecessor-version":[{"id":6204,"href":"https:\/\/www.tourisme-valdemarne.com\/espace-pro\/wp-json\/wp\/v2\/pages\/3210\/revisions\/6204"}],"up":[{"embeddable":true,"href":"https:\/\/www.tourisme-valdemarne.com\/espace-pro\/wp-json\/wp\/v2\/pages\/945"}],"wp:featuredmedia":[{"embeddable":true,"href":"https:\/\/www.tourisme-valdemarne.com\/espace-pro\/wp-json\/wp\/v2\/media\/3307"}],"wp:attachment":[{"href":"https:\/\/www.tourisme-valdemarne.com\/espace-pro\/wp-json\/wp\/v2\/media?parent=3210"}],"wp:term":[{"taxonomy":"vdmTagMarketing","embeddable":true,"href":"https:\/\/www.tourisme-valdemarne.com\/espace-pro\/wp-json\/wp\/v2\/vdmTagMarketing?post=3210"}],"curies":[{"name":"wp","href":"https:\/\/api.w.org\/{rel}","templated":true}]}}