{"id":3206,"date":"2019-06-04T09:28:46","date_gmt":"2019-06-04T07:28:46","guid":{"rendered":"https:\/\/www.tourisme-valdemarne.com\/espace-pro\/frequentation-hoteliere-2018"},"modified":"2024-02-20T14:52:52","modified_gmt":"2024-02-20T13:52:52","slug":"frequentation-hoteliere-2018","status":"publish","type":"page","link":"https:\/\/www.tourisme-valdemarne.com\/espace-pro\/observatoire-du-tourisme\/frequentation-hoteliere\/frequentation-hoteliere-2018\/","title":{"rendered":"Fr\u00e9quentation h\u00f4teli\u00e8re 2018"},"content":{"rendered":"\n<p class=\"is-style-excerpt\">Pr\u00e8s de 2 millions de touristes accueillis dans les h\u00f4tels val-de-marnais en 2018.<\/p>\n\n\n\n<p class=\"is-style-highlight\"><strong>1 937 000 arriv\u00e9es h\u00f4teli\u00e8res ont \u00e9t\u00e9 comptabilis\u00e9es en Val-de-Marne l\u2019ann\u00e9e derni\u00e8re, soit +0,4% par rapport \u00e0 2017. Avec 3 427 000 nuit\u00e9es, soit +3.2 %, l\u2019ann\u00e9e 2018 bat tous les records.<\/strong><\/p>\n\n\n\n<h2 class=\"wp-block-heading\">Les points \u00e0 retenir<\/h2>\n\n\n\n<ul class=\"wp-block-list\"><li><strong>Stabilisation de la client\u00e8le fran\u00e7aise<\/strong> : Apr\u00e8s la forte hausse enregistr\u00e9e l\u2019ann\u00e9e derni\u00e8re, la client\u00e8le fran\u00e7aise est stable en 2018. Elle repr\u00e9sente 63% des arriv\u00e9es h\u00f4teli\u00e8res dans le d\u00e9partement.<\/li><li><strong>L\u00e9g\u00e8re progression des arriv\u00e9es internationales<\/strong> : Comme pour la client\u00e8le fran\u00e7aise, 2018 marque un d\u00e9but de stabilisation avec +2% des arriv\u00e9es internationales. Au total, 725 000 touristes \u00e9trangers ont \u00e9t\u00e9 accueillis par l\u2019h\u00f4tellerie val-de-marnaise.<\/li><li><strong>Un nombre de nuit\u00e9es record<\/strong> : Cons\u00e9quence d\u2019une l\u00e9g\u00e8re progression de la dur\u00e9e de s\u00e9jour (+4% portant la dur\u00e9e moyenne de 1,70 jour \u00e0 1,77 jour), le nombre de nuit\u00e9es bat des records presque chaque mois en 2018.Cette progression des nuit\u00e9es s\u2019observe d\u2019ailleurs chez les client\u00e8les fran\u00e7aise (+3.7%) comme \u00e9trang\u00e8res (+2.5%).<\/li><li><strong>Le tourisme d\u2019affaires toujours dynamique<\/strong> : Les d\u00e9placements professionnels continuent de soutenir la fr\u00e9quentation h\u00f4teli\u00e8re du d\u00e9partement. Ils repr\u00e9sentent 58% des nuit\u00e9es, avec une progression de 5%, contrairement au reste de la r\u00e9gion qui enregistre une baisse de 1,3%.<\/li><li><strong>Fin d\u2019ann\u00e9e en demi-teinte<\/strong> : Si le mois d\u2019octobre a \u00e9t\u00e9 bon, novembre et surtout d\u00e9cembre enregistrent des baisses du nombre d\u2019arriv\u00e9es h\u00f4teli\u00e8res, qui peuvent en partie s\u2019expliquer par les manifestations du mouvement des Gilets jaunes.<\/li><li><strong>\u00c9volutions contrast\u00e9es des principales client\u00e8les \u00e9trang\u00e8res<\/strong> : Comme dans le reste de la r\u00e9gion, les client\u00e8les europ\u00e9ennes progressent en 2018. En revanche, l\u2019analyse par nationalit\u00e9 est plus contrast\u00e9e : Am\u00e9ricains, Allemands, Anglais et Italiens progressent, tandis que les Espagnols, Hollandais et Belges sont moins nombreux que l\u2019ann\u00e9e derni\u00e8re. Principale client\u00e8le du d\u00e9partement, la client\u00e8le chinoise est \u00e9galement en l\u00e9ger recul (-3% en nombre d\u2019arriv\u00e9es).<\/li><li><strong>75% de taux d\u2019occupation en moyenne<\/strong> : Le taux d\u2019occupation n\u2019a jamais \u00e9t\u00e9 aussi \u00e9lev\u00e9 en Val-de-Marne, il progresse de 5 points par rapport \u00e0 2017 pour se rapprocher de la moyenne r\u00e9gionale (76%). On note d\u2019ailleurs que le taux d\u2019occupation r\u00e9gional n\u2019a progress\u00e9 que de 3 points en 2018.<\/li><li><strong>Des performances h\u00f4teli\u00e8res excellentes dans toutes les cat\u00e9gories<\/strong> : Les taux d\u2019occupation, comme les prix des chambres, progressent dans toutes les cat\u00e9gories d\u2019\u00e9tablissements. Plus on monte en gamme, plus le chiffre d\u2019affaires par chambre progresse en 2018, \u00e9tablissant la moyenne \u00e0 57\u20ac par chambre, soit 13% de plus qu\u2019en 2017.<\/li><\/ul>\n\n\n\n<h2 class=\"wp-block-heading\">Fr\u00e9quentation des sites de visite<\/h2>\n\n\n\n<ul class=\"wp-block-list\"><li><strong>Parc zoologique de Paris &#8211; Zoo de Vincennes<\/strong> : 537 000 visiteurs (en baisse)<\/li><li><strong>Palais de la Porte Dor\u00e9e<\/strong> : 460 000 visiteurs (en hausse)<\/li><li><strong>Ch\u00e2teau de Vincennes<\/strong> : 139 658 visiteurs (en hausse)<\/li><li><strong>Explorad\u00f4me<\/strong> : 65 872 visiteurs (en hausse)<\/li><li><strong>MAC VAL<\/strong> : 61 762 visiteurs (en baisse)<\/li><li><strong>Base de loisirs de Cr\u00e9teil (piscine \u00e0 vague et \u00e9cole de voile)<\/strong> : 42 972 visiteurs (en hausse)<\/li><li><strong><a href=\"https:\/\/www.tourisme-valdemarne.com\/incontournables\/roseraie-du-val-de-marne\/\">Roseraie du Val-de-Marne<\/a><\/strong> : 20504 visiteurs (en baisse)<\/li><li><strong>Maison de l&rsquo;environnement et du d\u00e9veloppement durable &#8211; A\u00e9roport d&rsquo;Orly<\/strong> : 14 893 visiteurs (stable)<\/li><\/ul>\n\n\n\n<h2 class=\"wp-block-heading\">D\u00e9tail des donn\u00e9es de fr\u00e9quentation h\u00f4teli\u00e8re<\/h2>\n\n\n<div class=\"infogram-embed\" data-id=\"72042ec0-f04f-4bae-a19d-dc92a5cbdd6e\" data-type=\"interactive\" data-title=\"Bilan fr\u00e9quentation hotels 2018\"><\/div>\n<p><script>!function(e,t,s,i){var n=\"InfogramEmbeds\",o=e.getElementsByTagName(\"script\")[0],d=\/^http:\/.test(e.location)?\"http:\":\"https:\";if(\/^\\\/{2}\/.test(i)&&(i=d+i),window[n]&&window[n].initialized)window[n].process&&window[n].process();else if(!e.getElementById(s)){var r=e.createElement(\"script\");r.async=1,r.id=s,r.src=i,o.parentNode.insertBefore(r,o)}}(document,0,\"infogram-async\",\"https:\/\/e.infogram.com\/js\/dist\/embed-loader-min.js\");<\/script><\/p>\n<div style=\"padding:8px 0;font-family:Arial!important;font-size:13px!important;line-height:15px!important;text-align:center;border-top:1px solid #dadada;margin:0 30px\"><a href=\"https:\/\/infogram.com\/72042ec0-f04f-4bae-a19d-dc92a5cbdd6e\" style=\"color:#989898!important;text-decoration:none!important;\" target=\"_blank\" rel=\"noopener noreferrer\">Bilan fr\u00e9quentation hotels 2018<\/a><br \/><a href=\"https:\/\/infogram.com\" style=\"color:#989898!important;text-decoration:none!important;\" target=\"_blank\" rel=\"nofollow noopener noreferrer\">Infogram<\/a><\/div>\n\n\n\n<p class=\"is-style-highlight\">Consultez \u00e9galement le <a href=\"https:\/\/www.tourisme-valdemarne.com\/espace-pro\/observatoire-du-tourisme\/frequentation-hoteliere\/frequentation-hoteliere-2017\/\">bilan de la fr\u00e9quentation h\u00f4teli\u00e8re en 2017<\/a>.<\/p>\n","protected":false},"excerpt":{"rendered":"<p>Pr\u00e8s de 2 millions de touristes accueillis dans les h\u00f4tels val-de-marnais en 2018. 1 937 000 arriv\u00e9es h\u00f4teli\u00e8res ont \u00e9t\u00e9 comptabilis\u00e9es en Val-de-Marne l\u2019ann\u00e9e derni\u00e8re, soit +0,4% par rapport \u00e0 2017. Avec 3 427 000 nuit\u00e9es, soit +3.2 %, l\u2019ann\u00e9e 2018 bat tous les records. Les points \u00e0 retenir Stabilisation de la client\u00e8le fran\u00e7aise : [&hellip;]<\/p>\n","protected":false},"author":8,"featured_media":2914,"parent":945,"menu_order":30,"comment_status":"closed","ping_status":"closed","template":"","meta":{"_relevanssi_hide_post":"","_relevanssi_hide_content":"","_relevanssi_pin_for_all":"","_relevanssi_pin_keywords":"","_relevanssi_unpin_keywords":"","_relevanssi_related_keywords":"","_relevanssi_related_include_ids":"","_relevanssi_related_exclude_ids":"","_relevanssi_related_no_append":"","_relevanssi_related_not_related":"","_relevanssi_related_posts":"2749,442,444,8074,2741,8095","_relevanssi_noindex_reason":"","footnotes":""},"vdmTagMarketing":[],"class_list":["post-3206","page","type-page","status-publish","has-post-thumbnail","hentry"],"acf":[],"yoast_head":"<!-- This site is optimized with the Yoast SEO plugin v23.9 - https:\/\/yoast.com\/wordpress\/plugins\/seo\/ -->\n<title>Fr\u00e9quentation h\u00f4teli\u00e8re 2018 - Espace Pro<\/title>\n<meta name=\"robots\" content=\"index, follow, max-snippet:-1, max-image-preview:large, max-video-preview:-1\" \/>\n<link rel=\"canonical\" href=\"https:\/\/www.tourisme-valdemarne.com\/espace-pro\/observatoire-du-tourisme\/frequentation-hoteliere\/frequentation-hoteliere-2018\/\" \/>\n<meta property=\"og:locale\" content=\"fr_FR\" \/>\n<meta property=\"og:type\" content=\"article\" \/>\n<meta property=\"og:title\" content=\"Fr\u00e9quentation h\u00f4teli\u00e8re 2018 - Espace Pro\" \/>\n<meta property=\"og:description\" content=\"Pr\u00e8s de 2 millions de touristes accueillis dans les h\u00f4tels val-de-marnais en 2018. 1 937 000 arriv\u00e9es h\u00f4teli\u00e8res ont \u00e9t\u00e9 comptabilis\u00e9es en Val-de-Marne l\u2019ann\u00e9e derni\u00e8re, soit +0,4% par rapport \u00e0 2017. Avec 3 427 000 nuit\u00e9es, soit +3.2 %, l\u2019ann\u00e9e 2018 bat tous les records. Les points \u00e0 retenir Stabilisation de la client\u00e8le fran\u00e7aise : [&hellip;]\" \/>\n<meta property=\"og:url\" content=\"https:\/\/www.tourisme-valdemarne.com\/espace-pro\/observatoire-du-tourisme\/frequentation-hoteliere\/frequentation-hoteliere-2018\/\" \/>\n<meta property=\"og:site_name\" content=\"Espace Pro\" \/>\n<meta property=\"article:modified_time\" content=\"2024-02-20T13:52:52+00:00\" \/>\n<meta property=\"og:image\" content=\"https:\/\/www.tourisme-valdemarne.com\/espace-pro\/wp-content\/uploads\/sites\/3\/2019\/05\/hotel-novotel-orly-rungis-piscine.jpg\" \/>\n\t<meta property=\"og:image:width\" content=\"700\" \/>\n\t<meta property=\"og:image:height\" content=\"1050\" \/>\n\t<meta property=\"og:image:type\" content=\"image\/jpeg\" \/>\n<meta name=\"twitter:card\" content=\"summary_large_image\" \/>\n<meta name=\"twitter:label1\" content=\"Dur\u00e9e de lecture estim\u00e9e\" \/>\n\t<meta name=\"twitter:data1\" content=\"3 minutes\" \/>\n<script type=\"application\/ld+json\" class=\"yoast-schema-graph\">{\"@context\":\"https:\/\/schema.org\",\"@graph\":[{\"@type\":\"WebPage\",\"@id\":\"https:\/\/www.tourisme-valdemarne.com\/espace-pro\/observatoire-du-tourisme\/frequentation-hoteliere\/frequentation-hoteliere-2018\/\",\"url\":\"https:\/\/www.tourisme-valdemarne.com\/espace-pro\/observatoire-du-tourisme\/frequentation-hoteliere\/frequentation-hoteliere-2018\/\",\"name\":\"Fr\u00e9quentation h\u00f4teli\u00e8re 2018 - Espace Pro\",\"isPartOf\":{\"@id\":\"https:\/\/www.tourisme-valdemarne.com\/espace-pro\/#website\"},\"primaryImageOfPage\":{\"@id\":\"https:\/\/www.tourisme-valdemarne.com\/espace-pro\/observatoire-du-tourisme\/frequentation-hoteliere\/frequentation-hoteliere-2018\/#primaryimage\"},\"image\":{\"@id\":\"https:\/\/www.tourisme-valdemarne.com\/espace-pro\/observatoire-du-tourisme\/frequentation-hoteliere\/frequentation-hoteliere-2018\/#primaryimage\"},\"thumbnailUrl\":\"https:\/\/www.tourisme-valdemarne.com\/espace-pro\/wp-content\/uploads\/sites\/3\/2019\/05\/hotel-novotel-orly-rungis-piscine.jpg\",\"datePublished\":\"2019-06-04T07:28:46+00:00\",\"dateModified\":\"2024-02-20T13:52:52+00:00\",\"breadcrumb\":{\"@id\":\"https:\/\/www.tourisme-valdemarne.com\/espace-pro\/observatoire-du-tourisme\/frequentation-hoteliere\/frequentation-hoteliere-2018\/#breadcrumb\"},\"inLanguage\":\"fr-FR\",\"potentialAction\":[{\"@type\":\"ReadAction\",\"target\":[\"https:\/\/www.tourisme-valdemarne.com\/espace-pro\/observatoire-du-tourisme\/frequentation-hoteliere\/frequentation-hoteliere-2018\/\"]}]},{\"@type\":\"ImageObject\",\"inLanguage\":\"fr-FR\",\"@id\":\"https:\/\/www.tourisme-valdemarne.com\/espace-pro\/observatoire-du-tourisme\/frequentation-hoteliere\/frequentation-hoteliere-2018\/#primaryimage\",\"url\":\"https:\/\/www.tourisme-valdemarne.com\/espace-pro\/wp-content\/uploads\/sites\/3\/2019\/05\/hotel-novotel-orly-rungis-piscine.jpg\",\"contentUrl\":\"https:\/\/www.tourisme-valdemarne.com\/espace-pro\/wp-content\/uploads\/sites\/3\/2019\/05\/hotel-novotel-orly-rungis-piscine.jpg\",\"width\":700,\"height\":1050,\"caption\":\"Piscine du Novotel Orly Rungis \u00a9 Jacques-Yves Gucia\"},{\"@type\":\"BreadcrumbList\",\"@id\":\"https:\/\/www.tourisme-valdemarne.com\/espace-pro\/observatoire-du-tourisme\/frequentation-hoteliere\/frequentation-hoteliere-2018\/#breadcrumb\",\"itemListElement\":[{\"@type\":\"ListItem\",\"position\":1,\"name\":\"Accueil\",\"item\":\"https:\/\/www.tourisme-valdemarne.com\/espace-pro\/\"},{\"@type\":\"ListItem\",\"position\":2,\"name\":\"Observatoire du tourisme\",\"item\":\"https:\/\/www.tourisme-valdemarne.com\/espace-pro\/observatoire-du-tourisme\/\"},{\"@type\":\"ListItem\",\"position\":3,\"name\":\"Fr\u00e9quentation h\u00f4teli\u00e8re\",\"item\":\"https:\/\/www.tourisme-valdemarne.com\/espace-pro\/observatoire-du-tourisme\/frequentation-hoteliere\/\"},{\"@type\":\"ListItem\",\"position\":4,\"name\":\"Fr\u00e9quentation h\u00f4teli\u00e8re 2018\"}]},{\"@type\":\"WebSite\",\"@id\":\"https:\/\/www.tourisme-valdemarne.com\/espace-pro\/#website\",\"url\":\"https:\/\/www.tourisme-valdemarne.com\/espace-pro\/\",\"name\":\"Espace Pro\",\"description\":\"Informations et outils pour les professionnels et la Presse\",\"potentialAction\":[{\"@type\":\"SearchAction\",\"target\":{\"@type\":\"EntryPoint\",\"urlTemplate\":\"https:\/\/www.tourisme-valdemarne.com\/espace-pro\/?s={search_term_string}\"},\"query-input\":{\"@type\":\"PropertyValueSpecification\",\"valueRequired\":true,\"valueName\":\"search_term_string\"}}],\"inLanguage\":\"fr-FR\"}]}<\/script>\n<!-- \/ Yoast SEO plugin. -->","yoast_head_json":{"title":"Fr\u00e9quentation h\u00f4teli\u00e8re 2018 - Espace Pro","robots":{"index":"index","follow":"follow","max-snippet":"max-snippet:-1","max-image-preview":"max-image-preview:large","max-video-preview":"max-video-preview:-1"},"canonical":"https:\/\/www.tourisme-valdemarne.com\/espace-pro\/observatoire-du-tourisme\/frequentation-hoteliere\/frequentation-hoteliere-2018\/","og_locale":"fr_FR","og_type":"article","og_title":"Fr\u00e9quentation h\u00f4teli\u00e8re 2018 - Espace Pro","og_description":"Pr\u00e8s de 2 millions de touristes accueillis dans les h\u00f4tels val-de-marnais en 2018. 1 937 000 arriv\u00e9es h\u00f4teli\u00e8res ont \u00e9t\u00e9 comptabilis\u00e9es en Val-de-Marne l\u2019ann\u00e9e derni\u00e8re, soit +0,4% par rapport \u00e0 2017. Avec 3 427 000 nuit\u00e9es, soit +3.2 %, l\u2019ann\u00e9e 2018 bat tous les records. Les points \u00e0 retenir Stabilisation de la client\u00e8le fran\u00e7aise : [&hellip;]","og_url":"https:\/\/www.tourisme-valdemarne.com\/espace-pro\/observatoire-du-tourisme\/frequentation-hoteliere\/frequentation-hoteliere-2018\/","og_site_name":"Espace Pro","article_modified_time":"2024-02-20T13:52:52+00:00","og_image":[{"width":700,"height":1050,"url":"https:\/\/www.tourisme-valdemarne.com\/espace-pro\/wp-content\/uploads\/sites\/3\/2019\/05\/hotel-novotel-orly-rungis-piscine.jpg","type":"image\/jpeg"}],"twitter_card":"summary_large_image","twitter_misc":{"Dur\u00e9e de lecture estim\u00e9e":"3 minutes"},"schema":{"@context":"https:\/\/schema.org","@graph":[{"@type":"WebPage","@id":"https:\/\/www.tourisme-valdemarne.com\/espace-pro\/observatoire-du-tourisme\/frequentation-hoteliere\/frequentation-hoteliere-2018\/","url":"https:\/\/www.tourisme-valdemarne.com\/espace-pro\/observatoire-du-tourisme\/frequentation-hoteliere\/frequentation-hoteliere-2018\/","name":"Fr\u00e9quentation h\u00f4teli\u00e8re 2018 - Espace Pro","isPartOf":{"@id":"https:\/\/www.tourisme-valdemarne.com\/espace-pro\/#website"},"primaryImageOfPage":{"@id":"https:\/\/www.tourisme-valdemarne.com\/espace-pro\/observatoire-du-tourisme\/frequentation-hoteliere\/frequentation-hoteliere-2018\/#primaryimage"},"image":{"@id":"https:\/\/www.tourisme-valdemarne.com\/espace-pro\/observatoire-du-tourisme\/frequentation-hoteliere\/frequentation-hoteliere-2018\/#primaryimage"},"thumbnailUrl":"https:\/\/www.tourisme-valdemarne.com\/espace-pro\/wp-content\/uploads\/sites\/3\/2019\/05\/hotel-novotel-orly-rungis-piscine.jpg","datePublished":"2019-06-04T07:28:46+00:00","dateModified":"2024-02-20T13:52:52+00:00","breadcrumb":{"@id":"https:\/\/www.tourisme-valdemarne.com\/espace-pro\/observatoire-du-tourisme\/frequentation-hoteliere\/frequentation-hoteliere-2018\/#breadcrumb"},"inLanguage":"fr-FR","potentialAction":[{"@type":"ReadAction","target":["https:\/\/www.tourisme-valdemarne.com\/espace-pro\/observatoire-du-tourisme\/frequentation-hoteliere\/frequentation-hoteliere-2018\/"]}]},{"@type":"ImageObject","inLanguage":"fr-FR","@id":"https:\/\/www.tourisme-valdemarne.com\/espace-pro\/observatoire-du-tourisme\/frequentation-hoteliere\/frequentation-hoteliere-2018\/#primaryimage","url":"https:\/\/www.tourisme-valdemarne.com\/espace-pro\/wp-content\/uploads\/sites\/3\/2019\/05\/hotel-novotel-orly-rungis-piscine.jpg","contentUrl":"https:\/\/www.tourisme-valdemarne.com\/espace-pro\/wp-content\/uploads\/sites\/3\/2019\/05\/hotel-novotel-orly-rungis-piscine.jpg","width":700,"height":1050,"caption":"Piscine du Novotel Orly Rungis \u00a9 Jacques-Yves Gucia"},{"@type":"BreadcrumbList","@id":"https:\/\/www.tourisme-valdemarne.com\/espace-pro\/observatoire-du-tourisme\/frequentation-hoteliere\/frequentation-hoteliere-2018\/#breadcrumb","itemListElement":[{"@type":"ListItem","position":1,"name":"Accueil","item":"https:\/\/www.tourisme-valdemarne.com\/espace-pro\/"},{"@type":"ListItem","position":2,"name":"Observatoire du tourisme","item":"https:\/\/www.tourisme-valdemarne.com\/espace-pro\/observatoire-du-tourisme\/"},{"@type":"ListItem","position":3,"name":"Fr\u00e9quentation h\u00f4teli\u00e8re","item":"https:\/\/www.tourisme-valdemarne.com\/espace-pro\/observatoire-du-tourisme\/frequentation-hoteliere\/"},{"@type":"ListItem","position":4,"name":"Fr\u00e9quentation h\u00f4teli\u00e8re 2018"}]},{"@type":"WebSite","@id":"https:\/\/www.tourisme-valdemarne.com\/espace-pro\/#website","url":"https:\/\/www.tourisme-valdemarne.com\/espace-pro\/","name":"Espace Pro","description":"Informations et outils pour les professionnels et la Presse","potentialAction":[{"@type":"SearchAction","target":{"@type":"EntryPoint","urlTemplate":"https:\/\/www.tourisme-valdemarne.com\/espace-pro\/?s={search_term_string}"},"query-input":{"@type":"PropertyValueSpecification","valueRequired":true,"valueName":"search_term_string"}}],"inLanguage":"fr-FR"}]}},"_links":{"self":[{"href":"https:\/\/www.tourisme-valdemarne.com\/espace-pro\/wp-json\/wp\/v2\/pages\/3206","targetHints":{"allow":["GET"]}}],"collection":[{"href":"https:\/\/www.tourisme-valdemarne.com\/espace-pro\/wp-json\/wp\/v2\/pages"}],"about":[{"href":"https:\/\/www.tourisme-valdemarne.com\/espace-pro\/wp-json\/wp\/v2\/types\/page"}],"author":[{"embeddable":true,"href":"https:\/\/www.tourisme-valdemarne.com\/espace-pro\/wp-json\/wp\/v2\/users\/8"}],"replies":[{"embeddable":true,"href":"https:\/\/www.tourisme-valdemarne.com\/espace-pro\/wp-json\/wp\/v2\/comments?post=3206"}],"version-history":[{"count":5,"href":"https:\/\/www.tourisme-valdemarne.com\/espace-pro\/wp-json\/wp\/v2\/pages\/3206\/revisions"}],"predecessor-version":[{"id":26389,"href":"https:\/\/www.tourisme-valdemarne.com\/espace-pro\/wp-json\/wp\/v2\/pages\/3206\/revisions\/26389"}],"up":[{"embeddable":true,"href":"https:\/\/www.tourisme-valdemarne.com\/espace-pro\/wp-json\/wp\/v2\/pages\/945"}],"wp:featuredmedia":[{"embeddable":true,"href":"https:\/\/www.tourisme-valdemarne.com\/espace-pro\/wp-json\/wp\/v2\/media\/2914"}],"wp:attachment":[{"href":"https:\/\/www.tourisme-valdemarne.com\/espace-pro\/wp-json\/wp\/v2\/media?parent=3206"}],"wp:term":[{"taxonomy":"vdmTagMarketing","embeddable":true,"href":"https:\/\/www.tourisme-valdemarne.com\/espace-pro\/wp-json\/wp\/v2\/vdmTagMarketing?post=3206"}],"curies":[{"name":"wp","href":"https:\/\/api.w.org\/{rel}","templated":true}]}}