{"id":3204,"date":"2019-06-04T09:28:02","date_gmt":"2019-06-04T07:28:02","guid":{"rendered":"https:\/\/www.tourisme-valdemarne.com\/espace-pro\/?page_id=3204"},"modified":"2020-12-10T22:58:38","modified_gmt":"2020-12-10T21:58:38","slug":"frequentation-hoteliere-2019","status":"publish","type":"page","link":"https:\/\/www.tourisme-valdemarne.com\/espace-pro\/observatoire-du-tourisme\/frequentation-hoteliere\/frequentation-hoteliere-2019\/","title":{"rendered":"Fr\u00e9quentation h\u00f4teli\u00e8re 2019"},"content":{"rendered":"\n<p class=\"is-style-excerpt\">Pr\u00e9sentation des donn\u00e9es de fr\u00e9quentation des h\u00f4tels val-de-marnais pour la p\u00e9riode janvier-septembre 2019.<\/p>\n\n\n\n<h2 class=\"wp-block-heading\">Fr\u00e9quentation h\u00f4teli\u00e8re au beau fixe en 2019<\/h2>\n\n\n\n<p>En 2019, les h\u00f4tels val-de-marnais ont accueilli <strong>1 949&nbsp;000 visiteurs<\/strong>, soit une tr\u00e8s l\u00e9g\u00e8re hausse de <strong>+0,6% par rapport \u00e0 2018<\/strong> et donc un nouveau record de fr\u00e9quentation depuis 10 ans. Le nombre de nuit\u00e9es est en revanche en l\u00e9g\u00e8re baisse de -1,8% avec 3 365 000 nuit\u00e9es. L\u2019ann\u00e9e est notamment marqu\u00e9e par une <strong>hausse de la client\u00e8le fran\u00e7aise<\/strong> qui peine \u00e0 compenser la forte baisse enregistr\u00e9e aupr\u00e8s des principales client\u00e8les \u00e9trang\u00e8res du d\u00e9partement.<\/p>\n\n\n\n<p><strong>Les points \u00e0 retenir&nbsp;:<\/strong><\/p>\n\n\n\n<ul class=\"wp-block-list\"><li><strong>La client\u00e8le fran\u00e7aise progresse<\/strong> : Stable en 2018, la client\u00e8le fran\u00e7aise est \u00e0 nouveau en hausse de 10% en 2019, notamment en juin et ao\u00fbt ainsi que, dans une moindre mesure, sur toute la fin de l\u2019ann\u00e9e (de septembre \u00e0 d\u00e9cembre). Principale client\u00e8le du d\u00e9partement puisqu\u2019elle repr\u00e9sente 64% des arriv\u00e9es h\u00f4teli\u00e8res, sa progression compense le recul des client\u00e8les \u00e9trang\u00e8res en nombre d\u2019arriv\u00e9es mais pas tout \u00e0 fait en nombre de nuit\u00e9es.<\/li><li><strong>Forte baisse des arriv\u00e9es internationales<\/strong> : L\u2019ann\u00e9e 2019 est marqu\u00e9e par le recul des client\u00e8les \u00e9trang\u00e8res avec -15% des arriv\u00e9es et des nuit\u00e9es. Cette baisse s\u2019observe toute l\u2019ann\u00e9e \u00e0 l\u2019exception du mois d\u2019avril et avec des baisses particuli\u00e8rement importantes en mars puis d\u2019ao\u00fbt \u00e0 novembre.<\/li><li><strong>Le tourisme d\u2019affaires stable<\/strong> : La part du tourisme d\u2019affaires continue de progresser en 2019 et s\u2019\u00e9tablit \u00e0 60% des nuit\u00e9es (+4 points). Le nombre de nuit\u00e9es est stable (-0,7%) avec n\u00e9anmoins des variations contrast\u00e9es&nbsp;: baisse au premier semestre (sauf f\u00e9vrier qui est en hausse), hausse l\u2019\u00e9t\u00e9 et l\u00e9ger recul sur la fin de l\u2019ann\u00e9e (octobre \u00e0 d\u00e9cembre).<\/li><li><strong>Les principales client\u00e8les \u00e9trang\u00e8res du Val-de-Marne en baisse<\/strong> : Si les client\u00e8les europ\u00e9ennes sont en l\u00e9ger recul, ce sont surtout les client\u00e8les am\u00e9ricaines et asiatiques qui manquent \u00e0 l\u2019appel. Premi\u00e8re client\u00e8le \u00e9trang\u00e8re du d\u00e9partement, les chinois sont en recul de -28% en nuit\u00e9es, les Am\u00e9ricains -17% et les Anglais -18%.<\/li><li><strong>73,6% de taux d\u2019occupation soit -1,8 points<\/strong>: Apr\u00e8s une forte progression en 2018 (+5 points), le taux d\u2019occupation recule un peu en 2019. Il reste proche de la moyenne r\u00e9gionale \u00e0 75%, \u00e9galement en recul de 1,5 point. Le TO recule de 2 \u00e0 4 points en mars, mai, juillet, septembre et octobre. Les autres mois sont stables avec de l\u00e9g\u00e8res progressions en avril et juin.<\/li><li><strong>Recul de l\u2019occupation dans les \u00e9tablissements non class\u00e9s<\/strong>&nbsp;: Ce sont surtout les h\u00f4tels non class\u00e9s qui voient leurs taux d\u2019occupation reculer (-5 points), ainsi que les 3 \u00e9toiles dans une moindre mesure (-1 point). Le TO est stable pour les 1-2 \u00e9toiles et les 4-5 \u00e9toiles.<\/li><li><strong>Un chiffre d\u2019affaires stable pour les h\u00f4teliers<\/strong> : La baisse du taux d\u2019occupation a \u00e9t\u00e9 compens\u00e9e par une l\u00e9g\u00e8re hausse du prix des chambres (+2%) qui s\u2019\u00e9tablit \u00e0 73\u20ac en moyenne. Le chiffre d\u2019affaires par chambre disponible (RevPAR) est donc stable avec 54\u20ac en moyenne dans le d\u00e9partement.<\/li><li><strong>Le parc h\u00f4telier val-de-marnais se d\u00e9veloppe<\/strong>&nbsp;: L\u2019ann\u00e9e 2019 a \u00e9galement \u00e9t\u00e9 marqu\u00e9e par l\u2019inauguration de plusieurs \u00e9tablissements h\u00f4teliers en Val-de-Marne. En avril, Accor inaugurait le premier \u00e9tablissement francilien du nouveau concept JO&amp;JOE \u00e0 Gentilly&nbsp;: une auberge de jeunesse avec plus de 600 lits en dortoirs, chambres privatives ou cabines. En novembre, c\u2019est un Ibis Style de 200 chambres qui \u00e9tait inaugur\u00e9, juste \u00e0 c\u00f4t\u00e9 du Mercure Paris Orly Tech A\u00e9roport qui a r\u00e9ouvert en mars 2019 apr\u00e8s un an de r\u00e9novation compl\u00e8te. Enfin le Hilton Garden Inn Paris Orly Airport \u00e9tait inaugur\u00e9 en d\u00e9cembre avec 105 chambres \u00e0 Rungis \u00e0 proximit\u00e9 du parc d\u2019affaires Icade et de l\u2019a\u00e9roport Paris Orly.<\/li><\/ul>\n\n\n\n<p class=\"is-style-highlight\">Consultez le <a href=\"https:\/\/www.tourisme-valdemarne.com\/espace-pro\/observatoire-du-tourisme\/bilan-de-lactivite-touristique-en-2019\/\" target=\"_blank\" rel=\"noreferrer noopener\" aria-label=\"bilan complet de l\u2019activit\u00e9 touristique en 2019 (s\u2019ouvre dans un nouvel onglet)\">bilan complet de l\u2019activit\u00e9 touristique en 2019<\/a>.<\/p>\n\n\n<div class=\"infogram-embed\" data-id=\"859bb24d-f2e0-47a0-81f4-fdd72f1652d4\" data-type=\"interactive\" data-title=\"Bilan fr\u00e9quentation hotels 2019\"><\/div>\n<p><script>!function(e,i,n,s){var t=\"InfogramEmbeds\",d=e.getElementsByTagName(\"script\")[0];if(window[t]&&window[t].initialized)window[t].process&&window[t].process();else if(!e.getElementById(n)){var o=e.createElement(\"script\");o.async=1,o.id=n,o.src=\"https:\/\/e.infogram.com\/js\/dist\/embed-loader-min.js\",d.parentNode.insertBefore(o,d)}}(document,0,\"infogram-async\");<\/script><\/p>\n<div style=\"padding:8px 0;font-family:Arial!important;font-size:13px!important;line-height:15px!important;text-align:center;border-top:1px solid #dadada;margin:0 30px\"><a href=\"https:\/\/infogram.com\/859bb24d-f2e0-47a0-81f4-fdd72f1652d4\" style=\"color:#989898!important;text-decoration:none!important;\" target=\"_blank\" rel=\"noopener noreferrer\">Bilan fr\u00e9quentation hotels 2019<\/a><br><a href=\"https:\/\/infogram.com\" style=\"color:#989898!important;text-decoration:none!important;\" target=\"_blank\" rel=\"nofollow noopener noreferrer\">Infogram<\/a><\/div>\n\n\n<p class=\"is-style-highlight\">Si vous souhaitez en savoir plus sur la fr\u00e9quentation h\u00f4teli\u00e8re en Val-de-Marne, lisez notre\u00a0<a href=\"https:\/\/www.tourisme-valdemarne.com\/espace-pro\/observatoire-du-tourisme\/frequentation-hoteliere\/frequentation-hoteliere-2018\/\">bilan de la fr\u00e9quentation pour l\u2019ann\u00e9e 2018<\/a>.<\/p>\n","protected":false},"excerpt":{"rendered":"<p>Pr\u00e9sentation des donn\u00e9es de fr\u00e9quentation des h\u00f4tels val-de-marnais pour la p\u00e9riode janvier-septembre 2019. Fr\u00e9quentation h\u00f4teli\u00e8re au beau fixe en 2019 En 2019, les h\u00f4tels val-de-marnais ont accueilli 1 949&nbsp;000 visiteurs, soit une tr\u00e8s l\u00e9g\u00e8re hausse de +0,6% par rapport \u00e0 2018 et donc un nouveau record de fr\u00e9quentation depuis 10 ans. Le nombre de nuit\u00e9es [&hellip;]<\/p>\n","protected":false},"author":8,"featured_media":8324,"parent":945,"menu_order":10,"comment_status":"closed","ping_status":"closed","template":"","meta":{"_relevanssi_hide_post":"","_relevanssi_hide_content":"","_relevanssi_pin_for_all":"","_relevanssi_pin_keywords":"","_relevanssi_unpin_keywords":"","_relevanssi_related_keywords":"","_relevanssi_related_include_ids":"","_relevanssi_related_exclude_ids":"","_relevanssi_related_no_append":"","_relevanssi_related_not_related":"","_relevanssi_related_posts":"","_relevanssi_noindex_reason":"","footnotes":""},"vdmTagMarketing":[],"class_list":["post-3204","page","type-page","status-publish","has-post-thumbnail","hentry"],"acf":[],"yoast_head":"<!-- This site is optimized with the Yoast SEO plugin v23.9 - https:\/\/yoast.com\/wordpress\/plugins\/seo\/ -->\n<title>Fr\u00e9quentation h\u00f4teli\u00e8re 2019 - Espace Pro Val-de-Marne Tourisme et loisirs<\/title>\n<meta name=\"description\" content=\"Pr\u00e9sentation des donn\u00e9es de fr\u00e9quentation des h\u00f4tels val-de-marnais pour la p\u00e9riode janvier-septembre 2019.\" \/>\n<meta name=\"robots\" content=\"index, follow, max-snippet:-1, max-image-preview:large, max-video-preview:-1\" \/>\n<link rel=\"canonical\" href=\"https:\/\/www.tourisme-valdemarne.com\/espace-pro\/observatoire-du-tourisme\/frequentation-hoteliere\/frequentation-hoteliere-2019\/\" \/>\n<meta property=\"og:locale\" content=\"fr_FR\" \/>\n<meta property=\"og:type\" content=\"article\" \/>\n<meta property=\"og:title\" content=\"Fr\u00e9quentation h\u00f4teli\u00e8re 2019 - Espace Pro Val-de-Marne Tourisme et loisirs\" \/>\n<meta property=\"og:description\" content=\"Pr\u00e9sentation des donn\u00e9es de fr\u00e9quentation des h\u00f4tels val-de-marnais pour la p\u00e9riode janvier-septembre 2019.\" \/>\n<meta property=\"og:url\" content=\"https:\/\/www.tourisme-valdemarne.com\/espace-pro\/observatoire-du-tourisme\/frequentation-hoteliere\/frequentation-hoteliere-2019\/\" \/>\n<meta property=\"og:site_name\" content=\"Espace Pro\" \/>\n<meta property=\"article:modified_time\" content=\"2020-12-10T21:58:38+00:00\" \/>\n<meta property=\"og:image\" content=\"https:\/\/www.tourisme-valdemarne.com\/espace-pro\/wp-content\/uploads\/sites\/3\/2020\/12\/allsuits-rungis.jpg\" \/>\n\t<meta property=\"og:image:width\" content=\"1600\" \/>\n\t<meta property=\"og:image:height\" content=\"1200\" \/>\n\t<meta property=\"og:image:type\" content=\"image\/jpeg\" \/>\n<meta name=\"twitter:card\" content=\"summary_large_image\" \/>\n<meta name=\"twitter:label1\" content=\"Dur\u00e9e de lecture estim\u00e9e\" \/>\n\t<meta name=\"twitter:data1\" content=\"4 minutes\" \/>\n<script type=\"application\/ld+json\" class=\"yoast-schema-graph\">{\"@context\":\"https:\/\/schema.org\",\"@graph\":[{\"@type\":\"WebPage\",\"@id\":\"https:\/\/www.tourisme-valdemarne.com\/espace-pro\/observatoire-du-tourisme\/frequentation-hoteliere\/frequentation-hoteliere-2019\/\",\"url\":\"https:\/\/www.tourisme-valdemarne.com\/espace-pro\/observatoire-du-tourisme\/frequentation-hoteliere\/frequentation-hoteliere-2019\/\",\"name\":\"Fr\u00e9quentation h\u00f4teli\u00e8re 2019 - Espace Pro Val-de-Marne Tourisme et loisirs\",\"isPartOf\":{\"@id\":\"https:\/\/www.tourisme-valdemarne.com\/espace-pro\/#website\"},\"primaryImageOfPage\":{\"@id\":\"https:\/\/www.tourisme-valdemarne.com\/espace-pro\/observatoire-du-tourisme\/frequentation-hoteliere\/frequentation-hoteliere-2019\/#primaryimage\"},\"image\":{\"@id\":\"https:\/\/www.tourisme-valdemarne.com\/espace-pro\/observatoire-du-tourisme\/frequentation-hoteliere\/frequentation-hoteliere-2019\/#primaryimage\"},\"thumbnailUrl\":\"https:\/\/www.tourisme-valdemarne.com\/espace-pro\/wp-content\/uploads\/sites\/3\/2020\/12\/allsuits-rungis.jpg\",\"datePublished\":\"2019-06-04T07:28:02+00:00\",\"dateModified\":\"2020-12-10T21:58:38+00:00\",\"description\":\"Pr\u00e9sentation des donn\u00e9es de fr\u00e9quentation des h\u00f4tels val-de-marnais pour la p\u00e9riode janvier-septembre 2019.\",\"breadcrumb\":{\"@id\":\"https:\/\/www.tourisme-valdemarne.com\/espace-pro\/observatoire-du-tourisme\/frequentation-hoteliere\/frequentation-hoteliere-2019\/#breadcrumb\"},\"inLanguage\":\"fr-FR\",\"potentialAction\":[{\"@type\":\"ReadAction\",\"target\":[\"https:\/\/www.tourisme-valdemarne.com\/espace-pro\/observatoire-du-tourisme\/frequentation-hoteliere\/frequentation-hoteliere-2019\/\"]}]},{\"@type\":\"ImageObject\",\"inLanguage\":\"fr-FR\",\"@id\":\"https:\/\/www.tourisme-valdemarne.com\/espace-pro\/observatoire-du-tourisme\/frequentation-hoteliere\/frequentation-hoteliere-2019\/#primaryimage\",\"url\":\"https:\/\/www.tourisme-valdemarne.com\/espace-pro\/wp-content\/uploads\/sites\/3\/2020\/12\/allsuits-rungis.jpg\",\"contentUrl\":\"https:\/\/www.tourisme-valdemarne.com\/espace-pro\/wp-content\/uploads\/sites\/3\/2020\/12\/allsuits-rungis.jpg\",\"width\":1600,\"height\":1200},{\"@type\":\"BreadcrumbList\",\"@id\":\"https:\/\/www.tourisme-valdemarne.com\/espace-pro\/observatoire-du-tourisme\/frequentation-hoteliere\/frequentation-hoteliere-2019\/#breadcrumb\",\"itemListElement\":[{\"@type\":\"ListItem\",\"position\":1,\"name\":\"Accueil\",\"item\":\"https:\/\/www.tourisme-valdemarne.com\/espace-pro\/\"},{\"@type\":\"ListItem\",\"position\":2,\"name\":\"Observatoire du tourisme\",\"item\":\"https:\/\/www.tourisme-valdemarne.com\/espace-pro\/observatoire-du-tourisme\/\"},{\"@type\":\"ListItem\",\"position\":3,\"name\":\"Fr\u00e9quentation h\u00f4teli\u00e8re\",\"item\":\"https:\/\/www.tourisme-valdemarne.com\/espace-pro\/observatoire-du-tourisme\/frequentation-hoteliere\/\"},{\"@type\":\"ListItem\",\"position\":4,\"name\":\"Fr\u00e9quentation h\u00f4teli\u00e8re 2019\"}]},{\"@type\":\"WebSite\",\"@id\":\"https:\/\/www.tourisme-valdemarne.com\/espace-pro\/#website\",\"url\":\"https:\/\/www.tourisme-valdemarne.com\/espace-pro\/\",\"name\":\"Espace Pro\",\"description\":\"Informations et outils pour les professionnels et la Presse\",\"potentialAction\":[{\"@type\":\"SearchAction\",\"target\":{\"@type\":\"EntryPoint\",\"urlTemplate\":\"https:\/\/www.tourisme-valdemarne.com\/espace-pro\/?s={search_term_string}\"},\"query-input\":{\"@type\":\"PropertyValueSpecification\",\"valueRequired\":true,\"valueName\":\"search_term_string\"}}],\"inLanguage\":\"fr-FR\"}]}<\/script>\n<!-- \/ Yoast SEO plugin. -->","yoast_head_json":{"title":"Fr\u00e9quentation h\u00f4teli\u00e8re 2019 - Espace Pro Val-de-Marne Tourisme et loisirs","description":"Pr\u00e9sentation des donn\u00e9es de fr\u00e9quentation des h\u00f4tels val-de-marnais pour la p\u00e9riode janvier-septembre 2019.","robots":{"index":"index","follow":"follow","max-snippet":"max-snippet:-1","max-image-preview":"max-image-preview:large","max-video-preview":"max-video-preview:-1"},"canonical":"https:\/\/www.tourisme-valdemarne.com\/espace-pro\/observatoire-du-tourisme\/frequentation-hoteliere\/frequentation-hoteliere-2019\/","og_locale":"fr_FR","og_type":"article","og_title":"Fr\u00e9quentation h\u00f4teli\u00e8re 2019 - Espace Pro Val-de-Marne Tourisme et loisirs","og_description":"Pr\u00e9sentation des donn\u00e9es de fr\u00e9quentation des h\u00f4tels val-de-marnais pour la p\u00e9riode janvier-septembre 2019.","og_url":"https:\/\/www.tourisme-valdemarne.com\/espace-pro\/observatoire-du-tourisme\/frequentation-hoteliere\/frequentation-hoteliere-2019\/","og_site_name":"Espace Pro","article_modified_time":"2020-12-10T21:58:38+00:00","og_image":[{"width":1600,"height":1200,"url":"https:\/\/www.tourisme-valdemarne.com\/espace-pro\/wp-content\/uploads\/sites\/3\/2020\/12\/allsuits-rungis.jpg","type":"image\/jpeg"}],"twitter_card":"summary_large_image","twitter_misc":{"Dur\u00e9e de lecture estim\u00e9e":"4 minutes"},"schema":{"@context":"https:\/\/schema.org","@graph":[{"@type":"WebPage","@id":"https:\/\/www.tourisme-valdemarne.com\/espace-pro\/observatoire-du-tourisme\/frequentation-hoteliere\/frequentation-hoteliere-2019\/","url":"https:\/\/www.tourisme-valdemarne.com\/espace-pro\/observatoire-du-tourisme\/frequentation-hoteliere\/frequentation-hoteliere-2019\/","name":"Fr\u00e9quentation h\u00f4teli\u00e8re 2019 - Espace Pro Val-de-Marne Tourisme et loisirs","isPartOf":{"@id":"https:\/\/www.tourisme-valdemarne.com\/espace-pro\/#website"},"primaryImageOfPage":{"@id":"https:\/\/www.tourisme-valdemarne.com\/espace-pro\/observatoire-du-tourisme\/frequentation-hoteliere\/frequentation-hoteliere-2019\/#primaryimage"},"image":{"@id":"https:\/\/www.tourisme-valdemarne.com\/espace-pro\/observatoire-du-tourisme\/frequentation-hoteliere\/frequentation-hoteliere-2019\/#primaryimage"},"thumbnailUrl":"https:\/\/www.tourisme-valdemarne.com\/espace-pro\/wp-content\/uploads\/sites\/3\/2020\/12\/allsuits-rungis.jpg","datePublished":"2019-06-04T07:28:02+00:00","dateModified":"2020-12-10T21:58:38+00:00","description":"Pr\u00e9sentation des donn\u00e9es de fr\u00e9quentation des h\u00f4tels val-de-marnais pour la p\u00e9riode janvier-septembre 2019.","breadcrumb":{"@id":"https:\/\/www.tourisme-valdemarne.com\/espace-pro\/observatoire-du-tourisme\/frequentation-hoteliere\/frequentation-hoteliere-2019\/#breadcrumb"},"inLanguage":"fr-FR","potentialAction":[{"@type":"ReadAction","target":["https:\/\/www.tourisme-valdemarne.com\/espace-pro\/observatoire-du-tourisme\/frequentation-hoteliere\/frequentation-hoteliere-2019\/"]}]},{"@type":"ImageObject","inLanguage":"fr-FR","@id":"https:\/\/www.tourisme-valdemarne.com\/espace-pro\/observatoire-du-tourisme\/frequentation-hoteliere\/frequentation-hoteliere-2019\/#primaryimage","url":"https:\/\/www.tourisme-valdemarne.com\/espace-pro\/wp-content\/uploads\/sites\/3\/2020\/12\/allsuits-rungis.jpg","contentUrl":"https:\/\/www.tourisme-valdemarne.com\/espace-pro\/wp-content\/uploads\/sites\/3\/2020\/12\/allsuits-rungis.jpg","width":1600,"height":1200},{"@type":"BreadcrumbList","@id":"https:\/\/www.tourisme-valdemarne.com\/espace-pro\/observatoire-du-tourisme\/frequentation-hoteliere\/frequentation-hoteliere-2019\/#breadcrumb","itemListElement":[{"@type":"ListItem","position":1,"name":"Accueil","item":"https:\/\/www.tourisme-valdemarne.com\/espace-pro\/"},{"@type":"ListItem","position":2,"name":"Observatoire du tourisme","item":"https:\/\/www.tourisme-valdemarne.com\/espace-pro\/observatoire-du-tourisme\/"},{"@type":"ListItem","position":3,"name":"Fr\u00e9quentation h\u00f4teli\u00e8re","item":"https:\/\/www.tourisme-valdemarne.com\/espace-pro\/observatoire-du-tourisme\/frequentation-hoteliere\/"},{"@type":"ListItem","position":4,"name":"Fr\u00e9quentation h\u00f4teli\u00e8re 2019"}]},{"@type":"WebSite","@id":"https:\/\/www.tourisme-valdemarne.com\/espace-pro\/#website","url":"https:\/\/www.tourisme-valdemarne.com\/espace-pro\/","name":"Espace Pro","description":"Informations et outils pour les professionnels et la Presse","potentialAction":[{"@type":"SearchAction","target":{"@type":"EntryPoint","urlTemplate":"https:\/\/www.tourisme-valdemarne.com\/espace-pro\/?s={search_term_string}"},"query-input":{"@type":"PropertyValueSpecification","valueRequired":true,"valueName":"search_term_string"}}],"inLanguage":"fr-FR"}]}},"_links":{"self":[{"href":"https:\/\/www.tourisme-valdemarne.com\/espace-pro\/wp-json\/wp\/v2\/pages\/3204","targetHints":{"allow":["GET"]}}],"collection":[{"href":"https:\/\/www.tourisme-valdemarne.com\/espace-pro\/wp-json\/wp\/v2\/pages"}],"about":[{"href":"https:\/\/www.tourisme-valdemarne.com\/espace-pro\/wp-json\/wp\/v2\/types\/page"}],"author":[{"embeddable":true,"href":"https:\/\/www.tourisme-valdemarne.com\/espace-pro\/wp-json\/wp\/v2\/users\/8"}],"replies":[{"embeddable":true,"href":"https:\/\/www.tourisme-valdemarne.com\/espace-pro\/wp-json\/wp\/v2\/comments?post=3204"}],"version-history":[{"count":5,"href":"https:\/\/www.tourisme-valdemarne.com\/espace-pro\/wp-json\/wp\/v2\/pages\/3204\/revisions"}],"predecessor-version":[{"id":8326,"href":"https:\/\/www.tourisme-valdemarne.com\/espace-pro\/wp-json\/wp\/v2\/pages\/3204\/revisions\/8326"}],"up":[{"embeddable":true,"href":"https:\/\/www.tourisme-valdemarne.com\/espace-pro\/wp-json\/wp\/v2\/pages\/945"}],"wp:featuredmedia":[{"embeddable":true,"href":"https:\/\/www.tourisme-valdemarne.com\/espace-pro\/wp-json\/wp\/v2\/media\/8324"}],"wp:attachment":[{"href":"https:\/\/www.tourisme-valdemarne.com\/espace-pro\/wp-json\/wp\/v2\/media?parent=3204"}],"wp:term":[{"taxonomy":"vdmTagMarketing","embeddable":true,"href":"https:\/\/www.tourisme-valdemarne.com\/espace-pro\/wp-json\/wp\/v2\/vdmTagMarketing?post=3204"}],"curies":[{"name":"wp","href":"https:\/\/api.w.org\/{rel}","templated":true}]}}