{"id":29119,"date":"2025-04-18T17:36:26","date_gmt":"2025-04-18T15:36:26","guid":{"rendered":"https:\/\/www.tourisme-valdemarne.com\/espace-pro\/?page_id=29119"},"modified":"2025-04-18T17:37:26","modified_gmt":"2025-04-18T15:37:26","slug":"les-balades-passerelles-le-nouveau-format-de-visites","status":"publish","type":"page","link":"https:\/\/www.tourisme-valdemarne.com\/espace-pro\/presse\/actualites-et-communiques-de-presse\/les-balades-passerelles-le-nouveau-format-de-visites\/","title":{"rendered":"Les \u201cbalades passerelles\u201d, le nouveau format de visites"},"content":{"rendered":"\n<p class=\"is-style-excerpt\">COMMUNIQUE DE PRESSE : Les nouvelles visites lanc\u00e9es par Explore Paris<\/p>\n\n\n\n<h2 class=\"wp-block-heading\">Les balades passerelles<\/h2>\n\n\n\n<p>La premi\u00e8re plateforme de commercialisation de visites guid\u00e9es insolites dans le Grand Paris, Explore Paris, continue \u00e0 \u00e9toffer son offre de visites en proposant une nouvelle mani\u00e8re de d\u00e9couvrir les quartiers les plus embl\u00e9matiques du Grand Paris gr\u00e2ce \u00e0 l\u2019organisation de \u201cbalades passerelles\u201d th\u00e9matiques entre plusieurs territoires. Pour tout savoir, suivez le guide&nbsp;!<\/p>\n\n\n\n<p>D\u00e9couvrez toutes les balades passerelles sur <a href=\"https:\/\/exploreparis.com\/fr\/recherche?tag=Balades%20Passerelles\" target=\"_blank\" rel=\"noreferrer noopener\">https:\/\/exploreparis.com\/fr\/recherche?tag=Balades%20Passerelles<\/a><\/p>\n\n\n\n<div class=\"wp-block-buttons is-content-justification-center is-layout-flex wp-container-core-buttons-is-layout-1 wp-block-buttons-is-layout-flex\">\n<div class=\"wp-block-button\"><a class=\"wp-block-button__link wp-element-button\" href=\"https:\/\/www.tourisme-valdemarne.com\/espace-pro\/wp-content\/uploads\/sites\/3\/2025\/04\/cp1-balades-passerelles.pdf\" target=\"_blank\" rel=\"noreferrer noopener\">LIRE LE COMMUNIQUE DE PRESSE<\/a><\/div>\n<\/div>\n\n\n\n<h2 class=\"wp-block-heading\">Les balades passerelles en Val-de-Marne<\/h2>\n\n\n\n<p><strong>A v\u00e9lo :<\/strong><\/p>\n\n\n\n<p><a href=\"https:\/\/exploreparis.com\/fr\/8566-lest-parisien-et-les-bords-de-marne-a-velo.html\">L\u2019Est Parisien et les bords de Marne \u00e0 v\u00e9lo<\/a><\/p>\n\n\n\n<p><a href=\"https:\/\/exploreparis.com\/fr\/8554-balade-a-velo-parole-de-femmes.html\">Des femmes dans la ville : \u00e0 v\u00e9lo du Kremlin-Bic\u00eatre \u00e0 Bagneux<\/a><\/p>\n\n\n\n<p><a href=\"https:\/\/exploreparis.com\/fr\/8561-balade-a-velo-pause-verte-de-noisy-le-sec-a-nogent-sur-marne.html\">Pause verte : \u00e0 v\u00e9lo de Noisy-le-Sec \u00e0 Nogent-sur-Marne<\/a><\/p>\n\n\n\n<p><strong>A pied :<\/strong><\/p>\n\n\n\n<p><a href=\"https:\/\/exploreparis.com\/fr\/8522-paris-ivry-aller-retour-.html\">Paris-Ivry, aller retour !<\/a><\/p>\n\n\n\n<p><a href=\"https:\/\/exploreparis.com\/fr\/8516-une-histoire-du-peripherique-de-la-cite-universitaire-internationale-a-gentilly.html\">Une histoire du p\u00e9riph\u00e9rique : entre la Cit\u00e9 universitaire et Gentilly<\/a><\/p>\n","protected":false},"excerpt":{"rendered":"<p>COMMUNIQUE DE PRESSE : Les nouvelles visites lanc\u00e9es par Explore Paris Les balades passerelles La premi\u00e8re plateforme de commercialisation de visites guid\u00e9es insolites dans le Grand Paris, Explore Paris, continue \u00e0 \u00e9toffer son offre de visites en proposant une nouvelle mani\u00e8re de d\u00e9couvrir les quartiers les plus embl\u00e9matiques du Grand Paris gr\u00e2ce \u00e0 l\u2019organisation de [&hellip;]<\/p>\n","protected":false},"author":9,"featured_media":29120,"parent":179,"menu_order":0,"comment_status":"closed","ping_status":"closed","template":"","meta":{"_relevanssi_hide_post":"","_relevanssi_hide_content":"","_relevanssi_pin_for_all":"","_relevanssi_pin_keywords":"","_relevanssi_unpin_keywords":"","_relevanssi_related_keywords":"","_relevanssi_related_include_ids":"","_relevanssi_related_exclude_ids":"","_relevanssi_related_no_append":"","_relevanssi_related_not_related":"","_relevanssi_related_posts":"2747,2749,2745,8108,8084,8104","_relevanssi_noindex_reason":"","footnotes":""},"vdmTagMarketing":[],"class_list":["post-29119","page","type-page","status-publish","has-post-thumbnail","hentry"],"acf":[],"yoast_head":"<!-- This site is optimized with the Yoast SEO plugin v23.9 - https:\/\/yoast.com\/wordpress\/plugins\/seo\/ -->\n<title>Les \u201cbalades passerelles\u201d, le nouveau format de visites - Espace Pro<\/title>\n<meta name=\"description\" content=\"Les \u201cbalades passerelles\u201d, le nouveau format de visites lanc\u00e9 par Explore Paris en 2025\" \/>\n<meta name=\"robots\" content=\"index, follow, max-snippet:-1, max-image-preview:large, max-video-preview:-1\" \/>\n<link rel=\"canonical\" href=\"https:\/\/www.tourisme-valdemarne.com\/espace-pro\/presse\/actualites-et-communiques-de-presse\/les-balades-passerelles-le-nouveau-format-de-visites\/\" \/>\n<meta property=\"og:locale\" content=\"fr_FR\" \/>\n<meta property=\"og:type\" content=\"article\" \/>\n<meta property=\"og:title\" content=\"Les \u201cbalades passerelles\u201d, le nouveau format de visites - Espace Pro\" \/>\n<meta property=\"og:description\" content=\"Les \u201cbalades passerelles\u201d, le nouveau format de visites lanc\u00e9 par Explore Paris en 2025\" \/>\n<meta property=\"og:url\" content=\"https:\/\/www.tourisme-valdemarne.com\/espace-pro\/presse\/actualites-et-communiques-de-presse\/les-balades-passerelles-le-nouveau-format-de-visites\/\" \/>\n<meta property=\"og:site_name\" content=\"Espace Pro\" \/>\n<meta property=\"article:modified_time\" content=\"2025-04-18T15:37:26+00:00\" \/>\n<meta property=\"og:image\" content=\"https:\/\/www.tourisme-valdemarne.com\/espace-pro\/wp-content\/uploads\/sites\/3\/2025\/04\/balade-paroles-de-femmes-a-velo.jpeg\" \/>\n\t<meta property=\"og:image:width\" content=\"2048\" \/>\n\t<meta property=\"og:image:height\" content=\"1536\" \/>\n\t<meta property=\"og:image:type\" content=\"image\/jpeg\" \/>\n<meta name=\"twitter:card\" content=\"summary_large_image\" \/>\n<meta name=\"twitter:label1\" content=\"Dur\u00e9e de lecture estim\u00e9e\" \/>\n\t<meta name=\"twitter:data1\" content=\"1 minute\" \/>\n<script type=\"application\/ld+json\" class=\"yoast-schema-graph\">{\"@context\":\"https:\/\/schema.org\",\"@graph\":[{\"@type\":\"WebPage\",\"@id\":\"https:\/\/www.tourisme-valdemarne.com\/espace-pro\/presse\/actualites-et-communiques-de-presse\/les-balades-passerelles-le-nouveau-format-de-visites\/\",\"url\":\"https:\/\/www.tourisme-valdemarne.com\/espace-pro\/presse\/actualites-et-communiques-de-presse\/les-balades-passerelles-le-nouveau-format-de-visites\/\",\"name\":\"Les \u201cbalades passerelles\u201d, le nouveau format de visites - Espace Pro\",\"isPartOf\":{\"@id\":\"https:\/\/www.tourisme-valdemarne.com\/espace-pro\/#website\"},\"primaryImageOfPage\":{\"@id\":\"https:\/\/www.tourisme-valdemarne.com\/espace-pro\/presse\/actualites-et-communiques-de-presse\/les-balades-passerelles-le-nouveau-format-de-visites\/#primaryimage\"},\"image\":{\"@id\":\"https:\/\/www.tourisme-valdemarne.com\/espace-pro\/presse\/actualites-et-communiques-de-presse\/les-balades-passerelles-le-nouveau-format-de-visites\/#primaryimage\"},\"thumbnailUrl\":\"https:\/\/www.tourisme-valdemarne.com\/espace-pro\/wp-content\/uploads\/sites\/3\/2025\/04\/balade-paroles-de-femmes-a-velo.jpeg\",\"datePublished\":\"2025-04-18T15:36:26+00:00\",\"dateModified\":\"2025-04-18T15:37:26+00:00\",\"description\":\"Les \u201cbalades passerelles\u201d, le nouveau format de visites lanc\u00e9 par Explore Paris en 2025\",\"breadcrumb\":{\"@id\":\"https:\/\/www.tourisme-valdemarne.com\/espace-pro\/presse\/actualites-et-communiques-de-presse\/les-balades-passerelles-le-nouveau-format-de-visites\/#breadcrumb\"},\"inLanguage\":\"fr-FR\",\"potentialAction\":[{\"@type\":\"ReadAction\",\"target\":[\"https:\/\/www.tourisme-valdemarne.com\/espace-pro\/presse\/actualites-et-communiques-de-presse\/les-balades-passerelles-le-nouveau-format-de-visites\/\"]}]},{\"@type\":\"ImageObject\",\"inLanguage\":\"fr-FR\",\"@id\":\"https:\/\/www.tourisme-valdemarne.com\/espace-pro\/presse\/actualites-et-communiques-de-presse\/les-balades-passerelles-le-nouveau-format-de-visites\/#primaryimage\",\"url\":\"https:\/\/www.tourisme-valdemarne.com\/espace-pro\/wp-content\/uploads\/sites\/3\/2025\/04\/balade-paroles-de-femmes-a-velo.jpeg\",\"contentUrl\":\"https:\/\/www.tourisme-valdemarne.com\/espace-pro\/wp-content\/uploads\/sites\/3\/2025\/04\/balade-paroles-de-femmes-a-velo.jpeg\",\"width\":2048,\"height\":1536},{\"@type\":\"BreadcrumbList\",\"@id\":\"https:\/\/www.tourisme-valdemarne.com\/espace-pro\/presse\/actualites-et-communiques-de-presse\/les-balades-passerelles-le-nouveau-format-de-visites\/#breadcrumb\",\"itemListElement\":[{\"@type\":\"ListItem\",\"position\":1,\"name\":\"Accueil\",\"item\":\"https:\/\/www.tourisme-valdemarne.com\/espace-pro\/\"},{\"@type\":\"ListItem\",\"position\":2,\"name\":\"Presse\",\"item\":\"https:\/\/www.tourisme-valdemarne.com\/espace-pro\/presse\/\"},{\"@type\":\"ListItem\",\"position\":3,\"name\":\"Actualit\u00e9s et communiqu\u00e9s de presse\",\"item\":\"https:\/\/www.tourisme-valdemarne.com\/espace-pro\/presse\/actualites-et-communiques-de-presse\/\"},{\"@type\":\"ListItem\",\"position\":4,\"name\":\"Les \u201cbalades passerelles\u201d, le nouveau format de visites\"}]},{\"@type\":\"WebSite\",\"@id\":\"https:\/\/www.tourisme-valdemarne.com\/espace-pro\/#website\",\"url\":\"https:\/\/www.tourisme-valdemarne.com\/espace-pro\/\",\"name\":\"Espace Pro\",\"description\":\"Informations et outils pour les professionnels et la Presse\",\"potentialAction\":[{\"@type\":\"SearchAction\",\"target\":{\"@type\":\"EntryPoint\",\"urlTemplate\":\"https:\/\/www.tourisme-valdemarne.com\/espace-pro\/?s={search_term_string}\"},\"query-input\":{\"@type\":\"PropertyValueSpecification\",\"valueRequired\":true,\"valueName\":\"search_term_string\"}}],\"inLanguage\":\"fr-FR\"}]}<\/script>\n<!-- \/ Yoast SEO plugin. -->","yoast_head_json":{"title":"Les \u201cbalades passerelles\u201d, le nouveau format de visites - Espace Pro","description":"Les \u201cbalades passerelles\u201d, le nouveau format de visites lanc\u00e9 par Explore Paris en 2025","robots":{"index":"index","follow":"follow","max-snippet":"max-snippet:-1","max-image-preview":"max-image-preview:large","max-video-preview":"max-video-preview:-1"},"canonical":"https:\/\/www.tourisme-valdemarne.com\/espace-pro\/presse\/actualites-et-communiques-de-presse\/les-balades-passerelles-le-nouveau-format-de-visites\/","og_locale":"fr_FR","og_type":"article","og_title":"Les \u201cbalades passerelles\u201d, le nouveau format de visites - Espace Pro","og_description":"Les \u201cbalades passerelles\u201d, le nouveau format de visites lanc\u00e9 par Explore Paris en 2025","og_url":"https:\/\/www.tourisme-valdemarne.com\/espace-pro\/presse\/actualites-et-communiques-de-presse\/les-balades-passerelles-le-nouveau-format-de-visites\/","og_site_name":"Espace Pro","article_modified_time":"2025-04-18T15:37:26+00:00","og_image":[{"width":2048,"height":1536,"url":"https:\/\/www.tourisme-valdemarne.com\/espace-pro\/wp-content\/uploads\/sites\/3\/2025\/04\/balade-paroles-de-femmes-a-velo.jpeg","type":"image\/jpeg"}],"twitter_card":"summary_large_image","twitter_misc":{"Dur\u00e9e de lecture estim\u00e9e":"1 minute"},"schema":{"@context":"https:\/\/schema.org","@graph":[{"@type":"WebPage","@id":"https:\/\/www.tourisme-valdemarne.com\/espace-pro\/presse\/actualites-et-communiques-de-presse\/les-balades-passerelles-le-nouveau-format-de-visites\/","url":"https:\/\/www.tourisme-valdemarne.com\/espace-pro\/presse\/actualites-et-communiques-de-presse\/les-balades-passerelles-le-nouveau-format-de-visites\/","name":"Les \u201cbalades passerelles\u201d, le nouveau format de visites - Espace Pro","isPartOf":{"@id":"https:\/\/www.tourisme-valdemarne.com\/espace-pro\/#website"},"primaryImageOfPage":{"@id":"https:\/\/www.tourisme-valdemarne.com\/espace-pro\/presse\/actualites-et-communiques-de-presse\/les-balades-passerelles-le-nouveau-format-de-visites\/#primaryimage"},"image":{"@id":"https:\/\/www.tourisme-valdemarne.com\/espace-pro\/presse\/actualites-et-communiques-de-presse\/les-balades-passerelles-le-nouveau-format-de-visites\/#primaryimage"},"thumbnailUrl":"https:\/\/www.tourisme-valdemarne.com\/espace-pro\/wp-content\/uploads\/sites\/3\/2025\/04\/balade-paroles-de-femmes-a-velo.jpeg","datePublished":"2025-04-18T15:36:26+00:00","dateModified":"2025-04-18T15:37:26+00:00","description":"Les \u201cbalades passerelles\u201d, le nouveau format de visites lanc\u00e9 par Explore Paris en 2025","breadcrumb":{"@id":"https:\/\/www.tourisme-valdemarne.com\/espace-pro\/presse\/actualites-et-communiques-de-presse\/les-balades-passerelles-le-nouveau-format-de-visites\/#breadcrumb"},"inLanguage":"fr-FR","potentialAction":[{"@type":"ReadAction","target":["https:\/\/www.tourisme-valdemarne.com\/espace-pro\/presse\/actualites-et-communiques-de-presse\/les-balades-passerelles-le-nouveau-format-de-visites\/"]}]},{"@type":"ImageObject","inLanguage":"fr-FR","@id":"https:\/\/www.tourisme-valdemarne.com\/espace-pro\/presse\/actualites-et-communiques-de-presse\/les-balades-passerelles-le-nouveau-format-de-visites\/#primaryimage","url":"https:\/\/www.tourisme-valdemarne.com\/espace-pro\/wp-content\/uploads\/sites\/3\/2025\/04\/balade-paroles-de-femmes-a-velo.jpeg","contentUrl":"https:\/\/www.tourisme-valdemarne.com\/espace-pro\/wp-content\/uploads\/sites\/3\/2025\/04\/balade-paroles-de-femmes-a-velo.jpeg","width":2048,"height":1536},{"@type":"BreadcrumbList","@id":"https:\/\/www.tourisme-valdemarne.com\/espace-pro\/presse\/actualites-et-communiques-de-presse\/les-balades-passerelles-le-nouveau-format-de-visites\/#breadcrumb","itemListElement":[{"@type":"ListItem","position":1,"name":"Accueil","item":"https:\/\/www.tourisme-valdemarne.com\/espace-pro\/"},{"@type":"ListItem","position":2,"name":"Presse","item":"https:\/\/www.tourisme-valdemarne.com\/espace-pro\/presse\/"},{"@type":"ListItem","position":3,"name":"Actualit\u00e9s et communiqu\u00e9s de presse","item":"https:\/\/www.tourisme-valdemarne.com\/espace-pro\/presse\/actualites-et-communiques-de-presse\/"},{"@type":"ListItem","position":4,"name":"Les \u201cbalades passerelles\u201d, le nouveau format de visites"}]},{"@type":"WebSite","@id":"https:\/\/www.tourisme-valdemarne.com\/espace-pro\/#website","url":"https:\/\/www.tourisme-valdemarne.com\/espace-pro\/","name":"Espace Pro","description":"Informations et outils pour les professionnels et la Presse","potentialAction":[{"@type":"SearchAction","target":{"@type":"EntryPoint","urlTemplate":"https:\/\/www.tourisme-valdemarne.com\/espace-pro\/?s={search_term_string}"},"query-input":{"@type":"PropertyValueSpecification","valueRequired":true,"valueName":"search_term_string"}}],"inLanguage":"fr-FR"}]}},"_links":{"self":[{"href":"https:\/\/www.tourisme-valdemarne.com\/espace-pro\/wp-json\/wp\/v2\/pages\/29119","targetHints":{"allow":["GET"]}}],"collection":[{"href":"https:\/\/www.tourisme-valdemarne.com\/espace-pro\/wp-json\/wp\/v2\/pages"}],"about":[{"href":"https:\/\/www.tourisme-valdemarne.com\/espace-pro\/wp-json\/wp\/v2\/types\/page"}],"author":[{"embeddable":true,"href":"https:\/\/www.tourisme-valdemarne.com\/espace-pro\/wp-json\/wp\/v2\/users\/9"}],"replies":[{"embeddable":true,"href":"https:\/\/www.tourisme-valdemarne.com\/espace-pro\/wp-json\/wp\/v2\/comments?post=29119"}],"version-history":[{"count":3,"href":"https:\/\/www.tourisme-valdemarne.com\/espace-pro\/wp-json\/wp\/v2\/pages\/29119\/revisions"}],"predecessor-version":[{"id":29124,"href":"https:\/\/www.tourisme-valdemarne.com\/espace-pro\/wp-json\/wp\/v2\/pages\/29119\/revisions\/29124"}],"up":[{"embeddable":true,"href":"https:\/\/www.tourisme-valdemarne.com\/espace-pro\/wp-json\/wp\/v2\/pages\/179"}],"wp:featuredmedia":[{"embeddable":true,"href":"https:\/\/www.tourisme-valdemarne.com\/espace-pro\/wp-json\/wp\/v2\/media\/29120"}],"wp:attachment":[{"href":"https:\/\/www.tourisme-valdemarne.com\/espace-pro\/wp-json\/wp\/v2\/media?parent=29119"}],"wp:term":[{"taxonomy":"vdmTagMarketing","embeddable":true,"href":"https:\/\/www.tourisme-valdemarne.com\/espace-pro\/wp-json\/wp\/v2\/vdmTagMarketing?post=29119"}],"curies":[{"name":"wp","href":"https:\/\/api.w.org\/{rel}","templated":true}]}}