{"id":29100,"date":"2025-04-18T16:48:20","date_gmt":"2025-04-18T14:48:20","guid":{"rendered":"https:\/\/www.tourisme-valdemarne.com\/espace-pro\/?page_id=29100"},"modified":"2025-04-18T17:02:51","modified_gmt":"2025-04-18T15:02:51","slug":"cap-sur-la-marne-croisieres-et-randonnees-au-fil-de-leau","status":"publish","type":"page","link":"https:\/\/www.tourisme-valdemarne.com\/espace-pro\/presse\/actualites-et-communiques-de-presse\/cap-sur-la-marne-croisieres-et-randonnees-au-fil-de-leau\/","title":{"rendered":"Cap sur la Marne : croisi\u00e8res et randonn\u00e9es au fil de l\u2019eau"},"content":{"rendered":"\n<p class=\"is-style-excerpt\">COMMUNIQUE DE PRESSE : Croisi\u00e8res Cap sur la Marne 2025<\/p>\n\n\n\n<h2 class=\"wp-block-heading\">Cap sur la Marne : Croisi\u00e8res et Randonn\u00e9es au fil de l\u2019eau, de jour comme de nuit, \u00e0 deux pas de Paris, Du 26 avril au 5 octobre 2025<\/h2>\n\n\n\n<p>Voguer, marcher, respirer\u2026 et d\u00e9couvrir la Marne autrement !<br>De retour pour une nouvelle \u00e9dition, Cap sur la Marne vous invite \u00e0 larguer les amarres le temps d\u2019un \u00e9t\u00e9, entre croisi\u00e8res originales et randonn\u00e9es accessibles \u00e0 tous, au c\u0153ur d\u2019un patrimoine naturel et culturel souvent m\u00e9connu\u2026 et si proche de Paris.<\/p>\n\n\n\n<p>Croisi\u00e8res au d\u00e9part de : Nogent-sur-Marne, Neuilly-Plaisance, Neuilly-sur-Marne et Lagny-sur-Marne. Tarifs : de 10\u20ac \u00e0 28\u20ac, croisi\u00e8res navettes : 6\u20ac<\/p>\n\n\n\n<p>Informations et r\u00e9servations : <a href=\"https:\/\/capsurlamarne.fr\/\" target=\"_blank\" rel=\"noreferrer noopener\">https:\/\/capsurlamarne.fr\/<\/a><\/p>\n\n\n\n<p><\/p>\n\n\n\n<div class=\"wp-block-buttons is-content-justification-center is-layout-flex wp-container-core-buttons-is-layout-1 wp-block-buttons-is-layout-flex\">\n<div class=\"wp-block-button\"><a class=\"wp-block-button__link has-text-align-center wp-element-button\" href=\"https:\/\/www.tourisme-valdemarne.com\/espace-pro\/wp-content\/uploads\/sites\/3\/2025\/04\/cp-cap-marne-2025.pdf\" target=\"_blank\" rel=\"noreferrer noopener\">Lire le communiqu\u00e9 de presse<\/a><\/div>\n<\/div>\n\n\n<div class=\"wp-block-image\">\n<figure class=\"aligncenter size-large\"><img width=\"1200\" height=\"400\" data-src=\"https:\/\/www.tourisme-valdemarne.com\/espace-pro\/wp-content\/uploads\/sites\/3\/2025\/04\/banner-croisieres2025_2500x800-1200x400.jpg\" alt=\"\" class=\"wp-image-29101\" srcset=\"https:\/\/www.tourisme-valdemarne.com\/espace-pro\/wp-content\/uploads\/sites\/3\/2025\/04\/banner-croisieres2025_2500x800-1200x400.jpg 1200w, https:\/\/www.tourisme-valdemarne.com\/espace-pro\/wp-content\/uploads\/sites\/3\/2025\/04\/banner-croisieres2025_2500x800-600x200.jpg 600w, https:\/\/www.tourisme-valdemarne.com\/espace-pro\/wp-content\/uploads\/sites\/3\/2025\/04\/banner-croisieres2025_2500x800-900x300.jpg 900w, https:\/\/www.tourisme-valdemarne.com\/espace-pro\/wp-content\/uploads\/sites\/3\/2025\/04\/banner-croisieres2025_2500x800-1536x512.jpg 1536w, https:\/\/www.tourisme-valdemarne.com\/espace-pro\/wp-content\/uploads\/sites\/3\/2025\/04\/banner-croisieres2025_2500x800-380x127.jpg 380w, https:\/\/www.tourisme-valdemarne.com\/espace-pro\/wp-content\/uploads\/sites\/3\/2025\/04\/banner-croisieres2025_2500x800-200x67.jpg 200w, https:\/\/www.tourisme-valdemarne.com\/espace-pro\/wp-content\/uploads\/sites\/3\/2025\/04\/banner-croisieres2025_2500x800.jpg 2048w\" sizes=\"(max-width: 1200px) 100vw, 1200px\" \/><\/figure><\/div>\n\n\n<h2 class=\"wp-block-heading\">Les croisi\u00e8res au d\u00e9part du port de Nogent-sur-Marne en 2025 :<\/h2>\n\n\n\n<p><strong>Croisi\u00e8re et croquis : la Marne en dessin<\/strong><br><em>Date\u00a0: samedi 19 juillet \u00e0 10h30<\/em><br><a href=\"https:\/\/exploreparis.com\/fr\/8428-croisiere-et-croquis-la-marne-en-dessin.html\">https:\/\/exploreparis.com\/fr\/8428-croisiere-et-croquis-la-marne-en-dessin.html<\/a><br><strong>Croisi\u00e8re Belle Epoque : Bons Baisers de Nogent-sur-Marne !<\/strong><br><em>Dates\u00a0: dimanche 15 juin \u00e0 10h30, dimanche 28 septembre \u00e0 16h<\/em><br><a href=\"https:\/\/exploreparis.com\/fr\/5996-croisiere-belle-epoque-bons-baisers-de-nogent-sur-marne-.html\">https:\/\/exploreparis.com\/fr\/5996-croisiere-belle-epoque-bons-baisers-de-nogent-sur-marne-.html<\/a><br><strong>Croisi\u00e8re Guinguettes en chansons<\/strong><br><em>Dates\u00a0: samedi 26 avril \u00e0 16h, dimanche 15 juin \u00e0 16h<\/em><br><a href=\"https:\/\/exploreparis.com\/fr\/6987-croisiere-guinguettes-en-chansons.html\">https:\/\/exploreparis.com\/fr\/6987-croisiere-guinguettes-en-chansons.html<\/a><br><strong>Croisi\u00e8re Au fil de la Marne et de son patrimoine<\/strong><br><em>Dates\u00a0: samedi 26 avril \u00e0 14h, samedi 19 juillet \u00e0 14h<\/em><br><a href=\"https:\/\/exploreparis.com\/fr\/5997-croisiere-au-fil-de-la-marne-et-de-son-patrimoine-nogent-sur-marne.html\">https:\/\/exploreparis.com\/fr\/5997-croisiere-au-fil-de-la-marne-et-de-son-patrimoine-nogent-sur-marne.html<\/a>\u00a0<br><strong>Croisi\u00e8re A la d\u00e9couverte des paysages de la Marne<\/strong><br><em>Dates\u00a0: samedi 26 avril \u00e0 10h30, dimanche 28 septembre \u00e0 14h<\/em><br><a href=\"https:\/\/exploreparis.com\/fr\/5998-croisiere-a-la-decouverte-des-paysages-de-la-marne-nogent-sur-marne.html\">https:\/\/exploreparis.com\/fr\/5998-croisiere-a-la-decouverte-des-paysages-de-la-marne-nogent-sur-marne.html<\/a>\u00a0\u00a0\u00a0<br><strong>Croisi\u00e8re Les bords de Marne font leur cin\u00e9ma<\/strong><br><em>Dates\u00a0: dimanche 15 juin \u00e0 14h, samedi 19 juillet \u00e0 16h<\/em><br><a href=\"https:\/\/exploreparis.com\/fr\/6289-croisiere-cinema-a-nogent-sur-marne.html\">https:\/\/exploreparis.com\/fr\/6289-croisiere-cinema-a-nogent-sur-marne.html<\/a><br><strong>Croisi\u00e8re petit d\u00e9j au fil de la Marne<\/strong><br><em>Date\u00a0: 28 septembre \u00e0 10h30<\/em><br><a href=\"https:\/\/exploreparis.com\/fr\/7656-croisiere-petit-dej-au-fil-de-la-marne.html\">https:\/\/exploreparis.com\/fr\/7656-croisiere-petit-dej-au-fil-de-la-marne.html<\/a><\/p>\n","protected":false},"excerpt":{"rendered":"<p>COMMUNIQUE DE PRESSE : Croisi\u00e8res Cap sur la Marne 2025 Cap sur la Marne : Croisi\u00e8res et Randonn\u00e9es au fil de l\u2019eau, de jour comme de nuit, \u00e0 deux pas de Paris, Du 26 avril au 5 octobre 2025 Voguer, marcher, respirer\u2026 et d\u00e9couvrir la Marne autrement !De retour pour une nouvelle \u00e9dition, Cap sur [&hellip;]<\/p>\n","protected":false},"author":9,"featured_media":15333,"parent":179,"menu_order":0,"comment_status":"closed","ping_status":"closed","template":"","meta":{"_relevanssi_hide_post":"","_relevanssi_hide_content":"","_relevanssi_pin_for_all":"","_relevanssi_pin_keywords":"","_relevanssi_unpin_keywords":"","_relevanssi_related_keywords":"","_relevanssi_related_include_ids":"","_relevanssi_related_exclude_ids":"","_relevanssi_related_no_append":"","_relevanssi_related_not_related":"","_relevanssi_related_posts":"8104,8083,8074,8108,8095,2747","_relevanssi_noindex_reason":"","footnotes":""},"vdmTagMarketing":[],"class_list":["post-29100","page","type-page","status-publish","has-post-thumbnail","hentry"],"acf":[],"yoast_head":"<!-- This site is optimized with the Yoast SEO plugin v23.9 - https:\/\/yoast.com\/wordpress\/plugins\/seo\/ -->\n<title>Cap sur la Marne : croisi\u00e8res et randonn\u00e9es au fil de l\u2019eau - Espace Pro<\/title>\n<meta name=\"description\" content=\"De retour pour une nouvelle \u00e9dition, Cap sur la Marne vous invite \u00e0 larguer les amarres le temps d\u2019un \u00e9t\u00e9, entre croisi\u00e8res originales et randonn\u00e9es accessibles \u00e0 tous proche de Paris.\" \/>\n<meta name=\"robots\" content=\"index, follow, max-snippet:-1, max-image-preview:large, max-video-preview:-1\" \/>\n<link rel=\"canonical\" href=\"https:\/\/www.tourisme-valdemarne.com\/espace-pro\/presse\/actualites-et-communiques-de-presse\/cap-sur-la-marne-croisieres-et-randonnees-au-fil-de-leau\/\" \/>\n<meta property=\"og:locale\" content=\"fr_FR\" \/>\n<meta property=\"og:type\" content=\"article\" \/>\n<meta property=\"og:title\" content=\"Cap sur la Marne : croisi\u00e8res et randonn\u00e9es au fil de l\u2019eau - Espace Pro\" \/>\n<meta property=\"og:description\" content=\"De retour pour une nouvelle \u00e9dition, Cap sur la Marne vous invite \u00e0 larguer les amarres le temps d\u2019un \u00e9t\u00e9, entre croisi\u00e8res originales et randonn\u00e9es accessibles \u00e0 tous proche de Paris.\" \/>\n<meta property=\"og:url\" content=\"https:\/\/www.tourisme-valdemarne.com\/espace-pro\/presse\/actualites-et-communiques-de-presse\/cap-sur-la-marne-croisieres-et-randonnees-au-fil-de-leau\/\" \/>\n<meta property=\"og:site_name\" content=\"Espace Pro\" \/>\n<meta property=\"article:modified_time\" content=\"2025-04-18T15:02:51+00:00\" \/>\n<meta property=\"og:image\" content=\"https:\/\/www.tourisme-valdemarne.com\/espace-pro\/wp-content\/uploads\/sites\/3\/2023\/06\/croisieres-cap-sur-la-marne-2022.jpg\" \/>\n\t<meta property=\"og:image:width\" content=\"2000\" \/>\n\t<meta property=\"og:image:height\" content=\"1125\" \/>\n\t<meta property=\"og:image:type\" content=\"image\/jpeg\" \/>\n<meta name=\"twitter:card\" content=\"summary_large_image\" \/>\n<meta name=\"twitter:label1\" content=\"Dur\u00e9e de lecture estim\u00e9e\" \/>\n\t<meta name=\"twitter:data1\" content=\"2 minutes\" \/>\n<script type=\"application\/ld+json\" class=\"yoast-schema-graph\">{\"@context\":\"https:\/\/schema.org\",\"@graph\":[{\"@type\":\"WebPage\",\"@id\":\"https:\/\/www.tourisme-valdemarne.com\/espace-pro\/presse\/actualites-et-communiques-de-presse\/cap-sur-la-marne-croisieres-et-randonnees-au-fil-de-leau\/\",\"url\":\"https:\/\/www.tourisme-valdemarne.com\/espace-pro\/presse\/actualites-et-communiques-de-presse\/cap-sur-la-marne-croisieres-et-randonnees-au-fil-de-leau\/\",\"name\":\"Cap sur la Marne : croisi\u00e8res et randonn\u00e9es au fil de l\u2019eau - Espace Pro\",\"isPartOf\":{\"@id\":\"https:\/\/www.tourisme-valdemarne.com\/espace-pro\/#website\"},\"primaryImageOfPage\":{\"@id\":\"https:\/\/www.tourisme-valdemarne.com\/espace-pro\/presse\/actualites-et-communiques-de-presse\/cap-sur-la-marne-croisieres-et-randonnees-au-fil-de-leau\/#primaryimage\"},\"image\":{\"@id\":\"https:\/\/www.tourisme-valdemarne.com\/espace-pro\/presse\/actualites-et-communiques-de-presse\/cap-sur-la-marne-croisieres-et-randonnees-au-fil-de-leau\/#primaryimage\"},\"thumbnailUrl\":\"https:\/\/www.tourisme-valdemarne.com\/espace-pro\/wp-content\/uploads\/sites\/3\/2023\/06\/croisieres-cap-sur-la-marne-2022.jpg\",\"datePublished\":\"2025-04-18T14:48:20+00:00\",\"dateModified\":\"2025-04-18T15:02:51+00:00\",\"description\":\"De retour pour une nouvelle \u00e9dition, Cap sur la Marne vous invite \u00e0 larguer les amarres le temps d\u2019un \u00e9t\u00e9, entre croisi\u00e8res originales et randonn\u00e9es accessibles \u00e0 tous proche de Paris.\",\"breadcrumb\":{\"@id\":\"https:\/\/www.tourisme-valdemarne.com\/espace-pro\/presse\/actualites-et-communiques-de-presse\/cap-sur-la-marne-croisieres-et-randonnees-au-fil-de-leau\/#breadcrumb\"},\"inLanguage\":\"fr-FR\",\"potentialAction\":[{\"@type\":\"ReadAction\",\"target\":[\"https:\/\/www.tourisme-valdemarne.com\/espace-pro\/presse\/actualites-et-communiques-de-presse\/cap-sur-la-marne-croisieres-et-randonnees-au-fil-de-leau\/\"]}]},{\"@type\":\"ImageObject\",\"inLanguage\":\"fr-FR\",\"@id\":\"https:\/\/www.tourisme-valdemarne.com\/espace-pro\/presse\/actualites-et-communiques-de-presse\/cap-sur-la-marne-croisieres-et-randonnees-au-fil-de-leau\/#primaryimage\",\"url\":\"https:\/\/www.tourisme-valdemarne.com\/espace-pro\/wp-content\/uploads\/sites\/3\/2023\/06\/croisieres-cap-sur-la-marne-2022.jpg\",\"contentUrl\":\"https:\/\/www.tourisme-valdemarne.com\/espace-pro\/wp-content\/uploads\/sites\/3\/2023\/06\/croisieres-cap-sur-la-marne-2022.jpg\",\"width\":2000,\"height\":1125,\"caption\":\"Croisi\u00e8res Cap sur la Marne\"},{\"@type\":\"BreadcrumbList\",\"@id\":\"https:\/\/www.tourisme-valdemarne.com\/espace-pro\/presse\/actualites-et-communiques-de-presse\/cap-sur-la-marne-croisieres-et-randonnees-au-fil-de-leau\/#breadcrumb\",\"itemListElement\":[{\"@type\":\"ListItem\",\"position\":1,\"name\":\"Accueil\",\"item\":\"https:\/\/www.tourisme-valdemarne.com\/espace-pro\/\"},{\"@type\":\"ListItem\",\"position\":2,\"name\":\"Presse\",\"item\":\"https:\/\/www.tourisme-valdemarne.com\/espace-pro\/presse\/\"},{\"@type\":\"ListItem\",\"position\":3,\"name\":\"Actualit\u00e9s et communiqu\u00e9s de presse\",\"item\":\"https:\/\/www.tourisme-valdemarne.com\/espace-pro\/presse\/actualites-et-communiques-de-presse\/\"},{\"@type\":\"ListItem\",\"position\":4,\"name\":\"Cap sur la Marne : croisi\u00e8res et randonn\u00e9es au fil de l\u2019eau\"}]},{\"@type\":\"WebSite\",\"@id\":\"https:\/\/www.tourisme-valdemarne.com\/espace-pro\/#website\",\"url\":\"https:\/\/www.tourisme-valdemarne.com\/espace-pro\/\",\"name\":\"Espace Pro\",\"description\":\"Informations et outils pour les professionnels et la Presse\",\"potentialAction\":[{\"@type\":\"SearchAction\",\"target\":{\"@type\":\"EntryPoint\",\"urlTemplate\":\"https:\/\/www.tourisme-valdemarne.com\/espace-pro\/?s={search_term_string}\"},\"query-input\":{\"@type\":\"PropertyValueSpecification\",\"valueRequired\":true,\"valueName\":\"search_term_string\"}}],\"inLanguage\":\"fr-FR\"}]}<\/script>\n<!-- \/ Yoast SEO plugin. -->","yoast_head_json":{"title":"Cap sur la Marne : croisi\u00e8res et randonn\u00e9es au fil de l\u2019eau - Espace Pro","description":"De retour pour une nouvelle \u00e9dition, Cap sur la Marne vous invite \u00e0 larguer les amarres le temps d\u2019un \u00e9t\u00e9, entre croisi\u00e8res originales et randonn\u00e9es accessibles \u00e0 tous proche de Paris.","robots":{"index":"index","follow":"follow","max-snippet":"max-snippet:-1","max-image-preview":"max-image-preview:large","max-video-preview":"max-video-preview:-1"},"canonical":"https:\/\/www.tourisme-valdemarne.com\/espace-pro\/presse\/actualites-et-communiques-de-presse\/cap-sur-la-marne-croisieres-et-randonnees-au-fil-de-leau\/","og_locale":"fr_FR","og_type":"article","og_title":"Cap sur la Marne : croisi\u00e8res et randonn\u00e9es au fil de l\u2019eau - Espace Pro","og_description":"De retour pour une nouvelle \u00e9dition, Cap sur la Marne vous invite \u00e0 larguer les amarres le temps d\u2019un \u00e9t\u00e9, entre croisi\u00e8res originales et randonn\u00e9es accessibles \u00e0 tous proche de Paris.","og_url":"https:\/\/www.tourisme-valdemarne.com\/espace-pro\/presse\/actualites-et-communiques-de-presse\/cap-sur-la-marne-croisieres-et-randonnees-au-fil-de-leau\/","og_site_name":"Espace Pro","article_modified_time":"2025-04-18T15:02:51+00:00","og_image":[{"width":2000,"height":1125,"url":"https:\/\/www.tourisme-valdemarne.com\/espace-pro\/wp-content\/uploads\/sites\/3\/2023\/06\/croisieres-cap-sur-la-marne-2022.jpg","type":"image\/jpeg"}],"twitter_card":"summary_large_image","twitter_misc":{"Dur\u00e9e de lecture estim\u00e9e":"2 minutes"},"schema":{"@context":"https:\/\/schema.org","@graph":[{"@type":"WebPage","@id":"https:\/\/www.tourisme-valdemarne.com\/espace-pro\/presse\/actualites-et-communiques-de-presse\/cap-sur-la-marne-croisieres-et-randonnees-au-fil-de-leau\/","url":"https:\/\/www.tourisme-valdemarne.com\/espace-pro\/presse\/actualites-et-communiques-de-presse\/cap-sur-la-marne-croisieres-et-randonnees-au-fil-de-leau\/","name":"Cap sur la Marne : croisi\u00e8res et randonn\u00e9es au fil de l\u2019eau - Espace Pro","isPartOf":{"@id":"https:\/\/www.tourisme-valdemarne.com\/espace-pro\/#website"},"primaryImageOfPage":{"@id":"https:\/\/www.tourisme-valdemarne.com\/espace-pro\/presse\/actualites-et-communiques-de-presse\/cap-sur-la-marne-croisieres-et-randonnees-au-fil-de-leau\/#primaryimage"},"image":{"@id":"https:\/\/www.tourisme-valdemarne.com\/espace-pro\/presse\/actualites-et-communiques-de-presse\/cap-sur-la-marne-croisieres-et-randonnees-au-fil-de-leau\/#primaryimage"},"thumbnailUrl":"https:\/\/www.tourisme-valdemarne.com\/espace-pro\/wp-content\/uploads\/sites\/3\/2023\/06\/croisieres-cap-sur-la-marne-2022.jpg","datePublished":"2025-04-18T14:48:20+00:00","dateModified":"2025-04-18T15:02:51+00:00","description":"De retour pour une nouvelle \u00e9dition, Cap sur la Marne vous invite \u00e0 larguer les amarres le temps d\u2019un \u00e9t\u00e9, entre croisi\u00e8res originales et randonn\u00e9es accessibles \u00e0 tous proche de Paris.","breadcrumb":{"@id":"https:\/\/www.tourisme-valdemarne.com\/espace-pro\/presse\/actualites-et-communiques-de-presse\/cap-sur-la-marne-croisieres-et-randonnees-au-fil-de-leau\/#breadcrumb"},"inLanguage":"fr-FR","potentialAction":[{"@type":"ReadAction","target":["https:\/\/www.tourisme-valdemarne.com\/espace-pro\/presse\/actualites-et-communiques-de-presse\/cap-sur-la-marne-croisieres-et-randonnees-au-fil-de-leau\/"]}]},{"@type":"ImageObject","inLanguage":"fr-FR","@id":"https:\/\/www.tourisme-valdemarne.com\/espace-pro\/presse\/actualites-et-communiques-de-presse\/cap-sur-la-marne-croisieres-et-randonnees-au-fil-de-leau\/#primaryimage","url":"https:\/\/www.tourisme-valdemarne.com\/espace-pro\/wp-content\/uploads\/sites\/3\/2023\/06\/croisieres-cap-sur-la-marne-2022.jpg","contentUrl":"https:\/\/www.tourisme-valdemarne.com\/espace-pro\/wp-content\/uploads\/sites\/3\/2023\/06\/croisieres-cap-sur-la-marne-2022.jpg","width":2000,"height":1125,"caption":"Croisi\u00e8res Cap sur la Marne"},{"@type":"BreadcrumbList","@id":"https:\/\/www.tourisme-valdemarne.com\/espace-pro\/presse\/actualites-et-communiques-de-presse\/cap-sur-la-marne-croisieres-et-randonnees-au-fil-de-leau\/#breadcrumb","itemListElement":[{"@type":"ListItem","position":1,"name":"Accueil","item":"https:\/\/www.tourisme-valdemarne.com\/espace-pro\/"},{"@type":"ListItem","position":2,"name":"Presse","item":"https:\/\/www.tourisme-valdemarne.com\/espace-pro\/presse\/"},{"@type":"ListItem","position":3,"name":"Actualit\u00e9s et communiqu\u00e9s de presse","item":"https:\/\/www.tourisme-valdemarne.com\/espace-pro\/presse\/actualites-et-communiques-de-presse\/"},{"@type":"ListItem","position":4,"name":"Cap sur la Marne : croisi\u00e8res et randonn\u00e9es au fil de l\u2019eau"}]},{"@type":"WebSite","@id":"https:\/\/www.tourisme-valdemarne.com\/espace-pro\/#website","url":"https:\/\/www.tourisme-valdemarne.com\/espace-pro\/","name":"Espace Pro","description":"Informations et outils pour les professionnels et la Presse","potentialAction":[{"@type":"SearchAction","target":{"@type":"EntryPoint","urlTemplate":"https:\/\/www.tourisme-valdemarne.com\/espace-pro\/?s={search_term_string}"},"query-input":{"@type":"PropertyValueSpecification","valueRequired":true,"valueName":"search_term_string"}}],"inLanguage":"fr-FR"}]}},"_links":{"self":[{"href":"https:\/\/www.tourisme-valdemarne.com\/espace-pro\/wp-json\/wp\/v2\/pages\/29100","targetHints":{"allow":["GET"]}}],"collection":[{"href":"https:\/\/www.tourisme-valdemarne.com\/espace-pro\/wp-json\/wp\/v2\/pages"}],"about":[{"href":"https:\/\/www.tourisme-valdemarne.com\/espace-pro\/wp-json\/wp\/v2\/types\/page"}],"author":[{"embeddable":true,"href":"https:\/\/www.tourisme-valdemarne.com\/espace-pro\/wp-json\/wp\/v2\/users\/9"}],"replies":[{"embeddable":true,"href":"https:\/\/www.tourisme-valdemarne.com\/espace-pro\/wp-json\/wp\/v2\/comments?post=29100"}],"version-history":[{"count":13,"href":"https:\/\/www.tourisme-valdemarne.com\/espace-pro\/wp-json\/wp\/v2\/pages\/29100\/revisions"}],"predecessor-version":[{"id":29118,"href":"https:\/\/www.tourisme-valdemarne.com\/espace-pro\/wp-json\/wp\/v2\/pages\/29100\/revisions\/29118"}],"up":[{"embeddable":true,"href":"https:\/\/www.tourisme-valdemarne.com\/espace-pro\/wp-json\/wp\/v2\/pages\/179"}],"wp:featuredmedia":[{"embeddable":true,"href":"https:\/\/www.tourisme-valdemarne.com\/espace-pro\/wp-json\/wp\/v2\/media\/15333"}],"wp:attachment":[{"href":"https:\/\/www.tourisme-valdemarne.com\/espace-pro\/wp-json\/wp\/v2\/media?parent=29100"}],"wp:term":[{"taxonomy":"vdmTagMarketing","embeddable":true,"href":"https:\/\/www.tourisme-valdemarne.com\/espace-pro\/wp-json\/wp\/v2\/vdmTagMarketing?post=29100"}],"curies":[{"name":"wp","href":"https:\/\/api.w.org\/{rel}","templated":true}]}}