{"id":2885,"date":"2019-05-28T12:55:52","date_gmt":"2019-05-28T10:55:52","guid":{"rendered":"https:\/\/www.tourisme-valdemarne.com\/espace-pro\/nouvelle-boutique-en-ligne-explore-paris"},"modified":"2023-01-19T10:44:40","modified_gmt":"2023-01-19T09:44:40","slug":"nouvelle-boutique-en-ligne-explore-paris","status":"publish","type":"page","link":"https:\/\/www.tourisme-valdemarne.com\/espace-pro\/presse\/actualites-et-communiques-de-presse\/communiques-de-presse-precedents\/nouvelle-boutique-en-ligne-explore-paris\/","title":{"rendered":"Nouvelle boutique en ligne Explore Paris"},"content":{"rendered":"\n<p class=\"is-style-excerpt\"><strong>COMMUNIQUE DE PRESSE<\/strong><\/p>\n\n\n\n<h2 class=\"wp-block-heading\"><strong>La 1\u00e8re boutique en ligne proposant des offres de visites et loisirs<\/strong> <strong>sur l\u2019ensemble du Grand Paris pour vivre des exp\u00e9riences insolites<\/strong><\/h2>\n\n\n\n<p>Paris, destination City Break par\nexcellence, ne se limite pas \u00e0 son hypercentre. De part et d\u2019autre du boulevard\np\u00e9riph\u00e9rique, les offres culturelles, artistiques et festives foisonnent pour\nmieux s\u00e9duire une client\u00e8le de visiteurs en qu\u00eate d\u2019originalit\u00e9.&nbsp; <\/p>\n\n\n\n<p><strong>Street art, architecture, art contemporain, nature, ville cosmopolite et\nville festive<\/strong> sont autant\nde th\u00e9matiques pour lesquelles la destination pr\u00e9sente une offre abondante,\ndynamique et cr\u00e9ative. Une multitude de lieux, sorties, visites \u00e9merge aux quatre\ncoins de la destination.&nbsp; <\/p>\n\n\n\n<p>Une <strong>vaste programmation de visites et balades est donc maintenant\ndisponible sur un site unique<\/strong> et propos\u00e9e tout au long de l\u2019ann\u00e9e :\nsavoir-faire, gastronomie, activit\u00e9s au bord de l\u2019eau, visites de quartiers,\nrencontre avec les habitants\u2026<\/p>\n\n\n\n<p class=\"has-text-align-center\"><a href=\"https:\/\/www.exploreparis.com\"><strong>www.exploreparis.com<\/strong><\/a><\/p>\n\n\n\n<p>\u00c0 l\u2019instar de Berlin, ou Londres, <strong>le Grand Paris d\u00e9voile des lieux insolites, des exp\u00e9riences hors des sentiers battus et des rencontres uniques pour une exp\u00e9rience touristique renouvel\u00e9e. <\/strong><\/p>\n\n\n\n<div class=\"wp-block-image\"><figure class=\"aligncenter size-full\"><img width=\"521\" height=\"148\" data-src=\"https:\/\/www.tourisme-valdemarne.com\/espace-pro\/wp-content\/uploads\/sites\/3\/2023\/01\/logo_exploreparis_rvb_comm.png\" alt=\"logo explore paris\" class=\"wp-image-14026\" srcset=\"https:\/\/www.tourisme-valdemarne.com\/espace-pro\/wp-content\/uploads\/sites\/3\/2023\/01\/logo_exploreparis_rvb_comm.png 521w, https:\/\/www.tourisme-valdemarne.com\/espace-pro\/wp-content\/uploads\/sites\/3\/2023\/01\/logo_exploreparis_rvb_comm-380x108.png 380w, https:\/\/www.tourisme-valdemarne.com\/espace-pro\/wp-content\/uploads\/sites\/3\/2023\/01\/logo_exploreparis_rvb_comm-200x57.png 200w\" sizes=\"(max-width: 521px) 100vw, 521px\" \/><\/figure><\/div>\n\n\n\n<p>Les territoires du Grand Paris se\nsont en effet r\u00e9unis pour valoriser cette offre encore m\u00e9connue des touristes.\nAinsi les partenaires du contrat de destination \u00ab Destination Paris : la ville\naugment\u00e9e \u00bb : l\u2019Office du Tourisme et des Congr\u00e8s de Paris, le D\u00e9partement des\nHauts-de-Seine, le CDT de Seine-Saint-Denis, le CDT du Val-de-Marne, la RATP,\nle Welcome City Lab, l\u2019IREST et Atout France s\u2019associent pour \u0153uvrer ensemble \u00e0\nla redynamisation de l\u2019image du territoire et \u00e0 l\u2019\u00e9largissement de l\u2019offre en\nmati\u00e8re de tourisme urbain. <\/p>\n\n\n\n<p><strong>Faire \u00e9voluer l\u2019image de la destination, renforcer la diffusion des flux\ntouristiques depuis le c\u0153ur touristique vers les quartiers p\u00e9riph\u00e9riques\ndesservis par les transports en commun, valoriser de nouveaux sites d\u2019int\u00e9r\u00eat\ntouristique et mettre la notion d\u2019exp\u00e9riences au c\u0153ur de la d\u00e9couverte de la\ndestination<\/strong> sont les\nprincipaux objectifs suivis.<\/p>\n","protected":false},"excerpt":{"rendered":"<p>COMMUNIQUE DE PRESSE La 1\u00e8re boutique en ligne proposant des offres de visites et loisirs sur l\u2019ensemble du Grand Paris pour vivre des exp\u00e9riences insolites Paris, destination City Break par excellence, ne se limite pas \u00e0 son hypercentre. De part et d\u2019autre du boulevard p\u00e9riph\u00e9rique, les offres culturelles, artistiques et festives foisonnent pour mieux s\u00e9duire [&hellip;]<\/p>\n","protected":false},"author":9,"featured_media":3374,"parent":2883,"menu_order":398,"comment_status":"closed","ping_status":"closed","template":"","meta":{"_relevanssi_hide_post":"","_relevanssi_hide_content":"","_relevanssi_pin_for_all":"","_relevanssi_pin_keywords":"","_relevanssi_unpin_keywords":"","_relevanssi_related_keywords":"","_relevanssi_related_include_ids":"","_relevanssi_related_exclude_ids":"","_relevanssi_related_no_append":"","_relevanssi_related_not_related":"","_relevanssi_related_posts":"442,2741,2745,2751,2749,2747","_relevanssi_noindex_reason":"","footnotes":""},"vdmTagMarketing":[],"class_list":["post-2885","page","type-page","status-publish","has-post-thumbnail","hentry"],"acf":[],"yoast_head":"<!-- This site is optimized with the Yoast SEO plugin v23.9 - https:\/\/yoast.com\/wordpress\/plugins\/seo\/ -->\n<title>Nouvelle boutique en ligne Explore Paris - Espace Pro<\/title>\n<meta name=\"robots\" content=\"index, follow, max-snippet:-1, max-image-preview:large, max-video-preview:-1\" \/>\n<link rel=\"canonical\" href=\"https:\/\/www.tourisme-valdemarne.com\/espace-pro\/presse\/actualites-et-communiques-de-presse\/communiques-de-presse-precedents\/nouvelle-boutique-en-ligne-explore-paris\/\" \/>\n<meta property=\"og:locale\" content=\"fr_FR\" \/>\n<meta property=\"og:type\" content=\"article\" \/>\n<meta property=\"og:title\" content=\"Nouvelle boutique en ligne Explore Paris - Espace Pro\" \/>\n<meta property=\"og:description\" content=\"COMMUNIQUE DE PRESSE La 1\u00e8re boutique en ligne proposant des offres de visites et loisirs sur l\u2019ensemble du Grand Paris pour vivre des exp\u00e9riences insolites Paris, destination City Break par excellence, ne se limite pas \u00e0 son hypercentre. De part et d\u2019autre du boulevard p\u00e9riph\u00e9rique, les offres culturelles, artistiques et festives foisonnent pour mieux s\u00e9duire [&hellip;]\" \/>\n<meta property=\"og:url\" content=\"https:\/\/www.tourisme-valdemarne.com\/espace-pro\/presse\/actualites-et-communiques-de-presse\/communiques-de-presse-precedents\/nouvelle-boutique-en-ligne-explore-paris\/\" \/>\n<meta property=\"og:site_name\" content=\"Espace Pro\" \/>\n<meta property=\"article:modified_time\" content=\"2023-01-19T09:44:40+00:00\" \/>\n<meta property=\"og:image\" content=\"https:\/\/www.tourisme-valdemarne.com\/espace-pro\/wp-content\/uploads\/sites\/3\/2019\/06\/13-01-12-street-art-cr-sylvain-lefeuvre-13.jpg\" \/>\n\t<meta property=\"og:image:width\" content=\"1600\" \/>\n\t<meta property=\"og:image:height\" content=\"1064\" \/>\n\t<meta property=\"og:image:type\" content=\"image\/jpeg\" \/>\n<meta name=\"twitter:card\" content=\"summary_large_image\" \/>\n<meta name=\"twitter:label1\" content=\"Dur\u00e9e de lecture estim\u00e9e\" \/>\n\t<meta name=\"twitter:data1\" content=\"2 minutes\" \/>\n<script type=\"application\/ld+json\" class=\"yoast-schema-graph\">{\"@context\":\"https:\/\/schema.org\",\"@graph\":[{\"@type\":\"WebPage\",\"@id\":\"https:\/\/www.tourisme-valdemarne.com\/espace-pro\/presse\/actualites-et-communiques-de-presse\/communiques-de-presse-precedents\/nouvelle-boutique-en-ligne-explore-paris\/\",\"url\":\"https:\/\/www.tourisme-valdemarne.com\/espace-pro\/presse\/actualites-et-communiques-de-presse\/communiques-de-presse-precedents\/nouvelle-boutique-en-ligne-explore-paris\/\",\"name\":\"Nouvelle boutique en ligne Explore Paris - Espace Pro\",\"isPartOf\":{\"@id\":\"https:\/\/www.tourisme-valdemarne.com\/espace-pro\/#website\"},\"primaryImageOfPage\":{\"@id\":\"https:\/\/www.tourisme-valdemarne.com\/espace-pro\/presse\/actualites-et-communiques-de-presse\/communiques-de-presse-precedents\/nouvelle-boutique-en-ligne-explore-paris\/#primaryimage\"},\"image\":{\"@id\":\"https:\/\/www.tourisme-valdemarne.com\/espace-pro\/presse\/actualites-et-communiques-de-presse\/communiques-de-presse-precedents\/nouvelle-boutique-en-ligne-explore-paris\/#primaryimage\"},\"thumbnailUrl\":\"https:\/\/www.tourisme-valdemarne.com\/espace-pro\/wp-content\/uploads\/sites\/3\/2019\/06\/13-01-12-street-art-cr-sylvain-lefeuvre-13.jpg\",\"datePublished\":\"2019-05-28T10:55:52+00:00\",\"dateModified\":\"2023-01-19T09:44:40+00:00\",\"breadcrumb\":{\"@id\":\"https:\/\/www.tourisme-valdemarne.com\/espace-pro\/presse\/actualites-et-communiques-de-presse\/communiques-de-presse-precedents\/nouvelle-boutique-en-ligne-explore-paris\/#breadcrumb\"},\"inLanguage\":\"fr-FR\",\"potentialAction\":[{\"@type\":\"ReadAction\",\"target\":[\"https:\/\/www.tourisme-valdemarne.com\/espace-pro\/presse\/actualites-et-communiques-de-presse\/communiques-de-presse-precedents\/nouvelle-boutique-en-ligne-explore-paris\/\"]}]},{\"@type\":\"ImageObject\",\"inLanguage\":\"fr-FR\",\"@id\":\"https:\/\/www.tourisme-valdemarne.com\/espace-pro\/presse\/actualites-et-communiques-de-presse\/communiques-de-presse-precedents\/nouvelle-boutique-en-ligne-explore-paris\/#primaryimage\",\"url\":\"https:\/\/www.tourisme-valdemarne.com\/espace-pro\/wp-content\/uploads\/sites\/3\/2019\/06\/13-01-12-street-art-cr-sylvain-lefeuvre-13.jpg\",\"contentUrl\":\"https:\/\/www.tourisme-valdemarne.com\/espace-pro\/wp-content\/uploads\/sites\/3\/2019\/06\/13-01-12-street-art-cr-sylvain-lefeuvre-13.jpg\",\"width\":1600,\"height\":1064,\"caption\":\"Street art Vitry-sur-Seine \u00a9SYLVAIN LEFEUVRE\"},{\"@type\":\"BreadcrumbList\",\"@id\":\"https:\/\/www.tourisme-valdemarne.com\/espace-pro\/presse\/actualites-et-communiques-de-presse\/communiques-de-presse-precedents\/nouvelle-boutique-en-ligne-explore-paris\/#breadcrumb\",\"itemListElement\":[{\"@type\":\"ListItem\",\"position\":1,\"name\":\"Accueil\",\"item\":\"https:\/\/www.tourisme-valdemarne.com\/espace-pro\/\"},{\"@type\":\"ListItem\",\"position\":2,\"name\":\"Presse\",\"item\":\"https:\/\/www.tourisme-valdemarne.com\/espace-pro\/presse\/\"},{\"@type\":\"ListItem\",\"position\":3,\"name\":\"Actualit\u00e9s et communiqu\u00e9s de presse\",\"item\":\"https:\/\/www.tourisme-valdemarne.com\/espace-pro\/presse\/actualites-et-communiques-de-presse\/\"},{\"@type\":\"ListItem\",\"position\":4,\"name\":\"Communiqu\u00e9s de presse pr\u00e9c\u00e9dents\",\"item\":\"https:\/\/www.tourisme-valdemarne.com\/espace-pro\/presse\/actualites-et-communiques-de-presse\/communiques-de-presse-precedents\/\"},{\"@type\":\"ListItem\",\"position\":5,\"name\":\"Nouvelle boutique en ligne Explore Paris\"}]},{\"@type\":\"WebSite\",\"@id\":\"https:\/\/www.tourisme-valdemarne.com\/espace-pro\/#website\",\"url\":\"https:\/\/www.tourisme-valdemarne.com\/espace-pro\/\",\"name\":\"Espace Pro\",\"description\":\"Informations et outils pour les professionnels et la Presse\",\"potentialAction\":[{\"@type\":\"SearchAction\",\"target\":{\"@type\":\"EntryPoint\",\"urlTemplate\":\"https:\/\/www.tourisme-valdemarne.com\/espace-pro\/?s={search_term_string}\"},\"query-input\":{\"@type\":\"PropertyValueSpecification\",\"valueRequired\":true,\"valueName\":\"search_term_string\"}}],\"inLanguage\":\"fr-FR\"}]}<\/script>\n<!-- \/ Yoast SEO plugin. -->","yoast_head_json":{"title":"Nouvelle boutique en ligne Explore Paris - Espace Pro","robots":{"index":"index","follow":"follow","max-snippet":"max-snippet:-1","max-image-preview":"max-image-preview:large","max-video-preview":"max-video-preview:-1"},"canonical":"https:\/\/www.tourisme-valdemarne.com\/espace-pro\/presse\/actualites-et-communiques-de-presse\/communiques-de-presse-precedents\/nouvelle-boutique-en-ligne-explore-paris\/","og_locale":"fr_FR","og_type":"article","og_title":"Nouvelle boutique en ligne Explore Paris - Espace Pro","og_description":"COMMUNIQUE DE PRESSE La 1\u00e8re boutique en ligne proposant des offres de visites et loisirs sur l\u2019ensemble du Grand Paris pour vivre des exp\u00e9riences insolites Paris, destination City Break par excellence, ne se limite pas \u00e0 son hypercentre. De part et d\u2019autre du boulevard p\u00e9riph\u00e9rique, les offres culturelles, artistiques et festives foisonnent pour mieux s\u00e9duire [&hellip;]","og_url":"https:\/\/www.tourisme-valdemarne.com\/espace-pro\/presse\/actualites-et-communiques-de-presse\/communiques-de-presse-precedents\/nouvelle-boutique-en-ligne-explore-paris\/","og_site_name":"Espace Pro","article_modified_time":"2023-01-19T09:44:40+00:00","og_image":[{"width":1600,"height":1064,"url":"https:\/\/www.tourisme-valdemarne.com\/espace-pro\/wp-content\/uploads\/sites\/3\/2019\/06\/13-01-12-street-art-cr-sylvain-lefeuvre-13.jpg","type":"image\/jpeg"}],"twitter_card":"summary_large_image","twitter_misc":{"Dur\u00e9e de lecture estim\u00e9e":"2 minutes"},"schema":{"@context":"https:\/\/schema.org","@graph":[{"@type":"WebPage","@id":"https:\/\/www.tourisme-valdemarne.com\/espace-pro\/presse\/actualites-et-communiques-de-presse\/communiques-de-presse-precedents\/nouvelle-boutique-en-ligne-explore-paris\/","url":"https:\/\/www.tourisme-valdemarne.com\/espace-pro\/presse\/actualites-et-communiques-de-presse\/communiques-de-presse-precedents\/nouvelle-boutique-en-ligne-explore-paris\/","name":"Nouvelle boutique en ligne Explore Paris - Espace Pro","isPartOf":{"@id":"https:\/\/www.tourisme-valdemarne.com\/espace-pro\/#website"},"primaryImageOfPage":{"@id":"https:\/\/www.tourisme-valdemarne.com\/espace-pro\/presse\/actualites-et-communiques-de-presse\/communiques-de-presse-precedents\/nouvelle-boutique-en-ligne-explore-paris\/#primaryimage"},"image":{"@id":"https:\/\/www.tourisme-valdemarne.com\/espace-pro\/presse\/actualites-et-communiques-de-presse\/communiques-de-presse-precedents\/nouvelle-boutique-en-ligne-explore-paris\/#primaryimage"},"thumbnailUrl":"https:\/\/www.tourisme-valdemarne.com\/espace-pro\/wp-content\/uploads\/sites\/3\/2019\/06\/13-01-12-street-art-cr-sylvain-lefeuvre-13.jpg","datePublished":"2019-05-28T10:55:52+00:00","dateModified":"2023-01-19T09:44:40+00:00","breadcrumb":{"@id":"https:\/\/www.tourisme-valdemarne.com\/espace-pro\/presse\/actualites-et-communiques-de-presse\/communiques-de-presse-precedents\/nouvelle-boutique-en-ligne-explore-paris\/#breadcrumb"},"inLanguage":"fr-FR","potentialAction":[{"@type":"ReadAction","target":["https:\/\/www.tourisme-valdemarne.com\/espace-pro\/presse\/actualites-et-communiques-de-presse\/communiques-de-presse-precedents\/nouvelle-boutique-en-ligne-explore-paris\/"]}]},{"@type":"ImageObject","inLanguage":"fr-FR","@id":"https:\/\/www.tourisme-valdemarne.com\/espace-pro\/presse\/actualites-et-communiques-de-presse\/communiques-de-presse-precedents\/nouvelle-boutique-en-ligne-explore-paris\/#primaryimage","url":"https:\/\/www.tourisme-valdemarne.com\/espace-pro\/wp-content\/uploads\/sites\/3\/2019\/06\/13-01-12-street-art-cr-sylvain-lefeuvre-13.jpg","contentUrl":"https:\/\/www.tourisme-valdemarne.com\/espace-pro\/wp-content\/uploads\/sites\/3\/2019\/06\/13-01-12-street-art-cr-sylvain-lefeuvre-13.jpg","width":1600,"height":1064,"caption":"Street art Vitry-sur-Seine \u00a9SYLVAIN LEFEUVRE"},{"@type":"BreadcrumbList","@id":"https:\/\/www.tourisme-valdemarne.com\/espace-pro\/presse\/actualites-et-communiques-de-presse\/communiques-de-presse-precedents\/nouvelle-boutique-en-ligne-explore-paris\/#breadcrumb","itemListElement":[{"@type":"ListItem","position":1,"name":"Accueil","item":"https:\/\/www.tourisme-valdemarne.com\/espace-pro\/"},{"@type":"ListItem","position":2,"name":"Presse","item":"https:\/\/www.tourisme-valdemarne.com\/espace-pro\/presse\/"},{"@type":"ListItem","position":3,"name":"Actualit\u00e9s et communiqu\u00e9s de presse","item":"https:\/\/www.tourisme-valdemarne.com\/espace-pro\/presse\/actualites-et-communiques-de-presse\/"},{"@type":"ListItem","position":4,"name":"Communiqu\u00e9s de presse pr\u00e9c\u00e9dents","item":"https:\/\/www.tourisme-valdemarne.com\/espace-pro\/presse\/actualites-et-communiques-de-presse\/communiques-de-presse-precedents\/"},{"@type":"ListItem","position":5,"name":"Nouvelle boutique en ligne Explore Paris"}]},{"@type":"WebSite","@id":"https:\/\/www.tourisme-valdemarne.com\/espace-pro\/#website","url":"https:\/\/www.tourisme-valdemarne.com\/espace-pro\/","name":"Espace Pro","description":"Informations et outils pour les professionnels et la Presse","potentialAction":[{"@type":"SearchAction","target":{"@type":"EntryPoint","urlTemplate":"https:\/\/www.tourisme-valdemarne.com\/espace-pro\/?s={search_term_string}"},"query-input":{"@type":"PropertyValueSpecification","valueRequired":true,"valueName":"search_term_string"}}],"inLanguage":"fr-FR"}]}},"_links":{"self":[{"href":"https:\/\/www.tourisme-valdemarne.com\/espace-pro\/wp-json\/wp\/v2\/pages\/2885","targetHints":{"allow":["GET"]}}],"collection":[{"href":"https:\/\/www.tourisme-valdemarne.com\/espace-pro\/wp-json\/wp\/v2\/pages"}],"about":[{"href":"https:\/\/www.tourisme-valdemarne.com\/espace-pro\/wp-json\/wp\/v2\/types\/page"}],"author":[{"embeddable":true,"href":"https:\/\/www.tourisme-valdemarne.com\/espace-pro\/wp-json\/wp\/v2\/users\/9"}],"replies":[{"embeddable":true,"href":"https:\/\/www.tourisme-valdemarne.com\/espace-pro\/wp-json\/wp\/v2\/comments?post=2885"}],"version-history":[{"count":10,"href":"https:\/\/www.tourisme-valdemarne.com\/espace-pro\/wp-json\/wp\/v2\/pages\/2885\/revisions"}],"predecessor-version":[{"id":14037,"href":"https:\/\/www.tourisme-valdemarne.com\/espace-pro\/wp-json\/wp\/v2\/pages\/2885\/revisions\/14037"}],"up":[{"embeddable":true,"href":"https:\/\/www.tourisme-valdemarne.com\/espace-pro\/wp-json\/wp\/v2\/pages\/2883"}],"wp:featuredmedia":[{"embeddable":true,"href":"https:\/\/www.tourisme-valdemarne.com\/espace-pro\/wp-json\/wp\/v2\/media\/3374"}],"wp:attachment":[{"href":"https:\/\/www.tourisme-valdemarne.com\/espace-pro\/wp-json\/wp\/v2\/media?parent=2885"}],"wp:term":[{"taxonomy":"vdmTagMarketing","embeddable":true,"href":"https:\/\/www.tourisme-valdemarne.com\/espace-pro\/wp-json\/wp\/v2\/vdmTagMarketing?post=2885"}],"curies":[{"name":"wp","href":"https:\/\/api.w.org\/{rel}","templated":true}]}}