{"id":2827,"date":"2019-05-28T11:34:19","date_gmt":"2019-05-28T09:34:19","guid":{"rendered":"https:\/\/www.tourisme-valdemarne.com\/espace-pro\/balades-avec-les-passeurs-de-cultures"},"modified":"2022-09-05T09:32:24","modified_gmt":"2022-09-05T07:32:24","slug":"balades-avec-les-passeurs-de-cultures","status":"publish","type":"page","link":"https:\/\/www.tourisme-valdemarne.com\/espace-pro\/presse\/actualites-et-communiques-de-presse\/communiques-de-presse-precedents\/balades-avec-les-passeurs-de-cultures\/","title":{"rendered":"Balades avec les Passeurs de cultures"},"content":{"rendered":"\n<p class=\"is-style-excerpt\"><strong>COMMUNIQUE DE PRESSE<\/strong><\/p>\n\n\n\n<h2 class=\"wp-block-heading\">Balades culturelles et cosmopolites avec les Passeurs de cultures<\/h2>\n\n\n\n<p><strong>Entre r\u00e9cits de vie, \u00e9changes culturels, parcours historiques et patrimoniaux autour des migrations, les Passeurs de cultures invitent les visiteurs \u00e0 partir \u00e0 la rencontre des habitants et \u00e0 d\u00e9couvrir les villes du Val-de-Marne sous un angle d\u00e9cal\u00e9, celui de l\u2019immigration d\u2019hier et d\u2019aujourd\u2019hui.<\/strong><\/p>\n\n\n\n<h3 class=\"wp-block-heading\">Qui sont les Passeurs de cultures ?<\/h3>\n\n\n\n<p>Issus de l\u2019immigration, les Passeurs de cultures ont suivi une formation pendant un an en partenariat avec l\u2019Universit\u00e9 Paris Descartes, l\u2019Institut Inalco et le Mus\u00e9e de l\u2019histoire de l\u2019immigration.<br>Chacun de ces guides amateurs a cr\u00e9\u00e9 son propre parcours pour proposer une visite unique construite autour de sa propre histoire, ses rencontres et ses exp\u00e9riences personnelles.<br>Plus qu\u2019un parcours de visite, c\u2019est un parcours de vie qui est d\u00e9voil\u00e9 aux visiteurs\u2026<\/p>\n\n\n\n<h3 class=\"wp-block-heading\">Quatre balades comment\u00e9es \u00e0 \u00e9couter et vivre<\/h3>\n\n\n\n<p>A travers une balade d\u2019environ deux heures et demie, les Passeurs de cultures racontent leur ville \u00e0 travers des r\u00e9cits personnels et pr\u00e9sentent le patrimoine culturel et historique ayant contribu\u00e9 \u00e0 construire leurs quartiers.<br>Au fil de la d\u00e9ambulation, le visiteur rencontre des hommes et des femmes qui \u00e9voquent leur parcours de vie, leur arriv\u00e9e et leur engagement sur le territoire.<br>Ainsi sont r\u00e9v\u00e9l\u00e9es les richesses culturelles, patrimoniales, sociales et \u00e9conomiques des migrations qui font le Val-de-Marne.<\/p>\n\n\n\n<p>Quatre balades sont propos\u00e9es :<\/p>\n\n\n\n<ul class=\"wp-block-list\"><li><a rel=\"noreferrer noopener nofollow\" aria-label=\"Histoires d'exil \u00e0 Fontenay-sous-Bois (s\u2019ouvre dans un nouvel onglet)\" href=\"https:\/\/exploreparis.com\/fr\/1950-passeurs-de-culture-fontenay-sous-bois.html\" target=\"_blank\">Histoires d&rsquo;exil \u00e0 Fontenay-sous-Bois<\/a> : Histoire chilienne, histoire argentine, histoire guin\u00e9enne, histoire fontenaisienne\u2026 histoires humaines. Une rencontre avec diverses personnalit\u00e9s de la ville qui content leurs parcours de vie.<\/li><li><a rel=\"noreferrer noopener nofollow\" aria-label=\"Rive Gauche Rive Droite \u00e0 Choisy-le-Roi (s\u2019ouvre dans un nouvel onglet)\" href=\"https:\/\/exploreparis.com\/fr\/1952-passeurs-de-culture-choisy-le-roi.html\" target=\"_blank\">Rive Gauche Rive Droite \u00e0 Choisy-le-Roi<\/a> : Un voyage \u00e0 travers les t\u00e9moignages de l&rsquo;histoire politique du XXe si\u00e8cle : de l\u2019exil arm\u00e9nien \u00e0 la guerre d\u2019Espagne, des accords de paix sur le Vietnam \u00e0 l\u2019Alg\u00e9rie ou plus r\u00e9cemment aux migrations d\u2019Afrique.<\/li><li><a rel=\"noreferrer noopener nofollow\" aria-label=\"L'exil au f\u00e9minin \u00e0 Ivry-sur-Seine (s\u2019ouvre dans un nouvel onglet)\" href=\"https:\/\/exploreparis.com\/fr\/2249-passeurs-de-culture-ivry-persona-grata.html\" target=\"_blank\">L&rsquo;exil au f\u00e9minin \u00e0 Ivry-sur-Seine<\/a> : Un parcours \u00e0 la d\u00e9couverte d&rsquo;habitants, de cr\u00e9ateurs, d&rsquo;entrepreneurs solidaires, qui tous participent \u00e0 dynamiser le tissu local.<\/li><li>Les Castors du Jardin parisien \u00e0 L&rsquo;Ha\u00ff-les-Roses : Exils forc\u00e9s ou volontaires, migrations \u00e9conomiques\u2026 ont fa\u00e7onn\u00e9 des coop\u00e9ratives d\u2019auto-construction populaires n\u00e9es apr\u00e8s la Seconde Guerre mondiale : les fameux Castors ! <em>(cette balade est temporairement arr\u00eat\u00e9e)<\/em><\/li><\/ul>\n\n\n\n<p class=\"is-style-highlight\"><a href=\"https:\/\/exploreparis.com\/fr\/recherche?tag=passeurs-de-culture\" target=\"_blank\" rel=\"noreferrer noopener\" aria-label=\"Ces balades sont \u00e0 r\u00e9server sur notre boutique en ligne Explore Paris. (s\u2019ouvre dans un nouvel onglet)\">Ces balades sont \u00e0 r\u00e9server sur notre boutique en ligne Explore Paris.<\/a><\/p>\n\n\n\n<p>Parce que le Val-de-Marne est une terre d\u2019asile et d\u2019accueil et qu\u2019il est riche de cultures venant du monde entier, ces Passeurs de cultures proposent de tisser des liens entre ici et l\u00e0-bas et de partir \u00e0 la rencontre de la diversit\u00e9 culturelle du territoire.<\/p>\n\n\n\n<h3 class=\"wp-block-heading\">A propos du projet<\/h3>\n\n\n\n<p>Le projet \u00ab Passeurs de culture(s) \u00bb pr\u00f4ne un tourisme \u00e9quitable et alternatif. Il met en lumi\u00e8re la diversit\u00e9 culturelle du Val-de-Marne en promouvant les aspects sociaux, culturels mais aussi \u00e9conomiques des migrations sur le territoire.<br>Le projet Passeurs de cultures est coordonn\u00e9 par l\u2019association Bastina avec l\u2019aide de Val-de-Marne Tourisme &amp; Loisirs.<\/p>\n","protected":false},"excerpt":{"rendered":"<p>COMMUNIQUE DE PRESSE Balades culturelles et cosmopolites avec les Passeurs de cultures Entre r\u00e9cits de vie, \u00e9changes culturels, parcours historiques et patrimoniaux autour des migrations, les Passeurs de cultures invitent les visiteurs \u00e0 partir \u00e0 la rencontre des habitants et \u00e0 d\u00e9couvrir les villes du Val-de-Marne sous un angle d\u00e9cal\u00e9, celui de l\u2019immigration d\u2019hier et [&hellip;]<\/p>\n","protected":false},"author":9,"featured_media":2888,"parent":2883,"menu_order":410,"comment_status":"closed","ping_status":"closed","template":"","meta":{"_relevanssi_hide_post":"","_relevanssi_hide_content":"","_relevanssi_pin_for_all":"","_relevanssi_pin_keywords":"","_relevanssi_unpin_keywords":"","_relevanssi_related_keywords":"","_relevanssi_related_include_ids":"","_relevanssi_related_exclude_ids":"","_relevanssi_related_no_append":"","_relevanssi_related_not_related":"","_relevanssi_related_posts":"2741,2751,444,8101,2745,8084","_relevanssi_noindex_reason":"","footnotes":""},"vdmTagMarketing":[],"class_list":["post-2827","page","type-page","status-publish","has-post-thumbnail","hentry"],"acf":[],"yoast_head":"<!-- This site is optimized with the Yoast SEO plugin v23.9 - https:\/\/yoast.com\/wordpress\/plugins\/seo\/ -->\n<title>Balades avec les Passeurs de cultures - Espace Pro<\/title>\n<meta name=\"robots\" content=\"index, follow, max-snippet:-1, max-image-preview:large, max-video-preview:-1\" \/>\n<link rel=\"canonical\" href=\"https:\/\/www.tourisme-valdemarne.com\/espace-pro\/presse\/actualites-et-communiques-de-presse\/communiques-de-presse-precedents\/balades-avec-les-passeurs-de-cultures\/\" \/>\n<meta property=\"og:locale\" content=\"fr_FR\" \/>\n<meta property=\"og:type\" content=\"article\" \/>\n<meta property=\"og:title\" content=\"Balades avec les Passeurs de cultures - Espace Pro\" \/>\n<meta property=\"og:description\" content=\"COMMUNIQUE DE PRESSE Balades culturelles et cosmopolites avec les Passeurs de cultures Entre r\u00e9cits de vie, \u00e9changes culturels, parcours historiques et patrimoniaux autour des migrations, les Passeurs de cultures invitent les visiteurs \u00e0 partir \u00e0 la rencontre des habitants et \u00e0 d\u00e9couvrir les villes du Val-de-Marne sous un angle d\u00e9cal\u00e9, celui de l\u2019immigration d\u2019hier et [&hellip;]\" \/>\n<meta property=\"og:url\" content=\"https:\/\/www.tourisme-valdemarne.com\/espace-pro\/presse\/actualites-et-communiques-de-presse\/communiques-de-presse-precedents\/balades-avec-les-passeurs-de-cultures\/\" \/>\n<meta property=\"og:site_name\" content=\"Espace Pro\" \/>\n<meta property=\"article:modified_time\" content=\"2022-09-05T07:32:24+00:00\" \/>\n<meta property=\"og:image\" content=\"https:\/\/www.tourisme-valdemarne.com\/espace-pro\/wp-content\/uploads\/sites\/3\/2019\/05\/passeurs-cultures-fontenay_cp_cdt94_e.filliot.jpg\" \/>\n\t<meta property=\"og:image:width\" content=\"1600\" \/>\n\t<meta property=\"og:image:height\" content=\"900\" \/>\n\t<meta property=\"og:image:type\" content=\"image\/jpeg\" \/>\n<meta name=\"twitter:card\" content=\"summary_large_image\" \/>\n<meta name=\"twitter:label1\" content=\"Dur\u00e9e de lecture estim\u00e9e\" \/>\n\t<meta name=\"twitter:data1\" content=\"3 minutes\" \/>\n<script type=\"application\/ld+json\" class=\"yoast-schema-graph\">{\"@context\":\"https:\/\/schema.org\",\"@graph\":[{\"@type\":\"WebPage\",\"@id\":\"https:\/\/www.tourisme-valdemarne.com\/espace-pro\/presse\/actualites-et-communiques-de-presse\/communiques-de-presse-precedents\/balades-avec-les-passeurs-de-cultures\/\",\"url\":\"https:\/\/www.tourisme-valdemarne.com\/espace-pro\/presse\/actualites-et-communiques-de-presse\/communiques-de-presse-precedents\/balades-avec-les-passeurs-de-cultures\/\",\"name\":\"Balades avec les Passeurs de cultures - Espace Pro\",\"isPartOf\":{\"@id\":\"https:\/\/www.tourisme-valdemarne.com\/espace-pro\/#website\"},\"primaryImageOfPage\":{\"@id\":\"https:\/\/www.tourisme-valdemarne.com\/espace-pro\/presse\/actualites-et-communiques-de-presse\/communiques-de-presse-precedents\/balades-avec-les-passeurs-de-cultures\/#primaryimage\"},\"image\":{\"@id\":\"https:\/\/www.tourisme-valdemarne.com\/espace-pro\/presse\/actualites-et-communiques-de-presse\/communiques-de-presse-precedents\/balades-avec-les-passeurs-de-cultures\/#primaryimage\"},\"thumbnailUrl\":\"https:\/\/www.tourisme-valdemarne.com\/espace-pro\/wp-content\/uploads\/sites\/3\/2019\/05\/passeurs-cultures-fontenay_cp_cdt94_e.filliot.jpg\",\"datePublished\":\"2019-05-28T09:34:19+00:00\",\"dateModified\":\"2022-09-05T07:32:24+00:00\",\"breadcrumb\":{\"@id\":\"https:\/\/www.tourisme-valdemarne.com\/espace-pro\/presse\/actualites-et-communiques-de-presse\/communiques-de-presse-precedents\/balades-avec-les-passeurs-de-cultures\/#breadcrumb\"},\"inLanguage\":\"fr-FR\",\"potentialAction\":[{\"@type\":\"ReadAction\",\"target\":[\"https:\/\/www.tourisme-valdemarne.com\/espace-pro\/presse\/actualites-et-communiques-de-presse\/communiques-de-presse-precedents\/balades-avec-les-passeurs-de-cultures\/\"]}]},{\"@type\":\"ImageObject\",\"inLanguage\":\"fr-FR\",\"@id\":\"https:\/\/www.tourisme-valdemarne.com\/espace-pro\/presse\/actualites-et-communiques-de-presse\/communiques-de-presse-precedents\/balades-avec-les-passeurs-de-cultures\/#primaryimage\",\"url\":\"https:\/\/www.tourisme-valdemarne.com\/espace-pro\/wp-content\/uploads\/sites\/3\/2019\/05\/passeurs-cultures-fontenay_cp_cdt94_e.filliot.jpg\",\"contentUrl\":\"https:\/\/www.tourisme-valdemarne.com\/espace-pro\/wp-content\/uploads\/sites\/3\/2019\/05\/passeurs-cultures-fontenay_cp_cdt94_e.filliot.jpg\",\"width\":1600,\"height\":900,\"caption\":\"Passeurs de cultures \u00e0 Fontenay\"},{\"@type\":\"BreadcrumbList\",\"@id\":\"https:\/\/www.tourisme-valdemarne.com\/espace-pro\/presse\/actualites-et-communiques-de-presse\/communiques-de-presse-precedents\/balades-avec-les-passeurs-de-cultures\/#breadcrumb\",\"itemListElement\":[{\"@type\":\"ListItem\",\"position\":1,\"name\":\"Accueil\",\"item\":\"https:\/\/www.tourisme-valdemarne.com\/espace-pro\/\"},{\"@type\":\"ListItem\",\"position\":2,\"name\":\"Presse\",\"item\":\"https:\/\/www.tourisme-valdemarne.com\/espace-pro\/presse\/\"},{\"@type\":\"ListItem\",\"position\":3,\"name\":\"Actualit\u00e9s et communiqu\u00e9s de presse\",\"item\":\"https:\/\/www.tourisme-valdemarne.com\/espace-pro\/presse\/actualites-et-communiques-de-presse\/\"},{\"@type\":\"ListItem\",\"position\":4,\"name\":\"Communiqu\u00e9s de presse pr\u00e9c\u00e9dents\",\"item\":\"https:\/\/www.tourisme-valdemarne.com\/espace-pro\/presse\/actualites-et-communiques-de-presse\/communiques-de-presse-precedents\/\"},{\"@type\":\"ListItem\",\"position\":5,\"name\":\"Balades avec les Passeurs de cultures\"}]},{\"@type\":\"WebSite\",\"@id\":\"https:\/\/www.tourisme-valdemarne.com\/espace-pro\/#website\",\"url\":\"https:\/\/www.tourisme-valdemarne.com\/espace-pro\/\",\"name\":\"Espace Pro\",\"description\":\"Informations et outils pour les professionnels et la Presse\",\"potentialAction\":[{\"@type\":\"SearchAction\",\"target\":{\"@type\":\"EntryPoint\",\"urlTemplate\":\"https:\/\/www.tourisme-valdemarne.com\/espace-pro\/?s={search_term_string}\"},\"query-input\":{\"@type\":\"PropertyValueSpecification\",\"valueRequired\":true,\"valueName\":\"search_term_string\"}}],\"inLanguage\":\"fr-FR\"}]}<\/script>\n<!-- \/ Yoast SEO plugin. -->","yoast_head_json":{"title":"Balades avec les Passeurs de cultures - Espace Pro","robots":{"index":"index","follow":"follow","max-snippet":"max-snippet:-1","max-image-preview":"max-image-preview:large","max-video-preview":"max-video-preview:-1"},"canonical":"https:\/\/www.tourisme-valdemarne.com\/espace-pro\/presse\/actualites-et-communiques-de-presse\/communiques-de-presse-precedents\/balades-avec-les-passeurs-de-cultures\/","og_locale":"fr_FR","og_type":"article","og_title":"Balades avec les Passeurs de cultures - Espace Pro","og_description":"COMMUNIQUE DE PRESSE Balades culturelles et cosmopolites avec les Passeurs de cultures Entre r\u00e9cits de vie, \u00e9changes culturels, parcours historiques et patrimoniaux autour des migrations, les Passeurs de cultures invitent les visiteurs \u00e0 partir \u00e0 la rencontre des habitants et \u00e0 d\u00e9couvrir les villes du Val-de-Marne sous un angle d\u00e9cal\u00e9, celui de l\u2019immigration d\u2019hier et [&hellip;]","og_url":"https:\/\/www.tourisme-valdemarne.com\/espace-pro\/presse\/actualites-et-communiques-de-presse\/communiques-de-presse-precedents\/balades-avec-les-passeurs-de-cultures\/","og_site_name":"Espace Pro","article_modified_time":"2022-09-05T07:32:24+00:00","og_image":[{"width":1600,"height":900,"url":"https:\/\/www.tourisme-valdemarne.com\/espace-pro\/wp-content\/uploads\/sites\/3\/2019\/05\/passeurs-cultures-fontenay_cp_cdt94_e.filliot.jpg","type":"image\/jpeg"}],"twitter_card":"summary_large_image","twitter_misc":{"Dur\u00e9e de lecture estim\u00e9e":"3 minutes"},"schema":{"@context":"https:\/\/schema.org","@graph":[{"@type":"WebPage","@id":"https:\/\/www.tourisme-valdemarne.com\/espace-pro\/presse\/actualites-et-communiques-de-presse\/communiques-de-presse-precedents\/balades-avec-les-passeurs-de-cultures\/","url":"https:\/\/www.tourisme-valdemarne.com\/espace-pro\/presse\/actualites-et-communiques-de-presse\/communiques-de-presse-precedents\/balades-avec-les-passeurs-de-cultures\/","name":"Balades avec les Passeurs de cultures - Espace Pro","isPartOf":{"@id":"https:\/\/www.tourisme-valdemarne.com\/espace-pro\/#website"},"primaryImageOfPage":{"@id":"https:\/\/www.tourisme-valdemarne.com\/espace-pro\/presse\/actualites-et-communiques-de-presse\/communiques-de-presse-precedents\/balades-avec-les-passeurs-de-cultures\/#primaryimage"},"image":{"@id":"https:\/\/www.tourisme-valdemarne.com\/espace-pro\/presse\/actualites-et-communiques-de-presse\/communiques-de-presse-precedents\/balades-avec-les-passeurs-de-cultures\/#primaryimage"},"thumbnailUrl":"https:\/\/www.tourisme-valdemarne.com\/espace-pro\/wp-content\/uploads\/sites\/3\/2019\/05\/passeurs-cultures-fontenay_cp_cdt94_e.filliot.jpg","datePublished":"2019-05-28T09:34:19+00:00","dateModified":"2022-09-05T07:32:24+00:00","breadcrumb":{"@id":"https:\/\/www.tourisme-valdemarne.com\/espace-pro\/presse\/actualites-et-communiques-de-presse\/communiques-de-presse-precedents\/balades-avec-les-passeurs-de-cultures\/#breadcrumb"},"inLanguage":"fr-FR","potentialAction":[{"@type":"ReadAction","target":["https:\/\/www.tourisme-valdemarne.com\/espace-pro\/presse\/actualites-et-communiques-de-presse\/communiques-de-presse-precedents\/balades-avec-les-passeurs-de-cultures\/"]}]},{"@type":"ImageObject","inLanguage":"fr-FR","@id":"https:\/\/www.tourisme-valdemarne.com\/espace-pro\/presse\/actualites-et-communiques-de-presse\/communiques-de-presse-precedents\/balades-avec-les-passeurs-de-cultures\/#primaryimage","url":"https:\/\/www.tourisme-valdemarne.com\/espace-pro\/wp-content\/uploads\/sites\/3\/2019\/05\/passeurs-cultures-fontenay_cp_cdt94_e.filliot.jpg","contentUrl":"https:\/\/www.tourisme-valdemarne.com\/espace-pro\/wp-content\/uploads\/sites\/3\/2019\/05\/passeurs-cultures-fontenay_cp_cdt94_e.filliot.jpg","width":1600,"height":900,"caption":"Passeurs de cultures \u00e0 Fontenay"},{"@type":"BreadcrumbList","@id":"https:\/\/www.tourisme-valdemarne.com\/espace-pro\/presse\/actualites-et-communiques-de-presse\/communiques-de-presse-precedents\/balades-avec-les-passeurs-de-cultures\/#breadcrumb","itemListElement":[{"@type":"ListItem","position":1,"name":"Accueil","item":"https:\/\/www.tourisme-valdemarne.com\/espace-pro\/"},{"@type":"ListItem","position":2,"name":"Presse","item":"https:\/\/www.tourisme-valdemarne.com\/espace-pro\/presse\/"},{"@type":"ListItem","position":3,"name":"Actualit\u00e9s et communiqu\u00e9s de presse","item":"https:\/\/www.tourisme-valdemarne.com\/espace-pro\/presse\/actualites-et-communiques-de-presse\/"},{"@type":"ListItem","position":4,"name":"Communiqu\u00e9s de presse pr\u00e9c\u00e9dents","item":"https:\/\/www.tourisme-valdemarne.com\/espace-pro\/presse\/actualites-et-communiques-de-presse\/communiques-de-presse-precedents\/"},{"@type":"ListItem","position":5,"name":"Balades avec les Passeurs de cultures"}]},{"@type":"WebSite","@id":"https:\/\/www.tourisme-valdemarne.com\/espace-pro\/#website","url":"https:\/\/www.tourisme-valdemarne.com\/espace-pro\/","name":"Espace Pro","description":"Informations et outils pour les professionnels et la Presse","potentialAction":[{"@type":"SearchAction","target":{"@type":"EntryPoint","urlTemplate":"https:\/\/www.tourisme-valdemarne.com\/espace-pro\/?s={search_term_string}"},"query-input":{"@type":"PropertyValueSpecification","valueRequired":true,"valueName":"search_term_string"}}],"inLanguage":"fr-FR"}]}},"_links":{"self":[{"href":"https:\/\/www.tourisme-valdemarne.com\/espace-pro\/wp-json\/wp\/v2\/pages\/2827","targetHints":{"allow":["GET"]}}],"collection":[{"href":"https:\/\/www.tourisme-valdemarne.com\/espace-pro\/wp-json\/wp\/v2\/pages"}],"about":[{"href":"https:\/\/www.tourisme-valdemarne.com\/espace-pro\/wp-json\/wp\/v2\/types\/page"}],"author":[{"embeddable":true,"href":"https:\/\/www.tourisme-valdemarne.com\/espace-pro\/wp-json\/wp\/v2\/users\/9"}],"replies":[{"embeddable":true,"href":"https:\/\/www.tourisme-valdemarne.com\/espace-pro\/wp-json\/wp\/v2\/comments?post=2827"}],"version-history":[{"count":6,"href":"https:\/\/www.tourisme-valdemarne.com\/espace-pro\/wp-json\/wp\/v2\/pages\/2827\/revisions"}],"predecessor-version":[{"id":13229,"href":"https:\/\/www.tourisme-valdemarne.com\/espace-pro\/wp-json\/wp\/v2\/pages\/2827\/revisions\/13229"}],"up":[{"embeddable":true,"href":"https:\/\/www.tourisme-valdemarne.com\/espace-pro\/wp-json\/wp\/v2\/pages\/2883"}],"wp:featuredmedia":[{"embeddable":true,"href":"https:\/\/www.tourisme-valdemarne.com\/espace-pro\/wp-json\/wp\/v2\/media\/2888"}],"wp:attachment":[{"href":"https:\/\/www.tourisme-valdemarne.com\/espace-pro\/wp-json\/wp\/v2\/media?parent=2827"}],"wp:term":[{"taxonomy":"vdmTagMarketing","embeddable":true,"href":"https:\/\/www.tourisme-valdemarne.com\/espace-pro\/wp-json\/wp\/v2\/vdmTagMarketing?post=2827"}],"curies":[{"name":"wp","href":"https:\/\/api.w.org\/{rel}","templated":true}]}}