{"id":2822,"date":"2019-05-28T11:25:58","date_gmt":"2019-05-28T09:25:58","guid":{"rendered":"https:\/\/www.tourisme-valdemarne.com\/espace-pro\/visites-et-balades-de-lete-2019"},"modified":"2021-10-26T11:49:48","modified_gmt":"2021-10-26T09:49:48","slug":"visites-et-balades-de-lete-2019","status":"publish","type":"page","link":"https:\/\/www.tourisme-valdemarne.com\/espace-pro\/presse\/actualites-et-communiques-de-presse\/communiques-de-presse-precedents\/visites-et-balades-de-lete-2019\/","title":{"rendered":"Visites et balades de l&rsquo;\u00e9t\u00e9 2019"},"content":{"rendered":"\n<p class=\"is-style-excerpt\"><strong>COMMUNIQUE DE PRESSE<\/strong><\/p>\n\n\n\n<h2 class=\"wp-block-heading\">Tout le programme des visites insolites, croisi\u00e8res, balades \u00e0 pied ou \u00e0 v\u00e9lo&#8230; pour juin, juillet et ao\u00fbt 2019.<\/h2>\n\n\n\n<h3 class=\"wp-block-heading\">NOUVEAU en 2019 : Les bords de Seine s\u2019animent cet \u00e9t\u00e9 en Val-de-Marne !<\/h3>\n\n\n\n<p>Val-de-Marne Tourisme &amp; Loisirs vous propose cet \u00e9t\u00e9 de nouvelles activit\u00e9s, croisi\u00e8res et randonn\u00e9es en bords de Seine. La Grande confluence s\u2019anime de Paris \u00e0 Choisy-le-Roi sur la Seine et \u00e0 Maisons-Alfort sur la Marne. Les voies d\u2019eau et les berges deviennent des espaces propices au partage, aux animations et \u00e0 la f\u00eate ! <br><strong>Retrouvez vite notre programme de croisi\u00e8res, de balades \u00e0 pied et \u00e0 v\u00e9lo, d\u2019\u00e9v\u00e9nements, etc.<\/strong><br>Et bien d\u2019autres escapades originales dans tout le Val-de-Marne \u00e0 tester pendant vos week-ends et vacances dans l\u2019Est parisien avec notre programme d\u2019animations de l\u2019\u00e9t\u00e9.<\/p>\n\n\n\n<p>Au sommaire du dossier de presse :<\/p>\n\n\n\n<ul class=\"wp-block-list\"><li><strong>l&rsquo;\u00e9t\u00e9 au bord de l&rsquo;eau sur la Seine et sur la Marne<\/strong> (balades \u00e0 pied, \u00e0 v\u00e9lo, croisi\u00e8res, activit\u00e9s nautiques, etc.)<\/li><li><strong>l&rsquo;\u00e9t\u00e9 en pleine nature <\/strong>(balades \u00e0 pied, \u00e0 v\u00e9lo, visites et activit\u00e9s au vert)<\/li><li><strong>l&rsquo;\u00e9t\u00e9 \u00e0 la d\u00e9couverte du patrimoine culturel <\/strong>(visites guid\u00e9es, balades culturelles, coulisses d&rsquo;entreprises)<\/li><\/ul>\n\n\n\n<figure class=\"wp-block-image\"><a href=\"https:\/\/www.tourisme-valdemarne.com\/espace-pro\/wp-content\/uploads\/sites\/3\/2019\/05\/dp_programme_ete_2019-couv.jpg\"><img width=\"1200\" height=\"543\" data-src=\"https:\/\/www.tourisme-valdemarne.com\/espace-pro\/wp-content\/uploads\/sites\/3\/2019\/05\/dp_programme_ete_2019-couv-1200x543.jpg\" alt=\"Dossier de presse \u00e9t\u00e9 2019\" class=\"wp-image-2834\" srcset=\"https:\/\/www.tourisme-valdemarne.com\/espace-pro\/wp-content\/uploads\/sites\/3\/2019\/05\/dp_programme_ete_2019-couv-1200x543.jpg 1200w, https:\/\/www.tourisme-valdemarne.com\/espace-pro\/wp-content\/uploads\/sites\/3\/2019\/05\/dp_programme_ete_2019-couv-600x271.jpg 600w, https:\/\/www.tourisme-valdemarne.com\/espace-pro\/wp-content\/uploads\/sites\/3\/2019\/05\/dp_programme_ete_2019-couv-900x407.jpg 900w, https:\/\/www.tourisme-valdemarne.com\/espace-pro\/wp-content\/uploads\/sites\/3\/2019\/05\/dp_programme_ete_2019-couv-380x172.jpg 380w, https:\/\/www.tourisme-valdemarne.com\/espace-pro\/wp-content\/uploads\/sites\/3\/2019\/05\/dp_programme_ete_2019-couv-200x90.jpg 200w, https:\/\/www.tourisme-valdemarne.com\/espace-pro\/wp-content\/uploads\/sites\/3\/2019\/05\/dp_programme_ete_2019-couv.jpg 1488w\" sizes=\"(max-width: 1200px) 100vw, 1200px\" \/><\/a><\/figure>\n\n\n\n<div class=\"wp-block-button aligncenter is-style-download\"><a class=\"wp-block-button__link\" href=\"https:\/\/www.tourisme-valdemarne.com\/espace-pro\/wp-content\/uploads\/sites\/3\/2019\/05\/dp_programme_ete_2019_bd.pdf\">T\u00e9l\u00e9charger le dossier de presse de l&rsquo;\u00e9t\u00e9 2019<\/a><\/div>\n","protected":false},"excerpt":{"rendered":"<p>COMMUNIQUE DE PRESSE Tout le programme des visites insolites, croisi\u00e8res, balades \u00e0 pied ou \u00e0 v\u00e9lo&#8230; pour juin, juillet et ao\u00fbt 2019. NOUVEAU en 2019 : Les bords de Seine s\u2019animent cet \u00e9t\u00e9 en Val-de-Marne ! Val-de-Marne Tourisme &amp; Loisirs vous propose cet \u00e9t\u00e9 de nouvelles activit\u00e9s, croisi\u00e8res et randonn\u00e9es en bords de Seine. La [&hellip;]<\/p>\n","protected":false},"author":9,"featured_media":2840,"parent":2883,"menu_order":397,"comment_status":"closed","ping_status":"closed","template":"","meta":{"_relevanssi_hide_post":"","_relevanssi_hide_content":"","_relevanssi_pin_for_all":"","_relevanssi_pin_keywords":"","_relevanssi_unpin_keywords":"","_relevanssi_related_keywords":"","_relevanssi_related_include_ids":"","_relevanssi_related_exclude_ids":"","_relevanssi_related_no_append":"","_relevanssi_related_not_related":"","_relevanssi_related_posts":"","_relevanssi_noindex_reason":"","footnotes":""},"vdmTagMarketing":[],"class_list":["post-2822","page","type-page","status-publish","has-post-thumbnail","hentry"],"acf":[],"yoast_head":"<!-- This site is optimized with the Yoast SEO plugin v23.9 - https:\/\/yoast.com\/wordpress\/plugins\/seo\/ -->\n<title>Visites et balades de l&#039;\u00e9t\u00e9 2019 - Espace Pro<\/title>\n<meta name=\"robots\" content=\"index, follow, max-snippet:-1, max-image-preview:large, max-video-preview:-1\" \/>\n<link rel=\"canonical\" href=\"https:\/\/www.tourisme-valdemarne.com\/espace-pro\/presse\/actualites-et-communiques-de-presse\/communiques-de-presse-precedents\/visites-et-balades-de-lete-2019\/\" \/>\n<meta property=\"og:locale\" content=\"fr_FR\" \/>\n<meta property=\"og:type\" content=\"article\" \/>\n<meta property=\"og:title\" content=\"Visites et balades de l&#039;\u00e9t\u00e9 2019 - Espace Pro\" \/>\n<meta property=\"og:description\" content=\"COMMUNIQUE DE PRESSE Tout le programme des visites insolites, croisi\u00e8res, balades \u00e0 pied ou \u00e0 v\u00e9lo&#8230; pour juin, juillet et ao\u00fbt 2019. NOUVEAU en 2019 : Les bords de Seine s\u2019animent cet \u00e9t\u00e9 en Val-de-Marne ! Val-de-Marne Tourisme &amp; Loisirs vous propose cet \u00e9t\u00e9 de nouvelles activit\u00e9s, croisi\u00e8res et randonn\u00e9es en bords de Seine. La [&hellip;]\" \/>\n<meta property=\"og:url\" content=\"https:\/\/www.tourisme-valdemarne.com\/espace-pro\/presse\/actualites-et-communiques-de-presse\/communiques-de-presse-precedents\/visites-et-balades-de-lete-2019\/\" \/>\n<meta property=\"og:site_name\" content=\"Espace Pro\" \/>\n<meta property=\"article:modified_time\" content=\"2021-10-26T09:49:48+00:00\" \/>\n<meta property=\"og:image\" content=\"https:\/\/www.tourisme-valdemarne.com\/espace-pro\/wp-content\/uploads\/sites\/3\/2019\/05\/catalante_marne_cp_photoinfographe.jpg\" \/>\n\t<meta property=\"og:image:width\" content=\"1600\" \/>\n\t<meta property=\"og:image:height\" content=\"900\" \/>\n\t<meta property=\"og:image:type\" content=\"image\/jpeg\" \/>\n<meta name=\"twitter:card\" content=\"summary_large_image\" \/>\n<meta name=\"twitter:label1\" content=\"Dur\u00e9e de lecture estim\u00e9e\" \/>\n\t<meta name=\"twitter:data1\" content=\"1 minute\" \/>\n<script type=\"application\/ld+json\" class=\"yoast-schema-graph\">{\"@context\":\"https:\/\/schema.org\",\"@graph\":[{\"@type\":\"WebPage\",\"@id\":\"https:\/\/www.tourisme-valdemarne.com\/espace-pro\/presse\/actualites-et-communiques-de-presse\/communiques-de-presse-precedents\/visites-et-balades-de-lete-2019\/\",\"url\":\"https:\/\/www.tourisme-valdemarne.com\/espace-pro\/presse\/actualites-et-communiques-de-presse\/communiques-de-presse-precedents\/visites-et-balades-de-lete-2019\/\",\"name\":\"Visites et balades de l'\u00e9t\u00e9 2019 - Espace Pro\",\"isPartOf\":{\"@id\":\"https:\/\/www.tourisme-valdemarne.com\/espace-pro\/#website\"},\"primaryImageOfPage\":{\"@id\":\"https:\/\/www.tourisme-valdemarne.com\/espace-pro\/presse\/actualites-et-communiques-de-presse\/communiques-de-presse-precedents\/visites-et-balades-de-lete-2019\/#primaryimage\"},\"image\":{\"@id\":\"https:\/\/www.tourisme-valdemarne.com\/espace-pro\/presse\/actualites-et-communiques-de-presse\/communiques-de-presse-precedents\/visites-et-balades-de-lete-2019\/#primaryimage\"},\"thumbnailUrl\":\"https:\/\/www.tourisme-valdemarne.com\/espace-pro\/wp-content\/uploads\/sites\/3\/2019\/05\/catalante_marne_cp_photoinfographe.jpg\",\"datePublished\":\"2019-05-28T09:25:58+00:00\",\"dateModified\":\"2021-10-26T09:49:48+00:00\",\"breadcrumb\":{\"@id\":\"https:\/\/www.tourisme-valdemarne.com\/espace-pro\/presse\/actualites-et-communiques-de-presse\/communiques-de-presse-precedents\/visites-et-balades-de-lete-2019\/#breadcrumb\"},\"inLanguage\":\"fr-FR\",\"potentialAction\":[{\"@type\":\"ReadAction\",\"target\":[\"https:\/\/www.tourisme-valdemarne.com\/espace-pro\/presse\/actualites-et-communiques-de-presse\/communiques-de-presse-precedents\/visites-et-balades-de-lete-2019\/\"]}]},{\"@type\":\"ImageObject\",\"inLanguage\":\"fr-FR\",\"@id\":\"https:\/\/www.tourisme-valdemarne.com\/espace-pro\/presse\/actualites-et-communiques-de-presse\/communiques-de-presse-precedents\/visites-et-balades-de-lete-2019\/#primaryimage\",\"url\":\"https:\/\/www.tourisme-valdemarne.com\/espace-pro\/wp-content\/uploads\/sites\/3\/2019\/05\/catalante_marne_cp_photoinfographe.jpg\",\"contentUrl\":\"https:\/\/www.tourisme-valdemarne.com\/espace-pro\/wp-content\/uploads\/sites\/3\/2019\/05\/catalante_marne_cp_photoinfographe.jpg\",\"width\":1600,\"height\":900,\"caption\":\"Au Fil de l'Eau\"},{\"@type\":\"BreadcrumbList\",\"@id\":\"https:\/\/www.tourisme-valdemarne.com\/espace-pro\/presse\/actualites-et-communiques-de-presse\/communiques-de-presse-precedents\/visites-et-balades-de-lete-2019\/#breadcrumb\",\"itemListElement\":[{\"@type\":\"ListItem\",\"position\":1,\"name\":\"Accueil\",\"item\":\"https:\/\/www.tourisme-valdemarne.com\/espace-pro\/\"},{\"@type\":\"ListItem\",\"position\":2,\"name\":\"Presse\",\"item\":\"https:\/\/www.tourisme-valdemarne.com\/espace-pro\/presse\/\"},{\"@type\":\"ListItem\",\"position\":3,\"name\":\"Actualit\u00e9s et communiqu\u00e9s de presse\",\"item\":\"https:\/\/www.tourisme-valdemarne.com\/espace-pro\/presse\/actualites-et-communiques-de-presse\/\"},{\"@type\":\"ListItem\",\"position\":4,\"name\":\"Communiqu\u00e9s de presse pr\u00e9c\u00e9dents\",\"item\":\"https:\/\/www.tourisme-valdemarne.com\/espace-pro\/presse\/actualites-et-communiques-de-presse\/communiques-de-presse-precedents\/\"},{\"@type\":\"ListItem\",\"position\":5,\"name\":\"Visites et balades de l&rsquo;\u00e9t\u00e9 2019\"}]},{\"@type\":\"WebSite\",\"@id\":\"https:\/\/www.tourisme-valdemarne.com\/espace-pro\/#website\",\"url\":\"https:\/\/www.tourisme-valdemarne.com\/espace-pro\/\",\"name\":\"Espace Pro\",\"description\":\"Informations et outils pour les professionnels et la Presse\",\"potentialAction\":[{\"@type\":\"SearchAction\",\"target\":{\"@type\":\"EntryPoint\",\"urlTemplate\":\"https:\/\/www.tourisme-valdemarne.com\/espace-pro\/?s={search_term_string}\"},\"query-input\":{\"@type\":\"PropertyValueSpecification\",\"valueRequired\":true,\"valueName\":\"search_term_string\"}}],\"inLanguage\":\"fr-FR\"}]}<\/script>\n<!-- \/ Yoast SEO plugin. -->","yoast_head_json":{"title":"Visites et balades de l'\u00e9t\u00e9 2019 - Espace Pro","robots":{"index":"index","follow":"follow","max-snippet":"max-snippet:-1","max-image-preview":"max-image-preview:large","max-video-preview":"max-video-preview:-1"},"canonical":"https:\/\/www.tourisme-valdemarne.com\/espace-pro\/presse\/actualites-et-communiques-de-presse\/communiques-de-presse-precedents\/visites-et-balades-de-lete-2019\/","og_locale":"fr_FR","og_type":"article","og_title":"Visites et balades de l'\u00e9t\u00e9 2019 - Espace Pro","og_description":"COMMUNIQUE DE PRESSE Tout le programme des visites insolites, croisi\u00e8res, balades \u00e0 pied ou \u00e0 v\u00e9lo&#8230; pour juin, juillet et ao\u00fbt 2019. NOUVEAU en 2019 : Les bords de Seine s\u2019animent cet \u00e9t\u00e9 en Val-de-Marne ! Val-de-Marne Tourisme &amp; Loisirs vous propose cet \u00e9t\u00e9 de nouvelles activit\u00e9s, croisi\u00e8res et randonn\u00e9es en bords de Seine. La [&hellip;]","og_url":"https:\/\/www.tourisme-valdemarne.com\/espace-pro\/presse\/actualites-et-communiques-de-presse\/communiques-de-presse-precedents\/visites-et-balades-de-lete-2019\/","og_site_name":"Espace Pro","article_modified_time":"2021-10-26T09:49:48+00:00","og_image":[{"width":1600,"height":900,"url":"https:\/\/www.tourisme-valdemarne.com\/espace-pro\/wp-content\/uploads\/sites\/3\/2019\/05\/catalante_marne_cp_photoinfographe.jpg","type":"image\/jpeg"}],"twitter_card":"summary_large_image","twitter_misc":{"Dur\u00e9e de lecture estim\u00e9e":"1 minute"},"schema":{"@context":"https:\/\/schema.org","@graph":[{"@type":"WebPage","@id":"https:\/\/www.tourisme-valdemarne.com\/espace-pro\/presse\/actualites-et-communiques-de-presse\/communiques-de-presse-precedents\/visites-et-balades-de-lete-2019\/","url":"https:\/\/www.tourisme-valdemarne.com\/espace-pro\/presse\/actualites-et-communiques-de-presse\/communiques-de-presse-precedents\/visites-et-balades-de-lete-2019\/","name":"Visites et balades de l'\u00e9t\u00e9 2019 - Espace Pro","isPartOf":{"@id":"https:\/\/www.tourisme-valdemarne.com\/espace-pro\/#website"},"primaryImageOfPage":{"@id":"https:\/\/www.tourisme-valdemarne.com\/espace-pro\/presse\/actualites-et-communiques-de-presse\/communiques-de-presse-precedents\/visites-et-balades-de-lete-2019\/#primaryimage"},"image":{"@id":"https:\/\/www.tourisme-valdemarne.com\/espace-pro\/presse\/actualites-et-communiques-de-presse\/communiques-de-presse-precedents\/visites-et-balades-de-lete-2019\/#primaryimage"},"thumbnailUrl":"https:\/\/www.tourisme-valdemarne.com\/espace-pro\/wp-content\/uploads\/sites\/3\/2019\/05\/catalante_marne_cp_photoinfographe.jpg","datePublished":"2019-05-28T09:25:58+00:00","dateModified":"2021-10-26T09:49:48+00:00","breadcrumb":{"@id":"https:\/\/www.tourisme-valdemarne.com\/espace-pro\/presse\/actualites-et-communiques-de-presse\/communiques-de-presse-precedents\/visites-et-balades-de-lete-2019\/#breadcrumb"},"inLanguage":"fr-FR","potentialAction":[{"@type":"ReadAction","target":["https:\/\/www.tourisme-valdemarne.com\/espace-pro\/presse\/actualites-et-communiques-de-presse\/communiques-de-presse-precedents\/visites-et-balades-de-lete-2019\/"]}]},{"@type":"ImageObject","inLanguage":"fr-FR","@id":"https:\/\/www.tourisme-valdemarne.com\/espace-pro\/presse\/actualites-et-communiques-de-presse\/communiques-de-presse-precedents\/visites-et-balades-de-lete-2019\/#primaryimage","url":"https:\/\/www.tourisme-valdemarne.com\/espace-pro\/wp-content\/uploads\/sites\/3\/2019\/05\/catalante_marne_cp_photoinfographe.jpg","contentUrl":"https:\/\/www.tourisme-valdemarne.com\/espace-pro\/wp-content\/uploads\/sites\/3\/2019\/05\/catalante_marne_cp_photoinfographe.jpg","width":1600,"height":900,"caption":"Au Fil de l'Eau"},{"@type":"BreadcrumbList","@id":"https:\/\/www.tourisme-valdemarne.com\/espace-pro\/presse\/actualites-et-communiques-de-presse\/communiques-de-presse-precedents\/visites-et-balades-de-lete-2019\/#breadcrumb","itemListElement":[{"@type":"ListItem","position":1,"name":"Accueil","item":"https:\/\/www.tourisme-valdemarne.com\/espace-pro\/"},{"@type":"ListItem","position":2,"name":"Presse","item":"https:\/\/www.tourisme-valdemarne.com\/espace-pro\/presse\/"},{"@type":"ListItem","position":3,"name":"Actualit\u00e9s et communiqu\u00e9s de presse","item":"https:\/\/www.tourisme-valdemarne.com\/espace-pro\/presse\/actualites-et-communiques-de-presse\/"},{"@type":"ListItem","position":4,"name":"Communiqu\u00e9s de presse pr\u00e9c\u00e9dents","item":"https:\/\/www.tourisme-valdemarne.com\/espace-pro\/presse\/actualites-et-communiques-de-presse\/communiques-de-presse-precedents\/"},{"@type":"ListItem","position":5,"name":"Visites et balades de l&rsquo;\u00e9t\u00e9 2019"}]},{"@type":"WebSite","@id":"https:\/\/www.tourisme-valdemarne.com\/espace-pro\/#website","url":"https:\/\/www.tourisme-valdemarne.com\/espace-pro\/","name":"Espace Pro","description":"Informations et outils pour les professionnels et la Presse","potentialAction":[{"@type":"SearchAction","target":{"@type":"EntryPoint","urlTemplate":"https:\/\/www.tourisme-valdemarne.com\/espace-pro\/?s={search_term_string}"},"query-input":{"@type":"PropertyValueSpecification","valueRequired":true,"valueName":"search_term_string"}}],"inLanguage":"fr-FR"}]}},"_links":{"self":[{"href":"https:\/\/www.tourisme-valdemarne.com\/espace-pro\/wp-json\/wp\/v2\/pages\/2822","targetHints":{"allow":["GET"]}}],"collection":[{"href":"https:\/\/www.tourisme-valdemarne.com\/espace-pro\/wp-json\/wp\/v2\/pages"}],"about":[{"href":"https:\/\/www.tourisme-valdemarne.com\/espace-pro\/wp-json\/wp\/v2\/types\/page"}],"author":[{"embeddable":true,"href":"https:\/\/www.tourisme-valdemarne.com\/espace-pro\/wp-json\/wp\/v2\/users\/9"}],"replies":[{"embeddable":true,"href":"https:\/\/www.tourisme-valdemarne.com\/espace-pro\/wp-json\/wp\/v2\/comments?post=2822"}],"version-history":[{"count":11,"href":"https:\/\/www.tourisme-valdemarne.com\/espace-pro\/wp-json\/wp\/v2\/pages\/2822\/revisions"}],"predecessor-version":[{"id":3154,"href":"https:\/\/www.tourisme-valdemarne.com\/espace-pro\/wp-json\/wp\/v2\/pages\/2822\/revisions\/3154"}],"up":[{"embeddable":true,"href":"https:\/\/www.tourisme-valdemarne.com\/espace-pro\/wp-json\/wp\/v2\/pages\/2883"}],"wp:featuredmedia":[{"embeddable":true,"href":"https:\/\/www.tourisme-valdemarne.com\/espace-pro\/wp-json\/wp\/v2\/media\/2840"}],"wp:attachment":[{"href":"https:\/\/www.tourisme-valdemarne.com\/espace-pro\/wp-json\/wp\/v2\/media?parent=2822"}],"wp:term":[{"taxonomy":"vdmTagMarketing","embeddable":true,"href":"https:\/\/www.tourisme-valdemarne.com\/espace-pro\/wp-json\/wp\/v2\/vdmTagMarketing?post=2822"}],"curies":[{"name":"wp","href":"https:\/\/api.w.org\/{rel}","templated":true}]}}