{"id":27785,"date":"2024-09-02T13:45:43","date_gmt":"2024-09-02T11:45:43","guid":{"rendered":"https:\/\/www.tourisme-valdemarne.com\/espace-pro\/?page_id=27785"},"modified":"2025-04-22T16:46:32","modified_gmt":"2025-04-22T14:46:32","slug":"appel-a-manifestation-dinteret-ami-les-echappees-vegetales","status":"publish","type":"page","link":"https:\/\/www.tourisme-valdemarne.com\/espace-pro\/expertises-et-projets\/appel-a-manifestation-dinteret-ami-les-echappees-vegetales\/","title":{"rendered":"Appel \u00e0 Manifestation d\u2019Int\u00e9r\u00eat (AMI) \u2013 \u00ab Les \u00c9chapp\u00e9es V\u00e9g\u00e9tales \u00bb"},"content":{"rendered":"\n<figure class=\"wp-block-image size-full\"><img width=\"1080\" height=\"1080\" data-src=\"https:\/\/www.tourisme-valdemarne.com\/espace-pro\/wp-content\/uploads\/sites\/3\/2024\/09\/visuel-ami_vf.png\" alt=\"\" class=\"wp-image-27786\" srcset=\"https:\/\/www.tourisme-valdemarne.com\/espace-pro\/wp-content\/uploads\/sites\/3\/2024\/09\/visuel-ami_vf.png 1080w, https:\/\/www.tourisme-valdemarne.com\/espace-pro\/wp-content\/uploads\/sites\/3\/2024\/09\/visuel-ami_vf-600x600.png 600w, https:\/\/www.tourisme-valdemarne.com\/espace-pro\/wp-content\/uploads\/sites\/3\/2024\/09\/visuel-ami_vf-380x380.png 380w, https:\/\/www.tourisme-valdemarne.com\/espace-pro\/wp-content\/uploads\/sites\/3\/2024\/09\/visuel-ami_vf-900x900.png 900w, https:\/\/www.tourisme-valdemarne.com\/espace-pro\/wp-content\/uploads\/sites\/3\/2024\/09\/visuel-ami_vf-150x150.png 150w, https:\/\/www.tourisme-valdemarne.com\/espace-pro\/wp-content\/uploads\/sites\/3\/2024\/09\/visuel-ami_vf-200x200.png 200w, https:\/\/www.tourisme-valdemarne.com\/espace-pro\/wp-content\/uploads\/sites\/3\/2024\/09\/visuel-ami_vf-24x24.png 24w, https:\/\/www.tourisme-valdemarne.com\/espace-pro\/wp-content\/uploads\/sites\/3\/2024\/09\/visuel-ami_vf-48x48.png 48w, https:\/\/www.tourisme-valdemarne.com\/espace-pro\/wp-content\/uploads\/sites\/3\/2024\/09\/visuel-ami_vf-96x96.png 96w, https:\/\/www.tourisme-valdemarne.com\/espace-pro\/wp-content\/uploads\/sites\/3\/2024\/09\/visuel-ami_vf-300x300.png 300w\" sizes=\"(max-width: 1080px) 100vw, 1080px\" \/><\/figure>\n\n\n\n<p>Associations actives en \u00cele-de-France, <strong>soumettez vos propositions d\u2019animations pour accompagner une plantation citoyenne sur la V\u00e9g\u00e9tale<\/strong>, \u00e0 Villecresnes (94), le samedi 23 novembre 2024 apr\u00e8s-midi !<\/p>\n\n\n\n<h2 class=\"wp-block-heading\">Contexte et objectif de l&rsquo;AMI<\/h2>\n\n\n\n<p>L&rsquo;Appel \u00e0 Manifestation d\u2019Int\u00e9r\u00eat (AMI) \u00ab Les \u00c9chapp\u00e9es V\u00e9g\u00e9tales \u00bb est lanc\u00e9 pour <strong>mobiliser les associations actives en \u00cele-de-France autour d\u2019une plantation citoyenne<\/strong>. Cet \u00e9v\u00e9nement s\u2019inscrit dans le cadre des plans r\u00e9gional et d\u00e9partemental de lutte contre le changement climatique, mettant l\u2019accent sur<strong> la plantation d\u2019arbres comme une action cl\u00e9<\/strong>. L\u2019objectif de cet AMI est de <strong>cr\u00e9er un \u00e9v\u00e9nement rassembleur<\/strong> qui sensibilise le public \u00e0 la protection de l\u2019environnement et encourage la participation citoyenne.<\/p>\n\n\n\n<h2 class=\"wp-block-heading\">Qui peut participer ?<\/h2>\n\n\n\n<p><strong>Toutes les associations ayant une activit\u00e9 en \u00cele-de-France et un int\u00e9r\u00eat pour les th\u00e8mes de la nature<\/strong>, de la pr\u00e9servation de la biodiversit\u00e9 et du changement climatique sont invit\u00e9es \u00e0 participer. Les associations doivent \u00eatre pr\u00eates \u00e0 proposer des animations et des activit\u00e9s qui enrichiront l\u2019\u00e9v\u00e9nement et mobiliseront le public autour de la cause environnementale.<\/p>\n\n\n\n<h2 class=\"wp-block-heading\">D\u00e9tails de l&rsquo;\u00e9v\u00e9nement<\/h2>\n\n\n\n<h3 class=\"wp-block-heading\">Date et lieu<\/h3>\n\n\n\n<p>La plantation citoyenne aura lieu le <strong>samedi 23 novembre 2024, dans l\u2019apr\u00e8s-midi, \u00e0 Villecresnes (94)<\/strong>. Les associations s\u00e9lectionn\u00e9es pour participer \u00e0 l\u2019\u00e9v\u00e9nement proposeront leurs animations sur le site de la V\u00e9g\u00e9tale.<\/p>\n\n\n\n<h3 class=\"wp-block-heading\">Historique de l&rsquo;initiative<\/h3>\n\n\n\n<p>Cet AMI fait suite \u00e0 l\u2019appel \u00e0 projets \u00ab Animons la V\u00e9g\u00e9tale! \u00bb, qui a d\u00e9j\u00e0 permis de mobiliser de nombreuses associations autour de projets environnementaux. <strong>\u00ab Les \u00c9chapp\u00e9es V\u00e9g\u00e9tales \u00bb est le premier AMI de cette envergure et vise \u00e0 tester ce nouveau format pour l&rsquo;organisation future de grands \u00e9v\u00e9nements sur la V\u00e9g\u00e9tale<\/strong>, tels que des randonn\u00e9es, bivouacs, festivals artistiques et culturels, et stages de survie. Cette initiative s&rsquo;inscrit dans une strat\u00e9gie plus large de lutte contre le changement climatique, en impliquant activement les communaut\u00e9s locales dans des actions concr\u00e8tes et durables.<\/p>\n\n\n\n<h2 class=\"wp-block-heading\">Comment candidater ?<\/h2>\n\n\n\n<h3 class=\"wp-block-heading\">Consultation des documents n\u00e9cessaires<\/h3>\n\n\n\n<p>Pour participer \u00e0 l&rsquo;Appel \u00e0 Manifestation d\u2019Int\u00e9r\u00eat (AMI) \u00ab Les \u00c9chapp\u00e9es V\u00e9g\u00e9tales \u00bb, il est essentiel de consulter les documents suivants :<\/p>\n\n\n\n<ul class=\"wp-block-list\">\n<li><strong>Annexe 1<\/strong> : <strong>Cahier des charges<\/strong><\/li>\n\n\n\n<li><strong>Annexe 2 : Charte de la\u00efcit\u00e9<\/strong><\/li>\n\n\n\n<li><strong>Annexe 3 : Tableau budg\u00e9taire<\/strong><\/li>\n<\/ul>\n\n\n\n<p>Ces documents contiennent des informations importantes sur les crit\u00e8res de participation et les exigences budg\u00e9taires.<\/p>\n\n\n\n<h3 class=\"wp-block-heading\">Proc\u00e9dure de soumission<\/h3>\n\n\n\n<p>Pour soumettre votre candidature, veuillez remplir le formulaire en ligne disponible \u00e0 l&rsquo;adresse indiqu\u00e9e. Assurez-vous de fournir toutes les informations demand\u00e9es et de d\u00e9tailler les animations que vous proposez pour l\u2019\u00e9v\u00e9nement. Une fois le formulaire compl\u00e9t\u00e9, vous devrez le soumettre avant la date limite.<\/p>\n\n\n\n<h3 class=\"wp-block-heading\">Date limite de d\u00e9p\u00f4t des candidatures<\/h3>\n\n\n\n<p>La date limite de d\u00e9p\u00f4t des candidatures est fix\u00e9e au <strong>lundi 23 septembre \u00e0 12h<\/strong>. Les candidatures re\u00e7ues apr\u00e8s cette date ne seront pas prises en compte. Nous vous encourageons \u00e0 soumettre vos propositions le plus t\u00f4t possible pour garantir leur prise en consid\u00e9ration.<\/p>\n","protected":false},"excerpt":{"rendered":"<p>Associations actives en \u00cele-de-France, soumettez vos propositions d\u2019animations pour accompagner une plantation citoyenne sur la V\u00e9g\u00e9tale, \u00e0 Villecresnes (94), le samedi 23 novembre 2024 apr\u00e8s-midi ! Contexte et objectif de l&rsquo;AMI L&rsquo;Appel \u00e0 Manifestation d\u2019Int\u00e9r\u00eat (AMI) \u00ab Les \u00c9chapp\u00e9es V\u00e9g\u00e9tales \u00bb est lanc\u00e9 pour mobiliser les associations actives en \u00cele-de-France autour d\u2019une plantation citoyenne. Cet [&hellip;]<\/p>\n","protected":false},"author":19,"featured_media":27788,"parent":11,"menu_order":0,"comment_status":"closed","ping_status":"closed","template":"","meta":{"_relevanssi_hide_post":"","_relevanssi_hide_content":"","_relevanssi_pin_for_all":"","_relevanssi_pin_keywords":"","_relevanssi_unpin_keywords":"","_relevanssi_related_keywords":"","_relevanssi_related_include_ids":"","_relevanssi_related_exclude_ids":"","_relevanssi_related_no_append":"","_relevanssi_related_not_related":"","_relevanssi_related_posts":"8108,8074,2749,2751,8077,27392","_relevanssi_noindex_reason":"","footnotes":""},"vdmTagMarketing":[],"class_list":["post-27785","page","type-page","status-publish","has-post-thumbnail","hentry"],"acf":[],"yoast_head":"<!-- This site is optimized with the Yoast SEO plugin v23.9 - https:\/\/yoast.com\/wordpress\/plugins\/seo\/ -->\n<title>Appel \u00e0 Manifestation d\u2019Int\u00e9r\u00eat (AMI) \u2013 \u00ab Les \u00c9chapp\u00e9es V\u00e9g\u00e9tales \u00bb - Espace Pro<\/title>\n<meta name=\"robots\" content=\"index, follow, max-snippet:-1, max-image-preview:large, max-video-preview:-1\" \/>\n<link rel=\"canonical\" href=\"https:\/\/www.tourisme-valdemarne.com\/espace-pro\/expertises-et-projets\/appel-a-manifestation-dinteret-ami-les-echappees-vegetales\/\" \/>\n<meta property=\"og:locale\" content=\"fr_FR\" \/>\n<meta property=\"og:type\" content=\"article\" \/>\n<meta property=\"og:title\" content=\"Appel \u00e0 Manifestation d\u2019Int\u00e9r\u00eat (AMI) \u2013 \u00ab Les \u00c9chapp\u00e9es V\u00e9g\u00e9tales \u00bb - Espace Pro\" \/>\n<meta property=\"og:description\" content=\"Associations actives en \u00cele-de-France, soumettez vos propositions d\u2019animations pour accompagner une plantation citoyenne sur la V\u00e9g\u00e9tale, \u00e0 Villecresnes (94), le samedi 23 novembre 2024 apr\u00e8s-midi ! Contexte et objectif de l&rsquo;AMI L&rsquo;Appel \u00e0 Manifestation d\u2019Int\u00e9r\u00eat (AMI) \u00ab Les \u00c9chapp\u00e9es V\u00e9g\u00e9tales \u00bb est lanc\u00e9 pour mobiliser les associations actives en \u00cele-de-France autour d\u2019une plantation citoyenne. Cet [&hellip;]\" \/>\n<meta property=\"og:url\" content=\"https:\/\/www.tourisme-valdemarne.com\/espace-pro\/expertises-et-projets\/appel-a-manifestation-dinteret-ami-les-echappees-vegetales\/\" \/>\n<meta property=\"og:site_name\" content=\"Espace Pro\" \/>\n<meta property=\"article:modified_time\" content=\"2025-04-22T14:46:32+00:00\" \/>\n<meta property=\"og:image\" content=\"https:\/\/www.tourisme-valdemarne.com\/espace-pro\/wp-content\/uploads\/sites\/3\/2024\/09\/visuel-ami_storie.png\" \/>\n\t<meta property=\"og:image:width\" content=\"1080\" \/>\n\t<meta property=\"og:image:height\" content=\"1920\" \/>\n\t<meta property=\"og:image:type\" content=\"image\/png\" \/>\n<meta name=\"twitter:card\" content=\"summary_large_image\" \/>\n<meta name=\"twitter:label1\" content=\"Dur\u00e9e de lecture estim\u00e9e\" \/>\n\t<meta name=\"twitter:data1\" content=\"3 minutes\" \/>\n<script type=\"application\/ld+json\" class=\"yoast-schema-graph\">{\"@context\":\"https:\/\/schema.org\",\"@graph\":[{\"@type\":\"WebPage\",\"@id\":\"https:\/\/www.tourisme-valdemarne.com\/espace-pro\/expertises-et-projets\/appel-a-manifestation-dinteret-ami-les-echappees-vegetales\/\",\"url\":\"https:\/\/www.tourisme-valdemarne.com\/espace-pro\/expertises-et-projets\/appel-a-manifestation-dinteret-ami-les-echappees-vegetales\/\",\"name\":\"Appel \u00e0 Manifestation d\u2019Int\u00e9r\u00eat (AMI) \u2013 \u00ab Les \u00c9chapp\u00e9es V\u00e9g\u00e9tales \u00bb - Espace Pro\",\"isPartOf\":{\"@id\":\"https:\/\/www.tourisme-valdemarne.com\/espace-pro\/#website\"},\"primaryImageOfPage\":{\"@id\":\"https:\/\/www.tourisme-valdemarne.com\/espace-pro\/expertises-et-projets\/appel-a-manifestation-dinteret-ami-les-echappees-vegetales\/#primaryimage\"},\"image\":{\"@id\":\"https:\/\/www.tourisme-valdemarne.com\/espace-pro\/expertises-et-projets\/appel-a-manifestation-dinteret-ami-les-echappees-vegetales\/#primaryimage\"},\"thumbnailUrl\":\"https:\/\/www.tourisme-valdemarne.com\/espace-pro\/wp-content\/uploads\/sites\/3\/2024\/09\/visuel-ami_storie.png\",\"datePublished\":\"2024-09-02T11:45:43+00:00\",\"dateModified\":\"2025-04-22T14:46:32+00:00\",\"breadcrumb\":{\"@id\":\"https:\/\/www.tourisme-valdemarne.com\/espace-pro\/expertises-et-projets\/appel-a-manifestation-dinteret-ami-les-echappees-vegetales\/#breadcrumb\"},\"inLanguage\":\"fr-FR\",\"potentialAction\":[{\"@type\":\"ReadAction\",\"target\":[\"https:\/\/www.tourisme-valdemarne.com\/espace-pro\/expertises-et-projets\/appel-a-manifestation-dinteret-ami-les-echappees-vegetales\/\"]}]},{\"@type\":\"ImageObject\",\"inLanguage\":\"fr-FR\",\"@id\":\"https:\/\/www.tourisme-valdemarne.com\/espace-pro\/expertises-et-projets\/appel-a-manifestation-dinteret-ami-les-echappees-vegetales\/#primaryimage\",\"url\":\"https:\/\/www.tourisme-valdemarne.com\/espace-pro\/wp-content\/uploads\/sites\/3\/2024\/09\/visuel-ami_storie.png\",\"contentUrl\":\"https:\/\/www.tourisme-valdemarne.com\/espace-pro\/wp-content\/uploads\/sites\/3\/2024\/09\/visuel-ami_storie.png\",\"width\":1080,\"height\":1920},{\"@type\":\"BreadcrumbList\",\"@id\":\"https:\/\/www.tourisme-valdemarne.com\/espace-pro\/expertises-et-projets\/appel-a-manifestation-dinteret-ami-les-echappees-vegetales\/#breadcrumb\",\"itemListElement\":[{\"@type\":\"ListItem\",\"position\":1,\"name\":\"Accueil\",\"item\":\"https:\/\/www.tourisme-valdemarne.com\/espace-pro\/\"},{\"@type\":\"ListItem\",\"position\":2,\"name\":\"Expertises et projets\",\"item\":\"https:\/\/www.tourisme-valdemarne.com\/espace-pro\/expertises-et-projets\/\"},{\"@type\":\"ListItem\",\"position\":3,\"name\":\"Appel \u00e0 Manifestation d\u2019Int\u00e9r\u00eat (AMI) \u2013 \u00ab Les \u00c9chapp\u00e9es V\u00e9g\u00e9tales \u00bb\"}]},{\"@type\":\"WebSite\",\"@id\":\"https:\/\/www.tourisme-valdemarne.com\/espace-pro\/#website\",\"url\":\"https:\/\/www.tourisme-valdemarne.com\/espace-pro\/\",\"name\":\"Espace Pro\",\"description\":\"Informations et outils pour les professionnels et la Presse\",\"potentialAction\":[{\"@type\":\"SearchAction\",\"target\":{\"@type\":\"EntryPoint\",\"urlTemplate\":\"https:\/\/www.tourisme-valdemarne.com\/espace-pro\/?s={search_term_string}\"},\"query-input\":{\"@type\":\"PropertyValueSpecification\",\"valueRequired\":true,\"valueName\":\"search_term_string\"}}],\"inLanguage\":\"fr-FR\"}]}<\/script>\n<!-- \/ Yoast SEO plugin. -->","yoast_head_json":{"title":"Appel \u00e0 Manifestation d\u2019Int\u00e9r\u00eat (AMI) \u2013 \u00ab Les \u00c9chapp\u00e9es V\u00e9g\u00e9tales \u00bb - Espace Pro","robots":{"index":"index","follow":"follow","max-snippet":"max-snippet:-1","max-image-preview":"max-image-preview:large","max-video-preview":"max-video-preview:-1"},"canonical":"https:\/\/www.tourisme-valdemarne.com\/espace-pro\/expertises-et-projets\/appel-a-manifestation-dinteret-ami-les-echappees-vegetales\/","og_locale":"fr_FR","og_type":"article","og_title":"Appel \u00e0 Manifestation d\u2019Int\u00e9r\u00eat (AMI) \u2013 \u00ab Les \u00c9chapp\u00e9es V\u00e9g\u00e9tales \u00bb - Espace Pro","og_description":"Associations actives en \u00cele-de-France, soumettez vos propositions d\u2019animations pour accompagner une plantation citoyenne sur la V\u00e9g\u00e9tale, \u00e0 Villecresnes (94), le samedi 23 novembre 2024 apr\u00e8s-midi ! Contexte et objectif de l&rsquo;AMI L&rsquo;Appel \u00e0 Manifestation d\u2019Int\u00e9r\u00eat (AMI) \u00ab Les \u00c9chapp\u00e9es V\u00e9g\u00e9tales \u00bb est lanc\u00e9 pour mobiliser les associations actives en \u00cele-de-France autour d\u2019une plantation citoyenne. Cet [&hellip;]","og_url":"https:\/\/www.tourisme-valdemarne.com\/espace-pro\/expertises-et-projets\/appel-a-manifestation-dinteret-ami-les-echappees-vegetales\/","og_site_name":"Espace Pro","article_modified_time":"2025-04-22T14:46:32+00:00","og_image":[{"width":1080,"height":1920,"url":"https:\/\/www.tourisme-valdemarne.com\/espace-pro\/wp-content\/uploads\/sites\/3\/2024\/09\/visuel-ami_storie.png","type":"image\/png"}],"twitter_card":"summary_large_image","twitter_misc":{"Dur\u00e9e de lecture estim\u00e9e":"3 minutes"},"schema":{"@context":"https:\/\/schema.org","@graph":[{"@type":"WebPage","@id":"https:\/\/www.tourisme-valdemarne.com\/espace-pro\/expertises-et-projets\/appel-a-manifestation-dinteret-ami-les-echappees-vegetales\/","url":"https:\/\/www.tourisme-valdemarne.com\/espace-pro\/expertises-et-projets\/appel-a-manifestation-dinteret-ami-les-echappees-vegetales\/","name":"Appel \u00e0 Manifestation d\u2019Int\u00e9r\u00eat (AMI) \u2013 \u00ab Les \u00c9chapp\u00e9es V\u00e9g\u00e9tales \u00bb - Espace Pro","isPartOf":{"@id":"https:\/\/www.tourisme-valdemarne.com\/espace-pro\/#website"},"primaryImageOfPage":{"@id":"https:\/\/www.tourisme-valdemarne.com\/espace-pro\/expertises-et-projets\/appel-a-manifestation-dinteret-ami-les-echappees-vegetales\/#primaryimage"},"image":{"@id":"https:\/\/www.tourisme-valdemarne.com\/espace-pro\/expertises-et-projets\/appel-a-manifestation-dinteret-ami-les-echappees-vegetales\/#primaryimage"},"thumbnailUrl":"https:\/\/www.tourisme-valdemarne.com\/espace-pro\/wp-content\/uploads\/sites\/3\/2024\/09\/visuel-ami_storie.png","datePublished":"2024-09-02T11:45:43+00:00","dateModified":"2025-04-22T14:46:32+00:00","breadcrumb":{"@id":"https:\/\/www.tourisme-valdemarne.com\/espace-pro\/expertises-et-projets\/appel-a-manifestation-dinteret-ami-les-echappees-vegetales\/#breadcrumb"},"inLanguage":"fr-FR","potentialAction":[{"@type":"ReadAction","target":["https:\/\/www.tourisme-valdemarne.com\/espace-pro\/expertises-et-projets\/appel-a-manifestation-dinteret-ami-les-echappees-vegetales\/"]}]},{"@type":"ImageObject","inLanguage":"fr-FR","@id":"https:\/\/www.tourisme-valdemarne.com\/espace-pro\/expertises-et-projets\/appel-a-manifestation-dinteret-ami-les-echappees-vegetales\/#primaryimage","url":"https:\/\/www.tourisme-valdemarne.com\/espace-pro\/wp-content\/uploads\/sites\/3\/2024\/09\/visuel-ami_storie.png","contentUrl":"https:\/\/www.tourisme-valdemarne.com\/espace-pro\/wp-content\/uploads\/sites\/3\/2024\/09\/visuel-ami_storie.png","width":1080,"height":1920},{"@type":"BreadcrumbList","@id":"https:\/\/www.tourisme-valdemarne.com\/espace-pro\/expertises-et-projets\/appel-a-manifestation-dinteret-ami-les-echappees-vegetales\/#breadcrumb","itemListElement":[{"@type":"ListItem","position":1,"name":"Accueil","item":"https:\/\/www.tourisme-valdemarne.com\/espace-pro\/"},{"@type":"ListItem","position":2,"name":"Expertises et projets","item":"https:\/\/www.tourisme-valdemarne.com\/espace-pro\/expertises-et-projets\/"},{"@type":"ListItem","position":3,"name":"Appel \u00e0 Manifestation d\u2019Int\u00e9r\u00eat (AMI) \u2013 \u00ab Les \u00c9chapp\u00e9es V\u00e9g\u00e9tales \u00bb"}]},{"@type":"WebSite","@id":"https:\/\/www.tourisme-valdemarne.com\/espace-pro\/#website","url":"https:\/\/www.tourisme-valdemarne.com\/espace-pro\/","name":"Espace Pro","description":"Informations et outils pour les professionnels et la Presse","potentialAction":[{"@type":"SearchAction","target":{"@type":"EntryPoint","urlTemplate":"https:\/\/www.tourisme-valdemarne.com\/espace-pro\/?s={search_term_string}"},"query-input":{"@type":"PropertyValueSpecification","valueRequired":true,"valueName":"search_term_string"}}],"inLanguage":"fr-FR"}]}},"_links":{"self":[{"href":"https:\/\/www.tourisme-valdemarne.com\/espace-pro\/wp-json\/wp\/v2\/pages\/27785","targetHints":{"allow":["GET"]}}],"collection":[{"href":"https:\/\/www.tourisme-valdemarne.com\/espace-pro\/wp-json\/wp\/v2\/pages"}],"about":[{"href":"https:\/\/www.tourisme-valdemarne.com\/espace-pro\/wp-json\/wp\/v2\/types\/page"}],"author":[{"embeddable":true,"href":"https:\/\/www.tourisme-valdemarne.com\/espace-pro\/wp-json\/wp\/v2\/users\/19"}],"replies":[{"embeddable":true,"href":"https:\/\/www.tourisme-valdemarne.com\/espace-pro\/wp-json\/wp\/v2\/comments?post=27785"}],"version-history":[{"count":3,"href":"https:\/\/www.tourisme-valdemarne.com\/espace-pro\/wp-json\/wp\/v2\/pages\/27785\/revisions"}],"predecessor-version":[{"id":29149,"href":"https:\/\/www.tourisme-valdemarne.com\/espace-pro\/wp-json\/wp\/v2\/pages\/27785\/revisions\/29149"}],"up":[{"embeddable":true,"href":"https:\/\/www.tourisme-valdemarne.com\/espace-pro\/wp-json\/wp\/v2\/pages\/11"}],"wp:featuredmedia":[{"embeddable":true,"href":"https:\/\/www.tourisme-valdemarne.com\/espace-pro\/wp-json\/wp\/v2\/media\/27788"}],"wp:attachment":[{"href":"https:\/\/www.tourisme-valdemarne.com\/espace-pro\/wp-json\/wp\/v2\/media?parent=27785"}],"wp:term":[{"taxonomy":"vdmTagMarketing","embeddable":true,"href":"https:\/\/www.tourisme-valdemarne.com\/espace-pro\/wp-json\/wp\/v2\/vdmTagMarketing?post=27785"}],"curies":[{"name":"wp","href":"https:\/\/api.w.org\/{rel}","templated":true}]}}