{"id":2755,"date":"2019-05-27T16:33:43","date_gmt":"2019-05-27T14:33:43","guid":{"rendered":"https:\/\/www.tourisme-valdemarne.com\/espace-pro\/boutique-explore-paris"},"modified":"2025-11-13T16:12:50","modified_gmt":"2025-11-13T15:12:50","slug":"boutique-explore-paris","status":"publish","type":"page","link":"https:\/\/www.tourisme-valdemarne.com\/espace-pro\/outils-a-votre-service\/boutique-explore-paris\/","title":{"rendered":"Boutique Explore Paris"},"content":{"rendered":"\n<p class=\"is-style-excerpt\">ExploreParis.com est la 1\u00e8re boutique en ligne \u00e0 proposer des offres de visites et balades en fran\u00e7ais et en anglais sur l&rsquo;ensemble du Grand Paris.<\/p>\n\n\n<div class=\"wp-block-image\">\n<figure class=\"aligncenter size-full\"><a href=\"https:\/\/exploreparis.com\/fr\/\" target=\"_blank\" rel=\"noopener\"><img width=\"521\" height=\"148\" data-src=\"https:\/\/www.tourisme-valdemarne.com\/espace-pro\/wp-content\/uploads\/sites\/3\/2023\/01\/logo_exploreparis_rvb_comm.png\" alt=\"logo explore paris\" class=\"wp-image-14026\" srcset=\"https:\/\/www.tourisme-valdemarne.com\/espace-pro\/wp-content\/uploads\/sites\/3\/2023\/01\/logo_exploreparis_rvb_comm.png 521w, https:\/\/www.tourisme-valdemarne.com\/espace-pro\/wp-content\/uploads\/sites\/3\/2023\/01\/logo_exploreparis_rvb_comm-380x108.png 380w, https:\/\/www.tourisme-valdemarne.com\/espace-pro\/wp-content\/uploads\/sites\/3\/2023\/01\/logo_exploreparis_rvb_comm-200x57.png 200w\" sizes=\"(max-width: 521px) 100vw, 521px\" \/><\/a><\/figure><\/div>\n\n\n<h2 class=\"wp-block-heading\">Commercialiser vos visites avec ExploreParis<\/h2>\n\n\n\n<p>Explore Paris rassemble des centaines d\u2019exp\u00e9riences : visites guid\u00e9es, balades, croisi\u00e8res, ateliers, rencontres\u2026 <\/p>\n\n\n\n<p>Explore Paris a \u00e9t\u00e9 cr\u00e9\u00e9e dans le cadre du contrat de destination qui lie Paris je t\u2019aime \u2013 Office de tourisme, le d\u00e9partement des Hauts-de-Seine, Seine-Saint-Denis Tourisme, Val-de-Marne Tourisme et Loisirs, la M\u00e9tropole du Grand Paris, Choose Paris Region, Atout France, la RATP, Paris&amp;Co et l\u2019IREST. <\/p>\n\n\n\n<p>Chaque ann\u00e9e, ce sont plus de 75 000 visiteurs (Franciliens, Fran\u00e7ais et touristes \u00e9trangers) qui participent aux 8 000 exp\u00e9riences propos\u00e9es, anim\u00e9es par plus de 330 partenaires (guides, associations, artistes\u2026). La plateforme enregistre plus de 1,43 million de sessions en ligne par an et compte plus de 75 000 abonn\u00e9s \u00e0 sa newsletter hebdomadaire.<\/p>\n\n\n\n<p><strong>Notre boutique ExploreParis peut vous aider \u00e0 prendre les r\u00e9servations pour vos visites, balades ou \u00e9v\u00e8nements qu\u2019ils soient gratuits ou payants.<\/strong><\/p>\n\n\n\n<p><strong>Ce dispositif vous permettra \u00e9galement une meilleure visibilit\u00e9 de votre offre (newsletter, r\u00e9seaux sociaux, site web, presse\u2026).<\/strong><\/p>\n\n\n\n<p>T\u00e9l\u00e9chargez la <a href=\"https:\/\/www.tourisme-valdemarne.com\/espace-pro\/wp-content\/uploads\/sites\/3\/2024\/10\/exploreparis_plaquette_final_bd.pdf\" target=\"_blank\" rel=\"noreferrer noopener\">plaquette de pr\u00e9sentation #ExploreParis<\/a>.<\/p>\n\n\n\n<p><a href=\"https:\/\/exploreparis.com\/fr\/\" target=\"_blank\" rel=\"noreferrer noopener\">Visitez la boutique exploreparis.com<\/a><\/p>\n\n\n\n<p class=\"is-style-highlight\">Pour tout renseignement, vous pouvez <a href=\"mailto:&#118;isi&#116;e&#115;9&#52;&#64;to&#117;&#114;i&#115;me&#45;va&#108;dem&#97;&#114;&#110;e.co&#109;\" target=\"_blank\" rel=\"noreferrer noopener\" aria-label=\" (s\u2019ouvre dans un nouvel onglet)\">contacter le service des Visites<\/a>.<\/p>\n\n\n\n<figure class=\"wp-block-image size-large\"><img width=\"1200\" height=\"900\" data-src=\"https:\/\/www.tourisme-valdemarne.com\/espace-pro\/wp-content\/uploads\/sites\/3\/2023\/11\/exploreparis_decli_facebook_960x7202-1200x900.png\" alt=\"\" class=\"wp-image-16376\" srcset=\"https:\/\/www.tourisme-valdemarne.com\/espace-pro\/wp-content\/uploads\/sites\/3\/2023\/11\/exploreparis_decli_facebook_960x7202-1200x900.png 1200w, https:\/\/www.tourisme-valdemarne.com\/espace-pro\/wp-content\/uploads\/sites\/3\/2023\/11\/exploreparis_decli_facebook_960x7202-600x450.png 600w, https:\/\/www.tourisme-valdemarne.com\/espace-pro\/wp-content\/uploads\/sites\/3\/2023\/11\/exploreparis_decli_facebook_960x7202-900x675.png 900w, https:\/\/www.tourisme-valdemarne.com\/espace-pro\/wp-content\/uploads\/sites\/3\/2023\/11\/exploreparis_decli_facebook_960x7202-1536x1152.png 1536w, https:\/\/www.tourisme-valdemarne.com\/espace-pro\/wp-content\/uploads\/sites\/3\/2023\/11\/exploreparis_decli_facebook_960x7202-380x285.png 380w, https:\/\/www.tourisme-valdemarne.com\/espace-pro\/wp-content\/uploads\/sites\/3\/2023\/11\/exploreparis_decli_facebook_960x7202-200x150.png 200w, https:\/\/www.tourisme-valdemarne.com\/espace-pro\/wp-content\/uploads\/sites\/3\/2023\/11\/exploreparis_decli_facebook_960x7202.png 2000w\" sizes=\"(max-width: 1200px) 100vw, 1200px\" \/><\/figure>\n","protected":false},"excerpt":{"rendered":"<p>ExploreParis.com est la 1\u00e8re boutique en ligne \u00e0 proposer des offres de visites et balades en fran\u00e7ais et en anglais sur l&rsquo;ensemble du Grand Paris. Commercialiser vos visites avec ExploreParis Explore Paris rassemble des centaines d\u2019exp\u00e9riences : visites guid\u00e9es, balades, croisi\u00e8res, ateliers, rencontres\u2026 Explore Paris a \u00e9t\u00e9 cr\u00e9\u00e9e dans le cadre du contrat de destination [&hellip;]<\/p>\n","protected":false},"author":8,"featured_media":27449,"parent":17,"menu_order":11,"comment_status":"closed","ping_status":"closed","template":"","meta":{"_relevanssi_hide_post":"","_relevanssi_hide_content":"","_relevanssi_pin_for_all":"","_relevanssi_pin_keywords":"","_relevanssi_unpin_keywords":"","_relevanssi_related_keywords":"","_relevanssi_related_include_ids":"","_relevanssi_related_exclude_ids":"","_relevanssi_related_no_append":"","_relevanssi_related_not_related":"","_relevanssi_related_posts":"442,2745,2741,2751,2749,2747","_relevanssi_noindex_reason":"","footnotes":""},"vdmTagMarketing":[],"class_list":["post-2755","page","type-page","status-publish","has-post-thumbnail","hentry"],"acf":[],"yoast_head":"<!-- This site is optimized with the Yoast SEO plugin v23.9 - https:\/\/yoast.com\/wordpress\/plugins\/seo\/ -->\n<title>Boutique Explore Paris - Espace Pro<\/title>\n<meta name=\"robots\" content=\"index, follow, max-snippet:-1, max-image-preview:large, max-video-preview:-1\" \/>\n<link rel=\"canonical\" href=\"https:\/\/www.tourisme-valdemarne.com\/espace-pro\/outils-a-votre-service\/boutique-explore-paris\/\" \/>\n<meta property=\"og:locale\" content=\"fr_FR\" \/>\n<meta property=\"og:type\" content=\"article\" \/>\n<meta property=\"og:title\" content=\"Boutique Explore Paris - Espace Pro\" \/>\n<meta property=\"og:description\" content=\"ExploreParis.com est la 1\u00e8re boutique en ligne \u00e0 proposer des offres de visites et balades en fran\u00e7ais et en anglais sur l&rsquo;ensemble du Grand Paris. Commercialiser vos visites avec ExploreParis Explore Paris rassemble des centaines d\u2019exp\u00e9riences : visites guid\u00e9es, balades, croisi\u00e8res, ateliers, rencontres\u2026 Explore Paris a \u00e9t\u00e9 cr\u00e9\u00e9e dans le cadre du contrat de destination [&hellip;]\" \/>\n<meta property=\"og:url\" content=\"https:\/\/www.tourisme-valdemarne.com\/espace-pro\/outils-a-votre-service\/boutique-explore-paris\/\" \/>\n<meta property=\"og:site_name\" content=\"Espace Pro\" \/>\n<meta property=\"article:modified_time\" content=\"2025-11-13T15:12:50+00:00\" \/>\n<meta property=\"og:image\" content=\"https:\/\/www.tourisme-valdemarne.com\/espace-pro\/wp-content\/uploads\/sites\/3\/2024\/07\/balade-performance-quentin-chaudat-by-des-ricochets-sur-les-pavec-5.jpg\" \/>\n\t<meta property=\"og:image:width\" content=\"2048\" \/>\n\t<meta property=\"og:image:height\" content=\"921\" \/>\n\t<meta property=\"og:image:type\" content=\"image\/jpeg\" \/>\n<meta name=\"twitter:card\" content=\"summary_large_image\" \/>\n<meta name=\"twitter:label1\" content=\"Dur\u00e9e de lecture estim\u00e9e\" \/>\n\t<meta name=\"twitter:data1\" content=\"2 minutes\" \/>\n<script type=\"application\/ld+json\" class=\"yoast-schema-graph\">{\"@context\":\"https:\/\/schema.org\",\"@graph\":[{\"@type\":\"WebPage\",\"@id\":\"https:\/\/www.tourisme-valdemarne.com\/espace-pro\/outils-a-votre-service\/boutique-explore-paris\/\",\"url\":\"https:\/\/www.tourisme-valdemarne.com\/espace-pro\/outils-a-votre-service\/boutique-explore-paris\/\",\"name\":\"Boutique Explore Paris - Espace Pro\",\"isPartOf\":{\"@id\":\"https:\/\/www.tourisme-valdemarne.com\/espace-pro\/#website\"},\"primaryImageOfPage\":{\"@id\":\"https:\/\/www.tourisme-valdemarne.com\/espace-pro\/outils-a-votre-service\/boutique-explore-paris\/#primaryimage\"},\"image\":{\"@id\":\"https:\/\/www.tourisme-valdemarne.com\/espace-pro\/outils-a-votre-service\/boutique-explore-paris\/#primaryimage\"},\"thumbnailUrl\":\"https:\/\/www.tourisme-valdemarne.com\/espace-pro\/wp-content\/uploads\/sites\/3\/2024\/07\/balade-performance-quentin-chaudat-by-des-ricochets-sur-les-pavec-5.jpg\",\"datePublished\":\"2019-05-27T14:33:43+00:00\",\"dateModified\":\"2025-11-13T15:12:50+00:00\",\"breadcrumb\":{\"@id\":\"https:\/\/www.tourisme-valdemarne.com\/espace-pro\/outils-a-votre-service\/boutique-explore-paris\/#breadcrumb\"},\"inLanguage\":\"fr-FR\",\"potentialAction\":[{\"@type\":\"ReadAction\",\"target\":[\"https:\/\/www.tourisme-valdemarne.com\/espace-pro\/outils-a-votre-service\/boutique-explore-paris\/\"]}]},{\"@type\":\"ImageObject\",\"inLanguage\":\"fr-FR\",\"@id\":\"https:\/\/www.tourisme-valdemarne.com\/espace-pro\/outils-a-votre-service\/boutique-explore-paris\/#primaryimage\",\"url\":\"https:\/\/www.tourisme-valdemarne.com\/espace-pro\/wp-content\/uploads\/sites\/3\/2024\/07\/balade-performance-quentin-chaudat-by-des-ricochets-sur-les-pavec-5.jpg\",\"contentUrl\":\"https:\/\/www.tourisme-valdemarne.com\/espace-pro\/wp-content\/uploads\/sites\/3\/2024\/07\/balade-performance-quentin-chaudat-by-des-ricochets-sur-les-pavec-5.jpg\",\"width\":2048,\"height\":921},{\"@type\":\"BreadcrumbList\",\"@id\":\"https:\/\/www.tourisme-valdemarne.com\/espace-pro\/outils-a-votre-service\/boutique-explore-paris\/#breadcrumb\",\"itemListElement\":[{\"@type\":\"ListItem\",\"position\":1,\"name\":\"Accueil\",\"item\":\"https:\/\/www.tourisme-valdemarne.com\/espace-pro\/\"},{\"@type\":\"ListItem\",\"position\":2,\"name\":\"Outils \u00e0 votre service\",\"item\":\"https:\/\/www.tourisme-valdemarne.com\/espace-pro\/outils-a-votre-service\/\"},{\"@type\":\"ListItem\",\"position\":3,\"name\":\"Boutique Explore Paris\"}]},{\"@type\":\"WebSite\",\"@id\":\"https:\/\/www.tourisme-valdemarne.com\/espace-pro\/#website\",\"url\":\"https:\/\/www.tourisme-valdemarne.com\/espace-pro\/\",\"name\":\"Espace Pro\",\"description\":\"Informations et outils pour les professionnels et la Presse\",\"potentialAction\":[{\"@type\":\"SearchAction\",\"target\":{\"@type\":\"EntryPoint\",\"urlTemplate\":\"https:\/\/www.tourisme-valdemarne.com\/espace-pro\/?s={search_term_string}\"},\"query-input\":{\"@type\":\"PropertyValueSpecification\",\"valueRequired\":true,\"valueName\":\"search_term_string\"}}],\"inLanguage\":\"fr-FR\"}]}<\/script>\n<!-- \/ Yoast SEO plugin. -->","yoast_head_json":{"title":"Boutique Explore Paris - Espace Pro","robots":{"index":"index","follow":"follow","max-snippet":"max-snippet:-1","max-image-preview":"max-image-preview:large","max-video-preview":"max-video-preview:-1"},"canonical":"https:\/\/www.tourisme-valdemarne.com\/espace-pro\/outils-a-votre-service\/boutique-explore-paris\/","og_locale":"fr_FR","og_type":"article","og_title":"Boutique Explore Paris - Espace Pro","og_description":"ExploreParis.com est la 1\u00e8re boutique en ligne \u00e0 proposer des offres de visites et balades en fran\u00e7ais et en anglais sur l&rsquo;ensemble du Grand Paris. Commercialiser vos visites avec ExploreParis Explore Paris rassemble des centaines d\u2019exp\u00e9riences : visites guid\u00e9es, balades, croisi\u00e8res, ateliers, rencontres\u2026 Explore Paris a \u00e9t\u00e9 cr\u00e9\u00e9e dans le cadre du contrat de destination [&hellip;]","og_url":"https:\/\/www.tourisme-valdemarne.com\/espace-pro\/outils-a-votre-service\/boutique-explore-paris\/","og_site_name":"Espace Pro","article_modified_time":"2025-11-13T15:12:50+00:00","og_image":[{"width":2048,"height":921,"url":"https:\/\/www.tourisme-valdemarne.com\/espace-pro\/wp-content\/uploads\/sites\/3\/2024\/07\/balade-performance-quentin-chaudat-by-des-ricochets-sur-les-pavec-5.jpg","type":"image\/jpeg"}],"twitter_card":"summary_large_image","twitter_misc":{"Dur\u00e9e de lecture estim\u00e9e":"2 minutes"},"schema":{"@context":"https:\/\/schema.org","@graph":[{"@type":"WebPage","@id":"https:\/\/www.tourisme-valdemarne.com\/espace-pro\/outils-a-votre-service\/boutique-explore-paris\/","url":"https:\/\/www.tourisme-valdemarne.com\/espace-pro\/outils-a-votre-service\/boutique-explore-paris\/","name":"Boutique Explore Paris - Espace Pro","isPartOf":{"@id":"https:\/\/www.tourisme-valdemarne.com\/espace-pro\/#website"},"primaryImageOfPage":{"@id":"https:\/\/www.tourisme-valdemarne.com\/espace-pro\/outils-a-votre-service\/boutique-explore-paris\/#primaryimage"},"image":{"@id":"https:\/\/www.tourisme-valdemarne.com\/espace-pro\/outils-a-votre-service\/boutique-explore-paris\/#primaryimage"},"thumbnailUrl":"https:\/\/www.tourisme-valdemarne.com\/espace-pro\/wp-content\/uploads\/sites\/3\/2024\/07\/balade-performance-quentin-chaudat-by-des-ricochets-sur-les-pavec-5.jpg","datePublished":"2019-05-27T14:33:43+00:00","dateModified":"2025-11-13T15:12:50+00:00","breadcrumb":{"@id":"https:\/\/www.tourisme-valdemarne.com\/espace-pro\/outils-a-votre-service\/boutique-explore-paris\/#breadcrumb"},"inLanguage":"fr-FR","potentialAction":[{"@type":"ReadAction","target":["https:\/\/www.tourisme-valdemarne.com\/espace-pro\/outils-a-votre-service\/boutique-explore-paris\/"]}]},{"@type":"ImageObject","inLanguage":"fr-FR","@id":"https:\/\/www.tourisme-valdemarne.com\/espace-pro\/outils-a-votre-service\/boutique-explore-paris\/#primaryimage","url":"https:\/\/www.tourisme-valdemarne.com\/espace-pro\/wp-content\/uploads\/sites\/3\/2024\/07\/balade-performance-quentin-chaudat-by-des-ricochets-sur-les-pavec-5.jpg","contentUrl":"https:\/\/www.tourisme-valdemarne.com\/espace-pro\/wp-content\/uploads\/sites\/3\/2024\/07\/balade-performance-quentin-chaudat-by-des-ricochets-sur-les-pavec-5.jpg","width":2048,"height":921},{"@type":"BreadcrumbList","@id":"https:\/\/www.tourisme-valdemarne.com\/espace-pro\/outils-a-votre-service\/boutique-explore-paris\/#breadcrumb","itemListElement":[{"@type":"ListItem","position":1,"name":"Accueil","item":"https:\/\/www.tourisme-valdemarne.com\/espace-pro\/"},{"@type":"ListItem","position":2,"name":"Outils \u00e0 votre service","item":"https:\/\/www.tourisme-valdemarne.com\/espace-pro\/outils-a-votre-service\/"},{"@type":"ListItem","position":3,"name":"Boutique Explore Paris"}]},{"@type":"WebSite","@id":"https:\/\/www.tourisme-valdemarne.com\/espace-pro\/#website","url":"https:\/\/www.tourisme-valdemarne.com\/espace-pro\/","name":"Espace Pro","description":"Informations et outils pour les professionnels et la Presse","potentialAction":[{"@type":"SearchAction","target":{"@type":"EntryPoint","urlTemplate":"https:\/\/www.tourisme-valdemarne.com\/espace-pro\/?s={search_term_string}"},"query-input":{"@type":"PropertyValueSpecification","valueRequired":true,"valueName":"search_term_string"}}],"inLanguage":"fr-FR"}]}},"_links":{"self":[{"href":"https:\/\/www.tourisme-valdemarne.com\/espace-pro\/wp-json\/wp\/v2\/pages\/2755","targetHints":{"allow":["GET"]}}],"collection":[{"href":"https:\/\/www.tourisme-valdemarne.com\/espace-pro\/wp-json\/wp\/v2\/pages"}],"about":[{"href":"https:\/\/www.tourisme-valdemarne.com\/espace-pro\/wp-json\/wp\/v2\/types\/page"}],"author":[{"embeddable":true,"href":"https:\/\/www.tourisme-valdemarne.com\/espace-pro\/wp-json\/wp\/v2\/users\/8"}],"replies":[{"embeddable":true,"href":"https:\/\/www.tourisme-valdemarne.com\/espace-pro\/wp-json\/wp\/v2\/comments?post=2755"}],"version-history":[{"count":12,"href":"https:\/\/www.tourisme-valdemarne.com\/espace-pro\/wp-json\/wp\/v2\/pages\/2755\/revisions"}],"predecessor-version":[{"id":30130,"href":"https:\/\/www.tourisme-valdemarne.com\/espace-pro\/wp-json\/wp\/v2\/pages\/2755\/revisions\/30130"}],"up":[{"embeddable":true,"href":"https:\/\/www.tourisme-valdemarne.com\/espace-pro\/wp-json\/wp\/v2\/pages\/17"}],"wp:featuredmedia":[{"embeddable":true,"href":"https:\/\/www.tourisme-valdemarne.com\/espace-pro\/wp-json\/wp\/v2\/media\/27449"}],"wp:attachment":[{"href":"https:\/\/www.tourisme-valdemarne.com\/espace-pro\/wp-json\/wp\/v2\/media?parent=2755"}],"wp:term":[{"taxonomy":"vdmTagMarketing","embeddable":true,"href":"https:\/\/www.tourisme-valdemarne.com\/espace-pro\/wp-json\/wp\/v2\/vdmTagMarketing?post=2755"}],"curies":[{"name":"wp","href":"https:\/\/api.w.org\/{rel}","templated":true}]}}