{"id":2735,"date":"2019-05-27T14:56:23","date_gmt":"2019-05-27T12:56:23","guid":{"rendered":"https:\/\/www.tourisme-valdemarne.com\/espace-pro\/bilan-de-la-frequentation-hoteliere-2018"},"modified":"2021-10-26T11:48:52","modified_gmt":"2021-10-26T09:48:52","slug":"bilan-de-la-frequentation-hoteliere-2018","status":"publish","type":"page","link":"https:\/\/www.tourisme-valdemarne.com\/espace-pro\/presse\/actualites-et-communiques-de-presse\/communiques-de-presse-precedents\/bilan-de-la-frequentation-hoteliere-2018\/","title":{"rendered":"Bilan de la fr\u00e9quentation h\u00f4teli\u00e8re 2018"},"content":{"rendered":"\n<p class=\"is-style-excerpt\"><strong>COMMUNIQUE DE PRESSE<\/strong><\/p>\n\n\n\n<h2 class=\"wp-block-heading\">Les h\u00f4tels val-de-marnais battent des records en 2018 et approchent les 2 millions de touristes accueillis. <\/h2>\n\n\n\n<p><strong>Avec 1 937 000 arriv\u00e9es h\u00f4teli\u00e8res et 3 427 000 nuit\u00e9es, l\u2019ann\u00e9e 2018 est une ann\u00e9e exceptionnelle.<\/strong><\/p>\n\n\n\n<p>Quelques points \u00e0 retenir : <\/p>\n\n\n\n<ul class=\"wp-block-list\"><li><strong>Stabilisation de la client\u00e8le fran\u00e7aise<\/strong> : Apr\u00e8s la forte hausse enregistr\u00e9e l\u2019ann\u00e9e derni\u00e8re, la client\u00e8le fran\u00e7aise est stable en 2018. Elle repr\u00e9sente 63% des arriv\u00e9es h\u00f4teli\u00e8res dans le d\u00e9partement.<\/li><li><strong>L\u00e9g\u00e8re progression des arriv\u00e9es internationales<\/strong> : Comme pour la client\u00e8le fran\u00e7aise, 2018 marque un d\u00e9but de stabilisation avec +2% des arriv\u00e9es internationales. Au total, 725 000 touristes \u00e9trangers ont \u00e9t\u00e9 accueillis par l\u2019h\u00f4tellerie val-de-marnaise.<\/li><li><strong>Un nombre de nuit\u00e9es record<\/strong> : Cons\u00e9quence d\u2019une l\u00e9g\u00e8re progression de la dur\u00e9e de s\u00e9jour (+4%), le nombre de nuit\u00e9es bat des records presque chaque mois en 2018.Cette progression des nuit\u00e9es s\u2019observe d\u2019ailleurs chez les client\u00e8les fran\u00e7aises (+3.7%) comme \u00e9trang\u00e8res (+2.5%).<\/li><li><strong>Le tourisme d\u2019affaires toujours dynamique<\/strong> : Les d\u00e9placements professionnels continuent de soutenir la fr\u00e9quentation h\u00f4teli\u00e8re du d\u00e9partement. Ils repr\u00e9sentent 58% des nuit\u00e9es, avec une progression de 5%, contrairement au reste de la r\u00e9gion qui enregistre une baisse de 1,3%.<\/li><li><strong>Fin d\u2019ann\u00e9e en demi-teinte<\/strong> : Si le mois d\u2019octobre a \u00e9t\u00e9 bon, novembre et surtout d\u00e9cembre enregistrent des baisses du nombre d\u2019arriv\u00e9es h\u00f4teli\u00e8res, qui peuvent en partie s\u2019expliquer par les manifestations du mouvement des Gilets jaunes.<\/li><li><strong>\u00c9volutions contrast\u00e9es des principales client\u00e8les \u00e9trang\u00e8res<\/strong> : Comme dans le reste de la r\u00e9gion, les client\u00e8les europ\u00e9ennes progressent en 2018. En revanche, l\u2019analyse par nationalit\u00e9 est plus contrast\u00e9e : Am\u00e9ricains, Allemands, Anglais et Italiens progressent, tandis que les Espagnols, Hollandais et Belges sont moins nombreux que l\u2019ann\u00e9e derni\u00e8re. Principale client\u00e8le du d\u00e9partement, la client\u00e8le chinoise est \u00e9galement en l\u00e9ger recul (-3% en nombre d\u2019arriv\u00e9es).<\/li><li><strong>75% de taux d\u2019occupation en moyenne<\/strong> : Le taux d\u2019occupation n\u2019a jamais \u00e9t\u00e9 aussi \u00e9lev\u00e9 en Val-de-Marne, il progresse de 5 points par rapport \u00e0 2017 pour se rapprocher de la moyenne r\u00e9gionale (76%).<\/li><li><strong>Des performances h\u00f4teli\u00e8res excellentes dans toutes les cat\u00e9gories<\/strong> : Les taux d\u2019occupation progressent dans toutes les cat\u00e9gories d\u2019\u00e9tablissements.<\/li><\/ul>\n\n\n\n<p><em>Sources : Nombre d\u2019arriv\u00e9es, de nuit\u00e9es et taux d\u2019occupation : Donn\u00e9es Insee 2017 et 2018 \u2013 CRT Paris \u2013 Ile de France. Prix moyen et chiffre d\u2019affaires moyen par chambre : Observatoire d\u00e9partemental des performances h\u00f4teli\u00e8res &#8211; Deloitte In Extenso.<\/em><\/p>\n\n\n\n<p class=\"is-style-highlight\">Retrouvez le <a href=\"https:\/\/www.tourisme-valdemarne.com\/espace-pro\/observatoire-du-tourisme\/frequentation-hoteliere\/\" target=\"_blank\" rel=\"noreferrer noopener\" aria-label=\"bilan complet de la fr\u00e9quentation h\u00f4teli\u00e8re 2018 en Val-de-Marne (s\u2019ouvre dans un nouvel onglet)\">bilan complet de la fr\u00e9quentation h\u00f4teli\u00e8re 2018 en Val-de-Marne<\/a>.<\/p>\n","protected":false},"excerpt":{"rendered":"<p>COMMUNIQUE DE PRESSE Les h\u00f4tels val-de-marnais battent des records en 2018 et approchent les 2 millions de touristes accueillis. Avec 1 937 000 arriv\u00e9es h\u00f4teli\u00e8res et 3 427 000 nuit\u00e9es, l\u2019ann\u00e9e 2018 est une ann\u00e9e exceptionnelle. Quelques points \u00e0 retenir : Stabilisation de la client\u00e8le fran\u00e7aise : Apr\u00e8s la forte hausse enregistr\u00e9e l\u2019ann\u00e9e derni\u00e8re, la [&hellip;]<\/p>\n","protected":false},"author":9,"featured_media":2853,"parent":2883,"menu_order":400,"comment_status":"closed","ping_status":"closed","template":"","meta":{"_relevanssi_hide_post":"","_relevanssi_hide_content":"","_relevanssi_pin_for_all":"","_relevanssi_pin_keywords":"","_relevanssi_unpin_keywords":"","_relevanssi_related_keywords":"","_relevanssi_related_include_ids":"","_relevanssi_related_exclude_ids":"","_relevanssi_related_no_append":"","_relevanssi_related_not_related":"","_relevanssi_related_posts":"","_relevanssi_noindex_reason":"","footnotes":""},"vdmTagMarketing":[],"class_list":["post-2735","page","type-page","status-publish","has-post-thumbnail","hentry"],"acf":[],"yoast_head":"<!-- This site is optimized with the Yoast SEO plugin v23.9 - https:\/\/yoast.com\/wordpress\/plugins\/seo\/ -->\n<title>Bilan de la fr\u00e9quentation h\u00f4teli\u00e8re 2018 - Espace Pro<\/title>\n<meta name=\"robots\" content=\"index, follow, max-snippet:-1, max-image-preview:large, max-video-preview:-1\" \/>\n<link rel=\"canonical\" href=\"https:\/\/www.tourisme-valdemarne.com\/espace-pro\/presse\/actualites-et-communiques-de-presse\/communiques-de-presse-precedents\/bilan-de-la-frequentation-hoteliere-2018\/\" \/>\n<meta property=\"og:locale\" content=\"fr_FR\" \/>\n<meta property=\"og:type\" content=\"article\" \/>\n<meta property=\"og:title\" content=\"Bilan de la fr\u00e9quentation h\u00f4teli\u00e8re 2018 - Espace Pro\" \/>\n<meta property=\"og:description\" content=\"COMMUNIQUE DE PRESSE Les h\u00f4tels val-de-marnais battent des records en 2018 et approchent les 2 millions de touristes accueillis. Avec 1 937 000 arriv\u00e9es h\u00f4teli\u00e8res et 3 427 000 nuit\u00e9es, l\u2019ann\u00e9e 2018 est une ann\u00e9e exceptionnelle. Quelques points \u00e0 retenir : Stabilisation de la client\u00e8le fran\u00e7aise : Apr\u00e8s la forte hausse enregistr\u00e9e l\u2019ann\u00e9e derni\u00e8re, la [&hellip;]\" \/>\n<meta property=\"og:url\" content=\"https:\/\/www.tourisme-valdemarne.com\/espace-pro\/presse\/actualites-et-communiques-de-presse\/communiques-de-presse-precedents\/bilan-de-la-frequentation-hoteliere-2018\/\" \/>\n<meta property=\"og:site_name\" content=\"Espace Pro\" \/>\n<meta property=\"article:modified_time\" content=\"2021-10-26T09:48:52+00:00\" \/>\n<meta property=\"og:image\" content=\"https:\/\/www.tourisme-valdemarne.com\/espace-pro\/wp-content\/uploads\/sites\/3\/2019\/05\/novotel_creteil_le_lac_cp_m.bertrand.jpg\" \/>\n\t<meta property=\"og:image:width\" content=\"1600\" \/>\n\t<meta property=\"og:image:height\" content=\"900\" \/>\n\t<meta property=\"og:image:type\" content=\"image\/jpeg\" \/>\n<meta name=\"twitter:card\" content=\"summary_large_image\" \/>\n<meta name=\"twitter:label1\" content=\"Dur\u00e9e de lecture estim\u00e9e\" \/>\n\t<meta name=\"twitter:data1\" content=\"2 minutes\" \/>\n<script type=\"application\/ld+json\" class=\"yoast-schema-graph\">{\"@context\":\"https:\/\/schema.org\",\"@graph\":[{\"@type\":\"WebPage\",\"@id\":\"https:\/\/www.tourisme-valdemarne.com\/espace-pro\/presse\/actualites-et-communiques-de-presse\/communiques-de-presse-precedents\/bilan-de-la-frequentation-hoteliere-2018\/\",\"url\":\"https:\/\/www.tourisme-valdemarne.com\/espace-pro\/presse\/actualites-et-communiques-de-presse\/communiques-de-presse-precedents\/bilan-de-la-frequentation-hoteliere-2018\/\",\"name\":\"Bilan de la fr\u00e9quentation h\u00f4teli\u00e8re 2018 - Espace Pro\",\"isPartOf\":{\"@id\":\"https:\/\/www.tourisme-valdemarne.com\/espace-pro\/#website\"},\"primaryImageOfPage\":{\"@id\":\"https:\/\/www.tourisme-valdemarne.com\/espace-pro\/presse\/actualites-et-communiques-de-presse\/communiques-de-presse-precedents\/bilan-de-la-frequentation-hoteliere-2018\/#primaryimage\"},\"image\":{\"@id\":\"https:\/\/www.tourisme-valdemarne.com\/espace-pro\/presse\/actualites-et-communiques-de-presse\/communiques-de-presse-precedents\/bilan-de-la-frequentation-hoteliere-2018\/#primaryimage\"},\"thumbnailUrl\":\"https:\/\/www.tourisme-valdemarne.com\/espace-pro\/wp-content\/uploads\/sites\/3\/2019\/05\/novotel_creteil_le_lac_cp_m.bertrand.jpg\",\"datePublished\":\"2019-05-27T12:56:23+00:00\",\"dateModified\":\"2021-10-26T09:48:52+00:00\",\"breadcrumb\":{\"@id\":\"https:\/\/www.tourisme-valdemarne.com\/espace-pro\/presse\/actualites-et-communiques-de-presse\/communiques-de-presse-precedents\/bilan-de-la-frequentation-hoteliere-2018\/#breadcrumb\"},\"inLanguage\":\"fr-FR\",\"potentialAction\":[{\"@type\":\"ReadAction\",\"target\":[\"https:\/\/www.tourisme-valdemarne.com\/espace-pro\/presse\/actualites-et-communiques-de-presse\/communiques-de-presse-precedents\/bilan-de-la-frequentation-hoteliere-2018\/\"]}]},{\"@type\":\"ImageObject\",\"inLanguage\":\"fr-FR\",\"@id\":\"https:\/\/www.tourisme-valdemarne.com\/espace-pro\/presse\/actualites-et-communiques-de-presse\/communiques-de-presse-precedents\/bilan-de-la-frequentation-hoteliere-2018\/#primaryimage\",\"url\":\"https:\/\/www.tourisme-valdemarne.com\/espace-pro\/wp-content\/uploads\/sites\/3\/2019\/05\/novotel_creteil_le_lac_cp_m.bertrand.jpg\",\"contentUrl\":\"https:\/\/www.tourisme-valdemarne.com\/espace-pro\/wp-content\/uploads\/sites\/3\/2019\/05\/novotel_creteil_le_lac_cp_m.bertrand.jpg\",\"width\":1600,\"height\":900,\"caption\":\"Chambre du Novotel Cr\u00e9teil Le Lac \u00a9 M. Bertrand\"},{\"@type\":\"BreadcrumbList\",\"@id\":\"https:\/\/www.tourisme-valdemarne.com\/espace-pro\/presse\/actualites-et-communiques-de-presse\/communiques-de-presse-precedents\/bilan-de-la-frequentation-hoteliere-2018\/#breadcrumb\",\"itemListElement\":[{\"@type\":\"ListItem\",\"position\":1,\"name\":\"Accueil\",\"item\":\"https:\/\/www.tourisme-valdemarne.com\/espace-pro\/\"},{\"@type\":\"ListItem\",\"position\":2,\"name\":\"Presse\",\"item\":\"https:\/\/www.tourisme-valdemarne.com\/espace-pro\/presse\/\"},{\"@type\":\"ListItem\",\"position\":3,\"name\":\"Actualit\u00e9s et communiqu\u00e9s de presse\",\"item\":\"https:\/\/www.tourisme-valdemarne.com\/espace-pro\/presse\/actualites-et-communiques-de-presse\/\"},{\"@type\":\"ListItem\",\"position\":4,\"name\":\"Communiqu\u00e9s de presse pr\u00e9c\u00e9dents\",\"item\":\"https:\/\/www.tourisme-valdemarne.com\/espace-pro\/presse\/actualites-et-communiques-de-presse\/communiques-de-presse-precedents\/\"},{\"@type\":\"ListItem\",\"position\":5,\"name\":\"Bilan de la fr\u00e9quentation h\u00f4teli\u00e8re 2018\"}]},{\"@type\":\"WebSite\",\"@id\":\"https:\/\/www.tourisme-valdemarne.com\/espace-pro\/#website\",\"url\":\"https:\/\/www.tourisme-valdemarne.com\/espace-pro\/\",\"name\":\"Espace Pro\",\"description\":\"Informations et outils pour les professionnels et la Presse\",\"potentialAction\":[{\"@type\":\"SearchAction\",\"target\":{\"@type\":\"EntryPoint\",\"urlTemplate\":\"https:\/\/www.tourisme-valdemarne.com\/espace-pro\/?s={search_term_string}\"},\"query-input\":{\"@type\":\"PropertyValueSpecification\",\"valueRequired\":true,\"valueName\":\"search_term_string\"}}],\"inLanguage\":\"fr-FR\"}]}<\/script>\n<!-- \/ Yoast SEO plugin. -->","yoast_head_json":{"title":"Bilan de la fr\u00e9quentation h\u00f4teli\u00e8re 2018 - Espace Pro","robots":{"index":"index","follow":"follow","max-snippet":"max-snippet:-1","max-image-preview":"max-image-preview:large","max-video-preview":"max-video-preview:-1"},"canonical":"https:\/\/www.tourisme-valdemarne.com\/espace-pro\/presse\/actualites-et-communiques-de-presse\/communiques-de-presse-precedents\/bilan-de-la-frequentation-hoteliere-2018\/","og_locale":"fr_FR","og_type":"article","og_title":"Bilan de la fr\u00e9quentation h\u00f4teli\u00e8re 2018 - Espace Pro","og_description":"COMMUNIQUE DE PRESSE Les h\u00f4tels val-de-marnais battent des records en 2018 et approchent les 2 millions de touristes accueillis. Avec 1 937 000 arriv\u00e9es h\u00f4teli\u00e8res et 3 427 000 nuit\u00e9es, l\u2019ann\u00e9e 2018 est une ann\u00e9e exceptionnelle. Quelques points \u00e0 retenir : Stabilisation de la client\u00e8le fran\u00e7aise : Apr\u00e8s la forte hausse enregistr\u00e9e l\u2019ann\u00e9e derni\u00e8re, la [&hellip;]","og_url":"https:\/\/www.tourisme-valdemarne.com\/espace-pro\/presse\/actualites-et-communiques-de-presse\/communiques-de-presse-precedents\/bilan-de-la-frequentation-hoteliere-2018\/","og_site_name":"Espace Pro","article_modified_time":"2021-10-26T09:48:52+00:00","og_image":[{"width":1600,"height":900,"url":"https:\/\/www.tourisme-valdemarne.com\/espace-pro\/wp-content\/uploads\/sites\/3\/2019\/05\/novotel_creteil_le_lac_cp_m.bertrand.jpg","type":"image\/jpeg"}],"twitter_card":"summary_large_image","twitter_misc":{"Dur\u00e9e de lecture estim\u00e9e":"2 minutes"},"schema":{"@context":"https:\/\/schema.org","@graph":[{"@type":"WebPage","@id":"https:\/\/www.tourisme-valdemarne.com\/espace-pro\/presse\/actualites-et-communiques-de-presse\/communiques-de-presse-precedents\/bilan-de-la-frequentation-hoteliere-2018\/","url":"https:\/\/www.tourisme-valdemarne.com\/espace-pro\/presse\/actualites-et-communiques-de-presse\/communiques-de-presse-precedents\/bilan-de-la-frequentation-hoteliere-2018\/","name":"Bilan de la fr\u00e9quentation h\u00f4teli\u00e8re 2018 - Espace Pro","isPartOf":{"@id":"https:\/\/www.tourisme-valdemarne.com\/espace-pro\/#website"},"primaryImageOfPage":{"@id":"https:\/\/www.tourisme-valdemarne.com\/espace-pro\/presse\/actualites-et-communiques-de-presse\/communiques-de-presse-precedents\/bilan-de-la-frequentation-hoteliere-2018\/#primaryimage"},"image":{"@id":"https:\/\/www.tourisme-valdemarne.com\/espace-pro\/presse\/actualites-et-communiques-de-presse\/communiques-de-presse-precedents\/bilan-de-la-frequentation-hoteliere-2018\/#primaryimage"},"thumbnailUrl":"https:\/\/www.tourisme-valdemarne.com\/espace-pro\/wp-content\/uploads\/sites\/3\/2019\/05\/novotel_creteil_le_lac_cp_m.bertrand.jpg","datePublished":"2019-05-27T12:56:23+00:00","dateModified":"2021-10-26T09:48:52+00:00","breadcrumb":{"@id":"https:\/\/www.tourisme-valdemarne.com\/espace-pro\/presse\/actualites-et-communiques-de-presse\/communiques-de-presse-precedents\/bilan-de-la-frequentation-hoteliere-2018\/#breadcrumb"},"inLanguage":"fr-FR","potentialAction":[{"@type":"ReadAction","target":["https:\/\/www.tourisme-valdemarne.com\/espace-pro\/presse\/actualites-et-communiques-de-presse\/communiques-de-presse-precedents\/bilan-de-la-frequentation-hoteliere-2018\/"]}]},{"@type":"ImageObject","inLanguage":"fr-FR","@id":"https:\/\/www.tourisme-valdemarne.com\/espace-pro\/presse\/actualites-et-communiques-de-presse\/communiques-de-presse-precedents\/bilan-de-la-frequentation-hoteliere-2018\/#primaryimage","url":"https:\/\/www.tourisme-valdemarne.com\/espace-pro\/wp-content\/uploads\/sites\/3\/2019\/05\/novotel_creteil_le_lac_cp_m.bertrand.jpg","contentUrl":"https:\/\/www.tourisme-valdemarne.com\/espace-pro\/wp-content\/uploads\/sites\/3\/2019\/05\/novotel_creteil_le_lac_cp_m.bertrand.jpg","width":1600,"height":900,"caption":"Chambre du Novotel Cr\u00e9teil Le Lac \u00a9 M. Bertrand"},{"@type":"BreadcrumbList","@id":"https:\/\/www.tourisme-valdemarne.com\/espace-pro\/presse\/actualites-et-communiques-de-presse\/communiques-de-presse-precedents\/bilan-de-la-frequentation-hoteliere-2018\/#breadcrumb","itemListElement":[{"@type":"ListItem","position":1,"name":"Accueil","item":"https:\/\/www.tourisme-valdemarne.com\/espace-pro\/"},{"@type":"ListItem","position":2,"name":"Presse","item":"https:\/\/www.tourisme-valdemarne.com\/espace-pro\/presse\/"},{"@type":"ListItem","position":3,"name":"Actualit\u00e9s et communiqu\u00e9s de presse","item":"https:\/\/www.tourisme-valdemarne.com\/espace-pro\/presse\/actualites-et-communiques-de-presse\/"},{"@type":"ListItem","position":4,"name":"Communiqu\u00e9s de presse pr\u00e9c\u00e9dents","item":"https:\/\/www.tourisme-valdemarne.com\/espace-pro\/presse\/actualites-et-communiques-de-presse\/communiques-de-presse-precedents\/"},{"@type":"ListItem","position":5,"name":"Bilan de la fr\u00e9quentation h\u00f4teli\u00e8re 2018"}]},{"@type":"WebSite","@id":"https:\/\/www.tourisme-valdemarne.com\/espace-pro\/#website","url":"https:\/\/www.tourisme-valdemarne.com\/espace-pro\/","name":"Espace Pro","description":"Informations et outils pour les professionnels et la Presse","potentialAction":[{"@type":"SearchAction","target":{"@type":"EntryPoint","urlTemplate":"https:\/\/www.tourisme-valdemarne.com\/espace-pro\/?s={search_term_string}"},"query-input":{"@type":"PropertyValueSpecification","valueRequired":true,"valueName":"search_term_string"}}],"inLanguage":"fr-FR"}]}},"_links":{"self":[{"href":"https:\/\/www.tourisme-valdemarne.com\/espace-pro\/wp-json\/wp\/v2\/pages\/2735","targetHints":{"allow":["GET"]}}],"collection":[{"href":"https:\/\/www.tourisme-valdemarne.com\/espace-pro\/wp-json\/wp\/v2\/pages"}],"about":[{"href":"https:\/\/www.tourisme-valdemarne.com\/espace-pro\/wp-json\/wp\/v2\/types\/page"}],"author":[{"embeddable":true,"href":"https:\/\/www.tourisme-valdemarne.com\/espace-pro\/wp-json\/wp\/v2\/users\/9"}],"replies":[{"embeddable":true,"href":"https:\/\/www.tourisme-valdemarne.com\/espace-pro\/wp-json\/wp\/v2\/comments?post=2735"}],"version-history":[{"count":6,"href":"https:\/\/www.tourisme-valdemarne.com\/espace-pro\/wp-json\/wp\/v2\/pages\/2735\/revisions"}],"predecessor-version":[{"id":3155,"href":"https:\/\/www.tourisme-valdemarne.com\/espace-pro\/wp-json\/wp\/v2\/pages\/2735\/revisions\/3155"}],"up":[{"embeddable":true,"href":"https:\/\/www.tourisme-valdemarne.com\/espace-pro\/wp-json\/wp\/v2\/pages\/2883"}],"wp:featuredmedia":[{"embeddable":true,"href":"https:\/\/www.tourisme-valdemarne.com\/espace-pro\/wp-json\/wp\/v2\/media\/2853"}],"wp:attachment":[{"href":"https:\/\/www.tourisme-valdemarne.com\/espace-pro\/wp-json\/wp\/v2\/media?parent=2735"}],"wp:term":[{"taxonomy":"vdmTagMarketing","embeddable":true,"href":"https:\/\/www.tourisme-valdemarne.com\/espace-pro\/wp-json\/wp\/v2\/vdmTagMarketing?post=2735"}],"curies":[{"name":"wp","href":"https:\/\/api.w.org\/{rel}","templated":true}]}}