{"id":27164,"date":"2024-05-27T16:16:31","date_gmt":"2024-05-27T14:16:31","guid":{"rendered":"https:\/\/www.tourisme-valdemarne.com\/espace-pro\/?page_id=27164"},"modified":"2024-05-30T15:09:14","modified_gmt":"2024-05-30T13:09:14","slug":"do-you-speak-touriste","status":"publish","type":"page","link":"https:\/\/www.tourisme-valdemarne.com\/espace-pro\/expertises-et-projets\/jeux-olympiques-et-paralympiques-paris-2024\/do-you-speak-touriste\/","title":{"rendered":"\u00ab\u00a0Do You Speak Touriste ?\u00a0\u00bb"},"content":{"rendered":"\n<p>En juillet, ao\u00fbt et septembre 2024, Paris \u00cele-de-France s&rsquo;appr\u00eate \u00e0 accueillir pour la troisi\u00e8me fois de son histoire les Jeux Olympiques et Paralympiques, un \u00e9v\u00e9nement d&rsquo;une ampleur mondiale. Pour r\u00e9pondre \u00e0 ce d\u00e9fi d&rsquo;accueil international, <strong>Choose Paris Region et la Chambre de Commerce et d\u2019Industrie de Paris \u00cele-de-France lancent la 11e \u00e9dition de la campagne de sensibilisation \u00ab\u00a0Do You Speak Touriste ?\u00a0\u00bb<\/strong>.<\/p>\n\n\n\n<h2 class=\"wp-block-heading\">Objectifs et enjeux<\/h2>\n\n\n\n<div class=\"wp-block-image\"><figure class=\"aligncenter size-full\"><img width=\"639\" height=\"569\" data-src=\"https:\/\/www.tourisme-valdemarne.com\/espace-pro\/wp-content\/uploads\/sites\/3\/2024\/05\/dyst.png\" alt=\"\" class=\"wp-image-27168\" srcset=\"https:\/\/www.tourisme-valdemarne.com\/espace-pro\/wp-content\/uploads\/sites\/3\/2024\/05\/dyst.png 639w, https:\/\/www.tourisme-valdemarne.com\/espace-pro\/wp-content\/uploads\/sites\/3\/2024\/05\/dyst-600x534.png 600w, https:\/\/www.tourisme-valdemarne.com\/espace-pro\/wp-content\/uploads\/sites\/3\/2024\/05\/dyst-380x338.png 380w, https:\/\/www.tourisme-valdemarne.com\/espace-pro\/wp-content\/uploads\/sites\/3\/2024\/05\/dyst-200x178.png 200w\" sizes=\"(max-width: 639px) 100vw, 639px\" \/><figcaption>Do You Speak Touriste ?<\/figcaption><\/figure><\/div>\n\n\n\n<p>Ces Jeux Olympiques et Paralympiques repr\u00e9sentent une opportunit\u00e9 historique pour Paris et l&rsquo;\u00cele-de-France de mettre en valeur leurs attraits touristiques, leur patrimoine culturel et leur hospitalit\u00e9. Avec pr\u00e8s de 50 millions de visiteurs, <strong>dont une moiti\u00e9 en provenance de l&rsquo;\u00e9tranger<\/strong>, le d\u00e9partement doit se pr\u00e9parer \u00e0 offrir une exp\u00e9rience spectaculaire et m\u00e9morable \u00e0 tous les spectateurs et sportifs venus du monde entier.<\/p>\n\n\n\n<h2 class=\"wp-block-heading\">En quoi consiste le guide \u00ab\u00a0Do You Speak Touriste ?\u00a0\u00bb<\/h2>\n\n\n\n<p>Le guide \u00ab\u00a0Do You Speak Touriste ?\u00a0\u00bb \u00e9dition sp\u00e9ciale Jeux Olympiques et Paralympiques 2024 offre aux professionnels du tourisme en Val-de-Marne des outils pr\u00e9cieux pour optimiser leur accueil :<\/p>\n\n\n\n<ul class=\"wp-block-list\"><li><strong>Donn\u00e9es cl\u00e9s sur les touristes-spectateurs :<\/strong> Statistiques d\u00e9taill\u00e9es sur les profils des visiteurs internationaux et nationaux qui assisteront aux \u00e9v\u00e9nements sportifs \u00e0 Paris \u00cele-de-France.<\/li><li><strong>Profils des visiteurs :<\/strong> Identification des deux principaux profils de spectateurs, avec leurs attentes sp\u00e9cifiques en mati\u00e8re d&rsquo;accueil et de services.<\/li><li><strong>Portraits de spectateurs :<\/strong> Neuf portraits d\u00e9taill\u00e9s de futurs spectateurs, permettant aux professionnels de mieux comprendre leurs besoins individuels et de personnaliser leur accueil en cons\u00e9quence.<\/li><li><strong>Cartographie des sites :<\/strong> Une carte d\u00e9taillant les sites de comp\u00e9tition olympique et paralympique dans chaque d\u00e9partement francilien, ainsi que les lieux de c\u00e9l\u00e9bration et les parcours de la Flamme olympique.<\/li><\/ul>\n\n\n\n<h2 class=\"wp-block-heading\">Pour en savoir plus : t\u00e9l\u00e9chargez le guide<\/h2>\n\n\n\n<p>Pour les professionnels du tourisme du Val-de-Marne, <a href=\"https:\/\/www.tourisme-valdemarne.com\/wp-content\/uploads\/2024\/05\/do_you_speak_touriste_2024-1.pdf\" target=\"_blank\" rel=\"noreferrer noopener\">t\u00e9l\u00e9charger le guide \u00ab\u00a0Do You Speak Touriste ?\u00a0\u00bb pour l&rsquo;\u00e9dition sp\u00e9ciale Jeux Olympiques et Paralympiques 2024<\/a> est une \u00e9tape essentielle pour se pr\u00e9parer \u00e0 accueillir au mieux les visiteurs internationaux et nationaux. <\/p>\n\n\n\n<p>En acc\u00e9dant \u00e0 ce guide, vous aurez toutes les informations n\u00e9cessaires pour offrir une exp\u00e9rience inoubliable et professionnelle \u00e0 vos clients pendant cet \u00e9v\u00e9nement historique. Ne manquez pas cette opportunit\u00e9 de vous d\u00e9marquer en tant qu&rsquo;ambassadeur de notre destination ! <\/p>\n\n\n\n<h2 class=\"wp-block-heading\">Le serious game : ENGAGEMENT ET FORMATION<\/h2>\n\n\n\n<div class=\"wp-block-image\"><figure class=\"aligncenter size-large is-resized\"><img data-src=\"https:\/\/www.tourisme-valdemarne.com\/espace-pro\/wp-content\/uploads\/sites\/3\/2024\/05\/serious-game-do-you-speak-touriste-634x1200.png\" alt=\"\" class=\"wp-image-27167\" width=\"238\" height=\"451\" srcset=\"https:\/\/www.tourisme-valdemarne.com\/espace-pro\/wp-content\/uploads\/sites\/3\/2024\/05\/serious-game-do-you-speak-touriste-634x1200.png 634w, https:\/\/www.tourisme-valdemarne.com\/espace-pro\/wp-content\/uploads\/sites\/3\/2024\/05\/serious-game-do-you-speak-touriste-317x600.png 317w, https:\/\/www.tourisme-valdemarne.com\/espace-pro\/wp-content\/uploads\/sites\/3\/2024\/05\/serious-game-do-you-speak-touriste-475x900.png 475w, https:\/\/www.tourisme-valdemarne.com\/espace-pro\/wp-content\/uploads\/sites\/3\/2024\/05\/serious-game-do-you-speak-touriste-812x1536.png 812w, https:\/\/www.tourisme-valdemarne.com\/espace-pro\/wp-content\/uploads\/sites\/3\/2024\/05\/serious-game-do-you-speak-touriste-380x719.png 380w, https:\/\/www.tourisme-valdemarne.com\/espace-pro\/wp-content\/uploads\/sites\/3\/2024\/05\/serious-game-do-you-speak-touriste-200x379.png 200w, https:\/\/www.tourisme-valdemarne.com\/espace-pro\/wp-content\/uploads\/sites\/3\/2024\/05\/serious-game-do-you-speak-touriste.png 1082w\" sizes=\"(max-width: 238px) 100vw, 238px\" \/><figcaption>Serious Game Do You Speak Touriste<\/figcaption><\/figure><\/div>\n\n\n\n<p>En plus du guide, la campagne inclut un serious game interactif con\u00e7u pour former et sensibiliser les professionnels du tourisme aux sp\u00e9cificit\u00e9s de l&rsquo;accueil pendant les Jeux. Des formations, webinaires et autres ressources \u00e9ducatives sont \u00e9galement disponibles pour assurer que tous les acteurs du Val-de-Marne soient pr\u00eats \u00e0 accueillir dignement les visiteurs internationaux.<\/p>\n\n\n\n<p class=\"is-style-highlight\">Ce serious game est \u00e0 t\u00e9l\u00e9charger gratuitement sur l&rsquo;App Store et le Google Store<\/p>\n\n\n\n<p class=\"has-text-align-center\"><strong>En partenariat avec la CCI du Val-de-Marne et Val-de-Marne Tourisme et Loisirs<\/strong><\/p>\n\n\n\n<p class=\"has-text-align-center\">Retrouvez tout le dispositif r\u00e9gional consacr\u00e9 \u00e0 l&rsquo;accueil des visiteurs durant les JOP Paris 2024 sur le site de <a href=\"https:\/\/pro.visitparisregion.com\/conseil-et-accompagnement\/ameliorer-l-experience-de-vos-visiteurs\/besoins-et-attentes-des-visiteurs\/dispositifs-do-you-speak-touriste\/do-you-speak-touriste-edition-speciale-jeux-olympiques-et-paralympiques-paris-2024\" target=\"_blank\" rel=\"noreferrer noopener\">VisitParisRegion<\/a>.<\/p>\n","protected":false},"excerpt":{"rendered":"<p>En juillet, ao\u00fbt et septembre 2024, Paris \u00cele-de-France s&rsquo;appr\u00eate \u00e0 accueillir pour la troisi\u00e8me fois de son histoire les Jeux Olympiques et Paralympiques, un \u00e9v\u00e9nement d&rsquo;une ampleur mondiale. Pour r\u00e9pondre \u00e0 ce d\u00e9fi d&rsquo;accueil international, Choose Paris Region et la Chambre de Commerce et d\u2019Industrie de Paris \u00cele-de-France lancent la 11e \u00e9dition de la campagne [&hellip;]<\/p>\n","protected":false},"author":20,"featured_media":27168,"parent":15443,"menu_order":0,"comment_status":"closed","ping_status":"closed","template":"","meta":{"_relevanssi_hide_post":"","_relevanssi_hide_content":"","_relevanssi_pin_for_all":"","_relevanssi_pin_keywords":"","_relevanssi_unpin_keywords":"","_relevanssi_related_keywords":"","_relevanssi_related_include_ids":"","_relevanssi_related_exclude_ids":"","_relevanssi_related_no_append":"","_relevanssi_related_not_related":"","_relevanssi_related_posts":"2751,8101,8105,8095,8083,8108","_relevanssi_noindex_reason":"","footnotes":""},"vdmTagMarketing":[],"class_list":["post-27164","page","type-page","status-publish","has-post-thumbnail","hentry"],"acf":[],"yoast_head":"<!-- This site is optimized with the Yoast SEO plugin v23.9 - https:\/\/yoast.com\/wordpress\/plugins\/seo\/ -->\n<title>&quot;Do You Speak Touriste ?&quot; : Pr\u00e9parez-vous \u00e0 accueillir le monde<\/title>\n<meta name=\"robots\" content=\"index, follow, max-snippet:-1, max-image-preview:large, max-video-preview:-1\" \/>\n<link rel=\"canonical\" href=\"https:\/\/www.tourisme-valdemarne.com\/espace-pro\/expertises-et-projets\/jeux-olympiques-et-paralympiques-paris-2024\/do-you-speak-touriste\/\" \/>\n<meta property=\"og:locale\" content=\"fr_FR\" \/>\n<meta property=\"og:type\" content=\"article\" \/>\n<meta property=\"og:title\" content=\"&quot;Do You Speak Touriste ?&quot; : Pr\u00e9parez-vous \u00e0 accueillir le monde\" \/>\n<meta property=\"og:description\" content=\"En juillet, ao\u00fbt et septembre 2024, Paris \u00cele-de-France s&rsquo;appr\u00eate \u00e0 accueillir pour la troisi\u00e8me fois de son histoire les Jeux Olympiques et Paralympiques, un \u00e9v\u00e9nement d&rsquo;une ampleur mondiale. Pour r\u00e9pondre \u00e0 ce d\u00e9fi d&rsquo;accueil international, Choose Paris Region et la Chambre de Commerce et d\u2019Industrie de Paris \u00cele-de-France lancent la 11e \u00e9dition de la campagne [&hellip;]\" \/>\n<meta property=\"og:url\" content=\"https:\/\/www.tourisme-valdemarne.com\/espace-pro\/expertises-et-projets\/jeux-olympiques-et-paralympiques-paris-2024\/do-you-speak-touriste\/\" \/>\n<meta property=\"og:site_name\" content=\"Espace Pro\" \/>\n<meta property=\"article:modified_time\" content=\"2024-05-30T13:09:14+00:00\" \/>\n<meta property=\"og:image\" content=\"https:\/\/www.tourisme-valdemarne.com\/espace-pro\/wp-content\/uploads\/sites\/3\/2024\/05\/dyst.png\" \/>\n\t<meta property=\"og:image:width\" content=\"639\" \/>\n\t<meta property=\"og:image:height\" content=\"569\" \/>\n\t<meta property=\"og:image:type\" content=\"image\/png\" \/>\n<meta name=\"twitter:card\" content=\"summary_large_image\" \/>\n<meta name=\"twitter:label1\" content=\"Dur\u00e9e de lecture estim\u00e9e\" \/>\n\t<meta name=\"twitter:data1\" content=\"3 minutes\" \/>\n<script type=\"application\/ld+json\" class=\"yoast-schema-graph\">{\"@context\":\"https:\/\/schema.org\",\"@graph\":[{\"@type\":\"WebPage\",\"@id\":\"https:\/\/www.tourisme-valdemarne.com\/espace-pro\/expertises-et-projets\/jeux-olympiques-et-paralympiques-paris-2024\/do-you-speak-touriste\/\",\"url\":\"https:\/\/www.tourisme-valdemarne.com\/espace-pro\/expertises-et-projets\/jeux-olympiques-et-paralympiques-paris-2024\/do-you-speak-touriste\/\",\"name\":\"\\\"Do You Speak Touriste ?\\\" : Pr\u00e9parez-vous \u00e0 accueillir le monde\",\"isPartOf\":{\"@id\":\"https:\/\/www.tourisme-valdemarne.com\/espace-pro\/#website\"},\"primaryImageOfPage\":{\"@id\":\"https:\/\/www.tourisme-valdemarne.com\/espace-pro\/expertises-et-projets\/jeux-olympiques-et-paralympiques-paris-2024\/do-you-speak-touriste\/#primaryimage\"},\"image\":{\"@id\":\"https:\/\/www.tourisme-valdemarne.com\/espace-pro\/expertises-et-projets\/jeux-olympiques-et-paralympiques-paris-2024\/do-you-speak-touriste\/#primaryimage\"},\"thumbnailUrl\":\"https:\/\/www.tourisme-valdemarne.com\/espace-pro\/wp-content\/uploads\/sites\/3\/2024\/05\/dyst.png\",\"datePublished\":\"2024-05-27T14:16:31+00:00\",\"dateModified\":\"2024-05-30T13:09:14+00:00\",\"breadcrumb\":{\"@id\":\"https:\/\/www.tourisme-valdemarne.com\/espace-pro\/expertises-et-projets\/jeux-olympiques-et-paralympiques-paris-2024\/do-you-speak-touriste\/#breadcrumb\"},\"inLanguage\":\"fr-FR\",\"potentialAction\":[{\"@type\":\"ReadAction\",\"target\":[\"https:\/\/www.tourisme-valdemarne.com\/espace-pro\/expertises-et-projets\/jeux-olympiques-et-paralympiques-paris-2024\/do-you-speak-touriste\/\"]}]},{\"@type\":\"ImageObject\",\"inLanguage\":\"fr-FR\",\"@id\":\"https:\/\/www.tourisme-valdemarne.com\/espace-pro\/expertises-et-projets\/jeux-olympiques-et-paralympiques-paris-2024\/do-you-speak-touriste\/#primaryimage\",\"url\":\"https:\/\/www.tourisme-valdemarne.com\/espace-pro\/wp-content\/uploads\/sites\/3\/2024\/05\/dyst.png\",\"contentUrl\":\"https:\/\/www.tourisme-valdemarne.com\/espace-pro\/wp-content\/uploads\/sites\/3\/2024\/05\/dyst.png\",\"width\":639,\"height\":569},{\"@type\":\"BreadcrumbList\",\"@id\":\"https:\/\/www.tourisme-valdemarne.com\/espace-pro\/expertises-et-projets\/jeux-olympiques-et-paralympiques-paris-2024\/do-you-speak-touriste\/#breadcrumb\",\"itemListElement\":[{\"@type\":\"ListItem\",\"position\":1,\"name\":\"Accueil\",\"item\":\"https:\/\/www.tourisme-valdemarne.com\/espace-pro\/\"},{\"@type\":\"ListItem\",\"position\":2,\"name\":\"Expertises et projets\",\"item\":\"https:\/\/www.tourisme-valdemarne.com\/espace-pro\/expertises-et-projets\/\"},{\"@type\":\"ListItem\",\"position\":3,\"name\":\"Jeux Olympiques et Paralympiques de Paris 2024\",\"item\":\"https:\/\/www.tourisme-valdemarne.com\/espace-pro\/expertises-et-projets\/jeux-olympiques-et-paralympiques-paris-2024\/\"},{\"@type\":\"ListItem\",\"position\":4,\"name\":\"\u00ab\u00a0Do You Speak Touriste ?\u00a0\u00bb\"}]},{\"@type\":\"WebSite\",\"@id\":\"https:\/\/www.tourisme-valdemarne.com\/espace-pro\/#website\",\"url\":\"https:\/\/www.tourisme-valdemarne.com\/espace-pro\/\",\"name\":\"Espace Pro\",\"description\":\"Informations et outils pour les professionnels et la Presse\",\"potentialAction\":[{\"@type\":\"SearchAction\",\"target\":{\"@type\":\"EntryPoint\",\"urlTemplate\":\"https:\/\/www.tourisme-valdemarne.com\/espace-pro\/?s={search_term_string}\"},\"query-input\":{\"@type\":\"PropertyValueSpecification\",\"valueRequired\":true,\"valueName\":\"search_term_string\"}}],\"inLanguage\":\"fr-FR\"}]}<\/script>\n<!-- \/ Yoast SEO plugin. -->","yoast_head_json":{"title":"\"Do You Speak Touriste ?\" : Pr\u00e9parez-vous \u00e0 accueillir le monde","robots":{"index":"index","follow":"follow","max-snippet":"max-snippet:-1","max-image-preview":"max-image-preview:large","max-video-preview":"max-video-preview:-1"},"canonical":"https:\/\/www.tourisme-valdemarne.com\/espace-pro\/expertises-et-projets\/jeux-olympiques-et-paralympiques-paris-2024\/do-you-speak-touriste\/","og_locale":"fr_FR","og_type":"article","og_title":"\"Do You Speak Touriste ?\" : Pr\u00e9parez-vous \u00e0 accueillir le monde","og_description":"En juillet, ao\u00fbt et septembre 2024, Paris \u00cele-de-France s&rsquo;appr\u00eate \u00e0 accueillir pour la troisi\u00e8me fois de son histoire les Jeux Olympiques et Paralympiques, un \u00e9v\u00e9nement d&rsquo;une ampleur mondiale. Pour r\u00e9pondre \u00e0 ce d\u00e9fi d&rsquo;accueil international, Choose Paris Region et la Chambre de Commerce et d\u2019Industrie de Paris \u00cele-de-France lancent la 11e \u00e9dition de la campagne [&hellip;]","og_url":"https:\/\/www.tourisme-valdemarne.com\/espace-pro\/expertises-et-projets\/jeux-olympiques-et-paralympiques-paris-2024\/do-you-speak-touriste\/","og_site_name":"Espace Pro","article_modified_time":"2024-05-30T13:09:14+00:00","og_image":[{"width":639,"height":569,"url":"https:\/\/www.tourisme-valdemarne.com\/espace-pro\/wp-content\/uploads\/sites\/3\/2024\/05\/dyst.png","type":"image\/png"}],"twitter_card":"summary_large_image","twitter_misc":{"Dur\u00e9e de lecture estim\u00e9e":"3 minutes"},"schema":{"@context":"https:\/\/schema.org","@graph":[{"@type":"WebPage","@id":"https:\/\/www.tourisme-valdemarne.com\/espace-pro\/expertises-et-projets\/jeux-olympiques-et-paralympiques-paris-2024\/do-you-speak-touriste\/","url":"https:\/\/www.tourisme-valdemarne.com\/espace-pro\/expertises-et-projets\/jeux-olympiques-et-paralympiques-paris-2024\/do-you-speak-touriste\/","name":"\"Do You Speak Touriste ?\" : Pr\u00e9parez-vous \u00e0 accueillir le monde","isPartOf":{"@id":"https:\/\/www.tourisme-valdemarne.com\/espace-pro\/#website"},"primaryImageOfPage":{"@id":"https:\/\/www.tourisme-valdemarne.com\/espace-pro\/expertises-et-projets\/jeux-olympiques-et-paralympiques-paris-2024\/do-you-speak-touriste\/#primaryimage"},"image":{"@id":"https:\/\/www.tourisme-valdemarne.com\/espace-pro\/expertises-et-projets\/jeux-olympiques-et-paralympiques-paris-2024\/do-you-speak-touriste\/#primaryimage"},"thumbnailUrl":"https:\/\/www.tourisme-valdemarne.com\/espace-pro\/wp-content\/uploads\/sites\/3\/2024\/05\/dyst.png","datePublished":"2024-05-27T14:16:31+00:00","dateModified":"2024-05-30T13:09:14+00:00","breadcrumb":{"@id":"https:\/\/www.tourisme-valdemarne.com\/espace-pro\/expertises-et-projets\/jeux-olympiques-et-paralympiques-paris-2024\/do-you-speak-touriste\/#breadcrumb"},"inLanguage":"fr-FR","potentialAction":[{"@type":"ReadAction","target":["https:\/\/www.tourisme-valdemarne.com\/espace-pro\/expertises-et-projets\/jeux-olympiques-et-paralympiques-paris-2024\/do-you-speak-touriste\/"]}]},{"@type":"ImageObject","inLanguage":"fr-FR","@id":"https:\/\/www.tourisme-valdemarne.com\/espace-pro\/expertises-et-projets\/jeux-olympiques-et-paralympiques-paris-2024\/do-you-speak-touriste\/#primaryimage","url":"https:\/\/www.tourisme-valdemarne.com\/espace-pro\/wp-content\/uploads\/sites\/3\/2024\/05\/dyst.png","contentUrl":"https:\/\/www.tourisme-valdemarne.com\/espace-pro\/wp-content\/uploads\/sites\/3\/2024\/05\/dyst.png","width":639,"height":569},{"@type":"BreadcrumbList","@id":"https:\/\/www.tourisme-valdemarne.com\/espace-pro\/expertises-et-projets\/jeux-olympiques-et-paralympiques-paris-2024\/do-you-speak-touriste\/#breadcrumb","itemListElement":[{"@type":"ListItem","position":1,"name":"Accueil","item":"https:\/\/www.tourisme-valdemarne.com\/espace-pro\/"},{"@type":"ListItem","position":2,"name":"Expertises et projets","item":"https:\/\/www.tourisme-valdemarne.com\/espace-pro\/expertises-et-projets\/"},{"@type":"ListItem","position":3,"name":"Jeux Olympiques et Paralympiques de Paris 2024","item":"https:\/\/www.tourisme-valdemarne.com\/espace-pro\/expertises-et-projets\/jeux-olympiques-et-paralympiques-paris-2024\/"},{"@type":"ListItem","position":4,"name":"\u00ab\u00a0Do You Speak Touriste ?\u00a0\u00bb"}]},{"@type":"WebSite","@id":"https:\/\/www.tourisme-valdemarne.com\/espace-pro\/#website","url":"https:\/\/www.tourisme-valdemarne.com\/espace-pro\/","name":"Espace Pro","description":"Informations et outils pour les professionnels et la Presse","potentialAction":[{"@type":"SearchAction","target":{"@type":"EntryPoint","urlTemplate":"https:\/\/www.tourisme-valdemarne.com\/espace-pro\/?s={search_term_string}"},"query-input":{"@type":"PropertyValueSpecification","valueRequired":true,"valueName":"search_term_string"}}],"inLanguage":"fr-FR"}]}},"_links":{"self":[{"href":"https:\/\/www.tourisme-valdemarne.com\/espace-pro\/wp-json\/wp\/v2\/pages\/27164","targetHints":{"allow":["GET"]}}],"collection":[{"href":"https:\/\/www.tourisme-valdemarne.com\/espace-pro\/wp-json\/wp\/v2\/pages"}],"about":[{"href":"https:\/\/www.tourisme-valdemarne.com\/espace-pro\/wp-json\/wp\/v2\/types\/page"}],"author":[{"embeddable":true,"href":"https:\/\/www.tourisme-valdemarne.com\/espace-pro\/wp-json\/wp\/v2\/users\/20"}],"replies":[{"embeddable":true,"href":"https:\/\/www.tourisme-valdemarne.com\/espace-pro\/wp-json\/wp\/v2\/comments?post=27164"}],"version-history":[{"count":9,"href":"https:\/\/www.tourisme-valdemarne.com\/espace-pro\/wp-json\/wp\/v2\/pages\/27164\/revisions"}],"predecessor-version":[{"id":27198,"href":"https:\/\/www.tourisme-valdemarne.com\/espace-pro\/wp-json\/wp\/v2\/pages\/27164\/revisions\/27198"}],"up":[{"embeddable":true,"href":"https:\/\/www.tourisme-valdemarne.com\/espace-pro\/wp-json\/wp\/v2\/pages\/15443"}],"wp:featuredmedia":[{"embeddable":true,"href":"https:\/\/www.tourisme-valdemarne.com\/espace-pro\/wp-json\/wp\/v2\/media\/27168"}],"wp:attachment":[{"href":"https:\/\/www.tourisme-valdemarne.com\/espace-pro\/wp-json\/wp\/v2\/media?parent=27164"}],"wp:term":[{"taxonomy":"vdmTagMarketing","embeddable":true,"href":"https:\/\/www.tourisme-valdemarne.com\/espace-pro\/wp-json\/wp\/v2\/vdmTagMarketing?post=27164"}],"curies":[{"name":"wp","href":"https:\/\/api.w.org\/{rel}","templated":true}]}}