{"id":26714,"date":"2024-03-25T16:04:30","date_gmt":"2024-03-25T15:04:30","guid":{"rendered":"https:\/\/www.tourisme-valdemarne.com\/espace-pro\/?page_id=26714"},"modified":"2025-04-18T16:55:20","modified_gmt":"2025-04-18T14:55:20","slug":"cap-sur-la-marne-croisieres-fluviales-thematiques","status":"publish","type":"page","link":"https:\/\/www.tourisme-valdemarne.com\/espace-pro\/presse\/actualites-et-communiques-de-presse\/communiques-de-presse-precedents\/cap-sur-la-marne-croisieres-fluviales-thematiques\/","title":{"rendered":"Cap sur la Marne : croisi\u00e8res fluviales th\u00e9matiques"},"content":{"rendered":"\n<p class=\"is-style-excerpt\">COMMUNIQUE DE PRESSE : Croisi\u00e8res Cap sur la Marne 2024<\/p>\n\n\n\n<h2 class=\"wp-block-heading\">Cap sur la Marne : larguer les amarres lors de croisi\u00e8res th\u00e9matiques<\/h2>\n\n\n\n<p>Qu\u2019elles soient musicales \u2013 nouveaut\u00e9 2024, gourmandes ou culturelles, les croisi\u00e8res de Cap sur la Marne reprennent de plus belle \u00e0 partir d\u2019avril, et ce jusqu\u2019en octobre ! Alors que les premiers rayons de soleil percent la monotone grisaille hivernale, le Francilien, embarcation de l\u2019association Au Fil de l\u2019Eau, rouvre son pont sup\u00e9rieur et sa salle avec vue panoramique aux moussaillons d\u2019un jour pour partir \u00e0 la d\u00e9couverte de la Marne et de ses richesses naturelles et patrimoniales, naturelles et b\u00e2ties. A proximit\u00e9 directe de Paris, depuis Nogent-sur-Marne, Neuilly-Plaisance, Neuilly-sur-Marne ou Lagny-sur-Marne, accompagn\u00e9 d\u2019un guide, vous n\u2019avez plus qu\u2019une seule chose \u00e0 faire : larguer les amarres !<\/p>\n\n\n\n<p>Dates : d&rsquo;avril \u00e0 octobre 2024<\/p>\n\n\n\n<p>Au d\u00e9part des ports de : Nogent-sur-Marne, Neuilly-Plaisance, Neuilly-sur-Marne ou Lagny-sur-Marne<\/p>\n\n\n\n<p>Th\u00e9matiques des croisi\u00e8res : Nature, Gourmande, Patrimoine, Famille, Musicale<\/p>\n\n\n\n<p>Informations et r\u00e9servations : <a href=\"https:\/\/capsurlamarne.fr\/croisieres-cap-sur-la-marne-programme-et-reservations\/\" target=\"_blank\" rel=\"noreferrer noopener\">https:\/\/capsurlamarne.fr\/croisieres-cap-sur-la-marne-programme-et-reservations\/ <\/a><\/p>\n\n\n\n<div class=\"wp-block-buttons is-layout-flex wp-block-buttons-is-layout-flex\">\n<div class=\"wp-block-button aligncenter\"><a class=\"wp-block-button__link\" href=\"https:\/\/www.tourisme-valdemarne.com\/espace-pro\/wp-content\/uploads\/sites\/3\/2024\/03\/cp_cap_sur_la_marne_croisieres.pdf\" target=\"_blank\" rel=\"noreferrer noopener\">Lire le communiqu\u00e9 de presse complet<\/a><\/div>\n<\/div>\n\n\n\n<div class=\"wp-block-buttons is-layout-flex wp-block-buttons-is-layout-flex\">\n<div class=\"wp-block-button aligncenter\"><a class=\"wp-block-button__link\" href=\"https:\/\/www.tourisme-valdemarne.com\/espace-pro\/wp-content\/uploads\/sites\/3\/2024\/07\/cp3-capsurlamarne-rentree2024.pdf\" target=\"_blank\" rel=\"noreferrer noopener\">Lire le communiqu\u00e9 de presse DES CROISIERES DE LA RENTREE<\/a><\/div>\n<\/div>\n\n\n\n<div class=\"wp-block-image\"><figure class=\"aligncenter size-large\"><img width=\"1200\" height=\"400\" data-src=\"https:\/\/www.tourisme-valdemarne.com\/espace-pro\/wp-content\/uploads\/sites\/3\/2024\/03\/banner-croisieres2024_2500x800-1200x400.jpg\" alt=\"\" class=\"wp-image-26715\" srcset=\"https:\/\/www.tourisme-valdemarne.com\/espace-pro\/wp-content\/uploads\/sites\/3\/2024\/03\/banner-croisieres2024_2500x800-1200x400.jpg 1200w, https:\/\/www.tourisme-valdemarne.com\/espace-pro\/wp-content\/uploads\/sites\/3\/2024\/03\/banner-croisieres2024_2500x800-600x200.jpg 600w, https:\/\/www.tourisme-valdemarne.com\/espace-pro\/wp-content\/uploads\/sites\/3\/2024\/03\/banner-croisieres2024_2500x800-900x300.jpg 900w, https:\/\/www.tourisme-valdemarne.com\/espace-pro\/wp-content\/uploads\/sites\/3\/2024\/03\/banner-croisieres2024_2500x800-1536x512.jpg 1536w, https:\/\/www.tourisme-valdemarne.com\/espace-pro\/wp-content\/uploads\/sites\/3\/2024\/03\/banner-croisieres2024_2500x800-380x127.jpg 380w, https:\/\/www.tourisme-valdemarne.com\/espace-pro\/wp-content\/uploads\/sites\/3\/2024\/03\/banner-croisieres2024_2500x800-200x67.jpg 200w, https:\/\/www.tourisme-valdemarne.com\/espace-pro\/wp-content\/uploads\/sites\/3\/2024\/03\/banner-croisieres2024_2500x800.jpg 2048w\" sizes=\"(max-width: 1200px) 100vw, 1200px\" \/><\/figure><\/div>\n","protected":false},"excerpt":{"rendered":"<p>COMMUNIQUE DE PRESSE : Croisi\u00e8res Cap sur la Marne 2024 Cap sur la Marne : larguer les amarres lors de croisi\u00e8res th\u00e9matiques Qu\u2019elles soient musicales \u2013 nouveaut\u00e9 2024, gourmandes ou culturelles, les croisi\u00e8res de Cap sur la Marne reprennent de plus belle \u00e0 partir d\u2019avril, et ce jusqu\u2019en octobre ! Alors que les premiers rayons [&hellip;]<\/p>\n","protected":false},"author":9,"featured_media":15333,"parent":2883,"menu_order":2,"comment_status":"closed","ping_status":"closed","template":"","meta":{"_relevanssi_hide_post":"","_relevanssi_hide_content":"","_relevanssi_pin_for_all":"","_relevanssi_pin_keywords":"","_relevanssi_unpin_keywords":"","_relevanssi_related_keywords":"","_relevanssi_related_include_ids":"","_relevanssi_related_exclude_ids":"","_relevanssi_related_no_append":"","_relevanssi_related_not_related":"","_relevanssi_related_posts":"8090,2745,8074,2751,8104,8083","_relevanssi_noindex_reason":"","footnotes":""},"vdmTagMarketing":[],"class_list":["post-26714","page","type-page","status-publish","has-post-thumbnail","hentry"],"acf":[],"yoast_head":"<!-- This site is optimized with the Yoast SEO plugin v23.9 - https:\/\/yoast.com\/wordpress\/plugins\/seo\/ -->\n<title>Cap sur la Marne : croisi\u00e8res fluviales th\u00e9matiques - Espace Pro<\/title>\n<meta name=\"robots\" content=\"index, follow, max-snippet:-1, max-image-preview:large, max-video-preview:-1\" \/>\n<link rel=\"canonical\" href=\"https:\/\/www.tourisme-valdemarne.com\/espace-pro\/presse\/actualites-et-communiques-de-presse\/communiques-de-presse-precedents\/cap-sur-la-marne-croisieres-fluviales-thematiques\/\" \/>\n<meta property=\"og:locale\" content=\"fr_FR\" \/>\n<meta property=\"og:type\" content=\"article\" \/>\n<meta property=\"og:title\" content=\"Cap sur la Marne : croisi\u00e8res fluviales th\u00e9matiques - Espace Pro\" \/>\n<meta property=\"og:description\" content=\"COMMUNIQUE DE PRESSE : Croisi\u00e8res Cap sur la Marne 2024 Cap sur la Marne : larguer les amarres lors de croisi\u00e8res th\u00e9matiques Qu\u2019elles soient musicales \u2013 nouveaut\u00e9 2024, gourmandes ou culturelles, les croisi\u00e8res de Cap sur la Marne reprennent de plus belle \u00e0 partir d\u2019avril, et ce jusqu\u2019en octobre ! Alors que les premiers rayons [&hellip;]\" \/>\n<meta property=\"og:url\" content=\"https:\/\/www.tourisme-valdemarne.com\/espace-pro\/presse\/actualites-et-communiques-de-presse\/communiques-de-presse-precedents\/cap-sur-la-marne-croisieres-fluviales-thematiques\/\" \/>\n<meta property=\"og:site_name\" content=\"Espace Pro\" \/>\n<meta property=\"article:modified_time\" content=\"2025-04-18T14:55:20+00:00\" \/>\n<meta property=\"og:image\" content=\"https:\/\/www.tourisme-valdemarne.com\/espace-pro\/wp-content\/uploads\/sites\/3\/2023\/06\/croisieres-cap-sur-la-marne-2022.jpg\" \/>\n\t<meta property=\"og:image:width\" content=\"2000\" \/>\n\t<meta property=\"og:image:height\" content=\"1125\" \/>\n\t<meta property=\"og:image:type\" content=\"image\/jpeg\" \/>\n<meta name=\"twitter:card\" content=\"summary_large_image\" \/>\n<meta name=\"twitter:label1\" content=\"Dur\u00e9e de lecture estim\u00e9e\" \/>\n\t<meta name=\"twitter:data1\" content=\"2 minutes\" \/>\n<script type=\"application\/ld+json\" class=\"yoast-schema-graph\">{\"@context\":\"https:\/\/schema.org\",\"@graph\":[{\"@type\":\"WebPage\",\"@id\":\"https:\/\/www.tourisme-valdemarne.com\/espace-pro\/presse\/actualites-et-communiques-de-presse\/communiques-de-presse-precedents\/cap-sur-la-marne-croisieres-fluviales-thematiques\/\",\"url\":\"https:\/\/www.tourisme-valdemarne.com\/espace-pro\/presse\/actualites-et-communiques-de-presse\/communiques-de-presse-precedents\/cap-sur-la-marne-croisieres-fluviales-thematiques\/\",\"name\":\"Cap sur la Marne : croisi\u00e8res fluviales th\u00e9matiques - Espace Pro\",\"isPartOf\":{\"@id\":\"https:\/\/www.tourisme-valdemarne.com\/espace-pro\/#website\"},\"primaryImageOfPage\":{\"@id\":\"https:\/\/www.tourisme-valdemarne.com\/espace-pro\/presse\/actualites-et-communiques-de-presse\/communiques-de-presse-precedents\/cap-sur-la-marne-croisieres-fluviales-thematiques\/#primaryimage\"},\"image\":{\"@id\":\"https:\/\/www.tourisme-valdemarne.com\/espace-pro\/presse\/actualites-et-communiques-de-presse\/communiques-de-presse-precedents\/cap-sur-la-marne-croisieres-fluviales-thematiques\/#primaryimage\"},\"thumbnailUrl\":\"https:\/\/www.tourisme-valdemarne.com\/espace-pro\/wp-content\/uploads\/sites\/3\/2023\/06\/croisieres-cap-sur-la-marne-2022.jpg\",\"datePublished\":\"2024-03-25T15:04:30+00:00\",\"dateModified\":\"2025-04-18T14:55:20+00:00\",\"breadcrumb\":{\"@id\":\"https:\/\/www.tourisme-valdemarne.com\/espace-pro\/presse\/actualites-et-communiques-de-presse\/communiques-de-presse-precedents\/cap-sur-la-marne-croisieres-fluviales-thematiques\/#breadcrumb\"},\"inLanguage\":\"fr-FR\",\"potentialAction\":[{\"@type\":\"ReadAction\",\"target\":[\"https:\/\/www.tourisme-valdemarne.com\/espace-pro\/presse\/actualites-et-communiques-de-presse\/communiques-de-presse-precedents\/cap-sur-la-marne-croisieres-fluviales-thematiques\/\"]}]},{\"@type\":\"ImageObject\",\"inLanguage\":\"fr-FR\",\"@id\":\"https:\/\/www.tourisme-valdemarne.com\/espace-pro\/presse\/actualites-et-communiques-de-presse\/communiques-de-presse-precedents\/cap-sur-la-marne-croisieres-fluviales-thematiques\/#primaryimage\",\"url\":\"https:\/\/www.tourisme-valdemarne.com\/espace-pro\/wp-content\/uploads\/sites\/3\/2023\/06\/croisieres-cap-sur-la-marne-2022.jpg\",\"contentUrl\":\"https:\/\/www.tourisme-valdemarne.com\/espace-pro\/wp-content\/uploads\/sites\/3\/2023\/06\/croisieres-cap-sur-la-marne-2022.jpg\",\"width\":2000,\"height\":1125,\"caption\":\"Croisi\u00e8res Cap sur la Marne\"},{\"@type\":\"BreadcrumbList\",\"@id\":\"https:\/\/www.tourisme-valdemarne.com\/espace-pro\/presse\/actualites-et-communiques-de-presse\/communiques-de-presse-precedents\/cap-sur-la-marne-croisieres-fluviales-thematiques\/#breadcrumb\",\"itemListElement\":[{\"@type\":\"ListItem\",\"position\":1,\"name\":\"Accueil\",\"item\":\"https:\/\/www.tourisme-valdemarne.com\/espace-pro\/\"},{\"@type\":\"ListItem\",\"position\":2,\"name\":\"Presse\",\"item\":\"https:\/\/www.tourisme-valdemarne.com\/espace-pro\/presse\/\"},{\"@type\":\"ListItem\",\"position\":3,\"name\":\"Actualit\u00e9s et communiqu\u00e9s de presse\",\"item\":\"https:\/\/www.tourisme-valdemarne.com\/espace-pro\/presse\/actualites-et-communiques-de-presse\/\"},{\"@type\":\"ListItem\",\"position\":4,\"name\":\"Communiqu\u00e9s de presse pr\u00e9c\u00e9dents\",\"item\":\"https:\/\/www.tourisme-valdemarne.com\/espace-pro\/presse\/actualites-et-communiques-de-presse\/communiques-de-presse-precedents\/\"},{\"@type\":\"ListItem\",\"position\":5,\"name\":\"Cap sur la Marne : croisi\u00e8res fluviales th\u00e9matiques\"}]},{\"@type\":\"WebSite\",\"@id\":\"https:\/\/www.tourisme-valdemarne.com\/espace-pro\/#website\",\"url\":\"https:\/\/www.tourisme-valdemarne.com\/espace-pro\/\",\"name\":\"Espace Pro\",\"description\":\"Informations et outils pour les professionnels et la Presse\",\"potentialAction\":[{\"@type\":\"SearchAction\",\"target\":{\"@type\":\"EntryPoint\",\"urlTemplate\":\"https:\/\/www.tourisme-valdemarne.com\/espace-pro\/?s={search_term_string}\"},\"query-input\":{\"@type\":\"PropertyValueSpecification\",\"valueRequired\":true,\"valueName\":\"search_term_string\"}}],\"inLanguage\":\"fr-FR\"}]}<\/script>\n<!-- \/ Yoast SEO plugin. -->","yoast_head_json":{"title":"Cap sur la Marne : croisi\u00e8res fluviales th\u00e9matiques - Espace Pro","robots":{"index":"index","follow":"follow","max-snippet":"max-snippet:-1","max-image-preview":"max-image-preview:large","max-video-preview":"max-video-preview:-1"},"canonical":"https:\/\/www.tourisme-valdemarne.com\/espace-pro\/presse\/actualites-et-communiques-de-presse\/communiques-de-presse-precedents\/cap-sur-la-marne-croisieres-fluviales-thematiques\/","og_locale":"fr_FR","og_type":"article","og_title":"Cap sur la Marne : croisi\u00e8res fluviales th\u00e9matiques - Espace Pro","og_description":"COMMUNIQUE DE PRESSE : Croisi\u00e8res Cap sur la Marne 2024 Cap sur la Marne : larguer les amarres lors de croisi\u00e8res th\u00e9matiques Qu\u2019elles soient musicales \u2013 nouveaut\u00e9 2024, gourmandes ou culturelles, les croisi\u00e8res de Cap sur la Marne reprennent de plus belle \u00e0 partir d\u2019avril, et ce jusqu\u2019en octobre ! Alors que les premiers rayons [&hellip;]","og_url":"https:\/\/www.tourisme-valdemarne.com\/espace-pro\/presse\/actualites-et-communiques-de-presse\/communiques-de-presse-precedents\/cap-sur-la-marne-croisieres-fluviales-thematiques\/","og_site_name":"Espace Pro","article_modified_time":"2025-04-18T14:55:20+00:00","og_image":[{"width":2000,"height":1125,"url":"https:\/\/www.tourisme-valdemarne.com\/espace-pro\/wp-content\/uploads\/sites\/3\/2023\/06\/croisieres-cap-sur-la-marne-2022.jpg","type":"image\/jpeg"}],"twitter_card":"summary_large_image","twitter_misc":{"Dur\u00e9e de lecture estim\u00e9e":"2 minutes"},"schema":{"@context":"https:\/\/schema.org","@graph":[{"@type":"WebPage","@id":"https:\/\/www.tourisme-valdemarne.com\/espace-pro\/presse\/actualites-et-communiques-de-presse\/communiques-de-presse-precedents\/cap-sur-la-marne-croisieres-fluviales-thematiques\/","url":"https:\/\/www.tourisme-valdemarne.com\/espace-pro\/presse\/actualites-et-communiques-de-presse\/communiques-de-presse-precedents\/cap-sur-la-marne-croisieres-fluviales-thematiques\/","name":"Cap sur la Marne : croisi\u00e8res fluviales th\u00e9matiques - Espace Pro","isPartOf":{"@id":"https:\/\/www.tourisme-valdemarne.com\/espace-pro\/#website"},"primaryImageOfPage":{"@id":"https:\/\/www.tourisme-valdemarne.com\/espace-pro\/presse\/actualites-et-communiques-de-presse\/communiques-de-presse-precedents\/cap-sur-la-marne-croisieres-fluviales-thematiques\/#primaryimage"},"image":{"@id":"https:\/\/www.tourisme-valdemarne.com\/espace-pro\/presse\/actualites-et-communiques-de-presse\/communiques-de-presse-precedents\/cap-sur-la-marne-croisieres-fluviales-thematiques\/#primaryimage"},"thumbnailUrl":"https:\/\/www.tourisme-valdemarne.com\/espace-pro\/wp-content\/uploads\/sites\/3\/2023\/06\/croisieres-cap-sur-la-marne-2022.jpg","datePublished":"2024-03-25T15:04:30+00:00","dateModified":"2025-04-18T14:55:20+00:00","breadcrumb":{"@id":"https:\/\/www.tourisme-valdemarne.com\/espace-pro\/presse\/actualites-et-communiques-de-presse\/communiques-de-presse-precedents\/cap-sur-la-marne-croisieres-fluviales-thematiques\/#breadcrumb"},"inLanguage":"fr-FR","potentialAction":[{"@type":"ReadAction","target":["https:\/\/www.tourisme-valdemarne.com\/espace-pro\/presse\/actualites-et-communiques-de-presse\/communiques-de-presse-precedents\/cap-sur-la-marne-croisieres-fluviales-thematiques\/"]}]},{"@type":"ImageObject","inLanguage":"fr-FR","@id":"https:\/\/www.tourisme-valdemarne.com\/espace-pro\/presse\/actualites-et-communiques-de-presse\/communiques-de-presse-precedents\/cap-sur-la-marne-croisieres-fluviales-thematiques\/#primaryimage","url":"https:\/\/www.tourisme-valdemarne.com\/espace-pro\/wp-content\/uploads\/sites\/3\/2023\/06\/croisieres-cap-sur-la-marne-2022.jpg","contentUrl":"https:\/\/www.tourisme-valdemarne.com\/espace-pro\/wp-content\/uploads\/sites\/3\/2023\/06\/croisieres-cap-sur-la-marne-2022.jpg","width":2000,"height":1125,"caption":"Croisi\u00e8res Cap sur la Marne"},{"@type":"BreadcrumbList","@id":"https:\/\/www.tourisme-valdemarne.com\/espace-pro\/presse\/actualites-et-communiques-de-presse\/communiques-de-presse-precedents\/cap-sur-la-marne-croisieres-fluviales-thematiques\/#breadcrumb","itemListElement":[{"@type":"ListItem","position":1,"name":"Accueil","item":"https:\/\/www.tourisme-valdemarne.com\/espace-pro\/"},{"@type":"ListItem","position":2,"name":"Presse","item":"https:\/\/www.tourisme-valdemarne.com\/espace-pro\/presse\/"},{"@type":"ListItem","position":3,"name":"Actualit\u00e9s et communiqu\u00e9s de presse","item":"https:\/\/www.tourisme-valdemarne.com\/espace-pro\/presse\/actualites-et-communiques-de-presse\/"},{"@type":"ListItem","position":4,"name":"Communiqu\u00e9s de presse pr\u00e9c\u00e9dents","item":"https:\/\/www.tourisme-valdemarne.com\/espace-pro\/presse\/actualites-et-communiques-de-presse\/communiques-de-presse-precedents\/"},{"@type":"ListItem","position":5,"name":"Cap sur la Marne : croisi\u00e8res fluviales th\u00e9matiques"}]},{"@type":"WebSite","@id":"https:\/\/www.tourisme-valdemarne.com\/espace-pro\/#website","url":"https:\/\/www.tourisme-valdemarne.com\/espace-pro\/","name":"Espace Pro","description":"Informations et outils pour les professionnels et la Presse","potentialAction":[{"@type":"SearchAction","target":{"@type":"EntryPoint","urlTemplate":"https:\/\/www.tourisme-valdemarne.com\/espace-pro\/?s={search_term_string}"},"query-input":{"@type":"PropertyValueSpecification","valueRequired":true,"valueName":"search_term_string"}}],"inLanguage":"fr-FR"}]}},"_links":{"self":[{"href":"https:\/\/www.tourisme-valdemarne.com\/espace-pro\/wp-json\/wp\/v2\/pages\/26714","targetHints":{"allow":["GET"]}}],"collection":[{"href":"https:\/\/www.tourisme-valdemarne.com\/espace-pro\/wp-json\/wp\/v2\/pages"}],"about":[{"href":"https:\/\/www.tourisme-valdemarne.com\/espace-pro\/wp-json\/wp\/v2\/types\/page"}],"author":[{"embeddable":true,"href":"https:\/\/www.tourisme-valdemarne.com\/espace-pro\/wp-json\/wp\/v2\/users\/9"}],"replies":[{"embeddable":true,"href":"https:\/\/www.tourisme-valdemarne.com\/espace-pro\/wp-json\/wp\/v2\/comments?post=26714"}],"version-history":[{"count":11,"href":"https:\/\/www.tourisme-valdemarne.com\/espace-pro\/wp-json\/wp\/v2\/pages\/26714\/revisions"}],"predecessor-version":[{"id":27499,"href":"https:\/\/www.tourisme-valdemarne.com\/espace-pro\/wp-json\/wp\/v2\/pages\/26714\/revisions\/27499"}],"up":[{"embeddable":true,"href":"https:\/\/www.tourisme-valdemarne.com\/espace-pro\/wp-json\/wp\/v2\/pages\/2883"}],"wp:featuredmedia":[{"embeddable":true,"href":"https:\/\/www.tourisme-valdemarne.com\/espace-pro\/wp-json\/wp\/v2\/media\/15333"}],"wp:attachment":[{"href":"https:\/\/www.tourisme-valdemarne.com\/espace-pro\/wp-json\/wp\/v2\/media?parent=26714"}],"wp:term":[{"taxonomy":"vdmTagMarketing","embeddable":true,"href":"https:\/\/www.tourisme-valdemarne.com\/espace-pro\/wp-json\/wp\/v2\/vdmTagMarketing?post=26714"}],"curies":[{"name":"wp","href":"https:\/\/api.w.org\/{rel}","templated":true}]}}