{"id":26549,"date":"2024-03-05T17:22:05","date_gmt":"2024-03-05T16:22:05","guid":{"rendered":"https:\/\/www.tourisme-valdemarne.com\/espace-pro\/?page_id=26549"},"modified":"2024-03-07T16:05:53","modified_gmt":"2024-03-07T15:05:53","slug":"des-vitrophanies-special-jop-2024-proposees-par-atout-france","status":"publish","type":"page","link":"https:\/\/www.tourisme-valdemarne.com\/espace-pro\/expertises-et-projets\/jeux-olympiques-et-paralympiques-paris-2024\/des-vitrophanies-special-jop-2024-proposees-par-atout-france\/","title":{"rendered":"Des vitrophanies \u00ab\u00a0sp\u00e9cial JOP 2024\u00a0\u00bb propos\u00e9es par Atout France"},"content":{"rendered":"\n<p><strong>Afin de faciliter l&rsquo;acc\u00e8s aux informations li\u00e9es aux JOP2024, Atout France propose aux acteurs du tourisme partout en France, des vitrophanies contenant un QR code pointant vers les pages d\u00e9di\u00e9es de France.fr.&nbsp;<\/strong><\/p>\n\n\n\n<p>En parall\u00e8le des vid\u00e9os d\u00e9di\u00e9es \u00e0 la sensibilisation des acteurs du tourisme \u00e0 l&rsquo;accueil des touristes internationaux (finalisation attendue pour avril 2024), une vitrophanie au format A5 et A4 est propos\u00e9e par Atout France afin d&rsquo;\u00eatre affich\u00e9e sur la vitrine de vos \u00e9tablissements, commerces et vos v\u00e9hicules\u2026<\/p>\n\n\n\n<p>Elle pr\u00e9sente un QR code envoyant vers la landing page de France.fr d\u00e9di\u00e9e aux JOP Paris 2024 : <a href=\"https:\/\/www.france.fr\/fr\/campagne\/jo-paris-2024\">JO 2024: Tout savoir sur les Jeux de Paris (france.fr)<\/a>&nbsp;et permet, entre autres, aux visiteurs, d&rsquo;acc\u00e9der aux informations suivantes :<\/p>\n\n\n\n<p>&#8211; des interviews inspirantes d&rsquo;athl\u00e8tes olympiques et paralympiques,<br>&#8211; des parcours inspirationnels au d\u00e9part de Lyon, Bordeaux, Lille, Ch\u00e2teauroux, Marseille, Nantes et Paris,<br>&#8211; le film Atout France x Paris 2024 Open Doors Open Games,<br>&#8211; la valorisation des temps forts + lien vers la billetterie de Paris 2024,<br>&#8211; la mise en avant de la carte des Jeux : festivit\u00e9s, sites olympiques,<br>&#8211; les informations pratiques avec redirection vers Paris 2024 et Paris je t&rsquo;aime<\/p>\n\n\n\n<p><strong>La vitrophanie sera disponible d\u00e9but mai. <\/strong>Elle vous sera envoy\u00e9e \u00e0 l\u2019adresse de votre \u00e9tablissement pour affichage sur votre vitrine.<\/p>\n\n\n\n<p>Atout France propose \u00e0 Val-de-Marne Tourisme et Loisirs de centraliser les commandes pour son territoire.<\/p>\n\n\n\n<p class=\"is-style-highlight\"><strong>Esp\u00e9rant vous compter parmi les participants \u00e0 ce dispositif et afin de pr\u00e9parer au mieux la diffusion de cette vitrophanie, nous vous remercions par avance de bien vouloir nous envoyer votre demande au plus tard le 22 mars \u00e0 l&rsquo;adresse mail suivante : <em>&#112;&#114;&#111;&#64;tou&#114;ism&#101;&#45;&#118;&#97;&#108;demarne&#46;co&#109;<\/em>.<\/strong><\/p>\n","protected":false},"excerpt":{"rendered":"<p>Afin de faciliter l&rsquo;acc\u00e8s aux informations li\u00e9es aux JOP2024, Atout France propose aux acteurs du tourisme partout en France, des vitrophanies contenant un QR code pointant vers les pages d\u00e9di\u00e9es de France.fr.&nbsp; En parall\u00e8le des vid\u00e9os d\u00e9di\u00e9es \u00e0 la sensibilisation des acteurs du tourisme \u00e0 l&rsquo;accueil des touristes internationaux (finalisation attendue pour avril 2024), une [&hellip;]<\/p>\n","protected":false},"author":20,"featured_media":26573,"parent":15443,"menu_order":0,"comment_status":"closed","ping_status":"closed","template":"","meta":{"_relevanssi_hide_post":"","_relevanssi_hide_content":"","_relevanssi_pin_for_all":"","_relevanssi_pin_keywords":"","_relevanssi_unpin_keywords":"","_relevanssi_related_keywords":"","_relevanssi_related_include_ids":"","_relevanssi_related_exclude_ids":"","_relevanssi_related_no_append":"","_relevanssi_related_not_related":"","_relevanssi_related_posts":"444,8095,2749,8074,8104,2745","_relevanssi_noindex_reason":"","footnotes":""},"vdmTagMarketing":[],"class_list":["post-26549","page","type-page","status-publish","has-post-thumbnail","hentry"],"acf":[],"yoast_head":"<!-- This site is optimized with the Yoast SEO plugin v23.9 - https:\/\/yoast.com\/wordpress\/plugins\/seo\/ -->\n<title>Des vitrophanies &quot;sp\u00e9cial JOP 2024&quot; propos\u00e9es par Atout France - Espace Pro<\/title>\n<meta name=\"robots\" content=\"index, follow, max-snippet:-1, max-image-preview:large, max-video-preview:-1\" \/>\n<link rel=\"canonical\" href=\"https:\/\/www.tourisme-valdemarne.com\/espace-pro\/expertises-et-projets\/jeux-olympiques-et-paralympiques-paris-2024\/des-vitrophanies-special-jop-2024-proposees-par-atout-france\/\" \/>\n<meta property=\"og:locale\" content=\"fr_FR\" \/>\n<meta property=\"og:type\" content=\"article\" \/>\n<meta property=\"og:title\" content=\"Des vitrophanies &quot;sp\u00e9cial JOP 2024&quot; propos\u00e9es par Atout France - Espace Pro\" \/>\n<meta property=\"og:description\" content=\"Afin de faciliter l&rsquo;acc\u00e8s aux informations li\u00e9es aux JOP2024, Atout France propose aux acteurs du tourisme partout en France, des vitrophanies contenant un QR code pointant vers les pages d\u00e9di\u00e9es de France.fr.&nbsp; En parall\u00e8le des vid\u00e9os d\u00e9di\u00e9es \u00e0 la sensibilisation des acteurs du tourisme \u00e0 l&rsquo;accueil des touristes internationaux (finalisation attendue pour avril 2024), une [&hellip;]\" \/>\n<meta property=\"og:url\" content=\"https:\/\/www.tourisme-valdemarne.com\/espace-pro\/expertises-et-projets\/jeux-olympiques-et-paralympiques-paris-2024\/des-vitrophanies-special-jop-2024-proposees-par-atout-france\/\" \/>\n<meta property=\"og:site_name\" content=\"Espace Pro\" \/>\n<meta property=\"article:modified_time\" content=\"2024-03-07T15:05:53+00:00\" \/>\n<meta property=\"og:image\" content=\"https:\/\/www.tourisme-valdemarne.com\/espace-pro\/wp-content\/uploads\/sites\/3\/2024\/03\/vitrine-vitrophanie-entree.jpg\" \/>\n\t<meta property=\"og:image:width\" content=\"445\" \/>\n\t<meta property=\"og:image:height\" content=\"360\" \/>\n\t<meta property=\"og:image:type\" content=\"image\/jpeg\" \/>\n<meta name=\"twitter:card\" content=\"summary_large_image\" \/>\n<meta name=\"twitter:label1\" content=\"Dur\u00e9e de lecture estim\u00e9e\" \/>\n\t<meta name=\"twitter:data1\" content=\"2 minutes\" \/>\n<script type=\"application\/ld+json\" class=\"yoast-schema-graph\">{\"@context\":\"https:\/\/schema.org\",\"@graph\":[{\"@type\":\"WebPage\",\"@id\":\"https:\/\/www.tourisme-valdemarne.com\/espace-pro\/expertises-et-projets\/jeux-olympiques-et-paralympiques-paris-2024\/des-vitrophanies-special-jop-2024-proposees-par-atout-france\/\",\"url\":\"https:\/\/www.tourisme-valdemarne.com\/espace-pro\/expertises-et-projets\/jeux-olympiques-et-paralympiques-paris-2024\/des-vitrophanies-special-jop-2024-proposees-par-atout-france\/\",\"name\":\"Des vitrophanies \\\"sp\u00e9cial JOP 2024\\\" propos\u00e9es par Atout France - Espace Pro\",\"isPartOf\":{\"@id\":\"https:\/\/www.tourisme-valdemarne.com\/espace-pro\/#website\"},\"primaryImageOfPage\":{\"@id\":\"https:\/\/www.tourisme-valdemarne.com\/espace-pro\/expertises-et-projets\/jeux-olympiques-et-paralympiques-paris-2024\/des-vitrophanies-special-jop-2024-proposees-par-atout-france\/#primaryimage\"},\"image\":{\"@id\":\"https:\/\/www.tourisme-valdemarne.com\/espace-pro\/expertises-et-projets\/jeux-olympiques-et-paralympiques-paris-2024\/des-vitrophanies-special-jop-2024-proposees-par-atout-france\/#primaryimage\"},\"thumbnailUrl\":\"https:\/\/www.tourisme-valdemarne.com\/espace-pro\/wp-content\/uploads\/sites\/3\/2024\/03\/vitrine-vitrophanie-entree.jpg\",\"datePublished\":\"2024-03-05T16:22:05+00:00\",\"dateModified\":\"2024-03-07T15:05:53+00:00\",\"breadcrumb\":{\"@id\":\"https:\/\/www.tourisme-valdemarne.com\/espace-pro\/expertises-et-projets\/jeux-olympiques-et-paralympiques-paris-2024\/des-vitrophanies-special-jop-2024-proposees-par-atout-france\/#breadcrumb\"},\"inLanguage\":\"fr-FR\",\"potentialAction\":[{\"@type\":\"ReadAction\",\"target\":[\"https:\/\/www.tourisme-valdemarne.com\/espace-pro\/expertises-et-projets\/jeux-olympiques-et-paralympiques-paris-2024\/des-vitrophanies-special-jop-2024-proposees-par-atout-france\/\"]}]},{\"@type\":\"ImageObject\",\"inLanguage\":\"fr-FR\",\"@id\":\"https:\/\/www.tourisme-valdemarne.com\/espace-pro\/expertises-et-projets\/jeux-olympiques-et-paralympiques-paris-2024\/des-vitrophanies-special-jop-2024-proposees-par-atout-france\/#primaryimage\",\"url\":\"https:\/\/www.tourisme-valdemarne.com\/espace-pro\/wp-content\/uploads\/sites\/3\/2024\/03\/vitrine-vitrophanie-entree.jpg\",\"contentUrl\":\"https:\/\/www.tourisme-valdemarne.com\/espace-pro\/wp-content\/uploads\/sites\/3\/2024\/03\/vitrine-vitrophanie-entree.jpg\",\"width\":445,\"height\":360},{\"@type\":\"BreadcrumbList\",\"@id\":\"https:\/\/www.tourisme-valdemarne.com\/espace-pro\/expertises-et-projets\/jeux-olympiques-et-paralympiques-paris-2024\/des-vitrophanies-special-jop-2024-proposees-par-atout-france\/#breadcrumb\",\"itemListElement\":[{\"@type\":\"ListItem\",\"position\":1,\"name\":\"Accueil\",\"item\":\"https:\/\/www.tourisme-valdemarne.com\/espace-pro\/\"},{\"@type\":\"ListItem\",\"position\":2,\"name\":\"Expertises et projets\",\"item\":\"https:\/\/www.tourisme-valdemarne.com\/espace-pro\/expertises-et-projets\/\"},{\"@type\":\"ListItem\",\"position\":3,\"name\":\"Jeux Olympiques et Paralympiques de Paris 2024\",\"item\":\"https:\/\/www.tourisme-valdemarne.com\/espace-pro\/expertises-et-projets\/jeux-olympiques-et-paralympiques-paris-2024\/\"},{\"@type\":\"ListItem\",\"position\":4,\"name\":\"Des vitrophanies \u00ab\u00a0sp\u00e9cial JOP 2024\u00a0\u00bb propos\u00e9es par Atout France\"}]},{\"@type\":\"WebSite\",\"@id\":\"https:\/\/www.tourisme-valdemarne.com\/espace-pro\/#website\",\"url\":\"https:\/\/www.tourisme-valdemarne.com\/espace-pro\/\",\"name\":\"Espace Pro\",\"description\":\"Informations et outils pour les professionnels et la Presse\",\"potentialAction\":[{\"@type\":\"SearchAction\",\"target\":{\"@type\":\"EntryPoint\",\"urlTemplate\":\"https:\/\/www.tourisme-valdemarne.com\/espace-pro\/?s={search_term_string}\"},\"query-input\":{\"@type\":\"PropertyValueSpecification\",\"valueRequired\":true,\"valueName\":\"search_term_string\"}}],\"inLanguage\":\"fr-FR\"}]}<\/script>\n<!-- \/ Yoast SEO plugin. -->","yoast_head_json":{"title":"Des vitrophanies \"sp\u00e9cial JOP 2024\" propos\u00e9es par Atout France - Espace Pro","robots":{"index":"index","follow":"follow","max-snippet":"max-snippet:-1","max-image-preview":"max-image-preview:large","max-video-preview":"max-video-preview:-1"},"canonical":"https:\/\/www.tourisme-valdemarne.com\/espace-pro\/expertises-et-projets\/jeux-olympiques-et-paralympiques-paris-2024\/des-vitrophanies-special-jop-2024-proposees-par-atout-france\/","og_locale":"fr_FR","og_type":"article","og_title":"Des vitrophanies \"sp\u00e9cial JOP 2024\" propos\u00e9es par Atout France - Espace Pro","og_description":"Afin de faciliter l&rsquo;acc\u00e8s aux informations li\u00e9es aux JOP2024, Atout France propose aux acteurs du tourisme partout en France, des vitrophanies contenant un QR code pointant vers les pages d\u00e9di\u00e9es de France.fr.&nbsp; En parall\u00e8le des vid\u00e9os d\u00e9di\u00e9es \u00e0 la sensibilisation des acteurs du tourisme \u00e0 l&rsquo;accueil des touristes internationaux (finalisation attendue pour avril 2024), une [&hellip;]","og_url":"https:\/\/www.tourisme-valdemarne.com\/espace-pro\/expertises-et-projets\/jeux-olympiques-et-paralympiques-paris-2024\/des-vitrophanies-special-jop-2024-proposees-par-atout-france\/","og_site_name":"Espace Pro","article_modified_time":"2024-03-07T15:05:53+00:00","og_image":[{"width":445,"height":360,"url":"https:\/\/www.tourisme-valdemarne.com\/espace-pro\/wp-content\/uploads\/sites\/3\/2024\/03\/vitrine-vitrophanie-entree.jpg","type":"image\/jpeg"}],"twitter_card":"summary_large_image","twitter_misc":{"Dur\u00e9e de lecture estim\u00e9e":"2 minutes"},"schema":{"@context":"https:\/\/schema.org","@graph":[{"@type":"WebPage","@id":"https:\/\/www.tourisme-valdemarne.com\/espace-pro\/expertises-et-projets\/jeux-olympiques-et-paralympiques-paris-2024\/des-vitrophanies-special-jop-2024-proposees-par-atout-france\/","url":"https:\/\/www.tourisme-valdemarne.com\/espace-pro\/expertises-et-projets\/jeux-olympiques-et-paralympiques-paris-2024\/des-vitrophanies-special-jop-2024-proposees-par-atout-france\/","name":"Des vitrophanies \"sp\u00e9cial JOP 2024\" propos\u00e9es par Atout France - Espace Pro","isPartOf":{"@id":"https:\/\/www.tourisme-valdemarne.com\/espace-pro\/#website"},"primaryImageOfPage":{"@id":"https:\/\/www.tourisme-valdemarne.com\/espace-pro\/expertises-et-projets\/jeux-olympiques-et-paralympiques-paris-2024\/des-vitrophanies-special-jop-2024-proposees-par-atout-france\/#primaryimage"},"image":{"@id":"https:\/\/www.tourisme-valdemarne.com\/espace-pro\/expertises-et-projets\/jeux-olympiques-et-paralympiques-paris-2024\/des-vitrophanies-special-jop-2024-proposees-par-atout-france\/#primaryimage"},"thumbnailUrl":"https:\/\/www.tourisme-valdemarne.com\/espace-pro\/wp-content\/uploads\/sites\/3\/2024\/03\/vitrine-vitrophanie-entree.jpg","datePublished":"2024-03-05T16:22:05+00:00","dateModified":"2024-03-07T15:05:53+00:00","breadcrumb":{"@id":"https:\/\/www.tourisme-valdemarne.com\/espace-pro\/expertises-et-projets\/jeux-olympiques-et-paralympiques-paris-2024\/des-vitrophanies-special-jop-2024-proposees-par-atout-france\/#breadcrumb"},"inLanguage":"fr-FR","potentialAction":[{"@type":"ReadAction","target":["https:\/\/www.tourisme-valdemarne.com\/espace-pro\/expertises-et-projets\/jeux-olympiques-et-paralympiques-paris-2024\/des-vitrophanies-special-jop-2024-proposees-par-atout-france\/"]}]},{"@type":"ImageObject","inLanguage":"fr-FR","@id":"https:\/\/www.tourisme-valdemarne.com\/espace-pro\/expertises-et-projets\/jeux-olympiques-et-paralympiques-paris-2024\/des-vitrophanies-special-jop-2024-proposees-par-atout-france\/#primaryimage","url":"https:\/\/www.tourisme-valdemarne.com\/espace-pro\/wp-content\/uploads\/sites\/3\/2024\/03\/vitrine-vitrophanie-entree.jpg","contentUrl":"https:\/\/www.tourisme-valdemarne.com\/espace-pro\/wp-content\/uploads\/sites\/3\/2024\/03\/vitrine-vitrophanie-entree.jpg","width":445,"height":360},{"@type":"BreadcrumbList","@id":"https:\/\/www.tourisme-valdemarne.com\/espace-pro\/expertises-et-projets\/jeux-olympiques-et-paralympiques-paris-2024\/des-vitrophanies-special-jop-2024-proposees-par-atout-france\/#breadcrumb","itemListElement":[{"@type":"ListItem","position":1,"name":"Accueil","item":"https:\/\/www.tourisme-valdemarne.com\/espace-pro\/"},{"@type":"ListItem","position":2,"name":"Expertises et projets","item":"https:\/\/www.tourisme-valdemarne.com\/espace-pro\/expertises-et-projets\/"},{"@type":"ListItem","position":3,"name":"Jeux Olympiques et Paralympiques de Paris 2024","item":"https:\/\/www.tourisme-valdemarne.com\/espace-pro\/expertises-et-projets\/jeux-olympiques-et-paralympiques-paris-2024\/"},{"@type":"ListItem","position":4,"name":"Des vitrophanies \u00ab\u00a0sp\u00e9cial JOP 2024\u00a0\u00bb propos\u00e9es par Atout France"}]},{"@type":"WebSite","@id":"https:\/\/www.tourisme-valdemarne.com\/espace-pro\/#website","url":"https:\/\/www.tourisme-valdemarne.com\/espace-pro\/","name":"Espace Pro","description":"Informations et outils pour les professionnels et la Presse","potentialAction":[{"@type":"SearchAction","target":{"@type":"EntryPoint","urlTemplate":"https:\/\/www.tourisme-valdemarne.com\/espace-pro\/?s={search_term_string}"},"query-input":{"@type":"PropertyValueSpecification","valueRequired":true,"valueName":"search_term_string"}}],"inLanguage":"fr-FR"}]}},"_links":{"self":[{"href":"https:\/\/www.tourisme-valdemarne.com\/espace-pro\/wp-json\/wp\/v2\/pages\/26549","targetHints":{"allow":["GET"]}}],"collection":[{"href":"https:\/\/www.tourisme-valdemarne.com\/espace-pro\/wp-json\/wp\/v2\/pages"}],"about":[{"href":"https:\/\/www.tourisme-valdemarne.com\/espace-pro\/wp-json\/wp\/v2\/types\/page"}],"author":[{"embeddable":true,"href":"https:\/\/www.tourisme-valdemarne.com\/espace-pro\/wp-json\/wp\/v2\/users\/20"}],"replies":[{"embeddable":true,"href":"https:\/\/www.tourisme-valdemarne.com\/espace-pro\/wp-json\/wp\/v2\/comments?post=26549"}],"version-history":[{"count":4,"href":"https:\/\/www.tourisme-valdemarne.com\/espace-pro\/wp-json\/wp\/v2\/pages\/26549\/revisions"}],"predecessor-version":[{"id":27193,"href":"https:\/\/www.tourisme-valdemarne.com\/espace-pro\/wp-json\/wp\/v2\/pages\/26549\/revisions\/27193"}],"up":[{"embeddable":true,"href":"https:\/\/www.tourisme-valdemarne.com\/espace-pro\/wp-json\/wp\/v2\/pages\/15443"}],"wp:featuredmedia":[{"embeddable":true,"href":"https:\/\/www.tourisme-valdemarne.com\/espace-pro\/wp-json\/wp\/v2\/media\/26573"}],"wp:attachment":[{"href":"https:\/\/www.tourisme-valdemarne.com\/espace-pro\/wp-json\/wp\/v2\/media?parent=26549"}],"wp:term":[{"taxonomy":"vdmTagMarketing","embeddable":true,"href":"https:\/\/www.tourisme-valdemarne.com\/espace-pro\/wp-json\/wp\/v2\/vdmTagMarketing?post=26549"}],"curies":[{"name":"wp","href":"https:\/\/api.w.org\/{rel}","templated":true}]}}