{"id":26542,"date":"2024-03-05T17:15:04","date_gmt":"2024-03-05T16:15:04","guid":{"rendered":"https:\/\/www.tourisme-valdemarne.com\/espace-pro\/?page_id=26542"},"modified":"2024-03-07T15:25:11","modified_gmt":"2024-03-07T14:25:11","slug":"recensement-acceslibre-etablissements-touristiques","status":"publish","type":"page","link":"https:\/\/www.tourisme-valdemarne.com\/espace-pro\/expertises-et-projets\/jeux-olympiques-et-paralympiques-paris-2024\/recensement-acceslibre-etablissements-touristiques\/","title":{"rendered":"Recensement Acceslibre"},"content":{"rendered":"\n<p><strong>Bienvenue sur la page d\u00e9di\u00e9e \u00e0 l&rsquo;accessibilit\u00e9 pour tous dans le Val-de-Marne !<\/strong><\/p>\n\n\n\n<p>\u00c0 l&rsquo;approche des Jeux Olympiques et Paralympiques de 2024, le Val-de-Marne se pr\u00e9pare \u00e0 accueillir un nombre croissant de visiteurs venus des quatre coins du globe. Dans cet \u00e9lan d&rsquo;anticipation, <strong>l&rsquo;accessibilit\u00e9 devient une priorit\u00e9 absolue pour garantir une exp\u00e9rience touristique inclusive et m\u00e9morable \u00e0 chacun de nos h\u00f4tes<\/strong>, quels que soient leurs besoins sp\u00e9cifiques.<\/p>\n\n\n\n<h2 class=\"wp-block-heading\"><strong>Participez \u00e0 rendre le Val-de-Marne accessible pour tous !<\/strong><\/h2>\n\n\n\n<p>Dans le cadre des Jeux Olympiques et Paralympiques de 2024, <strong>il est primordial de garantir l&rsquo;accessibilit\u00e9 des \u00e9tablissements touristiques pour tous nos visiteurs<\/strong>. En partenariat avec ADN Tourisme, Acceslibre s&rsquo;engage \u00e0 acc\u00e9l\u00e9rer la collecte des informations d&rsquo;accessibilit\u00e9 concernant les \u00e9tablissements recevant du public, tels que les h\u00f4tels, restaurants, commerces, mus\u00e9es, sites de loisirs, et bien d&rsquo;autres.<\/p>\n\n\n\n<p><strong>Nous vous invitons \u00e0 rejoindre cette initiative en recensant les informations d&rsquo;accessibilit\u00e9 de votre \u00e9tablissement sur la plateforme Acceslibre<\/strong>. Cette plateforme, d\u00e9velopp\u00e9e par le Minist\u00e8re de la Transition \u00c9cologique, offre une visibilit\u00e9 sans pr\u00e9c\u00e9dent \u00e0 tous les \u00e9tablissements r\u00e9f\u00e9renc\u00e9s.<\/p>\n\n\n\n<h2 class=\"wp-block-heading\"><strong>Pourquoi participer ?<\/strong><\/h2>\n\n\n\n<ul class=\"wp-block-list\"><li><strong>Visibilit\u00e9 accrue :<\/strong> Votre \u00e9tablissement sera mis en avant sur Acceslibre, aidant ainsi les visiteurs \u00e0 choisir des lieux accessibles correspondant \u00e0 leurs besoins.<\/li><li><strong>Engagement envers l&rsquo;inclusion :<\/strong> En participant \u00e0 cette d\u00e9marche, vous montrez votre engagement en faveur de l&rsquo;accessibilit\u00e9 pour tous, en ligne avec les valeurs des Jeux Olympiques et Paralympiques.<\/li><li><strong>Pr\u00e9paration aux grands \u00e9v\u00e9nements :<\/strong> En pr\u00e9vision des Jeux de 2024, il est essentiel de se pr\u00e9parer d\u00e8s maintenant \u00e0 accueillir un public diversifi\u00e9 et inclusif.<\/li><\/ul>\n\n\n\n<h2 class=\"wp-block-heading\"><strong>Comment participer ?<\/strong><\/h2>\n\n\n\n<p>C&rsquo;est simple ! Remplissez le formulaire simplifi\u00e9 de collecte d&rsquo;informations d&rsquo;accessibilit\u00e9, connect\u00e9 directement \u00e0 la plateforme Acceslibre. Vous pouvez acc\u00e9der au formulaire en cliquant sur le lien ci-dessous :<\/p>\n\n\n\n<p class=\"is-style-highlight\"><a href=\"https:\/\/tally.so\/r\/mJA9qz\">Je renseigne l&rsquo;accessibilit\u00e9 de mon \u00e9tablissement en moins de 2 minutes<\/a><\/p>\n\n\n\n<p>Les questions sont simples et souvent illustr\u00e9es par des images.<\/p>\n\n\n\n<h2 class=\"wp-block-heading\">\u00c0 noter<\/h2>\n\n\n\n<ul class=\"wp-block-list\"><li>Certains d\u2019entre vous ont d\u00e9j\u00e0 cr\u00e9\u00e9 une fiche Acceslibre sur la plateforme : <a href=\"https:\/\/acceslibre.beta.gouv.fr\/\">https:\/\/acceslibre.beta.gouv.fr\/<\/a>. Dans ce cas, merci de bien v\u00e9rifier qu\u2019elle soit compl\u00e8te et \u00e0 jour sur Acceslibre.<\/li><li>Si vous \u00eates d\u00e9tenteur du label Tourisme et Handicap, il se peut que vous ayez d\u00e9j\u00e0 \u00e9t\u00e9 sollicit\u00e9.e par l\u2019association ATH pour le m\u00eame sujet. Si vous avez d\u00e9j\u00e0 fait le n\u00e9cessaire et rempli le formulaire en ligne, il n&rsquo;est pas n\u00e9cessaire de le faire une seconde fois.<\/li><li>Dans le cas o\u00f9 vous supervisez plusieurs sites, merci de recliquer sur le lien autant de fois que n\u00e9cessaire pour remplir un nouveau questionnaire. <\/li><\/ul>\n","protected":false},"excerpt":{"rendered":"<p>Bienvenue sur la page d\u00e9di\u00e9e \u00e0 l&rsquo;accessibilit\u00e9 pour tous dans le Val-de-Marne ! \u00c0 l&rsquo;approche des Jeux Olympiques et Paralympiques de 2024, le Val-de-Marne se pr\u00e9pare \u00e0 accueillir un nombre croissant de visiteurs venus des quatre coins du globe. Dans cet \u00e9lan d&rsquo;anticipation, l&rsquo;accessibilit\u00e9 devient une priorit\u00e9 absolue pour garantir une exp\u00e9rience touristique inclusive et [&hellip;]<\/p>\n","protected":false},"author":20,"featured_media":26575,"parent":15443,"menu_order":0,"comment_status":"closed","ping_status":"closed","template":"","meta":{"_relevanssi_hide_post":"","_relevanssi_hide_content":"","_relevanssi_pin_for_all":"","_relevanssi_pin_keywords":"","_relevanssi_unpin_keywords":"","_relevanssi_related_keywords":"","_relevanssi_related_include_ids":"","_relevanssi_related_exclude_ids":"","_relevanssi_related_no_append":"","_relevanssi_related_not_related":"","_relevanssi_related_posts":"2751,8090,8084,2747,442,2741","_relevanssi_noindex_reason":"","footnotes":""},"vdmTagMarketing":[],"class_list":["post-26542","page","type-page","status-publish","has-post-thumbnail","hentry"],"acf":[],"yoast_head":"<!-- This site is optimized with the Yoast SEO plugin v23.9 - https:\/\/yoast.com\/wordpress\/plugins\/seo\/ -->\n<title>Recensement Acceslibre pour les \u00e9tablissements du Val-de-Marne<\/title>\n<meta name=\"robots\" content=\"index, follow, max-snippet:-1, max-image-preview:large, max-video-preview:-1\" \/>\n<link rel=\"canonical\" href=\"https:\/\/www.tourisme-valdemarne.com\/espace-pro\/expertises-et-projets\/jeux-olympiques-et-paralympiques-paris-2024\/recensement-acceslibre-etablissements-touristiques\/\" \/>\n<meta property=\"og:locale\" content=\"fr_FR\" \/>\n<meta property=\"og:type\" content=\"article\" \/>\n<meta property=\"og:title\" content=\"Recensement Acceslibre pour les \u00e9tablissements du Val-de-Marne\" \/>\n<meta property=\"og:description\" content=\"Bienvenue sur la page d\u00e9di\u00e9e \u00e0 l&rsquo;accessibilit\u00e9 pour tous dans le Val-de-Marne ! \u00c0 l&rsquo;approche des Jeux Olympiques et Paralympiques de 2024, le Val-de-Marne se pr\u00e9pare \u00e0 accueillir un nombre croissant de visiteurs venus des quatre coins du globe. Dans cet \u00e9lan d&rsquo;anticipation, l&rsquo;accessibilit\u00e9 devient une priorit\u00e9 absolue pour garantir une exp\u00e9rience touristique inclusive et [&hellip;]\" \/>\n<meta property=\"og:url\" content=\"https:\/\/www.tourisme-valdemarne.com\/espace-pro\/expertises-et-projets\/jeux-olympiques-et-paralympiques-paris-2024\/recensement-acceslibre-etablissements-touristiques\/\" \/>\n<meta property=\"og:site_name\" content=\"Espace Pro\" \/>\n<meta property=\"article:modified_time\" content=\"2024-03-07T14:25:11+00:00\" \/>\n<meta property=\"og:image\" content=\"https:\/\/www.tourisme-valdemarne.com\/espace-pro\/wp-content\/uploads\/sites\/3\/2024\/03\/hebergement-acceslibre.jpg\" \/>\n\t<meta property=\"og:image:width\" content=\"600\" \/>\n\t<meta property=\"og:image:height\" content=\"400\" \/>\n\t<meta property=\"og:image:type\" content=\"image\/jpeg\" \/>\n<meta name=\"twitter:card\" content=\"summary_large_image\" \/>\n<meta name=\"twitter:label1\" content=\"Dur\u00e9e de lecture estim\u00e9e\" \/>\n\t<meta name=\"twitter:data1\" content=\"3 minutes\" \/>\n<script type=\"application\/ld+json\" class=\"yoast-schema-graph\">{\"@context\":\"https:\/\/schema.org\",\"@graph\":[{\"@type\":\"WebPage\",\"@id\":\"https:\/\/www.tourisme-valdemarne.com\/espace-pro\/expertises-et-projets\/jeux-olympiques-et-paralympiques-paris-2024\/recensement-acceslibre-etablissements-touristiques\/\",\"url\":\"https:\/\/www.tourisme-valdemarne.com\/espace-pro\/expertises-et-projets\/jeux-olympiques-et-paralympiques-paris-2024\/recensement-acceslibre-etablissements-touristiques\/\",\"name\":\"Recensement Acceslibre pour les \u00e9tablissements du Val-de-Marne\",\"isPartOf\":{\"@id\":\"https:\/\/www.tourisme-valdemarne.com\/espace-pro\/#website\"},\"primaryImageOfPage\":{\"@id\":\"https:\/\/www.tourisme-valdemarne.com\/espace-pro\/expertises-et-projets\/jeux-olympiques-et-paralympiques-paris-2024\/recensement-acceslibre-etablissements-touristiques\/#primaryimage\"},\"image\":{\"@id\":\"https:\/\/www.tourisme-valdemarne.com\/espace-pro\/expertises-et-projets\/jeux-olympiques-et-paralympiques-paris-2024\/recensement-acceslibre-etablissements-touristiques\/#primaryimage\"},\"thumbnailUrl\":\"https:\/\/www.tourisme-valdemarne.com\/espace-pro\/wp-content\/uploads\/sites\/3\/2024\/03\/hebergement-acceslibre.jpg\",\"datePublished\":\"2024-03-05T16:15:04+00:00\",\"dateModified\":\"2024-03-07T14:25:11+00:00\",\"breadcrumb\":{\"@id\":\"https:\/\/www.tourisme-valdemarne.com\/espace-pro\/expertises-et-projets\/jeux-olympiques-et-paralympiques-paris-2024\/recensement-acceslibre-etablissements-touristiques\/#breadcrumb\"},\"inLanguage\":\"fr-FR\",\"potentialAction\":[{\"@type\":\"ReadAction\",\"target\":[\"https:\/\/www.tourisme-valdemarne.com\/espace-pro\/expertises-et-projets\/jeux-olympiques-et-paralympiques-paris-2024\/recensement-acceslibre-etablissements-touristiques\/\"]}]},{\"@type\":\"ImageObject\",\"inLanguage\":\"fr-FR\",\"@id\":\"https:\/\/www.tourisme-valdemarne.com\/espace-pro\/expertises-et-projets\/jeux-olympiques-et-paralympiques-paris-2024\/recensement-acceslibre-etablissements-touristiques\/#primaryimage\",\"url\":\"https:\/\/www.tourisme-valdemarne.com\/espace-pro\/wp-content\/uploads\/sites\/3\/2024\/03\/hebergement-acceslibre.jpg\",\"contentUrl\":\"https:\/\/www.tourisme-valdemarne.com\/espace-pro\/wp-content\/uploads\/sites\/3\/2024\/03\/hebergement-acceslibre.jpg\",\"width\":600,\"height\":400},{\"@type\":\"BreadcrumbList\",\"@id\":\"https:\/\/www.tourisme-valdemarne.com\/espace-pro\/expertises-et-projets\/jeux-olympiques-et-paralympiques-paris-2024\/recensement-acceslibre-etablissements-touristiques\/#breadcrumb\",\"itemListElement\":[{\"@type\":\"ListItem\",\"position\":1,\"name\":\"Accueil\",\"item\":\"https:\/\/www.tourisme-valdemarne.com\/espace-pro\/\"},{\"@type\":\"ListItem\",\"position\":2,\"name\":\"Expertises et projets\",\"item\":\"https:\/\/www.tourisme-valdemarne.com\/espace-pro\/expertises-et-projets\/\"},{\"@type\":\"ListItem\",\"position\":3,\"name\":\"Jeux Olympiques et Paralympiques de Paris 2024\",\"item\":\"https:\/\/www.tourisme-valdemarne.com\/espace-pro\/expertises-et-projets\/jeux-olympiques-et-paralympiques-paris-2024\/\"},{\"@type\":\"ListItem\",\"position\":4,\"name\":\"Recensement Acceslibre\"}]},{\"@type\":\"WebSite\",\"@id\":\"https:\/\/www.tourisme-valdemarne.com\/espace-pro\/#website\",\"url\":\"https:\/\/www.tourisme-valdemarne.com\/espace-pro\/\",\"name\":\"Espace Pro\",\"description\":\"Informations et outils pour les professionnels et la Presse\",\"potentialAction\":[{\"@type\":\"SearchAction\",\"target\":{\"@type\":\"EntryPoint\",\"urlTemplate\":\"https:\/\/www.tourisme-valdemarne.com\/espace-pro\/?s={search_term_string}\"},\"query-input\":{\"@type\":\"PropertyValueSpecification\",\"valueRequired\":true,\"valueName\":\"search_term_string\"}}],\"inLanguage\":\"fr-FR\"}]}<\/script>\n<!-- \/ Yoast SEO plugin. -->","yoast_head_json":{"title":"Recensement Acceslibre pour les \u00e9tablissements du Val-de-Marne","robots":{"index":"index","follow":"follow","max-snippet":"max-snippet:-1","max-image-preview":"max-image-preview:large","max-video-preview":"max-video-preview:-1"},"canonical":"https:\/\/www.tourisme-valdemarne.com\/espace-pro\/expertises-et-projets\/jeux-olympiques-et-paralympiques-paris-2024\/recensement-acceslibre-etablissements-touristiques\/","og_locale":"fr_FR","og_type":"article","og_title":"Recensement Acceslibre pour les \u00e9tablissements du Val-de-Marne","og_description":"Bienvenue sur la page d\u00e9di\u00e9e \u00e0 l&rsquo;accessibilit\u00e9 pour tous dans le Val-de-Marne ! \u00c0 l&rsquo;approche des Jeux Olympiques et Paralympiques de 2024, le Val-de-Marne se pr\u00e9pare \u00e0 accueillir un nombre croissant de visiteurs venus des quatre coins du globe. Dans cet \u00e9lan d&rsquo;anticipation, l&rsquo;accessibilit\u00e9 devient une priorit\u00e9 absolue pour garantir une exp\u00e9rience touristique inclusive et [&hellip;]","og_url":"https:\/\/www.tourisme-valdemarne.com\/espace-pro\/expertises-et-projets\/jeux-olympiques-et-paralympiques-paris-2024\/recensement-acceslibre-etablissements-touristiques\/","og_site_name":"Espace Pro","article_modified_time":"2024-03-07T14:25:11+00:00","og_image":[{"width":600,"height":400,"url":"https:\/\/www.tourisme-valdemarne.com\/espace-pro\/wp-content\/uploads\/sites\/3\/2024\/03\/hebergement-acceslibre.jpg","type":"image\/jpeg"}],"twitter_card":"summary_large_image","twitter_misc":{"Dur\u00e9e de lecture estim\u00e9e":"3 minutes"},"schema":{"@context":"https:\/\/schema.org","@graph":[{"@type":"WebPage","@id":"https:\/\/www.tourisme-valdemarne.com\/espace-pro\/expertises-et-projets\/jeux-olympiques-et-paralympiques-paris-2024\/recensement-acceslibre-etablissements-touristiques\/","url":"https:\/\/www.tourisme-valdemarne.com\/espace-pro\/expertises-et-projets\/jeux-olympiques-et-paralympiques-paris-2024\/recensement-acceslibre-etablissements-touristiques\/","name":"Recensement Acceslibre pour les \u00e9tablissements du Val-de-Marne","isPartOf":{"@id":"https:\/\/www.tourisme-valdemarne.com\/espace-pro\/#website"},"primaryImageOfPage":{"@id":"https:\/\/www.tourisme-valdemarne.com\/espace-pro\/expertises-et-projets\/jeux-olympiques-et-paralympiques-paris-2024\/recensement-acceslibre-etablissements-touristiques\/#primaryimage"},"image":{"@id":"https:\/\/www.tourisme-valdemarne.com\/espace-pro\/expertises-et-projets\/jeux-olympiques-et-paralympiques-paris-2024\/recensement-acceslibre-etablissements-touristiques\/#primaryimage"},"thumbnailUrl":"https:\/\/www.tourisme-valdemarne.com\/espace-pro\/wp-content\/uploads\/sites\/3\/2024\/03\/hebergement-acceslibre.jpg","datePublished":"2024-03-05T16:15:04+00:00","dateModified":"2024-03-07T14:25:11+00:00","breadcrumb":{"@id":"https:\/\/www.tourisme-valdemarne.com\/espace-pro\/expertises-et-projets\/jeux-olympiques-et-paralympiques-paris-2024\/recensement-acceslibre-etablissements-touristiques\/#breadcrumb"},"inLanguage":"fr-FR","potentialAction":[{"@type":"ReadAction","target":["https:\/\/www.tourisme-valdemarne.com\/espace-pro\/expertises-et-projets\/jeux-olympiques-et-paralympiques-paris-2024\/recensement-acceslibre-etablissements-touristiques\/"]}]},{"@type":"ImageObject","inLanguage":"fr-FR","@id":"https:\/\/www.tourisme-valdemarne.com\/espace-pro\/expertises-et-projets\/jeux-olympiques-et-paralympiques-paris-2024\/recensement-acceslibre-etablissements-touristiques\/#primaryimage","url":"https:\/\/www.tourisme-valdemarne.com\/espace-pro\/wp-content\/uploads\/sites\/3\/2024\/03\/hebergement-acceslibre.jpg","contentUrl":"https:\/\/www.tourisme-valdemarne.com\/espace-pro\/wp-content\/uploads\/sites\/3\/2024\/03\/hebergement-acceslibre.jpg","width":600,"height":400},{"@type":"BreadcrumbList","@id":"https:\/\/www.tourisme-valdemarne.com\/espace-pro\/expertises-et-projets\/jeux-olympiques-et-paralympiques-paris-2024\/recensement-acceslibre-etablissements-touristiques\/#breadcrumb","itemListElement":[{"@type":"ListItem","position":1,"name":"Accueil","item":"https:\/\/www.tourisme-valdemarne.com\/espace-pro\/"},{"@type":"ListItem","position":2,"name":"Expertises et projets","item":"https:\/\/www.tourisme-valdemarne.com\/espace-pro\/expertises-et-projets\/"},{"@type":"ListItem","position":3,"name":"Jeux Olympiques et Paralympiques de Paris 2024","item":"https:\/\/www.tourisme-valdemarne.com\/espace-pro\/expertises-et-projets\/jeux-olympiques-et-paralympiques-paris-2024\/"},{"@type":"ListItem","position":4,"name":"Recensement Acceslibre"}]},{"@type":"WebSite","@id":"https:\/\/www.tourisme-valdemarne.com\/espace-pro\/#website","url":"https:\/\/www.tourisme-valdemarne.com\/espace-pro\/","name":"Espace Pro","description":"Informations et outils pour les professionnels et la Presse","potentialAction":[{"@type":"SearchAction","target":{"@type":"EntryPoint","urlTemplate":"https:\/\/www.tourisme-valdemarne.com\/espace-pro\/?s={search_term_string}"},"query-input":{"@type":"PropertyValueSpecification","valueRequired":true,"valueName":"search_term_string"}}],"inLanguage":"fr-FR"}]}},"_links":{"self":[{"href":"https:\/\/www.tourisme-valdemarne.com\/espace-pro\/wp-json\/wp\/v2\/pages\/26542","targetHints":{"allow":["GET"]}}],"collection":[{"href":"https:\/\/www.tourisme-valdemarne.com\/espace-pro\/wp-json\/wp\/v2\/pages"}],"about":[{"href":"https:\/\/www.tourisme-valdemarne.com\/espace-pro\/wp-json\/wp\/v2\/types\/page"}],"author":[{"embeddable":true,"href":"https:\/\/www.tourisme-valdemarne.com\/espace-pro\/wp-json\/wp\/v2\/users\/20"}],"replies":[{"embeddable":true,"href":"https:\/\/www.tourisme-valdemarne.com\/espace-pro\/wp-json\/wp\/v2\/comments?post=26542"}],"version-history":[{"count":5,"href":"https:\/\/www.tourisme-valdemarne.com\/espace-pro\/wp-json\/wp\/v2\/pages\/26542\/revisions"}],"predecessor-version":[{"id":27194,"href":"https:\/\/www.tourisme-valdemarne.com\/espace-pro\/wp-json\/wp\/v2\/pages\/26542\/revisions\/27194"}],"up":[{"embeddable":true,"href":"https:\/\/www.tourisme-valdemarne.com\/espace-pro\/wp-json\/wp\/v2\/pages\/15443"}],"wp:featuredmedia":[{"embeddable":true,"href":"https:\/\/www.tourisme-valdemarne.com\/espace-pro\/wp-json\/wp\/v2\/media\/26575"}],"wp:attachment":[{"href":"https:\/\/www.tourisme-valdemarne.com\/espace-pro\/wp-json\/wp\/v2\/media?parent=26542"}],"wp:term":[{"taxonomy":"vdmTagMarketing","embeddable":true,"href":"https:\/\/www.tourisme-valdemarne.com\/espace-pro\/wp-json\/wp\/v2\/vdmTagMarketing?post=26542"}],"curies":[{"name":"wp","href":"https:\/\/api.w.org\/{rel}","templated":true}]}}