{"id":263,"date":"2019-04-16T16:28:50","date_gmt":"2019-04-16T14:28:50","guid":{"rendered":"https:\/\/www.tourisme-valdemarne.com\/espace-pro\/eductour-2018-tendances-mice"},"modified":"2025-07-07T10:48:48","modified_gmt":"2025-07-07T08:48:48","slug":"eductour-2018-tendances-mice","status":"publish","type":"page","link":"https:\/\/www.tourisme-valdemarne.com\/espace-pro\/seminaires-et-receptions-pro\/eductours-salons\/eductours\/eductour-2018-tendances-mice\/","title":{"rendered":"Eductour 2018 : Tendances MICE"},"content":{"rendered":"\n<p class=\"is-style-excerpt\">Vous \u00eates r\u00e9guli\u00e8rement en charge de l\u2019organisation d\u2019\u00e9v\u00e9nements au sein de votre entreprise ou association ? Participez \u00e0 Tendances MICE, un \u00e9v\u00e8nement co-organis\u00e9 par Val-de-Marne Tourisme &amp; Loisirs, Seine-Saint-Denis Tourisme et l&rsquo;Office du Tourisme de Roissy-en-France, en partenariat avec le Comit\u00e9 R\u00e9gional du Tourisme Paris-Ile de France.<\/p>\n\n\n\n<p>Apr\u00e8s vous avoir fait d\u00e9couvrir le secteur Orly-Rungis, ou encore les ch\u00e2teaux val-de-marnais, vous avez d\u00e9couvert, dans le cadre de Tendances MICE, des lieux atypiques dans les secteurs de la BNF et de la Porte Dor\u00e9e, entre Paris et le Val-de-Marne.<\/p>\n\n\n\n<p>Cet Eductour de 2018 \u00e9tait le premier de six parcours qui vous seront propos\u00e9s dans le Grand Paris afin de vous r\u00e9v\u00e9ler la diversit\u00e9 des lieux d&rsquo;affaires. Cette saison sera cl\u00f4tur\u00e9e par un \u00e9v\u00e9nement final en juin 2019 qui s\u2019articulera autour d\u2019un workshop, d\u2019un programme de conf\u00e9rences et d\u2019un cocktail de networking.<\/p>\n\n\n\n<h2 class=\"wp-block-heading\">MK2 Biblioth\u00e8que<\/h2>\n\n\n\n<figure class=\"wp-block-image\"><a href=\"https:\/\/www.tourisme-valdemarne.com\/espace-pro\/wp-content\/uploads\/sites\/3\/2019\/05\/mk2-bibliotheque-benoit-florencon.jpg\"><img width=\"1200\" height=\"800\" data-src=\"https:\/\/www.tourisme-valdemarne.com\/espace-pro\/wp-content\/uploads\/sites\/3\/2019\/05\/mk2-bibliotheque-benoit-florencon-1200x800.jpg\" alt=\"bibliotheque mk2 realite virtuelle\" class=\"wp-image-3004\" srcset=\"https:\/\/www.tourisme-valdemarne.com\/espace-pro\/wp-content\/uploads\/sites\/3\/2019\/05\/mk2-bibliotheque-benoit-florencon-1200x800.jpg 1200w, https:\/\/www.tourisme-valdemarne.com\/espace-pro\/wp-content\/uploads\/sites\/3\/2019\/05\/mk2-bibliotheque-benoit-florencon-600x400.jpg 600w, https:\/\/www.tourisme-valdemarne.com\/espace-pro\/wp-content\/uploads\/sites\/3\/2019\/05\/mk2-bibliotheque-benoit-florencon-900x600.jpg 900w, https:\/\/www.tourisme-valdemarne.com\/espace-pro\/wp-content\/uploads\/sites\/3\/2019\/05\/mk2-bibliotheque-benoit-florencon-380x253.jpg 380w, https:\/\/www.tourisme-valdemarne.com\/espace-pro\/wp-content\/uploads\/sites\/3\/2019\/05\/mk2-bibliotheque-benoit-florencon-200x133.jpg 200w, https:\/\/www.tourisme-valdemarne.com\/espace-pro\/wp-content\/uploads\/sites\/3\/2019\/05\/mk2-bibliotheque-benoit-florencon.jpg 1600w\" sizes=\"(max-width: 1200px) 100vw, 1200px\" \/><\/a><figcaption class=\"wp-element-caption\">Biblioth\u00e8que MK2 &#8211; Espace R\u00e9alit\u00e9 Virtuelle \u00a9 Benoit Florencon<\/figcaption><\/figure>\n\n\n\n<p>Refait \u00e0 neuf, le hall du <a href=\"https:\/\/www.tourisme-valdemarne.com\/espace-pro\/seminaire\/mk2-bibliotheque\/\" target=\"_blank\" rel=\"noreferrer noopener\" aria-label=\"MK2 Biblioth\u00e8que (s\u2019ouvre dans un nouvel onglet)\">MK2 Biblioth\u00e8que<\/a> accueille de nouveaux espaces dont une nouvelle boutique (avec carrousel \u00e0 bonbons), privatisable pour vos \u00e9v\u00e8nements. Visitez \u00e9galement leur plus grande salle de projection de 586 places et un espace de R\u00e9alit\u00e9 Virtuelle unique \u00e0 Paris. Avec Mk2 Agency, vous avez la possibilit\u00e9 de privatiser des salles de projection et des espaces \u00e9v\u00e8nementiels dans tous les cin\u00e9mas Mk2 mais \u00e9galement des espaces atypiques au sein de mus\u00e9es prestigieux : Grand Palais, Palais de Tokyo, Mus\u00e9e de la Chasse et de la Nature\u2026<\/p>\n\n\n\n<h2 class=\"wp-block-heading\">Dame de Canton<\/h2>\n\n\n\n<p>\u00c0 la fin des ann\u00e9es 70, deux jeunes fran\u00e7ais r\u00e9ussissent le pari fou de faire fabriquer une authentique jonque chinoise traditionnelle de 25 m\u00e8tres de long sur le chantier naval de Canton. Le <a href=\"https:\/\/www.tourisme-valdemarne.com\/espace-pro\/seminaire\/dame-de-canton\/\" target=\"_blank\" rel=\"noreferrer noopener\" aria-label=\"bateau de la Dame de Canton (s\u2019ouvre dans un nouvel onglet)\">bateau de la Dame de Canton<\/a>, charg\u00e9 d&rsquo;histoire, est maintenant amarr\u00e9 face \u00e0 la BNF, propose un univers d&rsquo;exotisme et de voyage maritime. Il s\u2019adapte aux r\u00e9ceptions professionnelles et priv\u00e9es, de jour comme de nuit.<\/p>\n\n\n\n<h2 class=\"wp-block-heading\">Palais de la Porte Dor\u00e9e<\/h2>\n\n\n\n<p>Situ\u00e9 \u00e0 l&rsquo;or\u00e9e du bois de Vincennes, le <a href=\"https:\/\/www.tourisme-valdemarne.com\/palais-de-la-porte-doree\/\">Palais de la Porte Dor\u00e9e<\/a> est l&rsquo;un des plus beaux monuments de style Art D\u00e9co d&rsquo;Europe. Construit en 1931, il abrite deux projets scientifiques et culturels, l&rsquo;Aquarium tropical et le Mus\u00e9e national de l&rsquo;histoire de l&rsquo;immigration.<\/p>\n\n\n\n<p>Ses nombreux espaces, aux volumes impressionnants et aux \u00e9l\u00e9ments architecturaux repr\u00e9sentatifs des ann\u00e9es 30 (mosa\u00efques, fresques, ferronneries d\u2019art\u2026), se pr\u00eatent parfaitement \u00e0 tout type d&rsquo;\u00e9v\u00e9nement d&rsquo;entreprise : s\u00e9minaires, rencontres professionnelles, soir\u00e9es de gala, d\u00e9fil\u00e9s de mode etc, en journ\u00e9e comme en soir\u00e9e.<\/p>\n\n\n\n<h2 class=\"wp-block-heading\">Motel One Paris-Porte Dor\u00e9e<\/h2>\n\n\n\n<p>Situ\u00e9 l\u00e0 o\u00f9 l\u2019atmosph\u00e8re urbaine de la capitale fran\u00e7aise laisse place \u00e0 la verdure du Bois de Vincennes, ce tout nouvel h\u00f4tel design est le point de d\u00e9part id\u00e9al pour tous les touristes, amateurs de nature, globe-trotteurs et voyageurs d\u2019affaires. Pour conclure cet Eductour, vous visiterez le grand hall, moderne et cosy, id\u00e9al pour organiser vos rendez-vous, accueillir vos clients pour la nuit ou profiter du bar.<\/p>\n","protected":false},"excerpt":{"rendered":"<p>Vous \u00eates r\u00e9guli\u00e8rement en charge de l\u2019organisation d\u2019\u00e9v\u00e9nements au sein de votre entreprise ou association ? Participez \u00e0 Tendances MICE, un \u00e9v\u00e8nement co-organis\u00e9 par Val-de-Marne Tourisme &amp; Loisirs, Seine-Saint-Denis Tourisme et l&rsquo;Office du Tourisme de Roissy-en-France, en partenariat avec le Comit\u00e9 R\u00e9gional du Tourisme Paris-Ile de France. Apr\u00e8s vous avoir fait d\u00e9couvrir le secteur Orly-Rungis, [&hellip;]<\/p>\n","protected":false},"author":1,"featured_media":3005,"parent":195,"menu_order":9,"comment_status":"closed","ping_status":"closed","template":"","meta":{"_relevanssi_hide_post":"","_relevanssi_hide_content":"","_relevanssi_pin_for_all":"","_relevanssi_pin_keywords":"","_relevanssi_unpin_keywords":"","_relevanssi_related_keywords":"","_relevanssi_related_include_ids":"","_relevanssi_related_exclude_ids":"","_relevanssi_related_no_append":"","_relevanssi_related_not_related":"","_relevanssi_related_posts":"442,2749,8084,446,8083,2751","_relevanssi_noindex_reason":"","footnotes":""},"vdmTagMarketing":[],"class_list":["post-263","page","type-page","status-publish","has-post-thumbnail","hentry"],"acf":[],"yoast_head":"<!-- This site is optimized with the Yoast SEO plugin v23.9 - https:\/\/yoast.com\/wordpress\/plugins\/seo\/ -->\n<title>Eductour 2018 : Tendances MICE - Espace Pro<\/title>\n<meta name=\"robots\" content=\"index, follow, max-snippet:-1, max-image-preview:large, max-video-preview:-1\" \/>\n<link rel=\"canonical\" href=\"https:\/\/www.tourisme-valdemarne.com\/espace-pro\/seminaires-et-receptions-pro\/eductours-salons\/eductours\/eductour-2018-tendances-mice\/\" \/>\n<meta property=\"og:locale\" content=\"fr_FR\" \/>\n<meta property=\"og:type\" content=\"article\" \/>\n<meta property=\"og:title\" content=\"Eductour 2018 : Tendances MICE - Espace Pro\" \/>\n<meta property=\"og:description\" content=\"Vous \u00eates r\u00e9guli\u00e8rement en charge de l\u2019organisation d\u2019\u00e9v\u00e9nements au sein de votre entreprise ou association ? Participez \u00e0 Tendances MICE, un \u00e9v\u00e8nement co-organis\u00e9 par Val-de-Marne Tourisme &amp; Loisirs, Seine-Saint-Denis Tourisme et l&rsquo;Office du Tourisme de Roissy-en-France, en partenariat avec le Comit\u00e9 R\u00e9gional du Tourisme Paris-Ile de France. Apr\u00e8s vous avoir fait d\u00e9couvrir le secteur Orly-Rungis, [&hellip;]\" \/>\n<meta property=\"og:url\" content=\"https:\/\/www.tourisme-valdemarne.com\/espace-pro\/seminaires-et-receptions-pro\/eductours-salons\/eductours\/eductour-2018-tendances-mice\/\" \/>\n<meta property=\"og:site_name\" content=\"Espace Pro\" \/>\n<meta property=\"article:modified_time\" content=\"2025-07-07T08:48:48+00:00\" \/>\n<meta property=\"og:image\" content=\"https:\/\/www.tourisme-valdemarne.com\/espace-pro\/wp-content\/uploads\/sites\/3\/2019\/05\/palais-porte-doree.jpg\" \/>\n\t<meta property=\"og:image:width\" content=\"1600\" \/>\n\t<meta property=\"og:image:height\" content=\"1065\" \/>\n\t<meta property=\"og:image:type\" content=\"image\/jpeg\" \/>\n<meta name=\"twitter:card\" content=\"summary_large_image\" \/>\n<meta name=\"twitter:label1\" content=\"Dur\u00e9e de lecture estim\u00e9e\" \/>\n\t<meta name=\"twitter:data1\" content=\"3 minutes\" \/>\n<script type=\"application\/ld+json\" class=\"yoast-schema-graph\">{\"@context\":\"https:\/\/schema.org\",\"@graph\":[{\"@type\":\"WebPage\",\"@id\":\"https:\/\/www.tourisme-valdemarne.com\/espace-pro\/seminaires-et-receptions-pro\/eductours-salons\/eductours\/eductour-2018-tendances-mice\/\",\"url\":\"https:\/\/www.tourisme-valdemarne.com\/espace-pro\/seminaires-et-receptions-pro\/eductours-salons\/eductours\/eductour-2018-tendances-mice\/\",\"name\":\"Eductour 2018 : Tendances MICE - Espace Pro\",\"isPartOf\":{\"@id\":\"https:\/\/www.tourisme-valdemarne.com\/espace-pro\/#website\"},\"primaryImageOfPage\":{\"@id\":\"https:\/\/www.tourisme-valdemarne.com\/espace-pro\/seminaires-et-receptions-pro\/eductours-salons\/eductours\/eductour-2018-tendances-mice\/#primaryimage\"},\"image\":{\"@id\":\"https:\/\/www.tourisme-valdemarne.com\/espace-pro\/seminaires-et-receptions-pro\/eductours-salons\/eductours\/eductour-2018-tendances-mice\/#primaryimage\"},\"thumbnailUrl\":\"https:\/\/www.tourisme-valdemarne.com\/espace-pro\/wp-content\/uploads\/sites\/3\/2019\/05\/palais-porte-doree.jpg\",\"datePublished\":\"2019-04-16T14:28:50+00:00\",\"dateModified\":\"2025-07-07T08:48:48+00:00\",\"breadcrumb\":{\"@id\":\"https:\/\/www.tourisme-valdemarne.com\/espace-pro\/seminaires-et-receptions-pro\/eductours-salons\/eductours\/eductour-2018-tendances-mice\/#breadcrumb\"},\"inLanguage\":\"fr-FR\",\"potentialAction\":[{\"@type\":\"ReadAction\",\"target\":[\"https:\/\/www.tourisme-valdemarne.com\/espace-pro\/seminaires-et-receptions-pro\/eductours-salons\/eductours\/eductour-2018-tendances-mice\/\"]}]},{\"@type\":\"ImageObject\",\"inLanguage\":\"fr-FR\",\"@id\":\"https:\/\/www.tourisme-valdemarne.com\/espace-pro\/seminaires-et-receptions-pro\/eductours-salons\/eductours\/eductour-2018-tendances-mice\/#primaryimage\",\"url\":\"https:\/\/www.tourisme-valdemarne.com\/espace-pro\/wp-content\/uploads\/sites\/3\/2019\/05\/palais-porte-doree.jpg\",\"contentUrl\":\"https:\/\/www.tourisme-valdemarne.com\/espace-pro\/wp-content\/uploads\/sites\/3\/2019\/05\/palais-porte-doree.jpg\",\"width\":1600,\"height\":1065,\"caption\":\"Palais de la Porte Dor\u00e9e \u00a9 CDT94\/N.Jestin\"},{\"@type\":\"BreadcrumbList\",\"@id\":\"https:\/\/www.tourisme-valdemarne.com\/espace-pro\/seminaires-et-receptions-pro\/eductours-salons\/eductours\/eductour-2018-tendances-mice\/#breadcrumb\",\"itemListElement\":[{\"@type\":\"ListItem\",\"position\":1,\"name\":\"Accueil\",\"item\":\"https:\/\/www.tourisme-valdemarne.com\/espace-pro\/\"},{\"@type\":\"ListItem\",\"position\":2,\"name\":\"S\u00e9minaires et r\u00e9ceptions Pro\",\"item\":\"https:\/\/www.tourisme-valdemarne.com\/espace-pro\/seminaires-et-receptions-pro\/\"},{\"@type\":\"ListItem\",\"position\":3,\"name\":\"Eductours &#038; Salons\",\"item\":\"https:\/\/www.tourisme-valdemarne.com\/espace-pro\/seminaires-et-receptions-pro\/eductours-salons\/\"},{\"@type\":\"ListItem\",\"position\":4,\"name\":\"Eductours\",\"item\":\"https:\/\/www.tourisme-valdemarne.com\/espace-pro\/seminaires-et-receptions-pro\/eductours-salons\/eductours\/\"},{\"@type\":\"ListItem\",\"position\":5,\"name\":\"Eductour 2018 : Tendances MICE\"}]},{\"@type\":\"WebSite\",\"@id\":\"https:\/\/www.tourisme-valdemarne.com\/espace-pro\/#website\",\"url\":\"https:\/\/www.tourisme-valdemarne.com\/espace-pro\/\",\"name\":\"Espace Pro\",\"description\":\"Informations et outils pour les professionnels et la Presse\",\"potentialAction\":[{\"@type\":\"SearchAction\",\"target\":{\"@type\":\"EntryPoint\",\"urlTemplate\":\"https:\/\/www.tourisme-valdemarne.com\/espace-pro\/?s={search_term_string}\"},\"query-input\":{\"@type\":\"PropertyValueSpecification\",\"valueRequired\":true,\"valueName\":\"search_term_string\"}}],\"inLanguage\":\"fr-FR\"}]}<\/script>\n<!-- \/ Yoast SEO plugin. -->","yoast_head_json":{"title":"Eductour 2018 : Tendances MICE - Espace Pro","robots":{"index":"index","follow":"follow","max-snippet":"max-snippet:-1","max-image-preview":"max-image-preview:large","max-video-preview":"max-video-preview:-1"},"canonical":"https:\/\/www.tourisme-valdemarne.com\/espace-pro\/seminaires-et-receptions-pro\/eductours-salons\/eductours\/eductour-2018-tendances-mice\/","og_locale":"fr_FR","og_type":"article","og_title":"Eductour 2018 : Tendances MICE - Espace Pro","og_description":"Vous \u00eates r\u00e9guli\u00e8rement en charge de l\u2019organisation d\u2019\u00e9v\u00e9nements au sein de votre entreprise ou association ? Participez \u00e0 Tendances MICE, un \u00e9v\u00e8nement co-organis\u00e9 par Val-de-Marne Tourisme &amp; Loisirs, Seine-Saint-Denis Tourisme et l&rsquo;Office du Tourisme de Roissy-en-France, en partenariat avec le Comit\u00e9 R\u00e9gional du Tourisme Paris-Ile de France. Apr\u00e8s vous avoir fait d\u00e9couvrir le secteur Orly-Rungis, [&hellip;]","og_url":"https:\/\/www.tourisme-valdemarne.com\/espace-pro\/seminaires-et-receptions-pro\/eductours-salons\/eductours\/eductour-2018-tendances-mice\/","og_site_name":"Espace Pro","article_modified_time":"2025-07-07T08:48:48+00:00","og_image":[{"width":1600,"height":1065,"url":"https:\/\/www.tourisme-valdemarne.com\/espace-pro\/wp-content\/uploads\/sites\/3\/2019\/05\/palais-porte-doree.jpg","type":"image\/jpeg"}],"twitter_card":"summary_large_image","twitter_misc":{"Dur\u00e9e de lecture estim\u00e9e":"3 minutes"},"schema":{"@context":"https:\/\/schema.org","@graph":[{"@type":"WebPage","@id":"https:\/\/www.tourisme-valdemarne.com\/espace-pro\/seminaires-et-receptions-pro\/eductours-salons\/eductours\/eductour-2018-tendances-mice\/","url":"https:\/\/www.tourisme-valdemarne.com\/espace-pro\/seminaires-et-receptions-pro\/eductours-salons\/eductours\/eductour-2018-tendances-mice\/","name":"Eductour 2018 : Tendances MICE - Espace Pro","isPartOf":{"@id":"https:\/\/www.tourisme-valdemarne.com\/espace-pro\/#website"},"primaryImageOfPage":{"@id":"https:\/\/www.tourisme-valdemarne.com\/espace-pro\/seminaires-et-receptions-pro\/eductours-salons\/eductours\/eductour-2018-tendances-mice\/#primaryimage"},"image":{"@id":"https:\/\/www.tourisme-valdemarne.com\/espace-pro\/seminaires-et-receptions-pro\/eductours-salons\/eductours\/eductour-2018-tendances-mice\/#primaryimage"},"thumbnailUrl":"https:\/\/www.tourisme-valdemarne.com\/espace-pro\/wp-content\/uploads\/sites\/3\/2019\/05\/palais-porte-doree.jpg","datePublished":"2019-04-16T14:28:50+00:00","dateModified":"2025-07-07T08:48:48+00:00","breadcrumb":{"@id":"https:\/\/www.tourisme-valdemarne.com\/espace-pro\/seminaires-et-receptions-pro\/eductours-salons\/eductours\/eductour-2018-tendances-mice\/#breadcrumb"},"inLanguage":"fr-FR","potentialAction":[{"@type":"ReadAction","target":["https:\/\/www.tourisme-valdemarne.com\/espace-pro\/seminaires-et-receptions-pro\/eductours-salons\/eductours\/eductour-2018-tendances-mice\/"]}]},{"@type":"ImageObject","inLanguage":"fr-FR","@id":"https:\/\/www.tourisme-valdemarne.com\/espace-pro\/seminaires-et-receptions-pro\/eductours-salons\/eductours\/eductour-2018-tendances-mice\/#primaryimage","url":"https:\/\/www.tourisme-valdemarne.com\/espace-pro\/wp-content\/uploads\/sites\/3\/2019\/05\/palais-porte-doree.jpg","contentUrl":"https:\/\/www.tourisme-valdemarne.com\/espace-pro\/wp-content\/uploads\/sites\/3\/2019\/05\/palais-porte-doree.jpg","width":1600,"height":1065,"caption":"Palais de la Porte Dor\u00e9e \u00a9 CDT94\/N.Jestin"},{"@type":"BreadcrumbList","@id":"https:\/\/www.tourisme-valdemarne.com\/espace-pro\/seminaires-et-receptions-pro\/eductours-salons\/eductours\/eductour-2018-tendances-mice\/#breadcrumb","itemListElement":[{"@type":"ListItem","position":1,"name":"Accueil","item":"https:\/\/www.tourisme-valdemarne.com\/espace-pro\/"},{"@type":"ListItem","position":2,"name":"S\u00e9minaires et r\u00e9ceptions Pro","item":"https:\/\/www.tourisme-valdemarne.com\/espace-pro\/seminaires-et-receptions-pro\/"},{"@type":"ListItem","position":3,"name":"Eductours &#038; Salons","item":"https:\/\/www.tourisme-valdemarne.com\/espace-pro\/seminaires-et-receptions-pro\/eductours-salons\/"},{"@type":"ListItem","position":4,"name":"Eductours","item":"https:\/\/www.tourisme-valdemarne.com\/espace-pro\/seminaires-et-receptions-pro\/eductours-salons\/eductours\/"},{"@type":"ListItem","position":5,"name":"Eductour 2018 : Tendances MICE"}]},{"@type":"WebSite","@id":"https:\/\/www.tourisme-valdemarne.com\/espace-pro\/#website","url":"https:\/\/www.tourisme-valdemarne.com\/espace-pro\/","name":"Espace Pro","description":"Informations et outils pour les professionnels et la Presse","potentialAction":[{"@type":"SearchAction","target":{"@type":"EntryPoint","urlTemplate":"https:\/\/www.tourisme-valdemarne.com\/espace-pro\/?s={search_term_string}"},"query-input":{"@type":"PropertyValueSpecification","valueRequired":true,"valueName":"search_term_string"}}],"inLanguage":"fr-FR"}]}},"_links":{"self":[{"href":"https:\/\/www.tourisme-valdemarne.com\/espace-pro\/wp-json\/wp\/v2\/pages\/263","targetHints":{"allow":["GET"]}}],"collection":[{"href":"https:\/\/www.tourisme-valdemarne.com\/espace-pro\/wp-json\/wp\/v2\/pages"}],"about":[{"href":"https:\/\/www.tourisme-valdemarne.com\/espace-pro\/wp-json\/wp\/v2\/types\/page"}],"author":[{"embeddable":true,"href":"https:\/\/www.tourisme-valdemarne.com\/espace-pro\/wp-json\/wp\/v2\/users\/1"}],"replies":[{"embeddable":true,"href":"https:\/\/www.tourisme-valdemarne.com\/espace-pro\/wp-json\/wp\/v2\/comments?post=263"}],"version-history":[{"count":5,"href":"https:\/\/www.tourisme-valdemarne.com\/espace-pro\/wp-json\/wp\/v2\/pages\/263\/revisions"}],"predecessor-version":[{"id":29593,"href":"https:\/\/www.tourisme-valdemarne.com\/espace-pro\/wp-json\/wp\/v2\/pages\/263\/revisions\/29593"}],"up":[{"embeddable":true,"href":"https:\/\/www.tourisme-valdemarne.com\/espace-pro\/wp-json\/wp\/v2\/pages\/195"}],"wp:featuredmedia":[{"embeddable":true,"href":"https:\/\/www.tourisme-valdemarne.com\/espace-pro\/wp-json\/wp\/v2\/media\/3005"}],"wp:attachment":[{"href":"https:\/\/www.tourisme-valdemarne.com\/espace-pro\/wp-json\/wp\/v2\/media?parent=263"}],"wp:term":[{"taxonomy":"vdmTagMarketing","embeddable":true,"href":"https:\/\/www.tourisme-valdemarne.com\/espace-pro\/wp-json\/wp\/v2\/vdmTagMarketing?post=263"}],"curies":[{"name":"wp","href":"https:\/\/api.w.org\/{rel}","templated":true}]}}