{"id":260,"date":"2019-04-16T16:28:34","date_gmt":"2019-04-16T14:28:34","guid":{"rendered":"https:\/\/www.tourisme-valdemarne.com\/espace-pro\/eductour-2018-la-vie-de-chateau"},"modified":"2024-03-04T16:15:03","modified_gmt":"2024-03-04T15:15:03","slug":"eductour-2018-la-vie-de-chateau","status":"publish","type":"page","link":"https:\/\/www.tourisme-valdemarne.com\/espace-pro\/seminaires-et-receptions-pro\/eductours-salons\/eductours\/eductour-2018-la-vie-de-chateau\/","title":{"rendered":"Eductour 2018 : La vie de ch\u00e2teau"},"content":{"rendered":"\n<p class=\"is-style-excerpt\">Le 26 juin 2018, apr\u00e8s les \u00ab lieux aux bords de l\u2019eau \u00bb et \u00ab Paris-Orly-Rungis \u00bb, nous vous avons fait d\u00e9couvrir le secteur de Vincennes et le Plateau Briard afin de vous faire d\u00e9couvrir les plus beaux ch\u00e2teaux pouvant accueillir des \u00e9v\u00e9nements professionnels : s\u00e9minaires, assembl\u00e9es g\u00e9n\u00e9rales, congr\u00e8s, lancements de produits, tournages, etc.<\/p>\n\n\n\n<p>Nous avons pu voir les plus beaux ch\u00e2teaux val-de-marnais et leurs \u00e9quipes \u00e9v\u00e8nementielles entre patrimoine et business. D\u00e9part \u00e0 8h45 du <a href=\"https:\/\/www.tourisme-valdemarne.com\/espace-pro\/seminaire\/chateau-de-vincennes\/\" target=\"_blank\" rel=\"noreferrer noopener\" aria-label=\"Ch\u00e2teau de Vincennes (s\u2019ouvre dans un nouvel onglet)\">Ch\u00e2teau de Vincennes<\/a>, avec un accueil caf\u00e9 dans la Sainte Chapelle, d\u00e9jeuner au Ch\u00e2teau de Santeny. Retour sur Paris vers 14h30.<\/p>\n\n\n\n<h2 class=\"wp-block-heading\">Ch\u00e2teau de Vincennes<\/h2>\n\n\n\n<figure class=\"wp-block-image alignwide\"><a href=\"https:\/\/www.tourisme-valdemarne.com\/espace-pro\/wp-content\/uploads\/sites\/3\/2019\/05\/donjon-chateau-vincennes.jpg\"><img width=\"1200\" height=\"853\" data-src=\"https:\/\/www.tourisme-valdemarne.com\/espace-pro\/wp-content\/uploads\/sites\/3\/2019\/05\/donjon-chateau-vincennes-1200x853.jpg\" alt=\"donjon chateau vincennes\" class=\"wp-image-2846\" srcset=\"https:\/\/www.tourisme-valdemarne.com\/espace-pro\/wp-content\/uploads\/sites\/3\/2019\/05\/donjon-chateau-vincennes-1200x853.jpg 1200w, https:\/\/www.tourisme-valdemarne.com\/espace-pro\/wp-content\/uploads\/sites\/3\/2019\/05\/donjon-chateau-vincennes-600x426.jpg 600w, https:\/\/www.tourisme-valdemarne.com\/espace-pro\/wp-content\/uploads\/sites\/3\/2019\/05\/donjon-chateau-vincennes-900x640.jpg 900w, https:\/\/www.tourisme-valdemarne.com\/espace-pro\/wp-content\/uploads\/sites\/3\/2019\/05\/donjon-chateau-vincennes-380x270.jpg 380w, https:\/\/www.tourisme-valdemarne.com\/espace-pro\/wp-content\/uploads\/sites\/3\/2019\/05\/donjon-chateau-vincennes-200x142.jpg 200w, https:\/\/www.tourisme-valdemarne.com\/espace-pro\/wp-content\/uploads\/sites\/3\/2019\/05\/donjon-chateau-vincennes.jpg 1600w\" sizes=\"(max-width: 1200px) 100vw, 1200px\" \/><\/a><figcaption>Donjon du Ch\u00e2teau de Vincennes \u00a9 CDT94\/D.Thierry<\/figcaption><\/figure>\n\n\n\n<p>Le Centre des Monuments Nationaux y loue plusieurs espaces pour des \u00e9v\u00e8nements professionnels. Nous avons visit\u00e9 le donjon jusqu&rsquo;\u00e0 son sommet, les casemates et la Sainte-Chapelle qui accueillait une exposition sur l\u2019histoire des graffitis du XVIe au XXe si\u00e8cle.<\/p>\n\n\n\n<h2 class=\"wp-block-heading\">Ch\u00e2teau de Santeny<\/h2>\n\n\n\n<p>Ce ch\u00e2teau priv\u00e9 du XIX\u00e8me si\u00e8cle vous accueille pour vos \u00e9v\u00e8nements au c\u0153ur d&rsquo;un magnifique domaine de 4 hectares. Avec sept salles pouvant accueillir jusqu&rsquo;\u00e0 200 personnes, le <a href=\"https:\/\/www.tourisme-valdemarne.com\/espace-pro\/seminaire\/chateau-de-santeny\/\" target=\"_blank\" rel=\"noreferrer noopener\" aria-label=\"Ch\u00e2teau de Santeny (s\u2019ouvre dans un nouvel onglet)\">Ch\u00e2teau de Santeny<\/a> est un \u00e9crin de luxe pour vos \u00e9v\u00e8nements professionnels comme priv\u00e9s mais accueille aussi des shootings et tournages.<\/p>\n\n\n\n<h2 class=\"wp-block-heading\">Ch\u00e2teau de Grosbois<\/h2>\n\n\n\n<figure class=\"wp-block-image\"><a href=\"https:\/\/www.tourisme-valdemarne.com\/espace-pro\/wp-content\/uploads\/sites\/3\/2019\/05\/facade-chateau-grosbois-boissy-saint-leger-cp-cdt94-d-thierry.jpg\"><img width=\"1200\" height=\"804\" data-src=\"https:\/\/www.tourisme-valdemarne.com\/espace-pro\/wp-content\/uploads\/sites\/3\/2019\/05\/facade-chateau-grosbois-boissy-saint-leger-cp-cdt94-d-thierry-1200x804.jpg\" alt=\"chateau de grosbois\" class=\"wp-image-2852\" srcset=\"https:\/\/www.tourisme-valdemarne.com\/espace-pro\/wp-content\/uploads\/sites\/3\/2019\/05\/facade-chateau-grosbois-boissy-saint-leger-cp-cdt94-d-thierry-1200x804.jpg 1200w, https:\/\/www.tourisme-valdemarne.com\/espace-pro\/wp-content\/uploads\/sites\/3\/2019\/05\/facade-chateau-grosbois-boissy-saint-leger-cp-cdt94-d-thierry-600x402.jpg 600w, https:\/\/www.tourisme-valdemarne.com\/espace-pro\/wp-content\/uploads\/sites\/3\/2019\/05\/facade-chateau-grosbois-boissy-saint-leger-cp-cdt94-d-thierry-900x603.jpg 900w, https:\/\/www.tourisme-valdemarne.com\/espace-pro\/wp-content\/uploads\/sites\/3\/2019\/05\/facade-chateau-grosbois-boissy-saint-leger-cp-cdt94-d-thierry-380x255.jpg 380w, https:\/\/www.tourisme-valdemarne.com\/espace-pro\/wp-content\/uploads\/sites\/3\/2019\/05\/facade-chateau-grosbois-boissy-saint-leger-cp-cdt94-d-thierry-200x134.jpg 200w, https:\/\/www.tourisme-valdemarne.com\/espace-pro\/wp-content\/uploads\/sites\/3\/2019\/05\/facade-chateau-grosbois-boissy-saint-leger-cp-cdt94-d-thierry.jpg 1600w\" sizes=\"(max-width: 1200px) 100vw, 1200px\" \/><\/a><figcaption>Chateau de Grosbois \u00a9 CDT94\/D.Thierry<\/figcaption><\/figure>\n\n\n\n<p>Le <a aria-label=\"Ch\u00e2teau de Grosbois (s\u2019ouvre dans un nouvel onglet)\" href=\"https:\/\/www.tourisme-valdemarne.com\/espace-pro\/seminaire\/domaine-de-grosbois\/\" target=\"_blank\" rel=\"noreferrer noopener\">Ch\u00e2teau de Grosbois<\/a>, initialement r\u00e9nov\u00e9 par un ancien mar\u00e9chal napol\u00e9onien, est situ\u00e9 au c\u0153ur du centre d&rsquo;entrainement du Cheval Fran\u00e7ais (\u00e9galement propri\u00e9taire de &lt;a href=\u00a0\u00bbhttps:\/\/www.tourisme-valdemarne.com\/loisir\/hippodrome-de-paris-vincennes\/\u00a0\u00bb>l&rsquo;hippodrome de Vincennes&lt;\/a>). Un d\u00e9cor imp\u00e9rial authentique \u00e0 d\u00e9couvrir : l&rsquo;orangerie, les man\u00e8ges \u00e0 chevaux, le mus\u00e9e du trot et ses galeries\u2026<\/p>\n\n\n\n<h2 class=\"wp-block-heading\">D\u00e9jeuner avec St\u00e9fani Traiteur au Ch\u00e2teau de Santeny<\/h2>\n\n\n\n<p>Le traiteur de Marolles-en-Brie propose depuis plus de 20 ans des offres de restauration diverses. Il s&rsquo;\u00e9tait install\u00e9 dans une salle du Ch\u00e2teau de Santeny avec vue sur le jardin pour un cocktail d\u00e9jeunatoire.<\/p>\n","protected":false},"excerpt":{"rendered":"<p>Le 26 juin 2018, apr\u00e8s les \u00ab lieux aux bords de l\u2019eau \u00bb et \u00ab Paris-Orly-Rungis \u00bb, nous vous avons fait d\u00e9couvrir le secteur de Vincennes et le Plateau Briard afin de vous faire d\u00e9couvrir les plus beaux ch\u00e2teaux pouvant accueillir des \u00e9v\u00e9nements professionnels : s\u00e9minaires, assembl\u00e9es g\u00e9n\u00e9rales, congr\u00e8s, lancements de produits, tournages, etc. Nous [&hellip;]<\/p>\n","protected":false},"author":1,"featured_media":2997,"parent":195,"menu_order":10,"comment_status":"closed","ping_status":"closed","template":"","meta":{"_relevanssi_hide_post":"","_relevanssi_hide_content":"","_relevanssi_pin_for_all":"","_relevanssi_pin_keywords":"","_relevanssi_unpin_keywords":"","_relevanssi_related_keywords":"","_relevanssi_related_include_ids":"","_relevanssi_related_exclude_ids":"","_relevanssi_related_no_append":"","_relevanssi_related_not_related":"","_relevanssi_related_posts":"442,2745,444,8104,2751,8083","_relevanssi_noindex_reason":"","footnotes":""},"vdmTagMarketing":[],"class_list":["post-260","page","type-page","status-publish","has-post-thumbnail","hentry"],"acf":[],"yoast_head":"<!-- This site is optimized with the Yoast SEO plugin v23.9 - https:\/\/yoast.com\/wordpress\/plugins\/seo\/ -->\n<title>Eductour 2018 : La vie de ch\u00e2teau - Espace Pro<\/title>\n<meta name=\"robots\" content=\"index, follow, max-snippet:-1, max-image-preview:large, max-video-preview:-1\" \/>\n<link rel=\"canonical\" href=\"https:\/\/www.tourisme-valdemarne.com\/espace-pro\/seminaires-et-receptions-pro\/eductours-salons\/eductours\/eductour-2018-la-vie-de-chateau\/\" \/>\n<meta property=\"og:locale\" content=\"fr_FR\" \/>\n<meta property=\"og:type\" content=\"article\" \/>\n<meta property=\"og:title\" content=\"Eductour 2018 : La vie de ch\u00e2teau - Espace Pro\" \/>\n<meta property=\"og:description\" content=\"Le 26 juin 2018, apr\u00e8s les \u00ab lieux aux bords de l\u2019eau \u00bb et \u00ab Paris-Orly-Rungis \u00bb, nous vous avons fait d\u00e9couvrir le secteur de Vincennes et le Plateau Briard afin de vous faire d\u00e9couvrir les plus beaux ch\u00e2teaux pouvant accueillir des \u00e9v\u00e9nements professionnels : s\u00e9minaires, assembl\u00e9es g\u00e9n\u00e9rales, congr\u00e8s, lancements de produits, tournages, etc. Nous [&hellip;]\" \/>\n<meta property=\"og:url\" content=\"https:\/\/www.tourisme-valdemarne.com\/espace-pro\/seminaires-et-receptions-pro\/eductours-salons\/eductours\/eductour-2018-la-vie-de-chateau\/\" \/>\n<meta property=\"og:site_name\" content=\"Espace Pro\" \/>\n<meta property=\"article:modified_time\" content=\"2024-03-04T15:15:03+00:00\" \/>\n<meta property=\"og:image\" content=\"https:\/\/www.tourisme-valdemarne.com\/espace-pro\/wp-content\/uploads\/sites\/3\/2019\/05\/statue-chateau-vincennes.jpg\" \/>\n\t<meta property=\"og:image:width\" content=\"1600\" \/>\n\t<meta property=\"og:image:height\" content=\"1071\" \/>\n\t<meta property=\"og:image:type\" content=\"image\/jpeg\" \/>\n<meta name=\"twitter:card\" content=\"summary_large_image\" \/>\n<meta name=\"twitter:label1\" content=\"Dur\u00e9e de lecture estim\u00e9e\" \/>\n\t<meta name=\"twitter:data1\" content=\"2 minutes\" \/>\n<script type=\"application\/ld+json\" class=\"yoast-schema-graph\">{\"@context\":\"https:\/\/schema.org\",\"@graph\":[{\"@type\":\"WebPage\",\"@id\":\"https:\/\/www.tourisme-valdemarne.com\/espace-pro\/seminaires-et-receptions-pro\/eductours-salons\/eductours\/eductour-2018-la-vie-de-chateau\/\",\"url\":\"https:\/\/www.tourisme-valdemarne.com\/espace-pro\/seminaires-et-receptions-pro\/eductours-salons\/eductours\/eductour-2018-la-vie-de-chateau\/\",\"name\":\"Eductour 2018 : La vie de ch\u00e2teau - Espace Pro\",\"isPartOf\":{\"@id\":\"https:\/\/www.tourisme-valdemarne.com\/espace-pro\/#website\"},\"primaryImageOfPage\":{\"@id\":\"https:\/\/www.tourisme-valdemarne.com\/espace-pro\/seminaires-et-receptions-pro\/eductours-salons\/eductours\/eductour-2018-la-vie-de-chateau\/#primaryimage\"},\"image\":{\"@id\":\"https:\/\/www.tourisme-valdemarne.com\/espace-pro\/seminaires-et-receptions-pro\/eductours-salons\/eductours\/eductour-2018-la-vie-de-chateau\/#primaryimage\"},\"thumbnailUrl\":\"https:\/\/www.tourisme-valdemarne.com\/espace-pro\/wp-content\/uploads\/sites\/3\/2019\/05\/statue-chateau-vincennes.jpg\",\"datePublished\":\"2019-04-16T14:28:34+00:00\",\"dateModified\":\"2024-03-04T15:15:03+00:00\",\"breadcrumb\":{\"@id\":\"https:\/\/www.tourisme-valdemarne.com\/espace-pro\/seminaires-et-receptions-pro\/eductours-salons\/eductours\/eductour-2018-la-vie-de-chateau\/#breadcrumb\"},\"inLanguage\":\"fr-FR\",\"potentialAction\":[{\"@type\":\"ReadAction\",\"target\":[\"https:\/\/www.tourisme-valdemarne.com\/espace-pro\/seminaires-et-receptions-pro\/eductours-salons\/eductours\/eductour-2018-la-vie-de-chateau\/\"]}]},{\"@type\":\"ImageObject\",\"inLanguage\":\"fr-FR\",\"@id\":\"https:\/\/www.tourisme-valdemarne.com\/espace-pro\/seminaires-et-receptions-pro\/eductours-salons\/eductours\/eductour-2018-la-vie-de-chateau\/#primaryimage\",\"url\":\"https:\/\/www.tourisme-valdemarne.com\/espace-pro\/wp-content\/uploads\/sites\/3\/2019\/05\/statue-chateau-vincennes.jpg\",\"contentUrl\":\"https:\/\/www.tourisme-valdemarne.com\/espace-pro\/wp-content\/uploads\/sites\/3\/2019\/05\/statue-chateau-vincennes.jpg\",\"width\":1600,\"height\":1071,\"caption\":\"Statue du Chateau de Vincennes \u00a9 CDT94\/D.Thierry\"},{\"@type\":\"BreadcrumbList\",\"@id\":\"https:\/\/www.tourisme-valdemarne.com\/espace-pro\/seminaires-et-receptions-pro\/eductours-salons\/eductours\/eductour-2018-la-vie-de-chateau\/#breadcrumb\",\"itemListElement\":[{\"@type\":\"ListItem\",\"position\":1,\"name\":\"Accueil\",\"item\":\"https:\/\/www.tourisme-valdemarne.com\/espace-pro\/\"},{\"@type\":\"ListItem\",\"position\":2,\"name\":\"S\u00e9minaires et r\u00e9ceptions Pro\",\"item\":\"https:\/\/www.tourisme-valdemarne.com\/espace-pro\/seminaires-et-receptions-pro\/\"},{\"@type\":\"ListItem\",\"position\":3,\"name\":\"Eductours &#038; Salons\",\"item\":\"https:\/\/www.tourisme-valdemarne.com\/espace-pro\/seminaires-et-receptions-pro\/eductours-salons\/\"},{\"@type\":\"ListItem\",\"position\":4,\"name\":\"Eductours\",\"item\":\"https:\/\/www.tourisme-valdemarne.com\/espace-pro\/seminaires-et-receptions-pro\/eductours-salons\/eductours\/\"},{\"@type\":\"ListItem\",\"position\":5,\"name\":\"Eductour 2018 : La vie de ch\u00e2teau\"}]},{\"@type\":\"WebSite\",\"@id\":\"https:\/\/www.tourisme-valdemarne.com\/espace-pro\/#website\",\"url\":\"https:\/\/www.tourisme-valdemarne.com\/espace-pro\/\",\"name\":\"Espace Pro\",\"description\":\"Informations et outils pour les professionnels et la Presse\",\"potentialAction\":[{\"@type\":\"SearchAction\",\"target\":{\"@type\":\"EntryPoint\",\"urlTemplate\":\"https:\/\/www.tourisme-valdemarne.com\/espace-pro\/?s={search_term_string}\"},\"query-input\":{\"@type\":\"PropertyValueSpecification\",\"valueRequired\":true,\"valueName\":\"search_term_string\"}}],\"inLanguage\":\"fr-FR\"}]}<\/script>\n<!-- \/ Yoast SEO plugin. -->","yoast_head_json":{"title":"Eductour 2018 : La vie de ch\u00e2teau - Espace Pro","robots":{"index":"index","follow":"follow","max-snippet":"max-snippet:-1","max-image-preview":"max-image-preview:large","max-video-preview":"max-video-preview:-1"},"canonical":"https:\/\/www.tourisme-valdemarne.com\/espace-pro\/seminaires-et-receptions-pro\/eductours-salons\/eductours\/eductour-2018-la-vie-de-chateau\/","og_locale":"fr_FR","og_type":"article","og_title":"Eductour 2018 : La vie de ch\u00e2teau - Espace Pro","og_description":"Le 26 juin 2018, apr\u00e8s les \u00ab lieux aux bords de l\u2019eau \u00bb et \u00ab Paris-Orly-Rungis \u00bb, nous vous avons fait d\u00e9couvrir le secteur de Vincennes et le Plateau Briard afin de vous faire d\u00e9couvrir les plus beaux ch\u00e2teaux pouvant accueillir des \u00e9v\u00e9nements professionnels : s\u00e9minaires, assembl\u00e9es g\u00e9n\u00e9rales, congr\u00e8s, lancements de produits, tournages, etc. Nous [&hellip;]","og_url":"https:\/\/www.tourisme-valdemarne.com\/espace-pro\/seminaires-et-receptions-pro\/eductours-salons\/eductours\/eductour-2018-la-vie-de-chateau\/","og_site_name":"Espace Pro","article_modified_time":"2024-03-04T15:15:03+00:00","og_image":[{"width":1600,"height":1071,"url":"https:\/\/www.tourisme-valdemarne.com\/espace-pro\/wp-content\/uploads\/sites\/3\/2019\/05\/statue-chateau-vincennes.jpg","type":"image\/jpeg"}],"twitter_card":"summary_large_image","twitter_misc":{"Dur\u00e9e de lecture estim\u00e9e":"2 minutes"},"schema":{"@context":"https:\/\/schema.org","@graph":[{"@type":"WebPage","@id":"https:\/\/www.tourisme-valdemarne.com\/espace-pro\/seminaires-et-receptions-pro\/eductours-salons\/eductours\/eductour-2018-la-vie-de-chateau\/","url":"https:\/\/www.tourisme-valdemarne.com\/espace-pro\/seminaires-et-receptions-pro\/eductours-salons\/eductours\/eductour-2018-la-vie-de-chateau\/","name":"Eductour 2018 : La vie de ch\u00e2teau - Espace Pro","isPartOf":{"@id":"https:\/\/www.tourisme-valdemarne.com\/espace-pro\/#website"},"primaryImageOfPage":{"@id":"https:\/\/www.tourisme-valdemarne.com\/espace-pro\/seminaires-et-receptions-pro\/eductours-salons\/eductours\/eductour-2018-la-vie-de-chateau\/#primaryimage"},"image":{"@id":"https:\/\/www.tourisme-valdemarne.com\/espace-pro\/seminaires-et-receptions-pro\/eductours-salons\/eductours\/eductour-2018-la-vie-de-chateau\/#primaryimage"},"thumbnailUrl":"https:\/\/www.tourisme-valdemarne.com\/espace-pro\/wp-content\/uploads\/sites\/3\/2019\/05\/statue-chateau-vincennes.jpg","datePublished":"2019-04-16T14:28:34+00:00","dateModified":"2024-03-04T15:15:03+00:00","breadcrumb":{"@id":"https:\/\/www.tourisme-valdemarne.com\/espace-pro\/seminaires-et-receptions-pro\/eductours-salons\/eductours\/eductour-2018-la-vie-de-chateau\/#breadcrumb"},"inLanguage":"fr-FR","potentialAction":[{"@type":"ReadAction","target":["https:\/\/www.tourisme-valdemarne.com\/espace-pro\/seminaires-et-receptions-pro\/eductours-salons\/eductours\/eductour-2018-la-vie-de-chateau\/"]}]},{"@type":"ImageObject","inLanguage":"fr-FR","@id":"https:\/\/www.tourisme-valdemarne.com\/espace-pro\/seminaires-et-receptions-pro\/eductours-salons\/eductours\/eductour-2018-la-vie-de-chateau\/#primaryimage","url":"https:\/\/www.tourisme-valdemarne.com\/espace-pro\/wp-content\/uploads\/sites\/3\/2019\/05\/statue-chateau-vincennes.jpg","contentUrl":"https:\/\/www.tourisme-valdemarne.com\/espace-pro\/wp-content\/uploads\/sites\/3\/2019\/05\/statue-chateau-vincennes.jpg","width":1600,"height":1071,"caption":"Statue du Chateau de Vincennes \u00a9 CDT94\/D.Thierry"},{"@type":"BreadcrumbList","@id":"https:\/\/www.tourisme-valdemarne.com\/espace-pro\/seminaires-et-receptions-pro\/eductours-salons\/eductours\/eductour-2018-la-vie-de-chateau\/#breadcrumb","itemListElement":[{"@type":"ListItem","position":1,"name":"Accueil","item":"https:\/\/www.tourisme-valdemarne.com\/espace-pro\/"},{"@type":"ListItem","position":2,"name":"S\u00e9minaires et r\u00e9ceptions Pro","item":"https:\/\/www.tourisme-valdemarne.com\/espace-pro\/seminaires-et-receptions-pro\/"},{"@type":"ListItem","position":3,"name":"Eductours &#038; Salons","item":"https:\/\/www.tourisme-valdemarne.com\/espace-pro\/seminaires-et-receptions-pro\/eductours-salons\/"},{"@type":"ListItem","position":4,"name":"Eductours","item":"https:\/\/www.tourisme-valdemarne.com\/espace-pro\/seminaires-et-receptions-pro\/eductours-salons\/eductours\/"},{"@type":"ListItem","position":5,"name":"Eductour 2018 : La vie de ch\u00e2teau"}]},{"@type":"WebSite","@id":"https:\/\/www.tourisme-valdemarne.com\/espace-pro\/#website","url":"https:\/\/www.tourisme-valdemarne.com\/espace-pro\/","name":"Espace Pro","description":"Informations et outils pour les professionnels et la Presse","potentialAction":[{"@type":"SearchAction","target":{"@type":"EntryPoint","urlTemplate":"https:\/\/www.tourisme-valdemarne.com\/espace-pro\/?s={search_term_string}"},"query-input":{"@type":"PropertyValueSpecification","valueRequired":true,"valueName":"search_term_string"}}],"inLanguage":"fr-FR"}]}},"_links":{"self":[{"href":"https:\/\/www.tourisme-valdemarne.com\/espace-pro\/wp-json\/wp\/v2\/pages\/260","targetHints":{"allow":["GET"]}}],"collection":[{"href":"https:\/\/www.tourisme-valdemarne.com\/espace-pro\/wp-json\/wp\/v2\/pages"}],"about":[{"href":"https:\/\/www.tourisme-valdemarne.com\/espace-pro\/wp-json\/wp\/v2\/types\/page"}],"author":[{"embeddable":true,"href":"https:\/\/www.tourisme-valdemarne.com\/espace-pro\/wp-json\/wp\/v2\/users\/1"}],"replies":[{"embeddable":true,"href":"https:\/\/www.tourisme-valdemarne.com\/espace-pro\/wp-json\/wp\/v2\/comments?post=260"}],"version-history":[{"count":5,"href":"https:\/\/www.tourisme-valdemarne.com\/espace-pro\/wp-json\/wp\/v2\/pages\/260\/revisions"}],"predecessor-version":[{"id":26535,"href":"https:\/\/www.tourisme-valdemarne.com\/espace-pro\/wp-json\/wp\/v2\/pages\/260\/revisions\/26535"}],"up":[{"embeddable":true,"href":"https:\/\/www.tourisme-valdemarne.com\/espace-pro\/wp-json\/wp\/v2\/pages\/195"}],"wp:featuredmedia":[{"embeddable":true,"href":"https:\/\/www.tourisme-valdemarne.com\/espace-pro\/wp-json\/wp\/v2\/media\/2997"}],"wp:attachment":[{"href":"https:\/\/www.tourisme-valdemarne.com\/espace-pro\/wp-json\/wp\/v2\/media?parent=260"}],"wp:term":[{"taxonomy":"vdmTagMarketing","embeddable":true,"href":"https:\/\/www.tourisme-valdemarne.com\/espace-pro\/wp-json\/wp\/v2\/vdmTagMarketing?post=260"}],"curies":[{"name":"wp","href":"https:\/\/api.w.org\/{rel}","templated":true}]}}