{"id":258,"date":"2019-04-16T16:28:16","date_gmt":"2019-04-16T14:28:16","guid":{"rendered":"https:\/\/www.tourisme-valdemarne.com\/espace-pro\/eductour-2017-entre-paris-et-orly"},"modified":"2024-02-06T11:47:12","modified_gmt":"2024-02-06T10:47:12","slug":"eductour-2017-entre-paris-et-orly","status":"publish","type":"page","link":"https:\/\/www.tourisme-valdemarne.com\/espace-pro\/seminaires-et-receptions-pro\/eductours-salons\/eductours\/eductour-2017-entre-paris-et-orly\/","title":{"rendered":"Eductour 2017 : Entre Paris et Orly"},"content":{"rendered":"\n<p class=\"is-style-excerpt\">Le 5 d\u00e9cembre 2017, apr\u00e8s les la d\u00e9couverte des lieux \u00ab aux bords de l\u2019eau \u00bb, Val-de-Marne Tourisme &amp; Loisirs vous a propos\u00e9 un Eductour tourisme d&rsquo;affaires entre Paris et Orly, afin de d\u00e9couvrir des sites d\u00e9di\u00e9s \u00e0 l&rsquo;organisation d\u2019\u00e9v\u00e9nements professionnels : s\u00e9minaires, assembl\u00e9es g\u00e9n\u00e9rales, congr\u00e8s, lancements de produits, etc.<\/p>\n\n\n\n<p>Dans la matin\u00e9e, nous avons visitez avec vous tour \u00e0 tour ces espaces modernes et modulables situ\u00e9s \u00e0 proximit\u00e9 du march\u00e9 de Rungis et de l&rsquo;a\u00e9roport d&rsquo;Orly, un territoire qui repr\u00e9sente le plus grand bassin d&#8217;emploi de la r\u00e9gion parisienne et qui est aujourd\u2019hui en pleine mutation.<\/p>\n\n\n\n<h2 class=\"wp-block-heading\">Stade Charlety<\/h2>\n\n\n\n<figure class=\"wp-block-image size-full\"><a href=\"https:\/\/www.tourisme-valdemarne.com\/espace-pro\/wp-content\/uploads\/sites\/3\/2023\/02\/stade-charlety.jpg\"><img width=\"1100\" height=\"734\" data-src=\"https:\/\/www.tourisme-valdemarne.com\/espace-pro\/wp-content\/uploads\/sites\/3\/2023\/02\/stade-charlety.jpg\" alt=\"Stade Charlety avec les tribunes vides\" class=\"wp-image-14293\" srcset=\"https:\/\/www.tourisme-valdemarne.com\/espace-pro\/wp-content\/uploads\/sites\/3\/2023\/02\/stade-charlety.jpg 1100w, https:\/\/www.tourisme-valdemarne.com\/espace-pro\/wp-content\/uploads\/sites\/3\/2023\/02\/stade-charlety-600x400.jpg 600w, https:\/\/www.tourisme-valdemarne.com\/espace-pro\/wp-content\/uploads\/sites\/3\/2023\/02\/stade-charlety-900x601.jpg 900w, https:\/\/www.tourisme-valdemarne.com\/espace-pro\/wp-content\/uploads\/sites\/3\/2023\/02\/stade-charlety-380x254.jpg 380w, https:\/\/www.tourisme-valdemarne.com\/espace-pro\/wp-content\/uploads\/sites\/3\/2023\/02\/stade-charlety-200x133.jpg 200w\" sizes=\"(max-width: 1100px) 100vw, 1100px\" \/><\/a><figcaption>Stade Charlety \u00a9 H4stings<\/figcaption><\/figure>\n\n\n\n<p>Stade mythique du Sud de Paris, le <a href=\"https:\/\/www.tourisme-valdemarne.com\/espace-pro\/seminaire\/stade-charlety\/\" target=\"_blank\" rel=\"noreferrer noopener\" aria-label=\"Stade Charlety (s\u2019ouvre dans un nouvel onglet)\">Stade Charlety<\/a> est dot\u00e9 de six salles modulables prestigieuses et d\u2019une infrastructure fonctionnelle (office traiteur et vestiaires) pour tout type d&rsquo;\u00e9v\u00e8nements. Le Gymnase Charpy, salle omnisports de 1400 places, est \u00e9galement accessible pendant l&rsquo;\u00e9t\u00e9. D\u00e9part en car apr\u00e8s la visite.<\/p>\n\n\n\n<h2 class=\"wp-block-heading\">Espace Jean Monnet<\/h2>\n\n\n\n<p>A 10 kilom\u00e8tres de Paris et \u00e0 proximit\u00e9 imm\u00e9diate de l&rsquo;a\u00e9roport d&rsquo;Orly, au c\u0153ur d&rsquo;un parc h\u00f4telier exceptionnel, l&rsquo;<a href=\"https:\/\/www.tourisme-valdemarne.com\/espace-pro\/seminaire\/espace-jean-monnet\/\" target=\"_blank\" rel=\"noreferrer noopener\" aria-label=\"Espace Jean Monnet (s\u2019ouvre dans un nouvel onglet)\">Espace Jean Monnet<\/a> dispose d&rsquo;un espace polyvalent de plus de 13 000 m\u00b2 sur deux niveaux dont la plus grande salle de s\u00e9minaire du Val-de-Marne.<\/p>\n\n\n\n<h2 class=\"wp-block-heading\">Novotel Paris Orly-Rungis<\/h2>\n\n\n\n<div class=\"wp-block-image\"><figure class=\"aligncenter size-full is-resized\"><a href=\"https:\/\/www.tourisme-valdemarne.com\/espace-pro\/wp-content\/uploads\/sites\/3\/2023\/02\/hotel-novotel-orly-rungis-piscine.jpg\"><img data-src=\"https:\/\/www.tourisme-valdemarne.com\/espace-pro\/wp-content\/uploads\/sites\/3\/2023\/02\/hotel-novotel-orly-rungis-piscine.jpg\" alt=\"Piscine et terrasse du Novotel Orly Rungis\" class=\"wp-image-14294\" width=\"329\" height=\"494\" srcset=\"https:\/\/www.tourisme-valdemarne.com\/espace-pro\/wp-content\/uploads\/sites\/3\/2023\/02\/hotel-novotel-orly-rungis-piscine.jpg 700w, https:\/\/www.tourisme-valdemarne.com\/espace-pro\/wp-content\/uploads\/sites\/3\/2023\/02\/hotel-novotel-orly-rungis-piscine-400x600.jpg 400w, https:\/\/www.tourisme-valdemarne.com\/espace-pro\/wp-content\/uploads\/sites\/3\/2023\/02\/hotel-novotel-orly-rungis-piscine-600x900.jpg 600w, https:\/\/www.tourisme-valdemarne.com\/espace-pro\/wp-content\/uploads\/sites\/3\/2023\/02\/hotel-novotel-orly-rungis-piscine-380x570.jpg 380w, https:\/\/www.tourisme-valdemarne.com\/espace-pro\/wp-content\/uploads\/sites\/3\/2023\/02\/hotel-novotel-orly-rungis-piscine-200x300.jpg 200w\" sizes=\"(max-width: 329px) 100vw, 329px\" \/><\/a><figcaption>Piscine du Novotel Orly Rungis \u00a9 Jacques-Yves Gucia<\/figcaption><\/figure><\/div>\n\n\n\n<p>Cet h\u00f4tel 4 \u00e9toiles de 180 chambres est id\u00e9alement install\u00e9 face au March\u00e9 de Rungis et \u00e0 cinq minutes de l&rsquo;a\u00e9roport d&rsquo;Orly (navette gratuite). L&rsquo;h\u00f4tel dispose de 12 salles de r\u00e9union (1000 m\u00b2), d&rsquo;une piscine ext\u00e9rieure et d&rsquo;une terrasse, d&rsquo;un bar et d&rsquo;un restaurant ouvert tous les jours.<\/p>\n\n\n\n<h2 class=\"wp-block-heading\">A\u00e9roports de Paris &#8211; Centre de Conf\u00e9rence &#8211; Orly Sud<\/h2>\n\n\n\n<p>Au c\u0153ur du <a href=\"https:\/\/www.tourisme-valdemarne.com\/espace-pro\/seminaire\/aeroports-de-paris-centre-de-conferences-orly-sud\/\" target=\"_blank\" rel=\"noreferrer noopener\" aria-label=\"Terminal Sud de l'A\u00e9roport d'Orly (s\u2019ouvre dans un nouvel onglet)\">Terminal Sud de l&rsquo;A\u00e9roport d&rsquo;Orly<\/a>, nous avons d\u00e9couvert une dizaine de salles de tailles multiples dont une grande terrasse avec vue sur les avions. Pratique et international, vous pourrez ainsi profiter du savoir-faire d&rsquo;A\u00e9roports de Paris.<\/p>\n\n\n\n<h2 class=\"wp-block-heading\">D\u00e9jeuner au CUP Orly<\/h2>\n\n\n\n<p>CUP pour Cuisine Urbaine Parisienne, un concept simple dans un lieu atypique. Dans un d\u00e9cor rappelant les imposants pavillons Baltard, le restaurant CUP Orly offre la convivialit\u00e9, l\u2019accessibilit\u00e9 et la profusion d\u2019une cuisine du march\u00e9 au c\u0153ur du Terminal Sud d&rsquo;Orly.<\/p>\n","protected":false},"excerpt":{"rendered":"<p>Le 5 d\u00e9cembre 2017, apr\u00e8s les la d\u00e9couverte des lieux \u00ab aux bords de l\u2019eau \u00bb, Val-de-Marne Tourisme &amp; Loisirs vous a propos\u00e9 un Eductour tourisme d&rsquo;affaires entre Paris et Orly, afin de d\u00e9couvrir des sites d\u00e9di\u00e9s \u00e0 l&rsquo;organisation d\u2019\u00e9v\u00e9nements professionnels : s\u00e9minaires, assembl\u00e9es g\u00e9n\u00e9rales, congr\u00e8s, lancements de produits, etc. Dans la matin\u00e9e, nous avons [&hellip;]<\/p>\n","protected":false},"author":1,"featured_media":2990,"parent":195,"menu_order":20,"comment_status":"closed","ping_status":"closed","template":"","meta":{"_relevanssi_hide_post":"","_relevanssi_hide_content":"","_relevanssi_pin_for_all":"","_relevanssi_pin_keywords":"","_relevanssi_unpin_keywords":"","_relevanssi_related_keywords":"","_relevanssi_related_include_ids":"","_relevanssi_related_exclude_ids":"","_relevanssi_related_no_append":"","_relevanssi_related_not_related":"","_relevanssi_related_posts":"442,2745,2741,2751,2749,2747","_relevanssi_noindex_reason":"","footnotes":""},"vdmTagMarketing":[],"class_list":["post-258","page","type-page","status-publish","has-post-thumbnail","hentry"],"acf":[],"yoast_head":"<!-- This site is optimized with the Yoast SEO plugin v23.9 - https:\/\/yoast.com\/wordpress\/plugins\/seo\/ -->\n<title>\u00c9ductour entre Paris et Olry | Val-de-Marne Tourisme<\/title>\n<meta name=\"description\" content=\"Val-de-Marne Tourisme &amp; Loisirs organise des \u00c9ductours et vous fait d\u00e9couvrir les lieux d\u00e9di\u00e9es \u00e0 l&#039;organisation d&#039;\u00e9v\u00e8nements professionnels.\" \/>\n<meta name=\"robots\" content=\"index, follow, max-snippet:-1, max-image-preview:large, max-video-preview:-1\" \/>\n<link rel=\"canonical\" href=\"https:\/\/www.tourisme-valdemarne.com\/espace-pro\/seminaires-et-receptions-pro\/eductours-salons\/eductours\/eductour-2017-entre-paris-et-orly\/\" \/>\n<meta property=\"og:locale\" content=\"fr_FR\" \/>\n<meta property=\"og:type\" content=\"article\" \/>\n<meta property=\"og:title\" content=\"\u00c9ductour entre Paris et Olry | Val-de-Marne Tourisme\" \/>\n<meta property=\"og:description\" content=\"Val-de-Marne Tourisme &amp; Loisirs organise des \u00c9ductours et vous fait d\u00e9couvrir les lieux d\u00e9di\u00e9es \u00e0 l&#039;organisation d&#039;\u00e9v\u00e8nements professionnels.\" \/>\n<meta property=\"og:url\" content=\"https:\/\/www.tourisme-valdemarne.com\/espace-pro\/seminaires-et-receptions-pro\/eductours-salons\/eductours\/eductour-2017-entre-paris-et-orly\/\" \/>\n<meta property=\"og:site_name\" content=\"Espace Pro\" \/>\n<meta property=\"article:modified_time\" content=\"2024-02-06T10:47:12+00:00\" \/>\n<meta property=\"og:image\" content=\"https:\/\/www.tourisme-valdemarne.com\/espace-pro\/wp-content\/uploads\/sites\/3\/2019\/05\/restaurant-cup-orly.jpg\" \/>\n\t<meta property=\"og:image:width\" content=\"1600\" \/>\n\t<meta property=\"og:image:height\" content=\"1200\" \/>\n\t<meta property=\"og:image:type\" content=\"image\/jpeg\" \/>\n<meta name=\"twitter:card\" content=\"summary_large_image\" \/>\n<meta name=\"twitter:label1\" content=\"Dur\u00e9e de lecture estim\u00e9e\" \/>\n\t<meta name=\"twitter:data1\" content=\"3 minutes\" \/>\n<script type=\"application\/ld+json\" class=\"yoast-schema-graph\">{\"@context\":\"https:\/\/schema.org\",\"@graph\":[{\"@type\":\"WebPage\",\"@id\":\"https:\/\/www.tourisme-valdemarne.com\/espace-pro\/seminaires-et-receptions-pro\/eductours-salons\/eductours\/eductour-2017-entre-paris-et-orly\/\",\"url\":\"https:\/\/www.tourisme-valdemarne.com\/espace-pro\/seminaires-et-receptions-pro\/eductours-salons\/eductours\/eductour-2017-entre-paris-et-orly\/\",\"name\":\"\u00c9ductour entre Paris et Olry | Val-de-Marne Tourisme\",\"isPartOf\":{\"@id\":\"https:\/\/www.tourisme-valdemarne.com\/espace-pro\/#website\"},\"primaryImageOfPage\":{\"@id\":\"https:\/\/www.tourisme-valdemarne.com\/espace-pro\/seminaires-et-receptions-pro\/eductours-salons\/eductours\/eductour-2017-entre-paris-et-orly\/#primaryimage\"},\"image\":{\"@id\":\"https:\/\/www.tourisme-valdemarne.com\/espace-pro\/seminaires-et-receptions-pro\/eductours-salons\/eductours\/eductour-2017-entre-paris-et-orly\/#primaryimage\"},\"thumbnailUrl\":\"https:\/\/www.tourisme-valdemarne.com\/espace-pro\/wp-content\/uploads\/sites\/3\/2019\/05\/restaurant-cup-orly.jpg\",\"datePublished\":\"2019-04-16T14:28:16+00:00\",\"dateModified\":\"2024-02-06T10:47:12+00:00\",\"description\":\"Val-de-Marne Tourisme & Loisirs organise des \u00c9ductours et vous fait d\u00e9couvrir les lieux d\u00e9di\u00e9es \u00e0 l'organisation d'\u00e9v\u00e8nements professionnels.\",\"breadcrumb\":{\"@id\":\"https:\/\/www.tourisme-valdemarne.com\/espace-pro\/seminaires-et-receptions-pro\/eductours-salons\/eductours\/eductour-2017-entre-paris-et-orly\/#breadcrumb\"},\"inLanguage\":\"fr-FR\",\"potentialAction\":[{\"@type\":\"ReadAction\",\"target\":[\"https:\/\/www.tourisme-valdemarne.com\/espace-pro\/seminaires-et-receptions-pro\/eductours-salons\/eductours\/eductour-2017-entre-paris-et-orly\/\"]}]},{\"@type\":\"ImageObject\",\"inLanguage\":\"fr-FR\",\"@id\":\"https:\/\/www.tourisme-valdemarne.com\/espace-pro\/seminaires-et-receptions-pro\/eductours-salons\/eductours\/eductour-2017-entre-paris-et-orly\/#primaryimage\",\"url\":\"https:\/\/www.tourisme-valdemarne.com\/espace-pro\/wp-content\/uploads\/sites\/3\/2019\/05\/restaurant-cup-orly.jpg\",\"contentUrl\":\"https:\/\/www.tourisme-valdemarne.com\/espace-pro\/wp-content\/uploads\/sites\/3\/2019\/05\/restaurant-cup-orly.jpg\",\"width\":1600,\"height\":1200,\"caption\":\"Restaurant Cup Orly \u00a9 CDT94\"},{\"@type\":\"BreadcrumbList\",\"@id\":\"https:\/\/www.tourisme-valdemarne.com\/espace-pro\/seminaires-et-receptions-pro\/eductours-salons\/eductours\/eductour-2017-entre-paris-et-orly\/#breadcrumb\",\"itemListElement\":[{\"@type\":\"ListItem\",\"position\":1,\"name\":\"Accueil\",\"item\":\"https:\/\/www.tourisme-valdemarne.com\/espace-pro\/\"},{\"@type\":\"ListItem\",\"position\":2,\"name\":\"S\u00e9minaires et r\u00e9ceptions Pro\",\"item\":\"https:\/\/www.tourisme-valdemarne.com\/espace-pro\/seminaires-et-receptions-pro\/\"},{\"@type\":\"ListItem\",\"position\":3,\"name\":\"Eductours &#038; Salons\",\"item\":\"https:\/\/www.tourisme-valdemarne.com\/espace-pro\/seminaires-et-receptions-pro\/eductours-salons\/\"},{\"@type\":\"ListItem\",\"position\":4,\"name\":\"Eductours\",\"item\":\"https:\/\/www.tourisme-valdemarne.com\/espace-pro\/seminaires-et-receptions-pro\/eductours-salons\/eductours\/\"},{\"@type\":\"ListItem\",\"position\":5,\"name\":\"Eductour 2017 : Entre Paris et Orly\"}]},{\"@type\":\"WebSite\",\"@id\":\"https:\/\/www.tourisme-valdemarne.com\/espace-pro\/#website\",\"url\":\"https:\/\/www.tourisme-valdemarne.com\/espace-pro\/\",\"name\":\"Espace Pro\",\"description\":\"Informations et outils pour les professionnels et la Presse\",\"potentialAction\":[{\"@type\":\"SearchAction\",\"target\":{\"@type\":\"EntryPoint\",\"urlTemplate\":\"https:\/\/www.tourisme-valdemarne.com\/espace-pro\/?s={search_term_string}\"},\"query-input\":{\"@type\":\"PropertyValueSpecification\",\"valueRequired\":true,\"valueName\":\"search_term_string\"}}],\"inLanguage\":\"fr-FR\"}]}<\/script>\n<!-- \/ Yoast SEO plugin. -->","yoast_head_json":{"title":"\u00c9ductour entre Paris et Olry | Val-de-Marne Tourisme","description":"Val-de-Marne Tourisme & Loisirs organise des \u00c9ductours et vous fait d\u00e9couvrir les lieux d\u00e9di\u00e9es \u00e0 l'organisation d'\u00e9v\u00e8nements professionnels.","robots":{"index":"index","follow":"follow","max-snippet":"max-snippet:-1","max-image-preview":"max-image-preview:large","max-video-preview":"max-video-preview:-1"},"canonical":"https:\/\/www.tourisme-valdemarne.com\/espace-pro\/seminaires-et-receptions-pro\/eductours-salons\/eductours\/eductour-2017-entre-paris-et-orly\/","og_locale":"fr_FR","og_type":"article","og_title":"\u00c9ductour entre Paris et Olry | Val-de-Marne Tourisme","og_description":"Val-de-Marne Tourisme & Loisirs organise des \u00c9ductours et vous fait d\u00e9couvrir les lieux d\u00e9di\u00e9es \u00e0 l'organisation d'\u00e9v\u00e8nements professionnels.","og_url":"https:\/\/www.tourisme-valdemarne.com\/espace-pro\/seminaires-et-receptions-pro\/eductours-salons\/eductours\/eductour-2017-entre-paris-et-orly\/","og_site_name":"Espace Pro","article_modified_time":"2024-02-06T10:47:12+00:00","og_image":[{"width":1600,"height":1200,"url":"https:\/\/www.tourisme-valdemarne.com\/espace-pro\/wp-content\/uploads\/sites\/3\/2019\/05\/restaurant-cup-orly.jpg","type":"image\/jpeg"}],"twitter_card":"summary_large_image","twitter_misc":{"Dur\u00e9e de lecture estim\u00e9e":"3 minutes"},"schema":{"@context":"https:\/\/schema.org","@graph":[{"@type":"WebPage","@id":"https:\/\/www.tourisme-valdemarne.com\/espace-pro\/seminaires-et-receptions-pro\/eductours-salons\/eductours\/eductour-2017-entre-paris-et-orly\/","url":"https:\/\/www.tourisme-valdemarne.com\/espace-pro\/seminaires-et-receptions-pro\/eductours-salons\/eductours\/eductour-2017-entre-paris-et-orly\/","name":"\u00c9ductour entre Paris et Olry | Val-de-Marne Tourisme","isPartOf":{"@id":"https:\/\/www.tourisme-valdemarne.com\/espace-pro\/#website"},"primaryImageOfPage":{"@id":"https:\/\/www.tourisme-valdemarne.com\/espace-pro\/seminaires-et-receptions-pro\/eductours-salons\/eductours\/eductour-2017-entre-paris-et-orly\/#primaryimage"},"image":{"@id":"https:\/\/www.tourisme-valdemarne.com\/espace-pro\/seminaires-et-receptions-pro\/eductours-salons\/eductours\/eductour-2017-entre-paris-et-orly\/#primaryimage"},"thumbnailUrl":"https:\/\/www.tourisme-valdemarne.com\/espace-pro\/wp-content\/uploads\/sites\/3\/2019\/05\/restaurant-cup-orly.jpg","datePublished":"2019-04-16T14:28:16+00:00","dateModified":"2024-02-06T10:47:12+00:00","description":"Val-de-Marne Tourisme & Loisirs organise des \u00c9ductours et vous fait d\u00e9couvrir les lieux d\u00e9di\u00e9es \u00e0 l'organisation d'\u00e9v\u00e8nements professionnels.","breadcrumb":{"@id":"https:\/\/www.tourisme-valdemarne.com\/espace-pro\/seminaires-et-receptions-pro\/eductours-salons\/eductours\/eductour-2017-entre-paris-et-orly\/#breadcrumb"},"inLanguage":"fr-FR","potentialAction":[{"@type":"ReadAction","target":["https:\/\/www.tourisme-valdemarne.com\/espace-pro\/seminaires-et-receptions-pro\/eductours-salons\/eductours\/eductour-2017-entre-paris-et-orly\/"]}]},{"@type":"ImageObject","inLanguage":"fr-FR","@id":"https:\/\/www.tourisme-valdemarne.com\/espace-pro\/seminaires-et-receptions-pro\/eductours-salons\/eductours\/eductour-2017-entre-paris-et-orly\/#primaryimage","url":"https:\/\/www.tourisme-valdemarne.com\/espace-pro\/wp-content\/uploads\/sites\/3\/2019\/05\/restaurant-cup-orly.jpg","contentUrl":"https:\/\/www.tourisme-valdemarne.com\/espace-pro\/wp-content\/uploads\/sites\/3\/2019\/05\/restaurant-cup-orly.jpg","width":1600,"height":1200,"caption":"Restaurant Cup Orly \u00a9 CDT94"},{"@type":"BreadcrumbList","@id":"https:\/\/www.tourisme-valdemarne.com\/espace-pro\/seminaires-et-receptions-pro\/eductours-salons\/eductours\/eductour-2017-entre-paris-et-orly\/#breadcrumb","itemListElement":[{"@type":"ListItem","position":1,"name":"Accueil","item":"https:\/\/www.tourisme-valdemarne.com\/espace-pro\/"},{"@type":"ListItem","position":2,"name":"S\u00e9minaires et r\u00e9ceptions Pro","item":"https:\/\/www.tourisme-valdemarne.com\/espace-pro\/seminaires-et-receptions-pro\/"},{"@type":"ListItem","position":3,"name":"Eductours &#038; Salons","item":"https:\/\/www.tourisme-valdemarne.com\/espace-pro\/seminaires-et-receptions-pro\/eductours-salons\/"},{"@type":"ListItem","position":4,"name":"Eductours","item":"https:\/\/www.tourisme-valdemarne.com\/espace-pro\/seminaires-et-receptions-pro\/eductours-salons\/eductours\/"},{"@type":"ListItem","position":5,"name":"Eductour 2017 : Entre Paris et Orly"}]},{"@type":"WebSite","@id":"https:\/\/www.tourisme-valdemarne.com\/espace-pro\/#website","url":"https:\/\/www.tourisme-valdemarne.com\/espace-pro\/","name":"Espace Pro","description":"Informations et outils pour les professionnels et la Presse","potentialAction":[{"@type":"SearchAction","target":{"@type":"EntryPoint","urlTemplate":"https:\/\/www.tourisme-valdemarne.com\/espace-pro\/?s={search_term_string}"},"query-input":{"@type":"PropertyValueSpecification","valueRequired":true,"valueName":"search_term_string"}}],"inLanguage":"fr-FR"}]}},"_links":{"self":[{"href":"https:\/\/www.tourisme-valdemarne.com\/espace-pro\/wp-json\/wp\/v2\/pages\/258","targetHints":{"allow":["GET"]}}],"collection":[{"href":"https:\/\/www.tourisme-valdemarne.com\/espace-pro\/wp-json\/wp\/v2\/pages"}],"about":[{"href":"https:\/\/www.tourisme-valdemarne.com\/espace-pro\/wp-json\/wp\/v2\/types\/page"}],"author":[{"embeddable":true,"href":"https:\/\/www.tourisme-valdemarne.com\/espace-pro\/wp-json\/wp\/v2\/users\/1"}],"replies":[{"embeddable":true,"href":"https:\/\/www.tourisme-valdemarne.com\/espace-pro\/wp-json\/wp\/v2\/comments?post=258"}],"version-history":[{"count":8,"href":"https:\/\/www.tourisme-valdemarne.com\/espace-pro\/wp-json\/wp\/v2\/pages\/258\/revisions"}],"predecessor-version":[{"id":26224,"href":"https:\/\/www.tourisme-valdemarne.com\/espace-pro\/wp-json\/wp\/v2\/pages\/258\/revisions\/26224"}],"up":[{"embeddable":true,"href":"https:\/\/www.tourisme-valdemarne.com\/espace-pro\/wp-json\/wp\/v2\/pages\/195"}],"wp:featuredmedia":[{"embeddable":true,"href":"https:\/\/www.tourisme-valdemarne.com\/espace-pro\/wp-json\/wp\/v2\/media\/2990"}],"wp:attachment":[{"href":"https:\/\/www.tourisme-valdemarne.com\/espace-pro\/wp-json\/wp\/v2\/media?parent=258"}],"wp:term":[{"taxonomy":"vdmTagMarketing","embeddable":true,"href":"https:\/\/www.tourisme-valdemarne.com\/espace-pro\/wp-json\/wp\/v2\/vdmTagMarketing?post=258"}],"curies":[{"name":"wp","href":"https:\/\/api.w.org\/{rel}","templated":true}]}}