{"id":255,"date":"2019-04-16T16:28:01","date_gmt":"2019-04-16T14:28:01","guid":{"rendered":"https:\/\/www.tourisme-valdemarne.com\/espace-pro\/eductour-2017-au-bord-de-leau"},"modified":"2019-06-07T11:01:21","modified_gmt":"2019-06-07T09:01:21","slug":"eductour-2017-au-bord-de-leau","status":"publish","type":"page","link":"https:\/\/www.tourisme-valdemarne.com\/espace-pro\/seminaires-et-receptions-pro\/eductours-salons\/eductours\/eductour-2017-au-bord-de-leau\/","title":{"rendered":"Eductour 2017 : Au bord de l&rsquo;eau"},"content":{"rendered":"\n<p class=\"is-style-excerpt\">Le 29 juin 2017, apr\u00e8s les \u00ab lieux insolites et d\u00e9cal\u00e9s \u00bb, \u00ab les lieux culturels et artistiques \u00bb, vous avez pu d\u00e9couvrir les lieux sur et au bord de l\u2019eau pour organiser vos \u00e9v\u00e8nements professionnels, r\u00e9unions et s\u00e9minaires au Sud-Est de Paris !<\/p>\n\n\n\n<p>Le Val-de-Marne est un <strong>territoire fortement marqu\u00e9 par l\u2019eau<\/strong> de par la pr\u00e9sence de la Seine, de la Marne ou encore des lacs ou autres \u00e9tendues d\u2019eau. Plus des <strong>\u00be des communes du Val-de-Marne sont bord\u00e9es par un cours d\u2019eau<\/strong>, ce qui conf\u00e8re au territoire une image de \u00ab d\u00e9partement de l\u2019eau \u00bb.<\/p>\n\n\n\n<p>Certains \u00e9quipements au bord de l\u2019eau en Val-de-Marne disposent d\u2019<strong>espaces privatisables pour organiser des \u00e9v\u00e8nements professionnels<\/strong>. Ce sont ces lieux in\u00e9dits que nous vous avons pr\u00e9sent\u00e9 au cours de cet Eductour !<\/p>\n\n\n\n<p>Durant la journ\u00e9e, nous avons visit\u00e9 4 \u00e9tablissements et rencontr\u00e9 les responsables des lieux qui ont assur\u00e9 la pr\u00e9sentation de leurs espaces et prestations.<\/p>\n\n\n\n<p>Voici un aper\u00e7u des lieux que nous vous avons fait d\u00e9couvrir le jeudi 29 juin 2017.<\/p>\n\n\n\n<h2 class=\"wp-block-heading\">Petit Bain<\/h2>\n\n\n\n<p>Le <a href=\"https:\/\/www.tourisme-valdemarne.com\/espace-pro\/seminaire\/petit-bain\/\" target=\"_blank\" rel=\"noreferrer noopener\" aria-label=\"Petit Bain (s\u2019ouvre dans un nouvel onglet)\">Petit Bain<\/a>, un \u00e9tablissement culturel flottant \u00e9quip\u00e9 d&rsquo;un restaurant, d&rsquo;une salle de concert et de plusieurs espaces modulables (int\u00e9rieur et terrasses). Situ\u00e9 quai de la gare, il est id\u00e9alement plac\u00e9 entre les quartiers BNF et Bercy.<\/p>\n\n\n\n<h2 class=\"wp-block-heading\">Huatian Chinagora<\/h2>\n\n\n\n<figure class=\"wp-block-image\"><a href=\"https:\/\/www.tourisme-valdemarne.com\/espace-pro\/wp-content\/uploads\/sites\/3\/2019\/05\/huatian-chinagora-cp-cdt.jpg\"><img width=\"1200\" height=\"900\" data-src=\"https:\/\/www.tourisme-valdemarne.com\/espace-pro\/wp-content\/uploads\/sites\/3\/2019\/05\/huatian-chinagora-cp-cdt-1200x900.jpg\" alt=\"restaurant huatian chinagora alfortville\" class=\"wp-image-2925\" srcset=\"https:\/\/www.tourisme-valdemarne.com\/espace-pro\/wp-content\/uploads\/sites\/3\/2019\/05\/huatian-chinagora-cp-cdt-1200x900.jpg 1200w, https:\/\/www.tourisme-valdemarne.com\/espace-pro\/wp-content\/uploads\/sites\/3\/2019\/05\/huatian-chinagora-cp-cdt-600x450.jpg 600w, https:\/\/www.tourisme-valdemarne.com\/espace-pro\/wp-content\/uploads\/sites\/3\/2019\/05\/huatian-chinagora-cp-cdt-900x675.jpg 900w, https:\/\/www.tourisme-valdemarne.com\/espace-pro\/wp-content\/uploads\/sites\/3\/2019\/05\/huatian-chinagora-cp-cdt-380x285.jpg 380w, https:\/\/www.tourisme-valdemarne.com\/espace-pro\/wp-content\/uploads\/sites\/3\/2019\/05\/huatian-chinagora-cp-cdt-200x150.jpg 200w, https:\/\/www.tourisme-valdemarne.com\/espace-pro\/wp-content\/uploads\/sites\/3\/2019\/05\/huatian-chinagora-cp-cdt.jpg 1600w\" sizes=\"(max-width: 1200px) 100vw, 1200px\" \/><\/a><figcaption>Hotel Restaurant Huatian Chinagora \u00a9 CDT94<\/figcaption><\/figure>\n\n\n\n<p>L&rsquo;H\u00f4tel Huatian Chinagora \u00e0 Alfortville, d&rsquo;inspiration chinoise surplombe la confluence de la Seine et de la Marne.<\/p>\n\n\n\n<h2 class=\"wp-block-heading\">Cristal-sur-Seine<\/h2>\n\n\n\n<p>Le <a href=\"https:\/\/www.tourisme-valdemarne.com\/espace-pro\/seminaire\/espace-cristal-sur-seine\/\" target=\"_blank\" rel=\"noreferrer noopener\" aria-label=\"Cristal-sur-Seine (s\u2019ouvre dans un nouvel onglet)\">Cristal-sur-Seine<\/a> est le nouvel espace \u00e9v\u00e8nementiel de la ville d&rsquo;Alfortville et celui-ci flotte sur la Seine. Cet \u00e9tablissement flambant neuf propose deux salles communicantes disposant d&rsquo;un \u00e9quipement ultra-moderne.<\/p>\n\n\n\n<h2 class=\"wp-block-heading\">Novotel Paris-Cr\u00e9teil le Lac<\/h2>\n\n\n\n<figure class=\"wp-block-image\"><a href=\"https:\/\/www.tourisme-valdemarne.com\/espace-pro\/wp-content\/uploads\/sites\/3\/2019\/05\/restaurant-novotel-creteil-le-lac.jpg\"><img width=\"1200\" height=\"900\" data-src=\"https:\/\/www.tourisme-valdemarne.com\/espace-pro\/wp-content\/uploads\/sites\/3\/2019\/05\/restaurant-novotel-creteil-le-lac-1200x900.jpg\" alt=\"restaurant novotel creteil le lac\" class=\"wp-image-2986\" srcset=\"https:\/\/www.tourisme-valdemarne.com\/espace-pro\/wp-content\/uploads\/sites\/3\/2019\/05\/restaurant-novotel-creteil-le-lac-1200x900.jpg 1200w, https:\/\/www.tourisme-valdemarne.com\/espace-pro\/wp-content\/uploads\/sites\/3\/2019\/05\/restaurant-novotel-creteil-le-lac-600x450.jpg 600w, https:\/\/www.tourisme-valdemarne.com\/espace-pro\/wp-content\/uploads\/sites\/3\/2019\/05\/restaurant-novotel-creteil-le-lac-900x675.jpg 900w, https:\/\/www.tourisme-valdemarne.com\/espace-pro\/wp-content\/uploads\/sites\/3\/2019\/05\/restaurant-novotel-creteil-le-lac-380x285.jpg 380w, https:\/\/www.tourisme-valdemarne.com\/espace-pro\/wp-content\/uploads\/sites\/3\/2019\/05\/restaurant-novotel-creteil-le-lac-200x150.jpg 200w, https:\/\/www.tourisme-valdemarne.com\/espace-pro\/wp-content\/uploads\/sites\/3\/2019\/05\/restaurant-novotel-creteil-le-lac.jpg 1600w\" sizes=\"(max-width: 1200px) 100vw, 1200px\" \/><\/a><figcaption>Restaurant du Novotel Cr\u00e9teil Le Lac \u00a9 CDT94<\/figcaption><\/figure>\n\n\n\n<p>Le Novotel Paris Cr\u00e9teil Le Lac est un h\u00f4tel 4 \u00e9toiles disposant de salles de r\u00e9unions allant jusqu&rsquo;\u00e0 80 personnes avec une vue in\u00e9gal\u00e9e sur le paysage insolite du lac de Cr\u00e9teil. C&rsquo;est ici que l&rsquo;on vous proposera un d\u00e9jeuner dans le restaurant de grande qualit\u00e9.<\/p>\n\n\n\n<p>Au cours de la journ\u00e9e, le <strong>d\u00e9jeuner nous a \u00e9t\u00e9 offert<\/strong> par le Club H\u00f4telier Rungis-Orly Val-de-Marne o\u00f9 nous avons eu l\u2019occasion de d\u00e9couvrir le club et ses adh\u00e9rents.<\/p>\n\n\n\n<p class=\"is-style-highlight\">Pour plus d&rsquo;informations, <a href=\"mailto:&#116;&#103;ui&#108;&#108;&#111;t&#64;&#116;o&#117;r&#105;s&#109;&#101;&#45;&#118;&#97;&#108;demarn&#101;.com\" target=\"_blank\" rel=\"noreferrer noopener\" aria-label=\"contactez notre responsable du tourisme d'affaires (s\u2019ouvre dans un nouvel onglet)\">contactez notre responsable du tourisme d&rsquo;affaires<\/a>.<\/p>\n","protected":false},"excerpt":{"rendered":"<p>Le 29 juin 2017, apr\u00e8s les \u00ab lieux insolites et d\u00e9cal\u00e9s \u00bb, \u00ab les lieux culturels et artistiques \u00bb, vous avez pu d\u00e9couvrir les lieux sur et au bord de l\u2019eau pour organiser vos \u00e9v\u00e8nements professionnels, r\u00e9unions et s\u00e9minaires au Sud-Est de Paris ! Le Val-de-Marne est un territoire fortement marqu\u00e9 par l\u2019eau de par [&hellip;]<\/p>\n","protected":false},"author":1,"featured_media":2929,"parent":195,"menu_order":40,"comment_status":"closed","ping_status":"closed","template":"","meta":{"_relevanssi_hide_post":"","_relevanssi_hide_content":"","_relevanssi_pin_for_all":"","_relevanssi_pin_keywords":"","_relevanssi_unpin_keywords":"","_relevanssi_related_keywords":"","_relevanssi_related_include_ids":"","_relevanssi_related_exclude_ids":"","_relevanssi_related_no_append":"","_relevanssi_related_not_related":"","_relevanssi_related_posts":"","_relevanssi_noindex_reason":"","footnotes":""},"vdmTagMarketing":[],"class_list":["post-255","page","type-page","status-publish","has-post-thumbnail","hentry"],"acf":[],"yoast_head":"<!-- This site is optimized with the Yoast SEO plugin v23.9 - https:\/\/yoast.com\/wordpress\/plugins\/seo\/ -->\n<title>Eductour 2017 : Au bord de l&#039;eau - Espace Pro<\/title>\n<meta name=\"robots\" content=\"index, follow, max-snippet:-1, max-image-preview:large, max-video-preview:-1\" \/>\n<link rel=\"canonical\" href=\"https:\/\/www.tourisme-valdemarne.com\/espace-pro\/seminaires-et-receptions-pro\/eductours-salons\/eductours\/eductour-2017-au-bord-de-leau\/\" \/>\n<meta property=\"og:locale\" content=\"fr_FR\" \/>\n<meta property=\"og:type\" content=\"article\" \/>\n<meta property=\"og:title\" content=\"Eductour 2017 : Au bord de l&#039;eau - Espace Pro\" \/>\n<meta property=\"og:description\" content=\"Le 29 juin 2017, apr\u00e8s les \u00ab lieux insolites et d\u00e9cal\u00e9s \u00bb, \u00ab les lieux culturels et artistiques \u00bb, vous avez pu d\u00e9couvrir les lieux sur et au bord de l\u2019eau pour organiser vos \u00e9v\u00e8nements professionnels, r\u00e9unions et s\u00e9minaires au Sud-Est de Paris ! Le Val-de-Marne est un territoire fortement marqu\u00e9 par l\u2019eau de par [&hellip;]\" \/>\n<meta property=\"og:url\" content=\"https:\/\/www.tourisme-valdemarne.com\/espace-pro\/seminaires-et-receptions-pro\/eductours-salons\/eductours\/eductour-2017-au-bord-de-leau\/\" \/>\n<meta property=\"og:site_name\" content=\"Espace Pro\" \/>\n<meta property=\"article:modified_time\" content=\"2019-06-07T09:01:21+00:00\" \/>\n<meta property=\"og:image\" content=\"https:\/\/www.tourisme-valdemarne.com\/espace-pro\/wp-content\/uploads\/sites\/3\/2019\/05\/bords-de-marne-champigny.jpg\" \/>\n\t<meta property=\"og:image:width\" content=\"1600\" \/>\n\t<meta property=\"og:image:height\" content=\"1200\" \/>\n\t<meta property=\"og:image:type\" content=\"image\/jpeg\" \/>\n<meta name=\"twitter:card\" content=\"summary_large_image\" \/>\n<meta name=\"twitter:label1\" content=\"Dur\u00e9e de lecture estim\u00e9e\" \/>\n\t<meta name=\"twitter:data1\" content=\"2 minutes\" \/>\n<script type=\"application\/ld+json\" class=\"yoast-schema-graph\">{\"@context\":\"https:\/\/schema.org\",\"@graph\":[{\"@type\":\"WebPage\",\"@id\":\"https:\/\/www.tourisme-valdemarne.com\/espace-pro\/seminaires-et-receptions-pro\/eductours-salons\/eductours\/eductour-2017-au-bord-de-leau\/\",\"url\":\"https:\/\/www.tourisme-valdemarne.com\/espace-pro\/seminaires-et-receptions-pro\/eductours-salons\/eductours\/eductour-2017-au-bord-de-leau\/\",\"name\":\"Eductour 2017 : Au bord de l'eau - Espace Pro\",\"isPartOf\":{\"@id\":\"https:\/\/www.tourisme-valdemarne.com\/espace-pro\/#website\"},\"primaryImageOfPage\":{\"@id\":\"https:\/\/www.tourisme-valdemarne.com\/espace-pro\/seminaires-et-receptions-pro\/eductours-salons\/eductours\/eductour-2017-au-bord-de-leau\/#primaryimage\"},\"image\":{\"@id\":\"https:\/\/www.tourisme-valdemarne.com\/espace-pro\/seminaires-et-receptions-pro\/eductours-salons\/eductours\/eductour-2017-au-bord-de-leau\/#primaryimage\"},\"thumbnailUrl\":\"https:\/\/www.tourisme-valdemarne.com\/espace-pro\/wp-content\/uploads\/sites\/3\/2019\/05\/bords-de-marne-champigny.jpg\",\"datePublished\":\"2019-04-16T14:28:01+00:00\",\"dateModified\":\"2019-06-07T09:01:21+00:00\",\"breadcrumb\":{\"@id\":\"https:\/\/www.tourisme-valdemarne.com\/espace-pro\/seminaires-et-receptions-pro\/eductours-salons\/eductours\/eductour-2017-au-bord-de-leau\/#breadcrumb\"},\"inLanguage\":\"fr-FR\",\"potentialAction\":[{\"@type\":\"ReadAction\",\"target\":[\"https:\/\/www.tourisme-valdemarne.com\/espace-pro\/seminaires-et-receptions-pro\/eductours-salons\/eductours\/eductour-2017-au-bord-de-leau\/\"]}]},{\"@type\":\"ImageObject\",\"inLanguage\":\"fr-FR\",\"@id\":\"https:\/\/www.tourisme-valdemarne.com\/espace-pro\/seminaires-et-receptions-pro\/eductours-salons\/eductours\/eductour-2017-au-bord-de-leau\/#primaryimage\",\"url\":\"https:\/\/www.tourisme-valdemarne.com\/espace-pro\/wp-content\/uploads\/sites\/3\/2019\/05\/bords-de-marne-champigny.jpg\",\"contentUrl\":\"https:\/\/www.tourisme-valdemarne.com\/espace-pro\/wp-content\/uploads\/sites\/3\/2019\/05\/bords-de-marne-champigny.jpg\",\"width\":1600,\"height\":1200,\"caption\":\"Bords de marne \u00a9 CDT94\"},{\"@type\":\"BreadcrumbList\",\"@id\":\"https:\/\/www.tourisme-valdemarne.com\/espace-pro\/seminaires-et-receptions-pro\/eductours-salons\/eductours\/eductour-2017-au-bord-de-leau\/#breadcrumb\",\"itemListElement\":[{\"@type\":\"ListItem\",\"position\":1,\"name\":\"Accueil\",\"item\":\"https:\/\/www.tourisme-valdemarne.com\/espace-pro\/\"},{\"@type\":\"ListItem\",\"position\":2,\"name\":\"S\u00e9minaires et r\u00e9ceptions Pro\",\"item\":\"https:\/\/www.tourisme-valdemarne.com\/espace-pro\/seminaires-et-receptions-pro\/\"},{\"@type\":\"ListItem\",\"position\":3,\"name\":\"Eductours &#038; Salons\",\"item\":\"https:\/\/www.tourisme-valdemarne.com\/espace-pro\/seminaires-et-receptions-pro\/eductours-salons\/\"},{\"@type\":\"ListItem\",\"position\":4,\"name\":\"Eductours\",\"item\":\"https:\/\/www.tourisme-valdemarne.com\/espace-pro\/seminaires-et-receptions-pro\/eductours-salons\/eductours\/\"},{\"@type\":\"ListItem\",\"position\":5,\"name\":\"Eductour 2017 : Au bord de l&rsquo;eau\"}]},{\"@type\":\"WebSite\",\"@id\":\"https:\/\/www.tourisme-valdemarne.com\/espace-pro\/#website\",\"url\":\"https:\/\/www.tourisme-valdemarne.com\/espace-pro\/\",\"name\":\"Espace Pro\",\"description\":\"Informations et outils pour les professionnels et la Presse\",\"potentialAction\":[{\"@type\":\"SearchAction\",\"target\":{\"@type\":\"EntryPoint\",\"urlTemplate\":\"https:\/\/www.tourisme-valdemarne.com\/espace-pro\/?s={search_term_string}\"},\"query-input\":{\"@type\":\"PropertyValueSpecification\",\"valueRequired\":true,\"valueName\":\"search_term_string\"}}],\"inLanguage\":\"fr-FR\"}]}<\/script>\n<!-- \/ Yoast SEO plugin. -->","yoast_head_json":{"title":"Eductour 2017 : Au bord de l'eau - Espace Pro","robots":{"index":"index","follow":"follow","max-snippet":"max-snippet:-1","max-image-preview":"max-image-preview:large","max-video-preview":"max-video-preview:-1"},"canonical":"https:\/\/www.tourisme-valdemarne.com\/espace-pro\/seminaires-et-receptions-pro\/eductours-salons\/eductours\/eductour-2017-au-bord-de-leau\/","og_locale":"fr_FR","og_type":"article","og_title":"Eductour 2017 : Au bord de l'eau - Espace Pro","og_description":"Le 29 juin 2017, apr\u00e8s les \u00ab lieux insolites et d\u00e9cal\u00e9s \u00bb, \u00ab les lieux culturels et artistiques \u00bb, vous avez pu d\u00e9couvrir les lieux sur et au bord de l\u2019eau pour organiser vos \u00e9v\u00e8nements professionnels, r\u00e9unions et s\u00e9minaires au Sud-Est de Paris ! Le Val-de-Marne est un territoire fortement marqu\u00e9 par l\u2019eau de par [&hellip;]","og_url":"https:\/\/www.tourisme-valdemarne.com\/espace-pro\/seminaires-et-receptions-pro\/eductours-salons\/eductours\/eductour-2017-au-bord-de-leau\/","og_site_name":"Espace Pro","article_modified_time":"2019-06-07T09:01:21+00:00","og_image":[{"width":1600,"height":1200,"url":"https:\/\/www.tourisme-valdemarne.com\/espace-pro\/wp-content\/uploads\/sites\/3\/2019\/05\/bords-de-marne-champigny.jpg","type":"image\/jpeg"}],"twitter_card":"summary_large_image","twitter_misc":{"Dur\u00e9e de lecture estim\u00e9e":"2 minutes"},"schema":{"@context":"https:\/\/schema.org","@graph":[{"@type":"WebPage","@id":"https:\/\/www.tourisme-valdemarne.com\/espace-pro\/seminaires-et-receptions-pro\/eductours-salons\/eductours\/eductour-2017-au-bord-de-leau\/","url":"https:\/\/www.tourisme-valdemarne.com\/espace-pro\/seminaires-et-receptions-pro\/eductours-salons\/eductours\/eductour-2017-au-bord-de-leau\/","name":"Eductour 2017 : Au bord de l'eau - Espace Pro","isPartOf":{"@id":"https:\/\/www.tourisme-valdemarne.com\/espace-pro\/#website"},"primaryImageOfPage":{"@id":"https:\/\/www.tourisme-valdemarne.com\/espace-pro\/seminaires-et-receptions-pro\/eductours-salons\/eductours\/eductour-2017-au-bord-de-leau\/#primaryimage"},"image":{"@id":"https:\/\/www.tourisme-valdemarne.com\/espace-pro\/seminaires-et-receptions-pro\/eductours-salons\/eductours\/eductour-2017-au-bord-de-leau\/#primaryimage"},"thumbnailUrl":"https:\/\/www.tourisme-valdemarne.com\/espace-pro\/wp-content\/uploads\/sites\/3\/2019\/05\/bords-de-marne-champigny.jpg","datePublished":"2019-04-16T14:28:01+00:00","dateModified":"2019-06-07T09:01:21+00:00","breadcrumb":{"@id":"https:\/\/www.tourisme-valdemarne.com\/espace-pro\/seminaires-et-receptions-pro\/eductours-salons\/eductours\/eductour-2017-au-bord-de-leau\/#breadcrumb"},"inLanguage":"fr-FR","potentialAction":[{"@type":"ReadAction","target":["https:\/\/www.tourisme-valdemarne.com\/espace-pro\/seminaires-et-receptions-pro\/eductours-salons\/eductours\/eductour-2017-au-bord-de-leau\/"]}]},{"@type":"ImageObject","inLanguage":"fr-FR","@id":"https:\/\/www.tourisme-valdemarne.com\/espace-pro\/seminaires-et-receptions-pro\/eductours-salons\/eductours\/eductour-2017-au-bord-de-leau\/#primaryimage","url":"https:\/\/www.tourisme-valdemarne.com\/espace-pro\/wp-content\/uploads\/sites\/3\/2019\/05\/bords-de-marne-champigny.jpg","contentUrl":"https:\/\/www.tourisme-valdemarne.com\/espace-pro\/wp-content\/uploads\/sites\/3\/2019\/05\/bords-de-marne-champigny.jpg","width":1600,"height":1200,"caption":"Bords de marne \u00a9 CDT94"},{"@type":"BreadcrumbList","@id":"https:\/\/www.tourisme-valdemarne.com\/espace-pro\/seminaires-et-receptions-pro\/eductours-salons\/eductours\/eductour-2017-au-bord-de-leau\/#breadcrumb","itemListElement":[{"@type":"ListItem","position":1,"name":"Accueil","item":"https:\/\/www.tourisme-valdemarne.com\/espace-pro\/"},{"@type":"ListItem","position":2,"name":"S\u00e9minaires et r\u00e9ceptions Pro","item":"https:\/\/www.tourisme-valdemarne.com\/espace-pro\/seminaires-et-receptions-pro\/"},{"@type":"ListItem","position":3,"name":"Eductours &#038; Salons","item":"https:\/\/www.tourisme-valdemarne.com\/espace-pro\/seminaires-et-receptions-pro\/eductours-salons\/"},{"@type":"ListItem","position":4,"name":"Eductours","item":"https:\/\/www.tourisme-valdemarne.com\/espace-pro\/seminaires-et-receptions-pro\/eductours-salons\/eductours\/"},{"@type":"ListItem","position":5,"name":"Eductour 2017 : Au bord de l&rsquo;eau"}]},{"@type":"WebSite","@id":"https:\/\/www.tourisme-valdemarne.com\/espace-pro\/#website","url":"https:\/\/www.tourisme-valdemarne.com\/espace-pro\/","name":"Espace Pro","description":"Informations et outils pour les professionnels et la Presse","potentialAction":[{"@type":"SearchAction","target":{"@type":"EntryPoint","urlTemplate":"https:\/\/www.tourisme-valdemarne.com\/espace-pro\/?s={search_term_string}"},"query-input":{"@type":"PropertyValueSpecification","valueRequired":true,"valueName":"search_term_string"}}],"inLanguage":"fr-FR"}]}},"_links":{"self":[{"href":"https:\/\/www.tourisme-valdemarne.com\/espace-pro\/wp-json\/wp\/v2\/pages\/255","targetHints":{"allow":["GET"]}}],"collection":[{"href":"https:\/\/www.tourisme-valdemarne.com\/espace-pro\/wp-json\/wp\/v2\/pages"}],"about":[{"href":"https:\/\/www.tourisme-valdemarne.com\/espace-pro\/wp-json\/wp\/v2\/types\/page"}],"author":[{"embeddable":true,"href":"https:\/\/www.tourisme-valdemarne.com\/espace-pro\/wp-json\/wp\/v2\/users\/1"}],"replies":[{"embeddable":true,"href":"https:\/\/www.tourisme-valdemarne.com\/espace-pro\/wp-json\/wp\/v2\/comments?post=255"}],"version-history":[{"count":4,"href":"https:\/\/www.tourisme-valdemarne.com\/espace-pro\/wp-json\/wp\/v2\/pages\/255\/revisions"}],"predecessor-version":[{"id":3337,"href":"https:\/\/www.tourisme-valdemarne.com\/espace-pro\/wp-json\/wp\/v2\/pages\/255\/revisions\/3337"}],"up":[{"embeddable":true,"href":"https:\/\/www.tourisme-valdemarne.com\/espace-pro\/wp-json\/wp\/v2\/pages\/195"}],"wp:featuredmedia":[{"embeddable":true,"href":"https:\/\/www.tourisme-valdemarne.com\/espace-pro\/wp-json\/wp\/v2\/media\/2929"}],"wp:attachment":[{"href":"https:\/\/www.tourisme-valdemarne.com\/espace-pro\/wp-json\/wp\/v2\/media?parent=255"}],"wp:term":[{"taxonomy":"vdmTagMarketing","embeddable":true,"href":"https:\/\/www.tourisme-valdemarne.com\/espace-pro\/wp-json\/wp\/v2\/vdmTagMarketing?post=255"}],"curies":[{"name":"wp","href":"https:\/\/api.w.org\/{rel}","templated":true}]}}