{"id":253,"date":"2019-04-16T16:27:46","date_gmt":"2019-04-16T14:27:46","guid":{"rendered":"https:\/\/www.tourisme-valdemarne.com\/espace-pro\/top-5-lieux-historique-ou-se-marier"},"modified":"2023-02-20T14:10:58","modified_gmt":"2023-02-20T13:10:58","slug":"top-5-lieux-historique-ou-se-marier","status":"publish","type":"page","link":"https:\/\/www.tourisme-valdemarne.com\/espace-pro\/seminaires-et-receptions-pro\/trouver-le-lieu-ideal-seminaire\/thematiques\/top-5-lieux-historique-ou-se-marier\/","title":{"rendered":"Top 5 : lieux historique o\u00f9 se marier"},"content":{"rendered":"\n<p class=\"is-style-excerpt\">Vous \u00eates \u00e0 la recherche du lieu id\u00e9al pour organiser votre mariage ? Nous avons s\u00e9lectionn\u00e9 pour vous les endroits les plus prolifiques pour ce genre d\u2019\u00e9v\u00e8nements dans le Val-de-Marne. De quoi sublimer votre mariage avec un d\u00e9cor d\u2019exception et un lieu charg\u00e9 d\u2019histoire !<\/p>\n\n\n\n<h2 class=\"wp-block-heading\">Le Ch\u00e2teau de Santeny<\/h2>\n\n\n\n<figure class=\"wp-block-image alignwide size-full\"><a href=\"https:\/\/www.tourisme-valdemarne.com\/espace-pro\/wp-content\/uploads\/sites\/3\/2023\/02\/receptions-chateau-santeny.jpg\"><img width=\"1100\" height=\"647\" data-src=\"https:\/\/www.tourisme-valdemarne.com\/espace-pro\/wp-content\/uploads\/sites\/3\/2023\/02\/receptions-chateau-santeny.jpg\" alt=\"Salle de r\u00e9ception au ch\u00e2teau de Santeny\" class=\"wp-image-14344\" srcset=\"https:\/\/www.tourisme-valdemarne.com\/espace-pro\/wp-content\/uploads\/sites\/3\/2023\/02\/receptions-chateau-santeny.jpg 1100w, https:\/\/www.tourisme-valdemarne.com\/espace-pro\/wp-content\/uploads\/sites\/3\/2023\/02\/receptions-chateau-santeny-600x353.jpg 600w, https:\/\/www.tourisme-valdemarne.com\/espace-pro\/wp-content\/uploads\/sites\/3\/2023\/02\/receptions-chateau-santeny-900x529.jpg 900w, https:\/\/www.tourisme-valdemarne.com\/espace-pro\/wp-content\/uploads\/sites\/3\/2023\/02\/receptions-chateau-santeny-380x224.jpg 380w, https:\/\/www.tourisme-valdemarne.com\/espace-pro\/wp-content\/uploads\/sites\/3\/2023\/02\/receptions-chateau-santeny-200x118.jpg 200w\" sizes=\"(max-width: 1100px) 100vw, 1100px\" \/><\/a><figcaption>Salle de r\u00e9ception du ch\u00e2teau de Santeny \u00a9 CDT94\/D.Adam<\/figcaption><\/figure>\n\n\n\n<p>Ce ch\u00e2teau du XIX\u00e8me si\u00e8cle \u00e0 l&rsquo;<strong>architecture classique<\/strong> vous enchantera. Les salles de r\u00e9ception lumineuses et largement communicantes sont orn\u00e9es de chemin\u00e9es en marbre, de sols en parquet et marbre et de <strong>hauts plafonds moulur\u00e9s<\/strong>. Elles s&rsquo;ouvrent directement sur la terrasse et le parc avec une vue tr\u00e8s d\u00e9gag\u00e9e sur les 4 ha offrant le lieu id\u00e9al pour l\u2019organisation du Vin d\u2019Honneur et du Cocktail.<\/p>\n\n\n\n<h2 class=\"wp-block-heading\">L\u2019Orangerie du domaine de Grosbois<\/h2>\n\n\n\n<p>Situ\u00e9 dans le parc du ch\u00e2teau de Grosbois, l\u2019<a href=\"https:\/\/www.tourisme-valdemarne.com\/espace-pro\/seminaire\/lorangerie-du-chateau-de-grosbois\/\" target=\"_blank\" rel=\"noreferrer noopener\" aria-label=\"Orangerie (s\u2019ouvre dans un nouvel onglet)\">Orangerie<\/a> vous offre un <strong>cadre de prestige au c\u0153ur du domaine<\/strong>. La grande salle lumineuse offre plus de <strong>440m\u00b2 de surface<\/strong> et permet ainsi l&rsquo;organisation de r\u00e9ceptions dans un cadre somptueux.<\/p>\n\n\n\n<h2 class=\"wp-block-heading\">Prieur\u00e9 Saint-Arnoult<\/h2>\n\n\n\n<p>Situ\u00e9 dans la commune de Villecresnes, un \u00e9crin de verdure non loin de Paris, Le Prieur\u00e9 Saint Arnoult, <strong>monument historique<\/strong>, situ\u00e9 dans un parc \u00e0 l&rsquo;anglaise, fut construit au XVIIIe sur un b\u00e2timent primitif du XIIe contemporain de l&rsquo;\u00e9glise de Marolles. Il a \u00e9t\u00e9 enti\u00e8rement r\u00e9nov\u00e9 en 1996. Situ\u00e9 dans un <strong>parc \u00e0 l&rsquo;anglaise de 5 hectares<\/strong>, il dispose de 3 salles modulables : Le Salon Napol\u00e9on III, le Salon Musique, le Salon Rotonde.<\/p>\n\n\n\n<h2 class=\"wp-block-heading\">Manoir de l\u2019\u00eele aux loups<\/h2>\n\n\n\n<figure class=\"wp-block-image size-full\"><a href=\"https:\/\/www.tourisme-valdemarne.com\/espace-pro\/wp-content\/uploads\/sites\/3\/2023\/02\/jardin-manoir-ile-aux-loups-nogent.jpg\"><img width=\"1100\" height=\"825\" data-src=\"https:\/\/www.tourisme-valdemarne.com\/espace-pro\/wp-content\/uploads\/sites\/3\/2023\/02\/jardin-manoir-ile-aux-loups-nogent.jpg\" alt=\"Jardin du manoir de l'\u00eele aux loups \u00e0 Nogent-sur-Marne\" class=\"wp-image-14345\" srcset=\"https:\/\/www.tourisme-valdemarne.com\/espace-pro\/wp-content\/uploads\/sites\/3\/2023\/02\/jardin-manoir-ile-aux-loups-nogent.jpg 1100w, https:\/\/www.tourisme-valdemarne.com\/espace-pro\/wp-content\/uploads\/sites\/3\/2023\/02\/jardin-manoir-ile-aux-loups-nogent-600x450.jpg 600w, https:\/\/www.tourisme-valdemarne.com\/espace-pro\/wp-content\/uploads\/sites\/3\/2023\/02\/jardin-manoir-ile-aux-loups-nogent-900x675.jpg 900w, https:\/\/www.tourisme-valdemarne.com\/espace-pro\/wp-content\/uploads\/sites\/3\/2023\/02\/jardin-manoir-ile-aux-loups-nogent-380x285.jpg 380w, https:\/\/www.tourisme-valdemarne.com\/espace-pro\/wp-content\/uploads\/sites\/3\/2023\/02\/jardin-manoir-ile-aux-loups-nogent-200x150.jpg 200w\" sizes=\"(max-width: 1100px) 100vw, 1100px\" \/><\/a><figcaption>Jardin du Manoir de l&rsquo;Ile aux Loups \u00e0 Nogent \u00a9 CDT94\/F.Lacourt<\/figcaption><\/figure>\n\n\n\n<p>Situ\u00e9 sur une \u00eele \u00e0 quelques minutes de la Place de la Bastille, le Manoir n\u2019est accessible que par travers\u00e9e en bateau priv\u00e9. L&rsquo;\u00e9tablissement propose un <strong>site original et romantique<\/strong>, \u00e0 la d\u00e9coration baroque entour\u00e9 d\u2019un parc arbor\u00e9 de 3500m\u00b2. Le lieu peut accueillir <strong>jusqu\u2019\u00e0 150 personnes<\/strong> de quoi profiter de votre mariage avec vos proches dans un vrai havre de paix. L\u2019\u00eele aux loups, charg\u00e9e d\u2019histoire et de culture \u00e9tait le <strong>lieu de rendez-vous des peintres<\/strong> et des acteurs de la \u00ab belle \u00e9poque \u00bb, Gabin, Marcel Carn\u00e9, Charles Vanel, Marl\u00e8ne Dietrich, Michel Simon et bien d\u2019autres&#8230;<\/p>\n\n\n\n<h2 class=\"wp-block-heading\">Bois de Vincennes : chalet de la porte jaune<\/h2>\n\n\n\n<p><strong>Lieu de r\u00e9ception incontournable<\/strong> pour les s\u00e9minaires ou grandes manifestations. Il est compos\u00e9 de trois sites ind\u00e9pendants : Le <strong>Chalet class\u00e9 monument historique<\/strong>, le Belv\u00e9d\u00e8re moderne avec vue sur le jardin et la Fermette ouverte sur une superbe terrasse en bordure du Lac des Minimes, o\u00f9 des promenades en barque sont propos\u00e9es.<\/p>\n","protected":false},"excerpt":{"rendered":"<p>Vous \u00eates \u00e0 la recherche du lieu id\u00e9al pour organiser votre mariage ? Nous avons s\u00e9lectionn\u00e9 pour vous les endroits les plus prolifiques pour ce genre d\u2019\u00e9v\u00e8nements dans le Val-de-Marne. De quoi sublimer votre mariage avec un d\u00e9cor d\u2019exception et un lieu charg\u00e9 d\u2019histoire ! Le Ch\u00e2teau de Santeny Ce ch\u00e2teau du XIX\u00e8me si\u00e8cle \u00e0 [&hellip;]<\/p>\n","protected":false},"author":1,"featured_media":2851,"parent":193,"menu_order":40,"comment_status":"closed","ping_status":"closed","template":"","meta":{"_relevanssi_hide_post":"","_relevanssi_hide_content":"","_relevanssi_pin_for_all":"","_relevanssi_pin_keywords":"","_relevanssi_unpin_keywords":"","_relevanssi_related_keywords":"","_relevanssi_related_include_ids":"","_relevanssi_related_exclude_ids":"","_relevanssi_related_no_append":"","_relevanssi_related_not_related":"","_relevanssi_related_posts":"2745,444,2749,2741,8104,8105","_relevanssi_noindex_reason":"","footnotes":""},"vdmTagMarketing":[],"class_list":["post-253","page","type-page","status-publish","has-post-thumbnail","hentry"],"acf":[],"yoast_head":"<!-- This site is optimized with the Yoast SEO plugin v23.9 - https:\/\/yoast.com\/wordpress\/plugins\/seo\/ -->\n<title>Top 5 des lieux historiques o\u00f9 se marier en Val-de-Marne<\/title>\n<meta name=\"description\" content=\"Nous avons s\u00e9lectionn\u00e9 pour vous les endroits les plus attrayants pour organiser votre mariage dans le Val-de-Marne.\" \/>\n<meta name=\"robots\" content=\"index, follow, max-snippet:-1, max-image-preview:large, max-video-preview:-1\" \/>\n<link rel=\"canonical\" href=\"https:\/\/www.tourisme-valdemarne.com\/espace-pro\/seminaires-et-receptions-pro\/trouver-le-lieu-ideal-seminaire\/thematiques\/top-5-lieux-historique-ou-se-marier\/\" \/>\n<meta property=\"og:locale\" content=\"fr_FR\" \/>\n<meta property=\"og:type\" content=\"article\" \/>\n<meta property=\"og:title\" content=\"Top 5 des lieux historiques o\u00f9 se marier en Val-de-Marne\" \/>\n<meta property=\"og:description\" content=\"Nous avons s\u00e9lectionn\u00e9 pour vous les endroits les plus attrayants pour organiser votre mariage dans le Val-de-Marne.\" \/>\n<meta property=\"og:url\" content=\"https:\/\/www.tourisme-valdemarne.com\/espace-pro\/seminaires-et-receptions-pro\/trouver-le-lieu-ideal-seminaire\/thematiques\/top-5-lieux-historique-ou-se-marier\/\" \/>\n<meta property=\"og:site_name\" content=\"Espace Pro\" \/>\n<meta property=\"article:modified_time\" content=\"2023-02-20T13:10:58+00:00\" \/>\n<meta property=\"og:image\" content=\"https:\/\/www.tourisme-valdemarne.com\/espace-pro\/wp-content\/uploads\/sites\/3\/2019\/05\/facade-chateau-santeny.jpg\" \/>\n\t<meta property=\"og:image:width\" content=\"1600\" \/>\n\t<meta property=\"og:image:height\" content=\"1200\" \/>\n\t<meta property=\"og:image:type\" content=\"image\/jpeg\" \/>\n<meta name=\"twitter:card\" content=\"summary_large_image\" \/>\n<meta name=\"twitter:label1\" content=\"Dur\u00e9e de lecture estim\u00e9e\" \/>\n\t<meta name=\"twitter:data1\" content=\"3 minutes\" \/>\n<script type=\"application\/ld+json\" class=\"yoast-schema-graph\">{\"@context\":\"https:\/\/schema.org\",\"@graph\":[{\"@type\":\"WebPage\",\"@id\":\"https:\/\/www.tourisme-valdemarne.com\/espace-pro\/seminaires-et-receptions-pro\/trouver-le-lieu-ideal-seminaire\/thematiques\/top-5-lieux-historique-ou-se-marier\/\",\"url\":\"https:\/\/www.tourisme-valdemarne.com\/espace-pro\/seminaires-et-receptions-pro\/trouver-le-lieu-ideal-seminaire\/thematiques\/top-5-lieux-historique-ou-se-marier\/\",\"name\":\"Top 5 des lieux historiques o\u00f9 se marier en Val-de-Marne\",\"isPartOf\":{\"@id\":\"https:\/\/www.tourisme-valdemarne.com\/espace-pro\/#website\"},\"primaryImageOfPage\":{\"@id\":\"https:\/\/www.tourisme-valdemarne.com\/espace-pro\/seminaires-et-receptions-pro\/trouver-le-lieu-ideal-seminaire\/thematiques\/top-5-lieux-historique-ou-se-marier\/#primaryimage\"},\"image\":{\"@id\":\"https:\/\/www.tourisme-valdemarne.com\/espace-pro\/seminaires-et-receptions-pro\/trouver-le-lieu-ideal-seminaire\/thematiques\/top-5-lieux-historique-ou-se-marier\/#primaryimage\"},\"thumbnailUrl\":\"https:\/\/www.tourisme-valdemarne.com\/espace-pro\/wp-content\/uploads\/sites\/3\/2019\/05\/facade-chateau-santeny.jpg\",\"datePublished\":\"2019-04-16T14:27:46+00:00\",\"dateModified\":\"2023-02-20T13:10:58+00:00\",\"description\":\"Nous avons s\u00e9lectionn\u00e9 pour vous les endroits les plus attrayants pour organiser votre mariage dans le Val-de-Marne.\",\"breadcrumb\":{\"@id\":\"https:\/\/www.tourisme-valdemarne.com\/espace-pro\/seminaires-et-receptions-pro\/trouver-le-lieu-ideal-seminaire\/thematiques\/top-5-lieux-historique-ou-se-marier\/#breadcrumb\"},\"inLanguage\":\"fr-FR\",\"potentialAction\":[{\"@type\":\"ReadAction\",\"target\":[\"https:\/\/www.tourisme-valdemarne.com\/espace-pro\/seminaires-et-receptions-pro\/trouver-le-lieu-ideal-seminaire\/thematiques\/top-5-lieux-historique-ou-se-marier\/\"]}]},{\"@type\":\"ImageObject\",\"inLanguage\":\"fr-FR\",\"@id\":\"https:\/\/www.tourisme-valdemarne.com\/espace-pro\/seminaires-et-receptions-pro\/trouver-le-lieu-ideal-seminaire\/thematiques\/top-5-lieux-historique-ou-se-marier\/#primaryimage\",\"url\":\"https:\/\/www.tourisme-valdemarne.com\/espace-pro\/wp-content\/uploads\/sites\/3\/2019\/05\/facade-chateau-santeny.jpg\",\"contentUrl\":\"https:\/\/www.tourisme-valdemarne.com\/espace-pro\/wp-content\/uploads\/sites\/3\/2019\/05\/facade-chateau-santeny.jpg\",\"width\":1600,\"height\":1200,\"caption\":\"Chateau de Santeny\"},{\"@type\":\"BreadcrumbList\",\"@id\":\"https:\/\/www.tourisme-valdemarne.com\/espace-pro\/seminaires-et-receptions-pro\/trouver-le-lieu-ideal-seminaire\/thematiques\/top-5-lieux-historique-ou-se-marier\/#breadcrumb\",\"itemListElement\":[{\"@type\":\"ListItem\",\"position\":1,\"name\":\"Accueil\",\"item\":\"https:\/\/www.tourisme-valdemarne.com\/espace-pro\/\"},{\"@type\":\"ListItem\",\"position\":2,\"name\":\"S\u00e9minaires et r\u00e9ceptions Pro\",\"item\":\"https:\/\/www.tourisme-valdemarne.com\/espace-pro\/seminaires-et-receptions-pro\/\"},{\"@type\":\"ListItem\",\"position\":3,\"name\":\"Trouver le lieu id\u00e9al : 150 lieux de s\u00e9minaires dans le Val-de-Marne\",\"item\":\"https:\/\/www.tourisme-valdemarne.com\/espace-pro\/seminaires-et-receptions-pro\/trouver-le-lieu-ideal-seminaire\/\"},{\"@type\":\"ListItem\",\"position\":4,\"name\":\"Les lieux pour organiser un \u00e9v\u00e8nement profesionnel\",\"item\":\"https:\/\/www.tourisme-valdemarne.com\/espace-pro\/seminaires-et-receptions-pro\/trouver-le-lieu-ideal-seminaire\/thematiques\/\"},{\"@type\":\"ListItem\",\"position\":5,\"name\":\"Top 5 : lieux historique o\u00f9 se marier\"}]},{\"@type\":\"WebSite\",\"@id\":\"https:\/\/www.tourisme-valdemarne.com\/espace-pro\/#website\",\"url\":\"https:\/\/www.tourisme-valdemarne.com\/espace-pro\/\",\"name\":\"Espace Pro\",\"description\":\"Informations et outils pour les professionnels et la Presse\",\"potentialAction\":[{\"@type\":\"SearchAction\",\"target\":{\"@type\":\"EntryPoint\",\"urlTemplate\":\"https:\/\/www.tourisme-valdemarne.com\/espace-pro\/?s={search_term_string}\"},\"query-input\":{\"@type\":\"PropertyValueSpecification\",\"valueRequired\":true,\"valueName\":\"search_term_string\"}}],\"inLanguage\":\"fr-FR\"}]}<\/script>\n<!-- \/ Yoast SEO plugin. -->","yoast_head_json":{"title":"Top 5 des lieux historiques o\u00f9 se marier en Val-de-Marne","description":"Nous avons s\u00e9lectionn\u00e9 pour vous les endroits les plus attrayants pour organiser votre mariage dans le Val-de-Marne.","robots":{"index":"index","follow":"follow","max-snippet":"max-snippet:-1","max-image-preview":"max-image-preview:large","max-video-preview":"max-video-preview:-1"},"canonical":"https:\/\/www.tourisme-valdemarne.com\/espace-pro\/seminaires-et-receptions-pro\/trouver-le-lieu-ideal-seminaire\/thematiques\/top-5-lieux-historique-ou-se-marier\/","og_locale":"fr_FR","og_type":"article","og_title":"Top 5 des lieux historiques o\u00f9 se marier en Val-de-Marne","og_description":"Nous avons s\u00e9lectionn\u00e9 pour vous les endroits les plus attrayants pour organiser votre mariage dans le Val-de-Marne.","og_url":"https:\/\/www.tourisme-valdemarne.com\/espace-pro\/seminaires-et-receptions-pro\/trouver-le-lieu-ideal-seminaire\/thematiques\/top-5-lieux-historique-ou-se-marier\/","og_site_name":"Espace Pro","article_modified_time":"2023-02-20T13:10:58+00:00","og_image":[{"width":1600,"height":1200,"url":"https:\/\/www.tourisme-valdemarne.com\/espace-pro\/wp-content\/uploads\/sites\/3\/2019\/05\/facade-chateau-santeny.jpg","type":"image\/jpeg"}],"twitter_card":"summary_large_image","twitter_misc":{"Dur\u00e9e de lecture estim\u00e9e":"3 minutes"},"schema":{"@context":"https:\/\/schema.org","@graph":[{"@type":"WebPage","@id":"https:\/\/www.tourisme-valdemarne.com\/espace-pro\/seminaires-et-receptions-pro\/trouver-le-lieu-ideal-seminaire\/thematiques\/top-5-lieux-historique-ou-se-marier\/","url":"https:\/\/www.tourisme-valdemarne.com\/espace-pro\/seminaires-et-receptions-pro\/trouver-le-lieu-ideal-seminaire\/thematiques\/top-5-lieux-historique-ou-se-marier\/","name":"Top 5 des lieux historiques o\u00f9 se marier en Val-de-Marne","isPartOf":{"@id":"https:\/\/www.tourisme-valdemarne.com\/espace-pro\/#website"},"primaryImageOfPage":{"@id":"https:\/\/www.tourisme-valdemarne.com\/espace-pro\/seminaires-et-receptions-pro\/trouver-le-lieu-ideal-seminaire\/thematiques\/top-5-lieux-historique-ou-se-marier\/#primaryimage"},"image":{"@id":"https:\/\/www.tourisme-valdemarne.com\/espace-pro\/seminaires-et-receptions-pro\/trouver-le-lieu-ideal-seminaire\/thematiques\/top-5-lieux-historique-ou-se-marier\/#primaryimage"},"thumbnailUrl":"https:\/\/www.tourisme-valdemarne.com\/espace-pro\/wp-content\/uploads\/sites\/3\/2019\/05\/facade-chateau-santeny.jpg","datePublished":"2019-04-16T14:27:46+00:00","dateModified":"2023-02-20T13:10:58+00:00","description":"Nous avons s\u00e9lectionn\u00e9 pour vous les endroits les plus attrayants pour organiser votre mariage dans le Val-de-Marne.","breadcrumb":{"@id":"https:\/\/www.tourisme-valdemarne.com\/espace-pro\/seminaires-et-receptions-pro\/trouver-le-lieu-ideal-seminaire\/thematiques\/top-5-lieux-historique-ou-se-marier\/#breadcrumb"},"inLanguage":"fr-FR","potentialAction":[{"@type":"ReadAction","target":["https:\/\/www.tourisme-valdemarne.com\/espace-pro\/seminaires-et-receptions-pro\/trouver-le-lieu-ideal-seminaire\/thematiques\/top-5-lieux-historique-ou-se-marier\/"]}]},{"@type":"ImageObject","inLanguage":"fr-FR","@id":"https:\/\/www.tourisme-valdemarne.com\/espace-pro\/seminaires-et-receptions-pro\/trouver-le-lieu-ideal-seminaire\/thematiques\/top-5-lieux-historique-ou-se-marier\/#primaryimage","url":"https:\/\/www.tourisme-valdemarne.com\/espace-pro\/wp-content\/uploads\/sites\/3\/2019\/05\/facade-chateau-santeny.jpg","contentUrl":"https:\/\/www.tourisme-valdemarne.com\/espace-pro\/wp-content\/uploads\/sites\/3\/2019\/05\/facade-chateau-santeny.jpg","width":1600,"height":1200,"caption":"Chateau de Santeny"},{"@type":"BreadcrumbList","@id":"https:\/\/www.tourisme-valdemarne.com\/espace-pro\/seminaires-et-receptions-pro\/trouver-le-lieu-ideal-seminaire\/thematiques\/top-5-lieux-historique-ou-se-marier\/#breadcrumb","itemListElement":[{"@type":"ListItem","position":1,"name":"Accueil","item":"https:\/\/www.tourisme-valdemarne.com\/espace-pro\/"},{"@type":"ListItem","position":2,"name":"S\u00e9minaires et r\u00e9ceptions Pro","item":"https:\/\/www.tourisme-valdemarne.com\/espace-pro\/seminaires-et-receptions-pro\/"},{"@type":"ListItem","position":3,"name":"Trouver le lieu id\u00e9al : 150 lieux de s\u00e9minaires dans le Val-de-Marne","item":"https:\/\/www.tourisme-valdemarne.com\/espace-pro\/seminaires-et-receptions-pro\/trouver-le-lieu-ideal-seminaire\/"},{"@type":"ListItem","position":4,"name":"Les lieux pour organiser un \u00e9v\u00e8nement profesionnel","item":"https:\/\/www.tourisme-valdemarne.com\/espace-pro\/seminaires-et-receptions-pro\/trouver-le-lieu-ideal-seminaire\/thematiques\/"},{"@type":"ListItem","position":5,"name":"Top 5 : lieux historique o\u00f9 se marier"}]},{"@type":"WebSite","@id":"https:\/\/www.tourisme-valdemarne.com\/espace-pro\/#website","url":"https:\/\/www.tourisme-valdemarne.com\/espace-pro\/","name":"Espace Pro","description":"Informations et outils pour les professionnels et la Presse","potentialAction":[{"@type":"SearchAction","target":{"@type":"EntryPoint","urlTemplate":"https:\/\/www.tourisme-valdemarne.com\/espace-pro\/?s={search_term_string}"},"query-input":{"@type":"PropertyValueSpecification","valueRequired":true,"valueName":"search_term_string"}}],"inLanguage":"fr-FR"}]}},"_links":{"self":[{"href":"https:\/\/www.tourisme-valdemarne.com\/espace-pro\/wp-json\/wp\/v2\/pages\/253","targetHints":{"allow":["GET"]}}],"collection":[{"href":"https:\/\/www.tourisme-valdemarne.com\/espace-pro\/wp-json\/wp\/v2\/pages"}],"about":[{"href":"https:\/\/www.tourisme-valdemarne.com\/espace-pro\/wp-json\/wp\/v2\/types\/page"}],"author":[{"embeddable":true,"href":"https:\/\/www.tourisme-valdemarne.com\/espace-pro\/wp-json\/wp\/v2\/users\/1"}],"replies":[{"embeddable":true,"href":"https:\/\/www.tourisme-valdemarne.com\/espace-pro\/wp-json\/wp\/v2\/comments?post=253"}],"version-history":[{"count":5,"href":"https:\/\/www.tourisme-valdemarne.com\/espace-pro\/wp-json\/wp\/v2\/pages\/253\/revisions"}],"predecessor-version":[{"id":14347,"href":"https:\/\/www.tourisme-valdemarne.com\/espace-pro\/wp-json\/wp\/v2\/pages\/253\/revisions\/14347"}],"up":[{"embeddable":true,"href":"https:\/\/www.tourisme-valdemarne.com\/espace-pro\/wp-json\/wp\/v2\/pages\/193"}],"wp:featuredmedia":[{"embeddable":true,"href":"https:\/\/www.tourisme-valdemarne.com\/espace-pro\/wp-json\/wp\/v2\/media\/2851"}],"wp:attachment":[{"href":"https:\/\/www.tourisme-valdemarne.com\/espace-pro\/wp-json\/wp\/v2\/media?parent=253"}],"wp:term":[{"taxonomy":"vdmTagMarketing","embeddable":true,"href":"https:\/\/www.tourisme-valdemarne.com\/espace-pro\/wp-json\/wp\/v2\/vdmTagMarketing?post=253"}],"curies":[{"name":"wp","href":"https:\/\/api.w.org\/{rel}","templated":true}]}}