{"id":249,"date":"2019-04-16T16:27:18","date_gmt":"2019-04-16T14:27:18","guid":{"rendered":"https:\/\/www.tourisme-valdemarne.com\/espace-pro\/top-3-lieux-insolites"},"modified":"2024-03-12T15:16:59","modified_gmt":"2024-03-12T14:16:59","slug":"top-3-lieux-insolites","status":"publish","type":"page","link":"https:\/\/www.tourisme-valdemarne.com\/espace-pro\/seminaires-et-receptions-pro\/trouver-le-lieu-ideal-seminaire\/thematiques\/top-3-lieux-insolites\/","title":{"rendered":"Top 3 des lieux insolites pour votre \u00e9v\u00e8nement"},"content":{"rendered":"\n<p class=\"is-style-excerpt\">Vous recherchez un lieu atypique pour organiser votre \u00e9v\u00e8nement ? Nous avons s\u00e9lectionn\u00e9 pour vous les 3 endroits le plus insolites du Val-de-Marne pour donner une note d\u2019originalit\u00e9 \u00e0 votre s\u00e9minaire pour qu\u2019il ne ressemble \u00e0 aucun autre.<\/p>\n\n\n\n<h2 class=\"wp-block-heading\">Huatian Chinagora<\/h2>\n\n\n\n<figure class=\"wp-block-image size-full\"><a href=\"https:\/\/www.tourisme-valdemarne.com\/espace-pro\/wp-content\/uploads\/sites\/3\/2023\/01\/huatian-chinagora-cp-cdt.jpg\"><img width=\"1100\" height=\"825\" data-src=\"https:\/\/www.tourisme-valdemarne.com\/espace-pro\/wp-content\/uploads\/sites\/3\/2023\/01\/huatian-chinagora-cp-cdt.jpg\" alt=\"Hotel Restaurant Huatian Chinagora\" class=\"wp-image-14051\" srcset=\"https:\/\/www.tourisme-valdemarne.com\/espace-pro\/wp-content\/uploads\/sites\/3\/2023\/01\/huatian-chinagora-cp-cdt.jpg 1100w, https:\/\/www.tourisme-valdemarne.com\/espace-pro\/wp-content\/uploads\/sites\/3\/2023\/01\/huatian-chinagora-cp-cdt-600x450.jpg 600w, https:\/\/www.tourisme-valdemarne.com\/espace-pro\/wp-content\/uploads\/sites\/3\/2023\/01\/huatian-chinagora-cp-cdt-900x675.jpg 900w, https:\/\/www.tourisme-valdemarne.com\/espace-pro\/wp-content\/uploads\/sites\/3\/2023\/01\/huatian-chinagora-cp-cdt-380x285.jpg 380w, https:\/\/www.tourisme-valdemarne.com\/espace-pro\/wp-content\/uploads\/sites\/3\/2023\/01\/huatian-chinagora-cp-cdt-200x150.jpg 200w\" sizes=\"(max-width: 1100px) 100vw, 1100px\" \/><\/a><figcaption>Hotel Restaurant Huatian Chinagora \u00a9 CDT94<\/figcaption><\/figure>\n\n\n\n<p>Un <strong>h\u00f4tel quatre \u00e9toiles \u00e0 l&rsquo;architecture d&rsquo;inspiration chinoise<\/strong> qui surplombe la Confluence de la Marne et la Seine. Celui dispose de nombreuses salles de r\u00e9unions et d\u2019une grande salle de bal pouvant accueillir jusqu\u2019\u00e0 <strong>200 personnes<\/strong>. Le <a href=\"https:\/\/www.tourisme-valdemarne.com\/espace-pro\/seminaire\/huatian-chinagora-hotel\/\" target=\"_blank\" rel=\"noreferrer noopener\" aria-label=\"Huatian Chinagora (s\u2019ouvre dans un nouvel onglet)\">Huatian Chinagora<\/a> offre \u00e9galement un <strong>restaurant gastronomique<\/strong> cantonais et un paisible jardin coup\u00e9 du monde. Nul doute que vous serai transport\u00e9 par la magie du lieu et vos partenaires aussi\u2026<\/p>\n\n\n\n<h2 class=\"wp-block-heading\">L\u2019\u00e9cole v\u00e9t\u00e9rinaire d\u2019Alfortville<\/h2>\n\n\n\n<p>Lieu de caract\u00e8re unique, qui a c\u00e9l\u00e9br\u00e9 en 2016 ses <strong>250 ann\u00e9es d\u2019existence<\/strong>, l\u2019<a href=\"https:\/\/www.tourisme-valdemarne.com\/espace-pro\/seminaire\/ecole-nationale-veterinaire-dalfort\/\" target=\"_blank\" rel=\"noreferrer noopener\" aria-label=\"EnvA (s\u2019ouvre dans un nouvel onglet)\">EnvA<\/a> est l&rsquo;une des quatre grandes \u00e9coles fran\u00e7aises assurant la formation des v\u00e9t\u00e9rinaires. Elle accueille la clinique des animaux de compagnie la plus importante d&rsquo;Europe en nombre de cas. Situ\u00e9e aux portes de Paris, ses salles et <strong>amphith\u00e9\u00e2tres<\/strong> combinent histoire et modernit\u00e9 et accueillent des <strong>\u00e9v\u00e9nements vari\u00e9s dans un lieu insolite<\/strong>.<\/p>\n\n\n\n<h2 class=\"wp-block-heading\">Les serres d\u2019orchid\u00e9es<\/h2>\n\n\n\n<figure class=\"wp-block-image size-full\"><a href=\"https:\/\/www.tourisme-valdemarne.com\/espace-pro\/wp-content\/uploads\/sites\/3\/2023\/01\/orchidees_vacherot.jpg\"><img width=\"1100\" height=\"825\" data-src=\"https:\/\/www.tourisme-valdemarne.com\/espace-pro\/wp-content\/uploads\/sites\/3\/2023\/01\/orchidees_vacherot.jpg\" alt=\"Orchid\u00e9es Vacherot et Lecoufle\" class=\"wp-image-14052\" srcset=\"https:\/\/www.tourisme-valdemarne.com\/espace-pro\/wp-content\/uploads\/sites\/3\/2023\/01\/orchidees_vacherot.jpg 1100w, https:\/\/www.tourisme-valdemarne.com\/espace-pro\/wp-content\/uploads\/sites\/3\/2023\/01\/orchidees_vacherot-600x450.jpg 600w, https:\/\/www.tourisme-valdemarne.com\/espace-pro\/wp-content\/uploads\/sites\/3\/2023\/01\/orchidees_vacherot-900x675.jpg 900w, https:\/\/www.tourisme-valdemarne.com\/espace-pro\/wp-content\/uploads\/sites\/3\/2023\/01\/orchidees_vacherot-380x285.jpg 380w, https:\/\/www.tourisme-valdemarne.com\/espace-pro\/wp-content\/uploads\/sites\/3\/2023\/01\/orchidees_vacherot-200x150.jpg 200w\" sizes=\"(max-width: 1100px) 100vw, 1100px\" \/><\/a><figcaption>Orchid\u00e9es Vacherot et Lecoufle<\/figcaption><\/figure>\n\n\n\n<p>A Boissy-Saint-L\u00e9ger, <a href=\"https:\/\/www.tourisme-valdemarne.com\/patrimoine-culturel\/orchidees-vacherot-et-lecoufle\/\">les Serres d&rsquo;Orchid\u00e9es Vacherot &amp; Lecoufle<\/a>, sp\u00e9cialis\u00e9es dans la s\u00e9lection et la cr\u00e9ation de nouvelles vari\u00e9t\u00e9s d&rsquo;orchid\u00e9es, mettent \u00e0 votre disposition ce <strong>cadre floral original<\/strong> pour l\u2019organisation de votre cocktail d\u00eenatoire ou de votre <strong>soir\u00e9e \u00e9v\u00e8nementielle en petit comit\u00e9<\/strong>.<\/p>\n","protected":false},"excerpt":{"rendered":"<p>Vous recherchez un lieu atypique pour organiser votre \u00e9v\u00e8nement ? Nous avons s\u00e9lectionn\u00e9 pour vous les 3 endroits le plus insolites du Val-de-Marne pour donner une note d\u2019originalit\u00e9 \u00e0 votre s\u00e9minaire pour qu\u2019il ne ressemble \u00e0 aucun autre. Huatian Chinagora Un h\u00f4tel quatre \u00e9toiles \u00e0 l&rsquo;architecture d&rsquo;inspiration chinoise qui surplombe la Confluence de la Marne [&hellip;]<\/p>\n","protected":false},"author":1,"featured_media":2963,"parent":193,"menu_order":20,"comment_status":"closed","ping_status":"closed","template":"","meta":{"_relevanssi_hide_post":"","_relevanssi_hide_content":"","_relevanssi_pin_for_all":"","_relevanssi_pin_keywords":"","_relevanssi_unpin_keywords":"","_relevanssi_related_keywords":"","_relevanssi_related_include_ids":"","_relevanssi_related_exclude_ids":"","_relevanssi_related_no_append":"","_relevanssi_related_not_related":"","_relevanssi_related_posts":"2745,2749,444,2741,8104,8095","_relevanssi_noindex_reason":"","footnotes":""},"vdmTagMarketing":[],"class_list":["post-249","page","type-page","status-publish","has-post-thumbnail","hentry"],"acf":[],"yoast_head":"<!-- This site is optimized with the Yoast SEO plugin v23.9 - https:\/\/yoast.com\/wordpress\/plugins\/seo\/ -->\n<title>3 lieux insolites pour organiser votre \u00e9v\u00e8nement<\/title>\n<meta name=\"description\" content=\"Val-de-Marne Tourisme vous propose son top 3 des lieux les plus insolites pour organiser votre \u00e9v\u00e8nement professionnel.\" \/>\n<meta name=\"robots\" content=\"index, follow, max-snippet:-1, max-image-preview:large, max-video-preview:-1\" \/>\n<link rel=\"canonical\" href=\"https:\/\/www.tourisme-valdemarne.com\/espace-pro\/seminaires-et-receptions-pro\/trouver-le-lieu-ideal-seminaire\/thematiques\/top-3-lieux-insolites\/\" \/>\n<meta property=\"og:locale\" content=\"fr_FR\" \/>\n<meta property=\"og:type\" content=\"article\" \/>\n<meta property=\"og:title\" content=\"3 lieux insolites pour organiser votre \u00e9v\u00e8nement\" \/>\n<meta property=\"og:description\" content=\"Val-de-Marne Tourisme vous propose son top 3 des lieux les plus insolites pour organiser votre \u00e9v\u00e8nement professionnel.\" \/>\n<meta property=\"og:url\" content=\"https:\/\/www.tourisme-valdemarne.com\/espace-pro\/seminaires-et-receptions-pro\/trouver-le-lieu-ideal-seminaire\/thematiques\/top-3-lieux-insolites\/\" \/>\n<meta property=\"og:site_name\" content=\"Espace Pro\" \/>\n<meta property=\"article:modified_time\" content=\"2024-03-12T14:16:59+00:00\" \/>\n<meta property=\"og:image\" content=\"https:\/\/www.tourisme-valdemarne.com\/espace-pro\/wp-content\/uploads\/sites\/3\/2019\/05\/amphitheatre-musee-fragonard-ecole-veterinaire.jpg\" \/>\n\t<meta property=\"og:image:width\" content=\"1600\" \/>\n\t<meta property=\"og:image:height\" content=\"1067\" \/>\n\t<meta property=\"og:image:type\" content=\"image\/jpeg\" \/>\n<meta name=\"twitter:card\" content=\"summary_large_image\" \/>\n<meta name=\"twitter:label1\" content=\"Dur\u00e9e de lecture estim\u00e9e\" \/>\n\t<meta name=\"twitter:data1\" content=\"2 minutes\" \/>\n<script type=\"application\/ld+json\" class=\"yoast-schema-graph\">{\"@context\":\"https:\/\/schema.org\",\"@graph\":[{\"@type\":\"WebPage\",\"@id\":\"https:\/\/www.tourisme-valdemarne.com\/espace-pro\/seminaires-et-receptions-pro\/trouver-le-lieu-ideal-seminaire\/thematiques\/top-3-lieux-insolites\/\",\"url\":\"https:\/\/www.tourisme-valdemarne.com\/espace-pro\/seminaires-et-receptions-pro\/trouver-le-lieu-ideal-seminaire\/thematiques\/top-3-lieux-insolites\/\",\"name\":\"3 lieux insolites pour organiser votre \u00e9v\u00e8nement\",\"isPartOf\":{\"@id\":\"https:\/\/www.tourisme-valdemarne.com\/espace-pro\/#website\"},\"primaryImageOfPage\":{\"@id\":\"https:\/\/www.tourisme-valdemarne.com\/espace-pro\/seminaires-et-receptions-pro\/trouver-le-lieu-ideal-seminaire\/thematiques\/top-3-lieux-insolites\/#primaryimage\"},\"image\":{\"@id\":\"https:\/\/www.tourisme-valdemarne.com\/espace-pro\/seminaires-et-receptions-pro\/trouver-le-lieu-ideal-seminaire\/thematiques\/top-3-lieux-insolites\/#primaryimage\"},\"thumbnailUrl\":\"https:\/\/www.tourisme-valdemarne.com\/espace-pro\/wp-content\/uploads\/sites\/3\/2019\/05\/amphitheatre-musee-fragonard-ecole-veterinaire.jpg\",\"datePublished\":\"2019-04-16T14:27:18+00:00\",\"dateModified\":\"2024-03-12T14:16:59+00:00\",\"description\":\"Val-de-Marne Tourisme vous propose son top 3 des lieux les plus insolites pour organiser votre \u00e9v\u00e8nement professionnel.\",\"breadcrumb\":{\"@id\":\"https:\/\/www.tourisme-valdemarne.com\/espace-pro\/seminaires-et-receptions-pro\/trouver-le-lieu-ideal-seminaire\/thematiques\/top-3-lieux-insolites\/#breadcrumb\"},\"inLanguage\":\"fr-FR\",\"potentialAction\":[{\"@type\":\"ReadAction\",\"target\":[\"https:\/\/www.tourisme-valdemarne.com\/espace-pro\/seminaires-et-receptions-pro\/trouver-le-lieu-ideal-seminaire\/thematiques\/top-3-lieux-insolites\/\"]}]},{\"@type\":\"ImageObject\",\"inLanguage\":\"fr-FR\",\"@id\":\"https:\/\/www.tourisme-valdemarne.com\/espace-pro\/seminaires-et-receptions-pro\/trouver-le-lieu-ideal-seminaire\/thematiques\/top-3-lieux-insolites\/#primaryimage\",\"url\":\"https:\/\/www.tourisme-valdemarne.com\/espace-pro\/wp-content\/uploads\/sites\/3\/2019\/05\/amphitheatre-musee-fragonard-ecole-veterinaire.jpg\",\"contentUrl\":\"https:\/\/www.tourisme-valdemarne.com\/espace-pro\/wp-content\/uploads\/sites\/3\/2019\/05\/amphitheatre-musee-fragonard-ecole-veterinaire.jpg\",\"width\":1600,\"height\":1067,\"caption\":\"Amphith\u00e9\u00e2tre de l'Ecole Nationale V\u00e9t\u00e9rinaire d'Alfort \u00a9 CDT94\/www.photoinfographe.com\"},{\"@type\":\"BreadcrumbList\",\"@id\":\"https:\/\/www.tourisme-valdemarne.com\/espace-pro\/seminaires-et-receptions-pro\/trouver-le-lieu-ideal-seminaire\/thematiques\/top-3-lieux-insolites\/#breadcrumb\",\"itemListElement\":[{\"@type\":\"ListItem\",\"position\":1,\"name\":\"Accueil\",\"item\":\"https:\/\/www.tourisme-valdemarne.com\/espace-pro\/\"},{\"@type\":\"ListItem\",\"position\":2,\"name\":\"S\u00e9minaires et r\u00e9ceptions Pro\",\"item\":\"https:\/\/www.tourisme-valdemarne.com\/espace-pro\/seminaires-et-receptions-pro\/\"},{\"@type\":\"ListItem\",\"position\":3,\"name\":\"Trouver le lieu id\u00e9al : 150 lieux de s\u00e9minaires dans le Val-de-Marne\",\"item\":\"https:\/\/www.tourisme-valdemarne.com\/espace-pro\/seminaires-et-receptions-pro\/trouver-le-lieu-ideal-seminaire\/\"},{\"@type\":\"ListItem\",\"position\":4,\"name\":\"Les lieux pour organiser un \u00e9v\u00e8nement profesionnel\",\"item\":\"https:\/\/www.tourisme-valdemarne.com\/espace-pro\/seminaires-et-receptions-pro\/trouver-le-lieu-ideal-seminaire\/thematiques\/\"},{\"@type\":\"ListItem\",\"position\":5,\"name\":\"Top 3 des lieux insolites pour votre \u00e9v\u00e8nement\"}]},{\"@type\":\"WebSite\",\"@id\":\"https:\/\/www.tourisme-valdemarne.com\/espace-pro\/#website\",\"url\":\"https:\/\/www.tourisme-valdemarne.com\/espace-pro\/\",\"name\":\"Espace Pro\",\"description\":\"Informations et outils pour les professionnels et la Presse\",\"potentialAction\":[{\"@type\":\"SearchAction\",\"target\":{\"@type\":\"EntryPoint\",\"urlTemplate\":\"https:\/\/www.tourisme-valdemarne.com\/espace-pro\/?s={search_term_string}\"},\"query-input\":{\"@type\":\"PropertyValueSpecification\",\"valueRequired\":true,\"valueName\":\"search_term_string\"}}],\"inLanguage\":\"fr-FR\"}]}<\/script>\n<!-- \/ Yoast SEO plugin. -->","yoast_head_json":{"title":"3 lieux insolites pour organiser votre \u00e9v\u00e8nement","description":"Val-de-Marne Tourisme vous propose son top 3 des lieux les plus insolites pour organiser votre \u00e9v\u00e8nement professionnel.","robots":{"index":"index","follow":"follow","max-snippet":"max-snippet:-1","max-image-preview":"max-image-preview:large","max-video-preview":"max-video-preview:-1"},"canonical":"https:\/\/www.tourisme-valdemarne.com\/espace-pro\/seminaires-et-receptions-pro\/trouver-le-lieu-ideal-seminaire\/thematiques\/top-3-lieux-insolites\/","og_locale":"fr_FR","og_type":"article","og_title":"3 lieux insolites pour organiser votre \u00e9v\u00e8nement","og_description":"Val-de-Marne Tourisme vous propose son top 3 des lieux les plus insolites pour organiser votre \u00e9v\u00e8nement professionnel.","og_url":"https:\/\/www.tourisme-valdemarne.com\/espace-pro\/seminaires-et-receptions-pro\/trouver-le-lieu-ideal-seminaire\/thematiques\/top-3-lieux-insolites\/","og_site_name":"Espace Pro","article_modified_time":"2024-03-12T14:16:59+00:00","og_image":[{"width":1600,"height":1067,"url":"https:\/\/www.tourisme-valdemarne.com\/espace-pro\/wp-content\/uploads\/sites\/3\/2019\/05\/amphitheatre-musee-fragonard-ecole-veterinaire.jpg","type":"image\/jpeg"}],"twitter_card":"summary_large_image","twitter_misc":{"Dur\u00e9e de lecture estim\u00e9e":"2 minutes"},"schema":{"@context":"https:\/\/schema.org","@graph":[{"@type":"WebPage","@id":"https:\/\/www.tourisme-valdemarne.com\/espace-pro\/seminaires-et-receptions-pro\/trouver-le-lieu-ideal-seminaire\/thematiques\/top-3-lieux-insolites\/","url":"https:\/\/www.tourisme-valdemarne.com\/espace-pro\/seminaires-et-receptions-pro\/trouver-le-lieu-ideal-seminaire\/thematiques\/top-3-lieux-insolites\/","name":"3 lieux insolites pour organiser votre \u00e9v\u00e8nement","isPartOf":{"@id":"https:\/\/www.tourisme-valdemarne.com\/espace-pro\/#website"},"primaryImageOfPage":{"@id":"https:\/\/www.tourisme-valdemarne.com\/espace-pro\/seminaires-et-receptions-pro\/trouver-le-lieu-ideal-seminaire\/thematiques\/top-3-lieux-insolites\/#primaryimage"},"image":{"@id":"https:\/\/www.tourisme-valdemarne.com\/espace-pro\/seminaires-et-receptions-pro\/trouver-le-lieu-ideal-seminaire\/thematiques\/top-3-lieux-insolites\/#primaryimage"},"thumbnailUrl":"https:\/\/www.tourisme-valdemarne.com\/espace-pro\/wp-content\/uploads\/sites\/3\/2019\/05\/amphitheatre-musee-fragonard-ecole-veterinaire.jpg","datePublished":"2019-04-16T14:27:18+00:00","dateModified":"2024-03-12T14:16:59+00:00","description":"Val-de-Marne Tourisme vous propose son top 3 des lieux les plus insolites pour organiser votre \u00e9v\u00e8nement professionnel.","breadcrumb":{"@id":"https:\/\/www.tourisme-valdemarne.com\/espace-pro\/seminaires-et-receptions-pro\/trouver-le-lieu-ideal-seminaire\/thematiques\/top-3-lieux-insolites\/#breadcrumb"},"inLanguage":"fr-FR","potentialAction":[{"@type":"ReadAction","target":["https:\/\/www.tourisme-valdemarne.com\/espace-pro\/seminaires-et-receptions-pro\/trouver-le-lieu-ideal-seminaire\/thematiques\/top-3-lieux-insolites\/"]}]},{"@type":"ImageObject","inLanguage":"fr-FR","@id":"https:\/\/www.tourisme-valdemarne.com\/espace-pro\/seminaires-et-receptions-pro\/trouver-le-lieu-ideal-seminaire\/thematiques\/top-3-lieux-insolites\/#primaryimage","url":"https:\/\/www.tourisme-valdemarne.com\/espace-pro\/wp-content\/uploads\/sites\/3\/2019\/05\/amphitheatre-musee-fragonard-ecole-veterinaire.jpg","contentUrl":"https:\/\/www.tourisme-valdemarne.com\/espace-pro\/wp-content\/uploads\/sites\/3\/2019\/05\/amphitheatre-musee-fragonard-ecole-veterinaire.jpg","width":1600,"height":1067,"caption":"Amphith\u00e9\u00e2tre de l'Ecole Nationale V\u00e9t\u00e9rinaire d'Alfort \u00a9 CDT94\/www.photoinfographe.com"},{"@type":"BreadcrumbList","@id":"https:\/\/www.tourisme-valdemarne.com\/espace-pro\/seminaires-et-receptions-pro\/trouver-le-lieu-ideal-seminaire\/thematiques\/top-3-lieux-insolites\/#breadcrumb","itemListElement":[{"@type":"ListItem","position":1,"name":"Accueil","item":"https:\/\/www.tourisme-valdemarne.com\/espace-pro\/"},{"@type":"ListItem","position":2,"name":"S\u00e9minaires et r\u00e9ceptions Pro","item":"https:\/\/www.tourisme-valdemarne.com\/espace-pro\/seminaires-et-receptions-pro\/"},{"@type":"ListItem","position":3,"name":"Trouver le lieu id\u00e9al : 150 lieux de s\u00e9minaires dans le Val-de-Marne","item":"https:\/\/www.tourisme-valdemarne.com\/espace-pro\/seminaires-et-receptions-pro\/trouver-le-lieu-ideal-seminaire\/"},{"@type":"ListItem","position":4,"name":"Les lieux pour organiser un \u00e9v\u00e8nement profesionnel","item":"https:\/\/www.tourisme-valdemarne.com\/espace-pro\/seminaires-et-receptions-pro\/trouver-le-lieu-ideal-seminaire\/thematiques\/"},{"@type":"ListItem","position":5,"name":"Top 3 des lieux insolites pour votre \u00e9v\u00e8nement"}]},{"@type":"WebSite","@id":"https:\/\/www.tourisme-valdemarne.com\/espace-pro\/#website","url":"https:\/\/www.tourisme-valdemarne.com\/espace-pro\/","name":"Espace Pro","description":"Informations et outils pour les professionnels et la Presse","potentialAction":[{"@type":"SearchAction","target":{"@type":"EntryPoint","urlTemplate":"https:\/\/www.tourisme-valdemarne.com\/espace-pro\/?s={search_term_string}"},"query-input":{"@type":"PropertyValueSpecification","valueRequired":true,"valueName":"search_term_string"}}],"inLanguage":"fr-FR"}]}},"_links":{"self":[{"href":"https:\/\/www.tourisme-valdemarne.com\/espace-pro\/wp-json\/wp\/v2\/pages\/249","targetHints":{"allow":["GET"]}}],"collection":[{"href":"https:\/\/www.tourisme-valdemarne.com\/espace-pro\/wp-json\/wp\/v2\/pages"}],"about":[{"href":"https:\/\/www.tourisme-valdemarne.com\/espace-pro\/wp-json\/wp\/v2\/types\/page"}],"author":[{"embeddable":true,"href":"https:\/\/www.tourisme-valdemarne.com\/espace-pro\/wp-json\/wp\/v2\/users\/1"}],"replies":[{"embeddable":true,"href":"https:\/\/www.tourisme-valdemarne.com\/espace-pro\/wp-json\/wp\/v2\/comments?post=249"}],"version-history":[{"count":7,"href":"https:\/\/www.tourisme-valdemarne.com\/espace-pro\/wp-json\/wp\/v2\/pages\/249\/revisions"}],"predecessor-version":[{"id":26620,"href":"https:\/\/www.tourisme-valdemarne.com\/espace-pro\/wp-json\/wp\/v2\/pages\/249\/revisions\/26620"}],"up":[{"embeddable":true,"href":"https:\/\/www.tourisme-valdemarne.com\/espace-pro\/wp-json\/wp\/v2\/pages\/193"}],"wp:featuredmedia":[{"embeddable":true,"href":"https:\/\/www.tourisme-valdemarne.com\/espace-pro\/wp-json\/wp\/v2\/media\/2963"}],"wp:attachment":[{"href":"https:\/\/www.tourisme-valdemarne.com\/espace-pro\/wp-json\/wp\/v2\/media?parent=249"}],"wp:term":[{"taxonomy":"vdmTagMarketing","embeddable":true,"href":"https:\/\/www.tourisme-valdemarne.com\/espace-pro\/wp-json\/wp\/v2\/vdmTagMarketing?post=249"}],"curies":[{"name":"wp","href":"https:\/\/api.w.org\/{rel}","templated":true}]}}