{"id":244,"date":"2019-04-16T16:26:51","date_gmt":"2019-04-16T14:26:51","guid":{"rendered":"https:\/\/www.tourisme-valdemarne.com\/espace-pro\/top-5-lieux-de-prestiges"},"modified":"2024-03-04T16:11:34","modified_gmt":"2024-03-04T15:11:34","slug":"top-5-lieux-de-prestiges","status":"publish","type":"page","link":"https:\/\/www.tourisme-valdemarne.com\/espace-pro\/seminaires-et-receptions-pro\/trouver-le-lieu-ideal-seminaire\/thematiques\/top-5-lieux-de-prestiges\/","title":{"rendered":"Top 5 : lieux de prestiges"},"content":{"rendered":"\n<p class=\"is-style-excerpt\">Riche de son histoire, le Val-de-Marne poss\u00e8de de nombreux sites class\u00e9s monuments historique. Nous avons s\u00e9lectionn\u00e9 pour vous les lieux val-de-marnais les plus prestigieux pour organiser vos \u00e9v\u00e8nements aussi bien professionnels que priv\u00e9 (mariage, anniversaire\u2026).<\/p>\n\n\n\n<h2 class=\"wp-block-heading\">Le Ch\u00e2teau de Vincennes<\/h2>\n\n\n\n<p>Situ\u00e9 \u00e0 proximit\u00e9 du Bois de Vincennes au sud-est de Paris, le ch\u00e2teau est un <strong>vestige du pass\u00e9 m\u00e9di\u00e9val<\/strong>. C\u2019est le plus vaste ch\u00e2teau fort royal fran\u00e7ais subsistant et, par la hauteur de son donjon (52 m\u00e8tres), il est la plus haute forteresse de plaine d\u2019Europe. Il servit de r\u00e9sidence permanente ou secondaire \u00e0 de nombreux rois de France tels Charles V, Louis XI ou encore Fran\u00e7ois 1er. Le lieu dispose d\u2019une capacit\u00e9 d\u2019accueil allant de de <strong>80 \u00e0 350 personnes<\/strong> selon la configuration. Des espaces comme la Sainte-Chapelle, le Donjon ou casemates sont \u2026 pour votre <strong>\u00e9v\u00e8nement professionnel<\/strong>.<\/p>\n\n\n\n<h2 class=\"wp-block-heading\">Le Ch\u00e2teau de Santeny<\/h2>\n\n\n\n<figure class=\"wp-block-image alignwide\"><a href=\"https:\/\/www.tourisme-valdemarne.com\/espace-pro\/wp-content\/uploads\/sites\/3\/2019\/05\/facade-chateau-santeny.jpg\"><img width=\"1200\" height=\"900\" data-src=\"https:\/\/www.tourisme-valdemarne.com\/espace-pro\/wp-content\/uploads\/sites\/3\/2019\/05\/facade-chateau-santeny-1200x900.jpg\" alt=\"Chateau de Santeny\" class=\"wp-image-2851\" srcset=\"https:\/\/www.tourisme-valdemarne.com\/espace-pro\/wp-content\/uploads\/sites\/3\/2019\/05\/facade-chateau-santeny-1200x900.jpg 1200w, https:\/\/www.tourisme-valdemarne.com\/espace-pro\/wp-content\/uploads\/sites\/3\/2019\/05\/facade-chateau-santeny-600x450.jpg 600w, https:\/\/www.tourisme-valdemarne.com\/espace-pro\/wp-content\/uploads\/sites\/3\/2019\/05\/facade-chateau-santeny-900x675.jpg 900w, https:\/\/www.tourisme-valdemarne.com\/espace-pro\/wp-content\/uploads\/sites\/3\/2019\/05\/facade-chateau-santeny-380x285.jpg 380w, https:\/\/www.tourisme-valdemarne.com\/espace-pro\/wp-content\/uploads\/sites\/3\/2019\/05\/facade-chateau-santeny-200x150.jpg 200w, https:\/\/www.tourisme-valdemarne.com\/espace-pro\/wp-content\/uploads\/sites\/3\/2019\/05\/facade-chateau-santeny.jpg 1600w\" sizes=\"(max-width: 1200px) 100vw, 1200px\" \/><\/a><figcaption>Chateau de Santeny<\/figcaption><\/figure>\n\n\n\n<p>Tout proche de Paris \u00e0 seulement 22 km, dans un parc de 4 ha, ce ch\u00e2teau du XIX\u00e8me si\u00e8cle \u00e0 l&rsquo;<strong>architecture classique<\/strong> vous enchantera. Le <a href=\"https:\/\/www.tourisme-valdemarne.com\/espace-pro\/seminaire\/chateau-de-santeny\/\" target=\"_blank\" rel=\"noreferrer noopener\" aria-label=\"ch\u00e2teau de Santeny (s\u2019ouvre dans un nouvel onglet)\">ch\u00e2teau de Santeny<\/a> offre un cadre prestigieux \u00e0 votre r\u00e9ception. Les salles de r\u00e9ception lumineuses et largement communicantes sont orn\u00e9es de chemin\u00e9es en marbre, de sols en parquet et marbre et de hauts plafonds moulur\u00e9s et peuvent accueillir <strong>jusqu\u2019\u00e0 200 personnes<\/strong>. Elles s&rsquo;ouvrent directement sur la terrasse et le parc avec une vue tr\u00e8s d\u00e9gag\u00e9e. Un lieu unique pour une journ\u00e9e unique, de quoi enchanter vos collaborateurs.<\/p>\n\n\n\n<h2 class=\"wp-block-heading\">Le Ch\u00e2teau de Grosbois<\/h2>\n\n\n\n<p>Ce ch\u00e2teau, construit au XVIe si\u00e8cle, en pierre blanche et en briques, se dresse au milieu d&rsquo;un tr\u00e8s grand parc bois\u00e9. Il est class\u00e9 au titre des <strong>Monuments Historiques<\/strong> depuis 1992. Situ\u00e9 \u00e0 15 km de l\u2019hippodrome de Paris-Vincennes, le <a href=\"https:\/\/www.tourisme-valdemarne.com\/espace-pro\/seminaire\/domaine-de-grosbois\/\" target=\"_blank\" rel=\"noreferrer noopener\" aria-label=\"Domaine de Grosbois (s\u2019ouvre dans un nouvel onglet)\">Domaine de Grosbois<\/a> vous offre l\u2019opportunit\u00e9 d\u2019<strong>organiser votre \u00e9v\u00e8nement professionnel dans un cadre royal et somptueux<\/strong>. Le lieu dispose de nombreuses salles et d\u00e9pendances pouvant accueillir de 20 \u00e0 1500 personnes selon la configuration.<\/p>\n\n\n\n<h2 class=\"wp-block-heading\">L\u2019hippodrome de Paris-Vincennes<\/h2>\n\n\n\n<figure class=\"wp-block-image alignwide\"><a href=\"https:\/\/www.tourisme-valdemarne.com\/espace-pro\/wp-content\/uploads\/sites\/3\/2019\/05\/hippodrome-de-vincennes-cp-jean-pierre-salle.jpg\"><img width=\"1200\" height=\"801\" data-src=\"https:\/\/www.tourisme-valdemarne.com\/espace-pro\/wp-content\/uploads\/sites\/3\/2019\/05\/hippodrome-de-vincennes-cp-jean-pierre-salle-1200x801.jpg\" alt=\"hippodrome vincennes\" class=\"wp-image-2839\" srcset=\"https:\/\/www.tourisme-valdemarne.com\/espace-pro\/wp-content\/uploads\/sites\/3\/2019\/05\/hippodrome-de-vincennes-cp-jean-pierre-salle-1200x801.jpg 1200w, https:\/\/www.tourisme-valdemarne.com\/espace-pro\/wp-content\/uploads\/sites\/3\/2019\/05\/hippodrome-de-vincennes-cp-jean-pierre-salle-600x401.jpg 600w, https:\/\/www.tourisme-valdemarne.com\/espace-pro\/wp-content\/uploads\/sites\/3\/2019\/05\/hippodrome-de-vincennes-cp-jean-pierre-salle-900x601.jpg 900w, https:\/\/www.tourisme-valdemarne.com\/espace-pro\/wp-content\/uploads\/sites\/3\/2019\/05\/hippodrome-de-vincennes-cp-jean-pierre-salle-380x254.jpg 380w, https:\/\/www.tourisme-valdemarne.com\/espace-pro\/wp-content\/uploads\/sites\/3\/2019\/05\/hippodrome-de-vincennes-cp-jean-pierre-salle-200x134.jpg 200w, https:\/\/www.tourisme-valdemarne.com\/espace-pro\/wp-content\/uploads\/sites\/3\/2019\/05\/hippodrome-de-vincennes-cp-jean-pierre-salle.jpg 1600w\" sizes=\"(max-width: 1200px) 100vw, 1200px\" \/><\/a><figcaption>Hippodrome de Vincennes \u00a9 Jean-Pierre Salle<\/figcaption><\/figure>\n\n\n\n<p>Les plus grands prix de courses au trot, dont le prestigieux Prix d&rsquo;Am\u00e9rique Marionnaud, se d\u00e9roulent sur <a href=\"https:\/\/www.tourisme-valdemarne.com\/loisir\/hippodrome-de-paris-vincennes\/\">l&rsquo;Hippodrome Paris-Vincennes<\/a>. D&rsquo;une <strong>capacit\u00e9 de 35 000 personnes<\/strong>, il accueille chaque ann\u00e9e pr\u00e8s de 1255 courses. <a href=\"https:\/\/www.tourisme-valdemarne.com\/espace-groupes\/visite-guidee-de-lhippodrome-de-vincennes\/\">Il est possible d\u2019y d\u00e9jeuner ou d\u00eener dans l\u2019un des <strong>restaurants panoramiques<\/strong> pour admirer les chevaux en plein effort et parier sur votre favori<\/a>.<\/p>\n\n\n\n<h2 class=\"wp-block-heading\">Le Chalet de la Porte jaune<\/h2>\n\n\n\n<p>Lieu de r\u00e9ception incontournable pour les s\u00e9minaires ou grandes manifestations, le lieu est situ\u00e9 dans le <strong>Bois de Vincennes<\/strong> au sud-est de Paris. Il est compos\u00e9 de trois sites ind\u00e9pendants : <strong>Le Chalet<\/strong> class\u00e9 monument historique, <strong>le Belv\u00e9d\u00e8re<\/strong> moderne avec vue sur le jardin et <strong>la Fermette<\/strong> ouverte sur une superbe terrasse en bordure du Lac des Minimes, o\u00f9 des promenades en barque sont propos\u00e9es.<\/p>\n","protected":false},"excerpt":{"rendered":"<p>Riche de son histoire, le Val-de-Marne poss\u00e8de de nombreux sites class\u00e9s monuments historique. Nous avons s\u00e9lectionn\u00e9 pour vous les lieux val-de-marnais les plus prestigieux pour organiser vos \u00e9v\u00e8nements aussi bien professionnels que priv\u00e9 (mariage, anniversaire\u2026). Le Ch\u00e2teau de Vincennes Situ\u00e9 \u00e0 proximit\u00e9 du Bois de Vincennes au sud-est de Paris, le ch\u00e2teau est un vestige [&hellip;]<\/p>\n","protected":false},"author":1,"featured_media":2846,"parent":193,"menu_order":0,"comment_status":"closed","ping_status":"closed","template":"","meta":{"_relevanssi_hide_post":"","_relevanssi_hide_content":"","_relevanssi_pin_for_all":"","_relevanssi_pin_keywords":"","_relevanssi_unpin_keywords":"","_relevanssi_related_keywords":"","_relevanssi_related_include_ids":"","_relevanssi_related_exclude_ids":"","_relevanssi_related_no_append":"","_relevanssi_related_not_related":"","_relevanssi_related_posts":"2745,2749,2741,444,8104,8101","_relevanssi_noindex_reason":"","footnotes":""},"vdmTagMarketing":[],"class_list":["post-244","page","type-page","status-publish","has-post-thumbnail","hentry"],"acf":[],"yoast_head":"<!-- This site is optimized with the Yoast SEO plugin v23.9 - https:\/\/yoast.com\/wordpress\/plugins\/seo\/ -->\n<title>Top 5 : lieux de prestiges - Espace Pro<\/title>\n<meta name=\"robots\" content=\"index, follow, max-snippet:-1, max-image-preview:large, max-video-preview:-1\" \/>\n<link rel=\"canonical\" href=\"https:\/\/www.tourisme-valdemarne.com\/espace-pro\/seminaires-et-receptions-pro\/trouver-le-lieu-ideal-seminaire\/thematiques\/top-5-lieux-de-prestiges\/\" \/>\n<meta property=\"og:locale\" content=\"fr_FR\" \/>\n<meta property=\"og:type\" content=\"article\" \/>\n<meta property=\"og:title\" content=\"Top 5 : lieux de prestiges - Espace Pro\" \/>\n<meta property=\"og:description\" content=\"Riche de son histoire, le Val-de-Marne poss\u00e8de de nombreux sites class\u00e9s monuments historique. Nous avons s\u00e9lectionn\u00e9 pour vous les lieux val-de-marnais les plus prestigieux pour organiser vos \u00e9v\u00e8nements aussi bien professionnels que priv\u00e9 (mariage, anniversaire\u2026). Le Ch\u00e2teau de Vincennes Situ\u00e9 \u00e0 proximit\u00e9 du Bois de Vincennes au sud-est de Paris, le ch\u00e2teau est un vestige [&hellip;]\" \/>\n<meta property=\"og:url\" content=\"https:\/\/www.tourisme-valdemarne.com\/espace-pro\/seminaires-et-receptions-pro\/trouver-le-lieu-ideal-seminaire\/thematiques\/top-5-lieux-de-prestiges\/\" \/>\n<meta property=\"og:site_name\" content=\"Espace Pro\" \/>\n<meta property=\"article:modified_time\" content=\"2024-03-04T15:11:34+00:00\" \/>\n<meta property=\"og:image\" content=\"https:\/\/www.tourisme-valdemarne.com\/espace-pro\/wp-content\/uploads\/sites\/3\/2019\/05\/donjon-chateau-vincennes.jpg\" \/>\n\t<meta property=\"og:image:width\" content=\"1600\" \/>\n\t<meta property=\"og:image:height\" content=\"1137\" \/>\n\t<meta property=\"og:image:type\" content=\"image\/jpeg\" \/>\n<meta name=\"twitter:card\" content=\"summary_large_image\" \/>\n<meta name=\"twitter:label1\" content=\"Dur\u00e9e de lecture estim\u00e9e\" \/>\n\t<meta name=\"twitter:data1\" content=\"3 minutes\" \/>\n<script type=\"application\/ld+json\" class=\"yoast-schema-graph\">{\"@context\":\"https:\/\/schema.org\",\"@graph\":[{\"@type\":\"WebPage\",\"@id\":\"https:\/\/www.tourisme-valdemarne.com\/espace-pro\/seminaires-et-receptions-pro\/trouver-le-lieu-ideal-seminaire\/thematiques\/top-5-lieux-de-prestiges\/\",\"url\":\"https:\/\/www.tourisme-valdemarne.com\/espace-pro\/seminaires-et-receptions-pro\/trouver-le-lieu-ideal-seminaire\/thematiques\/top-5-lieux-de-prestiges\/\",\"name\":\"Top 5 : lieux de prestiges - Espace Pro\",\"isPartOf\":{\"@id\":\"https:\/\/www.tourisme-valdemarne.com\/espace-pro\/#website\"},\"primaryImageOfPage\":{\"@id\":\"https:\/\/www.tourisme-valdemarne.com\/espace-pro\/seminaires-et-receptions-pro\/trouver-le-lieu-ideal-seminaire\/thematiques\/top-5-lieux-de-prestiges\/#primaryimage\"},\"image\":{\"@id\":\"https:\/\/www.tourisme-valdemarne.com\/espace-pro\/seminaires-et-receptions-pro\/trouver-le-lieu-ideal-seminaire\/thematiques\/top-5-lieux-de-prestiges\/#primaryimage\"},\"thumbnailUrl\":\"https:\/\/www.tourisme-valdemarne.com\/espace-pro\/wp-content\/uploads\/sites\/3\/2019\/05\/donjon-chateau-vincennes.jpg\",\"datePublished\":\"2019-04-16T14:26:51+00:00\",\"dateModified\":\"2024-03-04T15:11:34+00:00\",\"breadcrumb\":{\"@id\":\"https:\/\/www.tourisme-valdemarne.com\/espace-pro\/seminaires-et-receptions-pro\/trouver-le-lieu-ideal-seminaire\/thematiques\/top-5-lieux-de-prestiges\/#breadcrumb\"},\"inLanguage\":\"fr-FR\",\"potentialAction\":[{\"@type\":\"ReadAction\",\"target\":[\"https:\/\/www.tourisme-valdemarne.com\/espace-pro\/seminaires-et-receptions-pro\/trouver-le-lieu-ideal-seminaire\/thematiques\/top-5-lieux-de-prestiges\/\"]}]},{\"@type\":\"ImageObject\",\"inLanguage\":\"fr-FR\",\"@id\":\"https:\/\/www.tourisme-valdemarne.com\/espace-pro\/seminaires-et-receptions-pro\/trouver-le-lieu-ideal-seminaire\/thematiques\/top-5-lieux-de-prestiges\/#primaryimage\",\"url\":\"https:\/\/www.tourisme-valdemarne.com\/espace-pro\/wp-content\/uploads\/sites\/3\/2019\/05\/donjon-chateau-vincennes.jpg\",\"contentUrl\":\"https:\/\/www.tourisme-valdemarne.com\/espace-pro\/wp-content\/uploads\/sites\/3\/2019\/05\/donjon-chateau-vincennes.jpg\",\"width\":1600,\"height\":1137,\"caption\":\"Donjon du Ch\u00e2teau de Vincennes \u00a9 CDT94\/D.Thierry\"},{\"@type\":\"BreadcrumbList\",\"@id\":\"https:\/\/www.tourisme-valdemarne.com\/espace-pro\/seminaires-et-receptions-pro\/trouver-le-lieu-ideal-seminaire\/thematiques\/top-5-lieux-de-prestiges\/#breadcrumb\",\"itemListElement\":[{\"@type\":\"ListItem\",\"position\":1,\"name\":\"Accueil\",\"item\":\"https:\/\/www.tourisme-valdemarne.com\/espace-pro\/\"},{\"@type\":\"ListItem\",\"position\":2,\"name\":\"S\u00e9minaires et r\u00e9ceptions Pro\",\"item\":\"https:\/\/www.tourisme-valdemarne.com\/espace-pro\/seminaires-et-receptions-pro\/\"},{\"@type\":\"ListItem\",\"position\":3,\"name\":\"Trouver le lieu id\u00e9al : 150 lieux de s\u00e9minaires dans le Val-de-Marne\",\"item\":\"https:\/\/www.tourisme-valdemarne.com\/espace-pro\/seminaires-et-receptions-pro\/trouver-le-lieu-ideal-seminaire\/\"},{\"@type\":\"ListItem\",\"position\":4,\"name\":\"Les lieux pour organiser un \u00e9v\u00e8nement profesionnel\",\"item\":\"https:\/\/www.tourisme-valdemarne.com\/espace-pro\/seminaires-et-receptions-pro\/trouver-le-lieu-ideal-seminaire\/thematiques\/\"},{\"@type\":\"ListItem\",\"position\":5,\"name\":\"Top 5 : lieux de prestiges\"}]},{\"@type\":\"WebSite\",\"@id\":\"https:\/\/www.tourisme-valdemarne.com\/espace-pro\/#website\",\"url\":\"https:\/\/www.tourisme-valdemarne.com\/espace-pro\/\",\"name\":\"Espace Pro\",\"description\":\"Informations et outils pour les professionnels et la Presse\",\"potentialAction\":[{\"@type\":\"SearchAction\",\"target\":{\"@type\":\"EntryPoint\",\"urlTemplate\":\"https:\/\/www.tourisme-valdemarne.com\/espace-pro\/?s={search_term_string}\"},\"query-input\":{\"@type\":\"PropertyValueSpecification\",\"valueRequired\":true,\"valueName\":\"search_term_string\"}}],\"inLanguage\":\"fr-FR\"}]}<\/script>\n<!-- \/ Yoast SEO plugin. -->","yoast_head_json":{"title":"Top 5 : lieux de prestiges - Espace Pro","robots":{"index":"index","follow":"follow","max-snippet":"max-snippet:-1","max-image-preview":"max-image-preview:large","max-video-preview":"max-video-preview:-1"},"canonical":"https:\/\/www.tourisme-valdemarne.com\/espace-pro\/seminaires-et-receptions-pro\/trouver-le-lieu-ideal-seminaire\/thematiques\/top-5-lieux-de-prestiges\/","og_locale":"fr_FR","og_type":"article","og_title":"Top 5 : lieux de prestiges - Espace Pro","og_description":"Riche de son histoire, le Val-de-Marne poss\u00e8de de nombreux sites class\u00e9s monuments historique. Nous avons s\u00e9lectionn\u00e9 pour vous les lieux val-de-marnais les plus prestigieux pour organiser vos \u00e9v\u00e8nements aussi bien professionnels que priv\u00e9 (mariage, anniversaire\u2026). Le Ch\u00e2teau de Vincennes Situ\u00e9 \u00e0 proximit\u00e9 du Bois de Vincennes au sud-est de Paris, le ch\u00e2teau est un vestige [&hellip;]","og_url":"https:\/\/www.tourisme-valdemarne.com\/espace-pro\/seminaires-et-receptions-pro\/trouver-le-lieu-ideal-seminaire\/thematiques\/top-5-lieux-de-prestiges\/","og_site_name":"Espace Pro","article_modified_time":"2024-03-04T15:11:34+00:00","og_image":[{"width":1600,"height":1137,"url":"https:\/\/www.tourisme-valdemarne.com\/espace-pro\/wp-content\/uploads\/sites\/3\/2019\/05\/donjon-chateau-vincennes.jpg","type":"image\/jpeg"}],"twitter_card":"summary_large_image","twitter_misc":{"Dur\u00e9e de lecture estim\u00e9e":"3 minutes"},"schema":{"@context":"https:\/\/schema.org","@graph":[{"@type":"WebPage","@id":"https:\/\/www.tourisme-valdemarne.com\/espace-pro\/seminaires-et-receptions-pro\/trouver-le-lieu-ideal-seminaire\/thematiques\/top-5-lieux-de-prestiges\/","url":"https:\/\/www.tourisme-valdemarne.com\/espace-pro\/seminaires-et-receptions-pro\/trouver-le-lieu-ideal-seminaire\/thematiques\/top-5-lieux-de-prestiges\/","name":"Top 5 : lieux de prestiges - Espace Pro","isPartOf":{"@id":"https:\/\/www.tourisme-valdemarne.com\/espace-pro\/#website"},"primaryImageOfPage":{"@id":"https:\/\/www.tourisme-valdemarne.com\/espace-pro\/seminaires-et-receptions-pro\/trouver-le-lieu-ideal-seminaire\/thematiques\/top-5-lieux-de-prestiges\/#primaryimage"},"image":{"@id":"https:\/\/www.tourisme-valdemarne.com\/espace-pro\/seminaires-et-receptions-pro\/trouver-le-lieu-ideal-seminaire\/thematiques\/top-5-lieux-de-prestiges\/#primaryimage"},"thumbnailUrl":"https:\/\/www.tourisme-valdemarne.com\/espace-pro\/wp-content\/uploads\/sites\/3\/2019\/05\/donjon-chateau-vincennes.jpg","datePublished":"2019-04-16T14:26:51+00:00","dateModified":"2024-03-04T15:11:34+00:00","breadcrumb":{"@id":"https:\/\/www.tourisme-valdemarne.com\/espace-pro\/seminaires-et-receptions-pro\/trouver-le-lieu-ideal-seminaire\/thematiques\/top-5-lieux-de-prestiges\/#breadcrumb"},"inLanguage":"fr-FR","potentialAction":[{"@type":"ReadAction","target":["https:\/\/www.tourisme-valdemarne.com\/espace-pro\/seminaires-et-receptions-pro\/trouver-le-lieu-ideal-seminaire\/thematiques\/top-5-lieux-de-prestiges\/"]}]},{"@type":"ImageObject","inLanguage":"fr-FR","@id":"https:\/\/www.tourisme-valdemarne.com\/espace-pro\/seminaires-et-receptions-pro\/trouver-le-lieu-ideal-seminaire\/thematiques\/top-5-lieux-de-prestiges\/#primaryimage","url":"https:\/\/www.tourisme-valdemarne.com\/espace-pro\/wp-content\/uploads\/sites\/3\/2019\/05\/donjon-chateau-vincennes.jpg","contentUrl":"https:\/\/www.tourisme-valdemarne.com\/espace-pro\/wp-content\/uploads\/sites\/3\/2019\/05\/donjon-chateau-vincennes.jpg","width":1600,"height":1137,"caption":"Donjon du Ch\u00e2teau de Vincennes \u00a9 CDT94\/D.Thierry"},{"@type":"BreadcrumbList","@id":"https:\/\/www.tourisme-valdemarne.com\/espace-pro\/seminaires-et-receptions-pro\/trouver-le-lieu-ideal-seminaire\/thematiques\/top-5-lieux-de-prestiges\/#breadcrumb","itemListElement":[{"@type":"ListItem","position":1,"name":"Accueil","item":"https:\/\/www.tourisme-valdemarne.com\/espace-pro\/"},{"@type":"ListItem","position":2,"name":"S\u00e9minaires et r\u00e9ceptions Pro","item":"https:\/\/www.tourisme-valdemarne.com\/espace-pro\/seminaires-et-receptions-pro\/"},{"@type":"ListItem","position":3,"name":"Trouver le lieu id\u00e9al : 150 lieux de s\u00e9minaires dans le Val-de-Marne","item":"https:\/\/www.tourisme-valdemarne.com\/espace-pro\/seminaires-et-receptions-pro\/trouver-le-lieu-ideal-seminaire\/"},{"@type":"ListItem","position":4,"name":"Les lieux pour organiser un \u00e9v\u00e8nement profesionnel","item":"https:\/\/www.tourisme-valdemarne.com\/espace-pro\/seminaires-et-receptions-pro\/trouver-le-lieu-ideal-seminaire\/thematiques\/"},{"@type":"ListItem","position":5,"name":"Top 5 : lieux de prestiges"}]},{"@type":"WebSite","@id":"https:\/\/www.tourisme-valdemarne.com\/espace-pro\/#website","url":"https:\/\/www.tourisme-valdemarne.com\/espace-pro\/","name":"Espace Pro","description":"Informations et outils pour les professionnels et la Presse","potentialAction":[{"@type":"SearchAction","target":{"@type":"EntryPoint","urlTemplate":"https:\/\/www.tourisme-valdemarne.com\/espace-pro\/?s={search_term_string}"},"query-input":{"@type":"PropertyValueSpecification","valueRequired":true,"valueName":"search_term_string"}}],"inLanguage":"fr-FR"}]}},"_links":{"self":[{"href":"https:\/\/www.tourisme-valdemarne.com\/espace-pro\/wp-json\/wp\/v2\/pages\/244","targetHints":{"allow":["GET"]}}],"collection":[{"href":"https:\/\/www.tourisme-valdemarne.com\/espace-pro\/wp-json\/wp\/v2\/pages"}],"about":[{"href":"https:\/\/www.tourisme-valdemarne.com\/espace-pro\/wp-json\/wp\/v2\/types\/page"}],"author":[{"embeddable":true,"href":"https:\/\/www.tourisme-valdemarne.com\/espace-pro\/wp-json\/wp\/v2\/users\/1"}],"replies":[{"embeddable":true,"href":"https:\/\/www.tourisme-valdemarne.com\/espace-pro\/wp-json\/wp\/v2\/comments?post=244"}],"version-history":[{"count":7,"href":"https:\/\/www.tourisme-valdemarne.com\/espace-pro\/wp-json\/wp\/v2\/pages\/244\/revisions"}],"predecessor-version":[{"id":26530,"href":"https:\/\/www.tourisme-valdemarne.com\/espace-pro\/wp-json\/wp\/v2\/pages\/244\/revisions\/26530"}],"up":[{"embeddable":true,"href":"https:\/\/www.tourisme-valdemarne.com\/espace-pro\/wp-json\/wp\/v2\/pages\/193"}],"wp:featuredmedia":[{"embeddable":true,"href":"https:\/\/www.tourisme-valdemarne.com\/espace-pro\/wp-json\/wp\/v2\/media\/2846"}],"wp:attachment":[{"href":"https:\/\/www.tourisme-valdemarne.com\/espace-pro\/wp-json\/wp\/v2\/media?parent=244"}],"wp:term":[{"taxonomy":"vdmTagMarketing","embeddable":true,"href":"https:\/\/www.tourisme-valdemarne.com\/espace-pro\/wp-json\/wp\/v2\/vdmTagMarketing?post=244"}],"curies":[{"name":"wp","href":"https:\/\/api.w.org\/{rel}","templated":true}]}}