{"id":240,"date":"2019-04-16T16:26:08","date_gmt":"2019-04-16T14:26:08","guid":{"rendered":"https:\/\/www.tourisme-valdemarne.com\/espace-pro\/confluence-marne-et-seine"},"modified":"2023-02-20T14:03:10","modified_gmt":"2023-02-20T13:03:10","slug":"confluence-marne-et-seine","status":"publish","type":"page","link":"https:\/\/www.tourisme-valdemarne.com\/espace-pro\/seminaires-et-receptions-pro\/atouts-et-territoires-cles\/territoires-cles\/confluence-marne-et-seine\/","title":{"rendered":"Confluence de la Marne et de la Seine"},"content":{"rendered":"\n<p class=\"is-style-excerpt\">Situ\u00e9 \u00e0 la Confluence de la Marne et de la Seine, les villes d&rsquo;Alfortville et Maisons-Alfort regroupent quelques-unes des offres les plus atypiques du d\u00e9partement, en bordure de rivi\u00e8re.<\/p>\n\n\n\n<p>Situ\u00e9 non loin, l&rsquo;ENVA (Ecole Nationale V\u00e9t\u00e9rinaire d&rsquo;Alfort) r\u00e9nove ses espaces de s\u00e9minaires. Un b\u00e2timent patrimonial de plus de 250 ans disposant d&rsquo;un magnifique amphith\u00e9\u00e2tre de m\u00e9decine.<br>En pleine restructuration, la zone va connaitre de nombreux <strong>bouleversements architecturaux<\/strong> le long des quais dans les ann\u00e9es \u00e0 venir.<\/p>\n\n\n\n<h2 class=\"wp-block-heading\">L\u2019H\u00f4tel Huatian Chinagora<\/h2>\n\n\n\n<figure class=\"wp-block-image\"><a href=\"https:\/\/www.tourisme-valdemarne.com\/espace-pro\/wp-content\/uploads\/sites\/3\/2019\/05\/huatian-chinagora-cp-cdt.jpg\"><img width=\"1200\" height=\"900\" data-src=\"https:\/\/www.tourisme-valdemarne.com\/espace-pro\/wp-content\/uploads\/sites\/3\/2019\/05\/huatian-chinagora-cp-cdt-1200x900.jpg\" alt=\"restaurant huatian chinagora alfortville\" class=\"wp-image-2925\" srcset=\"https:\/\/www.tourisme-valdemarne.com\/espace-pro\/wp-content\/uploads\/sites\/3\/2019\/05\/huatian-chinagora-cp-cdt-1200x900.jpg 1200w, https:\/\/www.tourisme-valdemarne.com\/espace-pro\/wp-content\/uploads\/sites\/3\/2019\/05\/huatian-chinagora-cp-cdt-600x450.jpg 600w, https:\/\/www.tourisme-valdemarne.com\/espace-pro\/wp-content\/uploads\/sites\/3\/2019\/05\/huatian-chinagora-cp-cdt-900x675.jpg 900w, https:\/\/www.tourisme-valdemarne.com\/espace-pro\/wp-content\/uploads\/sites\/3\/2019\/05\/huatian-chinagora-cp-cdt-380x285.jpg 380w, https:\/\/www.tourisme-valdemarne.com\/espace-pro\/wp-content\/uploads\/sites\/3\/2019\/05\/huatian-chinagora-cp-cdt-200x150.jpg 200w, https:\/\/www.tourisme-valdemarne.com\/espace-pro\/wp-content\/uploads\/sites\/3\/2019\/05\/huatian-chinagora-cp-cdt.jpg 1600w\" sizes=\"(max-width: 1200px) 100vw, 1200px\" \/><\/a><figcaption>Hotel Restaurant Huatian Chinagora \u00a9 CDT94<\/figcaption><\/figure>\n\n\n\n<p>Un h\u00f4tel quatre \u00e9toiles \u00e0 l&rsquo;<strong>architecture d&rsquo;inspiration chinoise<\/strong> qui surplombe la <strong>Confluence de la Marne et la Seine<\/strong>. Celui dispose de nombreuses salles de r\u00e9unions et d\u2019une grande salle de bal pouvant accueillir jusqu\u2019\u00e0 <strong>200 personnes<\/strong>. L&rsquo;<a aria-label=\"h\u00f4tel Huatian Chinagora (s\u2019ouvre dans un nouvel onglet)\" rel=\"noreferrer noopener\" href=\"https:\/\/www.tourisme-valdemarne.com\/espace-pro\/seminaire\/huatian-chinagora-hotel\/\" target=\"_blank\">h\u00f4tel Huatian Chinagora<\/a> offre \u00e9galement un restaurant gastronomique cantonais et un paisible jardin coup\u00e9 du monde. Nul ne doute que vous serez transport\u00e9 par la magie du lieu et vos partenaires aussi\u2026<\/p>\n\n\n\n<h2 class=\"wp-block-heading\">Cristal-sur-Seine<\/h2>\n\n\n\n<p>Ce nouvel espace \u00e9v\u00e8nementiel de la ville d&rsquo;Alfortville flotte sur la Seine en face de la grande usine EDF. L\u2019\u00e9tablissement flambant neuf vous propose deux salles communicantes disposant d&rsquo;un <strong>\u00e9quipement ultra-moderne<\/strong> et une capacit\u00e9 allant de <strong>190 \u00e0 250 personnes<\/strong> selon la configuration. Les salles offrent une vue imprenable sur la Seine. Le lieu dispose \u00e9galement d\u2019un mini jardin tropical avec palmiers et plantes exotiques id\u00e9als pour vos cocktails !<\/p>\n\n\n\n<h2 class=\"wp-block-heading\">H\u00f4tel Mercure Paris Ivry Quai de Seine<\/h2>\n\n\n\n<p>Situ\u00e9 \u00e0 proximit\u00e9 de Paris, cet <strong>h\u00f4tel quatre \u00e9toiles<\/strong> dispose d&rsquo;une dizaine de salles pouvant accueillir des groupes de tailles variables. L\u2019\u00e9tablissement dispose \u00e9galement d\u2019un restaurant, d\u2019un bar et d\u2019un parking priv\u00e9. Les transports \u00e0 proximit\u00e9 vous garantissent un <strong>acc\u00e8s rapide au centre de la capitale<\/strong> ainsi qu\u2019aux grandes gares parisiennes. Il se trouve \u00e0 <strong>quelques pas de l\u2019AccorHotels Arena de Paris-Bercy<\/strong>. <\/p>\n","protected":false},"excerpt":{"rendered":"<p>Situ\u00e9 \u00e0 la Confluence de la Marne et de la Seine, les villes d&rsquo;Alfortville et Maisons-Alfort regroupent quelques-unes des offres les plus atypiques du d\u00e9partement, en bordure de rivi\u00e8re. Situ\u00e9 non loin, l&rsquo;ENVA (Ecole Nationale V\u00e9t\u00e9rinaire d&rsquo;Alfort) r\u00e9nove ses espaces de s\u00e9minaires. Un b\u00e2timent patrimonial de plus de 250 ans disposant d&rsquo;un magnifique amphith\u00e9\u00e2tre de [&hellip;]<\/p>\n","protected":false},"author":1,"featured_media":2708,"parent":188,"menu_order":50,"comment_status":"closed","ping_status":"closed","template":"","meta":{"_relevanssi_hide_post":"","_relevanssi_hide_content":"","_relevanssi_pin_for_all":"","_relevanssi_pin_keywords":"","_relevanssi_unpin_keywords":"","_relevanssi_related_keywords":"","_relevanssi_related_include_ids":"","_relevanssi_related_exclude_ids":"","_relevanssi_related_no_append":"","_relevanssi_related_not_related":"","_relevanssi_related_posts":"444,2749,2741,2751,8095,8084","_relevanssi_noindex_reason":"","footnotes":""},"vdmTagMarketing":[],"class_list":["post-240","page","type-page","status-publish","has-post-thumbnail","hentry"],"acf":[],"yoast_head":"<!-- This site is optimized with the Yoast SEO plugin v23.9 - https:\/\/yoast.com\/wordpress\/plugins\/seo\/ -->\n<title>Confluence de la Marne et de la Seine - Espace Pro<\/title>\n<meta name=\"description\" content=\"Les villes d\u2019Alfortville et Maisons-Alfort regroupent quelques-unes des offres les plus atypiques du d\u00e9partement, en bordure de rivi\u00e8re.\" \/>\n<meta name=\"robots\" content=\"index, follow, max-snippet:-1, max-image-preview:large, max-video-preview:-1\" \/>\n<link rel=\"canonical\" href=\"https:\/\/www.tourisme-valdemarne.com\/espace-pro\/seminaires-et-receptions-pro\/atouts-et-territoires-cles\/territoires-cles\/confluence-marne-et-seine\/\" \/>\n<meta property=\"og:locale\" content=\"fr_FR\" \/>\n<meta property=\"og:type\" content=\"article\" \/>\n<meta property=\"og:title\" content=\"Confluence de la Marne et de la Seine - Espace Pro\" \/>\n<meta property=\"og:description\" content=\"Les villes d\u2019Alfortville et Maisons-Alfort regroupent quelques-unes des offres les plus atypiques du d\u00e9partement, en bordure de rivi\u00e8re.\" \/>\n<meta property=\"og:url\" content=\"https:\/\/www.tourisme-valdemarne.com\/espace-pro\/seminaires-et-receptions-pro\/atouts-et-territoires-cles\/territoires-cles\/confluence-marne-et-seine\/\" \/>\n<meta property=\"og:site_name\" content=\"Espace Pro\" \/>\n<meta property=\"article:modified_time\" content=\"2023-02-20T13:03:10+00:00\" \/>\n<meta property=\"og:image\" content=\"https:\/\/www.tourisme-valdemarne.com\/espace-pro\/wp-content\/uploads\/sites\/3\/2019\/05\/chinagora-seine.jpg\" \/>\n\t<meta property=\"og:image:width\" content=\"1600\" \/>\n\t<meta property=\"og:image:height\" content=\"1043\" \/>\n\t<meta property=\"og:image:type\" content=\"image\/jpeg\" \/>\n<meta name=\"twitter:card\" content=\"summary_large_image\" \/>\n<meta name=\"twitter:label1\" content=\"Dur\u00e9e de lecture estim\u00e9e\" \/>\n\t<meta name=\"twitter:data1\" content=\"2 minutes\" \/>\n<script type=\"application\/ld+json\" class=\"yoast-schema-graph\">{\"@context\":\"https:\/\/schema.org\",\"@graph\":[{\"@type\":\"WebPage\",\"@id\":\"https:\/\/www.tourisme-valdemarne.com\/espace-pro\/seminaires-et-receptions-pro\/atouts-et-territoires-cles\/territoires-cles\/confluence-marne-et-seine\/\",\"url\":\"https:\/\/www.tourisme-valdemarne.com\/espace-pro\/seminaires-et-receptions-pro\/atouts-et-territoires-cles\/territoires-cles\/confluence-marne-et-seine\/\",\"name\":\"Confluence de la Marne et de la Seine - Espace Pro\",\"isPartOf\":{\"@id\":\"https:\/\/www.tourisme-valdemarne.com\/espace-pro\/#website\"},\"primaryImageOfPage\":{\"@id\":\"https:\/\/www.tourisme-valdemarne.com\/espace-pro\/seminaires-et-receptions-pro\/atouts-et-territoires-cles\/territoires-cles\/confluence-marne-et-seine\/#primaryimage\"},\"image\":{\"@id\":\"https:\/\/www.tourisme-valdemarne.com\/espace-pro\/seminaires-et-receptions-pro\/atouts-et-territoires-cles\/territoires-cles\/confluence-marne-et-seine\/#primaryimage\"},\"thumbnailUrl\":\"https:\/\/www.tourisme-valdemarne.com\/espace-pro\/wp-content\/uploads\/sites\/3\/2019\/05\/chinagora-seine.jpg\",\"datePublished\":\"2019-04-16T14:26:08+00:00\",\"dateModified\":\"2023-02-20T13:03:10+00:00\",\"description\":\"Les villes d\u2019Alfortville et Maisons-Alfort regroupent quelques-unes des offres les plus atypiques du d\u00e9partement, en bordure de rivi\u00e8re.\",\"breadcrumb\":{\"@id\":\"https:\/\/www.tourisme-valdemarne.com\/espace-pro\/seminaires-et-receptions-pro\/atouts-et-territoires-cles\/territoires-cles\/confluence-marne-et-seine\/#breadcrumb\"},\"inLanguage\":\"fr-FR\",\"potentialAction\":[{\"@type\":\"ReadAction\",\"target\":[\"https:\/\/www.tourisme-valdemarne.com\/espace-pro\/seminaires-et-receptions-pro\/atouts-et-territoires-cles\/territoires-cles\/confluence-marne-et-seine\/\"]}]},{\"@type\":\"ImageObject\",\"inLanguage\":\"fr-FR\",\"@id\":\"https:\/\/www.tourisme-valdemarne.com\/espace-pro\/seminaires-et-receptions-pro\/atouts-et-territoires-cles\/territoires-cles\/confluence-marne-et-seine\/#primaryimage\",\"url\":\"https:\/\/www.tourisme-valdemarne.com\/espace-pro\/wp-content\/uploads\/sites\/3\/2019\/05\/chinagora-seine.jpg\",\"contentUrl\":\"https:\/\/www.tourisme-valdemarne.com\/espace-pro\/wp-content\/uploads\/sites\/3\/2019\/05\/chinagora-seine.jpg\",\"width\":1600,\"height\":1043,\"caption\":\"Restaurant Chinagora \u00e0 la confluence Marne et Seine \u00a9 CDT94\/D.Thierry\"},{\"@type\":\"BreadcrumbList\",\"@id\":\"https:\/\/www.tourisme-valdemarne.com\/espace-pro\/seminaires-et-receptions-pro\/atouts-et-territoires-cles\/territoires-cles\/confluence-marne-et-seine\/#breadcrumb\",\"itemListElement\":[{\"@type\":\"ListItem\",\"position\":1,\"name\":\"Accueil\",\"item\":\"https:\/\/www.tourisme-valdemarne.com\/espace-pro\/\"},{\"@type\":\"ListItem\",\"position\":2,\"name\":\"S\u00e9minaires et r\u00e9ceptions Pro\",\"item\":\"https:\/\/www.tourisme-valdemarne.com\/espace-pro\/seminaires-et-receptions-pro\/\"},{\"@type\":\"ListItem\",\"position\":3,\"name\":\"Atouts et territoires cl\u00e9s du Val-de-Marne\",\"item\":\"https:\/\/www.tourisme-valdemarne.com\/espace-pro\/seminaires-et-receptions-pro\/atouts-et-territoires-cles\/\"},{\"@type\":\"ListItem\",\"position\":4,\"name\":\"Territoires cl\u00e9s\",\"item\":\"https:\/\/www.tourisme-valdemarne.com\/espace-pro\/seminaires-et-receptions-pro\/atouts-et-territoires-cles\/territoires-cles\/\"},{\"@type\":\"ListItem\",\"position\":5,\"name\":\"Confluence de la Marne et de la Seine\"}]},{\"@type\":\"WebSite\",\"@id\":\"https:\/\/www.tourisme-valdemarne.com\/espace-pro\/#website\",\"url\":\"https:\/\/www.tourisme-valdemarne.com\/espace-pro\/\",\"name\":\"Espace Pro\",\"description\":\"Informations et outils pour les professionnels et la Presse\",\"potentialAction\":[{\"@type\":\"SearchAction\",\"target\":{\"@type\":\"EntryPoint\",\"urlTemplate\":\"https:\/\/www.tourisme-valdemarne.com\/espace-pro\/?s={search_term_string}\"},\"query-input\":{\"@type\":\"PropertyValueSpecification\",\"valueRequired\":true,\"valueName\":\"search_term_string\"}}],\"inLanguage\":\"fr-FR\"}]}<\/script>\n<!-- \/ Yoast SEO plugin. -->","yoast_head_json":{"title":"Confluence de la Marne et de la Seine - Espace Pro","description":"Les villes d\u2019Alfortville et Maisons-Alfort regroupent quelques-unes des offres les plus atypiques du d\u00e9partement, en bordure de rivi\u00e8re.","robots":{"index":"index","follow":"follow","max-snippet":"max-snippet:-1","max-image-preview":"max-image-preview:large","max-video-preview":"max-video-preview:-1"},"canonical":"https:\/\/www.tourisme-valdemarne.com\/espace-pro\/seminaires-et-receptions-pro\/atouts-et-territoires-cles\/territoires-cles\/confluence-marne-et-seine\/","og_locale":"fr_FR","og_type":"article","og_title":"Confluence de la Marne et de la Seine - Espace Pro","og_description":"Les villes d\u2019Alfortville et Maisons-Alfort regroupent quelques-unes des offres les plus atypiques du d\u00e9partement, en bordure de rivi\u00e8re.","og_url":"https:\/\/www.tourisme-valdemarne.com\/espace-pro\/seminaires-et-receptions-pro\/atouts-et-territoires-cles\/territoires-cles\/confluence-marne-et-seine\/","og_site_name":"Espace Pro","article_modified_time":"2023-02-20T13:03:10+00:00","og_image":[{"width":1600,"height":1043,"url":"https:\/\/www.tourisme-valdemarne.com\/espace-pro\/wp-content\/uploads\/sites\/3\/2019\/05\/chinagora-seine.jpg","type":"image\/jpeg"}],"twitter_card":"summary_large_image","twitter_misc":{"Dur\u00e9e de lecture estim\u00e9e":"2 minutes"},"schema":{"@context":"https:\/\/schema.org","@graph":[{"@type":"WebPage","@id":"https:\/\/www.tourisme-valdemarne.com\/espace-pro\/seminaires-et-receptions-pro\/atouts-et-territoires-cles\/territoires-cles\/confluence-marne-et-seine\/","url":"https:\/\/www.tourisme-valdemarne.com\/espace-pro\/seminaires-et-receptions-pro\/atouts-et-territoires-cles\/territoires-cles\/confluence-marne-et-seine\/","name":"Confluence de la Marne et de la Seine - Espace Pro","isPartOf":{"@id":"https:\/\/www.tourisme-valdemarne.com\/espace-pro\/#website"},"primaryImageOfPage":{"@id":"https:\/\/www.tourisme-valdemarne.com\/espace-pro\/seminaires-et-receptions-pro\/atouts-et-territoires-cles\/territoires-cles\/confluence-marne-et-seine\/#primaryimage"},"image":{"@id":"https:\/\/www.tourisme-valdemarne.com\/espace-pro\/seminaires-et-receptions-pro\/atouts-et-territoires-cles\/territoires-cles\/confluence-marne-et-seine\/#primaryimage"},"thumbnailUrl":"https:\/\/www.tourisme-valdemarne.com\/espace-pro\/wp-content\/uploads\/sites\/3\/2019\/05\/chinagora-seine.jpg","datePublished":"2019-04-16T14:26:08+00:00","dateModified":"2023-02-20T13:03:10+00:00","description":"Les villes d\u2019Alfortville et Maisons-Alfort regroupent quelques-unes des offres les plus atypiques du d\u00e9partement, en bordure de rivi\u00e8re.","breadcrumb":{"@id":"https:\/\/www.tourisme-valdemarne.com\/espace-pro\/seminaires-et-receptions-pro\/atouts-et-territoires-cles\/territoires-cles\/confluence-marne-et-seine\/#breadcrumb"},"inLanguage":"fr-FR","potentialAction":[{"@type":"ReadAction","target":["https:\/\/www.tourisme-valdemarne.com\/espace-pro\/seminaires-et-receptions-pro\/atouts-et-territoires-cles\/territoires-cles\/confluence-marne-et-seine\/"]}]},{"@type":"ImageObject","inLanguage":"fr-FR","@id":"https:\/\/www.tourisme-valdemarne.com\/espace-pro\/seminaires-et-receptions-pro\/atouts-et-territoires-cles\/territoires-cles\/confluence-marne-et-seine\/#primaryimage","url":"https:\/\/www.tourisme-valdemarne.com\/espace-pro\/wp-content\/uploads\/sites\/3\/2019\/05\/chinagora-seine.jpg","contentUrl":"https:\/\/www.tourisme-valdemarne.com\/espace-pro\/wp-content\/uploads\/sites\/3\/2019\/05\/chinagora-seine.jpg","width":1600,"height":1043,"caption":"Restaurant Chinagora \u00e0 la confluence Marne et Seine \u00a9 CDT94\/D.Thierry"},{"@type":"BreadcrumbList","@id":"https:\/\/www.tourisme-valdemarne.com\/espace-pro\/seminaires-et-receptions-pro\/atouts-et-territoires-cles\/territoires-cles\/confluence-marne-et-seine\/#breadcrumb","itemListElement":[{"@type":"ListItem","position":1,"name":"Accueil","item":"https:\/\/www.tourisme-valdemarne.com\/espace-pro\/"},{"@type":"ListItem","position":2,"name":"S\u00e9minaires et r\u00e9ceptions Pro","item":"https:\/\/www.tourisme-valdemarne.com\/espace-pro\/seminaires-et-receptions-pro\/"},{"@type":"ListItem","position":3,"name":"Atouts et territoires cl\u00e9s du Val-de-Marne","item":"https:\/\/www.tourisme-valdemarne.com\/espace-pro\/seminaires-et-receptions-pro\/atouts-et-territoires-cles\/"},{"@type":"ListItem","position":4,"name":"Territoires cl\u00e9s","item":"https:\/\/www.tourisme-valdemarne.com\/espace-pro\/seminaires-et-receptions-pro\/atouts-et-territoires-cles\/territoires-cles\/"},{"@type":"ListItem","position":5,"name":"Confluence de la Marne et de la Seine"}]},{"@type":"WebSite","@id":"https:\/\/www.tourisme-valdemarne.com\/espace-pro\/#website","url":"https:\/\/www.tourisme-valdemarne.com\/espace-pro\/","name":"Espace Pro","description":"Informations et outils pour les professionnels et la Presse","potentialAction":[{"@type":"SearchAction","target":{"@type":"EntryPoint","urlTemplate":"https:\/\/www.tourisme-valdemarne.com\/espace-pro\/?s={search_term_string}"},"query-input":{"@type":"PropertyValueSpecification","valueRequired":true,"valueName":"search_term_string"}}],"inLanguage":"fr-FR"}]}},"_links":{"self":[{"href":"https:\/\/www.tourisme-valdemarne.com\/espace-pro\/wp-json\/wp\/v2\/pages\/240","targetHints":{"allow":["GET"]}}],"collection":[{"href":"https:\/\/www.tourisme-valdemarne.com\/espace-pro\/wp-json\/wp\/v2\/pages"}],"about":[{"href":"https:\/\/www.tourisme-valdemarne.com\/espace-pro\/wp-json\/wp\/v2\/types\/page"}],"author":[{"embeddable":true,"href":"https:\/\/www.tourisme-valdemarne.com\/espace-pro\/wp-json\/wp\/v2\/users\/1"}],"replies":[{"embeddable":true,"href":"https:\/\/www.tourisme-valdemarne.com\/espace-pro\/wp-json\/wp\/v2\/comments?post=240"}],"version-history":[{"count":6,"href":"https:\/\/www.tourisme-valdemarne.com\/espace-pro\/wp-json\/wp\/v2\/pages\/240\/revisions"}],"predecessor-version":[{"id":14341,"href":"https:\/\/www.tourisme-valdemarne.com\/espace-pro\/wp-json\/wp\/v2\/pages\/240\/revisions\/14341"}],"up":[{"embeddable":true,"href":"https:\/\/www.tourisme-valdemarne.com\/espace-pro\/wp-json\/wp\/v2\/pages\/188"}],"wp:featuredmedia":[{"embeddable":true,"href":"https:\/\/www.tourisme-valdemarne.com\/espace-pro\/wp-json\/wp\/v2\/media\/2708"}],"wp:attachment":[{"href":"https:\/\/www.tourisme-valdemarne.com\/espace-pro\/wp-json\/wp\/v2\/media?parent=240"}],"wp:term":[{"taxonomy":"vdmTagMarketing","embeddable":true,"href":"https:\/\/www.tourisme-valdemarne.com\/espace-pro\/wp-json\/wp\/v2\/vdmTagMarketing?post=240"}],"curies":[{"name":"wp","href":"https:\/\/api.w.org\/{rel}","templated":true}]}}