{"id":238,"date":"2019-04-16T16:25:34","date_gmt":"2019-04-16T14:25:34","guid":{"rendered":"https:\/\/www.tourisme-valdemarne.com\/espace-pro\/bercy-bnf"},"modified":"2024-02-08T14:12:51","modified_gmt":"2024-02-08T13:12:51","slug":"bercy-bnf","status":"publish","type":"page","link":"https:\/\/www.tourisme-valdemarne.com\/espace-pro\/seminaires-et-receptions-pro\/atouts-et-territoires-cles\/territoires-cles\/bercy-bnf\/","title":{"rendered":"Bercy-BNF"},"content":{"rendered":"\n<p class=\"is-style-excerpt\">L\u00e0 o\u00f9 les bateaux mouches font demi-tour, vos \u00e9v\u00e8nements professionnels deviennent plus alternatifs.<\/p>\n\n\n\n<p>D\u00e9couvrez deux des<strong> quartiers les plus en vogue de Paris<\/strong>, sans cesse bouleverser par l&rsquo;apparition d&rsquo;une nouvelle prouesse architecturale ou un nouveau lieu culturel.<\/p>\n\n\n\n<p>Du <strong>c\u00f4t\u00e9 du 12\u00e8me<\/strong>, le Minist\u00e8re des Finances domine le paysage avec son imposant paquebot s&rsquo;avan\u00e7ant sur la Seine. L&rsquo;ancien palais omnisport de Bercy, renomm\u00e9 en <strong>AccorHotels Arena<\/strong>, avec plus de 20 000 places assises en mode concert. Le lieu accueille \u00e9galement de nombreuses manifestations sportives. Un peu plus au sud, autour du Parc de Bercy, on retrouve une quinzaine d&rsquo;espaces vari\u00e9s comme la <strong>Cin\u00e9math\u00e8que<\/strong>, le <strong>Mus\u00e9e des Arts Forains<\/strong> et de <strong>nombreux h\u00f4tels<\/strong>.<\/p>\n\n\n\n<p>En face, <strong>dans le 13\u00e8me<\/strong>, ce sont les quatre tours de la <strong>Biblioth\u00e8que Fran\u00e7ois Mitterrand<\/strong>, site principal de la <strong>Biblioth\u00e8que Nationale de France<\/strong>, qui surplombent les p\u00e9niches culturelles du Quai de la Gare. D&rsquo;autres lieux de f\u00eate et de culture sont \u00e0 chercher dans les environs : le plus grand <strong>cin\u00e9ma MK2<\/strong> de Paris ou encore <strong>la Concr\u00e8te<\/strong>, la seule boite de nuit 24\/24 de Paris. Un quartier en profonde restructuration avec l&rsquo;arriv\u00e9e r\u00e9cente de la <strong>Station F<\/strong>.<\/p>\n\n\n\n<h2 class=\"wp-block-heading\">Mk2<\/h2>\n\n\n\n<figure class=\"wp-block-image size-large\"><img width=\"1200\" height=\"800\" data-src=\"https:\/\/www.tourisme-valdemarne.com\/espace-pro\/wp-content\/uploads\/sites\/3\/2019\/05\/mk2-bibliotheque-benoit-florencon-1200x800.jpg\" alt=\"bibliotheque mk2 realite virtuelle\" class=\"wp-image-3004\" srcset=\"https:\/\/www.tourisme-valdemarne.com\/espace-pro\/wp-content\/uploads\/sites\/3\/2019\/05\/mk2-bibliotheque-benoit-florencon-1200x800.jpg 1200w, https:\/\/www.tourisme-valdemarne.com\/espace-pro\/wp-content\/uploads\/sites\/3\/2019\/05\/mk2-bibliotheque-benoit-florencon-600x400.jpg 600w, https:\/\/www.tourisme-valdemarne.com\/espace-pro\/wp-content\/uploads\/sites\/3\/2019\/05\/mk2-bibliotheque-benoit-florencon-900x600.jpg 900w, https:\/\/www.tourisme-valdemarne.com\/espace-pro\/wp-content\/uploads\/sites\/3\/2019\/05\/mk2-bibliotheque-benoit-florencon-380x253.jpg 380w, https:\/\/www.tourisme-valdemarne.com\/espace-pro\/wp-content\/uploads\/sites\/3\/2019\/05\/mk2-bibliotheque-benoit-florencon-200x133.jpg 200w, https:\/\/www.tourisme-valdemarne.com\/espace-pro\/wp-content\/uploads\/sites\/3\/2019\/05\/mk2-bibliotheque-benoit-florencon.jpg 1600w\" sizes=\"(max-width: 1200px) 100vw, 1200px\" \/><figcaption>Biblioth\u00e8que MK2 &#8211; Espace R\u00e9alit\u00e9 Virtuelle \u00a9 Benoit Florencon<\/figcaption><\/figure>\n\n\n\n<p>Le cin\u00e9ma MK2 est situ\u00e9 \u00e0 proximit\u00e9 de la Biblioth\u00e8que Nationale de France et des transports en communs. Refait \u00e0 neuf, le hall du <strong><a href=\"https:\/\/www.tourisme-valdemarne.com\/espace-pro\/seminaire\/mk2-bibliotheque\/\" target=\"_blank\" rel=\"noreferrer noopener\" aria-label=\" (s\u2019ouvre dans un nouvel onglet)\">MK2 Biblioth\u00e8que<\/a><\/strong> accueille de nouveaux espaces dont une nouvelle boutique (avec carrousel \u00e0 bonbons), privatisable pour vos \u00e9v\u00e8nements. Visiter \u00e9galement leur plus grande <strong>salle de projection de 586 places<\/strong> et un <strong>espace de R\u00e9alit\u00e9 Virtuelle<\/strong> unique \u00e0 Paris. De quoi donner un style \u00e0 part \u00e0 votre \u00e9v\u00e8nement et de marquer les esprits de vos collaborateurs !<\/p>\n\n\n\n<h2 class=\"wp-block-heading\">Petit Bain<\/h2>\n\n\n\n<p>Amarr\u00e9 au pied de la Biblioth\u00e8que Fran\u00e7ois Mitterrand dans le 13\u00e8me arrondissement de Paris, cet <strong>espace atypique privatisable<\/strong> regroupe une salle de concert, une cantine, une terrasse ainsi qu\u2019un jardin suspendu. Situ\u00e9 Quai de la Gare, dot\u00e9 d&rsquo;une programmation alternative et un esprit rebelle, Petit Bain est id\u00e9alement plac\u00e9 entre les deux quartiers parisiens en pleine mutation et peut <strong>accueillir de 50 \u00e0 500 personnes<\/strong> selon la configuration.<\/p>\n\n\n\n<h2 class=\"wp-block-heading\">Dame de Canton <\/h2>\n\n\n\n<figure class=\"wp-block-image size-large\"><img width=\"1000\" height=\"665\" data-src=\"https:\/\/www.tourisme-valdemarne.com\/espace-pro\/wp-content\/uploads\/sites\/3\/wpetourisme\/Dame-de-Canton-3.jpg\" alt=\"Dame de Canton \u00a9 CDT94\/T.Guillot\" class=\"wp-image-7697\" srcset=\"https:\/\/www.tourisme-valdemarne.com\/espace-pro\/wp-content\/uploads\/sites\/3\/wpetourisme\/Dame-de-Canton-3.jpg 1000w, https:\/\/www.tourisme-valdemarne.com\/espace-pro\/wp-content\/uploads\/sites\/3\/wpetourisme\/Dame-de-Canton-3-600x399.jpg 600w, https:\/\/www.tourisme-valdemarne.com\/espace-pro\/wp-content\/uploads\/sites\/3\/wpetourisme\/Dame-de-Canton-3-900x599.jpg 900w, https:\/\/www.tourisme-valdemarne.com\/espace-pro\/wp-content\/uploads\/sites\/3\/wpetourisme\/Dame-de-Canton-3-380x253.jpg 380w, https:\/\/www.tourisme-valdemarne.com\/espace-pro\/wp-content\/uploads\/sites\/3\/wpetourisme\/Dame-de-Canton-3-200x133.jpg 200w\" sizes=\"(max-width: 1000px) 100vw, 1000px\" \/><figcaption>Dame de Canton \u00a9 CDT94\/T.Guillot<\/figcaption><\/figure>\n\n\n\n<p>Pour la petite histoire, \u00e0 la fin des ann\u00e9es soixante-dix, deux jeunes fran\u00e7ais r\u00e9ussissent le pari fou de faire fabriquer une authentique <strong>jonque chinoise traditionnelle<\/strong> de 25 m\u00e8tres de long sur le chantier naval de Canton. <a href=\"https:\/\/www.tourisme-valdemarne.com\/espace-pro\/seminaire\/dame-de-canton\/\" target=\"_blank\" rel=\"noreferrer noopener\">Ce lieu d\u2019histoire aux multiples facettes<\/a> tourn\u00e9 vers l\u2019univers du voyage, du maritime, ou de l\u2019exotisme s\u2019adapte aux <strong>r\u00e9ceptions professionnelles et priv\u00e9es<\/strong>, de jour comme de nuit pour donner un c\u00f4t\u00e9 insolite \u00e0 votre s\u00e9minaire. Le lieu dispose de 3 salles et peut accueillir <strong>jusqu\u2019\u00e0 80 personnes<\/strong> \u00e0 son bord pour un \u00e9v\u00e8nement en petit comit\u00e9.<\/p>\n\n\n\n<h2 class=\"wp-block-heading\">Destination Paris Bercy<\/h2>\n\n\n\n<p>Douze lieux \u00e9v\u00e8nementiels, dont le Mus\u00e9e des Arts Forains, l\u2019AccorHotels Arena et Bercy Village, s\u2019associent pour vous proposer une&nbsp;<strong>offre d\u2019accueil compl\u00e8te<\/strong>&nbsp;au sein de ce nouveau quartier du Sud-Est parisien.&nbsp;<a href=\"https:\/\/www.tourisme-valdemarne.com\/espace-pro\/contact\/\" target=\"_blank\" rel=\"noreferrer noopener\">Une seule adresse<\/a>,&nbsp;<strong>une seule demande pour tout g\u00e9rer<\/strong>. Organisez r\u00e9unions, s\u00e9minaires, conventions, soir\u00e9es et autres \u00e9v\u00e8nements professionnels \u00e0 Paris avec des professionnels du secteur et l\u2019esprit tranquille.<\/p>\n\n\n\n<p class=\"is-style-highlight\">De tr\u00e8s nombreux\u00a0<a href=\"https:\/\/www.tourisme-valdemarne.com\/espace-pro\/seminaires-et-receptions-pro\/trouver-le-lieu-ideal\/\" target=\"_blank\" rel=\"noreferrer noopener\">autres lieux<\/a>\u00a0en Val-de-Marne vous accueillent pour vos \u00e9v\u00e9nements d\u2019affaires.<\/p>\n","protected":false},"excerpt":{"rendered":"<p>L\u00e0 o\u00f9 les bateaux mouches font demi-tour, vos \u00e9v\u00e8nements professionnels deviennent plus alternatifs. D\u00e9couvrez deux des quartiers les plus en vogue de Paris, sans cesse bouleverser par l&rsquo;apparition d&rsquo;une nouvelle prouesse architecturale ou un nouveau lieu culturel. Du c\u00f4t\u00e9 du 12\u00e8me, le Minist\u00e8re des Finances domine le paysage avec son imposant paquebot s&rsquo;avan\u00e7ant sur la [&hellip;]<\/p>\n","protected":false},"author":1,"featured_media":2922,"parent":188,"menu_order":40,"comment_status":"closed","ping_status":"closed","template":"","meta":{"_relevanssi_hide_post":"","_relevanssi_hide_content":"","_relevanssi_pin_for_all":"","_relevanssi_pin_keywords":"","_relevanssi_unpin_keywords":"","_relevanssi_related_keywords":"","_relevanssi_related_include_ids":"","_relevanssi_related_exclude_ids":"","_relevanssi_related_no_append":"","_relevanssi_related_not_related":"","_relevanssi_related_posts":"8077,8083,8074,446,8105,2749","_relevanssi_noindex_reason":"","footnotes":""},"vdmTagMarketing":[],"class_list":["post-238","page","type-page","status-publish","has-post-thumbnail","hentry"],"acf":[],"yoast_head":"<!-- This site is optimized with the Yoast SEO plugin v23.9 - https:\/\/yoast.com\/wordpress\/plugins\/seo\/ -->\n<title>Bercy-BNF - Espace Pro<\/title>\n<meta name=\"robots\" content=\"index, follow, max-snippet:-1, max-image-preview:large, max-video-preview:-1\" \/>\n<link rel=\"canonical\" href=\"https:\/\/www.tourisme-valdemarne.com\/espace-pro\/seminaires-et-receptions-pro\/atouts-et-territoires-cles\/territoires-cles\/bercy-bnf\/\" \/>\n<meta property=\"og:locale\" content=\"fr_FR\" \/>\n<meta property=\"og:type\" content=\"article\" \/>\n<meta property=\"og:title\" content=\"Bercy-BNF - Espace Pro\" \/>\n<meta property=\"og:description\" content=\"L\u00e0 o\u00f9 les bateaux mouches font demi-tour, vos \u00e9v\u00e8nements professionnels deviennent plus alternatifs. D\u00e9couvrez deux des quartiers les plus en vogue de Paris, sans cesse bouleverser par l&rsquo;apparition d&rsquo;une nouvelle prouesse architecturale ou un nouveau lieu culturel. Du c\u00f4t\u00e9 du 12\u00e8me, le Minist\u00e8re des Finances domine le paysage avec son imposant paquebot s&rsquo;avan\u00e7ant sur la [&hellip;]\" \/>\n<meta property=\"og:url\" content=\"https:\/\/www.tourisme-valdemarne.com\/espace-pro\/seminaires-et-receptions-pro\/atouts-et-territoires-cles\/territoires-cles\/bercy-bnf\/\" \/>\n<meta property=\"og:site_name\" content=\"Espace Pro\" \/>\n<meta property=\"article:modified_time\" content=\"2024-02-08T13:12:51+00:00\" \/>\n<meta property=\"og:image\" content=\"https:\/\/www.tourisme-valdemarne.com\/espace-pro\/wp-content\/uploads\/sites\/3\/2019\/05\/passerelle-bnf-bibliotheque.jpg\" \/>\n\t<meta property=\"og:image:width\" content=\"1600\" \/>\n\t<meta property=\"og:image:height\" content=\"1063\" \/>\n\t<meta property=\"og:image:type\" content=\"image\/jpeg\" \/>\n<meta name=\"twitter:card\" content=\"summary_large_image\" \/>\n<meta name=\"twitter:label1\" content=\"Dur\u00e9e de lecture estim\u00e9e\" \/>\n\t<meta name=\"twitter:data1\" content=\"4 minutes\" \/>\n<script type=\"application\/ld+json\" class=\"yoast-schema-graph\">{\"@context\":\"https:\/\/schema.org\",\"@graph\":[{\"@type\":\"WebPage\",\"@id\":\"https:\/\/www.tourisme-valdemarne.com\/espace-pro\/seminaires-et-receptions-pro\/atouts-et-territoires-cles\/territoires-cles\/bercy-bnf\/\",\"url\":\"https:\/\/www.tourisme-valdemarne.com\/espace-pro\/seminaires-et-receptions-pro\/atouts-et-territoires-cles\/territoires-cles\/bercy-bnf\/\",\"name\":\"Bercy-BNF - Espace Pro\",\"isPartOf\":{\"@id\":\"https:\/\/www.tourisme-valdemarne.com\/espace-pro\/#website\"},\"primaryImageOfPage\":{\"@id\":\"https:\/\/www.tourisme-valdemarne.com\/espace-pro\/seminaires-et-receptions-pro\/atouts-et-territoires-cles\/territoires-cles\/bercy-bnf\/#primaryimage\"},\"image\":{\"@id\":\"https:\/\/www.tourisme-valdemarne.com\/espace-pro\/seminaires-et-receptions-pro\/atouts-et-territoires-cles\/territoires-cles\/bercy-bnf\/#primaryimage\"},\"thumbnailUrl\":\"https:\/\/www.tourisme-valdemarne.com\/espace-pro\/wp-content\/uploads\/sites\/3\/2019\/05\/passerelle-bnf-bibliotheque.jpg\",\"datePublished\":\"2019-04-16T14:25:34+00:00\",\"dateModified\":\"2024-02-08T13:12:51+00:00\",\"breadcrumb\":{\"@id\":\"https:\/\/www.tourisme-valdemarne.com\/espace-pro\/seminaires-et-receptions-pro\/atouts-et-territoires-cles\/territoires-cles\/bercy-bnf\/#breadcrumb\"},\"inLanguage\":\"fr-FR\",\"potentialAction\":[{\"@type\":\"ReadAction\",\"target\":[\"https:\/\/www.tourisme-valdemarne.com\/espace-pro\/seminaires-et-receptions-pro\/atouts-et-territoires-cles\/territoires-cles\/bercy-bnf\/\"]}]},{\"@type\":\"ImageObject\",\"inLanguage\":\"fr-FR\",\"@id\":\"https:\/\/www.tourisme-valdemarne.com\/espace-pro\/seminaires-et-receptions-pro\/atouts-et-territoires-cles\/territoires-cles\/bercy-bnf\/#primaryimage\",\"url\":\"https:\/\/www.tourisme-valdemarne.com\/espace-pro\/wp-content\/uploads\/sites\/3\/2019\/05\/passerelle-bnf-bibliotheque.jpg\",\"contentUrl\":\"https:\/\/www.tourisme-valdemarne.com\/espace-pro\/wp-content\/uploads\/sites\/3\/2019\/05\/passerelle-bnf-bibliotheque.jpg\",\"width\":1600,\"height\":1063,\"caption\":\"Passerelle pi\u00e9tonne de la Bibliotheque Nationale de France (BNF) \u00a9 CDT94\/B.Sallet-Lavorel\"},{\"@type\":\"BreadcrumbList\",\"@id\":\"https:\/\/www.tourisme-valdemarne.com\/espace-pro\/seminaires-et-receptions-pro\/atouts-et-territoires-cles\/territoires-cles\/bercy-bnf\/#breadcrumb\",\"itemListElement\":[{\"@type\":\"ListItem\",\"position\":1,\"name\":\"Accueil\",\"item\":\"https:\/\/www.tourisme-valdemarne.com\/espace-pro\/\"},{\"@type\":\"ListItem\",\"position\":2,\"name\":\"S\u00e9minaires et r\u00e9ceptions Pro\",\"item\":\"https:\/\/www.tourisme-valdemarne.com\/espace-pro\/seminaires-et-receptions-pro\/\"},{\"@type\":\"ListItem\",\"position\":3,\"name\":\"Atouts et territoires cl\u00e9s du Val-de-Marne\",\"item\":\"https:\/\/www.tourisme-valdemarne.com\/espace-pro\/seminaires-et-receptions-pro\/atouts-et-territoires-cles\/\"},{\"@type\":\"ListItem\",\"position\":4,\"name\":\"Territoires cl\u00e9s\",\"item\":\"https:\/\/www.tourisme-valdemarne.com\/espace-pro\/seminaires-et-receptions-pro\/atouts-et-territoires-cles\/territoires-cles\/\"},{\"@type\":\"ListItem\",\"position\":5,\"name\":\"Bercy-BNF\"}]},{\"@type\":\"WebSite\",\"@id\":\"https:\/\/www.tourisme-valdemarne.com\/espace-pro\/#website\",\"url\":\"https:\/\/www.tourisme-valdemarne.com\/espace-pro\/\",\"name\":\"Espace Pro\",\"description\":\"Informations et outils pour les professionnels et la Presse\",\"potentialAction\":[{\"@type\":\"SearchAction\",\"target\":{\"@type\":\"EntryPoint\",\"urlTemplate\":\"https:\/\/www.tourisme-valdemarne.com\/espace-pro\/?s={search_term_string}\"},\"query-input\":{\"@type\":\"PropertyValueSpecification\",\"valueRequired\":true,\"valueName\":\"search_term_string\"}}],\"inLanguage\":\"fr-FR\"}]}<\/script>\n<!-- \/ Yoast SEO plugin. -->","yoast_head_json":{"title":"Bercy-BNF - Espace Pro","robots":{"index":"index","follow":"follow","max-snippet":"max-snippet:-1","max-image-preview":"max-image-preview:large","max-video-preview":"max-video-preview:-1"},"canonical":"https:\/\/www.tourisme-valdemarne.com\/espace-pro\/seminaires-et-receptions-pro\/atouts-et-territoires-cles\/territoires-cles\/bercy-bnf\/","og_locale":"fr_FR","og_type":"article","og_title":"Bercy-BNF - Espace Pro","og_description":"L\u00e0 o\u00f9 les bateaux mouches font demi-tour, vos \u00e9v\u00e8nements professionnels deviennent plus alternatifs. D\u00e9couvrez deux des quartiers les plus en vogue de Paris, sans cesse bouleverser par l&rsquo;apparition d&rsquo;une nouvelle prouesse architecturale ou un nouveau lieu culturel. Du c\u00f4t\u00e9 du 12\u00e8me, le Minist\u00e8re des Finances domine le paysage avec son imposant paquebot s&rsquo;avan\u00e7ant sur la [&hellip;]","og_url":"https:\/\/www.tourisme-valdemarne.com\/espace-pro\/seminaires-et-receptions-pro\/atouts-et-territoires-cles\/territoires-cles\/bercy-bnf\/","og_site_name":"Espace Pro","article_modified_time":"2024-02-08T13:12:51+00:00","og_image":[{"width":1600,"height":1063,"url":"https:\/\/www.tourisme-valdemarne.com\/espace-pro\/wp-content\/uploads\/sites\/3\/2019\/05\/passerelle-bnf-bibliotheque.jpg","type":"image\/jpeg"}],"twitter_card":"summary_large_image","twitter_misc":{"Dur\u00e9e de lecture estim\u00e9e":"4 minutes"},"schema":{"@context":"https:\/\/schema.org","@graph":[{"@type":"WebPage","@id":"https:\/\/www.tourisme-valdemarne.com\/espace-pro\/seminaires-et-receptions-pro\/atouts-et-territoires-cles\/territoires-cles\/bercy-bnf\/","url":"https:\/\/www.tourisme-valdemarne.com\/espace-pro\/seminaires-et-receptions-pro\/atouts-et-territoires-cles\/territoires-cles\/bercy-bnf\/","name":"Bercy-BNF - Espace Pro","isPartOf":{"@id":"https:\/\/www.tourisme-valdemarne.com\/espace-pro\/#website"},"primaryImageOfPage":{"@id":"https:\/\/www.tourisme-valdemarne.com\/espace-pro\/seminaires-et-receptions-pro\/atouts-et-territoires-cles\/territoires-cles\/bercy-bnf\/#primaryimage"},"image":{"@id":"https:\/\/www.tourisme-valdemarne.com\/espace-pro\/seminaires-et-receptions-pro\/atouts-et-territoires-cles\/territoires-cles\/bercy-bnf\/#primaryimage"},"thumbnailUrl":"https:\/\/www.tourisme-valdemarne.com\/espace-pro\/wp-content\/uploads\/sites\/3\/2019\/05\/passerelle-bnf-bibliotheque.jpg","datePublished":"2019-04-16T14:25:34+00:00","dateModified":"2024-02-08T13:12:51+00:00","breadcrumb":{"@id":"https:\/\/www.tourisme-valdemarne.com\/espace-pro\/seminaires-et-receptions-pro\/atouts-et-territoires-cles\/territoires-cles\/bercy-bnf\/#breadcrumb"},"inLanguage":"fr-FR","potentialAction":[{"@type":"ReadAction","target":["https:\/\/www.tourisme-valdemarne.com\/espace-pro\/seminaires-et-receptions-pro\/atouts-et-territoires-cles\/territoires-cles\/bercy-bnf\/"]}]},{"@type":"ImageObject","inLanguage":"fr-FR","@id":"https:\/\/www.tourisme-valdemarne.com\/espace-pro\/seminaires-et-receptions-pro\/atouts-et-territoires-cles\/territoires-cles\/bercy-bnf\/#primaryimage","url":"https:\/\/www.tourisme-valdemarne.com\/espace-pro\/wp-content\/uploads\/sites\/3\/2019\/05\/passerelle-bnf-bibliotheque.jpg","contentUrl":"https:\/\/www.tourisme-valdemarne.com\/espace-pro\/wp-content\/uploads\/sites\/3\/2019\/05\/passerelle-bnf-bibliotheque.jpg","width":1600,"height":1063,"caption":"Passerelle pi\u00e9tonne de la Bibliotheque Nationale de France (BNF) \u00a9 CDT94\/B.Sallet-Lavorel"},{"@type":"BreadcrumbList","@id":"https:\/\/www.tourisme-valdemarne.com\/espace-pro\/seminaires-et-receptions-pro\/atouts-et-territoires-cles\/territoires-cles\/bercy-bnf\/#breadcrumb","itemListElement":[{"@type":"ListItem","position":1,"name":"Accueil","item":"https:\/\/www.tourisme-valdemarne.com\/espace-pro\/"},{"@type":"ListItem","position":2,"name":"S\u00e9minaires et r\u00e9ceptions Pro","item":"https:\/\/www.tourisme-valdemarne.com\/espace-pro\/seminaires-et-receptions-pro\/"},{"@type":"ListItem","position":3,"name":"Atouts et territoires cl\u00e9s du Val-de-Marne","item":"https:\/\/www.tourisme-valdemarne.com\/espace-pro\/seminaires-et-receptions-pro\/atouts-et-territoires-cles\/"},{"@type":"ListItem","position":4,"name":"Territoires cl\u00e9s","item":"https:\/\/www.tourisme-valdemarne.com\/espace-pro\/seminaires-et-receptions-pro\/atouts-et-territoires-cles\/territoires-cles\/"},{"@type":"ListItem","position":5,"name":"Bercy-BNF"}]},{"@type":"WebSite","@id":"https:\/\/www.tourisme-valdemarne.com\/espace-pro\/#website","url":"https:\/\/www.tourisme-valdemarne.com\/espace-pro\/","name":"Espace Pro","description":"Informations et outils pour les professionnels et la Presse","potentialAction":[{"@type":"SearchAction","target":{"@type":"EntryPoint","urlTemplate":"https:\/\/www.tourisme-valdemarne.com\/espace-pro\/?s={search_term_string}"},"query-input":{"@type":"PropertyValueSpecification","valueRequired":true,"valueName":"search_term_string"}}],"inLanguage":"fr-FR"}]}},"_links":{"self":[{"href":"https:\/\/www.tourisme-valdemarne.com\/espace-pro\/wp-json\/wp\/v2\/pages\/238","targetHints":{"allow":["GET"]}}],"collection":[{"href":"https:\/\/www.tourisme-valdemarne.com\/espace-pro\/wp-json\/wp\/v2\/pages"}],"about":[{"href":"https:\/\/www.tourisme-valdemarne.com\/espace-pro\/wp-json\/wp\/v2\/types\/page"}],"author":[{"embeddable":true,"href":"https:\/\/www.tourisme-valdemarne.com\/espace-pro\/wp-json\/wp\/v2\/users\/1"}],"replies":[{"embeddable":true,"href":"https:\/\/www.tourisme-valdemarne.com\/espace-pro\/wp-json\/wp\/v2\/comments?post=238"}],"version-history":[{"count":6,"href":"https:\/\/www.tourisme-valdemarne.com\/espace-pro\/wp-json\/wp\/v2\/pages\/238\/revisions"}],"predecessor-version":[{"id":26252,"href":"https:\/\/www.tourisme-valdemarne.com\/espace-pro\/wp-json\/wp\/v2\/pages\/238\/revisions\/26252"}],"up":[{"embeddable":true,"href":"https:\/\/www.tourisme-valdemarne.com\/espace-pro\/wp-json\/wp\/v2\/pages\/188"}],"wp:featuredmedia":[{"embeddable":true,"href":"https:\/\/www.tourisme-valdemarne.com\/espace-pro\/wp-json\/wp\/v2\/media\/2922"}],"wp:attachment":[{"href":"https:\/\/www.tourisme-valdemarne.com\/espace-pro\/wp-json\/wp\/v2\/media?parent=238"}],"wp:term":[{"taxonomy":"vdmTagMarketing","embeddable":true,"href":"https:\/\/www.tourisme-valdemarne.com\/espace-pro\/wp-json\/wp\/v2\/vdmTagMarketing?post=238"}],"curies":[{"name":"wp","href":"https:\/\/api.w.org\/{rel}","templated":true}]}}