{"id":236,"date":"2019-04-16T16:25:09","date_gmt":"2019-04-16T14:25:09","guid":{"rendered":"https:\/\/www.tourisme-valdemarne.com\/espace-pro\/orly-rungis"},"modified":"2024-02-06T11:59:08","modified_gmt":"2024-02-06T10:59:08","slug":"orly-rungis","status":"publish","type":"page","link":"https:\/\/www.tourisme-valdemarne.com\/espace-pro\/seminaires-et-receptions-pro\/atouts-et-territoires-cles\/territoires-cles\/orly-rungis\/","title":{"rendered":"Orly-Rungis"},"content":{"rendered":"\n<p class=\"is-style-excerpt\">Id\u00e9alement situ\u00e9 pour vos s\u00e9jours affaires.<\/p>\n\n\n\n<p>Des espaces modernes et modulables situ\u00e9s \u00e0 proximit\u00e9 du March\u00e9 d&rsquo;Int\u00e9r\u00eat National (MIN) de Rungis, un territoire qui repr\u00e9sente le plus grand bassin d&#8217;emploi de la r\u00e9gion parisienne.<\/p>\n\n\n\n<p>L&rsquo;a\u00e9roport d&rsquo;Orly est le hub de transports du futur, avec sa <strong>r\u00e9novation \u00e0 grande \u00e9chelle<\/strong> pour rivaliser avec le trafic de CDG et bient\u00f4t connect\u00e9 \u00e0 <strong>Paris en 20 minutes<\/strong>, via la ligne 14. En face, le nouvel \u00e9coquartier C\u0153ur d&rsquo;Orly accueille des immeubles de bureaux et de l&rsquo;h\u00f4tellerie.<br>En 2024, l&rsquo;offre sera encore plus extraordinaire avec l&rsquo;arriv\u00e9 de la <strong>Cit\u00e9 de la Gastronomie Paris-Rungis<\/strong> qui devrait h\u00e9berger un grand centre de conf\u00e9rence.<\/p>\n\n\n\n<h2 class=\"wp-block-heading\">L&rsquo;espace Jean Monnet<\/h2>\n\n\n\n<p>A 10 kilom\u00e8tres de Paris et \u00e0 proximit\u00e9 imm\u00e9diate de l&rsquo;a\u00e9roport d&rsquo;Orly, au c\u0153ur d&rsquo;un parc h\u00f4telier exceptionnel, l&rsquo;<a href=\"https:\/\/www.tourisme-valdemarne.com\/espace-pro\/seminaire\/espace-jean-monnet\/\" target=\"_blank\" rel=\"noreferrer noopener\" aria-label=\"Espace Jean Monnet (s\u2019ouvre dans un nouvel onglet)\">Espace Jean Monnet<\/a> dispose d&rsquo;un <strong>espace polyvalent de plus de 13 000 m\u00b2<\/strong> sur deux niveaux dont la plus grande salle de s\u00e9minaire du Val-de-Marne pouvant accueillir salons, soir\u00e9es d\u2019entreprises, r\u00e9unions et autres \u00e9v\u00e8nements professionnels. Le lieu se situe \u00e0 l&rsquo;int\u00e9rieur d&rsquo;un triangle d\u00e9limit\u00e9 par les <strong>autoroutes A6 &#8211; A10 et A86<\/strong> ainsi qu&rsquo;un r\u00e9seau de transports en commun en pleine expansion. C\u2019est aujourd\u2019hui l\u2019un des <strong>lieux incontournables du Sud de Paris<\/strong>. Il dispose \u00e9galement d\u2019un parking de <strong>800 places<\/strong> se trouvant aux abords de l\u2019Espace Jean Monnet.<\/p>\n\n\n\n<h2 class=\"wp-block-heading\">Le Novotel Paris Orly-Rungis<\/h2>\n\n\n\n<div class=\"wp-block-image\"><figure class=\"aligncenter\"><a href=\"https:\/\/www.tourisme-valdemarne.com\/espace-pro\/wp-content\/uploads\/sites\/3\/2019\/05\/hotel-novotel-orly-rungis-piscine.jpg\"><img width=\"400\" height=\"600\" data-src=\"https:\/\/www.tourisme-valdemarne.com\/espace-pro\/wp-content\/uploads\/sites\/3\/2019\/05\/hotel-novotel-orly-rungis-piscine-400x600.jpg\" alt=\"novotel orly rungis piscine\" class=\"wp-image-2914\" srcset=\"https:\/\/www.tourisme-valdemarne.com\/espace-pro\/wp-content\/uploads\/sites\/3\/2019\/05\/hotel-novotel-orly-rungis-piscine-400x600.jpg 400w, https:\/\/www.tourisme-valdemarne.com\/espace-pro\/wp-content\/uploads\/sites\/3\/2019\/05\/hotel-novotel-orly-rungis-piscine-600x900.jpg 600w, https:\/\/www.tourisme-valdemarne.com\/espace-pro\/wp-content\/uploads\/sites\/3\/2019\/05\/hotel-novotel-orly-rungis-piscine-380x570.jpg 380w, https:\/\/www.tourisme-valdemarne.com\/espace-pro\/wp-content\/uploads\/sites\/3\/2019\/05\/hotel-novotel-orly-rungis-piscine-200x300.jpg 200w, https:\/\/www.tourisme-valdemarne.com\/espace-pro\/wp-content\/uploads\/sites\/3\/2019\/05\/hotel-novotel-orly-rungis-piscine.jpg 700w\" sizes=\"(max-width: 400px) 100vw, 400px\" \/><\/a><figcaption>Piscine du Novotel Orly Rungis \u00a9 Jacques-Yves Gucia<\/figcaption><\/figure><\/div>\n\n\n\n<p>Cet <strong>h\u00f4tel 4 \u00e9toiles<\/strong> de 180 chambres est id\u00e9alement install\u00e9 face au March\u00e9 de Rungis et \u00e0 cinq minutes de l&rsquo;a\u00e9roport d&rsquo;Orly (navette gratuite). L&rsquo;h\u00f4tel dispose de <strong>13 salles de r\u00e9union<\/strong> (1000 m\u00b2), d&rsquo;une piscine ext\u00e9rieure et d&rsquo;une terrasse, d&rsquo;un bar et d&rsquo;un restaurant ouvert tous les jours. Situ\u00e9 dans l\u2019\u00e9co quartier C\u0153ur d\u2019Orly, le Novotel Orly Rungis se trouve \u00e0 proximit\u00e9 des transports et dispose d\u2019un parking priv\u00e9.<\/p>\n\n\n\n<h2 class=\"wp-block-heading\">A\u00e9roports de Paris &#8211; Centre de Conf\u00e9rence &#8211; Orly Sud<\/h2>\n\n\n\n<p>Au c\u0153ur du <a href=\"https:\/\/www.tourisme-valdemarne.com\/espace-pro\/seminaire\/aeroports-de-paris-centre-de-conferences-orly-sud\/\" target=\"_blank\" rel=\"noreferrer noopener\" aria-label=\"Terminal Sud de l'A\u00e9roport d'Orly (s\u2019ouvre dans un nouvel onglet)\">Terminal Sud de l&rsquo;A\u00e9roport d&rsquo;Orly<\/a>, d\u00e9couvrez une <strong>dizaine de salles de tailles multiples<\/strong> dont une grande <strong>terrasse avec vue sur les avions<\/strong>. Pratique et international, profitez du savoir-faire d&rsquo;A\u00e9roports de Paris. Selon vos besoins, les salles peuvent \u00eatre configur\u00e9es en r\u00e9union, th\u00e9\u00e2tre ou cocktail et peuvent accueillir jusqu\u2019\u00e0 <strong>200 personnes<\/strong>. Elles disposent d\u2019un \u00e9quipement technique sur mesure adapt\u00e9 \u00e0 votre \u00e9v\u00e8nement. <\/p>\n","protected":false},"excerpt":{"rendered":"<p>Id\u00e9alement situ\u00e9 pour vos s\u00e9jours affaires. Des espaces modernes et modulables situ\u00e9s \u00e0 proximit\u00e9 du March\u00e9 d&rsquo;Int\u00e9r\u00eat National (MIN) de Rungis, un territoire qui repr\u00e9sente le plus grand bassin d&#8217;emploi de la r\u00e9gion parisienne. L&rsquo;a\u00e9roport d&rsquo;Orly est le hub de transports du futur, avec sa r\u00e9novation \u00e0 grande \u00e9chelle pour rivaliser avec le trafic de [&hellip;]<\/p>\n","protected":false},"author":1,"featured_media":2913,"parent":188,"menu_order":30,"comment_status":"closed","ping_status":"closed","template":"","meta":{"_relevanssi_hide_post":"","_relevanssi_hide_content":"","_relevanssi_pin_for_all":"","_relevanssi_pin_keywords":"","_relevanssi_unpin_keywords":"","_relevanssi_related_keywords":"","_relevanssi_related_include_ids":"","_relevanssi_related_exclude_ids":"","_relevanssi_related_no_append":"","_relevanssi_related_not_related":"","_relevanssi_related_posts":"2751,2749,442,8084,446,2747","_relevanssi_noindex_reason":"","footnotes":""},"vdmTagMarketing":[],"class_list":["post-236","page","type-page","status-publish","has-post-thumbnail","hentry"],"acf":[],"yoast_head":"<!-- This site is optimized with the Yoast SEO plugin v23.9 - https:\/\/yoast.com\/wordpress\/plugins\/seo\/ -->\n<title>Orly-Rungis - Espace Pro<\/title>\n<meta name=\"robots\" content=\"index, follow, max-snippet:-1, max-image-preview:large, max-video-preview:-1\" \/>\n<link rel=\"canonical\" href=\"https:\/\/www.tourisme-valdemarne.com\/espace-pro\/seminaires-et-receptions-pro\/atouts-et-territoires-cles\/territoires-cles\/orly-rungis\/\" \/>\n<meta property=\"og:locale\" content=\"fr_FR\" \/>\n<meta property=\"og:type\" content=\"article\" \/>\n<meta property=\"og:title\" content=\"Orly-Rungis - Espace Pro\" \/>\n<meta property=\"og:description\" content=\"Id\u00e9alement situ\u00e9 pour vos s\u00e9jours affaires. Des espaces modernes et modulables situ\u00e9s \u00e0 proximit\u00e9 du March\u00e9 d&rsquo;Int\u00e9r\u00eat National (MIN) de Rungis, un territoire qui repr\u00e9sente le plus grand bassin d&#8217;emploi de la r\u00e9gion parisienne. L&rsquo;a\u00e9roport d&rsquo;Orly est le hub de transports du futur, avec sa r\u00e9novation \u00e0 grande \u00e9chelle pour rivaliser avec le trafic de [&hellip;]\" \/>\n<meta property=\"og:url\" content=\"https:\/\/www.tourisme-valdemarne.com\/espace-pro\/seminaires-et-receptions-pro\/atouts-et-territoires-cles\/territoires-cles\/orly-rungis\/\" \/>\n<meta property=\"og:site_name\" content=\"Espace Pro\" \/>\n<meta property=\"article:modified_time\" content=\"2024-02-06T10:59:08+00:00\" \/>\n<meta property=\"og:image\" content=\"https:\/\/www.tourisme-valdemarne.com\/espace-pro\/wp-content\/uploads\/sites\/3\/2019\/05\/terrasse-aeroport-orly.jpg\" \/>\n\t<meta property=\"og:image:width\" content=\"1600\" \/>\n\t<meta property=\"og:image:height\" content=\"1200\" \/>\n\t<meta property=\"og:image:type\" content=\"image\/jpeg\" \/>\n<meta name=\"twitter:card\" content=\"summary_large_image\" \/>\n<meta name=\"twitter:label1\" content=\"Dur\u00e9e de lecture estim\u00e9e\" \/>\n\t<meta name=\"twitter:data1\" content=\"3 minutes\" \/>\n<script type=\"application\/ld+json\" class=\"yoast-schema-graph\">{\"@context\":\"https:\/\/schema.org\",\"@graph\":[{\"@type\":\"WebPage\",\"@id\":\"https:\/\/www.tourisme-valdemarne.com\/espace-pro\/seminaires-et-receptions-pro\/atouts-et-territoires-cles\/territoires-cles\/orly-rungis\/\",\"url\":\"https:\/\/www.tourisme-valdemarne.com\/espace-pro\/seminaires-et-receptions-pro\/atouts-et-territoires-cles\/territoires-cles\/orly-rungis\/\",\"name\":\"Orly-Rungis - Espace Pro\",\"isPartOf\":{\"@id\":\"https:\/\/www.tourisme-valdemarne.com\/espace-pro\/#website\"},\"primaryImageOfPage\":{\"@id\":\"https:\/\/www.tourisme-valdemarne.com\/espace-pro\/seminaires-et-receptions-pro\/atouts-et-territoires-cles\/territoires-cles\/orly-rungis\/#primaryimage\"},\"image\":{\"@id\":\"https:\/\/www.tourisme-valdemarne.com\/espace-pro\/seminaires-et-receptions-pro\/atouts-et-territoires-cles\/territoires-cles\/orly-rungis\/#primaryimage\"},\"thumbnailUrl\":\"https:\/\/www.tourisme-valdemarne.com\/espace-pro\/wp-content\/uploads\/sites\/3\/2019\/05\/terrasse-aeroport-orly.jpg\",\"datePublished\":\"2019-04-16T14:25:09+00:00\",\"dateModified\":\"2024-02-06T10:59:08+00:00\",\"breadcrumb\":{\"@id\":\"https:\/\/www.tourisme-valdemarne.com\/espace-pro\/seminaires-et-receptions-pro\/atouts-et-territoires-cles\/territoires-cles\/orly-rungis\/#breadcrumb\"},\"inLanguage\":\"fr-FR\",\"potentialAction\":[{\"@type\":\"ReadAction\",\"target\":[\"https:\/\/www.tourisme-valdemarne.com\/espace-pro\/seminaires-et-receptions-pro\/atouts-et-territoires-cles\/territoires-cles\/orly-rungis\/\"]}]},{\"@type\":\"ImageObject\",\"inLanguage\":\"fr-FR\",\"@id\":\"https:\/\/www.tourisme-valdemarne.com\/espace-pro\/seminaires-et-receptions-pro\/atouts-et-territoires-cles\/territoires-cles\/orly-rungis\/#primaryimage\",\"url\":\"https:\/\/www.tourisme-valdemarne.com\/espace-pro\/wp-content\/uploads\/sites\/3\/2019\/05\/terrasse-aeroport-orly.jpg\",\"contentUrl\":\"https:\/\/www.tourisme-valdemarne.com\/espace-pro\/wp-content\/uploads\/sites\/3\/2019\/05\/terrasse-aeroport-orly.jpg\",\"width\":1600,\"height\":1200,\"caption\":\"Terrasse de l'a\u00e9roport d'Orly \u00a9 CDT94\/S. Gonzales\"},{\"@type\":\"BreadcrumbList\",\"@id\":\"https:\/\/www.tourisme-valdemarne.com\/espace-pro\/seminaires-et-receptions-pro\/atouts-et-territoires-cles\/territoires-cles\/orly-rungis\/#breadcrumb\",\"itemListElement\":[{\"@type\":\"ListItem\",\"position\":1,\"name\":\"Accueil\",\"item\":\"https:\/\/www.tourisme-valdemarne.com\/espace-pro\/\"},{\"@type\":\"ListItem\",\"position\":2,\"name\":\"S\u00e9minaires et r\u00e9ceptions Pro\",\"item\":\"https:\/\/www.tourisme-valdemarne.com\/espace-pro\/seminaires-et-receptions-pro\/\"},{\"@type\":\"ListItem\",\"position\":3,\"name\":\"Atouts et territoires cl\u00e9s du Val-de-Marne\",\"item\":\"https:\/\/www.tourisme-valdemarne.com\/espace-pro\/seminaires-et-receptions-pro\/atouts-et-territoires-cles\/\"},{\"@type\":\"ListItem\",\"position\":4,\"name\":\"Territoires cl\u00e9s\",\"item\":\"https:\/\/www.tourisme-valdemarne.com\/espace-pro\/seminaires-et-receptions-pro\/atouts-et-territoires-cles\/territoires-cles\/\"},{\"@type\":\"ListItem\",\"position\":5,\"name\":\"Orly-Rungis\"}]},{\"@type\":\"WebSite\",\"@id\":\"https:\/\/www.tourisme-valdemarne.com\/espace-pro\/#website\",\"url\":\"https:\/\/www.tourisme-valdemarne.com\/espace-pro\/\",\"name\":\"Espace Pro\",\"description\":\"Informations et outils pour les professionnels et la Presse\",\"potentialAction\":[{\"@type\":\"SearchAction\",\"target\":{\"@type\":\"EntryPoint\",\"urlTemplate\":\"https:\/\/www.tourisme-valdemarne.com\/espace-pro\/?s={search_term_string}\"},\"query-input\":{\"@type\":\"PropertyValueSpecification\",\"valueRequired\":true,\"valueName\":\"search_term_string\"}}],\"inLanguage\":\"fr-FR\"}]}<\/script>\n<!-- \/ Yoast SEO plugin. -->","yoast_head_json":{"title":"Orly-Rungis - Espace Pro","robots":{"index":"index","follow":"follow","max-snippet":"max-snippet:-1","max-image-preview":"max-image-preview:large","max-video-preview":"max-video-preview:-1"},"canonical":"https:\/\/www.tourisme-valdemarne.com\/espace-pro\/seminaires-et-receptions-pro\/atouts-et-territoires-cles\/territoires-cles\/orly-rungis\/","og_locale":"fr_FR","og_type":"article","og_title":"Orly-Rungis - Espace Pro","og_description":"Id\u00e9alement situ\u00e9 pour vos s\u00e9jours affaires. Des espaces modernes et modulables situ\u00e9s \u00e0 proximit\u00e9 du March\u00e9 d&rsquo;Int\u00e9r\u00eat National (MIN) de Rungis, un territoire qui repr\u00e9sente le plus grand bassin d&#8217;emploi de la r\u00e9gion parisienne. L&rsquo;a\u00e9roport d&rsquo;Orly est le hub de transports du futur, avec sa r\u00e9novation \u00e0 grande \u00e9chelle pour rivaliser avec le trafic de [&hellip;]","og_url":"https:\/\/www.tourisme-valdemarne.com\/espace-pro\/seminaires-et-receptions-pro\/atouts-et-territoires-cles\/territoires-cles\/orly-rungis\/","og_site_name":"Espace Pro","article_modified_time":"2024-02-06T10:59:08+00:00","og_image":[{"width":1600,"height":1200,"url":"https:\/\/www.tourisme-valdemarne.com\/espace-pro\/wp-content\/uploads\/sites\/3\/2019\/05\/terrasse-aeroport-orly.jpg","type":"image\/jpeg"}],"twitter_card":"summary_large_image","twitter_misc":{"Dur\u00e9e de lecture estim\u00e9e":"3 minutes"},"schema":{"@context":"https:\/\/schema.org","@graph":[{"@type":"WebPage","@id":"https:\/\/www.tourisme-valdemarne.com\/espace-pro\/seminaires-et-receptions-pro\/atouts-et-territoires-cles\/territoires-cles\/orly-rungis\/","url":"https:\/\/www.tourisme-valdemarne.com\/espace-pro\/seminaires-et-receptions-pro\/atouts-et-territoires-cles\/territoires-cles\/orly-rungis\/","name":"Orly-Rungis - Espace Pro","isPartOf":{"@id":"https:\/\/www.tourisme-valdemarne.com\/espace-pro\/#website"},"primaryImageOfPage":{"@id":"https:\/\/www.tourisme-valdemarne.com\/espace-pro\/seminaires-et-receptions-pro\/atouts-et-territoires-cles\/territoires-cles\/orly-rungis\/#primaryimage"},"image":{"@id":"https:\/\/www.tourisme-valdemarne.com\/espace-pro\/seminaires-et-receptions-pro\/atouts-et-territoires-cles\/territoires-cles\/orly-rungis\/#primaryimage"},"thumbnailUrl":"https:\/\/www.tourisme-valdemarne.com\/espace-pro\/wp-content\/uploads\/sites\/3\/2019\/05\/terrasse-aeroport-orly.jpg","datePublished":"2019-04-16T14:25:09+00:00","dateModified":"2024-02-06T10:59:08+00:00","breadcrumb":{"@id":"https:\/\/www.tourisme-valdemarne.com\/espace-pro\/seminaires-et-receptions-pro\/atouts-et-territoires-cles\/territoires-cles\/orly-rungis\/#breadcrumb"},"inLanguage":"fr-FR","potentialAction":[{"@type":"ReadAction","target":["https:\/\/www.tourisme-valdemarne.com\/espace-pro\/seminaires-et-receptions-pro\/atouts-et-territoires-cles\/territoires-cles\/orly-rungis\/"]}]},{"@type":"ImageObject","inLanguage":"fr-FR","@id":"https:\/\/www.tourisme-valdemarne.com\/espace-pro\/seminaires-et-receptions-pro\/atouts-et-territoires-cles\/territoires-cles\/orly-rungis\/#primaryimage","url":"https:\/\/www.tourisme-valdemarne.com\/espace-pro\/wp-content\/uploads\/sites\/3\/2019\/05\/terrasse-aeroport-orly.jpg","contentUrl":"https:\/\/www.tourisme-valdemarne.com\/espace-pro\/wp-content\/uploads\/sites\/3\/2019\/05\/terrasse-aeroport-orly.jpg","width":1600,"height":1200,"caption":"Terrasse de l'a\u00e9roport d'Orly \u00a9 CDT94\/S. Gonzales"},{"@type":"BreadcrumbList","@id":"https:\/\/www.tourisme-valdemarne.com\/espace-pro\/seminaires-et-receptions-pro\/atouts-et-territoires-cles\/territoires-cles\/orly-rungis\/#breadcrumb","itemListElement":[{"@type":"ListItem","position":1,"name":"Accueil","item":"https:\/\/www.tourisme-valdemarne.com\/espace-pro\/"},{"@type":"ListItem","position":2,"name":"S\u00e9minaires et r\u00e9ceptions Pro","item":"https:\/\/www.tourisme-valdemarne.com\/espace-pro\/seminaires-et-receptions-pro\/"},{"@type":"ListItem","position":3,"name":"Atouts et territoires cl\u00e9s du Val-de-Marne","item":"https:\/\/www.tourisme-valdemarne.com\/espace-pro\/seminaires-et-receptions-pro\/atouts-et-territoires-cles\/"},{"@type":"ListItem","position":4,"name":"Territoires cl\u00e9s","item":"https:\/\/www.tourisme-valdemarne.com\/espace-pro\/seminaires-et-receptions-pro\/atouts-et-territoires-cles\/territoires-cles\/"},{"@type":"ListItem","position":5,"name":"Orly-Rungis"}]},{"@type":"WebSite","@id":"https:\/\/www.tourisme-valdemarne.com\/espace-pro\/#website","url":"https:\/\/www.tourisme-valdemarne.com\/espace-pro\/","name":"Espace Pro","description":"Informations et outils pour les professionnels et la Presse","potentialAction":[{"@type":"SearchAction","target":{"@type":"EntryPoint","urlTemplate":"https:\/\/www.tourisme-valdemarne.com\/espace-pro\/?s={search_term_string}"},"query-input":{"@type":"PropertyValueSpecification","valueRequired":true,"valueName":"search_term_string"}}],"inLanguage":"fr-FR"}]}},"_links":{"self":[{"href":"https:\/\/www.tourisme-valdemarne.com\/espace-pro\/wp-json\/wp\/v2\/pages\/236","targetHints":{"allow":["GET"]}}],"collection":[{"href":"https:\/\/www.tourisme-valdemarne.com\/espace-pro\/wp-json\/wp\/v2\/pages"}],"about":[{"href":"https:\/\/www.tourisme-valdemarne.com\/espace-pro\/wp-json\/wp\/v2\/types\/page"}],"author":[{"embeddable":true,"href":"https:\/\/www.tourisme-valdemarne.com\/espace-pro\/wp-json\/wp\/v2\/users\/1"}],"replies":[{"embeddable":true,"href":"https:\/\/www.tourisme-valdemarne.com\/espace-pro\/wp-json\/wp\/v2\/comments?post=236"}],"version-history":[{"count":9,"href":"https:\/\/www.tourisme-valdemarne.com\/espace-pro\/wp-json\/wp\/v2\/pages\/236\/revisions"}],"predecessor-version":[{"id":26226,"href":"https:\/\/www.tourisme-valdemarne.com\/espace-pro\/wp-json\/wp\/v2\/pages\/236\/revisions\/26226"}],"up":[{"embeddable":true,"href":"https:\/\/www.tourisme-valdemarne.com\/espace-pro\/wp-json\/wp\/v2\/pages\/188"}],"wp:featuredmedia":[{"embeddable":true,"href":"https:\/\/www.tourisme-valdemarne.com\/espace-pro\/wp-json\/wp\/v2\/media\/2913"}],"wp:attachment":[{"href":"https:\/\/www.tourisme-valdemarne.com\/espace-pro\/wp-json\/wp\/v2\/media?parent=236"}],"wp:term":[{"taxonomy":"vdmTagMarketing","embeddable":true,"href":"https:\/\/www.tourisme-valdemarne.com\/espace-pro\/wp-json\/wp\/v2\/vdmTagMarketing?post=236"}],"curies":[{"name":"wp","href":"https:\/\/api.w.org\/{rel}","templated":true}]}}