{"id":232,"date":"2019-04-16T16:24:30","date_gmt":"2019-04-16T14:24:30","guid":{"rendered":"https:\/\/www.tourisme-valdemarne.com\/espace-pro\/foret-domaniale-notre-dame"},"modified":"2024-03-12T15:16:38","modified_gmt":"2024-03-12T14:16:38","slug":"foret-domaniale-notre-dame","status":"publish","type":"page","link":"https:\/\/www.tourisme-valdemarne.com\/espace-pro\/seminaires-et-receptions-pro\/atouts-et-territoires-cles\/territoires-cles\/foret-domaniale-notre-dame\/","title":{"rendered":"For\u00eat domaniale Notre-Dame"},"content":{"rendered":"\n<p class=\"is-style-excerpt\">Au sud-est du d\u00e9partement, un vaste ensemble forestier (2 056 hectares) s\u2019\u00e9tend de la for\u00eat domaniale Notre-Dame \u00e0 la For\u00eat du Bois de la Grange, en passant par le Domaine de Grosbois.<\/p>\n\n\n\n<p>Il offre au promeneur une grande vari\u00e9t\u00e9 de <strong>richesses \u00e9cologiques et naturelles<\/strong> ainsi qu\u2019un patrimoine culturel et historique. Des sentiers p\u00e9dagogiques balis\u00e9s et un chemin de randonn\u00e9e \u00ab le circuit de friches \u00bb, invitent les promeneurs \u00e0 d\u00e9couvrir cet environnement calme et reposant.<br>Deux ch\u00e2teaux se situent pr\u00e8s de cet ensemble forestier riche : le <strong>Ch\u00e2teau de Grosbois<\/strong> et le <strong>Ch\u00e2teau de Santeny<\/strong>.<\/p>\n\n\n\n<h2 class=\"wp-block-heading\">Le Ch\u00e2teau de Grosbois<\/h2>\n\n\n\n<figure class=\"wp-block-image alignwide size-full\"><a href=\"https:\/\/www.tourisme-valdemarne.com\/espace-pro\/wp-content\/uploads\/sites\/3\/2023\/01\/facade-chateau-grosbois-boissy-saint-leger.jpg\"><img width=\"1100\" height=\"737\" data-src=\"https:\/\/www.tourisme-valdemarne.com\/espace-pro\/wp-content\/uploads\/sites\/3\/2023\/01\/facade-chateau-grosbois-boissy-saint-leger.jpg\" alt=\"Fa\u00e7ade du Ch\u00e2teau de Grosbois\" class=\"wp-image-14137\" srcset=\"https:\/\/www.tourisme-valdemarne.com\/espace-pro\/wp-content\/uploads\/sites\/3\/2023\/01\/facade-chateau-grosbois-boissy-saint-leger.jpg 1100w, https:\/\/www.tourisme-valdemarne.com\/espace-pro\/wp-content\/uploads\/sites\/3\/2023\/01\/facade-chateau-grosbois-boissy-saint-leger-600x402.jpg 600w, https:\/\/www.tourisme-valdemarne.com\/espace-pro\/wp-content\/uploads\/sites\/3\/2023\/01\/facade-chateau-grosbois-boissy-saint-leger-900x603.jpg 900w, https:\/\/www.tourisme-valdemarne.com\/espace-pro\/wp-content\/uploads\/sites\/3\/2023\/01\/facade-chateau-grosbois-boissy-saint-leger-380x255.jpg 380w, https:\/\/www.tourisme-valdemarne.com\/espace-pro\/wp-content\/uploads\/sites\/3\/2023\/01\/facade-chateau-grosbois-boissy-saint-leger-200x134.jpg 200w\" sizes=\"(max-width: 1100px) 100vw, 1100px\" \/><\/a><figcaption>Chateau de Grosbois \u00a9 CDT94\/D.Thierry<\/figcaption><\/figure>\n\n\n\n<p>Ce ch\u00e2teau, construit au XVIe si\u00e8cle, en pierre blanche et en briques, se dresse au milieu d&rsquo;un tr\u00e8s grand parc bois\u00e9. Il est <strong>class\u00e9 au titre des Monuments Historiques<\/strong> depuis 1992. Situ\u00e9 \u00e0 15 km de l\u2019hippodrome de Paris-Vincennes, le <a href=\"https:\/\/www.tourisme-valdemarne.com\/espace-pro\/seminaire\/domaine-de-grosbois\/\" target=\"_blank\" rel=\"noreferrer noopener\" aria-label=\"Domaine de Grosbois (s\u2019ouvre dans un nouvel onglet)\">Domaine de Grosbois<\/a> vous offre l\u2019opportunit\u00e9 d\u2019organiser votre \u00e9v\u00e8nement professionnel dans un cadre royal et somptueux. Le lieu dispose de <strong>nombreuses salles<\/strong> et d\u00e9pendances pouvant accueillir de <strong>20 \u00e0 1500 personnes<\/strong> selon la configuration.<\/p>\n\n\n\n<h2 class=\"wp-block-heading\">Le Ch\u00e2teau de Santeny<\/h2>\n\n\n\n<figure class=\"wp-block-image alignwide size-full\"><a href=\"https:\/\/www.tourisme-valdemarne.com\/espace-pro\/wp-content\/uploads\/sites\/3\/2023\/01\/facade-chateau-santeny.jpg\"><img width=\"1100\" height=\"825\" data-src=\"https:\/\/www.tourisme-valdemarne.com\/espace-pro\/wp-content\/uploads\/sites\/3\/2023\/01\/facade-chateau-santeny.jpg\" alt=\"Fa\u00e7ade du Ch\u00e2teau de Santeny\" class=\"wp-image-14138\" srcset=\"https:\/\/www.tourisme-valdemarne.com\/espace-pro\/wp-content\/uploads\/sites\/3\/2023\/01\/facade-chateau-santeny.jpg 1100w, https:\/\/www.tourisme-valdemarne.com\/espace-pro\/wp-content\/uploads\/sites\/3\/2023\/01\/facade-chateau-santeny-600x450.jpg 600w, https:\/\/www.tourisme-valdemarne.com\/espace-pro\/wp-content\/uploads\/sites\/3\/2023\/01\/facade-chateau-santeny-900x675.jpg 900w, https:\/\/www.tourisme-valdemarne.com\/espace-pro\/wp-content\/uploads\/sites\/3\/2023\/01\/facade-chateau-santeny-380x285.jpg 380w, https:\/\/www.tourisme-valdemarne.com\/espace-pro\/wp-content\/uploads\/sites\/3\/2023\/01\/facade-chateau-santeny-200x150.jpg 200w\" sizes=\"(max-width: 1100px) 100vw, 1100px\" \/><\/a><figcaption>Chateau de Santeny<\/figcaption><\/figure>\n\n\n\n<p>Tout <strong>proche de Paris<\/strong> \u00e0 seulement 22 km, dans un parc de 4 ha, le <a href=\"https:\/\/www.tourisme-valdemarne.com\/espace-pro\/seminaire\/chateau-de-santeny\/\" target=\"_blank\" rel=\"noreferrer noopener\" aria-label=\"ch\u00e2teau de Santeny (s\u2019ouvre dans un nouvel onglet)\">ch\u00e2teau de Santeny<\/a>, datant du XIX\u00e8me si\u00e8cle et \u00e0 l&rsquo;architecture classique, vous enchantera. Il offre un <strong>cadre prestigieux \u00e0 votre r\u00e9ception<\/strong>. Les salles de r\u00e9ception lumineuses et largement communicantes sont orn\u00e9es de chemin\u00e9es en marbre, de sols en parquet et marbre et de hauts plafonds moulur\u00e9s et peuvent accueillir <strong>jusqu\u2019\u00e0 200 personnes<\/strong>. Elles s&rsquo;ouvrent directement sur la terrasse et le parc avec une vue tr\u00e8s d\u00e9gag\u00e9e. Un lieu unique pour une journ\u00e9e unique, de quoi enchanter vos collaborateurs.<\/p>\n\n\n\n<h2 class=\"wp-block-heading\">Les Serres d&rsquo;Orchid\u00e9es Vacherot &amp; Lecoufle<\/h2>\n\n\n\n<figure class=\"wp-block-image alignwide size-full\"><a href=\"https:\/\/www.tourisme-valdemarne.com\/espace-pro\/wp-content\/uploads\/sites\/3\/2023\/01\/orchidees_vacherot-visite.jpg\"><img width=\"1100\" height=\"825\" data-src=\"https:\/\/www.tourisme-valdemarne.com\/espace-pro\/wp-content\/uploads\/sites\/3\/2023\/01\/orchidees_vacherot-visite.jpg\" alt=\"Visite des orchid\u00e9es Vacherot et Lecoufle\" class=\"wp-image-14139\" srcset=\"https:\/\/www.tourisme-valdemarne.com\/espace-pro\/wp-content\/uploads\/sites\/3\/2023\/01\/orchidees_vacherot-visite.jpg 1100w, https:\/\/www.tourisme-valdemarne.com\/espace-pro\/wp-content\/uploads\/sites\/3\/2023\/01\/orchidees_vacherot-visite-600x450.jpg 600w, https:\/\/www.tourisme-valdemarne.com\/espace-pro\/wp-content\/uploads\/sites\/3\/2023\/01\/orchidees_vacherot-visite-900x675.jpg 900w, https:\/\/www.tourisme-valdemarne.com\/espace-pro\/wp-content\/uploads\/sites\/3\/2023\/01\/orchidees_vacherot-visite-380x285.jpg 380w, https:\/\/www.tourisme-valdemarne.com\/espace-pro\/wp-content\/uploads\/sites\/3\/2023\/01\/orchidees_vacherot-visite-200x150.jpg 200w\" sizes=\"(max-width: 1100px) 100vw, 1100px\" \/><\/a><figcaption>Orchid\u00e9es Vacherot et Lecoufle<\/figcaption><\/figure>\n\n\n\n<p>Non loin de l\u00e0, \u00e0 Boissy-Saint-L\u00e9ger, <a href=\"https:\/\/www.tourisme-valdemarne.com\/patrimoine-culturel\/orchidees-vacherot-et-lecoufle\/\">les Serres d&rsquo;Orchid\u00e9es Vacherot &amp; Lecoufle<\/a>, sp\u00e9cialis\u00e9es dans la s\u00e9lection et la cr\u00e9ation de nouvelles vari\u00e9t\u00e9s d&rsquo;orchid\u00e9es, mettent \u00e0 votre disposition ce <strong>cadre floral<\/strong> original pour l\u2019organisation de votre cocktail d\u00eenatoire ou de votre soir\u00e9e \u00e9v\u00e8nementielle en <strong>petit comit\u00e9<\/strong>.<\/p>\n","protected":false},"excerpt":{"rendered":"<p>Au sud-est du d\u00e9partement, un vaste ensemble forestier (2 056 hectares) s\u2019\u00e9tend de la for\u00eat domaniale Notre-Dame \u00e0 la For\u00eat du Bois de la Grange, en passant par le Domaine de Grosbois. Il offre au promeneur une grande vari\u00e9t\u00e9 de richesses \u00e9cologiques et naturelles ainsi qu\u2019un patrimoine culturel et historique. Des sentiers p\u00e9dagogiques balis\u00e9s et [&hellip;]<\/p>\n","protected":false},"author":1,"featured_media":2850,"parent":188,"menu_order":10,"comment_status":"closed","ping_status":"closed","template":"","meta":{"_relevanssi_hide_post":"","_relevanssi_hide_content":"","_relevanssi_pin_for_all":"","_relevanssi_pin_keywords":"","_relevanssi_unpin_keywords":"","_relevanssi_related_keywords":"","_relevanssi_related_include_ids":"","_relevanssi_related_exclude_ids":"","_relevanssi_related_no_append":"","_relevanssi_related_not_related":"","_relevanssi_related_posts":"8077,2749,444,8105,2751,2741","_relevanssi_noindex_reason":"","footnotes":""},"vdmTagMarketing":[],"class_list":["post-232","page","type-page","status-publish","has-post-thumbnail","hentry"],"acf":[],"yoast_head":"<!-- This site is optimized with the Yoast SEO plugin v23.9 - https:\/\/yoast.com\/wordpress\/plugins\/seo\/ -->\n<title>For\u00eat domaniale Notre-Dame - Espace Pro | Val-de-Marne<\/title>\n<meta name=\"description\" content=\"Au sud-est du d\u00e9partement, un vaste ensemble forestier offre une grande vari\u00e9t\u00e9 de richesses \u00e9cologiques au promeneur.\" \/>\n<meta name=\"robots\" content=\"index, follow, max-snippet:-1, max-image-preview:large, max-video-preview:-1\" \/>\n<link rel=\"canonical\" href=\"https:\/\/www.tourisme-valdemarne.com\/espace-pro\/seminaires-et-receptions-pro\/atouts-et-territoires-cles\/territoires-cles\/foret-domaniale-notre-dame\/\" \/>\n<meta property=\"og:locale\" content=\"fr_FR\" \/>\n<meta property=\"og:type\" content=\"article\" \/>\n<meta property=\"og:title\" content=\"For\u00eat domaniale Notre-Dame - Espace Pro | Val-de-Marne\" \/>\n<meta property=\"og:description\" content=\"Au sud-est du d\u00e9partement, un vaste ensemble forestier offre une grande vari\u00e9t\u00e9 de richesses \u00e9cologiques au promeneur.\" \/>\n<meta property=\"og:url\" content=\"https:\/\/www.tourisme-valdemarne.com\/espace-pro\/seminaires-et-receptions-pro\/atouts-et-territoires-cles\/territoires-cles\/foret-domaniale-notre-dame\/\" \/>\n<meta property=\"og:site_name\" content=\"Espace Pro\" \/>\n<meta property=\"article:modified_time\" content=\"2024-03-12T14:16:38+00:00\" \/>\n<meta property=\"og:image\" content=\"https:\/\/www.tourisme-valdemarne.com\/espace-pro\/wp-content\/uploads\/sites\/3\/2019\/05\/randonnee-pied-foret-notre-dame-cp-crt.jpg\" \/>\n\t<meta property=\"og:image:width\" content=\"1600\" \/>\n\t<meta property=\"og:image:height\" content=\"1068\" \/>\n\t<meta property=\"og:image:type\" content=\"image\/jpeg\" \/>\n<meta name=\"twitter:card\" content=\"summary_large_image\" \/>\n<meta name=\"twitter:label1\" content=\"Dur\u00e9e de lecture estim\u00e9e\" \/>\n\t<meta name=\"twitter:data1\" content=\"3 minutes\" \/>\n<script type=\"application\/ld+json\" class=\"yoast-schema-graph\">{\"@context\":\"https:\/\/schema.org\",\"@graph\":[{\"@type\":\"WebPage\",\"@id\":\"https:\/\/www.tourisme-valdemarne.com\/espace-pro\/seminaires-et-receptions-pro\/atouts-et-territoires-cles\/territoires-cles\/foret-domaniale-notre-dame\/\",\"url\":\"https:\/\/www.tourisme-valdemarne.com\/espace-pro\/seminaires-et-receptions-pro\/atouts-et-territoires-cles\/territoires-cles\/foret-domaniale-notre-dame\/\",\"name\":\"For\u00eat domaniale Notre-Dame - Espace Pro | Val-de-Marne\",\"isPartOf\":{\"@id\":\"https:\/\/www.tourisme-valdemarne.com\/espace-pro\/#website\"},\"primaryImageOfPage\":{\"@id\":\"https:\/\/www.tourisme-valdemarne.com\/espace-pro\/seminaires-et-receptions-pro\/atouts-et-territoires-cles\/territoires-cles\/foret-domaniale-notre-dame\/#primaryimage\"},\"image\":{\"@id\":\"https:\/\/www.tourisme-valdemarne.com\/espace-pro\/seminaires-et-receptions-pro\/atouts-et-territoires-cles\/territoires-cles\/foret-domaniale-notre-dame\/#primaryimage\"},\"thumbnailUrl\":\"https:\/\/www.tourisme-valdemarne.com\/espace-pro\/wp-content\/uploads\/sites\/3\/2019\/05\/randonnee-pied-foret-notre-dame-cp-crt.jpg\",\"datePublished\":\"2019-04-16T14:24:30+00:00\",\"dateModified\":\"2024-03-12T14:16:38+00:00\",\"description\":\"Au sud-est du d\u00e9partement, un vaste ensemble forestier offre une grande vari\u00e9t\u00e9 de richesses \u00e9cologiques au promeneur.\",\"breadcrumb\":{\"@id\":\"https:\/\/www.tourisme-valdemarne.com\/espace-pro\/seminaires-et-receptions-pro\/atouts-et-territoires-cles\/territoires-cles\/foret-domaniale-notre-dame\/#breadcrumb\"},\"inLanguage\":\"fr-FR\",\"potentialAction\":[{\"@type\":\"ReadAction\",\"target\":[\"https:\/\/www.tourisme-valdemarne.com\/espace-pro\/seminaires-et-receptions-pro\/atouts-et-territoires-cles\/territoires-cles\/foret-domaniale-notre-dame\/\"]}]},{\"@type\":\"ImageObject\",\"inLanguage\":\"fr-FR\",\"@id\":\"https:\/\/www.tourisme-valdemarne.com\/espace-pro\/seminaires-et-receptions-pro\/atouts-et-territoires-cles\/territoires-cles\/foret-domaniale-notre-dame\/#primaryimage\",\"url\":\"https:\/\/www.tourisme-valdemarne.com\/espace-pro\/wp-content\/uploads\/sites\/3\/2019\/05\/randonnee-pied-foret-notre-dame-cp-crt.jpg\",\"contentUrl\":\"https:\/\/www.tourisme-valdemarne.com\/espace-pro\/wp-content\/uploads\/sites\/3\/2019\/05\/randonnee-pied-foret-notre-dame-cp-crt.jpg\",\"width\":1600,\"height\":1068,\"caption\":\"Randonn\u00e9e en for\u00eat de notre dame \u00a9 CRT Paris Ile-de-France\/Amelie Laurin\"},{\"@type\":\"BreadcrumbList\",\"@id\":\"https:\/\/www.tourisme-valdemarne.com\/espace-pro\/seminaires-et-receptions-pro\/atouts-et-territoires-cles\/territoires-cles\/foret-domaniale-notre-dame\/#breadcrumb\",\"itemListElement\":[{\"@type\":\"ListItem\",\"position\":1,\"name\":\"Accueil\",\"item\":\"https:\/\/www.tourisme-valdemarne.com\/espace-pro\/\"},{\"@type\":\"ListItem\",\"position\":2,\"name\":\"S\u00e9minaires et r\u00e9ceptions Pro\",\"item\":\"https:\/\/www.tourisme-valdemarne.com\/espace-pro\/seminaires-et-receptions-pro\/\"},{\"@type\":\"ListItem\",\"position\":3,\"name\":\"Atouts et territoires cl\u00e9s du Val-de-Marne\",\"item\":\"https:\/\/www.tourisme-valdemarne.com\/espace-pro\/seminaires-et-receptions-pro\/atouts-et-territoires-cles\/\"},{\"@type\":\"ListItem\",\"position\":4,\"name\":\"Territoires cl\u00e9s\",\"item\":\"https:\/\/www.tourisme-valdemarne.com\/espace-pro\/seminaires-et-receptions-pro\/atouts-et-territoires-cles\/territoires-cles\/\"},{\"@type\":\"ListItem\",\"position\":5,\"name\":\"For\u00eat domaniale Notre-Dame\"}]},{\"@type\":\"WebSite\",\"@id\":\"https:\/\/www.tourisme-valdemarne.com\/espace-pro\/#website\",\"url\":\"https:\/\/www.tourisme-valdemarne.com\/espace-pro\/\",\"name\":\"Espace Pro\",\"description\":\"Informations et outils pour les professionnels et la Presse\",\"potentialAction\":[{\"@type\":\"SearchAction\",\"target\":{\"@type\":\"EntryPoint\",\"urlTemplate\":\"https:\/\/www.tourisme-valdemarne.com\/espace-pro\/?s={search_term_string}\"},\"query-input\":{\"@type\":\"PropertyValueSpecification\",\"valueRequired\":true,\"valueName\":\"search_term_string\"}}],\"inLanguage\":\"fr-FR\"}]}<\/script>\n<!-- \/ Yoast SEO plugin. -->","yoast_head_json":{"title":"For\u00eat domaniale Notre-Dame - Espace Pro | Val-de-Marne","description":"Au sud-est du d\u00e9partement, un vaste ensemble forestier offre une grande vari\u00e9t\u00e9 de richesses \u00e9cologiques au promeneur.","robots":{"index":"index","follow":"follow","max-snippet":"max-snippet:-1","max-image-preview":"max-image-preview:large","max-video-preview":"max-video-preview:-1"},"canonical":"https:\/\/www.tourisme-valdemarne.com\/espace-pro\/seminaires-et-receptions-pro\/atouts-et-territoires-cles\/territoires-cles\/foret-domaniale-notre-dame\/","og_locale":"fr_FR","og_type":"article","og_title":"For\u00eat domaniale Notre-Dame - Espace Pro | Val-de-Marne","og_description":"Au sud-est du d\u00e9partement, un vaste ensemble forestier offre une grande vari\u00e9t\u00e9 de richesses \u00e9cologiques au promeneur.","og_url":"https:\/\/www.tourisme-valdemarne.com\/espace-pro\/seminaires-et-receptions-pro\/atouts-et-territoires-cles\/territoires-cles\/foret-domaniale-notre-dame\/","og_site_name":"Espace Pro","article_modified_time":"2024-03-12T14:16:38+00:00","og_image":[{"width":1600,"height":1068,"url":"https:\/\/www.tourisme-valdemarne.com\/espace-pro\/wp-content\/uploads\/sites\/3\/2019\/05\/randonnee-pied-foret-notre-dame-cp-crt.jpg","type":"image\/jpeg"}],"twitter_card":"summary_large_image","twitter_misc":{"Dur\u00e9e de lecture estim\u00e9e":"3 minutes"},"schema":{"@context":"https:\/\/schema.org","@graph":[{"@type":"WebPage","@id":"https:\/\/www.tourisme-valdemarne.com\/espace-pro\/seminaires-et-receptions-pro\/atouts-et-territoires-cles\/territoires-cles\/foret-domaniale-notre-dame\/","url":"https:\/\/www.tourisme-valdemarne.com\/espace-pro\/seminaires-et-receptions-pro\/atouts-et-territoires-cles\/territoires-cles\/foret-domaniale-notre-dame\/","name":"For\u00eat domaniale Notre-Dame - Espace Pro | Val-de-Marne","isPartOf":{"@id":"https:\/\/www.tourisme-valdemarne.com\/espace-pro\/#website"},"primaryImageOfPage":{"@id":"https:\/\/www.tourisme-valdemarne.com\/espace-pro\/seminaires-et-receptions-pro\/atouts-et-territoires-cles\/territoires-cles\/foret-domaniale-notre-dame\/#primaryimage"},"image":{"@id":"https:\/\/www.tourisme-valdemarne.com\/espace-pro\/seminaires-et-receptions-pro\/atouts-et-territoires-cles\/territoires-cles\/foret-domaniale-notre-dame\/#primaryimage"},"thumbnailUrl":"https:\/\/www.tourisme-valdemarne.com\/espace-pro\/wp-content\/uploads\/sites\/3\/2019\/05\/randonnee-pied-foret-notre-dame-cp-crt.jpg","datePublished":"2019-04-16T14:24:30+00:00","dateModified":"2024-03-12T14:16:38+00:00","description":"Au sud-est du d\u00e9partement, un vaste ensemble forestier offre une grande vari\u00e9t\u00e9 de richesses \u00e9cologiques au promeneur.","breadcrumb":{"@id":"https:\/\/www.tourisme-valdemarne.com\/espace-pro\/seminaires-et-receptions-pro\/atouts-et-territoires-cles\/territoires-cles\/foret-domaniale-notre-dame\/#breadcrumb"},"inLanguage":"fr-FR","potentialAction":[{"@type":"ReadAction","target":["https:\/\/www.tourisme-valdemarne.com\/espace-pro\/seminaires-et-receptions-pro\/atouts-et-territoires-cles\/territoires-cles\/foret-domaniale-notre-dame\/"]}]},{"@type":"ImageObject","inLanguage":"fr-FR","@id":"https:\/\/www.tourisme-valdemarne.com\/espace-pro\/seminaires-et-receptions-pro\/atouts-et-territoires-cles\/territoires-cles\/foret-domaniale-notre-dame\/#primaryimage","url":"https:\/\/www.tourisme-valdemarne.com\/espace-pro\/wp-content\/uploads\/sites\/3\/2019\/05\/randonnee-pied-foret-notre-dame-cp-crt.jpg","contentUrl":"https:\/\/www.tourisme-valdemarne.com\/espace-pro\/wp-content\/uploads\/sites\/3\/2019\/05\/randonnee-pied-foret-notre-dame-cp-crt.jpg","width":1600,"height":1068,"caption":"Randonn\u00e9e en for\u00eat de notre dame \u00a9 CRT Paris Ile-de-France\/Amelie Laurin"},{"@type":"BreadcrumbList","@id":"https:\/\/www.tourisme-valdemarne.com\/espace-pro\/seminaires-et-receptions-pro\/atouts-et-territoires-cles\/territoires-cles\/foret-domaniale-notre-dame\/#breadcrumb","itemListElement":[{"@type":"ListItem","position":1,"name":"Accueil","item":"https:\/\/www.tourisme-valdemarne.com\/espace-pro\/"},{"@type":"ListItem","position":2,"name":"S\u00e9minaires et r\u00e9ceptions Pro","item":"https:\/\/www.tourisme-valdemarne.com\/espace-pro\/seminaires-et-receptions-pro\/"},{"@type":"ListItem","position":3,"name":"Atouts et territoires cl\u00e9s du Val-de-Marne","item":"https:\/\/www.tourisme-valdemarne.com\/espace-pro\/seminaires-et-receptions-pro\/atouts-et-territoires-cles\/"},{"@type":"ListItem","position":4,"name":"Territoires cl\u00e9s","item":"https:\/\/www.tourisme-valdemarne.com\/espace-pro\/seminaires-et-receptions-pro\/atouts-et-territoires-cles\/territoires-cles\/"},{"@type":"ListItem","position":5,"name":"For\u00eat domaniale Notre-Dame"}]},{"@type":"WebSite","@id":"https:\/\/www.tourisme-valdemarne.com\/espace-pro\/#website","url":"https:\/\/www.tourisme-valdemarne.com\/espace-pro\/","name":"Espace Pro","description":"Informations et outils pour les professionnels et la Presse","potentialAction":[{"@type":"SearchAction","target":{"@type":"EntryPoint","urlTemplate":"https:\/\/www.tourisme-valdemarne.com\/espace-pro\/?s={search_term_string}"},"query-input":{"@type":"PropertyValueSpecification","valueRequired":true,"valueName":"search_term_string"}}],"inLanguage":"fr-FR"}]}},"_links":{"self":[{"href":"https:\/\/www.tourisme-valdemarne.com\/espace-pro\/wp-json\/wp\/v2\/pages\/232","targetHints":{"allow":["GET"]}}],"collection":[{"href":"https:\/\/www.tourisme-valdemarne.com\/espace-pro\/wp-json\/wp\/v2\/pages"}],"about":[{"href":"https:\/\/www.tourisme-valdemarne.com\/espace-pro\/wp-json\/wp\/v2\/types\/page"}],"author":[{"embeddable":true,"href":"https:\/\/www.tourisme-valdemarne.com\/espace-pro\/wp-json\/wp\/v2\/users\/1"}],"replies":[{"embeddable":true,"href":"https:\/\/www.tourisme-valdemarne.com\/espace-pro\/wp-json\/wp\/v2\/comments?post=232"}],"version-history":[{"count":6,"href":"https:\/\/www.tourisme-valdemarne.com\/espace-pro\/wp-json\/wp\/v2\/pages\/232\/revisions"}],"predecessor-version":[{"id":26619,"href":"https:\/\/www.tourisme-valdemarne.com\/espace-pro\/wp-json\/wp\/v2\/pages\/232\/revisions\/26619"}],"up":[{"embeddable":true,"href":"https:\/\/www.tourisme-valdemarne.com\/espace-pro\/wp-json\/wp\/v2\/pages\/188"}],"wp:featuredmedia":[{"embeddable":true,"href":"https:\/\/www.tourisme-valdemarne.com\/espace-pro\/wp-json\/wp\/v2\/media\/2850"}],"wp:attachment":[{"href":"https:\/\/www.tourisme-valdemarne.com\/espace-pro\/wp-json\/wp\/v2\/media?parent=232"}],"wp:term":[{"taxonomy":"vdmTagMarketing","embeddable":true,"href":"https:\/\/www.tourisme-valdemarne.com\/espace-pro\/wp-json\/wp\/v2\/vdmTagMarketing?post=232"}],"curies":[{"name":"wp","href":"https:\/\/api.w.org\/{rel}","templated":true}]}}