{"id":225,"date":"2019-04-16T16:23:22","date_gmt":"2019-04-16T14:23:22","guid":{"rendered":"https:\/\/www.tourisme-valdemarne.com\/espace-pro\/contrat-de-destination"},"modified":"2021-10-26T11:47:44","modified_gmt":"2021-10-26T09:47:44","slug":"contrat-de-destination","status":"publish","type":"page","link":"https:\/\/www.tourisme-valdemarne.com\/espace-pro\/presse\/actualites-et-communiques-de-presse\/communiques-de-presse-precedents\/contrat-de-destination\/","title":{"rendered":"Contrat de destination"},"content":{"rendered":"\n<h2 class=\"wp-block-heading\">\u00ab\u00a0Destination Paris :<br>la ville augment\u00e9e\u00a0\u00bb<\/h2>\n\n\n\n<p>Jeudi 4 f\u00e9vrier 2016, au Mus\u00e9e de l\u2019histoire de l\u2019immigration, l\u2019Office du Tourisme et des Congr\u00e8s de Paris,  les Comit\u00e9s D\u00e9partementaux du  Tourisme des Hauts-de-Seine, de la  Seine-Saint-Denis et du Val-de-Marne, l\u2019IREST-Universit\u00e9 Paris 1, le Welcome City Lab, Atout France et la RATP et la Direction  G\u00e9n\u00e9rale  des  Entreprises  (minist\u00e8re de l\u2019Economie) ont  pr\u00e9sent\u00e9  aux  professionnels du  tourisme  et  \u00e0  la  presse,  le  contrat  de  destination  \u00ab Paris :  la  ville  augment\u00e9e \u00bb, sign\u00e9 au printemps pr\u00e9c\u00e9dent.<\/p>\n\n\n\n<p>L\u2019Office du Tourisme et des Congr\u00e8s de Paris, les Comit\u00e9s D\u00e9partementaux du Tourisme des Hauts-de-Seine,  de  la  Seine-Saint-Denis  et  du  Val-de-Marne,  la  RATP,  le  Welcome  City  Lab, et l\u2019IREST (Universit\u00e9 Paris I) ont d\u00e9cid\u00e9 d\u2019unir leurs forces et les nombreux atouts des  territoires  concern\u00e9s pour dynamiser la destination Paris et mieux valoriser ses dimensions humaine et urbaine au service du tourisme.<\/p>\n\n\n\n<p>Le dispositif des contrats de destination, mis en place par l\u2019Etat, constitue en cela un outil adapt\u00e9, visant la promotion de destinations d\u2019exception porteuses de valeurs et d\u2019identit\u00e9s fortes.<\/p>\n\n\n\n<p>La volont\u00e9 de cette alliance part d\u2019un constat simple : la destination Paris doit reconqu\u00e9rir  des positions sur certains de ses march\u00e9s fid\u00e8les, europ\u00e9ens notamment, offrant une image parfois trop classique ou intemporelle.  <br>Ce contrat a donc pour vocation  \u00e0 mettre en valeur une vision \u00e9largie de la destination, englobant les d\u00e9partements limitrophes de Paris, mais \u00e9galement plus insolite, avant-gardiste et cr\u00e9ative.<\/p>\n\n\n\n<p>5  th\u00e8mes  ont  \u00e9t\u00e9  identifi\u00e9s  comme autant d\u2019atouts et de pistes d\u2019actions pertinentes, pour  faire d\u00e9couvrir l\u2019offre pl\u00e9thorique de la destination : la nuit et la f\u00eate, la nature en ville, la ville-monde ou ville cosmopolite, les arts dans la rue et l\u2019art contemporain.  <br>Autant de th\u00e9matiques pour lesquelles Paris et les d\u00e9partements  offrent une  multitude de lieux, sorties, visites, sites encore souvent m\u00e9connus des touristes. <br>Les acteurs r\u00e9unis autour du contrat de destination avec Atout France et la DGE, travailleront ainsi de concert \u00e0 dessiner le nouveau visage de cette grande destination touristique renouvel\u00e9e.<\/p>\n\n\n\n<p>Un objectif audacieux et ambitieux pour les 3 ans que durent ce contrat.<\/p>\n\n\n\n<p>Pour obtenir davantage d&rsquo;informations sur le sujet, visitez notre espace d\u00e9di\u00e9 au <a href=\"https:\/\/www.tourisme-valdemarne.com\/espace-pro\/expertises-et-projets\/contrat-de-destination-explore-paris\/\">contrat de destination \u00ab\u00a0Paris, la ville augment\u00e9e\u00a0\u00bb<\/a>.<\/p>\n","protected":false},"excerpt":{"rendered":"<p>\u00ab\u00a0Destination Paris :la ville augment\u00e9e\u00a0\u00bb Jeudi 4 f\u00e9vrier 2016, au Mus\u00e9e de l\u2019histoire de l\u2019immigration, l\u2019Office du Tourisme et des Congr\u00e8s de Paris, les Comit\u00e9s D\u00e9partementaux du Tourisme des Hauts-de-Seine, de la Seine-Saint-Denis et du Val-de-Marne, l\u2019IREST-Universit\u00e9 Paris 1, le Welcome City Lab, Atout France et la RATP et la Direction G\u00e9n\u00e9rale des Entreprises (minist\u00e8re [&hellip;]<\/p>\n","protected":false},"author":1,"featured_media":3184,"parent":2883,"menu_order":450,"comment_status":"closed","ping_status":"closed","template":"","meta":{"_relevanssi_hide_post":"","_relevanssi_hide_content":"","_relevanssi_pin_for_all":"","_relevanssi_pin_keywords":"","_relevanssi_unpin_keywords":"","_relevanssi_related_keywords":"","_relevanssi_related_include_ids":"","_relevanssi_related_exclude_ids":"","_relevanssi_related_no_append":"","_relevanssi_related_not_related":"","_relevanssi_related_posts":"","_relevanssi_noindex_reason":"","footnotes":""},"vdmTagMarketing":[],"class_list":["post-225","page","type-page","status-publish","has-post-thumbnail","hentry"],"acf":[],"yoast_head":"<!-- This site is optimized with the Yoast SEO plugin v23.9 - https:\/\/yoast.com\/wordpress\/plugins\/seo\/ -->\n<title>Contrat de destination - Espace Pro<\/title>\n<meta name=\"robots\" content=\"index, follow, max-snippet:-1, max-image-preview:large, max-video-preview:-1\" \/>\n<link rel=\"canonical\" href=\"https:\/\/www.tourisme-valdemarne.com\/espace-pro\/presse\/actualites-et-communiques-de-presse\/communiques-de-presse-precedents\/contrat-de-destination\/\" \/>\n<meta property=\"og:locale\" content=\"fr_FR\" \/>\n<meta property=\"og:type\" content=\"article\" \/>\n<meta property=\"og:title\" content=\"Contrat de destination - Espace Pro\" \/>\n<meta property=\"og:description\" content=\"\u00ab\u00a0Destination Paris :la ville augment\u00e9e\u00a0\u00bb Jeudi 4 f\u00e9vrier 2016, au Mus\u00e9e de l\u2019histoire de l\u2019immigration, l\u2019Office du Tourisme et des Congr\u00e8s de Paris, les Comit\u00e9s D\u00e9partementaux du Tourisme des Hauts-de-Seine, de la Seine-Saint-Denis et du Val-de-Marne, l\u2019IREST-Universit\u00e9 Paris 1, le Welcome City Lab, Atout France et la RATP et la Direction G\u00e9n\u00e9rale des Entreprises (minist\u00e8re [&hellip;]\" \/>\n<meta property=\"og:url\" content=\"https:\/\/www.tourisme-valdemarne.com\/espace-pro\/presse\/actualites-et-communiques-de-presse\/communiques-de-presse-precedents\/contrat-de-destination\/\" \/>\n<meta property=\"og:site_name\" content=\"Espace Pro\" \/>\n<meta property=\"article:modified_time\" content=\"2021-10-26T09:47:44+00:00\" \/>\n<meta property=\"og:image\" content=\"https:\/\/www.tourisme-valdemarne.com\/espace-pro\/wp-content\/uploads\/sites\/3\/2019\/06\/conference-contrat-destination-ville-augmentee.jpg\" \/>\n\t<meta property=\"og:image:width\" content=\"1600\" \/>\n\t<meta property=\"og:image:height\" content=\"1067\" \/>\n\t<meta property=\"og:image:type\" content=\"image\/jpeg\" \/>\n<meta name=\"twitter:card\" content=\"summary_large_image\" \/>\n<meta name=\"twitter:label1\" content=\"Dur\u00e9e de lecture estim\u00e9e\" \/>\n\t<meta name=\"twitter:data1\" content=\"2 minutes\" \/>\n<script type=\"application\/ld+json\" class=\"yoast-schema-graph\">{\"@context\":\"https:\/\/schema.org\",\"@graph\":[{\"@type\":\"WebPage\",\"@id\":\"https:\/\/www.tourisme-valdemarne.com\/espace-pro\/presse\/actualites-et-communiques-de-presse\/communiques-de-presse-precedents\/contrat-de-destination\/\",\"url\":\"https:\/\/www.tourisme-valdemarne.com\/espace-pro\/presse\/actualites-et-communiques-de-presse\/communiques-de-presse-precedents\/contrat-de-destination\/\",\"name\":\"Contrat de destination - Espace Pro\",\"isPartOf\":{\"@id\":\"https:\/\/www.tourisme-valdemarne.com\/espace-pro\/#website\"},\"primaryImageOfPage\":{\"@id\":\"https:\/\/www.tourisme-valdemarne.com\/espace-pro\/presse\/actualites-et-communiques-de-presse\/communiques-de-presse-precedents\/contrat-de-destination\/#primaryimage\"},\"image\":{\"@id\":\"https:\/\/www.tourisme-valdemarne.com\/espace-pro\/presse\/actualites-et-communiques-de-presse\/communiques-de-presse-precedents\/contrat-de-destination\/#primaryimage\"},\"thumbnailUrl\":\"https:\/\/www.tourisme-valdemarne.com\/espace-pro\/wp-content\/uploads\/sites\/3\/2019\/06\/conference-contrat-destination-ville-augmentee.jpg\",\"datePublished\":\"2019-04-16T14:23:22+00:00\",\"dateModified\":\"2021-10-26T09:47:44+00:00\",\"breadcrumb\":{\"@id\":\"https:\/\/www.tourisme-valdemarne.com\/espace-pro\/presse\/actualites-et-communiques-de-presse\/communiques-de-presse-precedents\/contrat-de-destination\/#breadcrumb\"},\"inLanguage\":\"fr-FR\",\"potentialAction\":[{\"@type\":\"ReadAction\",\"target\":[\"https:\/\/www.tourisme-valdemarne.com\/espace-pro\/presse\/actualites-et-communiques-de-presse\/communiques-de-presse-precedents\/contrat-de-destination\/\"]}]},{\"@type\":\"ImageObject\",\"inLanguage\":\"fr-FR\",\"@id\":\"https:\/\/www.tourisme-valdemarne.com\/espace-pro\/presse\/actualites-et-communiques-de-presse\/communiques-de-presse-precedents\/contrat-de-destination\/#primaryimage\",\"url\":\"https:\/\/www.tourisme-valdemarne.com\/espace-pro\/wp-content\/uploads\/sites\/3\/2019\/06\/conference-contrat-destination-ville-augmentee.jpg\",\"contentUrl\":\"https:\/\/www.tourisme-valdemarne.com\/espace-pro\/wp-content\/uploads\/sites\/3\/2019\/06\/conference-contrat-destination-ville-augmentee.jpg\",\"width\":1600,\"height\":1067,\"caption\":\"Conference du contrat de destination \u00a9 CDT94\/N.Jestin\"},{\"@type\":\"BreadcrumbList\",\"@id\":\"https:\/\/www.tourisme-valdemarne.com\/espace-pro\/presse\/actualites-et-communiques-de-presse\/communiques-de-presse-precedents\/contrat-de-destination\/#breadcrumb\",\"itemListElement\":[{\"@type\":\"ListItem\",\"position\":1,\"name\":\"Accueil\",\"item\":\"https:\/\/www.tourisme-valdemarne.com\/espace-pro\/\"},{\"@type\":\"ListItem\",\"position\":2,\"name\":\"Presse\",\"item\":\"https:\/\/www.tourisme-valdemarne.com\/espace-pro\/presse\/\"},{\"@type\":\"ListItem\",\"position\":3,\"name\":\"Actualit\u00e9s et communiqu\u00e9s de presse\",\"item\":\"https:\/\/www.tourisme-valdemarne.com\/espace-pro\/presse\/actualites-et-communiques-de-presse\/\"},{\"@type\":\"ListItem\",\"position\":4,\"name\":\"Communiqu\u00e9s de presse pr\u00e9c\u00e9dents\",\"item\":\"https:\/\/www.tourisme-valdemarne.com\/espace-pro\/presse\/actualites-et-communiques-de-presse\/communiques-de-presse-precedents\/\"},{\"@type\":\"ListItem\",\"position\":5,\"name\":\"Contrat de destination\"}]},{\"@type\":\"WebSite\",\"@id\":\"https:\/\/www.tourisme-valdemarne.com\/espace-pro\/#website\",\"url\":\"https:\/\/www.tourisme-valdemarne.com\/espace-pro\/\",\"name\":\"Espace Pro\",\"description\":\"Informations et outils pour les professionnels et la Presse\",\"potentialAction\":[{\"@type\":\"SearchAction\",\"target\":{\"@type\":\"EntryPoint\",\"urlTemplate\":\"https:\/\/www.tourisme-valdemarne.com\/espace-pro\/?s={search_term_string}\"},\"query-input\":{\"@type\":\"PropertyValueSpecification\",\"valueRequired\":true,\"valueName\":\"search_term_string\"}}],\"inLanguage\":\"fr-FR\"}]}<\/script>\n<!-- \/ Yoast SEO plugin. -->","yoast_head_json":{"title":"Contrat de destination - Espace Pro","robots":{"index":"index","follow":"follow","max-snippet":"max-snippet:-1","max-image-preview":"max-image-preview:large","max-video-preview":"max-video-preview:-1"},"canonical":"https:\/\/www.tourisme-valdemarne.com\/espace-pro\/presse\/actualites-et-communiques-de-presse\/communiques-de-presse-precedents\/contrat-de-destination\/","og_locale":"fr_FR","og_type":"article","og_title":"Contrat de destination - Espace Pro","og_description":"\u00ab\u00a0Destination Paris :la ville augment\u00e9e\u00a0\u00bb Jeudi 4 f\u00e9vrier 2016, au Mus\u00e9e de l\u2019histoire de l\u2019immigration, l\u2019Office du Tourisme et des Congr\u00e8s de Paris, les Comit\u00e9s D\u00e9partementaux du Tourisme des Hauts-de-Seine, de la Seine-Saint-Denis et du Val-de-Marne, l\u2019IREST-Universit\u00e9 Paris 1, le Welcome City Lab, Atout France et la RATP et la Direction G\u00e9n\u00e9rale des Entreprises (minist\u00e8re [&hellip;]","og_url":"https:\/\/www.tourisme-valdemarne.com\/espace-pro\/presse\/actualites-et-communiques-de-presse\/communiques-de-presse-precedents\/contrat-de-destination\/","og_site_name":"Espace Pro","article_modified_time":"2021-10-26T09:47:44+00:00","og_image":[{"width":1600,"height":1067,"url":"https:\/\/www.tourisme-valdemarne.com\/espace-pro\/wp-content\/uploads\/sites\/3\/2019\/06\/conference-contrat-destination-ville-augmentee.jpg","type":"image\/jpeg"}],"twitter_card":"summary_large_image","twitter_misc":{"Dur\u00e9e de lecture estim\u00e9e":"2 minutes"},"schema":{"@context":"https:\/\/schema.org","@graph":[{"@type":"WebPage","@id":"https:\/\/www.tourisme-valdemarne.com\/espace-pro\/presse\/actualites-et-communiques-de-presse\/communiques-de-presse-precedents\/contrat-de-destination\/","url":"https:\/\/www.tourisme-valdemarne.com\/espace-pro\/presse\/actualites-et-communiques-de-presse\/communiques-de-presse-precedents\/contrat-de-destination\/","name":"Contrat de destination - Espace Pro","isPartOf":{"@id":"https:\/\/www.tourisme-valdemarne.com\/espace-pro\/#website"},"primaryImageOfPage":{"@id":"https:\/\/www.tourisme-valdemarne.com\/espace-pro\/presse\/actualites-et-communiques-de-presse\/communiques-de-presse-precedents\/contrat-de-destination\/#primaryimage"},"image":{"@id":"https:\/\/www.tourisme-valdemarne.com\/espace-pro\/presse\/actualites-et-communiques-de-presse\/communiques-de-presse-precedents\/contrat-de-destination\/#primaryimage"},"thumbnailUrl":"https:\/\/www.tourisme-valdemarne.com\/espace-pro\/wp-content\/uploads\/sites\/3\/2019\/06\/conference-contrat-destination-ville-augmentee.jpg","datePublished":"2019-04-16T14:23:22+00:00","dateModified":"2021-10-26T09:47:44+00:00","breadcrumb":{"@id":"https:\/\/www.tourisme-valdemarne.com\/espace-pro\/presse\/actualites-et-communiques-de-presse\/communiques-de-presse-precedents\/contrat-de-destination\/#breadcrumb"},"inLanguage":"fr-FR","potentialAction":[{"@type":"ReadAction","target":["https:\/\/www.tourisme-valdemarne.com\/espace-pro\/presse\/actualites-et-communiques-de-presse\/communiques-de-presse-precedents\/contrat-de-destination\/"]}]},{"@type":"ImageObject","inLanguage":"fr-FR","@id":"https:\/\/www.tourisme-valdemarne.com\/espace-pro\/presse\/actualites-et-communiques-de-presse\/communiques-de-presse-precedents\/contrat-de-destination\/#primaryimage","url":"https:\/\/www.tourisme-valdemarne.com\/espace-pro\/wp-content\/uploads\/sites\/3\/2019\/06\/conference-contrat-destination-ville-augmentee.jpg","contentUrl":"https:\/\/www.tourisme-valdemarne.com\/espace-pro\/wp-content\/uploads\/sites\/3\/2019\/06\/conference-contrat-destination-ville-augmentee.jpg","width":1600,"height":1067,"caption":"Conference du contrat de destination \u00a9 CDT94\/N.Jestin"},{"@type":"BreadcrumbList","@id":"https:\/\/www.tourisme-valdemarne.com\/espace-pro\/presse\/actualites-et-communiques-de-presse\/communiques-de-presse-precedents\/contrat-de-destination\/#breadcrumb","itemListElement":[{"@type":"ListItem","position":1,"name":"Accueil","item":"https:\/\/www.tourisme-valdemarne.com\/espace-pro\/"},{"@type":"ListItem","position":2,"name":"Presse","item":"https:\/\/www.tourisme-valdemarne.com\/espace-pro\/presse\/"},{"@type":"ListItem","position":3,"name":"Actualit\u00e9s et communiqu\u00e9s de presse","item":"https:\/\/www.tourisme-valdemarne.com\/espace-pro\/presse\/actualites-et-communiques-de-presse\/"},{"@type":"ListItem","position":4,"name":"Communiqu\u00e9s de presse pr\u00e9c\u00e9dents","item":"https:\/\/www.tourisme-valdemarne.com\/espace-pro\/presse\/actualites-et-communiques-de-presse\/communiques-de-presse-precedents\/"},{"@type":"ListItem","position":5,"name":"Contrat de destination"}]},{"@type":"WebSite","@id":"https:\/\/www.tourisme-valdemarne.com\/espace-pro\/#website","url":"https:\/\/www.tourisme-valdemarne.com\/espace-pro\/","name":"Espace Pro","description":"Informations et outils pour les professionnels et la Presse","potentialAction":[{"@type":"SearchAction","target":{"@type":"EntryPoint","urlTemplate":"https:\/\/www.tourisme-valdemarne.com\/espace-pro\/?s={search_term_string}"},"query-input":{"@type":"PropertyValueSpecification","valueRequired":true,"valueName":"search_term_string"}}],"inLanguage":"fr-FR"}]}},"_links":{"self":[{"href":"https:\/\/www.tourisme-valdemarne.com\/espace-pro\/wp-json\/wp\/v2\/pages\/225","targetHints":{"allow":["GET"]}}],"collection":[{"href":"https:\/\/www.tourisme-valdemarne.com\/espace-pro\/wp-json\/wp\/v2\/pages"}],"about":[{"href":"https:\/\/www.tourisme-valdemarne.com\/espace-pro\/wp-json\/wp\/v2\/types\/page"}],"author":[{"embeddable":true,"href":"https:\/\/www.tourisme-valdemarne.com\/espace-pro\/wp-json\/wp\/v2\/users\/1"}],"replies":[{"embeddable":true,"href":"https:\/\/www.tourisme-valdemarne.com\/espace-pro\/wp-json\/wp\/v2\/comments?post=225"}],"version-history":[{"count":6,"href":"https:\/\/www.tourisme-valdemarne.com\/espace-pro\/wp-json\/wp\/v2\/pages\/225\/revisions"}],"predecessor-version":[{"id":3185,"href":"https:\/\/www.tourisme-valdemarne.com\/espace-pro\/wp-json\/wp\/v2\/pages\/225\/revisions\/3185"}],"up":[{"embeddable":true,"href":"https:\/\/www.tourisme-valdemarne.com\/espace-pro\/wp-json\/wp\/v2\/pages\/2883"}],"wp:featuredmedia":[{"embeddable":true,"href":"https:\/\/www.tourisme-valdemarne.com\/espace-pro\/wp-json\/wp\/v2\/media\/3184"}],"wp:attachment":[{"href":"https:\/\/www.tourisme-valdemarne.com\/espace-pro\/wp-json\/wp\/v2\/media?parent=225"}],"wp:term":[{"taxonomy":"vdmTagMarketing","embeddable":true,"href":"https:\/\/www.tourisme-valdemarne.com\/espace-pro\/wp-json\/wp\/v2\/vdmTagMarketing?post=225"}],"curies":[{"name":"wp","href":"https:\/\/api.w.org\/{rel}","templated":true}]}}