{"id":223,"date":"2019-04-16T16:23:04","date_gmt":"2019-04-16T14:23:04","guid":{"rendered":"https:\/\/www.tourisme-valdemarne.com\/espace-pro\/tout-un-programme-de-balades-et-de-visites-insolites-a-decouvrir-dans-le-val-de-marne"},"modified":"2024-01-26T09:43:40","modified_gmt":"2024-01-26T08:43:40","slug":"tout-un-programme-de-balades-et-de-visites-insolites-a-decouvrir-dans-le-val-de-marne","status":"publish","type":"page","link":"https:\/\/www.tourisme-valdemarne.com\/espace-pro\/presse\/actualites-et-communiques-de-presse\/communiques-de-presse-precedents\/tout-un-programme-de-balades-et-de-visites-insolites-a-decouvrir-dans-le-val-de-marne\/","title":{"rendered":"Tout un programme de balades et de visites insolites \u00e0 d\u00e9couvrir dans le Val-de-Marne"},"content":{"rendered":"\n<p class=\"is-style-excerpt\"><strong>COMMUNIQUE DE PRESSE<\/strong><\/p>\n\n\n\n<h2 class=\"wp-block-heading\">Pour porter un nouveau regard sur le Val-de-Marne<\/h2>\n\n\n\n<p>Balades urbaines, d\u00e9couvertes d\u2019entreprises, croisi\u00e8res, rencontres avec des artistes et des artisans, immersion dans l\u2019art contemporain, ateliers pour enfants, Val-de-Marne Tourisme &amp; Loisirs propose toute l\u2019ann\u00e9e une s\u00e9lection de balades in\u00e9dites, de visites insolites et de rencontres uniques avec des passionn\u00e9s.<br>Ensemble du programme et r\u00e9servation en ligne sur <a rel=\"noreferrer noopener\" aria-label=\"ExploreParis.com (s\u2019ouvre dans un nouvel onglet)\" href=\"https:\/\/exploreparis.com\/fr\/\" target=\"_blank\">ExploreParis.com<\/a><\/p>\n\n\n\n<p>Val-de-Marne Tourisme &amp; Loisirs d\u00e9veloppe toute une gamme de visites, balades et ateliers en partenariats avec les professionnels val-de-marnais et au-del\u00e0. Il propose :<\/p>\n\n\n\n<ul class=\"wp-block-list\"><li>des visites accessibles \u00e0 tous dont certaines sont gratuites<\/li><li>des tarifs pr\u00e9f\u00e9rentiels pour des grands sites de visite comme pour le MIN de Rungis<\/li><li>des produits exclusifs tels que les balades street art ou certaines visites d\u2019entreprises<\/li><li>des r\u00e9servations pour des grands \u00e9v\u00e8nements (festivals, salons, manifestations nationales, etc.) tels que Mur\/Murs, le salon #Bon, les visites pendant les Journ\u00e9es du patrimoine, pendant la f\u00eate de la gastronomie, etc.<\/li><li>des visites et balades tr\u00e8s diversifi\u00e9es pour tous les go\u00fbts<\/li><\/ul>\n\n\n\n<p><strong>Quelques exemples de visites :<\/strong><br>Entreprises : croisi\u00e8re dans le port de Bonneuil, visite du March\u00e9 de Rungis, du centre de tri de La Poste, du patrimoine roulant de la RATP, rencontre avec les artisans d\u2019art\u2026<br>Balades urbaines : autour du street art, balade architecturale sur les bords de Marne, au c\u0153ur de la culture asiatique\u2026<br>Art et culture : visite du Mus\u00e9e Fragonard, du Ch\u00e2teau de Grosbois, de la cath\u00e9drale de Cr\u00e9teil, de la Briqueterie, rencontre avec des artistes \u00e0 la Maison Doisneau\u2026 <br>Eau et nature : croisi\u00e8res, visites sur l&rsquo;agriculture urbaine, d&rsquo;un \u00e9levage d&rsquo;\u00e2nesses, activit\u00e9s nautiques en \u00e9t\u00e9\u2026<br>Gastronomie : visites d&rsquo;une p\u00e2tisserie, d&rsquo;une chocolaterie, d\u00e9gustations de vins\u2026<\/p>\n","protected":false},"excerpt":{"rendered":"<p>COMMUNIQUE DE PRESSE Pour porter un nouveau regard sur le Val-de-Marne Balades urbaines, d\u00e9couvertes d\u2019entreprises, croisi\u00e8res, rencontres avec des artistes et des artisans, immersion dans l\u2019art contemporain, ateliers pour enfants, Val-de-Marne Tourisme &amp; Loisirs propose toute l\u2019ann\u00e9e une s\u00e9lection de balades in\u00e9dites, de visites insolites et de rencontres uniques avec des passionn\u00e9s.Ensemble du programme et [&hellip;]<\/p>\n","protected":false},"author":1,"featured_media":2903,"parent":2883,"menu_order":440,"comment_status":"closed","ping_status":"closed","template":"","meta":{"_relevanssi_hide_post":"","_relevanssi_hide_content":"","_relevanssi_pin_for_all":"","_relevanssi_pin_keywords":"","_relevanssi_unpin_keywords":"","_relevanssi_related_keywords":"","_relevanssi_related_include_ids":"","_relevanssi_related_exclude_ids":"","_relevanssi_related_no_append":"","_relevanssi_related_not_related":"","_relevanssi_related_posts":"444,2749,2747,8084,442,2751","_relevanssi_noindex_reason":"","footnotes":""},"vdmTagMarketing":[],"class_list":["post-223","page","type-page","status-publish","has-post-thumbnail","hentry"],"acf":[],"yoast_head":"<!-- This site is optimized with the Yoast SEO plugin v23.9 - https:\/\/yoast.com\/wordpress\/plugins\/seo\/ -->\n<title>Toutes les balades et visites insolites en Val-de-Marne<\/title>\n<meta name=\"description\" content=\"Val-de-Marne Tourisme &amp; Loisirs propose toute l\u2019ann\u00e9e une s\u00e9lection de balades in\u00e9dites, de visites insolites et de rencontres uniques.\" \/>\n<meta name=\"robots\" content=\"index, follow, max-snippet:-1, max-image-preview:large, max-video-preview:-1\" \/>\n<link rel=\"canonical\" href=\"https:\/\/www.tourisme-valdemarne.com\/espace-pro\/presse\/actualites-et-communiques-de-presse\/communiques-de-presse-precedents\/tout-un-programme-de-balades-et-de-visites-insolites-a-decouvrir-dans-le-val-de-marne\/\" \/>\n<meta property=\"og:locale\" content=\"fr_FR\" \/>\n<meta property=\"og:type\" content=\"article\" \/>\n<meta property=\"og:title\" content=\"Toutes les balades et visites insolites en Val-de-Marne\" \/>\n<meta property=\"og:description\" content=\"Val-de-Marne Tourisme &amp; Loisirs propose toute l\u2019ann\u00e9e une s\u00e9lection de balades in\u00e9dites, de visites insolites et de rencontres uniques.\" \/>\n<meta property=\"og:url\" content=\"https:\/\/www.tourisme-valdemarne.com\/espace-pro\/presse\/actualites-et-communiques-de-presse\/communiques-de-presse-precedents\/tout-un-programme-de-balades-et-de-visites-insolites-a-decouvrir-dans-le-val-de-marne\/\" \/>\n<meta property=\"og:site_name\" content=\"Espace Pro\" \/>\n<meta property=\"article:modified_time\" content=\"2024-01-26T08:43:40+00:00\" \/>\n<meta property=\"og:image\" content=\"https:\/\/www.tourisme-valdemarne.com\/espace-pro\/wp-content\/uploads\/sites\/3\/2019\/05\/street-art_cp_jp.trigla.jpg\" \/>\n\t<meta property=\"og:image:width\" content=\"1600\" \/>\n\t<meta property=\"og:image:height\" content=\"900\" \/>\n\t<meta property=\"og:image:type\" content=\"image\/jpeg\" \/>\n<meta name=\"twitter:card\" content=\"summary_large_image\" \/>\n<meta name=\"twitter:label1\" content=\"Dur\u00e9e de lecture estim\u00e9e\" \/>\n\t<meta name=\"twitter:data1\" content=\"2 minutes\" \/>\n<script type=\"application\/ld+json\" class=\"yoast-schema-graph\">{\"@context\":\"https:\/\/schema.org\",\"@graph\":[{\"@type\":\"WebPage\",\"@id\":\"https:\/\/www.tourisme-valdemarne.com\/espace-pro\/presse\/actualites-et-communiques-de-presse\/communiques-de-presse-precedents\/tout-un-programme-de-balades-et-de-visites-insolites-a-decouvrir-dans-le-val-de-marne\/\",\"url\":\"https:\/\/www.tourisme-valdemarne.com\/espace-pro\/presse\/actualites-et-communiques-de-presse\/communiques-de-presse-precedents\/tout-un-programme-de-balades-et-de-visites-insolites-a-decouvrir-dans-le-val-de-marne\/\",\"name\":\"Toutes les balades et visites insolites en Val-de-Marne\",\"isPartOf\":{\"@id\":\"https:\/\/www.tourisme-valdemarne.com\/espace-pro\/#website\"},\"primaryImageOfPage\":{\"@id\":\"https:\/\/www.tourisme-valdemarne.com\/espace-pro\/presse\/actualites-et-communiques-de-presse\/communiques-de-presse-precedents\/tout-un-programme-de-balades-et-de-visites-insolites-a-decouvrir-dans-le-val-de-marne\/#primaryimage\"},\"image\":{\"@id\":\"https:\/\/www.tourisme-valdemarne.com\/espace-pro\/presse\/actualites-et-communiques-de-presse\/communiques-de-presse-precedents\/tout-un-programme-de-balades-et-de-visites-insolites-a-decouvrir-dans-le-val-de-marne\/#primaryimage\"},\"thumbnailUrl\":\"https:\/\/www.tourisme-valdemarne.com\/espace-pro\/wp-content\/uploads\/sites\/3\/2019\/05\/street-art_cp_jp.trigla.jpg\",\"datePublished\":\"2019-04-16T14:23:04+00:00\",\"dateModified\":\"2024-01-26T08:43:40+00:00\",\"description\":\"Val-de-Marne Tourisme & Loisirs propose toute l\u2019ann\u00e9e une s\u00e9lection de balades in\u00e9dites, de visites insolites et de rencontres uniques.\",\"breadcrumb\":{\"@id\":\"https:\/\/www.tourisme-valdemarne.com\/espace-pro\/presse\/actualites-et-communiques-de-presse\/communiques-de-presse-precedents\/tout-un-programme-de-balades-et-de-visites-insolites-a-decouvrir-dans-le-val-de-marne\/#breadcrumb\"},\"inLanguage\":\"fr-FR\",\"potentialAction\":[{\"@type\":\"ReadAction\",\"target\":[\"https:\/\/www.tourisme-valdemarne.com\/espace-pro\/presse\/actualites-et-communiques-de-presse\/communiques-de-presse-precedents\/tout-un-programme-de-balades-et-de-visites-insolites-a-decouvrir-dans-le-val-de-marne\/\"]}]},{\"@type\":\"ImageObject\",\"inLanguage\":\"fr-FR\",\"@id\":\"https:\/\/www.tourisme-valdemarne.com\/espace-pro\/presse\/actualites-et-communiques-de-presse\/communiques-de-presse-precedents\/tout-un-programme-de-balades-et-de-visites-insolites-a-decouvrir-dans-le-val-de-marne\/#primaryimage\",\"url\":\"https:\/\/www.tourisme-valdemarne.com\/espace-pro\/wp-content\/uploads\/sites\/3\/2019\/05\/street-art_cp_jp.trigla.jpg\",\"contentUrl\":\"https:\/\/www.tourisme-valdemarne.com\/espace-pro\/wp-content\/uploads\/sites\/3\/2019\/05\/street-art_cp_jp.trigla.jpg\",\"width\":1600,\"height\":900,\"caption\":\"Street art \u00e0 Vitry\"},{\"@type\":\"BreadcrumbList\",\"@id\":\"https:\/\/www.tourisme-valdemarne.com\/espace-pro\/presse\/actualites-et-communiques-de-presse\/communiques-de-presse-precedents\/tout-un-programme-de-balades-et-de-visites-insolites-a-decouvrir-dans-le-val-de-marne\/#breadcrumb\",\"itemListElement\":[{\"@type\":\"ListItem\",\"position\":1,\"name\":\"Accueil\",\"item\":\"https:\/\/www.tourisme-valdemarne.com\/espace-pro\/\"},{\"@type\":\"ListItem\",\"position\":2,\"name\":\"Presse\",\"item\":\"https:\/\/www.tourisme-valdemarne.com\/espace-pro\/presse\/\"},{\"@type\":\"ListItem\",\"position\":3,\"name\":\"Actualit\u00e9s et communiqu\u00e9s de presse\",\"item\":\"https:\/\/www.tourisme-valdemarne.com\/espace-pro\/presse\/actualites-et-communiques-de-presse\/\"},{\"@type\":\"ListItem\",\"position\":4,\"name\":\"Communiqu\u00e9s de presse pr\u00e9c\u00e9dents\",\"item\":\"https:\/\/www.tourisme-valdemarne.com\/espace-pro\/presse\/actualites-et-communiques-de-presse\/communiques-de-presse-precedents\/\"},{\"@type\":\"ListItem\",\"position\":5,\"name\":\"Tout un programme de balades et de visites insolites \u00e0 d\u00e9couvrir dans le Val-de-Marne\"}]},{\"@type\":\"WebSite\",\"@id\":\"https:\/\/www.tourisme-valdemarne.com\/espace-pro\/#website\",\"url\":\"https:\/\/www.tourisme-valdemarne.com\/espace-pro\/\",\"name\":\"Espace Pro\",\"description\":\"Informations et outils pour les professionnels et la Presse\",\"potentialAction\":[{\"@type\":\"SearchAction\",\"target\":{\"@type\":\"EntryPoint\",\"urlTemplate\":\"https:\/\/www.tourisme-valdemarne.com\/espace-pro\/?s={search_term_string}\"},\"query-input\":{\"@type\":\"PropertyValueSpecification\",\"valueRequired\":true,\"valueName\":\"search_term_string\"}}],\"inLanguage\":\"fr-FR\"}]}<\/script>\n<!-- \/ Yoast SEO plugin. -->","yoast_head_json":{"title":"Toutes les balades et visites insolites en Val-de-Marne","description":"Val-de-Marne Tourisme & Loisirs propose toute l\u2019ann\u00e9e une s\u00e9lection de balades in\u00e9dites, de visites insolites et de rencontres uniques.","robots":{"index":"index","follow":"follow","max-snippet":"max-snippet:-1","max-image-preview":"max-image-preview:large","max-video-preview":"max-video-preview:-1"},"canonical":"https:\/\/www.tourisme-valdemarne.com\/espace-pro\/presse\/actualites-et-communiques-de-presse\/communiques-de-presse-precedents\/tout-un-programme-de-balades-et-de-visites-insolites-a-decouvrir-dans-le-val-de-marne\/","og_locale":"fr_FR","og_type":"article","og_title":"Toutes les balades et visites insolites en Val-de-Marne","og_description":"Val-de-Marne Tourisme & Loisirs propose toute l\u2019ann\u00e9e une s\u00e9lection de balades in\u00e9dites, de visites insolites et de rencontres uniques.","og_url":"https:\/\/www.tourisme-valdemarne.com\/espace-pro\/presse\/actualites-et-communiques-de-presse\/communiques-de-presse-precedents\/tout-un-programme-de-balades-et-de-visites-insolites-a-decouvrir-dans-le-val-de-marne\/","og_site_name":"Espace Pro","article_modified_time":"2024-01-26T08:43:40+00:00","og_image":[{"width":1600,"height":900,"url":"https:\/\/www.tourisme-valdemarne.com\/espace-pro\/wp-content\/uploads\/sites\/3\/2019\/05\/street-art_cp_jp.trigla.jpg","type":"image\/jpeg"}],"twitter_card":"summary_large_image","twitter_misc":{"Dur\u00e9e de lecture estim\u00e9e":"2 minutes"},"schema":{"@context":"https:\/\/schema.org","@graph":[{"@type":"WebPage","@id":"https:\/\/www.tourisme-valdemarne.com\/espace-pro\/presse\/actualites-et-communiques-de-presse\/communiques-de-presse-precedents\/tout-un-programme-de-balades-et-de-visites-insolites-a-decouvrir-dans-le-val-de-marne\/","url":"https:\/\/www.tourisme-valdemarne.com\/espace-pro\/presse\/actualites-et-communiques-de-presse\/communiques-de-presse-precedents\/tout-un-programme-de-balades-et-de-visites-insolites-a-decouvrir-dans-le-val-de-marne\/","name":"Toutes les balades et visites insolites en Val-de-Marne","isPartOf":{"@id":"https:\/\/www.tourisme-valdemarne.com\/espace-pro\/#website"},"primaryImageOfPage":{"@id":"https:\/\/www.tourisme-valdemarne.com\/espace-pro\/presse\/actualites-et-communiques-de-presse\/communiques-de-presse-precedents\/tout-un-programme-de-balades-et-de-visites-insolites-a-decouvrir-dans-le-val-de-marne\/#primaryimage"},"image":{"@id":"https:\/\/www.tourisme-valdemarne.com\/espace-pro\/presse\/actualites-et-communiques-de-presse\/communiques-de-presse-precedents\/tout-un-programme-de-balades-et-de-visites-insolites-a-decouvrir-dans-le-val-de-marne\/#primaryimage"},"thumbnailUrl":"https:\/\/www.tourisme-valdemarne.com\/espace-pro\/wp-content\/uploads\/sites\/3\/2019\/05\/street-art_cp_jp.trigla.jpg","datePublished":"2019-04-16T14:23:04+00:00","dateModified":"2024-01-26T08:43:40+00:00","description":"Val-de-Marne Tourisme & Loisirs propose toute l\u2019ann\u00e9e une s\u00e9lection de balades in\u00e9dites, de visites insolites et de rencontres uniques.","breadcrumb":{"@id":"https:\/\/www.tourisme-valdemarne.com\/espace-pro\/presse\/actualites-et-communiques-de-presse\/communiques-de-presse-precedents\/tout-un-programme-de-balades-et-de-visites-insolites-a-decouvrir-dans-le-val-de-marne\/#breadcrumb"},"inLanguage":"fr-FR","potentialAction":[{"@type":"ReadAction","target":["https:\/\/www.tourisme-valdemarne.com\/espace-pro\/presse\/actualites-et-communiques-de-presse\/communiques-de-presse-precedents\/tout-un-programme-de-balades-et-de-visites-insolites-a-decouvrir-dans-le-val-de-marne\/"]}]},{"@type":"ImageObject","inLanguage":"fr-FR","@id":"https:\/\/www.tourisme-valdemarne.com\/espace-pro\/presse\/actualites-et-communiques-de-presse\/communiques-de-presse-precedents\/tout-un-programme-de-balades-et-de-visites-insolites-a-decouvrir-dans-le-val-de-marne\/#primaryimage","url":"https:\/\/www.tourisme-valdemarne.com\/espace-pro\/wp-content\/uploads\/sites\/3\/2019\/05\/street-art_cp_jp.trigla.jpg","contentUrl":"https:\/\/www.tourisme-valdemarne.com\/espace-pro\/wp-content\/uploads\/sites\/3\/2019\/05\/street-art_cp_jp.trigla.jpg","width":1600,"height":900,"caption":"Street art \u00e0 Vitry"},{"@type":"BreadcrumbList","@id":"https:\/\/www.tourisme-valdemarne.com\/espace-pro\/presse\/actualites-et-communiques-de-presse\/communiques-de-presse-precedents\/tout-un-programme-de-balades-et-de-visites-insolites-a-decouvrir-dans-le-val-de-marne\/#breadcrumb","itemListElement":[{"@type":"ListItem","position":1,"name":"Accueil","item":"https:\/\/www.tourisme-valdemarne.com\/espace-pro\/"},{"@type":"ListItem","position":2,"name":"Presse","item":"https:\/\/www.tourisme-valdemarne.com\/espace-pro\/presse\/"},{"@type":"ListItem","position":3,"name":"Actualit\u00e9s et communiqu\u00e9s de presse","item":"https:\/\/www.tourisme-valdemarne.com\/espace-pro\/presse\/actualites-et-communiques-de-presse\/"},{"@type":"ListItem","position":4,"name":"Communiqu\u00e9s de presse pr\u00e9c\u00e9dents","item":"https:\/\/www.tourisme-valdemarne.com\/espace-pro\/presse\/actualites-et-communiques-de-presse\/communiques-de-presse-precedents\/"},{"@type":"ListItem","position":5,"name":"Tout un programme de balades et de visites insolites \u00e0 d\u00e9couvrir dans le Val-de-Marne"}]},{"@type":"WebSite","@id":"https:\/\/www.tourisme-valdemarne.com\/espace-pro\/#website","url":"https:\/\/www.tourisme-valdemarne.com\/espace-pro\/","name":"Espace Pro","description":"Informations et outils pour les professionnels et la Presse","potentialAction":[{"@type":"SearchAction","target":{"@type":"EntryPoint","urlTemplate":"https:\/\/www.tourisme-valdemarne.com\/espace-pro\/?s={search_term_string}"},"query-input":{"@type":"PropertyValueSpecification","valueRequired":true,"valueName":"search_term_string"}}],"inLanguage":"fr-FR"}]}},"_links":{"self":[{"href":"https:\/\/www.tourisme-valdemarne.com\/espace-pro\/wp-json\/wp\/v2\/pages\/223","targetHints":{"allow":["GET"]}}],"collection":[{"href":"https:\/\/www.tourisme-valdemarne.com\/espace-pro\/wp-json\/wp\/v2\/pages"}],"about":[{"href":"https:\/\/www.tourisme-valdemarne.com\/espace-pro\/wp-json\/wp\/v2\/types\/page"}],"author":[{"embeddable":true,"href":"https:\/\/www.tourisme-valdemarne.com\/espace-pro\/wp-json\/wp\/v2\/users\/1"}],"replies":[{"embeddable":true,"href":"https:\/\/www.tourisme-valdemarne.com\/espace-pro\/wp-json\/wp\/v2\/comments?post=223"}],"version-history":[{"count":4,"href":"https:\/\/www.tourisme-valdemarne.com\/espace-pro\/wp-json\/wp\/v2\/pages\/223\/revisions"}],"predecessor-version":[{"id":16853,"href":"https:\/\/www.tourisme-valdemarne.com\/espace-pro\/wp-json\/wp\/v2\/pages\/223\/revisions\/16853"}],"up":[{"embeddable":true,"href":"https:\/\/www.tourisme-valdemarne.com\/espace-pro\/wp-json\/wp\/v2\/pages\/2883"}],"wp:featuredmedia":[{"embeddable":true,"href":"https:\/\/www.tourisme-valdemarne.com\/espace-pro\/wp-json\/wp\/v2\/media\/2903"}],"wp:attachment":[{"href":"https:\/\/www.tourisme-valdemarne.com\/espace-pro\/wp-json\/wp\/v2\/media?parent=223"}],"wp:term":[{"taxonomy":"vdmTagMarketing","embeddable":true,"href":"https:\/\/www.tourisme-valdemarne.com\/espace-pro\/wp-json\/wp\/v2\/vdmTagMarketing?post=223"}],"curies":[{"name":"wp","href":"https:\/\/api.w.org\/{rel}","templated":true}]}}