{"id":219,"date":"2019-04-16T16:22:30","date_gmt":"2019-04-16T14:22:30","guid":{"rendered":"https:\/\/www.tourisme-valdemarne.com\/espace-pro\/un-blog-sur-les-loisirs-en-vdm"},"modified":"2021-10-26T11:48:00","modified_gmt":"2021-10-26T09:48:00","slug":"un-blog-sur-les-loisirs-en-vdm","status":"publish","type":"page","link":"https:\/\/www.tourisme-valdemarne.com\/espace-pro\/presse\/actualites-et-communiques-de-presse\/communiques-de-presse-precedents\/un-blog-sur-les-loisirs-en-vdm\/","title":{"rendered":"Un blog sur les loisirs en VDM"},"content":{"rendered":"\n<p class=\"is-style-excerpt\"><strong>COMMUNIQUE DE PRESSE<\/strong><\/p>\n\n\n\n<h2 class=\"wp-block-heading\">Un blog sur les loisirs en Val-de-Marne pr\u00e8s de Paris<\/h2>\n\n\n\n<p>Val-de-Marne Tourisme &amp; Loisirs lance son blog pour toujours plus d\u2019id\u00e9es de sorties et de bons plans \u00e0 tester sur <a href=\"https:\/\/www.tourisme-valdemarne.com\/blog\/\" target=\"_blank\" rel=\"noreferrer noopener\" aria-label=\"www.tourisme-valdemarne.com\/blog (s\u2019ouvre dans un nouvel onglet)\">www.tourisme-valdemarne.com\/blog<\/a><\/p>\n\n\n\n<p>Tests de visites insolites, partages d\u2019exp\u00e9riences sur des activit\u00e9s, lieux confidentiels, savoir-faire et produits val-de-marnais, bons plans et actualit\u00e9s\u2026 voici quelques-unes des promesses de ce tout nouveau blog.<\/p>\n\n\n\n<p>Plusieurs cat\u00e9gories sont propos\u00e9es : id\u00e9es de sorties, le 94 en famille, le 94 gourmand, le 94 nature, on a test\u00e9 pour vous, top 5, visites et balades insolites.<\/p>\n\n\n\n<p>Compl\u00e9mentaire du site web www.tourisme-valdemarne.com, ce blog propose une autre vision du Val-de-Marne, celle v\u00e9cue et ressentie par des passionn\u00e9s du territoire.<\/p>\n\n\n\n<p>Tout au long de l\u2019ann\u00e9e, de nouveaux articles en lien avec les actualit\u00e9s et les saisons para\u00eetront afin de mettre en avant une nouvelle offre pour tous ceux souhaitant sortir des sentiers battus, \u00e9viter les files d\u2019attente et d\u00e9couvrir le Val-de-Marne autrement.<\/p>\n\n\n\n<p>Chacun pourra y piocher des id\u00e9es d\u2019activit\u00e9s ou de visites selon ses pr\u00e9f\u00e9rences.<\/p>\n\n\n\n<p>A l\u2019heure o\u00f9 le Grand Paris se dessine, ce blog r\u00e9v\u00e8le un Val-de-Marne qui bouge, fait de rencontres et de d\u00e9couvertes insolites sans cesse renouvel\u00e9es. Il tend \u00e0 inciter franciliens, visiteurs et touristes \u00e0 d\u00e9ambuler dans ce territoire au sud-est de Paris qui contribue \u00e0 changer l\u2019image de la destination parisienne par son dynamisme, sa diversit\u00e9 et sa facilit\u00e9 d\u2019acc\u00e8s.<\/p>\n\n\n\n<p><em>A propos de Val-de-Marne Tourisme &amp; Loisirs :<\/em><\/p>\n\n\n\n<p><em>Val-de-Marne Tourisme &amp; Loisirs propose toute l\u2019ann\u00e9e de nombreuses id\u00e9es de sorties sur son site web www.tourisme-valdemarne.com : balades et visites insolites en r\u00e9servation, sites incontournables, activit\u00e9s, randonn\u00e9es, agenda complet des festivals, expositions, spectacles et autres \u00e9v\u00e8nements du d\u00e9partement.<\/em><\/p>\n","protected":false},"excerpt":{"rendered":"<p>COMMUNIQUE DE PRESSE Un blog sur les loisirs en Val-de-Marne pr\u00e8s de Paris Val-de-Marne Tourisme &amp; Loisirs lance son blog pour toujours plus d\u2019id\u00e9es de sorties et de bons plans \u00e0 tester sur www.tourisme-valdemarne.com\/blog Tests de visites insolites, partages d\u2019exp\u00e9riences sur des activit\u00e9s, lieux confidentiels, savoir-faire et produits val-de-marnais, bons plans et actualit\u00e9s\u2026 voici quelques-unes [&hellip;]<\/p>\n","protected":false},"author":1,"featured_media":3167,"parent":2883,"menu_order":420,"comment_status":"closed","ping_status":"closed","template":"","meta":{"_relevanssi_hide_post":"","_relevanssi_hide_content":"","_relevanssi_pin_for_all":"","_relevanssi_pin_keywords":"","_relevanssi_unpin_keywords":"","_relevanssi_related_keywords":"","_relevanssi_related_include_ids":"","_relevanssi_related_exclude_ids":"","_relevanssi_related_no_append":"","_relevanssi_related_not_related":"","_relevanssi_related_posts":"","_relevanssi_noindex_reason":"","footnotes":""},"vdmTagMarketing":[],"class_list":["post-219","page","type-page","status-publish","has-post-thumbnail","hentry"],"acf":[],"yoast_head":"<!-- This site is optimized with the Yoast SEO plugin v23.9 - https:\/\/yoast.com\/wordpress\/plugins\/seo\/ -->\n<title>Un blog sur les loisirs en VDM - Espace Pro<\/title>\n<meta name=\"robots\" content=\"index, follow, max-snippet:-1, max-image-preview:large, max-video-preview:-1\" \/>\n<link rel=\"canonical\" href=\"https:\/\/www.tourisme-valdemarne.com\/espace-pro\/presse\/actualites-et-communiques-de-presse\/communiques-de-presse-precedents\/un-blog-sur-les-loisirs-en-vdm\/\" \/>\n<meta property=\"og:locale\" content=\"fr_FR\" \/>\n<meta property=\"og:type\" content=\"article\" \/>\n<meta property=\"og:title\" content=\"Un blog sur les loisirs en VDM - Espace Pro\" \/>\n<meta property=\"og:description\" content=\"COMMUNIQUE DE PRESSE Un blog sur les loisirs en Val-de-Marne pr\u00e8s de Paris Val-de-Marne Tourisme &amp; Loisirs lance son blog pour toujours plus d\u2019id\u00e9es de sorties et de bons plans \u00e0 tester sur www.tourisme-valdemarne.com\/blog Tests de visites insolites, partages d\u2019exp\u00e9riences sur des activit\u00e9s, lieux confidentiels, savoir-faire et produits val-de-marnais, bons plans et actualit\u00e9s\u2026 voici quelques-unes [&hellip;]\" \/>\n<meta property=\"og:url\" content=\"https:\/\/www.tourisme-valdemarne.com\/espace-pro\/presse\/actualites-et-communiques-de-presse\/communiques-de-presse-precedents\/un-blog-sur-les-loisirs-en-vdm\/\" \/>\n<meta property=\"og:site_name\" content=\"Espace Pro\" \/>\n<meta property=\"article:modified_time\" content=\"2021-10-26T09:48:00+00:00\" \/>\n<meta property=\"og:image\" content=\"https:\/\/www.tourisme-valdemarne.com\/espace-pro\/wp-content\/uploads\/sites\/3\/2019\/06\/logo-blog-val-de-marne.jpg\" \/>\n\t<meta property=\"og:image:width\" content=\"1606\" \/>\n\t<meta property=\"og:image:height\" content=\"1071\" \/>\n\t<meta property=\"og:image:type\" content=\"image\/jpeg\" \/>\n<meta name=\"twitter:card\" content=\"summary_large_image\" \/>\n<meta name=\"twitter:label1\" content=\"Dur\u00e9e de lecture estim\u00e9e\" \/>\n\t<meta name=\"twitter:data1\" content=\"2 minutes\" \/>\n<script type=\"application\/ld+json\" class=\"yoast-schema-graph\">{\"@context\":\"https:\/\/schema.org\",\"@graph\":[{\"@type\":\"WebPage\",\"@id\":\"https:\/\/www.tourisme-valdemarne.com\/espace-pro\/presse\/actualites-et-communiques-de-presse\/communiques-de-presse-precedents\/un-blog-sur-les-loisirs-en-vdm\/\",\"url\":\"https:\/\/www.tourisme-valdemarne.com\/espace-pro\/presse\/actualites-et-communiques-de-presse\/communiques-de-presse-precedents\/un-blog-sur-les-loisirs-en-vdm\/\",\"name\":\"Un blog sur les loisirs en VDM - Espace Pro\",\"isPartOf\":{\"@id\":\"https:\/\/www.tourisme-valdemarne.com\/espace-pro\/#website\"},\"primaryImageOfPage\":{\"@id\":\"https:\/\/www.tourisme-valdemarne.com\/espace-pro\/presse\/actualites-et-communiques-de-presse\/communiques-de-presse-precedents\/un-blog-sur-les-loisirs-en-vdm\/#primaryimage\"},\"image\":{\"@id\":\"https:\/\/www.tourisme-valdemarne.com\/espace-pro\/presse\/actualites-et-communiques-de-presse\/communiques-de-presse-precedents\/un-blog-sur-les-loisirs-en-vdm\/#primaryimage\"},\"thumbnailUrl\":\"https:\/\/www.tourisme-valdemarne.com\/espace-pro\/wp-content\/uploads\/sites\/3\/2019\/06\/logo-blog-val-de-marne.jpg\",\"datePublished\":\"2019-04-16T14:22:30+00:00\",\"dateModified\":\"2021-10-26T09:48:00+00:00\",\"breadcrumb\":{\"@id\":\"https:\/\/www.tourisme-valdemarne.com\/espace-pro\/presse\/actualites-et-communiques-de-presse\/communiques-de-presse-precedents\/un-blog-sur-les-loisirs-en-vdm\/#breadcrumb\"},\"inLanguage\":\"fr-FR\",\"potentialAction\":[{\"@type\":\"ReadAction\",\"target\":[\"https:\/\/www.tourisme-valdemarne.com\/espace-pro\/presse\/actualites-et-communiques-de-presse\/communiques-de-presse-precedents\/un-blog-sur-les-loisirs-en-vdm\/\"]}]},{\"@type\":\"ImageObject\",\"inLanguage\":\"fr-FR\",\"@id\":\"https:\/\/www.tourisme-valdemarne.com\/espace-pro\/presse\/actualites-et-communiques-de-presse\/communiques-de-presse-precedents\/un-blog-sur-les-loisirs-en-vdm\/#primaryimage\",\"url\":\"https:\/\/www.tourisme-valdemarne.com\/espace-pro\/wp-content\/uploads\/sites\/3\/2019\/06\/logo-blog-val-de-marne.jpg\",\"contentUrl\":\"https:\/\/www.tourisme-valdemarne.com\/espace-pro\/wp-content\/uploads\/sites\/3\/2019\/06\/logo-blog-val-de-marne.jpg\",\"width\":1606,\"height\":1071},{\"@type\":\"BreadcrumbList\",\"@id\":\"https:\/\/www.tourisme-valdemarne.com\/espace-pro\/presse\/actualites-et-communiques-de-presse\/communiques-de-presse-precedents\/un-blog-sur-les-loisirs-en-vdm\/#breadcrumb\",\"itemListElement\":[{\"@type\":\"ListItem\",\"position\":1,\"name\":\"Accueil\",\"item\":\"https:\/\/www.tourisme-valdemarne.com\/espace-pro\/\"},{\"@type\":\"ListItem\",\"position\":2,\"name\":\"Presse\",\"item\":\"https:\/\/www.tourisme-valdemarne.com\/espace-pro\/presse\/\"},{\"@type\":\"ListItem\",\"position\":3,\"name\":\"Actualit\u00e9s et communiqu\u00e9s de presse\",\"item\":\"https:\/\/www.tourisme-valdemarne.com\/espace-pro\/presse\/actualites-et-communiques-de-presse\/\"},{\"@type\":\"ListItem\",\"position\":4,\"name\":\"Communiqu\u00e9s de presse pr\u00e9c\u00e9dents\",\"item\":\"https:\/\/www.tourisme-valdemarne.com\/espace-pro\/presse\/actualites-et-communiques-de-presse\/communiques-de-presse-precedents\/\"},{\"@type\":\"ListItem\",\"position\":5,\"name\":\"Un blog sur les loisirs en VDM\"}]},{\"@type\":\"WebSite\",\"@id\":\"https:\/\/www.tourisme-valdemarne.com\/espace-pro\/#website\",\"url\":\"https:\/\/www.tourisme-valdemarne.com\/espace-pro\/\",\"name\":\"Espace Pro\",\"description\":\"Informations et outils pour les professionnels et la Presse\",\"potentialAction\":[{\"@type\":\"SearchAction\",\"target\":{\"@type\":\"EntryPoint\",\"urlTemplate\":\"https:\/\/www.tourisme-valdemarne.com\/espace-pro\/?s={search_term_string}\"},\"query-input\":{\"@type\":\"PropertyValueSpecification\",\"valueRequired\":true,\"valueName\":\"search_term_string\"}}],\"inLanguage\":\"fr-FR\"}]}<\/script>\n<!-- \/ Yoast SEO plugin. -->","yoast_head_json":{"title":"Un blog sur les loisirs en VDM - Espace Pro","robots":{"index":"index","follow":"follow","max-snippet":"max-snippet:-1","max-image-preview":"max-image-preview:large","max-video-preview":"max-video-preview:-1"},"canonical":"https:\/\/www.tourisme-valdemarne.com\/espace-pro\/presse\/actualites-et-communiques-de-presse\/communiques-de-presse-precedents\/un-blog-sur-les-loisirs-en-vdm\/","og_locale":"fr_FR","og_type":"article","og_title":"Un blog sur les loisirs en VDM - Espace Pro","og_description":"COMMUNIQUE DE PRESSE Un blog sur les loisirs en Val-de-Marne pr\u00e8s de Paris Val-de-Marne Tourisme &amp; Loisirs lance son blog pour toujours plus d\u2019id\u00e9es de sorties et de bons plans \u00e0 tester sur www.tourisme-valdemarne.com\/blog Tests de visites insolites, partages d\u2019exp\u00e9riences sur des activit\u00e9s, lieux confidentiels, savoir-faire et produits val-de-marnais, bons plans et actualit\u00e9s\u2026 voici quelques-unes [&hellip;]","og_url":"https:\/\/www.tourisme-valdemarne.com\/espace-pro\/presse\/actualites-et-communiques-de-presse\/communiques-de-presse-precedents\/un-blog-sur-les-loisirs-en-vdm\/","og_site_name":"Espace Pro","article_modified_time":"2021-10-26T09:48:00+00:00","og_image":[{"width":1606,"height":1071,"url":"https:\/\/www.tourisme-valdemarne.com\/espace-pro\/wp-content\/uploads\/sites\/3\/2019\/06\/logo-blog-val-de-marne.jpg","type":"image\/jpeg"}],"twitter_card":"summary_large_image","twitter_misc":{"Dur\u00e9e de lecture estim\u00e9e":"2 minutes"},"schema":{"@context":"https:\/\/schema.org","@graph":[{"@type":"WebPage","@id":"https:\/\/www.tourisme-valdemarne.com\/espace-pro\/presse\/actualites-et-communiques-de-presse\/communiques-de-presse-precedents\/un-blog-sur-les-loisirs-en-vdm\/","url":"https:\/\/www.tourisme-valdemarne.com\/espace-pro\/presse\/actualites-et-communiques-de-presse\/communiques-de-presse-precedents\/un-blog-sur-les-loisirs-en-vdm\/","name":"Un blog sur les loisirs en VDM - Espace Pro","isPartOf":{"@id":"https:\/\/www.tourisme-valdemarne.com\/espace-pro\/#website"},"primaryImageOfPage":{"@id":"https:\/\/www.tourisme-valdemarne.com\/espace-pro\/presse\/actualites-et-communiques-de-presse\/communiques-de-presse-precedents\/un-blog-sur-les-loisirs-en-vdm\/#primaryimage"},"image":{"@id":"https:\/\/www.tourisme-valdemarne.com\/espace-pro\/presse\/actualites-et-communiques-de-presse\/communiques-de-presse-precedents\/un-blog-sur-les-loisirs-en-vdm\/#primaryimage"},"thumbnailUrl":"https:\/\/www.tourisme-valdemarne.com\/espace-pro\/wp-content\/uploads\/sites\/3\/2019\/06\/logo-blog-val-de-marne.jpg","datePublished":"2019-04-16T14:22:30+00:00","dateModified":"2021-10-26T09:48:00+00:00","breadcrumb":{"@id":"https:\/\/www.tourisme-valdemarne.com\/espace-pro\/presse\/actualites-et-communiques-de-presse\/communiques-de-presse-precedents\/un-blog-sur-les-loisirs-en-vdm\/#breadcrumb"},"inLanguage":"fr-FR","potentialAction":[{"@type":"ReadAction","target":["https:\/\/www.tourisme-valdemarne.com\/espace-pro\/presse\/actualites-et-communiques-de-presse\/communiques-de-presse-precedents\/un-blog-sur-les-loisirs-en-vdm\/"]}]},{"@type":"ImageObject","inLanguage":"fr-FR","@id":"https:\/\/www.tourisme-valdemarne.com\/espace-pro\/presse\/actualites-et-communiques-de-presse\/communiques-de-presse-precedents\/un-blog-sur-les-loisirs-en-vdm\/#primaryimage","url":"https:\/\/www.tourisme-valdemarne.com\/espace-pro\/wp-content\/uploads\/sites\/3\/2019\/06\/logo-blog-val-de-marne.jpg","contentUrl":"https:\/\/www.tourisme-valdemarne.com\/espace-pro\/wp-content\/uploads\/sites\/3\/2019\/06\/logo-blog-val-de-marne.jpg","width":1606,"height":1071},{"@type":"BreadcrumbList","@id":"https:\/\/www.tourisme-valdemarne.com\/espace-pro\/presse\/actualites-et-communiques-de-presse\/communiques-de-presse-precedents\/un-blog-sur-les-loisirs-en-vdm\/#breadcrumb","itemListElement":[{"@type":"ListItem","position":1,"name":"Accueil","item":"https:\/\/www.tourisme-valdemarne.com\/espace-pro\/"},{"@type":"ListItem","position":2,"name":"Presse","item":"https:\/\/www.tourisme-valdemarne.com\/espace-pro\/presse\/"},{"@type":"ListItem","position":3,"name":"Actualit\u00e9s et communiqu\u00e9s de presse","item":"https:\/\/www.tourisme-valdemarne.com\/espace-pro\/presse\/actualites-et-communiques-de-presse\/"},{"@type":"ListItem","position":4,"name":"Communiqu\u00e9s de presse pr\u00e9c\u00e9dents","item":"https:\/\/www.tourisme-valdemarne.com\/espace-pro\/presse\/actualites-et-communiques-de-presse\/communiques-de-presse-precedents\/"},{"@type":"ListItem","position":5,"name":"Un blog sur les loisirs en VDM"}]},{"@type":"WebSite","@id":"https:\/\/www.tourisme-valdemarne.com\/espace-pro\/#website","url":"https:\/\/www.tourisme-valdemarne.com\/espace-pro\/","name":"Espace Pro","description":"Informations et outils pour les professionnels et la Presse","potentialAction":[{"@type":"SearchAction","target":{"@type":"EntryPoint","urlTemplate":"https:\/\/www.tourisme-valdemarne.com\/espace-pro\/?s={search_term_string}"},"query-input":{"@type":"PropertyValueSpecification","valueRequired":true,"valueName":"search_term_string"}}],"inLanguage":"fr-FR"}]}},"_links":{"self":[{"href":"https:\/\/www.tourisme-valdemarne.com\/espace-pro\/wp-json\/wp\/v2\/pages\/219","targetHints":{"allow":["GET"]}}],"collection":[{"href":"https:\/\/www.tourisme-valdemarne.com\/espace-pro\/wp-json\/wp\/v2\/pages"}],"about":[{"href":"https:\/\/www.tourisme-valdemarne.com\/espace-pro\/wp-json\/wp\/v2\/types\/page"}],"author":[{"embeddable":true,"href":"https:\/\/www.tourisme-valdemarne.com\/espace-pro\/wp-json\/wp\/v2\/users\/1"}],"replies":[{"embeddable":true,"href":"https:\/\/www.tourisme-valdemarne.com\/espace-pro\/wp-json\/wp\/v2\/comments?post=219"}],"version-history":[{"count":4,"href":"https:\/\/www.tourisme-valdemarne.com\/espace-pro\/wp-json\/wp\/v2\/pages\/219\/revisions"}],"predecessor-version":[{"id":3170,"href":"https:\/\/www.tourisme-valdemarne.com\/espace-pro\/wp-json\/wp\/v2\/pages\/219\/revisions\/3170"}],"up":[{"embeddable":true,"href":"https:\/\/www.tourisme-valdemarne.com\/espace-pro\/wp-json\/wp\/v2\/pages\/2883"}],"wp:featuredmedia":[{"embeddable":true,"href":"https:\/\/www.tourisme-valdemarne.com\/espace-pro\/wp-json\/wp\/v2\/media\/3167"}],"wp:attachment":[{"href":"https:\/\/www.tourisme-valdemarne.com\/espace-pro\/wp-json\/wp\/v2\/media?parent=219"}],"wp:term":[{"taxonomy":"vdmTagMarketing","embeddable":true,"href":"https:\/\/www.tourisme-valdemarne.com\/espace-pro\/wp-json\/wp\/v2\/vdmTagMarketing?post=219"}],"curies":[{"name":"wp","href":"https:\/\/api.w.org\/{rel}","templated":true}]}}