{"id":217,"date":"2019-04-16T16:22:14","date_gmt":"2019-04-16T14:22:14","guid":{"rendered":"https:\/\/www.tourisme-valdemarne.com\/espace-pro\/nouvelle-carte-touristique"},"modified":"2024-02-06T11:12:46","modified_gmt":"2024-02-06T10:12:46","slug":"nouvelle-carte-touristique","status":"publish","type":"page","link":"https:\/\/www.tourisme-valdemarne.com\/espace-pro\/presse\/actualites-et-communiques-de-presse\/communiques-de-presse-precedents\/nouvelle-carte-touristique\/","title":{"rendered":"Nouvelle carte touristique"},"content":{"rendered":"\n<p class=\"is-style-excerpt\"><strong>COMMUNIQUE DE PRESSE<\/strong><\/p>\n\n\n\n<h2 class=\"wp-block-heading\">#MonValdeMarne : une nouvelle carte touristique et des loisirs pour (re)d\u00e9couvrir le Val-de-Marne.<\/h2>\n\n\n\n<p><strong>Edit\u00e9e par Val-de-Marne Tourisme &amp; Loisirs, cette nouvelle carte permet de conna\u00eetre en un coup d\u2019\u0153il les visites, balades et sorties possibles dans le Sud-Est de Paris.<\/strong><\/p>\n\n\n\n<p>Sites incontournables, mus\u00e9es, patrimoine naturel, loisirs et activit\u00e9s sont localis\u00e9s sur cette carte.<br>Nouveau \u00e9galement, les sentiers de grande randonn\u00e9e y sont repr\u00e9sent\u00e9s.<br>Une invitation \u00e0 d\u00e9ambuler sur ce territoire et \u00e0 d\u00e9couvrir son dynamisme, sa diversit\u00e9 et sa facilit\u00e9 d\u2019acc\u00e8s, notamment gr\u00e2ce aux transports en commun.<\/p>\n\n\n\n<p>Pour trouver l\u2019inspiration et explorer toutes les facettes du Val-de-Marne, plusieurs th\u00e9matiques sont d\u00e9clin\u00e9es au verso de cette nouvelle carte : sorties autour de la cr\u00e9ation contemporaine, balades street art, voyages au c\u0153ur de l\u2019histoire, escapades au bord de l\u2019eau, \u00e9chapp\u00e9es dans la nature, balades et randonn\u00e9es, sorties en famille, visites insolites.<\/p>\n\n\n\n<p>Le lecteur est invit\u00e9 \u00e0 organiser sa sortie et \u00e0 d\u00e9couvrir le programme des \u00e9v\u00e8nements, balades et visites insolites sur <a href=\"https:\/\/www.tourisme-valdemarne.com\" target=\"_blank\" rel=\"noreferrer noopener\" aria-label=\"www.tourisme-valdemarne.com (s\u2019ouvre dans un nouvel onglet)\">www.tourisme-valdemarne.com<\/a>.<\/p>\n\n\n\n<p>Afin de compl\u00e9ter ces id\u00e9es de sorties, <a href=\"https:\/\/www.tourisme-valdemarne.com\/nature-randonnees\/\" target=\"_blank\" rel=\"noreferrer noopener\">www.tourisme-valdemarne.com<\/a> s\u2019est dot\u00e9 d\u2019<strong>un nouveau module de balades pr\u00e9sentant des circuits \u00e0 pied ou \u00e0 v\u00e9lo<\/strong>, \u00e0 faire en autonomie et adapt\u00e9s \u00e0 tous les niveaux. Le long d\u2019un cours d\u2019eau, en milieu rural ou plus urbain, en milieu bois\u00e9, diff\u00e9rents parcours sont propos\u00e9s au d\u00e9part de Paris ou d\u2019un m\u00e9tro. Un moteur de recherche tr\u00e8s simple d\u2019utilisation, permet de trouver imm\u00e9diatement le parcours correspondant \u00e0 ses envies, \u00e0 ses capacit\u00e9s et au temps dont on dispose. L\u2019occasion de d\u00e9couvrir autrement les richesses du territoire et la diversit\u00e9 de son patrimoine.<\/p>\n\n\n\n<div class=\"wp-block-image\"><figure class=\"aligncenter is-resized\"><a href=\"https:\/\/www.tourisme-valdemarne.com\/espace-pro\/wp-content\/uploads\/sites\/3\/2019\/05\/couv-carte-2018.jpg\"><img data-src=\"https:\/\/www.tourisme-valdemarne.com\/espace-pro\/wp-content\/uploads\/sites\/3\/2019\/05\/couv-carte-2018-692x1200.jpg\" alt=\"\" class=\"wp-image-2810\" width=\"346\" height=\"600\" srcset=\"https:\/\/www.tourisme-valdemarne.com\/espace-pro\/wp-content\/uploads\/sites\/3\/2019\/05\/couv-carte-2018-692x1200.jpg 692w, https:\/\/www.tourisme-valdemarne.com\/espace-pro\/wp-content\/uploads\/sites\/3\/2019\/05\/couv-carte-2018-346x600.jpg 346w, https:\/\/www.tourisme-valdemarne.com\/espace-pro\/wp-content\/uploads\/sites\/3\/2019\/05\/couv-carte-2018-519x900.jpg 519w, https:\/\/www.tourisme-valdemarne.com\/espace-pro\/wp-content\/uploads\/sites\/3\/2019\/05\/couv-carte-2018-380x659.jpg 380w, https:\/\/www.tourisme-valdemarne.com\/espace-pro\/wp-content\/uploads\/sites\/3\/2019\/05\/couv-carte-2018-200x347.jpg 200w, https:\/\/www.tourisme-valdemarne.com\/espace-pro\/wp-content\/uploads\/sites\/3\/2019\/05\/couv-carte-2018.jpg 1181w\" sizes=\"(max-width: 346px) 100vw, 346px\" \/><\/a><figcaption>Carte touristique et des loisirs du Val-de-Marne<\/figcaption><\/figure><\/div>\n\n\n\n<p class=\"is-style-highlight\"><a href=\"https:\/\/www.tourisme-valdemarne.com\/wp-content\/uploads\/2019\/05\/carte-tourisme-94.pdf\" target=\"_blank\" rel=\"noreferrer noopener\" aria-label=\"Consultez la carte en ligne. (s\u2019ouvre dans un nouvel onglet)\">Consultez la carte en ligne.<\/a><\/p>\n\n\n\n<p><em><strong>A propos de Val-de-Marne Tourisme &amp; Loisirs :<\/strong><\/em><\/p>\n\n\n\n<p><em>Val-de-Marne Tourisme &amp; Loisirs propose toute l\u2019ann\u00e9e de nombreuses id\u00e9es de sorties sur son site web www.tourisme-valdemarne.com : balades et visites insolites en r\u00e9servation, sites incontournables, activit\u00e9s, randonn\u00e9es, agenda complet des festivals, expositions, spectacles et autres \u00e9v\u00e8nements du d\u00e9partement. Et pour les bons plans, les tests de visites, les partages d\u2019exp\u00e9riences, rendez-vous est donn\u00e9 directement sur le blog www.tourisme-valdemarne.com\/blog<\/em><\/p>\n","protected":false},"excerpt":{"rendered":"<p>COMMUNIQUE DE PRESSE #MonValdeMarne : une nouvelle carte touristique et des loisirs pour (re)d\u00e9couvrir le Val-de-Marne. Edit\u00e9e par Val-de-Marne Tourisme &amp; Loisirs, cette nouvelle carte permet de conna\u00eetre en un coup d\u2019\u0153il les visites, balades et sorties possibles dans le Sud-Est de Paris. Sites incontournables, mus\u00e9es, patrimoine naturel, loisirs et activit\u00e9s sont localis\u00e9s sur cette [&hellip;]<\/p>\n","protected":false},"author":1,"featured_media":2875,"parent":2883,"menu_order":399,"comment_status":"closed","ping_status":"closed","template":"","meta":{"_relevanssi_hide_post":"","_relevanssi_hide_content":"","_relevanssi_pin_for_all":"","_relevanssi_pin_keywords":"","_relevanssi_unpin_keywords":"","_relevanssi_related_keywords":"","_relevanssi_related_include_ids":"","_relevanssi_related_exclude_ids":"","_relevanssi_related_no_append":"","_relevanssi_related_not_related":"","_relevanssi_related_posts":"2741,2749,2751,444,446,442","_relevanssi_noindex_reason":"","footnotes":""},"vdmTagMarketing":[],"class_list":["post-217","page","type-page","status-publish","has-post-thumbnail","hentry"],"acf":[],"yoast_head":"<!-- This site is optimized with the Yoast SEO plugin v23.9 - https:\/\/yoast.com\/wordpress\/plugins\/seo\/ -->\n<title>Nouvelle carte touristique - Espace Pro<\/title>\n<meta name=\"robots\" content=\"index, follow, max-snippet:-1, max-image-preview:large, max-video-preview:-1\" \/>\n<link rel=\"canonical\" href=\"https:\/\/www.tourisme-valdemarne.com\/espace-pro\/presse\/actualites-et-communiques-de-presse\/communiques-de-presse-precedents\/nouvelle-carte-touristique\/\" \/>\n<meta property=\"og:locale\" content=\"fr_FR\" \/>\n<meta property=\"og:type\" content=\"article\" \/>\n<meta property=\"og:title\" content=\"Nouvelle carte touristique - Espace Pro\" \/>\n<meta property=\"og:description\" content=\"COMMUNIQUE DE PRESSE #MonValdeMarne : une nouvelle carte touristique et des loisirs pour (re)d\u00e9couvrir le Val-de-Marne. Edit\u00e9e par Val-de-Marne Tourisme &amp; Loisirs, cette nouvelle carte permet de conna\u00eetre en un coup d\u2019\u0153il les visites, balades et sorties possibles dans le Sud-Est de Paris. Sites incontournables, mus\u00e9es, patrimoine naturel, loisirs et activit\u00e9s sont localis\u00e9s sur cette [&hellip;]\" \/>\n<meta property=\"og:url\" content=\"https:\/\/www.tourisme-valdemarne.com\/espace-pro\/presse\/actualites-et-communiques-de-presse\/communiques-de-presse-precedents\/nouvelle-carte-touristique\/\" \/>\n<meta property=\"og:site_name\" content=\"Espace Pro\" \/>\n<meta property=\"article:modified_time\" content=\"2024-02-06T10:12:46+00:00\" \/>\n<meta property=\"og:image\" content=\"https:\/\/www.tourisme-valdemarne.com\/espace-pro\/wp-content\/uploads\/sites\/3\/2019\/05\/cp-carte-2018.jpg\" \/>\n\t<meta property=\"og:image:width\" content=\"1600\" \/>\n\t<meta property=\"og:image:height\" content=\"900\" \/>\n\t<meta property=\"og:image:type\" content=\"image\/jpeg\" \/>\n<meta name=\"twitter:card\" content=\"summary_large_image\" \/>\n<meta name=\"twitter:label1\" content=\"Dur\u00e9e de lecture estim\u00e9e\" \/>\n\t<meta name=\"twitter:data1\" content=\"2 minutes\" \/>\n<script type=\"application\/ld+json\" class=\"yoast-schema-graph\">{\"@context\":\"https:\/\/schema.org\",\"@graph\":[{\"@type\":\"WebPage\",\"@id\":\"https:\/\/www.tourisme-valdemarne.com\/espace-pro\/presse\/actualites-et-communiques-de-presse\/communiques-de-presse-precedents\/nouvelle-carte-touristique\/\",\"url\":\"https:\/\/www.tourisme-valdemarne.com\/espace-pro\/presse\/actualites-et-communiques-de-presse\/communiques-de-presse-precedents\/nouvelle-carte-touristique\/\",\"name\":\"Nouvelle carte touristique - Espace Pro\",\"isPartOf\":{\"@id\":\"https:\/\/www.tourisme-valdemarne.com\/espace-pro\/#website\"},\"primaryImageOfPage\":{\"@id\":\"https:\/\/www.tourisme-valdemarne.com\/espace-pro\/presse\/actualites-et-communiques-de-presse\/communiques-de-presse-precedents\/nouvelle-carte-touristique\/#primaryimage\"},\"image\":{\"@id\":\"https:\/\/www.tourisme-valdemarne.com\/espace-pro\/presse\/actualites-et-communiques-de-presse\/communiques-de-presse-precedents\/nouvelle-carte-touristique\/#primaryimage\"},\"thumbnailUrl\":\"https:\/\/www.tourisme-valdemarne.com\/espace-pro\/wp-content\/uploads\/sites\/3\/2019\/05\/cp-carte-2018.jpg\",\"datePublished\":\"2019-04-16T14:22:14+00:00\",\"dateModified\":\"2024-02-06T10:12:46+00:00\",\"breadcrumb\":{\"@id\":\"https:\/\/www.tourisme-valdemarne.com\/espace-pro\/presse\/actualites-et-communiques-de-presse\/communiques-de-presse-precedents\/nouvelle-carte-touristique\/#breadcrumb\"},\"inLanguage\":\"fr-FR\",\"potentialAction\":[{\"@type\":\"ReadAction\",\"target\":[\"https:\/\/www.tourisme-valdemarne.com\/espace-pro\/presse\/actualites-et-communiques-de-presse\/communiques-de-presse-precedents\/nouvelle-carte-touristique\/\"]}]},{\"@type\":\"ImageObject\",\"inLanguage\":\"fr-FR\",\"@id\":\"https:\/\/www.tourisme-valdemarne.com\/espace-pro\/presse\/actualites-et-communiques-de-presse\/communiques-de-presse-precedents\/nouvelle-carte-touristique\/#primaryimage\",\"url\":\"https:\/\/www.tourisme-valdemarne.com\/espace-pro\/wp-content\/uploads\/sites\/3\/2019\/05\/cp-carte-2018.jpg\",\"contentUrl\":\"https:\/\/www.tourisme-valdemarne.com\/espace-pro\/wp-content\/uploads\/sites\/3\/2019\/05\/cp-carte-2018.jpg\",\"width\":1600,\"height\":900,\"caption\":\"Carte touristique du Val-de-Marne\"},{\"@type\":\"BreadcrumbList\",\"@id\":\"https:\/\/www.tourisme-valdemarne.com\/espace-pro\/presse\/actualites-et-communiques-de-presse\/communiques-de-presse-precedents\/nouvelle-carte-touristique\/#breadcrumb\",\"itemListElement\":[{\"@type\":\"ListItem\",\"position\":1,\"name\":\"Accueil\",\"item\":\"https:\/\/www.tourisme-valdemarne.com\/espace-pro\/\"},{\"@type\":\"ListItem\",\"position\":2,\"name\":\"Presse\",\"item\":\"https:\/\/www.tourisme-valdemarne.com\/espace-pro\/presse\/\"},{\"@type\":\"ListItem\",\"position\":3,\"name\":\"Actualit\u00e9s et communiqu\u00e9s de presse\",\"item\":\"https:\/\/www.tourisme-valdemarne.com\/espace-pro\/presse\/actualites-et-communiques-de-presse\/\"},{\"@type\":\"ListItem\",\"position\":4,\"name\":\"Communiqu\u00e9s de presse pr\u00e9c\u00e9dents\",\"item\":\"https:\/\/www.tourisme-valdemarne.com\/espace-pro\/presse\/actualites-et-communiques-de-presse\/communiques-de-presse-precedents\/\"},{\"@type\":\"ListItem\",\"position\":5,\"name\":\"Nouvelle carte touristique\"}]},{\"@type\":\"WebSite\",\"@id\":\"https:\/\/www.tourisme-valdemarne.com\/espace-pro\/#website\",\"url\":\"https:\/\/www.tourisme-valdemarne.com\/espace-pro\/\",\"name\":\"Espace Pro\",\"description\":\"Informations et outils pour les professionnels et la Presse\",\"potentialAction\":[{\"@type\":\"SearchAction\",\"target\":{\"@type\":\"EntryPoint\",\"urlTemplate\":\"https:\/\/www.tourisme-valdemarne.com\/espace-pro\/?s={search_term_string}\"},\"query-input\":{\"@type\":\"PropertyValueSpecification\",\"valueRequired\":true,\"valueName\":\"search_term_string\"}}],\"inLanguage\":\"fr-FR\"}]}<\/script>\n<!-- \/ Yoast SEO plugin. -->","yoast_head_json":{"title":"Nouvelle carte touristique - Espace Pro","robots":{"index":"index","follow":"follow","max-snippet":"max-snippet:-1","max-image-preview":"max-image-preview:large","max-video-preview":"max-video-preview:-1"},"canonical":"https:\/\/www.tourisme-valdemarne.com\/espace-pro\/presse\/actualites-et-communiques-de-presse\/communiques-de-presse-precedents\/nouvelle-carte-touristique\/","og_locale":"fr_FR","og_type":"article","og_title":"Nouvelle carte touristique - Espace Pro","og_description":"COMMUNIQUE DE PRESSE #MonValdeMarne : une nouvelle carte touristique et des loisirs pour (re)d\u00e9couvrir le Val-de-Marne. Edit\u00e9e par Val-de-Marne Tourisme &amp; Loisirs, cette nouvelle carte permet de conna\u00eetre en un coup d\u2019\u0153il les visites, balades et sorties possibles dans le Sud-Est de Paris. Sites incontournables, mus\u00e9es, patrimoine naturel, loisirs et activit\u00e9s sont localis\u00e9s sur cette [&hellip;]","og_url":"https:\/\/www.tourisme-valdemarne.com\/espace-pro\/presse\/actualites-et-communiques-de-presse\/communiques-de-presse-precedents\/nouvelle-carte-touristique\/","og_site_name":"Espace Pro","article_modified_time":"2024-02-06T10:12:46+00:00","og_image":[{"width":1600,"height":900,"url":"https:\/\/www.tourisme-valdemarne.com\/espace-pro\/wp-content\/uploads\/sites\/3\/2019\/05\/cp-carte-2018.jpg","type":"image\/jpeg"}],"twitter_card":"summary_large_image","twitter_misc":{"Dur\u00e9e de lecture estim\u00e9e":"2 minutes"},"schema":{"@context":"https:\/\/schema.org","@graph":[{"@type":"WebPage","@id":"https:\/\/www.tourisme-valdemarne.com\/espace-pro\/presse\/actualites-et-communiques-de-presse\/communiques-de-presse-precedents\/nouvelle-carte-touristique\/","url":"https:\/\/www.tourisme-valdemarne.com\/espace-pro\/presse\/actualites-et-communiques-de-presse\/communiques-de-presse-precedents\/nouvelle-carte-touristique\/","name":"Nouvelle carte touristique - Espace Pro","isPartOf":{"@id":"https:\/\/www.tourisme-valdemarne.com\/espace-pro\/#website"},"primaryImageOfPage":{"@id":"https:\/\/www.tourisme-valdemarne.com\/espace-pro\/presse\/actualites-et-communiques-de-presse\/communiques-de-presse-precedents\/nouvelle-carte-touristique\/#primaryimage"},"image":{"@id":"https:\/\/www.tourisme-valdemarne.com\/espace-pro\/presse\/actualites-et-communiques-de-presse\/communiques-de-presse-precedents\/nouvelle-carte-touristique\/#primaryimage"},"thumbnailUrl":"https:\/\/www.tourisme-valdemarne.com\/espace-pro\/wp-content\/uploads\/sites\/3\/2019\/05\/cp-carte-2018.jpg","datePublished":"2019-04-16T14:22:14+00:00","dateModified":"2024-02-06T10:12:46+00:00","breadcrumb":{"@id":"https:\/\/www.tourisme-valdemarne.com\/espace-pro\/presse\/actualites-et-communiques-de-presse\/communiques-de-presse-precedents\/nouvelle-carte-touristique\/#breadcrumb"},"inLanguage":"fr-FR","potentialAction":[{"@type":"ReadAction","target":["https:\/\/www.tourisme-valdemarne.com\/espace-pro\/presse\/actualites-et-communiques-de-presse\/communiques-de-presse-precedents\/nouvelle-carte-touristique\/"]}]},{"@type":"ImageObject","inLanguage":"fr-FR","@id":"https:\/\/www.tourisme-valdemarne.com\/espace-pro\/presse\/actualites-et-communiques-de-presse\/communiques-de-presse-precedents\/nouvelle-carte-touristique\/#primaryimage","url":"https:\/\/www.tourisme-valdemarne.com\/espace-pro\/wp-content\/uploads\/sites\/3\/2019\/05\/cp-carte-2018.jpg","contentUrl":"https:\/\/www.tourisme-valdemarne.com\/espace-pro\/wp-content\/uploads\/sites\/3\/2019\/05\/cp-carte-2018.jpg","width":1600,"height":900,"caption":"Carte touristique du Val-de-Marne"},{"@type":"BreadcrumbList","@id":"https:\/\/www.tourisme-valdemarne.com\/espace-pro\/presse\/actualites-et-communiques-de-presse\/communiques-de-presse-precedents\/nouvelle-carte-touristique\/#breadcrumb","itemListElement":[{"@type":"ListItem","position":1,"name":"Accueil","item":"https:\/\/www.tourisme-valdemarne.com\/espace-pro\/"},{"@type":"ListItem","position":2,"name":"Presse","item":"https:\/\/www.tourisme-valdemarne.com\/espace-pro\/presse\/"},{"@type":"ListItem","position":3,"name":"Actualit\u00e9s et communiqu\u00e9s de presse","item":"https:\/\/www.tourisme-valdemarne.com\/espace-pro\/presse\/actualites-et-communiques-de-presse\/"},{"@type":"ListItem","position":4,"name":"Communiqu\u00e9s de presse pr\u00e9c\u00e9dents","item":"https:\/\/www.tourisme-valdemarne.com\/espace-pro\/presse\/actualites-et-communiques-de-presse\/communiques-de-presse-precedents\/"},{"@type":"ListItem","position":5,"name":"Nouvelle carte touristique"}]},{"@type":"WebSite","@id":"https:\/\/www.tourisme-valdemarne.com\/espace-pro\/#website","url":"https:\/\/www.tourisme-valdemarne.com\/espace-pro\/","name":"Espace Pro","description":"Informations et outils pour les professionnels et la Presse","potentialAction":[{"@type":"SearchAction","target":{"@type":"EntryPoint","urlTemplate":"https:\/\/www.tourisme-valdemarne.com\/espace-pro\/?s={search_term_string}"},"query-input":{"@type":"PropertyValueSpecification","valueRequired":true,"valueName":"search_term_string"}}],"inLanguage":"fr-FR"}]}},"_links":{"self":[{"href":"https:\/\/www.tourisme-valdemarne.com\/espace-pro\/wp-json\/wp\/v2\/pages\/217","targetHints":{"allow":["GET"]}}],"collection":[{"href":"https:\/\/www.tourisme-valdemarne.com\/espace-pro\/wp-json\/wp\/v2\/pages"}],"about":[{"href":"https:\/\/www.tourisme-valdemarne.com\/espace-pro\/wp-json\/wp\/v2\/types\/page"}],"author":[{"embeddable":true,"href":"https:\/\/www.tourisme-valdemarne.com\/espace-pro\/wp-json\/wp\/v2\/users\/1"}],"replies":[{"embeddable":true,"href":"https:\/\/www.tourisme-valdemarne.com\/espace-pro\/wp-json\/wp\/v2\/comments?post=217"}],"version-history":[{"count":14,"href":"https:\/\/www.tourisme-valdemarne.com\/espace-pro\/wp-json\/wp\/v2\/pages\/217\/revisions"}],"predecessor-version":[{"id":26219,"href":"https:\/\/www.tourisme-valdemarne.com\/espace-pro\/wp-json\/wp\/v2\/pages\/217\/revisions\/26219"}],"up":[{"embeddable":true,"href":"https:\/\/www.tourisme-valdemarne.com\/espace-pro\/wp-json\/wp\/v2\/pages\/2883"}],"wp:featuredmedia":[{"embeddable":true,"href":"https:\/\/www.tourisme-valdemarne.com\/espace-pro\/wp-json\/wp\/v2\/media\/2875"}],"wp:attachment":[{"href":"https:\/\/www.tourisme-valdemarne.com\/espace-pro\/wp-json\/wp\/v2\/media?parent=217"}],"wp:term":[{"taxonomy":"vdmTagMarketing","embeddable":true,"href":"https:\/\/www.tourisme-valdemarne.com\/espace-pro\/wp-json\/wp\/v2\/vdmTagMarketing?post=217"}],"curies":[{"name":"wp","href":"https:\/\/api.w.org\/{rel}","templated":true}]}}