{"id":215,"date":"2019-04-16T16:22:00","date_gmt":"2019-04-16T14:22:00","guid":{"rendered":"https:\/\/www.tourisme-valdemarne.com\/espace-pro\/projet-star-cities"},"modified":"2024-02-13T14:17:51","modified_gmt":"2024-02-13T13:17:51","slug":"projet-star-cities","status":"publish","type":"page","link":"https:\/\/www.tourisme-valdemarne.com\/espace-pro\/presse\/actualites-et-communiques-de-presse\/communiques-de-presse-precedents\/projet-star-cities\/","title":{"rendered":"Projet STAR Cities"},"content":{"rendered":"\n<p class=\"is-style-excerpt\"><strong>COMMUNIQUE DE PRESSE<\/strong><\/p>\n\n\n\n<h2 class=\"wp-block-heading\">Lancement d\u2019un projet ambitieux de coop\u00e9ration europ\u00e9enne pour valoriser un tourisme fluvial durable sur les bords de Marne.<\/h2>\n\n\n\n<h3 class=\"wp-block-heading\">Le Val-de-Marne initie un projet qui int\u00e9resse l\u2019Europe<\/h3>\n\n\n\n<p><strong>Val-de-Marne Tourisme &amp; Loisirs est \u00e0 l\u2019initiative d\u2019un projet ambitieux de coop\u00e9ration europ\u00e9enne pour valoriser un tourisme durable sur les boucles de la Marne.<\/strong><\/p>\n\n\n\n<p>Dans le cadre du programme de coop\u00e9ration INTERREG Europe, Val-de-Marne Tourisme &amp; Loisirs a initi\u00e9 le projet STAR Cities (Sustainable Tourism for Attractivity of Riverside Cities) qui vient d\u2019obtenir une importante subvention europ\u00e9enne de 1,180 millions d\u2019euros pour cinq ans.<\/p>\n\n\n\n<p>Dans ce projet, Val-de-Marne Tourisme &amp; Loisirs a notamment associ\u00e9 Bucarest (Roumanie), Hambourg (Allemagne), Kaunas (Lituanie) et Rome (Italie) autour d\u2019un objectif commun : d\u00e9velopper un tourisme fluvial respectueux de l\u2019environnement et permettant de valoriser les territoires et leur patrimoine culturel et naturel.<\/p>\n\n\n\n<p>L\u2019obtention de ce financement INTERREG Europe va donc permettre de structurer un r\u00e9seau europ\u00e9en de territoires souhaitant partager leurs exp\u00e9riences et d\u00e9finir des projets communs afin d\u2019obtenir la certification \u00ab Itin\u00e9raire culturel du Conseil de l\u2019Europe \u00bb.<\/p>\n\n\n\n<p>Au niveau local, ce projet permettra \u00e9galement de poursuivre la dynamique f\u00e9d\u00e9rant une trentaine de communes situ\u00e9es sur les bords de Marne entre Charenton-le-Pont (94) et Chalifert (77) afin d\u2019amplifier le d\u00e9veloppement touristique du territoire.<\/p>\n\n\n\n<p>Cette subvention vient r\u00e9compenser le travail \u00e9nergique, audacieux et f\u00e9d\u00e9rateur effectu\u00e9 depuis plusieurs ann\u00e9es par Val-de-Marne Tourisme &amp; Loisirs afin de promouvoir les paysages et le patrimoine de notre d\u00e9partement mais aussi ses habitants et ses savoir-faire.<\/p>\n\n\n\n<p>A l\u2019\u00e9chelle locale comme au niveau europ\u00e9en, Val-de-Marne Tourisme &amp; Loisirs et ses partenaires partagent la volont\u00e9 de valoriser une offre touristique permettant autant de d\u00e9couvrir des territoires vivants et authentiques que de vivre des moments de convivialit\u00e9 et de rencontre avec leurs habitants.<\/p>\n\n\n\n<p><em>Gilles SAINT-GAL<br>Pr\u00e9sident de Val-de-Marne Tourisme &amp; Loisirs<br>Vice-Pr\u00e9sident du Conseil d\u00e9partemental du Val-de-Marne<\/em><\/p>\n\n\n\n<p><em>H\u00e9l\u00e8ne SALLET-LAVOREL<br>Directrice de Val-de-Marne Tourisme &amp; Loisirs<\/em><\/p>\n\n\n\n<p class=\"is-style-highlight\"><a href=\"https:\/\/www.tourisme-valdemarne.com\/espace-pro\/expertises-et-projets\/riverside-cities\/star-cities\/\" target=\"_blank\" rel=\"noreferrer noopener\">Consultez le projet complet STAR Cities.<\/a><\/p>\n","protected":false},"excerpt":{"rendered":"<p>COMMUNIQUE DE PRESSE Lancement d\u2019un projet ambitieux de coop\u00e9ration europ\u00e9enne pour valoriser un tourisme fluvial durable sur les bords de Marne. Le Val-de-Marne initie un projet qui int\u00e9resse l\u2019Europe Val-de-Marne Tourisme &amp; Loisirs est \u00e0 l\u2019initiative d\u2019un projet ambitieux de coop\u00e9ration europ\u00e9enne pour valoriser un tourisme durable sur les boucles de la Marne. Dans le [&hellip;]<\/p>\n","protected":false},"author":1,"featured_media":2869,"parent":2883,"menu_order":198,"comment_status":"closed","ping_status":"closed","template":"","meta":{"_relevanssi_hide_post":"","_relevanssi_hide_content":"","_relevanssi_pin_for_all":"","_relevanssi_pin_keywords":"","_relevanssi_unpin_keywords":"","_relevanssi_related_keywords":"","_relevanssi_related_include_ids":"","_relevanssi_related_exclude_ids":"","_relevanssi_related_no_append":"","_relevanssi_related_not_related":"","_relevanssi_related_posts":"442,2751,2745,446,8104,444","_relevanssi_noindex_reason":"","footnotes":""},"vdmTagMarketing":[],"class_list":["post-215","page","type-page","status-publish","has-post-thumbnail","hentry"],"acf":[],"yoast_head":"<!-- This site is optimized with the Yoast SEO plugin v23.9 - https:\/\/yoast.com\/wordpress\/plugins\/seo\/ -->\n<title>Projet STAR Cities - Espace Pro<\/title>\n<meta name=\"robots\" content=\"index, follow, max-snippet:-1, max-image-preview:large, max-video-preview:-1\" \/>\n<link rel=\"canonical\" href=\"https:\/\/www.tourisme-valdemarne.com\/espace-pro\/presse\/actualites-et-communiques-de-presse\/communiques-de-presse-precedents\/projet-star-cities\/\" \/>\n<meta property=\"og:locale\" content=\"fr_FR\" \/>\n<meta property=\"og:type\" content=\"article\" \/>\n<meta property=\"og:title\" content=\"Projet STAR Cities - Espace Pro\" \/>\n<meta property=\"og:description\" content=\"COMMUNIQUE DE PRESSE Lancement d\u2019un projet ambitieux de coop\u00e9ration europ\u00e9enne pour valoriser un tourisme fluvial durable sur les bords de Marne. Le Val-de-Marne initie un projet qui int\u00e9resse l\u2019Europe Val-de-Marne Tourisme &amp; Loisirs est \u00e0 l\u2019initiative d\u2019un projet ambitieux de coop\u00e9ration europ\u00e9enne pour valoriser un tourisme durable sur les boucles de la Marne. Dans le [&hellip;]\" \/>\n<meta property=\"og:url\" content=\"https:\/\/www.tourisme-valdemarne.com\/espace-pro\/presse\/actualites-et-communiques-de-presse\/communiques-de-presse-precedents\/projet-star-cities\/\" \/>\n<meta property=\"og:site_name\" content=\"Espace Pro\" \/>\n<meta property=\"article:modified_time\" content=\"2024-02-13T13:17:51+00:00\" \/>\n<meta property=\"og:image\" content=\"https:\/\/www.tourisme-valdemarne.com\/espace-pro\/wp-content\/uploads\/sites\/3\/2019\/05\/creteil_marne_cp_cdt94_d.thierry.jpg\" \/>\n\t<meta property=\"og:image:width\" content=\"1600\" \/>\n\t<meta property=\"og:image:height\" content=\"900\" \/>\n\t<meta property=\"og:image:type\" content=\"image\/jpeg\" \/>\n<meta name=\"twitter:card\" content=\"summary_large_image\" \/>\n<meta name=\"twitter:label1\" content=\"Dur\u00e9e de lecture estim\u00e9e\" \/>\n\t<meta name=\"twitter:data1\" content=\"2 minutes\" \/>\n<script type=\"application\/ld+json\" class=\"yoast-schema-graph\">{\"@context\":\"https:\/\/schema.org\",\"@graph\":[{\"@type\":\"WebPage\",\"@id\":\"https:\/\/www.tourisme-valdemarne.com\/espace-pro\/presse\/actualites-et-communiques-de-presse\/communiques-de-presse-precedents\/projet-star-cities\/\",\"url\":\"https:\/\/www.tourisme-valdemarne.com\/espace-pro\/presse\/actualites-et-communiques-de-presse\/communiques-de-presse-precedents\/projet-star-cities\/\",\"name\":\"Projet STAR Cities - Espace Pro\",\"isPartOf\":{\"@id\":\"https:\/\/www.tourisme-valdemarne.com\/espace-pro\/#website\"},\"primaryImageOfPage\":{\"@id\":\"https:\/\/www.tourisme-valdemarne.com\/espace-pro\/presse\/actualites-et-communiques-de-presse\/communiques-de-presse-precedents\/projet-star-cities\/#primaryimage\"},\"image\":{\"@id\":\"https:\/\/www.tourisme-valdemarne.com\/espace-pro\/presse\/actualites-et-communiques-de-presse\/communiques-de-presse-precedents\/projet-star-cities\/#primaryimage\"},\"thumbnailUrl\":\"https:\/\/www.tourisme-valdemarne.com\/espace-pro\/wp-content\/uploads\/sites\/3\/2019\/05\/creteil_marne_cp_cdt94_d.thierry.jpg\",\"datePublished\":\"2019-04-16T14:22:00+00:00\",\"dateModified\":\"2024-02-13T13:17:51+00:00\",\"breadcrumb\":{\"@id\":\"https:\/\/www.tourisme-valdemarne.com\/espace-pro\/presse\/actualites-et-communiques-de-presse\/communiques-de-presse-precedents\/projet-star-cities\/#breadcrumb\"},\"inLanguage\":\"fr-FR\",\"potentialAction\":[{\"@type\":\"ReadAction\",\"target\":[\"https:\/\/www.tourisme-valdemarne.com\/espace-pro\/presse\/actualites-et-communiques-de-presse\/communiques-de-presse-precedents\/projet-star-cities\/\"]}]},{\"@type\":\"ImageObject\",\"inLanguage\":\"fr-FR\",\"@id\":\"https:\/\/www.tourisme-valdemarne.com\/espace-pro\/presse\/actualites-et-communiques-de-presse\/communiques-de-presse-precedents\/projet-star-cities\/#primaryimage\",\"url\":\"https:\/\/www.tourisme-valdemarne.com\/espace-pro\/wp-content\/uploads\/sites\/3\/2019\/05\/creteil_marne_cp_cdt94_d.thierry.jpg\",\"contentUrl\":\"https:\/\/www.tourisme-valdemarne.com\/espace-pro\/wp-content\/uploads\/sites\/3\/2019\/05\/creteil_marne_cp_cdt94_d.thierry.jpg\",\"width\":1600,\"height\":900,\"caption\":\"La Marne\"},{\"@type\":\"BreadcrumbList\",\"@id\":\"https:\/\/www.tourisme-valdemarne.com\/espace-pro\/presse\/actualites-et-communiques-de-presse\/communiques-de-presse-precedents\/projet-star-cities\/#breadcrumb\",\"itemListElement\":[{\"@type\":\"ListItem\",\"position\":1,\"name\":\"Accueil\",\"item\":\"https:\/\/www.tourisme-valdemarne.com\/espace-pro\/\"},{\"@type\":\"ListItem\",\"position\":2,\"name\":\"Presse\",\"item\":\"https:\/\/www.tourisme-valdemarne.com\/espace-pro\/presse\/\"},{\"@type\":\"ListItem\",\"position\":3,\"name\":\"Actualit\u00e9s et communiqu\u00e9s de presse\",\"item\":\"https:\/\/www.tourisme-valdemarne.com\/espace-pro\/presse\/actualites-et-communiques-de-presse\/\"},{\"@type\":\"ListItem\",\"position\":4,\"name\":\"Communiqu\u00e9s de presse pr\u00e9c\u00e9dents\",\"item\":\"https:\/\/www.tourisme-valdemarne.com\/espace-pro\/presse\/actualites-et-communiques-de-presse\/communiques-de-presse-precedents\/\"},{\"@type\":\"ListItem\",\"position\":5,\"name\":\"Projet STAR Cities\"}]},{\"@type\":\"WebSite\",\"@id\":\"https:\/\/www.tourisme-valdemarne.com\/espace-pro\/#website\",\"url\":\"https:\/\/www.tourisme-valdemarne.com\/espace-pro\/\",\"name\":\"Espace Pro\",\"description\":\"Informations et outils pour les professionnels et la Presse\",\"potentialAction\":[{\"@type\":\"SearchAction\",\"target\":{\"@type\":\"EntryPoint\",\"urlTemplate\":\"https:\/\/www.tourisme-valdemarne.com\/espace-pro\/?s={search_term_string}\"},\"query-input\":{\"@type\":\"PropertyValueSpecification\",\"valueRequired\":true,\"valueName\":\"search_term_string\"}}],\"inLanguage\":\"fr-FR\"}]}<\/script>\n<!-- \/ Yoast SEO plugin. -->","yoast_head_json":{"title":"Projet STAR Cities - Espace Pro","robots":{"index":"index","follow":"follow","max-snippet":"max-snippet:-1","max-image-preview":"max-image-preview:large","max-video-preview":"max-video-preview:-1"},"canonical":"https:\/\/www.tourisme-valdemarne.com\/espace-pro\/presse\/actualites-et-communiques-de-presse\/communiques-de-presse-precedents\/projet-star-cities\/","og_locale":"fr_FR","og_type":"article","og_title":"Projet STAR Cities - Espace Pro","og_description":"COMMUNIQUE DE PRESSE Lancement d\u2019un projet ambitieux de coop\u00e9ration europ\u00e9enne pour valoriser un tourisme fluvial durable sur les bords de Marne. Le Val-de-Marne initie un projet qui int\u00e9resse l\u2019Europe Val-de-Marne Tourisme &amp; Loisirs est \u00e0 l\u2019initiative d\u2019un projet ambitieux de coop\u00e9ration europ\u00e9enne pour valoriser un tourisme durable sur les boucles de la Marne. Dans le [&hellip;]","og_url":"https:\/\/www.tourisme-valdemarne.com\/espace-pro\/presse\/actualites-et-communiques-de-presse\/communiques-de-presse-precedents\/projet-star-cities\/","og_site_name":"Espace Pro","article_modified_time":"2024-02-13T13:17:51+00:00","og_image":[{"width":1600,"height":900,"url":"https:\/\/www.tourisme-valdemarne.com\/espace-pro\/wp-content\/uploads\/sites\/3\/2019\/05\/creteil_marne_cp_cdt94_d.thierry.jpg","type":"image\/jpeg"}],"twitter_card":"summary_large_image","twitter_misc":{"Dur\u00e9e de lecture estim\u00e9e":"2 minutes"},"schema":{"@context":"https:\/\/schema.org","@graph":[{"@type":"WebPage","@id":"https:\/\/www.tourisme-valdemarne.com\/espace-pro\/presse\/actualites-et-communiques-de-presse\/communiques-de-presse-precedents\/projet-star-cities\/","url":"https:\/\/www.tourisme-valdemarne.com\/espace-pro\/presse\/actualites-et-communiques-de-presse\/communiques-de-presse-precedents\/projet-star-cities\/","name":"Projet STAR Cities - Espace Pro","isPartOf":{"@id":"https:\/\/www.tourisme-valdemarne.com\/espace-pro\/#website"},"primaryImageOfPage":{"@id":"https:\/\/www.tourisme-valdemarne.com\/espace-pro\/presse\/actualites-et-communiques-de-presse\/communiques-de-presse-precedents\/projet-star-cities\/#primaryimage"},"image":{"@id":"https:\/\/www.tourisme-valdemarne.com\/espace-pro\/presse\/actualites-et-communiques-de-presse\/communiques-de-presse-precedents\/projet-star-cities\/#primaryimage"},"thumbnailUrl":"https:\/\/www.tourisme-valdemarne.com\/espace-pro\/wp-content\/uploads\/sites\/3\/2019\/05\/creteil_marne_cp_cdt94_d.thierry.jpg","datePublished":"2019-04-16T14:22:00+00:00","dateModified":"2024-02-13T13:17:51+00:00","breadcrumb":{"@id":"https:\/\/www.tourisme-valdemarne.com\/espace-pro\/presse\/actualites-et-communiques-de-presse\/communiques-de-presse-precedents\/projet-star-cities\/#breadcrumb"},"inLanguage":"fr-FR","potentialAction":[{"@type":"ReadAction","target":["https:\/\/www.tourisme-valdemarne.com\/espace-pro\/presse\/actualites-et-communiques-de-presse\/communiques-de-presse-precedents\/projet-star-cities\/"]}]},{"@type":"ImageObject","inLanguage":"fr-FR","@id":"https:\/\/www.tourisme-valdemarne.com\/espace-pro\/presse\/actualites-et-communiques-de-presse\/communiques-de-presse-precedents\/projet-star-cities\/#primaryimage","url":"https:\/\/www.tourisme-valdemarne.com\/espace-pro\/wp-content\/uploads\/sites\/3\/2019\/05\/creteil_marne_cp_cdt94_d.thierry.jpg","contentUrl":"https:\/\/www.tourisme-valdemarne.com\/espace-pro\/wp-content\/uploads\/sites\/3\/2019\/05\/creteil_marne_cp_cdt94_d.thierry.jpg","width":1600,"height":900,"caption":"La Marne"},{"@type":"BreadcrumbList","@id":"https:\/\/www.tourisme-valdemarne.com\/espace-pro\/presse\/actualites-et-communiques-de-presse\/communiques-de-presse-precedents\/projet-star-cities\/#breadcrumb","itemListElement":[{"@type":"ListItem","position":1,"name":"Accueil","item":"https:\/\/www.tourisme-valdemarne.com\/espace-pro\/"},{"@type":"ListItem","position":2,"name":"Presse","item":"https:\/\/www.tourisme-valdemarne.com\/espace-pro\/presse\/"},{"@type":"ListItem","position":3,"name":"Actualit\u00e9s et communiqu\u00e9s de presse","item":"https:\/\/www.tourisme-valdemarne.com\/espace-pro\/presse\/actualites-et-communiques-de-presse\/"},{"@type":"ListItem","position":4,"name":"Communiqu\u00e9s de presse pr\u00e9c\u00e9dents","item":"https:\/\/www.tourisme-valdemarne.com\/espace-pro\/presse\/actualites-et-communiques-de-presse\/communiques-de-presse-precedents\/"},{"@type":"ListItem","position":5,"name":"Projet STAR Cities"}]},{"@type":"WebSite","@id":"https:\/\/www.tourisme-valdemarne.com\/espace-pro\/#website","url":"https:\/\/www.tourisme-valdemarne.com\/espace-pro\/","name":"Espace Pro","description":"Informations et outils pour les professionnels et la Presse","potentialAction":[{"@type":"SearchAction","target":{"@type":"EntryPoint","urlTemplate":"https:\/\/www.tourisme-valdemarne.com\/espace-pro\/?s={search_term_string}"},"query-input":{"@type":"PropertyValueSpecification","valueRequired":true,"valueName":"search_term_string"}}],"inLanguage":"fr-FR"}]}},"_links":{"self":[{"href":"https:\/\/www.tourisme-valdemarne.com\/espace-pro\/wp-json\/wp\/v2\/pages\/215","targetHints":{"allow":["GET"]}}],"collection":[{"href":"https:\/\/www.tourisme-valdemarne.com\/espace-pro\/wp-json\/wp\/v2\/pages"}],"about":[{"href":"https:\/\/www.tourisme-valdemarne.com\/espace-pro\/wp-json\/wp\/v2\/types\/page"}],"author":[{"embeddable":true,"href":"https:\/\/www.tourisme-valdemarne.com\/espace-pro\/wp-json\/wp\/v2\/users\/1"}],"replies":[{"embeddable":true,"href":"https:\/\/www.tourisme-valdemarne.com\/espace-pro\/wp-json\/wp\/v2\/comments?post=215"}],"version-history":[{"count":11,"href":"https:\/\/www.tourisme-valdemarne.com\/espace-pro\/wp-json\/wp\/v2\/pages\/215\/revisions"}],"predecessor-version":[{"id":26333,"href":"https:\/\/www.tourisme-valdemarne.com\/espace-pro\/wp-json\/wp\/v2\/pages\/215\/revisions\/26333"}],"up":[{"embeddable":true,"href":"https:\/\/www.tourisme-valdemarne.com\/espace-pro\/wp-json\/wp\/v2\/pages\/2883"}],"wp:featuredmedia":[{"embeddable":true,"href":"https:\/\/www.tourisme-valdemarne.com\/espace-pro\/wp-json\/wp\/v2\/media\/2869"}],"wp:attachment":[{"href":"https:\/\/www.tourisme-valdemarne.com\/espace-pro\/wp-json\/wp\/v2\/media?parent=215"}],"wp:term":[{"taxonomy":"vdmTagMarketing","embeddable":true,"href":"https:\/\/www.tourisme-valdemarne.com\/espace-pro\/wp-json\/wp\/v2\/vdmTagMarketing?post=215"}],"curies":[{"name":"wp","href":"https:\/\/api.w.org\/{rel}","templated":true}]}}