{"id":209,"date":"2019-04-16T16:21:07","date_gmt":"2019-04-16T14:21:07","guid":{"rendered":"https:\/\/www.tourisme-valdemarne.com\/espace-pro\/informations-pratiques"},"modified":"2023-02-06T14:41:07","modified_gmt":"2023-02-06T13:41:07","slug":"informations-pratiques","status":"publish","type":"page","link":"https:\/\/www.tourisme-valdemarne.com\/espace-pro\/outils-a-votre-service\/accessibilite\/informations-pratiques\/","title":{"rendered":"Informations pratiques"},"content":{"rendered":"\n<p class=\"is-style-excerpt\">Retrouvez ici les associations repr\u00e9sentatives des personnes handicap\u00e9es.<\/p>\n\n\n\n<h2 class=\"wp-block-heading\">Associations repr\u00e9sentatives des diff\u00e9rents handicaps<\/h2>\n\n\n\n<p class=\"has-text-align-left\"><strong>Handicap moteur<\/strong><\/p>\n\n\n\n<div class=\"wp-block-image\"><figure class=\"alignleft is-resized\"><img data-src=\"https:\/\/www.tourisme-valdemarne.com\/wp-content\/uploads\/2019\/05\/logo-h-moteur.jpg\" alt=\"logo tourisme handicap\" class=\"wp-image-19606\" width=\"148\" height=\"88\"\/><\/figure><\/div>\n\n\n\n<p>APF (Association des Paralys\u00e9s de France) : <a href=\"https:\/\/www.apf-francehandicap.org\/\" target=\"_blank\" rel=\"noreferrer noopener\">https:\/\/www.apf-francehandicap.org\/<\/a><br>En Val-de-Marne : <a href=\"http:\/\/apf94.blogs.apf.asso.fr\/\" target=\"_blank\" rel=\"noreferrer noopener\">http:\/\/apf94.blogs.apf.asso.fr\/<\/a><br>GIHP National (Groupement d\u2019Insertion pour les personnes Handicap\u00e9es Physiques) : <a href=\"http:\/\/www.gihpnational.org\" target=\"_blank\" rel=\"noreferrer noopener\">www.gihpnational.org<\/a><br>En Ile-de-France : <a href=\"http:\/\/www.gihpidf.fr\/\" target=\"_blank\" rel=\"noreferrer noopener\">www.gihpidf.fr<\/a><\/p>\n\n\n\n<p class=\"has-text-align-left\"><strong>Handicap visuel<\/strong><\/p>\n\n\n\n<div class=\"wp-block-image\"><figure class=\"alignleft is-resized\"><img data-src=\"https:\/\/www.tourisme-valdemarne.com\/wp-content\/uploads\/2019\/05\/logo-h-visuel.jpg\" alt=\"logo tourisme handicap\" class=\"wp-image-19607\" width=\"148\" height=\"89\"\/><\/figure><\/div>\n\n\n\n<p>FAF (F\u00e9d\u00e9ration des Aveugles de France) : <a href=\"https:\/\/www.aveuglesdefrance.org\/\" target=\"_blank\" rel=\"noreferrer noopener\">https:\/\/www.aveuglesdefrance.org\/<\/a><br>AVH (Association Valentin Ha\u00fcy) : <a href=\"https:\/\/www.avh.asso.fr\/fr\" target=\"_blank\" rel=\"noreferrer noopener\">https:\/\/www.avh.asso.fr\/fr<\/a><br>CFPSAA (Conf\u00e9d\u00e9ration Fran\u00e7aise pour la promotion sociale des aveugles et amblyopes) : <a href=\"http:\/\/www.cfpsaa.fr\" target=\"_blank\" rel=\"noreferrer noopener\">www.cfpsaa.fr<\/a><\/p>\n\n\n\n<p class=\"has-text-align-left\"><strong>Handicap auditif<\/strong><\/p>\n\n\n\n<div class=\"wp-block-image\"><figure class=\"alignleft is-resized\"><img data-src=\"https:\/\/www.tourisme-valdemarne.com\/wp-content\/uploads\/2019\/05\/logo-h-auditif.jpg\" alt=\"logo tourisme handicap\" class=\"wp-image-19604\" width=\"148\" height=\"89\"\/><\/figure><\/div>\n\n\n\n<p>Bucod\u00e8s (Bureau de Coordination des associations de Devenus Sourds et malentendants) &#8211; SurdiFrance : <a href=\"https:\/\/surdifrance.org\/\" target=\"_blank\" rel=\"noreferrer noopener\">https:\/\/surdifrance.org\/<\/a><br>UNISDA (Union Nationale pour l\u2019Insertion Sociale du D\u00e9ficient Auditif) : <a href=\"http:\/\/www.unisda.org\" target=\"_blank\" rel=\"noreferrer noopener\">www.unisda.org<\/a><br>FNSF (F\u00e9d\u00e9ration Nationale des Sourds de France) : <a href=\"http:\/\/www.fnsf.org\" target=\"_blank\" rel=\"noreferrer noopener\">www.fnsf.org<\/a><\/p>\n\n\n\n<p class=\"has-text-align-left\"><strong>Handicap mental<\/strong><\/p>\n\n\n\n<div class=\"wp-block-image\"><figure class=\"alignleft is-resized\"><img data-src=\"https:\/\/www.tourisme-valdemarne.com\/wp-content\/uploads\/2019\/05\/logo-h-mental.jpg\" alt=\"logo tourisme handicap\" class=\"wp-image-19605\" width=\"145\" height=\"88\"\/><\/figure><\/div>\n\n\n\n<p>UNAPEI (Union Nationale des Associations de Parents et Amis de Personnes Handicap\u00e9es Mentales) : <a href=\"https:\/\/www.unapei.org\/\" target=\"_blank\" rel=\"noreferrer noopener\">https:\/\/www.unapei.org\/<\/a><br>En Val-de-Marne : <a href=\"http:\/\/www.apei94.org\" target=\"_blank\" rel=\"noreferrer noopener\">www.apei94.org<\/a><\/p>\n","protected":false},"excerpt":{"rendered":"<p>Retrouvez ici les associations repr\u00e9sentatives des personnes handicap\u00e9es. Associations repr\u00e9sentatives des diff\u00e9rents handicaps Handicap moteur APF (Association des Paralys\u00e9s de France) : https:\/\/www.apf-francehandicap.org\/En Val-de-Marne : http:\/\/apf94.blogs.apf.asso.fr\/GIHP National (Groupement d\u2019Insertion pour les personnes Handicap\u00e9es Physiques) : www.gihpnational.orgEn Ile-de-France : www.gihpidf.fr Handicap visuel FAF (F\u00e9d\u00e9ration des Aveugles de France) : https:\/\/www.aveuglesdefrance.org\/AVH (Association Valentin Ha\u00fcy) : https:\/\/www.avh.asso.fr\/frCFPSAA (Conf\u00e9d\u00e9ration [&hellip;]<\/p>\n","protected":false},"author":1,"featured_media":3127,"parent":167,"menu_order":20,"comment_status":"closed","ping_status":"closed","template":"","meta":{"_relevanssi_hide_post":"","_relevanssi_hide_content":"","_relevanssi_pin_for_all":"","_relevanssi_pin_keywords":"","_relevanssi_unpin_keywords":"","_relevanssi_related_keywords":"","_relevanssi_related_include_ids":"","_relevanssi_related_exclude_ids":"","_relevanssi_related_no_append":"","_relevanssi_related_not_related":"","_relevanssi_related_posts":"2741,8104,442,2745,8095,446","_relevanssi_noindex_reason":"","footnotes":""},"vdmTagMarketing":[],"class_list":["post-209","page","type-page","status-publish","has-post-thumbnail","hentry"],"acf":[],"yoast_head":"<!-- This site is optimized with the Yoast SEO plugin v23.9 - https:\/\/yoast.com\/wordpress\/plugins\/seo\/ -->\n<title>Informations pratiques - Espace Pro | Val-de-Marne Tourisme<\/title>\n<meta name=\"description\" content=\"Retrouvez ici toutes les informations pratiques et les associations repr\u00e9sentant les personnes handicap\u00e9es.\" \/>\n<meta name=\"robots\" content=\"index, follow, max-snippet:-1, max-image-preview:large, max-video-preview:-1\" \/>\n<link rel=\"canonical\" href=\"https:\/\/www.tourisme-valdemarne.com\/espace-pro\/outils-a-votre-service\/accessibilite\/informations-pratiques\/\" \/>\n<meta property=\"og:locale\" content=\"fr_FR\" \/>\n<meta property=\"og:type\" content=\"article\" \/>\n<meta property=\"og:title\" content=\"Informations pratiques - Espace Pro | Val-de-Marne Tourisme\" \/>\n<meta property=\"og:description\" content=\"Retrouvez ici toutes les informations pratiques et les associations repr\u00e9sentant les personnes handicap\u00e9es.\" \/>\n<meta property=\"og:url\" content=\"https:\/\/www.tourisme-valdemarne.com\/espace-pro\/outils-a-votre-service\/accessibilite\/informations-pratiques\/\" \/>\n<meta property=\"og:site_name\" content=\"Espace Pro\" \/>\n<meta property=\"article:modified_time\" content=\"2023-02-06T13:41:07+00:00\" \/>\n<meta property=\"og:image\" content=\"https:\/\/www.tourisme-valdemarne.com\/espace-pro\/wp-content\/uploads\/sites\/3\/2019\/06\/fauteuil-roulant-roseraie-val-marne.jpg\" \/>\n\t<meta property=\"og:image:width\" content=\"1600\" \/>\n\t<meta property=\"og:image:height\" content=\"968\" \/>\n\t<meta property=\"og:image:type\" content=\"image\/jpeg\" \/>\n<meta name=\"twitter:card\" content=\"summary_large_image\" \/>\n<meta name=\"twitter:label1\" content=\"Dur\u00e9e de lecture estim\u00e9e\" \/>\n\t<meta name=\"twitter:data1\" content=\"2 minutes\" \/>\n<script type=\"application\/ld+json\" class=\"yoast-schema-graph\">{\"@context\":\"https:\/\/schema.org\",\"@graph\":[{\"@type\":\"WebPage\",\"@id\":\"https:\/\/www.tourisme-valdemarne.com\/espace-pro\/outils-a-votre-service\/accessibilite\/informations-pratiques\/\",\"url\":\"https:\/\/www.tourisme-valdemarne.com\/espace-pro\/outils-a-votre-service\/accessibilite\/informations-pratiques\/\",\"name\":\"Informations pratiques - Espace Pro | Val-de-Marne Tourisme\",\"isPartOf\":{\"@id\":\"https:\/\/www.tourisme-valdemarne.com\/espace-pro\/#website\"},\"primaryImageOfPage\":{\"@id\":\"https:\/\/www.tourisme-valdemarne.com\/espace-pro\/outils-a-votre-service\/accessibilite\/informations-pratiques\/#primaryimage\"},\"image\":{\"@id\":\"https:\/\/www.tourisme-valdemarne.com\/espace-pro\/outils-a-votre-service\/accessibilite\/informations-pratiques\/#primaryimage\"},\"thumbnailUrl\":\"https:\/\/www.tourisme-valdemarne.com\/espace-pro\/wp-content\/uploads\/sites\/3\/2019\/06\/fauteuil-roulant-roseraie-val-marne.jpg\",\"datePublished\":\"2019-04-16T14:21:07+00:00\",\"dateModified\":\"2023-02-06T13:41:07+00:00\",\"description\":\"Retrouvez ici toutes les informations pratiques et les associations repr\u00e9sentant les personnes handicap\u00e9es.\",\"breadcrumb\":{\"@id\":\"https:\/\/www.tourisme-valdemarne.com\/espace-pro\/outils-a-votre-service\/accessibilite\/informations-pratiques\/#breadcrumb\"},\"inLanguage\":\"fr-FR\",\"potentialAction\":[{\"@type\":\"ReadAction\",\"target\":[\"https:\/\/www.tourisme-valdemarne.com\/espace-pro\/outils-a-votre-service\/accessibilite\/informations-pratiques\/\"]}]},{\"@type\":\"ImageObject\",\"inLanguage\":\"fr-FR\",\"@id\":\"https:\/\/www.tourisme-valdemarne.com\/espace-pro\/outils-a-votre-service\/accessibilite\/informations-pratiques\/#primaryimage\",\"url\":\"https:\/\/www.tourisme-valdemarne.com\/espace-pro\/wp-content\/uploads\/sites\/3\/2019\/06\/fauteuil-roulant-roseraie-val-marne.jpg\",\"contentUrl\":\"https:\/\/www.tourisme-valdemarne.com\/espace-pro\/wp-content\/uploads\/sites\/3\/2019\/06\/fauteuil-roulant-roseraie-val-marne.jpg\",\"width\":1600,\"height\":968,\"caption\":\"Balade en fauteuil dans la Roseraie du Val-de-Marne \u00a9 CDT94\"},{\"@type\":\"BreadcrumbList\",\"@id\":\"https:\/\/www.tourisme-valdemarne.com\/espace-pro\/outils-a-votre-service\/accessibilite\/informations-pratiques\/#breadcrumb\",\"itemListElement\":[{\"@type\":\"ListItem\",\"position\":1,\"name\":\"Accueil\",\"item\":\"https:\/\/www.tourisme-valdemarne.com\/espace-pro\/\"},{\"@type\":\"ListItem\",\"position\":2,\"name\":\"Outils \u00e0 votre service\",\"item\":\"https:\/\/www.tourisme-valdemarne.com\/espace-pro\/outils-a-votre-service\/\"},{\"@type\":\"ListItem\",\"position\":3,\"name\":\"Accessibilit\u00e9\",\"item\":\"https:\/\/www.tourisme-valdemarne.com\/espace-pro\/outils-a-votre-service\/accessibilite\/\"},{\"@type\":\"ListItem\",\"position\":4,\"name\":\"Informations pratiques\"}]},{\"@type\":\"WebSite\",\"@id\":\"https:\/\/www.tourisme-valdemarne.com\/espace-pro\/#website\",\"url\":\"https:\/\/www.tourisme-valdemarne.com\/espace-pro\/\",\"name\":\"Espace Pro\",\"description\":\"Informations et outils pour les professionnels et la Presse\",\"potentialAction\":[{\"@type\":\"SearchAction\",\"target\":{\"@type\":\"EntryPoint\",\"urlTemplate\":\"https:\/\/www.tourisme-valdemarne.com\/espace-pro\/?s={search_term_string}\"},\"query-input\":{\"@type\":\"PropertyValueSpecification\",\"valueRequired\":true,\"valueName\":\"search_term_string\"}}],\"inLanguage\":\"fr-FR\"}]}<\/script>\n<!-- \/ Yoast SEO plugin. -->","yoast_head_json":{"title":"Informations pratiques - Espace Pro | Val-de-Marne Tourisme","description":"Retrouvez ici toutes les informations pratiques et les associations repr\u00e9sentant les personnes handicap\u00e9es.","robots":{"index":"index","follow":"follow","max-snippet":"max-snippet:-1","max-image-preview":"max-image-preview:large","max-video-preview":"max-video-preview:-1"},"canonical":"https:\/\/www.tourisme-valdemarne.com\/espace-pro\/outils-a-votre-service\/accessibilite\/informations-pratiques\/","og_locale":"fr_FR","og_type":"article","og_title":"Informations pratiques - Espace Pro | Val-de-Marne Tourisme","og_description":"Retrouvez ici toutes les informations pratiques et les associations repr\u00e9sentant les personnes handicap\u00e9es.","og_url":"https:\/\/www.tourisme-valdemarne.com\/espace-pro\/outils-a-votre-service\/accessibilite\/informations-pratiques\/","og_site_name":"Espace Pro","article_modified_time":"2023-02-06T13:41:07+00:00","og_image":[{"width":1600,"height":968,"url":"https:\/\/www.tourisme-valdemarne.com\/espace-pro\/wp-content\/uploads\/sites\/3\/2019\/06\/fauteuil-roulant-roseraie-val-marne.jpg","type":"image\/jpeg"}],"twitter_card":"summary_large_image","twitter_misc":{"Dur\u00e9e de lecture estim\u00e9e":"2 minutes"},"schema":{"@context":"https:\/\/schema.org","@graph":[{"@type":"WebPage","@id":"https:\/\/www.tourisme-valdemarne.com\/espace-pro\/outils-a-votre-service\/accessibilite\/informations-pratiques\/","url":"https:\/\/www.tourisme-valdemarne.com\/espace-pro\/outils-a-votre-service\/accessibilite\/informations-pratiques\/","name":"Informations pratiques - Espace Pro | Val-de-Marne Tourisme","isPartOf":{"@id":"https:\/\/www.tourisme-valdemarne.com\/espace-pro\/#website"},"primaryImageOfPage":{"@id":"https:\/\/www.tourisme-valdemarne.com\/espace-pro\/outils-a-votre-service\/accessibilite\/informations-pratiques\/#primaryimage"},"image":{"@id":"https:\/\/www.tourisme-valdemarne.com\/espace-pro\/outils-a-votre-service\/accessibilite\/informations-pratiques\/#primaryimage"},"thumbnailUrl":"https:\/\/www.tourisme-valdemarne.com\/espace-pro\/wp-content\/uploads\/sites\/3\/2019\/06\/fauteuil-roulant-roseraie-val-marne.jpg","datePublished":"2019-04-16T14:21:07+00:00","dateModified":"2023-02-06T13:41:07+00:00","description":"Retrouvez ici toutes les informations pratiques et les associations repr\u00e9sentant les personnes handicap\u00e9es.","breadcrumb":{"@id":"https:\/\/www.tourisme-valdemarne.com\/espace-pro\/outils-a-votre-service\/accessibilite\/informations-pratiques\/#breadcrumb"},"inLanguage":"fr-FR","potentialAction":[{"@type":"ReadAction","target":["https:\/\/www.tourisme-valdemarne.com\/espace-pro\/outils-a-votre-service\/accessibilite\/informations-pratiques\/"]}]},{"@type":"ImageObject","inLanguage":"fr-FR","@id":"https:\/\/www.tourisme-valdemarne.com\/espace-pro\/outils-a-votre-service\/accessibilite\/informations-pratiques\/#primaryimage","url":"https:\/\/www.tourisme-valdemarne.com\/espace-pro\/wp-content\/uploads\/sites\/3\/2019\/06\/fauteuil-roulant-roseraie-val-marne.jpg","contentUrl":"https:\/\/www.tourisme-valdemarne.com\/espace-pro\/wp-content\/uploads\/sites\/3\/2019\/06\/fauteuil-roulant-roseraie-val-marne.jpg","width":1600,"height":968,"caption":"Balade en fauteuil dans la Roseraie du Val-de-Marne \u00a9 CDT94"},{"@type":"BreadcrumbList","@id":"https:\/\/www.tourisme-valdemarne.com\/espace-pro\/outils-a-votre-service\/accessibilite\/informations-pratiques\/#breadcrumb","itemListElement":[{"@type":"ListItem","position":1,"name":"Accueil","item":"https:\/\/www.tourisme-valdemarne.com\/espace-pro\/"},{"@type":"ListItem","position":2,"name":"Outils \u00e0 votre service","item":"https:\/\/www.tourisme-valdemarne.com\/espace-pro\/outils-a-votre-service\/"},{"@type":"ListItem","position":3,"name":"Accessibilit\u00e9","item":"https:\/\/www.tourisme-valdemarne.com\/espace-pro\/outils-a-votre-service\/accessibilite\/"},{"@type":"ListItem","position":4,"name":"Informations pratiques"}]},{"@type":"WebSite","@id":"https:\/\/www.tourisme-valdemarne.com\/espace-pro\/#website","url":"https:\/\/www.tourisme-valdemarne.com\/espace-pro\/","name":"Espace Pro","description":"Informations et outils pour les professionnels et la Presse","potentialAction":[{"@type":"SearchAction","target":{"@type":"EntryPoint","urlTemplate":"https:\/\/www.tourisme-valdemarne.com\/espace-pro\/?s={search_term_string}"},"query-input":{"@type":"PropertyValueSpecification","valueRequired":true,"valueName":"search_term_string"}}],"inLanguage":"fr-FR"}]}},"_links":{"self":[{"href":"https:\/\/www.tourisme-valdemarne.com\/espace-pro\/wp-json\/wp\/v2\/pages\/209","targetHints":{"allow":["GET"]}}],"collection":[{"href":"https:\/\/www.tourisme-valdemarne.com\/espace-pro\/wp-json\/wp\/v2\/pages"}],"about":[{"href":"https:\/\/www.tourisme-valdemarne.com\/espace-pro\/wp-json\/wp\/v2\/types\/page"}],"author":[{"embeddable":true,"href":"https:\/\/www.tourisme-valdemarne.com\/espace-pro\/wp-json\/wp\/v2\/users\/1"}],"replies":[{"embeddable":true,"href":"https:\/\/www.tourisme-valdemarne.com\/espace-pro\/wp-json\/wp\/v2\/comments?post=209"}],"version-history":[{"count":4,"href":"https:\/\/www.tourisme-valdemarne.com\/espace-pro\/wp-json\/wp\/v2\/pages\/209\/revisions"}],"predecessor-version":[{"id":14228,"href":"https:\/\/www.tourisme-valdemarne.com\/espace-pro\/wp-json\/wp\/v2\/pages\/209\/revisions\/14228"}],"up":[{"embeddable":true,"href":"https:\/\/www.tourisme-valdemarne.com\/espace-pro\/wp-json\/wp\/v2\/pages\/167"}],"wp:featuredmedia":[{"embeddable":true,"href":"https:\/\/www.tourisme-valdemarne.com\/espace-pro\/wp-json\/wp\/v2\/media\/3127"}],"wp:attachment":[{"href":"https:\/\/www.tourisme-valdemarne.com\/espace-pro\/wp-json\/wp\/v2\/media?parent=209"}],"wp:term":[{"taxonomy":"vdmTagMarketing","embeddable":true,"href":"https:\/\/www.tourisme-valdemarne.com\/espace-pro\/wp-json\/wp\/v2\/vdmTagMarketing?post=209"}],"curies":[{"name":"wp","href":"https:\/\/api.w.org\/{rel}","templated":true}]}}