{"id":205,"date":"2019-04-16T16:20:38","date_gmt":"2019-04-16T14:20:38","guid":{"rendered":"https:\/\/www.tourisme-valdemarne.com\/espace-pro\/label-tourisme-handicap"},"modified":"2023-02-06T15:14:11","modified_gmt":"2023-02-06T14:14:11","slug":"label-tourisme-handicap","status":"publish","type":"page","link":"https:\/\/www.tourisme-valdemarne.com\/espace-pro\/outils-a-votre-service\/accessibilite\/label-tourisme-handicap\/","title":{"rendered":"Label Tourisme &#038; Handicap"},"content":{"rendered":"\n<p class=\"is-style-excerpt\">Le label Tourisme &amp; Handicap s&rsquo;inscrit dans une d\u00e9marche d&rsquo;int\u00e9gration des personnes en situation de handicap en termes d&rsquo;accueil et d&rsquo;accessibilit\u00e9. Retrouvez les informations pour int\u00e9grer le label.<\/p>\n\n\n\n<p>D\u00e9cern\u00e9 depuis 2002, le label national Tourisme &amp; Handicaps s\u2019inscrit dans une d\u00e9marche d\u2019int\u00e9gration des personnes en situation de handicap en termes d\u2019accueil et d\u2019accessibilit\u00e9 (Loi du 11 f\u00e9vrier 2005). Il s\u2019adresse \u00e0 une client\u00e8le individuelle ayant des besoins sp\u00e9cifiques, permettant ainsi une v\u00e9ritable autonomie. Il prend en compte les 4 types de handicaps reconnus :<\/p>\n\n\n\n<div class=\"wp-block-image\"><figure class=\"aligncenter\"><a href=\"https:\/\/www.tourisme-valdemarne.com\/espace-pro\/wp-content\/uploads\/sites\/3\/2019\/06\/logo-ligne-quatre-handicap.jpg\"><img width=\"487\" height=\"117\" data-src=\"https:\/\/www.tourisme-valdemarne.com\/espace-pro\/wp-content\/uploads\/sites\/3\/2019\/06\/logo-ligne-quatre-handicap.jpg\" alt=\"tourisme handicap vignettes\" class=\"wp-image-3120\" srcset=\"https:\/\/www.tourisme-valdemarne.com\/espace-pro\/wp-content\/uploads\/sites\/3\/2019\/06\/logo-ligne-quatre-handicap.jpg 487w, https:\/\/www.tourisme-valdemarne.com\/espace-pro\/wp-content\/uploads\/sites\/3\/2019\/06\/logo-ligne-quatre-handicap-380x91.jpg 380w, https:\/\/www.tourisme-valdemarne.com\/espace-pro\/wp-content\/uploads\/sites\/3\/2019\/06\/logo-ligne-quatre-handicap-200x48.jpg 200w\" sizes=\"(max-width: 487px) 100vw, 487px\" \/><\/a><\/figure><\/div>\n\n\n\n<h2 class=\"wp-block-heading\">Les objectifs du label<\/h2>\n\n\n\n<p>Le label Tourisme &amp; Handicaps a pour objectifs :<\/p>\n\n\n\n<ul class=\"wp-block-list\"><li>d\u2019apporter une information fiable et homog\u00e8ne sur l\u2019accessibilit\u00e9 des sites touristiques en tenant compte de tous les types de handicap,<\/li><li>de d\u00e9velopper une offre touristique adapt\u00e9e et int\u00e9gr\u00e9e \u00e0 l\u2019offre g\u00e9n\u00e9raliste,<\/li><li>de sensibiliser et engager les professionnels du tourisme dans une d\u00e9marche d\u2019accueil, d\u2019accessibilit\u00e9 et d\u2019information.<\/li><\/ul>\n\n\n\n<p>Le titulaire du label s\u2019engage dans une d\u00e9marche-qualit\u00e9 pour l\u2019accueil de tous les publics \u00e0 travers la signature d\u2019une Charte. Le label est d\u00e9cern\u00e9 pour 5 ans.<\/p>\n\n\n\n<h2 class=\"wp-block-heading\">Les avantages pour les professionnels<\/h2>\n\n\n\n<p>Ce label permet de promouvoir votre site en mati\u00e8re d\u2019accessibilit\u00e9 aupr\u00e8s d\u2019un large public : personnes handicap\u00e9es mais aussi s\u00e9niors, femmes enceintes, familles avec enfants en bas \u00e2ge, etc., leur assurant ainsi un confort suppl\u00e9mentaire. Il permet aussi de faire conna\u00eetre et de valoriser un accueil de qualit\u00e9 et de vous doter d\u2019un avantage concurrentiel.<\/p>\n\n\n\n<p>Les sites labellis\u00e9s b\u00e9n\u00e9ficient d\u2019une promotion via brochures et sites Internet au niveau national, r\u00e9gional et d\u00e9partemental.<\/p>\n\n\n\n<p>Retrouvez la <a href=\"https:\/\/www.tourisme-valdemarne.com\/cote-pratique\/sorties-accessibles-handicap\/th\/\" target=\"_blank\" rel=\"noreferrer noopener\" aria-label=\"liste des sites et \u00e9tablissements labellis\u00e9s du Val-de-Marne (s\u2019ouvre dans un nouvel onglet)\">liste des sites et \u00e9tablissements labellis\u00e9s du Val-de-Marne<\/a>.<\/p>\n\n\n\n<h2 class=\"wp-block-heading\">D\u00e9marche de labellisation<\/h2>\n\n\n\n<p>Pour entrer dans la d\u00e9marche de labellisation, vous pouvez contacter :<\/p>\n\n\n\n<ul class=\"wp-block-list\"><li><strong>L&rsquo;Association Tourisme &amp; Handicaps :<\/strong><\/li><\/ul>\n\n\n\n<p><a aria-label=\"www.tourisme-handicaps.org (s\u2019ouvre dans un nouvel onglet)\" href=\"http:\/\/www.tourisme-handicaps.org\/\" target=\"_blank\" rel=\"noreferrer noopener\">www.tourisme-handicaps.org<\/a><\/p>\n\n\n\n<ul class=\"wp-block-list\"><li><strong>Le Comit\u00e9 R\u00e9gional du Tourisme Paris-Ile-de-France :<\/strong><\/li><\/ul>\n\n\n\n<p><a href=\"https:\/\/pro.visitparisregion.com\/conseil-et-accompagnement\/accessibilite\/label-tourisme-handicap\" target=\"_blank\" rel=\"noreferrer noopener\">pro.visitparisregion.com\/conseil-et-accompagnement\/accessibilite\/label-tourisme-handicap<\/a><\/p>\n\n\n\n<p><\/p>\n","protected":false},"excerpt":{"rendered":"<p>Le label Tourisme &amp; Handicap s&rsquo;inscrit dans une d\u00e9marche d&rsquo;int\u00e9gration des personnes en situation de handicap en termes d&rsquo;accueil et d&rsquo;accessibilit\u00e9. Retrouvez les informations pour int\u00e9grer le label. D\u00e9cern\u00e9 depuis 2002, le label national Tourisme &amp; Handicaps s\u2019inscrit dans une d\u00e9marche d\u2019int\u00e9gration des personnes en situation de handicap en termes d\u2019accueil et d\u2019accessibilit\u00e9 (Loi du [&hellip;]<\/p>\n","protected":false},"author":1,"featured_media":3121,"parent":167,"menu_order":0,"comment_status":"closed","ping_status":"closed","template":"","meta":{"_relevanssi_hide_post":"","_relevanssi_hide_content":"","_relevanssi_pin_for_all":"","_relevanssi_pin_keywords":"","_relevanssi_unpin_keywords":"","_relevanssi_related_keywords":"","_relevanssi_related_include_ids":"","_relevanssi_related_exclude_ids":"","_relevanssi_related_no_append":"","_relevanssi_related_not_related":"","_relevanssi_related_posts":"2741,2749,8090,8101,8077,8105","_relevanssi_noindex_reason":"","footnotes":""},"vdmTagMarketing":[],"class_list":["post-205","page","type-page","status-publish","has-post-thumbnail","hentry"],"acf":[],"yoast_head":"<!-- This site is optimized with the Yoast SEO plugin v23.9 - https:\/\/yoast.com\/wordpress\/plugins\/seo\/ -->\n<title>Label Tourisme &amp; Handicap - Espace Pro | Val-de-Marne Tourisme<\/title>\n<meta name=\"description\" content=\"Le label Tourisme &amp; Handicap a pour objectif de rendre les sites touristiques accessibles pour les personnes en situation de handicap.\" \/>\n<meta name=\"robots\" content=\"index, follow, max-snippet:-1, max-image-preview:large, max-video-preview:-1\" \/>\n<link rel=\"canonical\" href=\"https:\/\/www.tourisme-valdemarne.com\/espace-pro\/outils-a-votre-service\/accessibilite\/label-tourisme-handicap\/\" \/>\n<meta property=\"og:locale\" content=\"fr_FR\" \/>\n<meta property=\"og:type\" content=\"article\" \/>\n<meta property=\"og:title\" content=\"Label Tourisme &amp; Handicap - Espace Pro | Val-de-Marne Tourisme\" \/>\n<meta property=\"og:description\" content=\"Le label Tourisme &amp; Handicap a pour objectif de rendre les sites touristiques accessibles pour les personnes en situation de handicap.\" \/>\n<meta property=\"og:url\" content=\"https:\/\/www.tourisme-valdemarne.com\/espace-pro\/outils-a-votre-service\/accessibilite\/label-tourisme-handicap\/\" \/>\n<meta property=\"og:site_name\" content=\"Espace Pro\" \/>\n<meta property=\"article:modified_time\" content=\"2023-02-06T14:14:11+00:00\" \/>\n<meta property=\"og:image\" content=\"https:\/\/www.tourisme-valdemarne.com\/espace-pro\/wp-content\/uploads\/sites\/3\/2019\/06\/logo-tourisme-handicap.jpg\" \/>\n\t<meta property=\"og:image:width\" content=\"876\" \/>\n\t<meta property=\"og:image:height\" content=\"619\" \/>\n\t<meta property=\"og:image:type\" content=\"image\/jpeg\" \/>\n<meta name=\"twitter:card\" content=\"summary_large_image\" \/>\n<meta name=\"twitter:label1\" content=\"Dur\u00e9e de lecture estim\u00e9e\" \/>\n\t<meta name=\"twitter:data1\" content=\"2 minutes\" \/>\n<script type=\"application\/ld+json\" class=\"yoast-schema-graph\">{\"@context\":\"https:\/\/schema.org\",\"@graph\":[{\"@type\":\"WebPage\",\"@id\":\"https:\/\/www.tourisme-valdemarne.com\/espace-pro\/outils-a-votre-service\/accessibilite\/label-tourisme-handicap\/\",\"url\":\"https:\/\/www.tourisme-valdemarne.com\/espace-pro\/outils-a-votre-service\/accessibilite\/label-tourisme-handicap\/\",\"name\":\"Label Tourisme & Handicap - Espace Pro | Val-de-Marne Tourisme\",\"isPartOf\":{\"@id\":\"https:\/\/www.tourisme-valdemarne.com\/espace-pro\/#website\"},\"primaryImageOfPage\":{\"@id\":\"https:\/\/www.tourisme-valdemarne.com\/espace-pro\/outils-a-votre-service\/accessibilite\/label-tourisme-handicap\/#primaryimage\"},\"image\":{\"@id\":\"https:\/\/www.tourisme-valdemarne.com\/espace-pro\/outils-a-votre-service\/accessibilite\/label-tourisme-handicap\/#primaryimage\"},\"thumbnailUrl\":\"https:\/\/www.tourisme-valdemarne.com\/espace-pro\/wp-content\/uploads\/sites\/3\/2019\/06\/logo-tourisme-handicap.jpg\",\"datePublished\":\"2019-04-16T14:20:38+00:00\",\"dateModified\":\"2023-02-06T14:14:11+00:00\",\"description\":\"Le label Tourisme & Handicap a pour objectif de rendre les sites touristiques accessibles pour les personnes en situation de handicap.\",\"breadcrumb\":{\"@id\":\"https:\/\/www.tourisme-valdemarne.com\/espace-pro\/outils-a-votre-service\/accessibilite\/label-tourisme-handicap\/#breadcrumb\"},\"inLanguage\":\"fr-FR\",\"potentialAction\":[{\"@type\":\"ReadAction\",\"target\":[\"https:\/\/www.tourisme-valdemarne.com\/espace-pro\/outils-a-votre-service\/accessibilite\/label-tourisme-handicap\/\"]}]},{\"@type\":\"ImageObject\",\"inLanguage\":\"fr-FR\",\"@id\":\"https:\/\/www.tourisme-valdemarne.com\/espace-pro\/outils-a-votre-service\/accessibilite\/label-tourisme-handicap\/#primaryimage\",\"url\":\"https:\/\/www.tourisme-valdemarne.com\/espace-pro\/wp-content\/uploads\/sites\/3\/2019\/06\/logo-tourisme-handicap.jpg\",\"contentUrl\":\"https:\/\/www.tourisme-valdemarne.com\/espace-pro\/wp-content\/uploads\/sites\/3\/2019\/06\/logo-tourisme-handicap.jpg\",\"width\":876,\"height\":619,\"caption\":\"Logo Tourisme et Handicap\"},{\"@type\":\"BreadcrumbList\",\"@id\":\"https:\/\/www.tourisme-valdemarne.com\/espace-pro\/outils-a-votre-service\/accessibilite\/label-tourisme-handicap\/#breadcrumb\",\"itemListElement\":[{\"@type\":\"ListItem\",\"position\":1,\"name\":\"Accueil\",\"item\":\"https:\/\/www.tourisme-valdemarne.com\/espace-pro\/\"},{\"@type\":\"ListItem\",\"position\":2,\"name\":\"Outils \u00e0 votre service\",\"item\":\"https:\/\/www.tourisme-valdemarne.com\/espace-pro\/outils-a-votre-service\/\"},{\"@type\":\"ListItem\",\"position\":3,\"name\":\"Accessibilit\u00e9\",\"item\":\"https:\/\/www.tourisme-valdemarne.com\/espace-pro\/outils-a-votre-service\/accessibilite\/\"},{\"@type\":\"ListItem\",\"position\":4,\"name\":\"Label Tourisme &#038; Handicap\"}]},{\"@type\":\"WebSite\",\"@id\":\"https:\/\/www.tourisme-valdemarne.com\/espace-pro\/#website\",\"url\":\"https:\/\/www.tourisme-valdemarne.com\/espace-pro\/\",\"name\":\"Espace Pro\",\"description\":\"Informations et outils pour les professionnels et la Presse\",\"potentialAction\":[{\"@type\":\"SearchAction\",\"target\":{\"@type\":\"EntryPoint\",\"urlTemplate\":\"https:\/\/www.tourisme-valdemarne.com\/espace-pro\/?s={search_term_string}\"},\"query-input\":{\"@type\":\"PropertyValueSpecification\",\"valueRequired\":true,\"valueName\":\"search_term_string\"}}],\"inLanguage\":\"fr-FR\"}]}<\/script>\n<!-- \/ Yoast SEO plugin. -->","yoast_head_json":{"title":"Label Tourisme & Handicap - Espace Pro | Val-de-Marne Tourisme","description":"Le label Tourisme & Handicap a pour objectif de rendre les sites touristiques accessibles pour les personnes en situation de handicap.","robots":{"index":"index","follow":"follow","max-snippet":"max-snippet:-1","max-image-preview":"max-image-preview:large","max-video-preview":"max-video-preview:-1"},"canonical":"https:\/\/www.tourisme-valdemarne.com\/espace-pro\/outils-a-votre-service\/accessibilite\/label-tourisme-handicap\/","og_locale":"fr_FR","og_type":"article","og_title":"Label Tourisme & Handicap - Espace Pro | Val-de-Marne Tourisme","og_description":"Le label Tourisme & Handicap a pour objectif de rendre les sites touristiques accessibles pour les personnes en situation de handicap.","og_url":"https:\/\/www.tourisme-valdemarne.com\/espace-pro\/outils-a-votre-service\/accessibilite\/label-tourisme-handicap\/","og_site_name":"Espace Pro","article_modified_time":"2023-02-06T14:14:11+00:00","og_image":[{"width":876,"height":619,"url":"https:\/\/www.tourisme-valdemarne.com\/espace-pro\/wp-content\/uploads\/sites\/3\/2019\/06\/logo-tourisme-handicap.jpg","type":"image\/jpeg"}],"twitter_card":"summary_large_image","twitter_misc":{"Dur\u00e9e de lecture estim\u00e9e":"2 minutes"},"schema":{"@context":"https:\/\/schema.org","@graph":[{"@type":"WebPage","@id":"https:\/\/www.tourisme-valdemarne.com\/espace-pro\/outils-a-votre-service\/accessibilite\/label-tourisme-handicap\/","url":"https:\/\/www.tourisme-valdemarne.com\/espace-pro\/outils-a-votre-service\/accessibilite\/label-tourisme-handicap\/","name":"Label Tourisme & Handicap - Espace Pro | Val-de-Marne Tourisme","isPartOf":{"@id":"https:\/\/www.tourisme-valdemarne.com\/espace-pro\/#website"},"primaryImageOfPage":{"@id":"https:\/\/www.tourisme-valdemarne.com\/espace-pro\/outils-a-votre-service\/accessibilite\/label-tourisme-handicap\/#primaryimage"},"image":{"@id":"https:\/\/www.tourisme-valdemarne.com\/espace-pro\/outils-a-votre-service\/accessibilite\/label-tourisme-handicap\/#primaryimage"},"thumbnailUrl":"https:\/\/www.tourisme-valdemarne.com\/espace-pro\/wp-content\/uploads\/sites\/3\/2019\/06\/logo-tourisme-handicap.jpg","datePublished":"2019-04-16T14:20:38+00:00","dateModified":"2023-02-06T14:14:11+00:00","description":"Le label Tourisme & Handicap a pour objectif de rendre les sites touristiques accessibles pour les personnes en situation de handicap.","breadcrumb":{"@id":"https:\/\/www.tourisme-valdemarne.com\/espace-pro\/outils-a-votre-service\/accessibilite\/label-tourisme-handicap\/#breadcrumb"},"inLanguage":"fr-FR","potentialAction":[{"@type":"ReadAction","target":["https:\/\/www.tourisme-valdemarne.com\/espace-pro\/outils-a-votre-service\/accessibilite\/label-tourisme-handicap\/"]}]},{"@type":"ImageObject","inLanguage":"fr-FR","@id":"https:\/\/www.tourisme-valdemarne.com\/espace-pro\/outils-a-votre-service\/accessibilite\/label-tourisme-handicap\/#primaryimage","url":"https:\/\/www.tourisme-valdemarne.com\/espace-pro\/wp-content\/uploads\/sites\/3\/2019\/06\/logo-tourisme-handicap.jpg","contentUrl":"https:\/\/www.tourisme-valdemarne.com\/espace-pro\/wp-content\/uploads\/sites\/3\/2019\/06\/logo-tourisme-handicap.jpg","width":876,"height":619,"caption":"Logo Tourisme et Handicap"},{"@type":"BreadcrumbList","@id":"https:\/\/www.tourisme-valdemarne.com\/espace-pro\/outils-a-votre-service\/accessibilite\/label-tourisme-handicap\/#breadcrumb","itemListElement":[{"@type":"ListItem","position":1,"name":"Accueil","item":"https:\/\/www.tourisme-valdemarne.com\/espace-pro\/"},{"@type":"ListItem","position":2,"name":"Outils \u00e0 votre service","item":"https:\/\/www.tourisme-valdemarne.com\/espace-pro\/outils-a-votre-service\/"},{"@type":"ListItem","position":3,"name":"Accessibilit\u00e9","item":"https:\/\/www.tourisme-valdemarne.com\/espace-pro\/outils-a-votre-service\/accessibilite\/"},{"@type":"ListItem","position":4,"name":"Label Tourisme &#038; Handicap"}]},{"@type":"WebSite","@id":"https:\/\/www.tourisme-valdemarne.com\/espace-pro\/#website","url":"https:\/\/www.tourisme-valdemarne.com\/espace-pro\/","name":"Espace Pro","description":"Informations et outils pour les professionnels et la Presse","potentialAction":[{"@type":"SearchAction","target":{"@type":"EntryPoint","urlTemplate":"https:\/\/www.tourisme-valdemarne.com\/espace-pro\/?s={search_term_string}"},"query-input":{"@type":"PropertyValueSpecification","valueRequired":true,"valueName":"search_term_string"}}],"inLanguage":"fr-FR"}]}},"_links":{"self":[{"href":"https:\/\/www.tourisme-valdemarne.com\/espace-pro\/wp-json\/wp\/v2\/pages\/205","targetHints":{"allow":["GET"]}}],"collection":[{"href":"https:\/\/www.tourisme-valdemarne.com\/espace-pro\/wp-json\/wp\/v2\/pages"}],"about":[{"href":"https:\/\/www.tourisme-valdemarne.com\/espace-pro\/wp-json\/wp\/v2\/types\/page"}],"author":[{"embeddable":true,"href":"https:\/\/www.tourisme-valdemarne.com\/espace-pro\/wp-json\/wp\/v2\/users\/1"}],"replies":[{"embeddable":true,"href":"https:\/\/www.tourisme-valdemarne.com\/espace-pro\/wp-json\/wp\/v2\/comments?post=205"}],"version-history":[{"count":6,"href":"https:\/\/www.tourisme-valdemarne.com\/espace-pro\/wp-json\/wp\/v2\/pages\/205\/revisions"}],"predecessor-version":[{"id":14234,"href":"https:\/\/www.tourisme-valdemarne.com\/espace-pro\/wp-json\/wp\/v2\/pages\/205\/revisions\/14234"}],"up":[{"embeddable":true,"href":"https:\/\/www.tourisme-valdemarne.com\/espace-pro\/wp-json\/wp\/v2\/pages\/167"}],"wp:featuredmedia":[{"embeddable":true,"href":"https:\/\/www.tourisme-valdemarne.com\/espace-pro\/wp-json\/wp\/v2\/media\/3121"}],"wp:attachment":[{"href":"https:\/\/www.tourisme-valdemarne.com\/espace-pro\/wp-json\/wp\/v2\/media?parent=205"}],"wp:term":[{"taxonomy":"vdmTagMarketing","embeddable":true,"href":"https:\/\/www.tourisme-valdemarne.com\/espace-pro\/wp-json\/wp\/v2\/vdmTagMarketing?post=205"}],"curies":[{"name":"wp","href":"https:\/\/api.w.org\/{rel}","templated":true}]}}