{"id":197,"date":"2019-04-16T16:19:20","date_gmt":"2019-04-16T14:19:20","guid":{"rendered":"https:\/\/www.tourisme-valdemarne.com\/espace-pro\/salons-think"},"modified":"2019-05-29T16:15:33","modified_gmt":"2019-05-29T14:15:33","slug":"salons-think","status":"publish","type":"page","link":"https:\/\/www.tourisme-valdemarne.com\/espace-pro\/seminaires-et-receptions-pro\/eductours-salons\/salons-think\/","title":{"rendered":"Salons THINK"},"content":{"rendered":"\n<p class=\"is-style-excerpt\">Val-de-Marne Tourisme &amp; Loisirs a organis\u00e9 une grande soir\u00e9e networking le jeudi 18 f\u00e9vrier 2016.<\/p>\n\n\n\n<p>Ce rendez-vous avait pour objectif de favoriser les rencontres entre professionnels du tourisme d\u2019affaires et clients potentiels, de mettre en relation les agences \u00e9v\u00e8nementielles ainsi que les entreprises de la r\u00e9gion avec les responsables des principaux \u00e9tablissements du Val-de-Marne, en mesure d\u2019accueillir des \u00e9v\u00e8nements professionnels. Un moment fort de la vie \u00e9conomique du territoire pour engager des partenariats mais aussi \u00e9changer dans une ambiance conviviale et participative.<\/p>\n\n\n\n<p>Le Salon a pris la forme d\u2019un workshop permettant de rencontrer les responsables d\u2019une trentaine d\u2019\u00e9tablissements ou prestataires val-de-marnais, pr\u00e9sents pour r\u00e9pondre \u00e0 vos besoins d\u2019organisation de s\u00e9minaires, d\u2019assembl\u00e9es g\u00e9n\u00e9rales, de congr\u00e8s et d\u2019\u00e9v\u00e8nements professionnels.<\/p>\n\n\n\n<p>Lieux \u00e9v\u00e8nementiels, h\u00f4tels, \u00e9quipements sportifs, lieux culturels, th\u00e9\u00e2tres, mus\u00e9es, ch\u00e2teaux, \u00e9tablissement de petite taille ou centres de congr\u00e8s, lieux atypiques, aux portes de Paris ou au c\u0153ur de grands espaces verts, vous avez d\u00e9couvert toute la diversit\u00e9 de notre d\u00e9partement.<\/p>\n\n\n\n<p>Ce rendez-vous professionnel a \u00e9galement l&rsquo;occasion de passer une soir\u00e9e chaleureuse autour d\u2019un buffet dinatoire et de profiter de quelques animations tout au long de la soir\u00e9e.<\/p>\n\n\n\n<p><strong>Un concept efficace<\/strong><\/p>\n\n\n\n<p>Think Val-de-Marne \u00e9tait un After-Work pour les entreprises, d\u00e9cideurs, prescripteurs d\u2019\u00e9v\u00e9nements et porteurs de projets qui souhaitaient d\u00e9couvrir les principaux lieux et prestataires d\u2019\u00e9v\u00e9nements en Val-de-Marne.<\/p>\n\n\n\n<p><strong>Un moyen simple d\u2019offrir de la nouveaut\u00e9 \u00e0 vos \u00e9v\u00e8nements<\/strong><\/p>\n\n\n\n<p>Cette ann\u00e9e-l\u00e0, nous avions s\u00e9lectionn\u00e9 des lieux in\u00e9dits, des lieux d\u2019exception, des \u00e9tablissements insolites ou peu connus. Ce rendez-vous constitua \u00e9galement une occasion pour vous de rencontrer des prestataires d\u2019activit\u00e9s \u00e9v\u00e9nementielles, Team-Building, Incentive\u2026<\/p>\n\n\n\n<p><strong>Au programme de cette soir\u00e9e :<\/strong><\/p>\n\n\n\n<ul class=\"wp-block-list\"><li>Workshop professionnel<\/li><li>Une s\u00e9lection d\u2019exposants \u00e0 votre disposition pour r\u00e9pondre \u00e0 vos besoins d\u2019organisation de s\u00e9minaires, congr\u00e8s et \u00e9v\u00e8nements<\/li><li>Discours de Gilles SAINT-GAL, Pr\u00e9sident de Val-de-Marne Tourisme &amp; Loisirs       <\/li><li>Cocktail dinatoire (Cyrille Billot) en musique (avec le groupe P\u00eache \u00e0 la mouche Trio), pour d\u00e9velopper votre r\u00e9seau professionnel en toute convivialit\u00e9<\/li><\/ul>\n\n\n\n<p><strong>Les exposants :<\/strong><\/p>\n\n\n\n<p>Domaine de Grosbois \u2022 Ch\u00e2teau de Vincennes \u2022 Pavillons de Bercy \/ mus\u00e9e des arts forains \u2022 Club H\u00f4telier Orly-Rungis \/ Val-de-Marne \u2022 Huatian Chinagora \u2022 Ch\u00e2teau de Santeny \u2022 Espace Congr\u00e8s Les Esseli\u00e8res \u2022 Hippodrome de Paris \u2022 Centre Paris-Mandres \u2022 Au Fil de l\u2019Eau \u2022 Cook Is \u2022 The Green Way \u2022 Candora \u2022 Aviron Marne Joinville \u2022 Gare au th\u00e9\u00e2tre \u2022 Bodega Feria \u2022 CCI Val-de-Marne \u2022 Guinguette Chez G\u00e9g\u00e8ne \u2022 Espace Jean Monnet \u2022 La Cit\u00e9 des M\u00e9tiers du Val-de-Marne \u2022 Le G\u00e9n\u00e9rateur \u2022 Le Grand Huit \u2022 Agence de d\u00e9veloppement du Val-de-Marne \u2022 Invit\u00e9 sp\u00e9cial de l\u2019\u00e9dition 2016 : le Nord-est Parisien \/ CDT93<\/p>\n\n\n\n<p><strong>Le lieu :<\/strong><\/p>\n\n\n\n<p>Le G\u00e9n\u00e9rateur \u00e0 Gentilly<\/p>\n\n\n\n<figure class=\"wp-block-image\"><a href=\"https:\/\/www.tourisme-valdemarne.com\/espace-pro\/wp-content\/uploads\/sites\/3\/2019\/05\/le-generateur-gentilly-marine-chaudron.jpg\"><img width=\"1200\" height=\"800\" data-src=\"https:\/\/www.tourisme-valdemarne.com\/espace-pro\/wp-content\/uploads\/sites\/3\/2019\/05\/le-generateur-gentilly-marine-chaudron-1200x800.jpg\" alt=\"generateur gentilly\" class=\"wp-image-3058\" srcset=\"https:\/\/www.tourisme-valdemarne.com\/espace-pro\/wp-content\/uploads\/sites\/3\/2019\/05\/le-generateur-gentilly-marine-chaudron-1200x800.jpg 1200w, https:\/\/www.tourisme-valdemarne.com\/espace-pro\/wp-content\/uploads\/sites\/3\/2019\/05\/le-generateur-gentilly-marine-chaudron-600x400.jpg 600w, https:\/\/www.tourisme-valdemarne.com\/espace-pro\/wp-content\/uploads\/sites\/3\/2019\/05\/le-generateur-gentilly-marine-chaudron-900x600.jpg 900w, https:\/\/www.tourisme-valdemarne.com\/espace-pro\/wp-content\/uploads\/sites\/3\/2019\/05\/le-generateur-gentilly-marine-chaudron-380x253.jpg 380w, https:\/\/www.tourisme-valdemarne.com\/espace-pro\/wp-content\/uploads\/sites\/3\/2019\/05\/le-generateur-gentilly-marine-chaudron-200x133.jpg 200w, https:\/\/www.tourisme-valdemarne.com\/espace-pro\/wp-content\/uploads\/sites\/3\/2019\/05\/le-generateur-gentilly-marine-chaudron.jpg 1600w\" sizes=\"(max-width: 1200px) 100vw, 1200px\" \/><\/a><figcaption>Le G\u00e9n\u00e9rateur \u00a9 Marine Chaudron<\/figcaption><\/figure>\n","protected":false},"excerpt":{"rendered":"<p>Val-de-Marne Tourisme &amp; Loisirs a organis\u00e9 une grande soir\u00e9e networking le jeudi 18 f\u00e9vrier 2016. Ce rendez-vous avait pour objectif de favoriser les rencontres entre professionnels du tourisme d\u2019affaires et clients potentiels, de mettre en relation les agences \u00e9v\u00e8nementielles ainsi que les entreprises de la r\u00e9gion avec les responsables des principaux \u00e9tablissements du Val-de-Marne, en [&hellip;]<\/p>\n","protected":false},"author":1,"featured_media":3058,"parent":154,"menu_order":10,"comment_status":"closed","ping_status":"closed","template":"","meta":{"_relevanssi_hide_post":"","_relevanssi_hide_content":"","_relevanssi_pin_for_all":"","_relevanssi_pin_keywords":"","_relevanssi_unpin_keywords":"","_relevanssi_related_keywords":"","_relevanssi_related_include_ids":"","_relevanssi_related_exclude_ids":"","_relevanssi_related_no_append":"","_relevanssi_related_not_related":"","_relevanssi_related_posts":"","_relevanssi_noindex_reason":"","footnotes":""},"vdmTagMarketing":[],"class_list":["post-197","page","type-page","status-publish","has-post-thumbnail","hentry"],"acf":[],"yoast_head":"<!-- This site is optimized with the Yoast SEO plugin v23.9 - https:\/\/yoast.com\/wordpress\/plugins\/seo\/ -->\n<title>Salons THINK - Espace Pro<\/title>\n<meta name=\"robots\" content=\"index, follow, max-snippet:-1, max-image-preview:large, max-video-preview:-1\" \/>\n<link rel=\"canonical\" href=\"https:\/\/www.tourisme-valdemarne.com\/espace-pro\/seminaires-et-receptions-pro\/eductours-salons\/salons-think\/\" \/>\n<meta property=\"og:locale\" content=\"fr_FR\" \/>\n<meta property=\"og:type\" content=\"article\" \/>\n<meta property=\"og:title\" content=\"Salons THINK - Espace Pro\" \/>\n<meta property=\"og:description\" content=\"Val-de-Marne Tourisme &amp; Loisirs a organis\u00e9 une grande soir\u00e9e networking le jeudi 18 f\u00e9vrier 2016. Ce rendez-vous avait pour objectif de favoriser les rencontres entre professionnels du tourisme d\u2019affaires et clients potentiels, de mettre en relation les agences \u00e9v\u00e8nementielles ainsi que les entreprises de la r\u00e9gion avec les responsables des principaux \u00e9tablissements du Val-de-Marne, en [&hellip;]\" \/>\n<meta property=\"og:url\" content=\"https:\/\/www.tourisme-valdemarne.com\/espace-pro\/seminaires-et-receptions-pro\/eductours-salons\/salons-think\/\" \/>\n<meta property=\"og:site_name\" content=\"Espace Pro\" \/>\n<meta property=\"article:modified_time\" content=\"2019-05-29T14:15:33+00:00\" \/>\n<meta property=\"og:image\" content=\"https:\/\/www.tourisme-valdemarne.com\/espace-pro\/wp-content\/uploads\/sites\/3\/2019\/05\/le-generateur-gentilly-marine-chaudron.jpg\" \/>\n\t<meta property=\"og:image:width\" content=\"1600\" \/>\n\t<meta property=\"og:image:height\" content=\"1067\" \/>\n\t<meta property=\"og:image:type\" content=\"image\/jpeg\" \/>\n<meta name=\"twitter:card\" content=\"summary_large_image\" \/>\n<meta name=\"twitter:label1\" content=\"Dur\u00e9e de lecture estim\u00e9e\" \/>\n\t<meta name=\"twitter:data1\" content=\"2 minutes\" \/>\n<script type=\"application\/ld+json\" class=\"yoast-schema-graph\">{\"@context\":\"https:\/\/schema.org\",\"@graph\":[{\"@type\":\"WebPage\",\"@id\":\"https:\/\/www.tourisme-valdemarne.com\/espace-pro\/seminaires-et-receptions-pro\/eductours-salons\/salons-think\/\",\"url\":\"https:\/\/www.tourisme-valdemarne.com\/espace-pro\/seminaires-et-receptions-pro\/eductours-salons\/salons-think\/\",\"name\":\"Salons THINK - Espace Pro\",\"isPartOf\":{\"@id\":\"https:\/\/www.tourisme-valdemarne.com\/espace-pro\/#website\"},\"primaryImageOfPage\":{\"@id\":\"https:\/\/www.tourisme-valdemarne.com\/espace-pro\/seminaires-et-receptions-pro\/eductours-salons\/salons-think\/#primaryimage\"},\"image\":{\"@id\":\"https:\/\/www.tourisme-valdemarne.com\/espace-pro\/seminaires-et-receptions-pro\/eductours-salons\/salons-think\/#primaryimage\"},\"thumbnailUrl\":\"https:\/\/www.tourisme-valdemarne.com\/espace-pro\/wp-content\/uploads\/sites\/3\/2019\/05\/le-generateur-gentilly-marine-chaudron.jpg\",\"datePublished\":\"2019-04-16T14:19:20+00:00\",\"dateModified\":\"2019-05-29T14:15:33+00:00\",\"breadcrumb\":{\"@id\":\"https:\/\/www.tourisme-valdemarne.com\/espace-pro\/seminaires-et-receptions-pro\/eductours-salons\/salons-think\/#breadcrumb\"},\"inLanguage\":\"fr-FR\",\"potentialAction\":[{\"@type\":\"ReadAction\",\"target\":[\"https:\/\/www.tourisme-valdemarne.com\/espace-pro\/seminaires-et-receptions-pro\/eductours-salons\/salons-think\/\"]}]},{\"@type\":\"ImageObject\",\"inLanguage\":\"fr-FR\",\"@id\":\"https:\/\/www.tourisme-valdemarne.com\/espace-pro\/seminaires-et-receptions-pro\/eductours-salons\/salons-think\/#primaryimage\",\"url\":\"https:\/\/www.tourisme-valdemarne.com\/espace-pro\/wp-content\/uploads\/sites\/3\/2019\/05\/le-generateur-gentilly-marine-chaudron.jpg\",\"contentUrl\":\"https:\/\/www.tourisme-valdemarne.com\/espace-pro\/wp-content\/uploads\/sites\/3\/2019\/05\/le-generateur-gentilly-marine-chaudron.jpg\",\"width\":1600,\"height\":1067,\"caption\":\"Le G\u00e9n\u00e9rateur \u00a9 Marine Chaudron\"},{\"@type\":\"BreadcrumbList\",\"@id\":\"https:\/\/www.tourisme-valdemarne.com\/espace-pro\/seminaires-et-receptions-pro\/eductours-salons\/salons-think\/#breadcrumb\",\"itemListElement\":[{\"@type\":\"ListItem\",\"position\":1,\"name\":\"Accueil\",\"item\":\"https:\/\/www.tourisme-valdemarne.com\/espace-pro\/\"},{\"@type\":\"ListItem\",\"position\":2,\"name\":\"S\u00e9minaires et r\u00e9ceptions Pro\",\"item\":\"https:\/\/www.tourisme-valdemarne.com\/espace-pro\/seminaires-et-receptions-pro\/\"},{\"@type\":\"ListItem\",\"position\":3,\"name\":\"Eductours &#038; Salons\",\"item\":\"https:\/\/www.tourisme-valdemarne.com\/espace-pro\/seminaires-et-receptions-pro\/eductours-salons\/\"},{\"@type\":\"ListItem\",\"position\":4,\"name\":\"Salons THINK\"}]},{\"@type\":\"WebSite\",\"@id\":\"https:\/\/www.tourisme-valdemarne.com\/espace-pro\/#website\",\"url\":\"https:\/\/www.tourisme-valdemarne.com\/espace-pro\/\",\"name\":\"Espace Pro\",\"description\":\"Informations et outils pour les professionnels et la Presse\",\"potentialAction\":[{\"@type\":\"SearchAction\",\"target\":{\"@type\":\"EntryPoint\",\"urlTemplate\":\"https:\/\/www.tourisme-valdemarne.com\/espace-pro\/?s={search_term_string}\"},\"query-input\":{\"@type\":\"PropertyValueSpecification\",\"valueRequired\":true,\"valueName\":\"search_term_string\"}}],\"inLanguage\":\"fr-FR\"}]}<\/script>\n<!-- \/ Yoast SEO plugin. -->","yoast_head_json":{"title":"Salons THINK - Espace Pro","robots":{"index":"index","follow":"follow","max-snippet":"max-snippet:-1","max-image-preview":"max-image-preview:large","max-video-preview":"max-video-preview:-1"},"canonical":"https:\/\/www.tourisme-valdemarne.com\/espace-pro\/seminaires-et-receptions-pro\/eductours-salons\/salons-think\/","og_locale":"fr_FR","og_type":"article","og_title":"Salons THINK - Espace Pro","og_description":"Val-de-Marne Tourisme &amp; Loisirs a organis\u00e9 une grande soir\u00e9e networking le jeudi 18 f\u00e9vrier 2016. Ce rendez-vous avait pour objectif de favoriser les rencontres entre professionnels du tourisme d\u2019affaires et clients potentiels, de mettre en relation les agences \u00e9v\u00e8nementielles ainsi que les entreprises de la r\u00e9gion avec les responsables des principaux \u00e9tablissements du Val-de-Marne, en [&hellip;]","og_url":"https:\/\/www.tourisme-valdemarne.com\/espace-pro\/seminaires-et-receptions-pro\/eductours-salons\/salons-think\/","og_site_name":"Espace Pro","article_modified_time":"2019-05-29T14:15:33+00:00","og_image":[{"width":1600,"height":1067,"url":"https:\/\/www.tourisme-valdemarne.com\/espace-pro\/wp-content\/uploads\/sites\/3\/2019\/05\/le-generateur-gentilly-marine-chaudron.jpg","type":"image\/jpeg"}],"twitter_card":"summary_large_image","twitter_misc":{"Dur\u00e9e de lecture estim\u00e9e":"2 minutes"},"schema":{"@context":"https:\/\/schema.org","@graph":[{"@type":"WebPage","@id":"https:\/\/www.tourisme-valdemarne.com\/espace-pro\/seminaires-et-receptions-pro\/eductours-salons\/salons-think\/","url":"https:\/\/www.tourisme-valdemarne.com\/espace-pro\/seminaires-et-receptions-pro\/eductours-salons\/salons-think\/","name":"Salons THINK - Espace Pro","isPartOf":{"@id":"https:\/\/www.tourisme-valdemarne.com\/espace-pro\/#website"},"primaryImageOfPage":{"@id":"https:\/\/www.tourisme-valdemarne.com\/espace-pro\/seminaires-et-receptions-pro\/eductours-salons\/salons-think\/#primaryimage"},"image":{"@id":"https:\/\/www.tourisme-valdemarne.com\/espace-pro\/seminaires-et-receptions-pro\/eductours-salons\/salons-think\/#primaryimage"},"thumbnailUrl":"https:\/\/www.tourisme-valdemarne.com\/espace-pro\/wp-content\/uploads\/sites\/3\/2019\/05\/le-generateur-gentilly-marine-chaudron.jpg","datePublished":"2019-04-16T14:19:20+00:00","dateModified":"2019-05-29T14:15:33+00:00","breadcrumb":{"@id":"https:\/\/www.tourisme-valdemarne.com\/espace-pro\/seminaires-et-receptions-pro\/eductours-salons\/salons-think\/#breadcrumb"},"inLanguage":"fr-FR","potentialAction":[{"@type":"ReadAction","target":["https:\/\/www.tourisme-valdemarne.com\/espace-pro\/seminaires-et-receptions-pro\/eductours-salons\/salons-think\/"]}]},{"@type":"ImageObject","inLanguage":"fr-FR","@id":"https:\/\/www.tourisme-valdemarne.com\/espace-pro\/seminaires-et-receptions-pro\/eductours-salons\/salons-think\/#primaryimage","url":"https:\/\/www.tourisme-valdemarne.com\/espace-pro\/wp-content\/uploads\/sites\/3\/2019\/05\/le-generateur-gentilly-marine-chaudron.jpg","contentUrl":"https:\/\/www.tourisme-valdemarne.com\/espace-pro\/wp-content\/uploads\/sites\/3\/2019\/05\/le-generateur-gentilly-marine-chaudron.jpg","width":1600,"height":1067,"caption":"Le G\u00e9n\u00e9rateur \u00a9 Marine Chaudron"},{"@type":"BreadcrumbList","@id":"https:\/\/www.tourisme-valdemarne.com\/espace-pro\/seminaires-et-receptions-pro\/eductours-salons\/salons-think\/#breadcrumb","itemListElement":[{"@type":"ListItem","position":1,"name":"Accueil","item":"https:\/\/www.tourisme-valdemarne.com\/espace-pro\/"},{"@type":"ListItem","position":2,"name":"S\u00e9minaires et r\u00e9ceptions Pro","item":"https:\/\/www.tourisme-valdemarne.com\/espace-pro\/seminaires-et-receptions-pro\/"},{"@type":"ListItem","position":3,"name":"Eductours &#038; Salons","item":"https:\/\/www.tourisme-valdemarne.com\/espace-pro\/seminaires-et-receptions-pro\/eductours-salons\/"},{"@type":"ListItem","position":4,"name":"Salons THINK"}]},{"@type":"WebSite","@id":"https:\/\/www.tourisme-valdemarne.com\/espace-pro\/#website","url":"https:\/\/www.tourisme-valdemarne.com\/espace-pro\/","name":"Espace Pro","description":"Informations et outils pour les professionnels et la Presse","potentialAction":[{"@type":"SearchAction","target":{"@type":"EntryPoint","urlTemplate":"https:\/\/www.tourisme-valdemarne.com\/espace-pro\/?s={search_term_string}"},"query-input":{"@type":"PropertyValueSpecification","valueRequired":true,"valueName":"search_term_string"}}],"inLanguage":"fr-FR"}]}},"_links":{"self":[{"href":"https:\/\/www.tourisme-valdemarne.com\/espace-pro\/wp-json\/wp\/v2\/pages\/197","targetHints":{"allow":["GET"]}}],"collection":[{"href":"https:\/\/www.tourisme-valdemarne.com\/espace-pro\/wp-json\/wp\/v2\/pages"}],"about":[{"href":"https:\/\/www.tourisme-valdemarne.com\/espace-pro\/wp-json\/wp\/v2\/types\/page"}],"author":[{"embeddable":true,"href":"https:\/\/www.tourisme-valdemarne.com\/espace-pro\/wp-json\/wp\/v2\/users\/1"}],"replies":[{"embeddable":true,"href":"https:\/\/www.tourisme-valdemarne.com\/espace-pro\/wp-json\/wp\/v2\/comments?post=197"}],"version-history":[{"count":3,"href":"https:\/\/www.tourisme-valdemarne.com\/espace-pro\/wp-json\/wp\/v2\/pages\/197\/revisions"}],"predecessor-version":[{"id":3059,"href":"https:\/\/www.tourisme-valdemarne.com\/espace-pro\/wp-json\/wp\/v2\/pages\/197\/revisions\/3059"}],"up":[{"embeddable":true,"href":"https:\/\/www.tourisme-valdemarne.com\/espace-pro\/wp-json\/wp\/v2\/pages\/154"}],"wp:featuredmedia":[{"embeddable":true,"href":"https:\/\/www.tourisme-valdemarne.com\/espace-pro\/wp-json\/wp\/v2\/media\/3058"}],"wp:attachment":[{"href":"https:\/\/www.tourisme-valdemarne.com\/espace-pro\/wp-json\/wp\/v2\/media?parent=197"}],"wp:term":[{"taxonomy":"vdmTagMarketing","embeddable":true,"href":"https:\/\/www.tourisme-valdemarne.com\/espace-pro\/wp-json\/wp\/v2\/vdmTagMarketing?post=197"}],"curies":[{"name":"wp","href":"https:\/\/api.w.org\/{rel}","templated":true}]}}