{"id":193,"date":"2019-04-16T16:18:47","date_gmt":"2019-04-16T14:18:47","guid":{"rendered":"https:\/\/www.tourisme-valdemarne.com\/espace-pro\/thematiques"},"modified":"2023-02-20T15:06:06","modified_gmt":"2023-02-20T14:06:06","slug":"thematiques","status":"publish","type":"page","link":"https:\/\/www.tourisme-valdemarne.com\/espace-pro\/seminaires-et-receptions-pro\/trouver-le-lieu-ideal-seminaire\/thematiques\/","title":{"rendered":"Les lieux pour organiser un \u00e9v\u00e8nement profesionnel"},"content":{"rendered":"\n<p class=\"is-style-excerpt\">Nous avons s\u00e9lectionn\u00e9 pour vous <strong>les lieux les plus embl\u00e9matiques du Val-de-Marne<\/strong>. Vous pouvez les retrouver ci-dessous sous forme de Top selon la th\u00e9matique que vous souhaitez apporter \u00e0 votre \u00e9v\u00e8nement. Entre <strong>ch\u00e2teau prestigieux et lieu festif<\/strong>, un large choix de site s\u2019offre \u00e0 vous pour <strong>sublimer vos s\u00e9minaires<\/strong>, \u00e9v\u00e8nements professionnels ou bien priv\u00e9s\u2026<\/p>\n","protected":false},"excerpt":{"rendered":"<p>Nous avons s\u00e9lectionn\u00e9 pour vous les lieux les plus embl\u00e9matiques du Val-de-Marne. Vous pouvez les retrouver ci-dessous sous forme de Top selon la th\u00e9matique que vous souhaitez apporter \u00e0 votre \u00e9v\u00e8nement. Entre ch\u00e2teau prestigieux et lieu festif, un large choix de site s\u2019offre \u00e0 vous pour sublimer vos s\u00e9minaires, \u00e9v\u00e8nements professionnels ou bien priv\u00e9s\u2026<\/p>\n","protected":false},"author":1,"featured_media":2852,"parent":191,"menu_order":10,"comment_status":"closed","ping_status":"closed","template":"partials\/template-intermediaire.php","meta":{"_relevanssi_hide_post":"","_relevanssi_hide_content":"","_relevanssi_pin_for_all":"","_relevanssi_pin_keywords":"","_relevanssi_unpin_keywords":"","_relevanssi_related_keywords":"","_relevanssi_related_include_ids":"","_relevanssi_related_exclude_ids":"","_relevanssi_related_no_append":"","_relevanssi_related_not_related":"","_relevanssi_related_posts":"8104,2747,442,8074,2749,8101","_relevanssi_noindex_reason":"","footnotes":""},"vdmTagMarketing":[],"class_list":["post-193","page","type-page","status-publish","has-post-thumbnail","hentry"],"acf":[],"yoast_head":"<!-- This site is optimized with the Yoast SEO plugin v23.9 - https:\/\/yoast.com\/wordpress\/plugins\/seo\/ -->\n<title>Les lieux de r\u00e9ception pour des \u00e9v\u00e8nements professionnels<\/title>\n<meta name=\"description\" content=\"Retrouvez notre s\u00e9lection de lieux pouvant accueillir des \u00e9v\u00e8nements professionnels dans le Val-de-Marne, class\u00e9s par th\u00e9matique.\" \/>\n<meta name=\"robots\" content=\"index, follow, max-snippet:-1, max-image-preview:large, max-video-preview:-1\" \/>\n<link rel=\"canonical\" href=\"https:\/\/www.tourisme-valdemarne.com\/espace-pro\/seminaires-et-receptions-pro\/trouver-le-lieu-ideal-seminaire\/thematiques\/\" \/>\n<meta property=\"og:locale\" content=\"fr_FR\" \/>\n<meta property=\"og:type\" content=\"article\" \/>\n<meta property=\"og:title\" content=\"Les lieux de r\u00e9ception pour des \u00e9v\u00e8nements professionnels\" \/>\n<meta property=\"og:description\" content=\"Retrouvez notre s\u00e9lection de lieux pouvant accueillir des \u00e9v\u00e8nements professionnels dans le Val-de-Marne, class\u00e9s par th\u00e9matique.\" \/>\n<meta property=\"og:url\" content=\"https:\/\/www.tourisme-valdemarne.com\/espace-pro\/seminaires-et-receptions-pro\/trouver-le-lieu-ideal-seminaire\/thematiques\/\" \/>\n<meta property=\"og:site_name\" content=\"Espace Pro\" \/>\n<meta property=\"article:modified_time\" content=\"2023-02-20T14:06:06+00:00\" \/>\n<meta property=\"og:image\" content=\"https:\/\/www.tourisme-valdemarne.com\/espace-pro\/wp-content\/uploads\/sites\/3\/2019\/05\/facade-chateau-grosbois-boissy-saint-leger-cp-cdt94-d-thierry.jpg\" \/>\n\t<meta property=\"og:image:width\" content=\"1600\" \/>\n\t<meta property=\"og:image:height\" content=\"1072\" \/>\n\t<meta property=\"og:image:type\" content=\"image\/jpeg\" \/>\n<meta name=\"twitter:card\" content=\"summary_large_image\" \/>\n<meta name=\"twitter:label1\" content=\"Dur\u00e9e de lecture estim\u00e9e\" \/>\n\t<meta name=\"twitter:data1\" content=\"1 minute\" \/>\n<script type=\"application\/ld+json\" class=\"yoast-schema-graph\">{\"@context\":\"https:\/\/schema.org\",\"@graph\":[{\"@type\":\"WebPage\",\"@id\":\"https:\/\/www.tourisme-valdemarne.com\/espace-pro\/seminaires-et-receptions-pro\/trouver-le-lieu-ideal-seminaire\/thematiques\/\",\"url\":\"https:\/\/www.tourisme-valdemarne.com\/espace-pro\/seminaires-et-receptions-pro\/trouver-le-lieu-ideal-seminaire\/thematiques\/\",\"name\":\"Les lieux de r\u00e9ception pour des \u00e9v\u00e8nements professionnels\",\"isPartOf\":{\"@id\":\"https:\/\/www.tourisme-valdemarne.com\/espace-pro\/#website\"},\"primaryImageOfPage\":{\"@id\":\"https:\/\/www.tourisme-valdemarne.com\/espace-pro\/seminaires-et-receptions-pro\/trouver-le-lieu-ideal-seminaire\/thematiques\/#primaryimage\"},\"image\":{\"@id\":\"https:\/\/www.tourisme-valdemarne.com\/espace-pro\/seminaires-et-receptions-pro\/trouver-le-lieu-ideal-seminaire\/thematiques\/#primaryimage\"},\"thumbnailUrl\":\"https:\/\/www.tourisme-valdemarne.com\/espace-pro\/wp-content\/uploads\/sites\/3\/2019\/05\/facade-chateau-grosbois-boissy-saint-leger-cp-cdt94-d-thierry.jpg\",\"datePublished\":\"2019-04-16T14:18:47+00:00\",\"dateModified\":\"2023-02-20T14:06:06+00:00\",\"description\":\"Retrouvez notre s\u00e9lection de lieux pouvant accueillir des \u00e9v\u00e8nements professionnels dans le Val-de-Marne, class\u00e9s par th\u00e9matique.\",\"breadcrumb\":{\"@id\":\"https:\/\/www.tourisme-valdemarne.com\/espace-pro\/seminaires-et-receptions-pro\/trouver-le-lieu-ideal-seminaire\/thematiques\/#breadcrumb\"},\"inLanguage\":\"fr-FR\",\"potentialAction\":[{\"@type\":\"ReadAction\",\"target\":[\"https:\/\/www.tourisme-valdemarne.com\/espace-pro\/seminaires-et-receptions-pro\/trouver-le-lieu-ideal-seminaire\/thematiques\/\"]}]},{\"@type\":\"ImageObject\",\"inLanguage\":\"fr-FR\",\"@id\":\"https:\/\/www.tourisme-valdemarne.com\/espace-pro\/seminaires-et-receptions-pro\/trouver-le-lieu-ideal-seminaire\/thematiques\/#primaryimage\",\"url\":\"https:\/\/www.tourisme-valdemarne.com\/espace-pro\/wp-content\/uploads\/sites\/3\/2019\/05\/facade-chateau-grosbois-boissy-saint-leger-cp-cdt94-d-thierry.jpg\",\"contentUrl\":\"https:\/\/www.tourisme-valdemarne.com\/espace-pro\/wp-content\/uploads\/sites\/3\/2019\/05\/facade-chateau-grosbois-boissy-saint-leger-cp-cdt94-d-thierry.jpg\",\"width\":1600,\"height\":1072,\"caption\":\"Chateau de Grosbois \u00a9 CDT94\/D.Thierry\"},{\"@type\":\"BreadcrumbList\",\"@id\":\"https:\/\/www.tourisme-valdemarne.com\/espace-pro\/seminaires-et-receptions-pro\/trouver-le-lieu-ideal-seminaire\/thematiques\/#breadcrumb\",\"itemListElement\":[{\"@type\":\"ListItem\",\"position\":1,\"name\":\"Accueil\",\"item\":\"https:\/\/www.tourisme-valdemarne.com\/espace-pro\/\"},{\"@type\":\"ListItem\",\"position\":2,\"name\":\"S\u00e9minaires et r\u00e9ceptions Pro\",\"item\":\"https:\/\/www.tourisme-valdemarne.com\/espace-pro\/seminaires-et-receptions-pro\/\"},{\"@type\":\"ListItem\",\"position\":3,\"name\":\"Trouver le lieu id\u00e9al : 150 lieux de s\u00e9minaires dans le Val-de-Marne\",\"item\":\"https:\/\/www.tourisme-valdemarne.com\/espace-pro\/seminaires-et-receptions-pro\/trouver-le-lieu-ideal-seminaire\/\"},{\"@type\":\"ListItem\",\"position\":4,\"name\":\"Les lieux pour organiser un \u00e9v\u00e8nement profesionnel\"}]},{\"@type\":\"WebSite\",\"@id\":\"https:\/\/www.tourisme-valdemarne.com\/espace-pro\/#website\",\"url\":\"https:\/\/www.tourisme-valdemarne.com\/espace-pro\/\",\"name\":\"Espace Pro\",\"description\":\"Informations et outils pour les professionnels et la Presse\",\"potentialAction\":[{\"@type\":\"SearchAction\",\"target\":{\"@type\":\"EntryPoint\",\"urlTemplate\":\"https:\/\/www.tourisme-valdemarne.com\/espace-pro\/?s={search_term_string}\"},\"query-input\":{\"@type\":\"PropertyValueSpecification\",\"valueRequired\":true,\"valueName\":\"search_term_string\"}}],\"inLanguage\":\"fr-FR\"}]}<\/script>\n<!-- \/ Yoast SEO plugin. -->","yoast_head_json":{"title":"Les lieux de r\u00e9ception pour des \u00e9v\u00e8nements professionnels","description":"Retrouvez notre s\u00e9lection de lieux pouvant accueillir des \u00e9v\u00e8nements professionnels dans le Val-de-Marne, class\u00e9s par th\u00e9matique.","robots":{"index":"index","follow":"follow","max-snippet":"max-snippet:-1","max-image-preview":"max-image-preview:large","max-video-preview":"max-video-preview:-1"},"canonical":"https:\/\/www.tourisme-valdemarne.com\/espace-pro\/seminaires-et-receptions-pro\/trouver-le-lieu-ideal-seminaire\/thematiques\/","og_locale":"fr_FR","og_type":"article","og_title":"Les lieux de r\u00e9ception pour des \u00e9v\u00e8nements professionnels","og_description":"Retrouvez notre s\u00e9lection de lieux pouvant accueillir des \u00e9v\u00e8nements professionnels dans le Val-de-Marne, class\u00e9s par th\u00e9matique.","og_url":"https:\/\/www.tourisme-valdemarne.com\/espace-pro\/seminaires-et-receptions-pro\/trouver-le-lieu-ideal-seminaire\/thematiques\/","og_site_name":"Espace Pro","article_modified_time":"2023-02-20T14:06:06+00:00","og_image":[{"width":1600,"height":1072,"url":"https:\/\/www.tourisme-valdemarne.com\/espace-pro\/wp-content\/uploads\/sites\/3\/2019\/05\/facade-chateau-grosbois-boissy-saint-leger-cp-cdt94-d-thierry.jpg","type":"image\/jpeg"}],"twitter_card":"summary_large_image","twitter_misc":{"Dur\u00e9e de lecture estim\u00e9e":"1 minute"},"schema":{"@context":"https:\/\/schema.org","@graph":[{"@type":"WebPage","@id":"https:\/\/www.tourisme-valdemarne.com\/espace-pro\/seminaires-et-receptions-pro\/trouver-le-lieu-ideal-seminaire\/thematiques\/","url":"https:\/\/www.tourisme-valdemarne.com\/espace-pro\/seminaires-et-receptions-pro\/trouver-le-lieu-ideal-seminaire\/thematiques\/","name":"Les lieux de r\u00e9ception pour des \u00e9v\u00e8nements professionnels","isPartOf":{"@id":"https:\/\/www.tourisme-valdemarne.com\/espace-pro\/#website"},"primaryImageOfPage":{"@id":"https:\/\/www.tourisme-valdemarne.com\/espace-pro\/seminaires-et-receptions-pro\/trouver-le-lieu-ideal-seminaire\/thematiques\/#primaryimage"},"image":{"@id":"https:\/\/www.tourisme-valdemarne.com\/espace-pro\/seminaires-et-receptions-pro\/trouver-le-lieu-ideal-seminaire\/thematiques\/#primaryimage"},"thumbnailUrl":"https:\/\/www.tourisme-valdemarne.com\/espace-pro\/wp-content\/uploads\/sites\/3\/2019\/05\/facade-chateau-grosbois-boissy-saint-leger-cp-cdt94-d-thierry.jpg","datePublished":"2019-04-16T14:18:47+00:00","dateModified":"2023-02-20T14:06:06+00:00","description":"Retrouvez notre s\u00e9lection de lieux pouvant accueillir des \u00e9v\u00e8nements professionnels dans le Val-de-Marne, class\u00e9s par th\u00e9matique.","breadcrumb":{"@id":"https:\/\/www.tourisme-valdemarne.com\/espace-pro\/seminaires-et-receptions-pro\/trouver-le-lieu-ideal-seminaire\/thematiques\/#breadcrumb"},"inLanguage":"fr-FR","potentialAction":[{"@type":"ReadAction","target":["https:\/\/www.tourisme-valdemarne.com\/espace-pro\/seminaires-et-receptions-pro\/trouver-le-lieu-ideal-seminaire\/thematiques\/"]}]},{"@type":"ImageObject","inLanguage":"fr-FR","@id":"https:\/\/www.tourisme-valdemarne.com\/espace-pro\/seminaires-et-receptions-pro\/trouver-le-lieu-ideal-seminaire\/thematiques\/#primaryimage","url":"https:\/\/www.tourisme-valdemarne.com\/espace-pro\/wp-content\/uploads\/sites\/3\/2019\/05\/facade-chateau-grosbois-boissy-saint-leger-cp-cdt94-d-thierry.jpg","contentUrl":"https:\/\/www.tourisme-valdemarne.com\/espace-pro\/wp-content\/uploads\/sites\/3\/2019\/05\/facade-chateau-grosbois-boissy-saint-leger-cp-cdt94-d-thierry.jpg","width":1600,"height":1072,"caption":"Chateau de Grosbois \u00a9 CDT94\/D.Thierry"},{"@type":"BreadcrumbList","@id":"https:\/\/www.tourisme-valdemarne.com\/espace-pro\/seminaires-et-receptions-pro\/trouver-le-lieu-ideal-seminaire\/thematiques\/#breadcrumb","itemListElement":[{"@type":"ListItem","position":1,"name":"Accueil","item":"https:\/\/www.tourisme-valdemarne.com\/espace-pro\/"},{"@type":"ListItem","position":2,"name":"S\u00e9minaires et r\u00e9ceptions Pro","item":"https:\/\/www.tourisme-valdemarne.com\/espace-pro\/seminaires-et-receptions-pro\/"},{"@type":"ListItem","position":3,"name":"Trouver le lieu id\u00e9al : 150 lieux de s\u00e9minaires dans le Val-de-Marne","item":"https:\/\/www.tourisme-valdemarne.com\/espace-pro\/seminaires-et-receptions-pro\/trouver-le-lieu-ideal-seminaire\/"},{"@type":"ListItem","position":4,"name":"Les lieux pour organiser un \u00e9v\u00e8nement profesionnel"}]},{"@type":"WebSite","@id":"https:\/\/www.tourisme-valdemarne.com\/espace-pro\/#website","url":"https:\/\/www.tourisme-valdemarne.com\/espace-pro\/","name":"Espace Pro","description":"Informations et outils pour les professionnels et la Presse","potentialAction":[{"@type":"SearchAction","target":{"@type":"EntryPoint","urlTemplate":"https:\/\/www.tourisme-valdemarne.com\/espace-pro\/?s={search_term_string}"},"query-input":{"@type":"PropertyValueSpecification","valueRequired":true,"valueName":"search_term_string"}}],"inLanguage":"fr-FR"}]}},"_links":{"self":[{"href":"https:\/\/www.tourisme-valdemarne.com\/espace-pro\/wp-json\/wp\/v2\/pages\/193","targetHints":{"allow":["GET"]}}],"collection":[{"href":"https:\/\/www.tourisme-valdemarne.com\/espace-pro\/wp-json\/wp\/v2\/pages"}],"about":[{"href":"https:\/\/www.tourisme-valdemarne.com\/espace-pro\/wp-json\/wp\/v2\/types\/page"}],"author":[{"embeddable":true,"href":"https:\/\/www.tourisme-valdemarne.com\/espace-pro\/wp-json\/wp\/v2\/users\/1"}],"replies":[{"embeddable":true,"href":"https:\/\/www.tourisme-valdemarne.com\/espace-pro\/wp-json\/wp\/v2\/comments?post=193"}],"version-history":[{"count":4,"href":"https:\/\/www.tourisme-valdemarne.com\/espace-pro\/wp-json\/wp\/v2\/pages\/193\/revisions"}],"predecessor-version":[{"id":14349,"href":"https:\/\/www.tourisme-valdemarne.com\/espace-pro\/wp-json\/wp\/v2\/pages\/193\/revisions\/14349"}],"up":[{"embeddable":true,"href":"https:\/\/www.tourisme-valdemarne.com\/espace-pro\/wp-json\/wp\/v2\/pages\/191"}],"wp:featuredmedia":[{"embeddable":true,"href":"https:\/\/www.tourisme-valdemarne.com\/espace-pro\/wp-json\/wp\/v2\/media\/2852"}],"wp:attachment":[{"href":"https:\/\/www.tourisme-valdemarne.com\/espace-pro\/wp-json\/wp\/v2\/media?parent=193"}],"wp:term":[{"taxonomy":"vdmTagMarketing","embeddable":true,"href":"https:\/\/www.tourisme-valdemarne.com\/espace-pro\/wp-json\/wp\/v2\/vdmTagMarketing?post=193"}],"curies":[{"name":"wp","href":"https:\/\/api.w.org\/{rel}","templated":true}]}}