{"id":191,"date":"2019-04-16T16:18:27","date_gmt":"2019-04-16T14:18:27","guid":{"rendered":"https:\/\/www.tourisme-valdemarne.com\/espace-pro\/trouver-le-lieu-ideal"},"modified":"2024-03-11T14:31:38","modified_gmt":"2024-03-11T13:31:38","slug":"trouver-le-lieu-ideal-seminaire","status":"publish","type":"page","link":"https:\/\/www.tourisme-valdemarne.com\/espace-pro\/seminaires-et-receptions-pro\/trouver-le-lieu-ideal-seminaire\/","title":{"rendered":"Trouver le lieu id\u00e9al : 150 lieux de s\u00e9minaires dans le Val-de-Marne"},"content":{"rendered":"\n<p class=\"is-style-excerpt\">Sur cette page, vous trouverez <strong>une liste de lieux de s\u00e9minaires dans le Val-de-Marne<\/strong>. Notre site r\u00e9pertorie environ <strong>150 lieux de s\u00e9minaires<\/strong>. Sur chacune de leur fiche se trouvent les <strong>informations essentielles<\/strong> afin que vous puissiez planifier et organiser votre \u00e9v\u00e8nement d\u2019entreprise. Chacune de nos fiches d\u2019\u00e9tablissement indique la capacit\u00e9 d\u2019accueil, les \u00e9quipements disponibles, les tarifs, les disponibilit\u00e9s ainsi que les diff\u00e9rents types de service propos\u00e9s pour le lieu concern\u00e9.<\/p>\n\n\n\n<p class=\"is-style-highlight\">Ne manquez pas \u00e9galement notre <a href=\"https:\/\/www.tourisme-valdemarne.com\/espace-pro\/seminaires-et-receptions-pro\/trouver-le-lieu-ideal\/thematiques\/\" target=\"_blank\" rel=\"noreferrer noopener\"><strong>s\u00e9lection de lieux par th\u00e9matique<\/strong><\/a><strong>.<\/strong><\/p>\n\n\n\n<p>Nous vous proposons pour vos \u00e9v\u00e8nements une liste des&nbsp;<a href=\"https:\/\/www.tourisme-valdemarne.com\/espace-pro\/seminaires-et-receptions-pro\/trouver-le-lieu-ideal\/traiteurs\/\" target=\"_blank\" rel=\"noreferrer noopener\">traiteurs<\/a>&nbsp;ainsi que pour vos d\u00e9placements toutes les propositions d\u2019<a href=\"https:\/\/www.tourisme-valdemarne.com\/espace-pro\/seminaires-et-receptions-pro\/trouver-le-lieu-ideal\/hebergements\/\" target=\"_blank\" rel=\"noreferrer noopener\">h\u00e9bergements<\/a>&nbsp;et de&nbsp;<a href=\"https:\/\/www.tourisme-valdemarne.com\/espace-pro\/seminaires-et-receptions-pro\/trouver-le-lieu-ideal\/restaurants\/\" target=\"_blank\" rel=\"noreferrer noopener\">restaurants<\/a>.<\/p>\n\n\n\n<p>N\u2019h\u00e9sitez pas \u00e0 b\u00e9n\u00e9ficier de nos conseil personnalis\u00e9 en contactant le service Affaires au 01 55 09 30 72 ou&nbsp;<a rel=\"noreferrer noopener\" href=\"https:\/\/web.archive.org\/web\/20200918112626\/mailto:a&#102;&#102;&#97;&#105;&#114;&#101;&#115;&#64;&#116;ou&#114;&#105;&#115;me&#45;&#118;al&#100;em&#97;r&#110;e.&#99;&#111;m\" target=\"_blank\">par mail<\/a>. Nous nous ferons un&nbsp;<strong>plaisir de vous venir en aide<\/strong>&nbsp;et de mettre \u00e0 votre disposition notre connaissance du territoire.<\/p>\n","protected":false},"excerpt":{"rendered":"<p>Sur cette page, vous trouverez une liste de lieux de s\u00e9minaires dans le Val-de-Marne. Notre site r\u00e9pertorie environ 150 lieux de s\u00e9minaires. Sur chacune de leur fiche se trouvent les informations essentielles afin que vous puissiez planifier et organiser votre \u00e9v\u00e8nement d\u2019entreprise. Chacune de nos fiches d\u2019\u00e9tablissement indique la capacit\u00e9 d\u2019accueil, les \u00e9quipements disponibles, les [&hellip;]<\/p>\n","protected":false},"author":1,"featured_media":2925,"parent":15,"menu_order":0,"comment_status":"closed","ping_status":"closed","template":"partials\/template-sit.php","meta":{"_relevanssi_hide_post":"","_relevanssi_hide_content":"","_relevanssi_pin_for_all":"","_relevanssi_pin_keywords":"","_relevanssi_unpin_keywords":"","_relevanssi_related_keywords":"","_relevanssi_related_include_ids":"","_relevanssi_related_exclude_ids":"","_relevanssi_related_no_append":"","_relevanssi_related_not_related":"","_relevanssi_related_posts":"442,8104,446,2749,2751,2741","_relevanssi_noindex_reason":"","footnotes":""},"vdmTagMarketing":[],"class_list":["post-191","page","type-page","status-publish","has-post-thumbnail","hentry"],"acf":[],"yoast_head":"<!-- This site is optimized with the Yoast SEO plugin v23.9 - https:\/\/yoast.com\/wordpress\/plugins\/seo\/ -->\n<title>Organisation de s\u00e9minaire : Trouver le lieu id\u00e9al dans le 94<\/title>\n<meta name=\"description\" content=\"D\u00e9couvrez nos conseils pratiques pour organiser un s\u00e9minaire r\u00e9ussi, ainsi qu&#039;une s\u00e9lection de 150 lieux id\u00e9aux dans le Val-de-Marne.\" \/>\n<meta name=\"robots\" content=\"index, follow, max-snippet:-1, max-image-preview:large, max-video-preview:-1\" \/>\n<link rel=\"canonical\" href=\"https:\/\/www.tourisme-valdemarne.com\/espace-pro\/seminaires-et-receptions-pro\/trouver-le-lieu-ideal-seminaire\/\" \/>\n<meta property=\"og:locale\" content=\"fr_FR\" \/>\n<meta property=\"og:type\" content=\"article\" \/>\n<meta property=\"og:title\" content=\"Organisation de s\u00e9minaire : Trouver le lieu id\u00e9al dans le 94\" \/>\n<meta property=\"og:description\" content=\"D\u00e9couvrez nos conseils pratiques pour organiser un s\u00e9minaire r\u00e9ussi, ainsi qu&#039;une s\u00e9lection de 150 lieux id\u00e9aux dans le Val-de-Marne.\" \/>\n<meta property=\"og:url\" content=\"https:\/\/www.tourisme-valdemarne.com\/espace-pro\/seminaires-et-receptions-pro\/trouver-le-lieu-ideal-seminaire\/\" \/>\n<meta property=\"og:site_name\" content=\"Espace Pro\" \/>\n<meta property=\"article:modified_time\" content=\"2024-03-11T13:31:38+00:00\" \/>\n<meta property=\"og:image\" content=\"https:\/\/www.tourisme-valdemarne.com\/espace-pro\/wp-content\/uploads\/sites\/3\/2019\/05\/huatian-chinagora-cp-cdt.jpg\" \/>\n\t<meta property=\"og:image:width\" content=\"1600\" \/>\n\t<meta property=\"og:image:height\" content=\"1200\" \/>\n\t<meta property=\"og:image:type\" content=\"image\/jpeg\" \/>\n<meta name=\"twitter:card\" content=\"summary_large_image\" \/>\n<meta name=\"twitter:label1\" content=\"Dur\u00e9e de lecture estim\u00e9e\" \/>\n\t<meta name=\"twitter:data1\" content=\"1 minute\" \/>\n<script type=\"application\/ld+json\" class=\"yoast-schema-graph\">{\"@context\":\"https:\/\/schema.org\",\"@graph\":[{\"@type\":\"WebPage\",\"@id\":\"https:\/\/www.tourisme-valdemarne.com\/espace-pro\/seminaires-et-receptions-pro\/trouver-le-lieu-ideal-seminaire\/\",\"url\":\"https:\/\/www.tourisme-valdemarne.com\/espace-pro\/seminaires-et-receptions-pro\/trouver-le-lieu-ideal-seminaire\/\",\"name\":\"Organisation de s\u00e9minaire : Trouver le lieu id\u00e9al dans le 94\",\"isPartOf\":{\"@id\":\"https:\/\/www.tourisme-valdemarne.com\/espace-pro\/#website\"},\"primaryImageOfPage\":{\"@id\":\"https:\/\/www.tourisme-valdemarne.com\/espace-pro\/seminaires-et-receptions-pro\/trouver-le-lieu-ideal-seminaire\/#primaryimage\"},\"image\":{\"@id\":\"https:\/\/www.tourisme-valdemarne.com\/espace-pro\/seminaires-et-receptions-pro\/trouver-le-lieu-ideal-seminaire\/#primaryimage\"},\"thumbnailUrl\":\"https:\/\/www.tourisme-valdemarne.com\/espace-pro\/wp-content\/uploads\/sites\/3\/2019\/05\/huatian-chinagora-cp-cdt.jpg\",\"datePublished\":\"2019-04-16T14:18:27+00:00\",\"dateModified\":\"2024-03-11T13:31:38+00:00\",\"description\":\"D\u00e9couvrez nos conseils pratiques pour organiser un s\u00e9minaire r\u00e9ussi, ainsi qu'une s\u00e9lection de 150 lieux id\u00e9aux dans le Val-de-Marne.\",\"breadcrumb\":{\"@id\":\"https:\/\/www.tourisme-valdemarne.com\/espace-pro\/seminaires-et-receptions-pro\/trouver-le-lieu-ideal-seminaire\/#breadcrumb\"},\"inLanguage\":\"fr-FR\",\"potentialAction\":[{\"@type\":\"ReadAction\",\"target\":[\"https:\/\/www.tourisme-valdemarne.com\/espace-pro\/seminaires-et-receptions-pro\/trouver-le-lieu-ideal-seminaire\/\"]}]},{\"@type\":\"ImageObject\",\"inLanguage\":\"fr-FR\",\"@id\":\"https:\/\/www.tourisme-valdemarne.com\/espace-pro\/seminaires-et-receptions-pro\/trouver-le-lieu-ideal-seminaire\/#primaryimage\",\"url\":\"https:\/\/www.tourisme-valdemarne.com\/espace-pro\/wp-content\/uploads\/sites\/3\/2019\/05\/huatian-chinagora-cp-cdt.jpg\",\"contentUrl\":\"https:\/\/www.tourisme-valdemarne.com\/espace-pro\/wp-content\/uploads\/sites\/3\/2019\/05\/huatian-chinagora-cp-cdt.jpg\",\"width\":1600,\"height\":1200,\"caption\":\"Hotel Restaurant Huatian Chinagora \u00a9 CDT94\"},{\"@type\":\"BreadcrumbList\",\"@id\":\"https:\/\/www.tourisme-valdemarne.com\/espace-pro\/seminaires-et-receptions-pro\/trouver-le-lieu-ideal-seminaire\/#breadcrumb\",\"itemListElement\":[{\"@type\":\"ListItem\",\"position\":1,\"name\":\"Accueil\",\"item\":\"https:\/\/www.tourisme-valdemarne.com\/espace-pro\/\"},{\"@type\":\"ListItem\",\"position\":2,\"name\":\"S\u00e9minaires et r\u00e9ceptions Pro\",\"item\":\"https:\/\/www.tourisme-valdemarne.com\/espace-pro\/seminaires-et-receptions-pro\/\"},{\"@type\":\"ListItem\",\"position\":3,\"name\":\"Trouver le lieu id\u00e9al : 150 lieux de s\u00e9minaires dans le Val-de-Marne\"}]},{\"@type\":\"WebSite\",\"@id\":\"https:\/\/www.tourisme-valdemarne.com\/espace-pro\/#website\",\"url\":\"https:\/\/www.tourisme-valdemarne.com\/espace-pro\/\",\"name\":\"Espace Pro\",\"description\":\"Informations et outils pour les professionnels et la Presse\",\"potentialAction\":[{\"@type\":\"SearchAction\",\"target\":{\"@type\":\"EntryPoint\",\"urlTemplate\":\"https:\/\/www.tourisme-valdemarne.com\/espace-pro\/?s={search_term_string}\"},\"query-input\":{\"@type\":\"PropertyValueSpecification\",\"valueRequired\":true,\"valueName\":\"search_term_string\"}}],\"inLanguage\":\"fr-FR\"}]}<\/script>\n<!-- \/ Yoast SEO plugin. -->","yoast_head_json":{"title":"Organisation de s\u00e9minaire : Trouver le lieu id\u00e9al dans le 94","description":"D\u00e9couvrez nos conseils pratiques pour organiser un s\u00e9minaire r\u00e9ussi, ainsi qu'une s\u00e9lection de 150 lieux id\u00e9aux dans le Val-de-Marne.","robots":{"index":"index","follow":"follow","max-snippet":"max-snippet:-1","max-image-preview":"max-image-preview:large","max-video-preview":"max-video-preview:-1"},"canonical":"https:\/\/www.tourisme-valdemarne.com\/espace-pro\/seminaires-et-receptions-pro\/trouver-le-lieu-ideal-seminaire\/","og_locale":"fr_FR","og_type":"article","og_title":"Organisation de s\u00e9minaire : Trouver le lieu id\u00e9al dans le 94","og_description":"D\u00e9couvrez nos conseils pratiques pour organiser un s\u00e9minaire r\u00e9ussi, ainsi qu'une s\u00e9lection de 150 lieux id\u00e9aux dans le Val-de-Marne.","og_url":"https:\/\/www.tourisme-valdemarne.com\/espace-pro\/seminaires-et-receptions-pro\/trouver-le-lieu-ideal-seminaire\/","og_site_name":"Espace Pro","article_modified_time":"2024-03-11T13:31:38+00:00","og_image":[{"width":1600,"height":1200,"url":"https:\/\/www.tourisme-valdemarne.com\/espace-pro\/wp-content\/uploads\/sites\/3\/2019\/05\/huatian-chinagora-cp-cdt.jpg","type":"image\/jpeg"}],"twitter_card":"summary_large_image","twitter_misc":{"Dur\u00e9e de lecture estim\u00e9e":"1 minute"},"schema":{"@context":"https:\/\/schema.org","@graph":[{"@type":"WebPage","@id":"https:\/\/www.tourisme-valdemarne.com\/espace-pro\/seminaires-et-receptions-pro\/trouver-le-lieu-ideal-seminaire\/","url":"https:\/\/www.tourisme-valdemarne.com\/espace-pro\/seminaires-et-receptions-pro\/trouver-le-lieu-ideal-seminaire\/","name":"Organisation de s\u00e9minaire : Trouver le lieu id\u00e9al dans le 94","isPartOf":{"@id":"https:\/\/www.tourisme-valdemarne.com\/espace-pro\/#website"},"primaryImageOfPage":{"@id":"https:\/\/www.tourisme-valdemarne.com\/espace-pro\/seminaires-et-receptions-pro\/trouver-le-lieu-ideal-seminaire\/#primaryimage"},"image":{"@id":"https:\/\/www.tourisme-valdemarne.com\/espace-pro\/seminaires-et-receptions-pro\/trouver-le-lieu-ideal-seminaire\/#primaryimage"},"thumbnailUrl":"https:\/\/www.tourisme-valdemarne.com\/espace-pro\/wp-content\/uploads\/sites\/3\/2019\/05\/huatian-chinagora-cp-cdt.jpg","datePublished":"2019-04-16T14:18:27+00:00","dateModified":"2024-03-11T13:31:38+00:00","description":"D\u00e9couvrez nos conseils pratiques pour organiser un s\u00e9minaire r\u00e9ussi, ainsi qu'une s\u00e9lection de 150 lieux id\u00e9aux dans le Val-de-Marne.","breadcrumb":{"@id":"https:\/\/www.tourisme-valdemarne.com\/espace-pro\/seminaires-et-receptions-pro\/trouver-le-lieu-ideal-seminaire\/#breadcrumb"},"inLanguage":"fr-FR","potentialAction":[{"@type":"ReadAction","target":["https:\/\/www.tourisme-valdemarne.com\/espace-pro\/seminaires-et-receptions-pro\/trouver-le-lieu-ideal-seminaire\/"]}]},{"@type":"ImageObject","inLanguage":"fr-FR","@id":"https:\/\/www.tourisme-valdemarne.com\/espace-pro\/seminaires-et-receptions-pro\/trouver-le-lieu-ideal-seminaire\/#primaryimage","url":"https:\/\/www.tourisme-valdemarne.com\/espace-pro\/wp-content\/uploads\/sites\/3\/2019\/05\/huatian-chinagora-cp-cdt.jpg","contentUrl":"https:\/\/www.tourisme-valdemarne.com\/espace-pro\/wp-content\/uploads\/sites\/3\/2019\/05\/huatian-chinagora-cp-cdt.jpg","width":1600,"height":1200,"caption":"Hotel Restaurant Huatian Chinagora \u00a9 CDT94"},{"@type":"BreadcrumbList","@id":"https:\/\/www.tourisme-valdemarne.com\/espace-pro\/seminaires-et-receptions-pro\/trouver-le-lieu-ideal-seminaire\/#breadcrumb","itemListElement":[{"@type":"ListItem","position":1,"name":"Accueil","item":"https:\/\/www.tourisme-valdemarne.com\/espace-pro\/"},{"@type":"ListItem","position":2,"name":"S\u00e9minaires et r\u00e9ceptions Pro","item":"https:\/\/www.tourisme-valdemarne.com\/espace-pro\/seminaires-et-receptions-pro\/"},{"@type":"ListItem","position":3,"name":"Trouver le lieu id\u00e9al : 150 lieux de s\u00e9minaires dans le Val-de-Marne"}]},{"@type":"WebSite","@id":"https:\/\/www.tourisme-valdemarne.com\/espace-pro\/#website","url":"https:\/\/www.tourisme-valdemarne.com\/espace-pro\/","name":"Espace Pro","description":"Informations et outils pour les professionnels et la Presse","potentialAction":[{"@type":"SearchAction","target":{"@type":"EntryPoint","urlTemplate":"https:\/\/www.tourisme-valdemarne.com\/espace-pro\/?s={search_term_string}"},"query-input":{"@type":"PropertyValueSpecification","valueRequired":true,"valueName":"search_term_string"}}],"inLanguage":"fr-FR"}]}},"_links":{"self":[{"href":"https:\/\/www.tourisme-valdemarne.com\/espace-pro\/wp-json\/wp\/v2\/pages\/191","targetHints":{"allow":["GET"]}}],"collection":[{"href":"https:\/\/www.tourisme-valdemarne.com\/espace-pro\/wp-json\/wp\/v2\/pages"}],"about":[{"href":"https:\/\/www.tourisme-valdemarne.com\/espace-pro\/wp-json\/wp\/v2\/types\/page"}],"author":[{"embeddable":true,"href":"https:\/\/www.tourisme-valdemarne.com\/espace-pro\/wp-json\/wp\/v2\/users\/1"}],"replies":[{"embeddable":true,"href":"https:\/\/www.tourisme-valdemarne.com\/espace-pro\/wp-json\/wp\/v2\/comments?post=191"}],"version-history":[{"count":15,"href":"https:\/\/www.tourisme-valdemarne.com\/espace-pro\/wp-json\/wp\/v2\/pages\/191\/revisions"}],"predecessor-version":[{"id":26609,"href":"https:\/\/www.tourisme-valdemarne.com\/espace-pro\/wp-json\/wp\/v2\/pages\/191\/revisions\/26609"}],"up":[{"embeddable":true,"href":"https:\/\/www.tourisme-valdemarne.com\/espace-pro\/wp-json\/wp\/v2\/pages\/15"}],"wp:featuredmedia":[{"embeddable":true,"href":"https:\/\/www.tourisme-valdemarne.com\/espace-pro\/wp-json\/wp\/v2\/media\/2925"}],"wp:attachment":[{"href":"https:\/\/www.tourisme-valdemarne.com\/espace-pro\/wp-json\/wp\/v2\/media?parent=191"}],"wp:term":[{"taxonomy":"vdmTagMarketing","embeddable":true,"href":"https:\/\/www.tourisme-valdemarne.com\/espace-pro\/wp-json\/wp\/v2\/vdmTagMarketing?post=191"}],"curies":[{"name":"wp","href":"https:\/\/api.w.org\/{rel}","templated":true}]}}