{"id":188,"date":"2019-04-16T16:18:09","date_gmt":"2019-04-16T14:18:09","guid":{"rendered":"https:\/\/www.tourisme-valdemarne.com\/espace-pro\/territoires-cles"},"modified":"2019-05-28T11:47:06","modified_gmt":"2019-05-28T09:47:06","slug":"territoires-cles","status":"publish","type":"page","link":"https:\/\/www.tourisme-valdemarne.com\/espace-pro\/seminaires-et-receptions-pro\/atouts-et-territoires-cles\/territoires-cles\/","title":{"rendered":"Territoires cl\u00e9s"},"content":{"rendered":"\n<p class=\"is-style-excerpt\">Plut\u00f4t nature ou patrimoine, plut\u00f4t moderne ou culturel ? Le Val-de-Marne offre des paysages vari\u00e9s allant des bords de Seine, au p\u00f4le \u00e9conomique d\u2019Orly en passant par les diff\u00e9rentes \u00e9tendues vertes du d\u00e9partement. Nous avons recens\u00e9 pour vous les principales destinations val-de-marnaises pour l\u2019organisation de vos \u00e9v\u00e8nements dans le sud-est de Paris.<\/p>\n","protected":false},"excerpt":{"rendered":"<p>Plut\u00f4t nature ou patrimoine, plut\u00f4t moderne ou culturel ? Le Val-de-Marne offre des paysages vari\u00e9s allant des bords de Seine, au p\u00f4le \u00e9conomique d\u2019Orly en passant par les diff\u00e9rentes \u00e9tendues vertes du d\u00e9partement. Nous avons recens\u00e9 pour vous les principales destinations val-de-marnaises pour l\u2019organisation de vos \u00e9v\u00e8nements dans le sud-est de Paris.<\/p>\n","protected":false},"author":1,"featured_media":814,"parent":148,"menu_order":10,"comment_status":"closed","ping_status":"closed","template":"partials\/template-intermediaire.php","meta":{"_relevanssi_hide_post":"","_relevanssi_hide_content":"","_relevanssi_pin_for_all":"","_relevanssi_pin_keywords":"","_relevanssi_unpin_keywords":"","_relevanssi_related_keywords":"","_relevanssi_related_include_ids":"","_relevanssi_related_exclude_ids":"","_relevanssi_related_no_append":"","_relevanssi_related_not_related":"","_relevanssi_related_posts":"","_relevanssi_noindex_reason":"","footnotes":""},"vdmTagMarketing":[],"class_list":["post-188","page","type-page","status-publish","has-post-thumbnail","hentry"],"acf":[],"yoast_head":"<!-- This site is optimized with the Yoast SEO plugin v23.9 - https:\/\/yoast.com\/wordpress\/plugins\/seo\/ -->\n<title>Territoires cl\u00e9s - Espace Pro<\/title>\n<meta name=\"robots\" content=\"index, follow, max-snippet:-1, max-image-preview:large, max-video-preview:-1\" \/>\n<link rel=\"canonical\" href=\"https:\/\/www.tourisme-valdemarne.com\/espace-pro\/seminaires-et-receptions-pro\/atouts-et-territoires-cles\/territoires-cles\/\" \/>\n<meta property=\"og:locale\" content=\"fr_FR\" \/>\n<meta property=\"og:type\" content=\"article\" \/>\n<meta property=\"og:title\" content=\"Territoires cl\u00e9s - Espace Pro\" \/>\n<meta property=\"og:description\" content=\"Plut\u00f4t nature ou patrimoine, plut\u00f4t moderne ou culturel ? Le Val-de-Marne offre des paysages vari\u00e9s allant des bords de Seine, au p\u00f4le \u00e9conomique d\u2019Orly en passant par les diff\u00e9rentes \u00e9tendues vertes du d\u00e9partement. Nous avons recens\u00e9 pour vous les principales destinations val-de-marnaises pour l\u2019organisation de vos \u00e9v\u00e8nements dans le sud-est de Paris.\" \/>\n<meta property=\"og:url\" content=\"https:\/\/www.tourisme-valdemarne.com\/espace-pro\/seminaires-et-receptions-pro\/atouts-et-territoires-cles\/territoires-cles\/\" \/>\n<meta property=\"og:site_name\" content=\"Espace Pro\" \/>\n<meta property=\"article:modified_time\" content=\"2019-05-28T09:47:06+00:00\" \/>\n<meta property=\"og:image\" content=\"https:\/\/www.tourisme-valdemarne.com\/espace-pro\/wp-content\/uploads\/sites\/3\/2019\/05\/chateaux-vincennes-cp-cdt94-t.guillot.jpg\" \/>\n\t<meta property=\"og:image:width\" content=\"1600\" \/>\n\t<meta property=\"og:image:height\" content=\"900\" \/>\n\t<meta property=\"og:image:type\" content=\"image\/jpeg\" \/>\n<meta name=\"twitter:card\" content=\"summary_large_image\" \/>\n<script type=\"application\/ld+json\" class=\"yoast-schema-graph\">{\"@context\":\"https:\/\/schema.org\",\"@graph\":[{\"@type\":\"WebPage\",\"@id\":\"https:\/\/www.tourisme-valdemarne.com\/espace-pro\/seminaires-et-receptions-pro\/atouts-et-territoires-cles\/territoires-cles\/\",\"url\":\"https:\/\/www.tourisme-valdemarne.com\/espace-pro\/seminaires-et-receptions-pro\/atouts-et-territoires-cles\/territoires-cles\/\",\"name\":\"Territoires cl\u00e9s - Espace Pro\",\"isPartOf\":{\"@id\":\"https:\/\/www.tourisme-valdemarne.com\/espace-pro\/#website\"},\"primaryImageOfPage\":{\"@id\":\"https:\/\/www.tourisme-valdemarne.com\/espace-pro\/seminaires-et-receptions-pro\/atouts-et-territoires-cles\/territoires-cles\/#primaryimage\"},\"image\":{\"@id\":\"https:\/\/www.tourisme-valdemarne.com\/espace-pro\/seminaires-et-receptions-pro\/atouts-et-territoires-cles\/territoires-cles\/#primaryimage\"},\"thumbnailUrl\":\"https:\/\/www.tourisme-valdemarne.com\/espace-pro\/wp-content\/uploads\/sites\/3\/2019\/05\/chateaux-vincennes-cp-cdt94-t.guillot.jpg\",\"datePublished\":\"2019-04-16T14:18:09+00:00\",\"dateModified\":\"2019-05-28T09:47:06+00:00\",\"breadcrumb\":{\"@id\":\"https:\/\/www.tourisme-valdemarne.com\/espace-pro\/seminaires-et-receptions-pro\/atouts-et-territoires-cles\/territoires-cles\/#breadcrumb\"},\"inLanguage\":\"fr-FR\",\"potentialAction\":[{\"@type\":\"ReadAction\",\"target\":[\"https:\/\/www.tourisme-valdemarne.com\/espace-pro\/seminaires-et-receptions-pro\/atouts-et-territoires-cles\/territoires-cles\/\"]}]},{\"@type\":\"ImageObject\",\"inLanguage\":\"fr-FR\",\"@id\":\"https:\/\/www.tourisme-valdemarne.com\/espace-pro\/seminaires-et-receptions-pro\/atouts-et-territoires-cles\/territoires-cles\/#primaryimage\",\"url\":\"https:\/\/www.tourisme-valdemarne.com\/espace-pro\/wp-content\/uploads\/sites\/3\/2019\/05\/chateaux-vincennes-cp-cdt94-t.guillot.jpg\",\"contentUrl\":\"https:\/\/www.tourisme-valdemarne.com\/espace-pro\/wp-content\/uploads\/sites\/3\/2019\/05\/chateaux-vincennes-cp-cdt94-t.guillot.jpg\",\"width\":1600,\"height\":900,\"caption\":\"Ch\u00e2teau de Vincennes\"},{\"@type\":\"BreadcrumbList\",\"@id\":\"https:\/\/www.tourisme-valdemarne.com\/espace-pro\/seminaires-et-receptions-pro\/atouts-et-territoires-cles\/territoires-cles\/#breadcrumb\",\"itemListElement\":[{\"@type\":\"ListItem\",\"position\":1,\"name\":\"Accueil\",\"item\":\"https:\/\/www.tourisme-valdemarne.com\/espace-pro\/\"},{\"@type\":\"ListItem\",\"position\":2,\"name\":\"S\u00e9minaires et r\u00e9ceptions Pro\",\"item\":\"https:\/\/www.tourisme-valdemarne.com\/espace-pro\/seminaires-et-receptions-pro\/\"},{\"@type\":\"ListItem\",\"position\":3,\"name\":\"Atouts et territoires cl\u00e9s du Val-de-Marne\",\"item\":\"https:\/\/www.tourisme-valdemarne.com\/espace-pro\/seminaires-et-receptions-pro\/atouts-et-territoires-cles\/\"},{\"@type\":\"ListItem\",\"position\":4,\"name\":\"Territoires cl\u00e9s\"}]},{\"@type\":\"WebSite\",\"@id\":\"https:\/\/www.tourisme-valdemarne.com\/espace-pro\/#website\",\"url\":\"https:\/\/www.tourisme-valdemarne.com\/espace-pro\/\",\"name\":\"Espace Pro\",\"description\":\"Informations et outils pour les professionnels et la Presse\",\"potentialAction\":[{\"@type\":\"SearchAction\",\"target\":{\"@type\":\"EntryPoint\",\"urlTemplate\":\"https:\/\/www.tourisme-valdemarne.com\/espace-pro\/?s={search_term_string}\"},\"query-input\":{\"@type\":\"PropertyValueSpecification\",\"valueRequired\":true,\"valueName\":\"search_term_string\"}}],\"inLanguage\":\"fr-FR\"}]}<\/script>\n<!-- \/ Yoast SEO plugin. -->","yoast_head_json":{"title":"Territoires cl\u00e9s - Espace Pro","robots":{"index":"index","follow":"follow","max-snippet":"max-snippet:-1","max-image-preview":"max-image-preview:large","max-video-preview":"max-video-preview:-1"},"canonical":"https:\/\/www.tourisme-valdemarne.com\/espace-pro\/seminaires-et-receptions-pro\/atouts-et-territoires-cles\/territoires-cles\/","og_locale":"fr_FR","og_type":"article","og_title":"Territoires cl\u00e9s - Espace Pro","og_description":"Plut\u00f4t nature ou patrimoine, plut\u00f4t moderne ou culturel ? Le Val-de-Marne offre des paysages vari\u00e9s allant des bords de Seine, au p\u00f4le \u00e9conomique d\u2019Orly en passant par les diff\u00e9rentes \u00e9tendues vertes du d\u00e9partement. Nous avons recens\u00e9 pour vous les principales destinations val-de-marnaises pour l\u2019organisation de vos \u00e9v\u00e8nements dans le sud-est de Paris.","og_url":"https:\/\/www.tourisme-valdemarne.com\/espace-pro\/seminaires-et-receptions-pro\/atouts-et-territoires-cles\/territoires-cles\/","og_site_name":"Espace Pro","article_modified_time":"2019-05-28T09:47:06+00:00","og_image":[{"width":1600,"height":900,"url":"https:\/\/www.tourisme-valdemarne.com\/espace-pro\/wp-content\/uploads\/sites\/3\/2019\/05\/chateaux-vincennes-cp-cdt94-t.guillot.jpg","type":"image\/jpeg"}],"twitter_card":"summary_large_image","schema":{"@context":"https:\/\/schema.org","@graph":[{"@type":"WebPage","@id":"https:\/\/www.tourisme-valdemarne.com\/espace-pro\/seminaires-et-receptions-pro\/atouts-et-territoires-cles\/territoires-cles\/","url":"https:\/\/www.tourisme-valdemarne.com\/espace-pro\/seminaires-et-receptions-pro\/atouts-et-territoires-cles\/territoires-cles\/","name":"Territoires cl\u00e9s - Espace Pro","isPartOf":{"@id":"https:\/\/www.tourisme-valdemarne.com\/espace-pro\/#website"},"primaryImageOfPage":{"@id":"https:\/\/www.tourisme-valdemarne.com\/espace-pro\/seminaires-et-receptions-pro\/atouts-et-territoires-cles\/territoires-cles\/#primaryimage"},"image":{"@id":"https:\/\/www.tourisme-valdemarne.com\/espace-pro\/seminaires-et-receptions-pro\/atouts-et-territoires-cles\/territoires-cles\/#primaryimage"},"thumbnailUrl":"https:\/\/www.tourisme-valdemarne.com\/espace-pro\/wp-content\/uploads\/sites\/3\/2019\/05\/chateaux-vincennes-cp-cdt94-t.guillot.jpg","datePublished":"2019-04-16T14:18:09+00:00","dateModified":"2019-05-28T09:47:06+00:00","breadcrumb":{"@id":"https:\/\/www.tourisme-valdemarne.com\/espace-pro\/seminaires-et-receptions-pro\/atouts-et-territoires-cles\/territoires-cles\/#breadcrumb"},"inLanguage":"fr-FR","potentialAction":[{"@type":"ReadAction","target":["https:\/\/www.tourisme-valdemarne.com\/espace-pro\/seminaires-et-receptions-pro\/atouts-et-territoires-cles\/territoires-cles\/"]}]},{"@type":"ImageObject","inLanguage":"fr-FR","@id":"https:\/\/www.tourisme-valdemarne.com\/espace-pro\/seminaires-et-receptions-pro\/atouts-et-territoires-cles\/territoires-cles\/#primaryimage","url":"https:\/\/www.tourisme-valdemarne.com\/espace-pro\/wp-content\/uploads\/sites\/3\/2019\/05\/chateaux-vincennes-cp-cdt94-t.guillot.jpg","contentUrl":"https:\/\/www.tourisme-valdemarne.com\/espace-pro\/wp-content\/uploads\/sites\/3\/2019\/05\/chateaux-vincennes-cp-cdt94-t.guillot.jpg","width":1600,"height":900,"caption":"Ch\u00e2teau de Vincennes"},{"@type":"BreadcrumbList","@id":"https:\/\/www.tourisme-valdemarne.com\/espace-pro\/seminaires-et-receptions-pro\/atouts-et-territoires-cles\/territoires-cles\/#breadcrumb","itemListElement":[{"@type":"ListItem","position":1,"name":"Accueil","item":"https:\/\/www.tourisme-valdemarne.com\/espace-pro\/"},{"@type":"ListItem","position":2,"name":"S\u00e9minaires et r\u00e9ceptions Pro","item":"https:\/\/www.tourisme-valdemarne.com\/espace-pro\/seminaires-et-receptions-pro\/"},{"@type":"ListItem","position":3,"name":"Atouts et territoires cl\u00e9s du Val-de-Marne","item":"https:\/\/www.tourisme-valdemarne.com\/espace-pro\/seminaires-et-receptions-pro\/atouts-et-territoires-cles\/"},{"@type":"ListItem","position":4,"name":"Territoires cl\u00e9s"}]},{"@type":"WebSite","@id":"https:\/\/www.tourisme-valdemarne.com\/espace-pro\/#website","url":"https:\/\/www.tourisme-valdemarne.com\/espace-pro\/","name":"Espace Pro","description":"Informations et outils pour les professionnels et la Presse","potentialAction":[{"@type":"SearchAction","target":{"@type":"EntryPoint","urlTemplate":"https:\/\/www.tourisme-valdemarne.com\/espace-pro\/?s={search_term_string}"},"query-input":{"@type":"PropertyValueSpecification","valueRequired":true,"valueName":"search_term_string"}}],"inLanguage":"fr-FR"}]}},"_links":{"self":[{"href":"https:\/\/www.tourisme-valdemarne.com\/espace-pro\/wp-json\/wp\/v2\/pages\/188","targetHints":{"allow":["GET"]}}],"collection":[{"href":"https:\/\/www.tourisme-valdemarne.com\/espace-pro\/wp-json\/wp\/v2\/pages"}],"about":[{"href":"https:\/\/www.tourisme-valdemarne.com\/espace-pro\/wp-json\/wp\/v2\/types\/page"}],"author":[{"embeddable":true,"href":"https:\/\/www.tourisme-valdemarne.com\/espace-pro\/wp-json\/wp\/v2\/users\/1"}],"replies":[{"embeddable":true,"href":"https:\/\/www.tourisme-valdemarne.com\/espace-pro\/wp-json\/wp\/v2\/comments?post=188"}],"version-history":[{"count":3,"href":"https:\/\/www.tourisme-valdemarne.com\/espace-pro\/wp-json\/wp\/v2\/pages\/188\/revisions"}],"predecessor-version":[{"id":2832,"href":"https:\/\/www.tourisme-valdemarne.com\/espace-pro\/wp-json\/wp\/v2\/pages\/188\/revisions\/2832"}],"up":[{"embeddable":true,"href":"https:\/\/www.tourisme-valdemarne.com\/espace-pro\/wp-json\/wp\/v2\/pages\/148"}],"wp:featuredmedia":[{"embeddable":true,"href":"https:\/\/www.tourisme-valdemarne.com\/espace-pro\/wp-json\/wp\/v2\/media\/814"}],"wp:attachment":[{"href":"https:\/\/www.tourisme-valdemarne.com\/espace-pro\/wp-json\/wp\/v2\/media?parent=188"}],"wp:term":[{"taxonomy":"vdmTagMarketing","embeddable":true,"href":"https:\/\/www.tourisme-valdemarne.com\/espace-pro\/wp-json\/wp\/v2\/vdmTagMarketing?post=188"}],"curies":[{"name":"wp","href":"https:\/\/api.w.org\/{rel}","templated":true}]}}