{"id":186,"date":"2019-04-16T16:17:51","date_gmt":"2019-04-16T14:17:51","guid":{"rendered":"https:\/\/www.tourisme-valdemarne.com\/espace-pro\/atouts"},"modified":"2024-02-08T14:13:42","modified_gmt":"2024-02-08T13:13:42","slug":"atouts","status":"publish","type":"page","link":"https:\/\/www.tourisme-valdemarne.com\/espace-pro\/seminaires-et-receptions-pro\/atouts-et-territoires-cles\/atouts\/","title":{"rendered":"Atouts du Val-de-Marne"},"content":{"rendered":"\n<p class=\"is-style-excerpt\">Nous avons s\u00e9lectionn\u00e9 pour vous les 6 bonnes raisons d\u2019organiser votre \u00e9v\u00e8nement professionnel, s\u00e9minaire ou incentive dans le Val-de-Marne.<\/p>\n\n\n\n<h2 class=\"wp-block-heading\">Une facilit\u00e9 d\u2019acc\u00e8s<\/h2>\n\n\n\n<p>Le d\u00e9partement du Val-de-Marne b\u00e9n\u00e9ficie d\u2019une situation id\u00e9ale. <strong>A proximit\u00e9 imm\u00e9diate de Paris<\/strong>, au-del\u00e0 du p\u00e9riph\u00e9rique, le territoire est desservi par :<\/p>\n\n\n\n<ul class=\"wp-block-list\"><li>4 autoroutes (A4, A86, Francilienne et A6)<\/li><li>5 lignes de RER (A, B, C, D et E)<\/li><li>3 lignes de m\u00e9tro (1, 7 et 8)<\/li><li>Le Trans-Val-de-Marne (TVM)<\/li><li>L\u2019a\u00e9roport international de Paris-Orly : deuxi\u00e8me a\u00e9roport fran\u00e7ais, il assure des connexions dans le monde entier et dessert plus de 300 destinations. Chaque ann\u00e9e, plus de 30 millions de passagers y sont accueilli.<\/li><\/ul>\n\n\n\n<p>En pleine mutation dans le cadre de la m\u00e9tropole du Grand Paris, le d\u00e9partement va conna\u00eetre quelques changements dans les ann\u00e9es \u00e0 venir avec notamment l\u2019arriv\u00e9e de deux lignes du Grand Paris Express, la ligne 15 et le prolongement de la ligne 14 jusqu\u2019\u00e0 l\u2019a\u00e9roport de Paris-Orly. <\/p>\n\n\n\n<h2 class=\"wp-block-heading\">Un territoire comp\u00e9titif<\/h2>\n\n\n\n<p>Le Val-de-Marne poss\u00e8de <strong>plusieurs p\u00f4les d\u2019attractivit\u00e9 \u00e9conomique<\/strong> : Orly-Rungis, Cr\u00e9teil, l\u2019Est parisien, etc. qui disposent chacun d\u2019atouts incontestables pour l\u2019accueil de votre manifestation.<\/p>\n\n\n\n<p>Le d\u00e9partement est \u00e0 la pointe dans 5 fili\u00e8res :<\/p>\n\n\n\n<ul class=\"wp-block-list\"><li>La sant\u00e9<\/li><li>L\u2019agroalimentaire avec le MIN de Rungis<\/li><li>L\u2019image<\/li><li>Les \u00e9co-activit\u00e9s<\/li><li>Les industries financi\u00e8res<\/li><\/ul>\n\n\n\n<p>De grands groupes repr\u00e9sentatifs de ces fili\u00e8res ont \u00e9lu domicile dans le d\u00e9partement.<\/p>\n\n\n\n<h2 class=\"wp-block-heading\">Une offre diversifi\u00e9e<\/h2>\n\n\n\n<p>Les prestataires du tourisme d\u2019affaires en Val-de-Marne sont <strong>tr\u00e8s divers en termes de type d\u2019\u00e9tablissement et de capacit\u00e9 d\u2019accueil<\/strong>. Le d\u00e9partement poss\u00e8de des espaces de congr\u00e8s et d\u2019expositions, des espaces \u00e9v\u00e9nements, des centres d\u2019affaires, des salles de r\u00e9unions, des h\u00f4tels, restaurants, bateaux, etc. Les manifestations de grande ampleur tout comme le petit s\u00e9minaire de quelques personnes peuvent y \u00eatre facilement organis\u00e9s :<\/p>\n\n\n\n<ul class=\"wp-block-list\"><li>environ 168 espaces de r\u00e9union, de s\u00e9minaires ou congr\u00e8s li\u00e9s pour une bonne part \u00e0 l\u2019h\u00f4tellerie et \u00e0 la restauration<\/li><li>3 espaces de congr\u00e8s et d\u2019expositions (Pavillon Baltard, Espace Jean Monnet, les Esseli\u00e8res)<\/li><\/ul>\n\n\n\n<p class=\"is-style-highlight\">Trouvez le lieu de votre prochain \u00e9v\u00e8nement gr\u00e2ce \u00e0 <a href=\"https:\/\/www.tourisme-valdemarne.com\/espace-pro\/seminaires-et-receptions-pro\/trouver-le-lieu-ideal\/\" target=\"_blank\" rel=\"noreferrer noopener\">notre moteur de recherche<\/a>.<\/p>\n\n\n\n<h2 class=\"wp-block-heading\">Un cadre de vie privil\u00e9gi\u00e9<\/h2>\n\n\n\n<p>Le Val-de-Marne offre un confort de vie incomparable \u00e0 proximit\u00e9 de  la capitale, source d\u2019inspiration pour vos activit\u00e9s incentives.  <strong>Profitez de la nature aux portes de Paris<\/strong> :<\/p>\n\n\n\n<ul class=\"wp-block-list\"><li>2 550 hectares de for\u00eat et de surfaces bois\u00e9es<\/li><li>22 parcs d\u00e9partementaux \u00e9quip\u00e9s de lieux d\u2019accueil et d\u2019animation<\/li><li>2 grandes voies d\u2019eau navigable aux bords am\u00e9nag\u00e9s : la Seine et la Marne<\/li><li>60 km de cours d\u2019eau <\/li><\/ul>\n\n\n\n<h2 class=\"wp-block-heading\">Des activit\u00e9s incentives et culturelles<\/h2>\n\n\n\n<p>De nombreuses activit\u00e9s propos\u00e9es en Val-de-Marne peuvent apporter une r\u00e9elle valeur ajout\u00e9e \u00e0 votre \u00e9v\u00e9nement : aviron, golf, croisi\u00e8res, kart, bowling, promenades \u00e9questres, etc.<\/p>\n\n\n\n<p>Le d\u00e9partement dispose \u00e9galement de<strong> sites culturels vari\u00e9s \u00e0 d\u00e9couvrir, du Moyen-Age \u00e0 l\u2019\u00e8re contemporaine<\/strong> : ch\u00e2teaux, demeures, vestiges, sites et mus\u00e9es.<\/p>\n\n\n\n<p class=\"is-style-highlight\"><a href=\"https:\/\/www.tourisme-valdemarne.com\/espace-pro\/seminaires-et-receptions-pro\/team-building\/activites\/\" target=\"_blank\" rel=\"noreferrer noopener\">Consultez les activit\u00e9s incentives.<\/a><\/p>\n\n\n\n<h2 class=\"wp-block-heading\">Les chiffres cl\u00e9s<\/h2>\n\n\n\n<p>Le tourisme d\u2019affaires en Val-de-Marne c\u2019est :<\/p>\n\n\n\n<ul class=\"wp-block-list\"><li>Plus de 150 prestataires<\/li><li>500 manifestations par an<\/li><li>Une capacit\u00e9 d\u2019accueil de 31000 personnes<\/li><li>Plus de 400 h\u00f4tels<\/li><li>Environ 9 500 chambres et 19 200 lits<\/li><\/ul>\n","protected":false},"excerpt":{"rendered":"<p>Nous avons s\u00e9lectionn\u00e9 pour vous les 6 bonnes raisons d\u2019organiser votre \u00e9v\u00e8nement professionnel, s\u00e9minaire ou incentive dans le Val-de-Marne. Une facilit\u00e9 d\u2019acc\u00e8s Le d\u00e9partement du Val-de-Marne b\u00e9n\u00e9ficie d\u2019une situation id\u00e9ale. A proximit\u00e9 imm\u00e9diate de Paris, au-del\u00e0 du p\u00e9riph\u00e9rique, le territoire est desservi par : 4 autoroutes (A4, A86, Francilienne et A6) 5 lignes de RER [&hellip;]<\/p>\n","protected":false},"author":1,"featured_media":883,"parent":148,"menu_order":0,"comment_status":"closed","ping_status":"closed","template":"","meta":{"_relevanssi_hide_post":"","_relevanssi_hide_content":"","_relevanssi_pin_for_all":"","_relevanssi_pin_keywords":"","_relevanssi_unpin_keywords":"","_relevanssi_related_keywords":"","_relevanssi_related_include_ids":"","_relevanssi_related_exclude_ids":"","_relevanssi_related_no_append":"","_relevanssi_related_not_related":"","_relevanssi_related_posts":"444,2741,2749,446,444,8105","_relevanssi_noindex_reason":"","footnotes":""},"vdmTagMarketing":[],"class_list":["post-186","page","type-page","status-publish","has-post-thumbnail","hentry"],"acf":[],"yoast_head":"<!-- This site is optimized with the Yoast SEO plugin v23.9 - https:\/\/yoast.com\/wordpress\/plugins\/seo\/ -->\n<title>Atouts du d\u00e9partement - Espace Pro | Val-de-Marne Tourisme<\/title>\n<meta name=\"description\" content=\"Nous avons s\u00e9lectionn\u00e9 pour vous les 6 bonnes raisons d\u2019organiser votre \u00e9v\u00e8nement professionnel ou s\u00e9minaire dans le Val-de-Marne.\" \/>\n<meta name=\"robots\" content=\"index, follow, max-snippet:-1, max-image-preview:large, max-video-preview:-1\" \/>\n<link rel=\"canonical\" href=\"https:\/\/www.tourisme-valdemarne.com\/espace-pro\/seminaires-et-receptions-pro\/atouts-et-territoires-cles\/atouts\/\" \/>\n<meta property=\"og:locale\" content=\"fr_FR\" \/>\n<meta property=\"og:type\" content=\"article\" \/>\n<meta property=\"og:title\" content=\"Atouts du d\u00e9partement - Espace Pro | Val-de-Marne Tourisme\" \/>\n<meta property=\"og:description\" content=\"Nous avons s\u00e9lectionn\u00e9 pour vous les 6 bonnes raisons d\u2019organiser votre \u00e9v\u00e8nement professionnel ou s\u00e9minaire dans le Val-de-Marne.\" \/>\n<meta property=\"og:url\" content=\"https:\/\/www.tourisme-valdemarne.com\/espace-pro\/seminaires-et-receptions-pro\/atouts-et-territoires-cles\/atouts\/\" \/>\n<meta property=\"og:site_name\" content=\"Espace Pro\" \/>\n<meta property=\"article:modified_time\" content=\"2024-02-08T13:13:42+00:00\" \/>\n<meta property=\"og:image\" content=\"https:\/\/www.tourisme-valdemarne.com\/espace-pro\/wp-content\/uploads\/sites\/3\/2019\/05\/aviron-marne-joinville-cp-cdt94-m.boisse.jpg\" \/>\n\t<meta property=\"og:image:width\" content=\"1600\" \/>\n\t<meta property=\"og:image:height\" content=\"900\" \/>\n\t<meta property=\"og:image:type\" content=\"image\/jpeg\" \/>\n<meta name=\"twitter:card\" content=\"summary_large_image\" \/>\n<meta name=\"twitter:label1\" content=\"Dur\u00e9e de lecture estim\u00e9e\" \/>\n\t<meta name=\"twitter:data1\" content=\"3 minutes\" \/>\n<script type=\"application\/ld+json\" class=\"yoast-schema-graph\">{\"@context\":\"https:\/\/schema.org\",\"@graph\":[{\"@type\":\"WebPage\",\"@id\":\"https:\/\/www.tourisme-valdemarne.com\/espace-pro\/seminaires-et-receptions-pro\/atouts-et-territoires-cles\/atouts\/\",\"url\":\"https:\/\/www.tourisme-valdemarne.com\/espace-pro\/seminaires-et-receptions-pro\/atouts-et-territoires-cles\/atouts\/\",\"name\":\"Atouts du d\u00e9partement - Espace Pro | Val-de-Marne Tourisme\",\"isPartOf\":{\"@id\":\"https:\/\/www.tourisme-valdemarne.com\/espace-pro\/#website\"},\"primaryImageOfPage\":{\"@id\":\"https:\/\/www.tourisme-valdemarne.com\/espace-pro\/seminaires-et-receptions-pro\/atouts-et-territoires-cles\/atouts\/#primaryimage\"},\"image\":{\"@id\":\"https:\/\/www.tourisme-valdemarne.com\/espace-pro\/seminaires-et-receptions-pro\/atouts-et-territoires-cles\/atouts\/#primaryimage\"},\"thumbnailUrl\":\"https:\/\/www.tourisme-valdemarne.com\/espace-pro\/wp-content\/uploads\/sites\/3\/2019\/05\/aviron-marne-joinville-cp-cdt94-m.boisse.jpg\",\"datePublished\":\"2019-04-16T14:17:51+00:00\",\"dateModified\":\"2024-02-08T13:13:42+00:00\",\"description\":\"Nous avons s\u00e9lectionn\u00e9 pour vous les 6 bonnes raisons d\u2019organiser votre \u00e9v\u00e8nement professionnel ou s\u00e9minaire dans le Val-de-Marne.\",\"breadcrumb\":{\"@id\":\"https:\/\/www.tourisme-valdemarne.com\/espace-pro\/seminaires-et-receptions-pro\/atouts-et-territoires-cles\/atouts\/#breadcrumb\"},\"inLanguage\":\"fr-FR\",\"potentialAction\":[{\"@type\":\"ReadAction\",\"target\":[\"https:\/\/www.tourisme-valdemarne.com\/espace-pro\/seminaires-et-receptions-pro\/atouts-et-territoires-cles\/atouts\/\"]}]},{\"@type\":\"ImageObject\",\"inLanguage\":\"fr-FR\",\"@id\":\"https:\/\/www.tourisme-valdemarne.com\/espace-pro\/seminaires-et-receptions-pro\/atouts-et-territoires-cles\/atouts\/#primaryimage\",\"url\":\"https:\/\/www.tourisme-valdemarne.com\/espace-pro\/wp-content\/uploads\/sites\/3\/2019\/05\/aviron-marne-joinville-cp-cdt94-m.boisse.jpg\",\"contentUrl\":\"https:\/\/www.tourisme-valdemarne.com\/espace-pro\/wp-content\/uploads\/sites\/3\/2019\/05\/aviron-marne-joinville-cp-cdt94-m.boisse.jpg\",\"width\":1600,\"height\":900,\"caption\":\"Aviron Marne et Joinville\"},{\"@type\":\"BreadcrumbList\",\"@id\":\"https:\/\/www.tourisme-valdemarne.com\/espace-pro\/seminaires-et-receptions-pro\/atouts-et-territoires-cles\/atouts\/#breadcrumb\",\"itemListElement\":[{\"@type\":\"ListItem\",\"position\":1,\"name\":\"Accueil\",\"item\":\"https:\/\/www.tourisme-valdemarne.com\/espace-pro\/\"},{\"@type\":\"ListItem\",\"position\":2,\"name\":\"S\u00e9minaires et r\u00e9ceptions Pro\",\"item\":\"https:\/\/www.tourisme-valdemarne.com\/espace-pro\/seminaires-et-receptions-pro\/\"},{\"@type\":\"ListItem\",\"position\":3,\"name\":\"Atouts et territoires cl\u00e9s du Val-de-Marne\",\"item\":\"https:\/\/www.tourisme-valdemarne.com\/espace-pro\/seminaires-et-receptions-pro\/atouts-et-territoires-cles\/\"},{\"@type\":\"ListItem\",\"position\":4,\"name\":\"Atouts du Val-de-Marne\"}]},{\"@type\":\"WebSite\",\"@id\":\"https:\/\/www.tourisme-valdemarne.com\/espace-pro\/#website\",\"url\":\"https:\/\/www.tourisme-valdemarne.com\/espace-pro\/\",\"name\":\"Espace Pro\",\"description\":\"Informations et outils pour les professionnels et la Presse\",\"potentialAction\":[{\"@type\":\"SearchAction\",\"target\":{\"@type\":\"EntryPoint\",\"urlTemplate\":\"https:\/\/www.tourisme-valdemarne.com\/espace-pro\/?s={search_term_string}\"},\"query-input\":{\"@type\":\"PropertyValueSpecification\",\"valueRequired\":true,\"valueName\":\"search_term_string\"}}],\"inLanguage\":\"fr-FR\"}]}<\/script>\n<!-- \/ Yoast SEO plugin. -->","yoast_head_json":{"title":"Atouts du d\u00e9partement - Espace Pro | Val-de-Marne Tourisme","description":"Nous avons s\u00e9lectionn\u00e9 pour vous les 6 bonnes raisons d\u2019organiser votre \u00e9v\u00e8nement professionnel ou s\u00e9minaire dans le Val-de-Marne.","robots":{"index":"index","follow":"follow","max-snippet":"max-snippet:-1","max-image-preview":"max-image-preview:large","max-video-preview":"max-video-preview:-1"},"canonical":"https:\/\/www.tourisme-valdemarne.com\/espace-pro\/seminaires-et-receptions-pro\/atouts-et-territoires-cles\/atouts\/","og_locale":"fr_FR","og_type":"article","og_title":"Atouts du d\u00e9partement - Espace Pro | Val-de-Marne Tourisme","og_description":"Nous avons s\u00e9lectionn\u00e9 pour vous les 6 bonnes raisons d\u2019organiser votre \u00e9v\u00e8nement professionnel ou s\u00e9minaire dans le Val-de-Marne.","og_url":"https:\/\/www.tourisme-valdemarne.com\/espace-pro\/seminaires-et-receptions-pro\/atouts-et-territoires-cles\/atouts\/","og_site_name":"Espace Pro","article_modified_time":"2024-02-08T13:13:42+00:00","og_image":[{"width":1600,"height":900,"url":"https:\/\/www.tourisme-valdemarne.com\/espace-pro\/wp-content\/uploads\/sites\/3\/2019\/05\/aviron-marne-joinville-cp-cdt94-m.boisse.jpg","type":"image\/jpeg"}],"twitter_card":"summary_large_image","twitter_misc":{"Dur\u00e9e de lecture estim\u00e9e":"3 minutes"},"schema":{"@context":"https:\/\/schema.org","@graph":[{"@type":"WebPage","@id":"https:\/\/www.tourisme-valdemarne.com\/espace-pro\/seminaires-et-receptions-pro\/atouts-et-territoires-cles\/atouts\/","url":"https:\/\/www.tourisme-valdemarne.com\/espace-pro\/seminaires-et-receptions-pro\/atouts-et-territoires-cles\/atouts\/","name":"Atouts du d\u00e9partement - Espace Pro | Val-de-Marne Tourisme","isPartOf":{"@id":"https:\/\/www.tourisme-valdemarne.com\/espace-pro\/#website"},"primaryImageOfPage":{"@id":"https:\/\/www.tourisme-valdemarne.com\/espace-pro\/seminaires-et-receptions-pro\/atouts-et-territoires-cles\/atouts\/#primaryimage"},"image":{"@id":"https:\/\/www.tourisme-valdemarne.com\/espace-pro\/seminaires-et-receptions-pro\/atouts-et-territoires-cles\/atouts\/#primaryimage"},"thumbnailUrl":"https:\/\/www.tourisme-valdemarne.com\/espace-pro\/wp-content\/uploads\/sites\/3\/2019\/05\/aviron-marne-joinville-cp-cdt94-m.boisse.jpg","datePublished":"2019-04-16T14:17:51+00:00","dateModified":"2024-02-08T13:13:42+00:00","description":"Nous avons s\u00e9lectionn\u00e9 pour vous les 6 bonnes raisons d\u2019organiser votre \u00e9v\u00e8nement professionnel ou s\u00e9minaire dans le Val-de-Marne.","breadcrumb":{"@id":"https:\/\/www.tourisme-valdemarne.com\/espace-pro\/seminaires-et-receptions-pro\/atouts-et-territoires-cles\/atouts\/#breadcrumb"},"inLanguage":"fr-FR","potentialAction":[{"@type":"ReadAction","target":["https:\/\/www.tourisme-valdemarne.com\/espace-pro\/seminaires-et-receptions-pro\/atouts-et-territoires-cles\/atouts\/"]}]},{"@type":"ImageObject","inLanguage":"fr-FR","@id":"https:\/\/www.tourisme-valdemarne.com\/espace-pro\/seminaires-et-receptions-pro\/atouts-et-territoires-cles\/atouts\/#primaryimage","url":"https:\/\/www.tourisme-valdemarne.com\/espace-pro\/wp-content\/uploads\/sites\/3\/2019\/05\/aviron-marne-joinville-cp-cdt94-m.boisse.jpg","contentUrl":"https:\/\/www.tourisme-valdemarne.com\/espace-pro\/wp-content\/uploads\/sites\/3\/2019\/05\/aviron-marne-joinville-cp-cdt94-m.boisse.jpg","width":1600,"height":900,"caption":"Aviron Marne et Joinville"},{"@type":"BreadcrumbList","@id":"https:\/\/www.tourisme-valdemarne.com\/espace-pro\/seminaires-et-receptions-pro\/atouts-et-territoires-cles\/atouts\/#breadcrumb","itemListElement":[{"@type":"ListItem","position":1,"name":"Accueil","item":"https:\/\/www.tourisme-valdemarne.com\/espace-pro\/"},{"@type":"ListItem","position":2,"name":"S\u00e9minaires et r\u00e9ceptions Pro","item":"https:\/\/www.tourisme-valdemarne.com\/espace-pro\/seminaires-et-receptions-pro\/"},{"@type":"ListItem","position":3,"name":"Atouts et territoires cl\u00e9s du Val-de-Marne","item":"https:\/\/www.tourisme-valdemarne.com\/espace-pro\/seminaires-et-receptions-pro\/atouts-et-territoires-cles\/"},{"@type":"ListItem","position":4,"name":"Atouts du Val-de-Marne"}]},{"@type":"WebSite","@id":"https:\/\/www.tourisme-valdemarne.com\/espace-pro\/#website","url":"https:\/\/www.tourisme-valdemarne.com\/espace-pro\/","name":"Espace Pro","description":"Informations et outils pour les professionnels et la Presse","potentialAction":[{"@type":"SearchAction","target":{"@type":"EntryPoint","urlTemplate":"https:\/\/www.tourisme-valdemarne.com\/espace-pro\/?s={search_term_string}"},"query-input":{"@type":"PropertyValueSpecification","valueRequired":true,"valueName":"search_term_string"}}],"inLanguage":"fr-FR"}]}},"_links":{"self":[{"href":"https:\/\/www.tourisme-valdemarne.com\/espace-pro\/wp-json\/wp\/v2\/pages\/186","targetHints":{"allow":["GET"]}}],"collection":[{"href":"https:\/\/www.tourisme-valdemarne.com\/espace-pro\/wp-json\/wp\/v2\/pages"}],"about":[{"href":"https:\/\/www.tourisme-valdemarne.com\/espace-pro\/wp-json\/wp\/v2\/types\/page"}],"author":[{"embeddable":true,"href":"https:\/\/www.tourisme-valdemarne.com\/espace-pro\/wp-json\/wp\/v2\/users\/1"}],"replies":[{"embeddable":true,"href":"https:\/\/www.tourisme-valdemarne.com\/espace-pro\/wp-json\/wp\/v2\/comments?post=186"}],"version-history":[{"count":12,"href":"https:\/\/www.tourisme-valdemarne.com\/espace-pro\/wp-json\/wp\/v2\/pages\/186\/revisions"}],"predecessor-version":[{"id":26255,"href":"https:\/\/www.tourisme-valdemarne.com\/espace-pro\/wp-json\/wp\/v2\/pages\/186\/revisions\/26255"}],"up":[{"embeddable":true,"href":"https:\/\/www.tourisme-valdemarne.com\/espace-pro\/wp-json\/wp\/v2\/pages\/148"}],"wp:featuredmedia":[{"embeddable":true,"href":"https:\/\/www.tourisme-valdemarne.com\/espace-pro\/wp-json\/wp\/v2\/media\/883"}],"wp:attachment":[{"href":"https:\/\/www.tourisme-valdemarne.com\/espace-pro\/wp-json\/wp\/v2\/media?parent=186"}],"wp:term":[{"taxonomy":"vdmTagMarketing","embeddable":true,"href":"https:\/\/www.tourisme-valdemarne.com\/espace-pro\/wp-json\/wp\/v2\/vdmTagMarketing?post=186"}],"curies":[{"name":"wp","href":"https:\/\/api.w.org\/{rel}","templated":true}]}}